{"id":7054,"date":"2018-04-17T14:03:57","date_gmt":"2018-04-17T14:03:57","guid":{"rendered":"https:\/\/old2.wildix.com\/?page_id=7054"},"modified":"2022-09-08T13:07:28","modified_gmt":"2022-09-08T13:07:28","slug":"webrtc-kite","status":"publish","type":"page","link":"https:\/\/old.wildix.com\/de\/webrtc-kite\/","title":{"rendered":"Wildix WebRTC Kite"},"content":{"rendered":"<section class=\"wpb-content-wrapper\">\t\t<div data-elementor-type=\"wp-page\" data-elementor-id=\"7054\" class=\"elementor elementor-7054 elementor-6599\">\n\t\t\t\t\t\t\t\t\t<section data-particle_enable=\"false\" data-particle-mobile-disabled=\"false\" class=\"elementor-section elementor-top-section elementor-element elementor-element-46c197aa elementor-section-boxed elementor-section-height-default elementor-section-height-default\" data-id=\"46c197aa\" data-element_type=\"section\">\n\t\t\t\t\t\t<div class=\"elementor-container elementor-column-gap-default\">\n\t\t\t\t\t<div class=\"elementor-column elementor-col-100 elementor-top-column elementor-element elementor-element-5807394f\" data-id=\"5807394f\" data-element_type=\"column\">\n\t\t\t<div class=\"elementor-widget-wrap elementor-element-populated\">\n\t\t\t\t\t\t\t\t<div class=\"elementor-element elementor-element-b00b679 elementor-widget elementor-widget-html\" data-id=\"b00b679\" data-element_type=\"widget\" data-widget_type=\"html.default\">\n\t\t\t\t<div class=\"elementor-widget-container\">\n\t\t\t[mk_page_section bg_position=\"center center\" video_color_mask=\"#003366\" video_opacity=\"0.9\" min_height=\"250\" full_width=\"true\" padding_top=\"0\" padding_bottom=\"0\" sidebar=\"sidebar-1\" first_page=\"false\" last_page=\"false\"][vc_column][mk_padding_divider size=\"120\" visibility=\"hidden-sm\"][mk_padding_divider size=\"70\" visibility=\"visible-sm\"][mk_fancy_title tag_name=\"h1\" color=\"#ffffff\" size=\"70\" force_font_size=\"true\" size_smallscreen=\"60\" size_tablet=\"50\" size_phone=\"40\" font_weight=\"300\" font_style=\"normal\" txt_transform=\"none\" margin_bottom=\"0\" font_family=\"none\" align=\"center\"]Wildix WebRTC Kite[\/mk_fancy_title][mk_fancy_title tag_name=\"span\" color=\"#ffffff\" size=\"24\" force_font_size=\"true\" size_smallscreen=\"22\" size_tablet=\"22\" size_phone=\"20\" font_weight=\"300\" font_style=\"normal\" txt_transform=\"none\" margin_bottom=\"0\" font_family=\"none\" align=\"center\"]Nutzen Sie die Webseite Ihres Unternehmens, um neue Kunden zu gewinnen[\/mk_fancy_title][mk_padding_divider size=\"30\"][\/vc_column][\/mk_page_section][vc_row fullwidth=\"true\" fullwidth_content=\"false\"][vc_column][mk_padding_divider size=\"70\"][vc_column_text css=\".vc_custom_1569328462725{margin-bottom: 0px !important;}\"]\n<p style=\"text-align: center;\">Wildix Kite ist eine professionelle L\u00f6sung f\u00fcr die WebRTC-basierte\nGesch\u00e4ftskommunikation und erm\u00f6glicht es,\n<strong>Unified Communications-Technologien auf Unternehmenswebseiten einzusetzen.<\/strong><\/p>\n[\/vc_column_text][\/vc_column][\/vc_row][vc_row fullwidth=\"true\" disable_element=\"yes\"][vc_column][mk_image src=\"https:\/\/old.wildix.com\/wp-content\/uploads\/2018\/04\/wildix-collaboration.jpg\" image_size=\"full\" align=\"center\"][\/vc_column][\/vc_row][vc_row][vc_column][vc_row_inner css=\".vc_custom_1523975037512{padding-top: 25px !important;padding-right: 25px !important;padding-bottom: 25px !important;padding-left: 25px !important;}\"][vc_column_inner width=\"1\/2\" css=\".vc_custom_1523976268094{margin: 0px !important;border-width: 0px !important;padding: 0px !important;}\"][vc_column_text css=\".vc_custom_1569328563570{margin-bottom: 0px !important;}\"]Dank Wildix Kite bieten sich den Besuchern der Webseite unz\u00e4hlige M\u00f6glichkeiten, Kontakt zu den Kundenbetreuern des Unternehmens aufzunehmen.[\/vc_column_text][mk_image src=\"https:\/\/old.wildix.com\/wp-content\/uploads\/2018\/04\/kite-functions.jpg\" image_width=\"352\" image_height=\"68\" align=\"center\"][vc_column_text css=\".vc_custom_1569329780809{margin-bottom: 0px !important;}\"]Egal ob <strong>Chat, Sprach- und Videoanruf<\/strong>, <strong>Desktop-Sharing<\/strong> oder <strong>Datei\u00fcbertragung<\/strong> \u2013 alles l\u00e4sst sich mit <strong>nur einem Klick<\/strong> direkt \u00fcber die Webseite starten[\/vc_column_text][\/vc_column_inner][vc_column_inner width=\"1\/2\"][vc_video title=\"VIDEO - WAS IST KITE?\" link=\"https:\/\/youtu.be\/RGiuUdYF6b4\" custom_thumbnail=\"true\" thumbnail_image=\"7838267\"][\/vc_column_inner][\/vc_row_inner][mk_padding_divider size=\"15\"][mk_blockquote font_family=\"none\"]Das Ziel unserer Universita\u0308t ist es, den Studenten moderne und innovative Dienste anzubieten. Mit Kite ko\u0308nnen sich unsere Studenten von zu Hause oder der Bibliothek aus auf unserer Webseite einloggen, Ihre Fakulta\u0308t auswa\u0308hlen und bei den jeweils anwesenden Ansprechpartnern die beno\u0308tigten Informationen einholen.\n<p style=\"text-align: right;\">Emiliano De Rossi,\nverantwortlich fu\u0308r Telefonie und UC - <strong>Universita\u0308t Rom TRE<\/strong> (Italien)\n<a href=\"https:\/\/www.uniroma3.it\/\" target=\"_blank\" rel=\"noopener noreferrer\">www.uniroma3.it<\/a><\/p>\n[\/mk_blockquote][mk_padding_divider size=\"15\"][\/vc_column][\/vc_row][vc_row disable_element=\"yes\"][vc_column][vc_row_inner][vc_column_inner width=\"1\/2\"][vc_column_text css=\".vc_custom_1611942031411{margin-bottom: 0px !important;}\"]\n<p style=\"text-align: center;\"><strong>WebRTC Kite Leistungsmerkmale<\/strong><\/p>\n[\/vc_column_text][vc_video link=\"https:\/\/www.youtube.com\/watch?v=UfZjNqoaEmU\" custom_thumbnail=\"true\" thumbnail_image=\"7838267\"][\/vc_column_inner][vc_column_inner width=\"1\/2\"][vc_column_text css=\".vc_custom_1611942044961{margin-bottom: 0px !important;}\"]\n<p style=\"text-align: center;\"><strong>WebRTC Kite Desktop-Sharing<\/strong><\/p>\n[\/vc_column_text][vc_video link=\"https:\/\/www.youtube.com\/watch?v=TA2rLYx6Iz4\" custom_thumbnail=\"true\" thumbnail_image=\"7838267\"][\/vc_column_inner][\/vc_row_inner][mk_padding_divider size=\"60\"][\/vc_column][\/vc_row][vc_row css=\".vc_custom_1559053498750{margin-top: 0px !important;border-top-width: 0px !important;padding-top: 0px !important;}\"][vc_column][mk_padding_divider size=\"20\"][mk_divider style=\"thin_solid\" thin_color_style=\"gradient_color\" thin_grandient_color_from=\"#3edbd9\" thin_grandient_color_to=\"#5841b8\" thin_gradient_color_angle=\"horizontal\" thin_grandient_color_fallback=\"#3edbd9\" thickness=\"5\" margin_top=\"0\"][\/vc_column][\/vc_row][vc_row css=\".vc_custom_1559053745406{background-color: #ffffff !important;}\"][vc_column width=\"1\/3\"][mk_padding_divider size=\"30\"][mk_button dimension=\"flat\" corner_style=\"rounded\" size=\"medium\" icon=\"mk-jupiter-icon-doc\" icon_anim=\"side\" url=\"https:\/\/wildix.atlassian.net\/wiki\/x\/EBvOAQ\" target=\"_blank\" align=\"center\" fullwidth=\"true\" bg_color=\"#3c72a2\" btn_hover_txt_color=\"#ffffff\"]Dokumentation[\/mk_button][\/vc_column][vc_column width=\"1\/3\"][mk_padding_divider size=\"30\"][mk_button dimension=\"flat\" corner_style=\"rounded\" size=\"medium\" icon=\"mk-jupiter-icon-doc\" icon_anim=\"side\" url=\"https:\/\/old.wildix.com?wpdmdl=7855371&amp;ind=1599118044269\" target=\"_blank\" align=\"center\" fullwidth=\"true\" bg_color=\"#3c72a2\" btn_hover_txt_color=\"#ffffff\"]KITE Brosch\u00fcre[\/mk_button][\/vc_column][vc_column width=\"1\/3\"][mk_padding_divider size=\"30\"][mk_button dimension=\"flat\" corner_style=\"rounded\" size=\"medium\" icon=\"mk-moon-bubble-video-chat\" icon_anim=\"side\" url=\"https:\/\/kite.wildix.com\/ucit\/55\" target=\"_blank\" align=\"center\" fullwidth=\"true\" bg_color=\"#dd3333\" btn_hover_txt_color=\"#ffffff\"]KITE Demo[\/mk_button][mk_padding_divider size=\"30\"][\/vc_column][\/vc_row][vc_row fullwidth=\"true\" fullwidth_content=\"false\" css=\".vc_custom_1523976244079{background-color: #f2f2f2 !important;}\"][vc_column][mk_padding_divider size=\"70\"][vc_column_text css=\".vc_custom_1569330770580{margin-bottom: 0px !important;}\"]\n<h3 style=\"text-align: center;\">VOLLST\u00c4NDIG ANPASSBARES HTML-TEMPLATE<\/h3>\n&nbsp;\n<ul>\n \t<li>Sie entscheiden, <strong>welche Informationen<\/strong> angezeigt werden: pers\u00f6nliches Foto des Mitarbeiters, Anwesenheitsstatus, Aufenthaltsort.<\/li>\n \t<li>Sie k\u00f6nnen auch festlegen, ob Besucher sich autorisieren m\u00fcssen, um auf die Kite-Dienste zugreifen zu k\u00f6nnen.<\/li>\n \t<li>Kite ist vielseitig einsetzbar: eingebettet in die <strong>Kontaktseite<\/strong>, als einfacher <strong>Kontakt-Button<\/strong>, als <strong>Chat- <\/strong>oder <strong>Anruf-Button<\/strong> in der Email-Signatur oder in Form eines Widgets, das st\u00e4ndig ge\u00f6ffnet ist, w\u00e4hrend der Kunde auf der Webseite surft.<\/li>\n<\/ul>\n[\/vc_column_text][mk_padding_divider size=\"50\"][mk_image heading_title=\"KITE-NUTZUNG MIT VORHERIGER AUTORISIERUNG\" src=\"https:\/\/old.wildix.com\/wp-content\/uploads\/2018\/07\/wildix-kite-authorization.jpeg\" image_size=\"full\" lightbox=\"true\" align=\"center\"][mk_custom_list style=\"mk-moon-download-7\" icon_color=\"#dd9933\" margin_bottom=\"60\"]\n<ul>\n \t<li><a href=\"https:\/\/confluence.wildix.com\/x\/4AY8AQ\" target=\"_blank\" rel=\"noopener noreferrer\">Laden Sie sich ein vorbereitetes HTML-Template eines Kontakt-Buttons herunter<\/a><\/li>\n<\/ul>\n[\/mk_custom_list][mk_image heading_title=\"KITE-NUTZUNG OHNE VORHERIGE AUTORISIERUNG\" src=\"https:\/\/old.wildix.com\/wp-content\/uploads\/2018\/07\/kite-no-auth.jpg\" image_size=\"full\" lightbox=\"true\" align=\"center\"][mk_custom_list style=\"mk-moon-link\" icon_color=\"#dd9933\" margin_bottom=\"60\"]<strong>Ich nutze Kite auf meiner Seite. Wie kann ich die Autorisierung deaktivieren?<\/strong>\n<ul>\n \t<li><a href=\"https:\/\/wildix.atlassian.net\/wiki\/x\/EBvOAQ\" target=\"_blank\" rel=\"noopener noreferrer\">Die Antwort darauf finden Sie in der Dokumentation.<\/a><\/li>\n<\/ul>\n[\/mk_custom_list][mk_image heading_title=\"HTML-BASIERTE EMAIL-SIGNATUR MIT INTEGRIERTEM KITE-BUTTON (MIT ODER OHNE AUTORISIERUNG\" src=\"https:\/\/old.wildix.com\/wp-content\/uploads\/2018\/07\/wildix-kite-email-signature.jpeg\" image_size=\"full\" lightbox=\"true\" align=\"center\"][mk_custom_list style=\"mk-moon-link\" icon_color=\"#dd9933\" margin_bottom=\"60\"]\n\n<strong>Ich nutze Kite. Wie kann ich eine solche Email-Signatur erstellen?<\/strong>\n<ul>\n \t<li><a href=\"https:\/\/manuals.wildix.com\/kite\/signature.html\" target=\"_blank\" rel=\"noopener noreferrer\">Folgen Sie dem Link und legen Sie gleich los.<\/a><\/li>\n<\/ul>\n[\/mk_custom_list][mk_image heading_title=\"KITE WIDGET: DAUERHAFTE KONTAKTM\u00d6GLICHKEIT W\u00c4HREND DER BESUCHER DURCH DIE WEBSEITE NAVIGIERT (MIT ODER OHNE AUTORISIERUNG)\" src=\"https:\/\/old.wildix.com\/wp-content\/uploads\/2018\/07\/wildix-kite-website.jpeg\" image_size=\"full\" lightbox=\"true\" align=\"center\"][mk_custom_list style=\"mk-moon-link\" icon_color=\"#dd9933\" margin_bottom=\"60\"]<strong>Ich nutze Kite. Wie kann ich das Widget auf meiner Seite einbinden?<\/strong>\n<ul>\n \t<li><a href=\"https:\/\/kite.wildix.com\/pages\/widget\/\" target=\"_blank\" rel=\"noopener noreferrer\">Ein Klick auf diesen Link gen\u00fcgt, um zu den ben\u00f6tigten Hinweisen zu gelangen.<\/a><\/li>\n<\/ul>\n[\/mk_custom_list][\/vc_column][\/vc_row][vc_row][vc_column][mk_padding_divider size=\"50\"][\/vc_column][\/vc_row][vc_row fullwidth=\"true\" fullwidth_content=\"false\" disable_element=\"yes\" css=\".vc_custom_1532380622127{background-color: #f2f2f2 !important;}\"][vc_column][mk_padding_divider size=\"80\"][vc_column_text css=\".vc_custom_1524112702478{margin-bottom: 0px !important;}\"]\n<h3 style=\"text-align: center;\">UNSERE PARTNER BERICHTEN \u00dcBER KITE<\/h3>\n<p style=\"text-align: center;\">VON DEN: <a href=\"https:\/\/www.facebook.com\/groups\/wildixtechwizards\/\"><strong>Wildix Tech Wizards<\/strong> <\/a><\/p>\n[\/vc_column_text][mk_padding_divider size=\"50\"][mk_gallery images=\"6592,6593\" image_size=\"large\" item_spacing=\"15\" orderby=\"rand\"][mk_padding_divider size=\"50\"][\/vc_column][\/vc_row][vc_row][vc_column][mk_fancy_title size=\"28\" force_font_size=\"true\" size_smallscreen=\"25\" size_tablet=\"25\" size_phone=\"20\" txt_transform=\"uppercase\" margin_top=\"20\" margin_bottom=\"10\" font_family=\"none\"]DIESE FIRMEN KONNTEN DANK KITE BEREITS IHRE UMS\u00c4TZE STEIGERN[\/mk_fancy_title][vc_row_inner][vc_column_inner width=\"1\/2\"][vc_column_text css=\".vc_custom_1532380827535{margin-bottom: 0px !important;}\"]Die <strong>Immobilienfirma MyLeane<\/strong> hat jeweils eine Niederlassung in Thonon-les-Bains am Genfersee und in Burgund (Frankreich). Beides sind wirklich wundervolle Orte.\n\nDie Vertriebsleiter des Unternehmens wollten sicherstellen, dass jeder potentielle Kunde sofort <strong>jegliche Informationen<\/strong> nachfragen kann, die er auf der Webseite nicht findet.\n\nSeit man bei MyLeane die Webseite mit verschiedenen Kite-Funktionalit\u00e4ten aufgepeppt hat, k\u00f6nnen potentielle Interessenten die Kundenberater <strong>direkt<\/strong> von der Webseite aus per <strong>Chat<\/strong>, <strong>Anruf<\/strong> oder <strong>Videochat<\/strong> kontaktieren und sich sogar auf einen virtuellen Geb\u00e4uderundgang begeben.[\/vc_column_text][\/vc_column_inner][vc_column_inner width=\"1\/2\"][mk_image src=\"https:\/\/old.wildix.com\/wp-content\/uploads\/2018\/07\/companies-have-already-increased-their-sales-with-kite.jpg\" image_size=\"full\" align=\"center\" margin_bottom=\"30\"][mk_padding_divider size=\"30\"][\/vc_column_inner][\/vc_row_inner][vc_row_inner][vc_column_inner width=\"1\/2\"][vc_column_text css=\".vc_custom_1532380943672{margin-bottom: 0px !important;}\"]<strong>Agrieuro<\/strong> ist das gr\u00f6\u00dfte italienische Portal f\u00fcr <strong>Landwirtschafts-Gartenbau<\/strong> und <strong>Handwerksger\u00e4te<\/strong>. Das Unternehmen entschied sich f\u00fcr die Einf\u00fchrung des Kite-Dienstes, um seinen Kunden nicht einfach nur ein Kontaktformular anzubieten, sondern stattdessen die M\u00f6glichkeit zur <strong>direkten Kontaktaufnahme<\/strong> mit den einzelnen Mitarbeitern einzur\u00e4umen. Besucher der Homepage k\u00f6nnen vor der Kontaktaufnahme sogar die <strong>bevorzugte Sprache<\/strong> w\u00e4hlen. Die Webseite h\u00e4lt ein Bild von jedem Mitarbeiter (angefangen vom Vertreter bis hin zur Gesch\u00e4ftsf\u00fchrung) bereit, um die Kontaktaufnahme so effizient, einfach und pers\u00f6nlich wie m\u00f6glich zu gestalten.[\/vc_column_text][\/vc_column_inner][vc_column_inner width=\"1\/2\"][mk_image src=\"https:\/\/old.wildix.com\/wp-content\/uploads\/2018\/07\/agrieuro-increase-sales-using-kite.jpg\" image_size=\"full\" align=\"center\" margin_bottom=\"30\"][mk_padding_divider size=\"30\"][\/vc_column_inner][\/vc_row_inner][vc_row_inner][vc_column_inner width=\"1\/2\"][vc_column_text css=\".vc_custom_1532380971705{margin-bottom: 0px !important;}\"]Jedermann wei\u00df, dass Italien das Mutterland von Mode, Design und hochqualitativer Handwerkskunst ist. Die <strong>Tirabasso-Gruppe<\/strong> ist in Europa Marktf\u00fchrer unter den <strong>Hutherstellern<\/strong> und hat sich bei der Modernisierung seiner Webseite daf\u00fcr entschieden, Tradition mit <strong>moderner<\/strong> <strong>Technik<\/strong> zu kombinieren. Der Besucher der Webseite sollte in die Lage versetzt werden, jederzeit und schnell mit den Mitarbeitern des Unternehmens in Kontakt zu treten. Dazu wurde nicht nur ein beim Besuch der Webseite permanent sichtbares <strong>Kite-Widget<\/strong> integriert, sondern auch die Kontaktseite erweitert. Diese bietet jetzt <strong>Direktwahltasten<\/strong> zu den einzelnen Mitarbeitern und informiert sogar in Echtzeit \u00fcber deren <strong>Anwesenheitsstatus<\/strong>.[\/vc_column_text][\/vc_column_inner][vc_column_inner width=\"1\/2\"][mk_image src=\"https:\/\/old.wildix.com\/wp-content\/uploads\/2018\/07\/increase-sales-via-kite.jpg\" image_size=\"full\" align=\"center\" margin_bottom=\"30\"][mk_padding_divider size=\"30\"][\/vc_column_inner][\/vc_row_inner][\/vc_column][\/vc_row][vc_row][vc_column][mk_padding_divider size=\"20\"][\/vc_column][\/vc_row][vc_row fullwidth=\"true\" fullwidth_content=\"false\" css=\".vc_custom_1563980243307{background-color: #003366 !important;}\"][vc_column][mk_padding_divider][vc_row_inner][vc_column_inner width=\"1\/2\"][mk_button dimension=\"flat\" corner_style=\"rounded\" size=\"large\" icon=\"mk-moon-arrow-left\" icon_anim=\"side\" url=\"\/de\/collaboration\/\" align=\"right\" button_custom_width=\"200\" bg_color=\"#dd9933\" btn_hover_txt_color=\"#ffffff\"]Zur\u00fcck[\/mk_button][\/vc_column_inner][vc_column_inner width=\"1\/2\"][mk_button dimension=\"flat\" corner_style=\"rounded\" size=\"large\" icon=\"mk-moon-arrow-right-2\" icon_anim=\"side\" url=\"\/de\/wizyconf-professionelle-videokonferenz\/\" button_custom_width=\"200\" bg_color=\"#dd9933\" btn_hover_txt_color=\"#ffffff\"]Weiter[\/mk_button][\/vc_column_inner][\/vc_row_inner][mk_padding_divider size=\"20\"][\/vc_column][\/vc_row]\t\t<\/div>\n\t\t\t\t<\/div>\n\t\t\t\t\t<\/div>\n\t\t<\/div>\n\t\t\t\t\t\t\t<\/div>\n\t\t<\/section>\n\t\t\t\t\t\t\t<\/div>\n\t\t<\/section>","protected":false},"excerpt":{"rendered":"<p>[mk_page_section bg_position=&#8220;center center&#8220; video_color_mask=&#8220;#003366&#8243; video_opacity=&#8220;0.9&#8243; min_height=&#8220;250&#8243; full_width=&#8220;true&#8220; padding_top=&#8220;0&#8243; padding_bottom=&#8220;0&#8243; sidebar=&#8220;sidebar-1&#8243; first_page=&#8220;false&#8220; last_page=&#8220;false&#8220;][vc_column][mk_padding_divider size=&#8220;120&#8243; visibility=&#8220;hidden-sm&#8220;][mk_padding_divider size=&#8220;70&#8243; visibility=&#8220;visible-sm&#8220;][mk_fancy_title tag_name=&#8220;h1&#8243; color=&#8220;#ffffff&#8220; size=&#8220;70&#8243; force_font_size=&#8220;true&#8220; size_smallscreen=&#8220;60&#8243; size_tablet=&#8220;50&#8243; size_phone=&#8220;40&#8243; font_weight=&#8220;300&#8243; font_style=&#8220;normal&#8220; txt_transform=&#8220;none&#8220; margin_bottom=&#8220;0&#8243; font_family=&#8220;none&#8220; align=&#8220;center&#8220;]Wildix WebRTC Kite[\/mk_fancy_title][mk_fancy_title tag_name=&#8220;span&#8220; color=&#8220;#ffffff&#8220; size=&#8220;24&#8243; force_font_size=&#8220;true&#8220; size_smallscreen=&#8220;22&#8243; size_tablet=&#8220;22&#8243; size_phone=&#8220;20&#8243; font_weight=&#8220;300&#8243; font_style=&#8220;normal&#8220; txt_transform=&#8220;none&#8220; margin_bottom=&#8220;0&#8243; font_family=&#8220;none&#8220; align=&#8220;center&#8220;]Nutzen Sie die Webseite Ihres Unternehmens, um neue Kunden zu gewinnen[\/mk_fancy_title][mk_padding_divider size=&#8220;30&#8243;][\/vc_column][\/mk_page_section][vc_row [&hellip;]<\/p>\n","protected":false},"author":1,"featured_media":0,"parent":0,"menu_order":0,"comment_status":"closed","ping_status":"closed","template":"","meta":{"wpupg_custom_link":[],"wpupg_custom_link_behaviour":["default"],"wpupg_custom_image":[],"wpupg_custom_image_id":[],"footnotes":""},"acf":[],"yoast_head":"<!-- This site is optimized with the Yoast SEO plugin v21.8 - https:\/\/yoast.com\/wordpress\/plugins\/seo\/ -->\n<title>Wildix WebRTC Kite<\/title>\n<meta name=\"description\" content=\"Kite ist eine professionelle L\u00f6sung f\u00fcr die Gesch\u00e4ftskommunikation auf der Basis der WebRTC-Technologie, die Unified Communications auf die Website bringt.\" \/>\n<meta name=\"robots\" content=\"noindex, follow, max-snippet:-1, max-image-preview:large, max-video-preview:-1\" \/>\n<meta property=\"og:locale\" content=\"de_DE\" \/>\n<meta property=\"og:type\" content=\"article\" \/>\n<meta property=\"og:title\" content=\"Wildix WebRTC Kite\" \/>\n<meta property=\"og:description\" content=\"Kite ist eine professionelle L\u00f6sung f\u00fcr die Gesch\u00e4ftskommunikation auf der Basis der WebRTC-Technologie, die Unified Communications auf die Website bringt.\" \/>\n<meta property=\"og:url\" content=\"https:\/\/old.wildix.com\/de\/webrtc-kite\/\" \/>\n<meta property=\"og:site_name\" content=\"Wildix\" \/>\n<meta property=\"article:modified_time\" content=\"2022-09-08T13:07:28+00:00\" \/>\n<meta name=\"twitter:card\" content=\"summary_large_image\" \/>\n<meta name=\"twitter:label1\" content=\"Gesch\u00e4tzte Lesezeit\" \/>\n\t<meta name=\"twitter:data1\" content=\"5 Minuten\" \/>\n<script type=\"application\/ld+json\" class=\"yoast-schema-graph\">{\"@context\":\"https:\/\/schema.org\",\"@graph\":[{\"@type\":\"WebPage\",\"@id\":\"https:\/\/old.wildix.com\/de\/webrtc-kite\/\",\"url\":\"https:\/\/old.wildix.com\/de\/webrtc-kite\/\",\"name\":\"Wildix WebRTC Kite\",\"isPartOf\":{\"@id\":\"https:\/\/old.wildix.com\/#website\"},\"datePublished\":\"2018-04-17T14:03:57+00:00\",\"dateModified\":\"2022-09-08T13:07:28+00:00\",\"description\":\"Kite ist eine professionelle L\u00f6sung f\u00fcr die Gesch\u00e4ftskommunikation auf der Basis der WebRTC-Technologie, die Unified Communications auf die Website bringt.\",\"breadcrumb\":{\"@id\":\"https:\/\/old.wildix.com\/de\/webrtc-kite\/#breadcrumb\"},\"inLanguage\":\"de-DE\",\"potentialAction\":[{\"@type\":\"ReadAction\",\"target\":[\"https:\/\/old.wildix.com\/de\/webrtc-kite\/\"]}]},{\"@type\":\"BreadcrumbList\",\"@id\":\"https:\/\/old.wildix.com\/de\/webrtc-kite\/#breadcrumb\",\"itemListElement\":[{\"@type\":\"ListItem\",\"position\":1,\"name\":\"Home\",\"item\":\"https:\/\/old.wildix.com\/\"},{\"@type\":\"ListItem\",\"position\":2,\"name\":\"Wildix WebRTC Kite\"}]},{\"@type\":\"WebSite\",\"@id\":\"https:\/\/old.wildix.com\/#website\",\"url\":\"https:\/\/old.wildix.com\/\",\"name\":\"Wildix\",\"description\":\"Wildix PBX | VoIP Solutions | Unified Communications | WebRTC\",\"publisher\":{\"@id\":\"https:\/\/old.wildix.com\/#organization\"},\"potentialAction\":[{\"@type\":\"SearchAction\",\"target\":{\"@type\":\"EntryPoint\",\"urlTemplate\":\"https:\/\/old.wildix.com\/?s={search_term_string}\"},\"query-input\":\"required name=search_term_string\"}],\"inLanguage\":\"de-DE\"},{\"@type\":\"Organization\",\"@id\":\"https:\/\/old.wildix.com\/#organization\",\"name\":\"Wildix\",\"url\":\"https:\/\/old.wildix.com\/\",\"logo\":{\"@type\":\"ImageObject\",\"inLanguage\":\"de-DE\",\"@id\":\"https:\/\/old.wildix.com\/#\/schema\/logo\/image\/\",\"url\":\"https:\/\/old.wildix.com\/wp-content\/uploads\/2018\/04\/wildix-logo-2.png\",\"contentUrl\":\"https:\/\/old.wildix.com\/wp-content\/uploads\/2018\/04\/wildix-logo-2.png\",\"width\":440,\"height\":200,\"caption\":\"Wildix\"},\"image\":{\"@id\":\"https:\/\/old.wildix.com\/#\/schema\/logo\/image\/\"}}]}<\/script>\n<!-- \/ Yoast SEO plugin. -->","yoast_head_json":{"title":"Wildix WebRTC Kite","description":"Kite ist eine professionelle L\u00f6sung f\u00fcr die Gesch\u00e4ftskommunikation auf der Basis der WebRTC-Technologie, die Unified Communications auf die Website bringt.","robots":{"index":"noindex","follow":"follow","max-snippet":"max-snippet:-1","max-image-preview":"max-image-preview:large","max-video-preview":"max-video-preview:-1"},"og_locale":"de_DE","og_type":"article","og_title":"Wildix WebRTC Kite","og_description":"Kite ist eine professionelle L\u00f6sung f\u00fcr die Gesch\u00e4ftskommunikation auf der Basis der WebRTC-Technologie, die Unified Communications auf die Website bringt.","og_url":"https:\/\/old.wildix.com\/de\/webrtc-kite\/","og_site_name":"Wildix","article_modified_time":"2022-09-08T13:07:28+00:00","twitter_card":"summary_large_image","twitter_misc":{"Gesch\u00e4tzte Lesezeit":"5 Minuten"},"schema":{"@context":"https:\/\/schema.org","@graph":[{"@type":"WebPage","@id":"https:\/\/old.wildix.com\/de\/webrtc-kite\/","url":"https:\/\/old.wildix.com\/de\/webrtc-kite\/","name":"Wildix WebRTC Kite","isPartOf":{"@id":"https:\/\/old.wildix.com\/#website"},"datePublished":"2018-04-17T14:03:57+00:00","dateModified":"2022-09-08T13:07:28+00:00","description":"Kite ist eine professionelle L\u00f6sung f\u00fcr die Gesch\u00e4ftskommunikation auf der Basis der WebRTC-Technologie, die Unified Communications auf die Website bringt.","breadcrumb":{"@id":"https:\/\/old.wildix.com\/de\/webrtc-kite\/#breadcrumb"},"inLanguage":"de-DE","potentialAction":[{"@type":"ReadAction","target":["https:\/\/old.wildix.com\/de\/webrtc-kite\/"]}]},{"@type":"BreadcrumbList","@id":"https:\/\/old.wildix.com\/de\/webrtc-kite\/#breadcrumb","itemListElement":[{"@type":"ListItem","position":1,"name":"Home","item":"https:\/\/old.wildix.com\/"},{"@type":"ListItem","position":2,"name":"Wildix WebRTC Kite"}]},{"@type":"WebSite","@id":"https:\/\/old.wildix.com\/#website","url":"https:\/\/old.wildix.com\/","name":"Wildix","description":"Wildix PBX | VoIP Solutions | Unified Communications | WebRTC","publisher":{"@id":"https:\/\/old.wildix.com\/#organization"},"potentialAction":[{"@type":"SearchAction","target":{"@type":"EntryPoint","urlTemplate":"https:\/\/old.wildix.com\/?s={search_term_string}"},"query-input":"required name=search_term_string"}],"inLanguage":"de-DE"},{"@type":"Organization","@id":"https:\/\/old.wildix.com\/#organization","name":"Wildix","url":"https:\/\/old.wildix.com\/","logo":{"@type":"ImageObject","inLanguage":"de-DE","@id":"https:\/\/old.wildix.com\/#\/schema\/logo\/image\/","url":"https:\/\/old.wildix.com\/wp-content\/uploads\/2018\/04\/wildix-logo-2.png","contentUrl":"https:\/\/old.wildix.com\/wp-content\/uploads\/2018\/04\/wildix-logo-2.png","width":440,"height":200,"caption":"Wildix"},"image":{"@id":"https:\/\/old.wildix.com\/#\/schema\/logo\/image\/"}}]}},"_links":{"self":[{"href":"https:\/\/old.wildix.com\/de\/wp-json\/wp\/v2\/pages\/7054"}],"collection":[{"href":"https:\/\/old.wildix.com\/de\/wp-json\/wp\/v2\/pages"}],"about":[{"href":"https:\/\/old.wildix.com\/de\/wp-json\/wp\/v2\/types\/page"}],"author":[{"embeddable":true,"href":"https:\/\/old.wildix.com\/de\/wp-json\/wp\/v2\/users\/1"}],"replies":[{"embeddable":true,"href":"https:\/\/old.wildix.com\/de\/wp-json\/wp\/v2\/comments?post=7054"}],"version-history":[{"count":0,"href":"https:\/\/old.wildix.com\/de\/wp-json\/wp\/v2\/pages\/7054\/revisions"}],"wp:attachment":[{"href":"https:\/\/old.wildix.com\/de\/wp-json\/wp\/v2\/media?parent=7054"}],"curies":[{"name":"wp","href":"https:\/\/api.w.org\/{rel}","templated":true}]}}