{"id":7135,"date":"2018-04-18T07:41:05","date_gmt":"2018-04-18T07:41:05","guid":{"rendered":"https:\/\/old2.wildix.com\/?page_id=7135"},"modified":"2022-09-05T11:19:41","modified_gmt":"2022-09-05T11:19:41","slug":"monitoring-reporting","status":"publish","type":"page","link":"https:\/\/old.wildix.com\/de\/monitoring-reporting\/","title":{"rendered":"Monitoring und Reporting"},"content":{"rendered":"<section class=\"wpb-content-wrapper\">[mk_page_section video_color_mask=&#8220;#003366&#8243; video_opacity=&#8220;0.9&#8243; min_height=&#8220;250&#8243; full_width=&#8220;true&#8220; padding_top=&#8220;0&#8243; padding_bottom=&#8220;0&#8243; sidebar=&#8220;sidebar-1&#8243; first_page=&#8220;false&#8220; last_page=&#8220;false&#8220;][vc_column][mk_padding_divider size=&#8220;120&#8243; visibility=&#8220;hidden-sm&#8220;][mk_padding_divider size=&#8220;70&#8243; visibility=&#8220;visible-sm&#8220;][mk_fancy_title tag_name=&#8220;h1&#8243; color=&#8220;#ffffff&#8220; size=&#8220;70&#8243; force_font_size=&#8220;true&#8220; size_smallscreen=&#8220;60&#8243; size_tablet=&#8220;50&#8243; size_phone=&#8220;40&#8243; font_weight=&#8220;300&#8243; font_style=&#8220;normal&#8220; txt_transform=&#8220;none&#8220; margin_bottom=&#8220;0&#8243; font_family=&#8220;none&#8220; align=&#8220;center&#8220;]Monitoring und Reporting[\/mk_fancy_title][mk_fancy_title tag_name=&#8220;span&#8220; color=&#8220;#ffffff&#8220; size=&#8220;24&#8243; force_font_size=&#8220;true&#8220; size_smallscreen=&#8220;22&#8243; size_tablet=&#8220;22&#8243; size_phone=&#8220;20&#8243; font_weight=&#8220;300&#8243; font_style=&#8220;normal&#8220; txt_transform=&#8220;none&#8220; margin_bottom=&#8220;0&#8243; font_family=&#8220;none&#8220; align=&#8220;center&#8220;]Auswertung und Analyse von Anrufaktivit\u00e4ten und -kosten[\/mk_fancy_title][mk_padding_divider size=&#8220;30&#8243;][\/vc_column][\/mk_page_section][vc_row][vc_column][mk_padding_divider size=&#8220;60&#8243;][\/vc_column][\/vc_row][vc_row][vc_column][vc_column_text css=&#8220;.vc_custom_1536737262855{margin-bottom: 0px !important;}&#8220;]\n<h2>MONITORING- UND REPORTING-SOFTWARE F\u00dcR CALL CENTER<\/h2>\n[\/vc_column_text][\/vc_column][\/vc_row][vc_row][vc_column][vc_column_text css=&#8220;.vc_custom_1524126340253{margin-bottom: 0px !important;}&#8220;]Ohne Kontrolle und Analyse gibt es keine Strategie.\u00a0Jede gute\u00a0<strong>Strategie<\/strong>\u00a0setzt\u00a0<strong>Kontrolle<\/strong>\u00a0und\u00a0<strong>Analyse<\/strong>\u00a0voraus.\u00a0Deshalb gibt Wildix Ihnen effiziente Werkzeuge zur Hand, die Ihnen\u00a0<strong>Informationen zur Anrufaktivit\u00e4t<\/strong>\u00a0Ihrer Mitarbeiter liefern.\u00a0So k\u00f6nnen Sie z.B. Rufnummer, Anrufdauer, Anruftyp und Kosten aller eingehenden und abgehenden Anrufe einsehen.[\/vc_column_text][\/vc_column][\/vc_row][vc_row equal_height=&#8220;yes&#8220;][vc_column width=&#8220;1\/2&#8243;][vc_empty_space][vc_video title=&#8220;VIDEO &#8211; CDR-VIEW&#8220; link=&#8220;https:\/\/youtu.be\/rLbUnPO4iH0&#8243; custom_thumbnail=&#8220;true&#8220; thumbnail_image=&#8220;7838267&#8243;][vc_empty_space][\/vc_column][vc_column width=&#8220;1\/2&#8243;][vc_empty_space][vc_column_text css=&#8220;.vc_custom_1524036882635{margin-bottom: 0px !important;}&#8220;]\n<h2>CDR-View<\/h2>\n[\/vc_column_text][vc_column_text css=&#8220;.vc_custom_1524126454228{margin-bottom: 0px !important;}&#8220;]<strong>Auswertung und Analyse<\/strong>\u00a0der internen und externen Anrufaktivit\u00e4ten.<\/p>\n<p><strong>CDR-View<\/strong>\u00a0bietet Informationen zu Rufnummer, Anrufdauer, Anruftyp und Kosten der eingehenden und abgehenden Anrufe anschaulich aufbereitet in Diagrammen und Datentabellen.[\/vc_column_text][vc_column_text css=&#8220;.vc_custom_1524126461022{margin-bottom: 0px !important;}&#8220;]Es unterst\u00fctzt die Gesch\u00e4ftsleitung bei der\u00a0<strong>Analyse bestimmter Ereignisse<\/strong>\u00a0oder des generellen Anrufverhaltens innerhalb des Unternehmens und kann mit seinen Informationen auch strategische Entscheidungen beschleunigen.<\/p>\n<p>Dies alles macht CDR-View zu einer wirklich werthaltigen Investition.[\/vc_column_text][\/vc_column][\/vc_row][vc_row equal_height=&#8220;yes&#8220;][vc_column width=&#8220;1\/2&#8243;][vc_empty_space][vc_video title=&#8220;VIDEO &#8211; CALL CENTER WALLBOARD&#8220; link=&#8220;https:\/\/youtu.be\/6DRQYkZ_QmU&#8220; custom_thumbnail=&#8220;true&#8220; thumbnail_image=&#8220;7838267&#8243;][vc_empty_space][\/vc_column][vc_column width=&#8220;1\/2&#8243;][vc_empty_space][vc_column_text css=&#8220;.vc_custom_1524036908116{margin-bottom: 0px !important;}&#8220;]\n<h2>WILDIX CALL CENTER WALLBOARD<\/h2>\n[\/vc_column_text][vc_column_text css=&#8220;.vc_custom_1524126133542{margin-bottom: 0px !important;}&#8220;]Ein Werkzeug zur\u00a0<strong>Echtzeit-\u00dcberwachung<\/strong>\u00a0des SLA (Service-Level Agreement).<\/p>\n<p>Die Anwendung erm\u00f6glicht es Ihnen, die Aktivit\u00e4t Ihrer Call-Agents zu \u00fcberwachen und liefert Ihnen gleichzeitig SLA-relevante Informationen, mit denen sich die Arbeitsleistung des Call Centers messen l\u00e4sst.[\/vc_column_text][\/vc_column][\/vc_row][vc_row][vc_column][mk_padding_divider size=&#8220;30&#8243;][mk_gallery images=&#8220;7838286,7838287,7838288,7838289&#8243; column=&#8220;4&#8243; height=&#8220;300&#8243; item_spacing=&#8220;5&#8243; margin_bottom=&#8220;0&#8243; orderby=&#8220;post__in&#8220;][mk_padding_divider size=&#8220;30&#8243;][\/vc_column][\/vc_row][vc_row css=&#8220;.vc_custom_1559053498750{margin-top: 0px !important;border-top-width: 0px !important;padding-top: 0px !important;}&#8220;][vc_column][mk_divider style=&#8220;thin_solid&#8220; thin_color_style=&#8220;gradient_color&#8220; thin_grandient_color_from=&#8220;#3edbd9&#8243; thin_grandient_color_to=&#8220;#5841b8&#8243; thin_gradient_color_angle=&#8220;horizontal&#8220; thin_grandient_color_fallback=&#8220;#3edbd9&#8243; thickness=&#8220;5&#8243; margin_top=&#8220;0&#8243;][\/vc_column][\/vc_row][vc_row css=&#8220;.vc_custom_1559053745406{background-color: #ffffff !important;}&#8220;][vc_column width=&#8220;1\/6&#8243;][\/vc_column][vc_column width=&#8220;2\/6&#8243;][mk_padding_divider size=&#8220;30&#8243;][mk_button dimension=&#8220;flat&#8220; corner_style=&#8220;rounded&#8220; size=&#8220;medium&#8220; icon=&#8220;mk-jupiter-icon-doc&#8220; icon_anim=&#8220;side&#8220; url=&#8220;https:\/\/wildix.atlassian.net\/wiki\/x\/3xbOAQ&#8220; target=&#8220;_blank&#8220; align=&#8220;center&#8220; fullwidth=&#8220;true&#8220; bg_color=&#8220;#3c72a2&#8243; btn_hover_txt_color=&#8220;#ffffff&#8220;]CDR-View Dokumentation[\/mk_button][mk_padding_divider size=&#8220;30&#8243;][\/vc_column][vc_column width=&#8220;2\/6&#8243;][mk_padding_divider size=&#8220;30&#8243;][mk_button dimension=&#8220;flat&#8220; corner_style=&#8220;rounded&#8220; size=&#8220;medium&#8220; icon=&#8220;mk-li-rocket&#8220; icon_anim=&#8220;side&#8220; url=&#8220;https:\/\/wildix.atlassian.net\/wiki\/x\/MA-OAQ&#8220; target=&#8220;_blank&#8220; align=&#8220;center&#8220; fullwidth=&#8220;true&#8220; bg_color=&#8220;#3c72a2&#8243; btn_hover_txt_color=&#8220;#ffffff&#8220;]Call Center Wallboard[\/mk_button][mk_padding_divider size=&#8220;30&#8243;][\/vc_column][vc_column width=&#8220;1\/6&#8243;][\/vc_column][\/vc_row][vc_row fullwidth=&#8220;true&#8220; fullwidth_content=&#8220;false&#8220; css=&#8220;.vc_custom_1563980243307{background-color: #003366 !important;}&#8220;][vc_column][mk_padding_divider][vc_row_inner][vc_column_inner width=&#8220;1\/2&#8243;][mk_button dimension=&#8220;flat&#8220; corner_style=&#8220;rounded&#8220; size=&#8220;large&#8220; icon=&#8220;mk-moon-arrow-left&#8220; icon_anim=&#8220;side&#8220; url=&#8220;\/de\/wizywebinar-platform\/&#8220; align=&#8220;right&#8220; button_custom_width=&#8220;200&#8243; bg_color=&#8220;#dd9933&#8243; btn_hover_txt_color=&#8220;#ffffff&#8220;]Zur\u00fcck[\/mk_button][\/vc_column_inner][vc_column_inner width=&#8220;1\/2&#8243;][mk_button dimension=&#8220;flat&#8220; corner_style=&#8220;rounded&#8220; size=&#8220;large&#8220; icon=&#8220;mk-moon-arrow-right-2&#8243; icon_anim=&#8220;side&#8220; url=&#8220;\/de\/acd-stats-x-caracal\/&#8220; button_custom_width=&#8220;200&#8243; bg_color=&#8220;#dd9933&#8243; btn_hover_txt_color=&#8220;#ffffff&#8220;]Weiter[\/mk_button][\/vc_column_inner][\/vc_row_inner][mk_padding_divider size=&#8220;20&#8243;][\/vc_column][\/vc_row]\n<\/section>","protected":false},"excerpt":{"rendered":"<p>[mk_page_section video_color_mask=&#8220;#003366&#8243; video_opacity=&#8220;0.9&#8243; min_height=&#8220;250&#8243; full_width=&#8220;true&#8220; padding_top=&#8220;0&#8243; padding_bottom=&#8220;0&#8243; sidebar=&#8220;sidebar-1&#8243; first_page=&#8220;false&#8220; last_page=&#8220;false&#8220;][vc_column][mk_padding_divider size=&#8220;120&#8243; visibility=&#8220;hidden-sm&#8220;][mk_padding_divider size=&#8220;70&#8243; visibility=&#8220;visible-sm&#8220;][mk_fancy_title tag_name=&#8220;h1&#8243; color=&#8220;#ffffff&#8220; size=&#8220;70&#8243; force_font_size=&#8220;true&#8220; size_smallscreen=&#8220;60&#8243; size_tablet=&#8220;50&#8243; size_phone=&#8220;40&#8243; font_weight=&#8220;300&#8243; font_style=&#8220;normal&#8220; txt_transform=&#8220;none&#8220; margin_bottom=&#8220;0&#8243; font_family=&#8220;none&#8220; align=&#8220;center&#8220;]Monitoring und Reporting[\/mk_fancy_title][mk_fancy_title tag_name=&#8220;span&#8220; color=&#8220;#ffffff&#8220; size=&#8220;24&#8243; force_font_size=&#8220;true&#8220; size_smallscreen=&#8220;22&#8243; size_tablet=&#8220;22&#8243; size_phone=&#8220;20&#8243; font_weight=&#8220;300&#8243; font_style=&#8220;normal&#8220; txt_transform=&#8220;none&#8220; margin_bottom=&#8220;0&#8243; font_family=&#8220;none&#8220; align=&#8220;center&#8220;]Auswertung und Analyse von Anrufaktivit\u00e4ten und -kosten[\/mk_fancy_title][mk_padding_divider size=&#8220;30&#8243;][\/vc_column][\/mk_page_section][vc_row][vc_column][mk_padding_divider size=&#8220;60&#8243;][\/vc_column][\/vc_row][vc_row][vc_column][vc_column_text css=&#8220;.vc_custom_1536737262855{margin-bottom: 0px !important;}&#8220;] MONITORING- UND [&hellip;]<\/p>\n","protected":false},"author":1,"featured_media":0,"parent":0,"menu_order":10,"comment_status":"closed","ping_status":"closed","template":"","meta":{"wpupg_custom_link":[],"wpupg_custom_link_behaviour":["default"],"wpupg_custom_image":[],"wpupg_custom_image_id":[],"footnotes":""},"acf":[],"yoast_head":"<!-- This site is optimized with the Yoast SEO plugin v21.8 - https:\/\/yoast.com\/wordpress\/plugins\/seo\/ -->\n<title>Monitoring und Reporting: Auswertung und Analyse der Anrufaktivit\u00e4ten<\/title>\n<meta name=\"description\" content=\"Monitoring und Reporting: Wildix bietet Werkzeuge, die Sie mit Informationen \u00fcber die Anrufaktivit\u00e4ten der Mitarbeiter versorgen.\" \/>\n<meta name=\"robots\" content=\"noindex, follow, max-snippet:-1, max-image-preview:large, max-video-preview:-1\" \/>\n<meta property=\"og:locale\" content=\"de_DE\" \/>\n<meta property=\"og:type\" content=\"article\" \/>\n<meta property=\"og:title\" content=\"Monitoring und Reporting: Auswertung und Analyse der Anrufaktivit\u00e4ten\" \/>\n<meta property=\"og:description\" content=\"Monitoring und Reporting: Wildix bietet Werkzeuge, die Sie mit Informationen \u00fcber die Anrufaktivit\u00e4ten der Mitarbeiter versorgen.\" \/>\n<meta property=\"og:url\" content=\"https:\/\/old.wildix.com\/de\/monitoring-reporting\/\" \/>\n<meta property=\"og:site_name\" content=\"Wildix\" \/>\n<meta property=\"article:modified_time\" content=\"2022-09-05T11:19:41+00:00\" \/>\n<meta name=\"twitter:card\" content=\"summary_large_image\" \/>\n<meta name=\"twitter:label1\" content=\"Gesch\u00e4tzte Lesezeit\" \/>\n\t<meta name=\"twitter:data1\" content=\"4 Minuten\" \/>\n<script type=\"application\/ld+json\" class=\"yoast-schema-graph\">{\"@context\":\"https:\/\/schema.org\",\"@graph\":[{\"@type\":\"WebPage\",\"@id\":\"https:\/\/old.wildix.com\/de\/monitoring-reporting\/\",\"url\":\"https:\/\/old.wildix.com\/de\/monitoring-reporting\/\",\"name\":\"Monitoring und Reporting: Auswertung und Analyse der Anrufaktivit\u00e4ten\",\"isPartOf\":{\"@id\":\"https:\/\/old.wildix.com\/#website\"},\"datePublished\":\"2018-04-18T07:41:05+00:00\",\"dateModified\":\"2022-09-05T11:19:41+00:00\",\"description\":\"Monitoring und Reporting: Wildix bietet Werkzeuge, die Sie mit Informationen \u00fcber die Anrufaktivit\u00e4ten der Mitarbeiter versorgen.\",\"breadcrumb\":{\"@id\":\"https:\/\/old.wildix.com\/de\/monitoring-reporting\/#breadcrumb\"},\"inLanguage\":\"de-DE\",\"potentialAction\":[{\"@type\":\"ReadAction\",\"target\":[\"https:\/\/old.wildix.com\/de\/monitoring-reporting\/\"]}]},{\"@type\":\"BreadcrumbList\",\"@id\":\"https:\/\/old.wildix.com\/de\/monitoring-reporting\/#breadcrumb\",\"itemListElement\":[{\"@type\":\"ListItem\",\"position\":1,\"name\":\"Home\",\"item\":\"https:\/\/old.wildix.com\/\"},{\"@type\":\"ListItem\",\"position\":2,\"name\":\"Monitoring und Reporting\"}]},{\"@type\":\"WebSite\",\"@id\":\"https:\/\/old.wildix.com\/#website\",\"url\":\"https:\/\/old.wildix.com\/\",\"name\":\"Wildix\",\"description\":\"Wildix PBX | VoIP Solutions | Unified Communications | WebRTC\",\"publisher\":{\"@id\":\"https:\/\/old.wildix.com\/#organization\"},\"potentialAction\":[{\"@type\":\"SearchAction\",\"target\":{\"@type\":\"EntryPoint\",\"urlTemplate\":\"https:\/\/old.wildix.com\/?s={search_term_string}\"},\"query-input\":\"required name=search_term_string\"}],\"inLanguage\":\"de-DE\"},{\"@type\":\"Organization\",\"@id\":\"https:\/\/old.wildix.com\/#organization\",\"name\":\"Wildix\",\"url\":\"https:\/\/old.wildix.com\/\",\"logo\":{\"@type\":\"ImageObject\",\"inLanguage\":\"de-DE\",\"@id\":\"https:\/\/old.wildix.com\/#\/schema\/logo\/image\/\",\"url\":\"https:\/\/old.wildix.com\/wp-content\/uploads\/2018\/04\/wildix-logo-2.png\",\"contentUrl\":\"https:\/\/old.wildix.com\/wp-content\/uploads\/2018\/04\/wildix-logo-2.png\",\"width\":440,\"height\":200,\"caption\":\"Wildix\"},\"image\":{\"@id\":\"https:\/\/old.wildix.com\/#\/schema\/logo\/image\/\"}}]}<\/script>\n<!-- \/ Yoast SEO plugin. -->","yoast_head_json":{"title":"Monitoring und Reporting: Auswertung und Analyse der Anrufaktivit\u00e4ten","description":"Monitoring und Reporting: Wildix bietet Werkzeuge, die Sie mit Informationen \u00fcber die Anrufaktivit\u00e4ten der Mitarbeiter versorgen.","robots":{"index":"noindex","follow":"follow","max-snippet":"max-snippet:-1","max-image-preview":"max-image-preview:large","max-video-preview":"max-video-preview:-1"},"og_locale":"de_DE","og_type":"article","og_title":"Monitoring und Reporting: Auswertung und Analyse der Anrufaktivit\u00e4ten","og_description":"Monitoring und Reporting: Wildix bietet Werkzeuge, die Sie mit Informationen \u00fcber die Anrufaktivit\u00e4ten der Mitarbeiter versorgen.","og_url":"https:\/\/old.wildix.com\/de\/monitoring-reporting\/","og_site_name":"Wildix","article_modified_time":"2022-09-05T11:19:41+00:00","twitter_card":"summary_large_image","twitter_misc":{"Gesch\u00e4tzte Lesezeit":"4 Minuten"},"schema":{"@context":"https:\/\/schema.org","@graph":[{"@type":"WebPage","@id":"https:\/\/old.wildix.com\/de\/monitoring-reporting\/","url":"https:\/\/old.wildix.com\/de\/monitoring-reporting\/","name":"Monitoring und Reporting: Auswertung und Analyse der Anrufaktivit\u00e4ten","isPartOf":{"@id":"https:\/\/old.wildix.com\/#website"},"datePublished":"2018-04-18T07:41:05+00:00","dateModified":"2022-09-05T11:19:41+00:00","description":"Monitoring und Reporting: Wildix bietet Werkzeuge, die Sie mit Informationen \u00fcber die Anrufaktivit\u00e4ten der Mitarbeiter versorgen.","breadcrumb":{"@id":"https:\/\/old.wildix.com\/de\/monitoring-reporting\/#breadcrumb"},"inLanguage":"de-DE","potentialAction":[{"@type":"ReadAction","target":["https:\/\/old.wildix.com\/de\/monitoring-reporting\/"]}]},{"@type":"BreadcrumbList","@id":"https:\/\/old.wildix.com\/de\/monitoring-reporting\/#breadcrumb","itemListElement":[{"@type":"ListItem","position":1,"name":"Home","item":"https:\/\/old.wildix.com\/"},{"@type":"ListItem","position":2,"name":"Monitoring und Reporting"}]},{"@type":"WebSite","@id":"https:\/\/old.wildix.com\/#website","url":"https:\/\/old.wildix.com\/","name":"Wildix","description":"Wildix PBX | VoIP Solutions | Unified Communications | WebRTC","publisher":{"@id":"https:\/\/old.wildix.com\/#organization"},"potentialAction":[{"@type":"SearchAction","target":{"@type":"EntryPoint","urlTemplate":"https:\/\/old.wildix.com\/?s={search_term_string}"},"query-input":"required name=search_term_string"}],"inLanguage":"de-DE"},{"@type":"Organization","@id":"https:\/\/old.wildix.com\/#organization","name":"Wildix","url":"https:\/\/old.wildix.com\/","logo":{"@type":"ImageObject","inLanguage":"de-DE","@id":"https:\/\/old.wildix.com\/#\/schema\/logo\/image\/","url":"https:\/\/old.wildix.com\/wp-content\/uploads\/2018\/04\/wildix-logo-2.png","contentUrl":"https:\/\/old.wildix.com\/wp-content\/uploads\/2018\/04\/wildix-logo-2.png","width":440,"height":200,"caption":"Wildix"},"image":{"@id":"https:\/\/old.wildix.com\/#\/schema\/logo\/image\/"}}]}},"_links":{"self":[{"href":"https:\/\/old.wildix.com\/de\/wp-json\/wp\/v2\/pages\/7135"}],"collection":[{"href":"https:\/\/old.wildix.com\/de\/wp-json\/wp\/v2\/pages"}],"about":[{"href":"https:\/\/old.wildix.com\/de\/wp-json\/wp\/v2\/types\/page"}],"author":[{"embeddable":true,"href":"https:\/\/old.wildix.com\/de\/wp-json\/wp\/v2\/users\/1"}],"replies":[{"embeddable":true,"href":"https:\/\/old.wildix.com\/de\/wp-json\/wp\/v2\/comments?post=7135"}],"version-history":[{"count":0,"href":"https:\/\/old.wildix.com\/de\/wp-json\/wp\/v2\/pages\/7135\/revisions"}],"wp:attachment":[{"href":"https:\/\/old.wildix.com\/de\/wp-json\/wp\/v2\/media?parent=7135"}],"curies":[{"name":"wp","href":"https:\/\/api.w.org\/{rel}","templated":true}]}}