{"id":7810805,"date":"2018-04-18T07:54:10","date_gmt":"2018-04-18T07:54:10","guid":{"rendered":"https:\/\/old2.wildix.com\/?page_id=7810805"},"modified":"2021-04-13T10:49:56","modified_gmt":"2021-04-13T10:49:56","slug":"mobility","status":"publish","type":"page","link":"https:\/\/old.wildix.com\/de\/mobility\/","title":{"rendered":"Wildix Mobility Enterprise"},"content":{"rendered":"<section class=\"wpb-content-wrapper\">[mk_page_section video_color_mask=&#8220;#003366&#8243; video_opacity=&#8220;0.9&#8243; min_height=&#8220;250&#8243; full_width=&#8220;true&#8220; padding_top=&#8220;0&#8243; padding_bottom=&#8220;0&#8243; sidebar=&#8220;sidebar-1&#8243; first_page=&#8220;false&#8220; last_page=&#8220;false&#8220;][vc_column][mk_padding_divider size=&#8220;120&#8243; visibility=&#8220;hidden-sm&#8220;][mk_padding_divider size=&#8220;70&#8243; visibility=&#8220;visible-sm&#8220;][mk_fancy_title tag_name=&#8220;h1&#8243; color=&#8220;#ffffff&#8220; size=&#8220;70&#8243; force_font_size=&#8220;true&#8220; size_smallscreen=&#8220;60&#8243; size_tablet=&#8220;50&#8243; size_phone=&#8220;40&#8243; font_weight=&#8220;300&#8243; font_style=&#8220;normal&#8220; txt_transform=&#8220;none&#8220; margin_bottom=&#8220;0&#8243; font_family=&#8220;none&#8220; align=&#8220;center&#8220;]Wildix Mobility Enterprise[\/mk_fancy_title][mk_fancy_title tag_name=&#8220;span&#8220; color=&#8220;#ffffff&#8220; size=&#8220;24&#8243; force_font_size=&#8220;true&#8220; size_smallscreen=&#8220;22&#8243; size_tablet=&#8220;22&#8243; size_phone=&#8220;20&#8243; font_weight=&#8220;300&#8243; font_style=&#8220;normal&#8220; txt_transform=&#8220;none&#8220; margin_bottom=&#8220;0&#8243; font_family=&#8220;none&#8220; align=&#8220;center&#8220;]Entscheiden Sie, wann Sie verf\u00fcgbar sein wollen[\/mk_fancy_title][mk_padding_divider size=&#8220;30&#8243;][\/vc_column][\/mk_page_section][vc_row][vc_column][mk_padding_divider size=&#8220;60&#8243;][\/vc_column][\/vc_row][vc_row][vc_column][vc_column_text css=&#8220;.vc_custom_1524127969266{margin-bottom: 0px !important;}&#8220;]\n<h2 style=\"text-align: center;\">UNTERWEGS AUF DIE GLEICHE WEISE TELEFONIEREN WIE IM B\u00dcRO?<\/h2>\n[\/vc_column_text][vc_column_text css=&#8220;.vc_custom_1524127980888{margin-bottom: 0px !important;}&#8220;]\n<h2 style=\"text-align: center;\">WIR MACHEN ES M\u00d6GLICH.<\/h2>\n[\/vc_column_text][vc_empty_space][\/vc_column][\/vc_row][vc_row][vc_column][vc_column_text css=&#8220;.vc_custom_1524128002669{margin-bottom: 0px !important;}&#8220;]Mit\u00a0<strong>Wildix Mobility<\/strong>\u00a0integrieren Sie die Mobiltelefone Ihrer Angestellten in das Telefonsystem Ihres Unternehmens. Was bis vor Kurzem kaum vorstellbar war, ist heute eine Notwendigkeit.<\/p>\n<p>Der Dienst kann kinderleicht aktiviert und in Sekundenschnelle konfiguriert werden und bietet die folgenden Funktionen:<\/p>\n<ul>\n<li>Das Mobiltelefon und das Schreibtischtelefon klingeln gleichzeitig<\/li>\n<li>Das Mobiltelefon klingelt einige Sekunden nach dem Schreibtischtelefon<\/li>\n<li>Das Mobiltelefon klingt nur in bestimmten Zeitr\u00e4umen<\/li>\n<li>Alle zu einem Konto zugeordneten Endger\u00e4te klingeln entweder gleichzeitig oder nacheinander<\/li>\n<\/ul>\n[\/vc_column_text][\/vc_column][\/vc_row][vc_row][vc_column width=&#8220;2\/3&#8243;][vc_empty_space height=&#8220;60px&#8220;][mk_image src=&#8220;https:\/\/old.wildix.com\/wp-content\/uploads\/2019\/05\/wildix-administration-software-1.jpg&#8220; image_size=&#8220;full&#8220; align=&#8220;center&#8220;][vc_column_text align=&#8220;center&#8220; css=&#8220;.vc_custom_1569365407160{margin-bottom: 0px !important;}&#8220;]\n<p style=\"text-align: center;\"><strong>\u00dcBERALL. EINE RUFNUMMER. F\u00dcR ALLE GER\u00c4TE.<\/strong><\/p>\n[\/vc_column_text][\/vc_column][vc_column width=&#8220;1\/3&#8243;][vc_empty_space height=&#8220;60px&#8220;][vc_column_text css=&#8220;.vc_custom_1569365389928{margin-bottom: 0px !important;}&#8220;]\n<h3>EINE RUFNUMMER<\/h3>\n[\/vc_column_text][vc_column_text css=&#8220;.vc_custom_1569365374900{margin-bottom: 0px !important;}&#8220;]\n<ul>\n<li>Anrufe unterwegs bequem verwalten (Smartphone, Telefon, Schnurlostelefon, Notebook)<\/li>\n<li>Rufweiterleitung<\/li>\n<li>Konferenz<\/li>\n<li>Voicemail<\/li>\n<li>Zentrale Telefonb\u00fccher<\/li>\n<\/ul>\n[\/vc_column_text][\/vc_column][\/vc_row][vc_row css=&#8220;.vc_custom_1559053498750{margin-top: 0px !important;border-top-width: 0px !important;padding-top: 0px !important;}&#8220;][vc_column][mk_padding_divider size=&#8220;20&#8243;][\/vc_column][\/vc_row][vc_row css=&#8220;.vc_custom_1559053498750{margin-top: 0px !important;border-top-width: 0px !important;padding-top: 0px !important;}&#8220;][vc_column][mk_divider style=&#8220;thin_solid&#8220; thin_color_style=&#8220;gradient_color&#8220; thin_grandient_color_from=&#8220;#3edbd9&#8243; thin_grandient_color_to=&#8220;#5841b8&#8243; thin_gradient_color_angle=&#8220;horizontal&#8220; thin_grandient_color_fallback=&#8220;#3edbd9&#8243; thickness=&#8220;5&#8243; margin_top=&#8220;0&#8243;][\/vc_column][\/vc_row][vc_row css=&#8220;.vc_custom_1559053745406{background-color: #ffffff !important;}&#8220;][vc_column width=&#8220;1\/6&#8243;][\/vc_column][vc_column width=&#8220;2\/6&#8243;][mk_padding_divider size=&#8220;30&#8243;][mk_button dimension=&#8220;flat&#8220; corner_style=&#8220;rounded&#8220; size=&#8220;medium&#8220; icon=&#8220;mk-jupiter-icon-doc&#8220; icon_anim=&#8220;side&#8220; url=&#8220;https:\/\/drive.google.com\/drive\/u\/1\/folders\/1lCvEuQnfDLlJ-xWT76JeNyxGm43pcQeF&#8220; target=&#8220;_blank&#8220; align=&#8220;center&#8220; fullwidth=&#8220;true&#8220; bg_color=&#8220;#3c72a2&#8243; btn_hover_txt_color=&#8220;#ffffff&#8220;]Dokumentation[\/mk_button][mk_padding_divider size=&#8220;30&#8243;][\/vc_column][vc_column width=&#8220;2\/6&#8243;][mk_padding_divider size=&#8220;30&#8243;][mk_button dimension=&#8220;flat&#8220; corner_style=&#8220;rounded&#8220; size=&#8220;medium&#8220; icon=&#8220;mk-li-rocket&#8220; icon_anim=&#8220;side&#8220; url=&#8220;\/de\/mobile-apps\/&#8220; target=&#8220;_blank&#8220; align=&#8220;center&#8220; fullwidth=&#8220;true&#8220; bg_color=&#8220;#3c72a2&#8243; btn_hover_txt_color=&#8220;#ffffff&#8220;]Collaboration Mobile App[\/mk_button][mk_padding_divider size=&#8220;30&#8243;][\/vc_column][vc_column width=&#8220;1\/6&#8243;][\/vc_column][\/vc_row][vc_row fullwidth=&#8220;true&#8220; fullwidth_content=&#8220;false&#8220;][vc_column][vc_empty_space height=&#8220;15px&#8220;][mk_blockquote font_family=&#8220;none&#8220;]<strong><img decoding=\"async\" class=\"wp-image-6678 size-full alignleft\" src=\"https:\/\/old.wildix.com\/wp-content\/uploads\/2018\/04\/telefonia-alto-adige-logo.jpg\" alt=\"\" width=\"252\" height=\"98\" \/><\/strong><\/p>\n<p><strong>TeAA Networks<\/strong>\u00a0ist ein langj\u00e4hriger\u00a0<strong>Wildix-Partner<\/strong>\u00a0aus der Region S\u00fcdtirol. Das im Telefoniesektor t\u00e4tige und auf Sprach- und Datendienste spezialisierte Unternehmen konnte mit der<strong>\u00a0Wildix Mobility Enterprise\u00a0<\/strong>bereits hervorragende Ergebnisse erzielen.<\/p>\n<p>Die\u00a0<strong>20 Au\u00dfendiensttechniker\u00a0<\/strong>der Firma sind meist vor Ort beim Kunden t\u00e4tig und verf\u00fcgen \u00fcber eigene Mobiltelefone. Dank Wildix Mobilty konnten die Anrufaktivit\u00e4ten und dementsprechend auch die Anrufkosten dieser Mitarbeiter signifikant reduziert werden.<\/p>\n<h3>WIE WAR DIES M\u00d6GLICH?<\/h3>\n<p>Indem der Telefonverkehr auf Firmennummern eingeschr\u00e4nkt wurde. Jeder Anruf geht nun direkt durch die\u00a0<strong>Telefonanlage<\/strong>\u00a0des Unternehmens und unterliegt den\u00a0<strong>W\u00e4hlplan-Regeln<\/strong>. Auf diese Weise k\u00f6nnen die Mitarbeiter mit Ihren Mobiltelefonen nur die Rufnummern anrufen, die im Firmentelefonbuch stehen und tats\u00e4chlich Kunden zuzuordnen sind.[\/mk_blockquote][\/vc_column][\/vc_row][vc_row][vc_column][vc_empty_space height=&#8220;30px&#8220;][\/vc_column][\/vc_row][vc_row fullwidth=&#8220;true&#8220; fullwidth_content=&#8220;false&#8220; css=&#8220;.vc_custom_1563980243307{background-color: #003366 !important;}&#8220;][vc_column][mk_padding_divider][vc_row_inner][vc_column_inner width=&#8220;1\/2&#8243;][mk_button dimension=&#8220;flat&#8220; corner_style=&#8220;rounded&#8220; size=&#8220;large&#8220; icon=&#8220;mk-moon-arrow-left&#8220; icon_anim=&#8220;side&#8220; url=&#8220;\/de\/acd-stats-x-caracal\/&#8220; align=&#8220;right&#8220; button_custom_width=&#8220;200&#8243; bg_color=&#8220;#dd9933&#8243; btn_hover_txt_color=&#8220;#ffffff&#8220;]Zur\u00fcck[\/mk_button][\/vc_column_inner][vc_column_inner width=&#8220;1\/2&#8243;][mk_button dimension=&#8220;flat&#8220; corner_style=&#8220;rounded&#8220; size=&#8220;large&#8220; icon=&#8220;mk-moon-arrow-right-2&#8243; icon_anim=&#8220;side&#8220; url=&#8220;\/de\/mobile-apps\/&#8220; button_custom_width=&#8220;200&#8243; bg_color=&#8220;#dd9933&#8243; btn_hover_txt_color=&#8220;#ffffff&#8220;]Weiter[\/mk_button][\/vc_column_inner][\/vc_row_inner][mk_padding_divider size=&#8220;20&#8243;][\/vc_column][\/vc_row]\n<\/section>","protected":false},"excerpt":{"rendered":"<p>[mk_page_section video_color_mask=&#8220;#003366&#8243; video_opacity=&#8220;0.9&#8243; min_height=&#8220;250&#8243; full_width=&#8220;true&#8220; padding_top=&#8220;0&#8243; padding_bottom=&#8220;0&#8243; sidebar=&#8220;sidebar-1&#8243; first_page=&#8220;false&#8220; last_page=&#8220;false&#8220;][vc_column][mk_padding_divider size=&#8220;120&#8243; visibility=&#8220;hidden-sm&#8220;][mk_padding_divider size=&#8220;70&#8243; visibility=&#8220;visible-sm&#8220;][mk_fancy_title tag_name=&#8220;h1&#8243; color=&#8220;#ffffff&#8220; size=&#8220;70&#8243; force_font_size=&#8220;true&#8220; size_smallscreen=&#8220;60&#8243; size_tablet=&#8220;50&#8243; size_phone=&#8220;40&#8243; font_weight=&#8220;300&#8243; font_style=&#8220;normal&#8220; txt_transform=&#8220;none&#8220; margin_bottom=&#8220;0&#8243; font_family=&#8220;none&#8220; align=&#8220;center&#8220;]Wildix Mobility Enterprise[\/mk_fancy_title][mk_fancy_title tag_name=&#8220;span&#8220; color=&#8220;#ffffff&#8220; size=&#8220;24&#8243; force_font_size=&#8220;true&#8220; size_smallscreen=&#8220;22&#8243; size_tablet=&#8220;22&#8243; size_phone=&#8220;20&#8243; font_weight=&#8220;300&#8243; font_style=&#8220;normal&#8220; txt_transform=&#8220;none&#8220; margin_bottom=&#8220;0&#8243; font_family=&#8220;none&#8220; align=&#8220;center&#8220;]Entscheiden Sie, wann Sie verf\u00fcgbar sein wollen[\/mk_fancy_title][mk_padding_divider size=&#8220;30&#8243;][\/vc_column][\/mk_page_section][vc_row][vc_column][mk_padding_divider size=&#8220;60&#8243;][\/vc_column][\/vc_row][vc_row][vc_column][vc_column_text css=&#8220;.vc_custom_1524127969266{margin-bottom: 0px !important;}&#8220;] UNTERWEGS AUF [&hellip;]<\/p>\n","protected":false},"author":1,"featured_media":0,"parent":0,"menu_order":10,"comment_status":"closed","ping_status":"closed","template":"","meta":{"wpupg_custom_link":[],"wpupg_custom_link_behaviour":["default"],"wpupg_custom_image":[],"wpupg_custom_image_id":[],"footnotes":""},"acf":[],"yoast_head":"<!-- This site is optimized with the Yoast SEO plugin v21.8 - https:\/\/yoast.com\/wordpress\/plugins\/seo\/ -->\n<title>Wildix Mobility Enterprise One Number<\/title>\n<meta name=\"description\" content=\"Die Anrufe verwalten, als ob du immer im B\u00fcro w\u00e4rest? Man kann&#039;s.\" \/>\n<meta name=\"robots\" content=\"noindex, follow, max-snippet:-1, max-image-preview:large, max-video-preview:-1\" \/>\n<meta property=\"og:locale\" content=\"de_DE\" \/>\n<meta property=\"og:type\" content=\"article\" \/>\n<meta property=\"og:title\" content=\"Wildix Mobility Enterprise One Number\" \/>\n<meta property=\"og:description\" content=\"Die Anrufe verwalten, als ob du immer im B\u00fcro w\u00e4rest? Man kann&#039;s.\" \/>\n<meta property=\"og:url\" content=\"https:\/\/old.wildix.com\/de\/mobility\/\" \/>\n<meta property=\"og:site_name\" content=\"Wildix\" \/>\n<meta property=\"article:modified_time\" content=\"2021-04-13T10:49:56+00:00\" \/>\n<meta property=\"og:image\" content=\"https:\/\/old.wildix.com\/wp-content\/uploads\/2018\/04\/telefonia-alto-adige-logo.jpg\" \/>\n<meta name=\"twitter:card\" content=\"summary_large_image\" \/>\n<meta name=\"twitter:label1\" content=\"Gesch\u00e4tzte Lesezeit\" \/>\n\t<meta name=\"twitter:data1\" content=\"2 Minuten\" \/>\n<script type=\"application\/ld+json\" class=\"yoast-schema-graph\">{\"@context\":\"https:\/\/schema.org\",\"@graph\":[{\"@type\":\"WebPage\",\"@id\":\"https:\/\/old.wildix.com\/de\/mobility\/\",\"url\":\"https:\/\/old.wildix.com\/de\/mobility\/\",\"name\":\"Wildix Mobility Enterprise One Number\",\"isPartOf\":{\"@id\":\"https:\/\/old.wildix.com\/#website\"},\"datePublished\":\"2018-04-18T07:54:10+00:00\",\"dateModified\":\"2021-04-13T10:49:56+00:00\",\"description\":\"Die Anrufe verwalten, als ob du immer im B\u00fcro w\u00e4rest? Man kann's.\",\"breadcrumb\":{\"@id\":\"https:\/\/old.wildix.com\/de\/mobility\/#breadcrumb\"},\"inLanguage\":\"de-DE\",\"potentialAction\":[{\"@type\":\"ReadAction\",\"target\":[\"https:\/\/old.wildix.com\/de\/mobility\/\"]}]},{\"@type\":\"BreadcrumbList\",\"@id\":\"https:\/\/old.wildix.com\/de\/mobility\/#breadcrumb\",\"itemListElement\":[{\"@type\":\"ListItem\",\"position\":1,\"name\":\"Home\",\"item\":\"https:\/\/old.wildix.com\/\"},{\"@type\":\"ListItem\",\"position\":2,\"name\":\"Wildix Mobility Enterprise\"}]},{\"@type\":\"WebSite\",\"@id\":\"https:\/\/old.wildix.com\/#website\",\"url\":\"https:\/\/old.wildix.com\/\",\"name\":\"Wildix\",\"description\":\"Wildix PBX | VoIP Solutions | Unified Communications | WebRTC\",\"publisher\":{\"@id\":\"https:\/\/old.wildix.com\/#organization\"},\"potentialAction\":[{\"@type\":\"SearchAction\",\"target\":{\"@type\":\"EntryPoint\",\"urlTemplate\":\"https:\/\/old.wildix.com\/?s={search_term_string}\"},\"query-input\":\"required name=search_term_string\"}],\"inLanguage\":\"de-DE\"},{\"@type\":\"Organization\",\"@id\":\"https:\/\/old.wildix.com\/#organization\",\"name\":\"Wildix\",\"url\":\"https:\/\/old.wildix.com\/\",\"logo\":{\"@type\":\"ImageObject\",\"inLanguage\":\"de-DE\",\"@id\":\"https:\/\/old.wildix.com\/#\/schema\/logo\/image\/\",\"url\":\"https:\/\/old.wildix.com\/wp-content\/uploads\/2018\/04\/wildix-logo-2.png\",\"contentUrl\":\"https:\/\/old.wildix.com\/wp-content\/uploads\/2018\/04\/wildix-logo-2.png\",\"width\":440,\"height\":200,\"caption\":\"Wildix\"},\"image\":{\"@id\":\"https:\/\/old.wildix.com\/#\/schema\/logo\/image\/\"}}]}<\/script>\n<!-- \/ Yoast SEO plugin. -->","yoast_head_json":{"title":"Wildix Mobility Enterprise One Number","description":"Die Anrufe verwalten, als ob du immer im B\u00fcro w\u00e4rest? Man kann's.","robots":{"index":"noindex","follow":"follow","max-snippet":"max-snippet:-1","max-image-preview":"max-image-preview:large","max-video-preview":"max-video-preview:-1"},"og_locale":"de_DE","og_type":"article","og_title":"Wildix Mobility Enterprise One Number","og_description":"Die Anrufe verwalten, als ob du immer im B\u00fcro w\u00e4rest? Man kann's.","og_url":"https:\/\/old.wildix.com\/de\/mobility\/","og_site_name":"Wildix","article_modified_time":"2021-04-13T10:49:56+00:00","og_image":[{"url":"https:\/\/old.wildix.com\/wp-content\/uploads\/2018\/04\/telefonia-alto-adige-logo.jpg"}],"twitter_card":"summary_large_image","twitter_misc":{"Gesch\u00e4tzte Lesezeit":"2 Minuten"},"schema":{"@context":"https:\/\/schema.org","@graph":[{"@type":"WebPage","@id":"https:\/\/old.wildix.com\/de\/mobility\/","url":"https:\/\/old.wildix.com\/de\/mobility\/","name":"Wildix Mobility Enterprise One Number","isPartOf":{"@id":"https:\/\/old.wildix.com\/#website"},"datePublished":"2018-04-18T07:54:10+00:00","dateModified":"2021-04-13T10:49:56+00:00","description":"Die Anrufe verwalten, als ob du immer im B\u00fcro w\u00e4rest? Man kann's.","breadcrumb":{"@id":"https:\/\/old.wildix.com\/de\/mobility\/#breadcrumb"},"inLanguage":"de-DE","potentialAction":[{"@type":"ReadAction","target":["https:\/\/old.wildix.com\/de\/mobility\/"]}]},{"@type":"BreadcrumbList","@id":"https:\/\/old.wildix.com\/de\/mobility\/#breadcrumb","itemListElement":[{"@type":"ListItem","position":1,"name":"Home","item":"https:\/\/old.wildix.com\/"},{"@type":"ListItem","position":2,"name":"Wildix Mobility Enterprise"}]},{"@type":"WebSite","@id":"https:\/\/old.wildix.com\/#website","url":"https:\/\/old.wildix.com\/","name":"Wildix","description":"Wildix PBX | VoIP Solutions | Unified Communications | WebRTC","publisher":{"@id":"https:\/\/old.wildix.com\/#organization"},"potentialAction":[{"@type":"SearchAction","target":{"@type":"EntryPoint","urlTemplate":"https:\/\/old.wildix.com\/?s={search_term_string}"},"query-input":"required name=search_term_string"}],"inLanguage":"de-DE"},{"@type":"Organization","@id":"https:\/\/old.wildix.com\/#organization","name":"Wildix","url":"https:\/\/old.wildix.com\/","logo":{"@type":"ImageObject","inLanguage":"de-DE","@id":"https:\/\/old.wildix.com\/#\/schema\/logo\/image\/","url":"https:\/\/old.wildix.com\/wp-content\/uploads\/2018\/04\/wildix-logo-2.png","contentUrl":"https:\/\/old.wildix.com\/wp-content\/uploads\/2018\/04\/wildix-logo-2.png","width":440,"height":200,"caption":"Wildix"},"image":{"@id":"https:\/\/old.wildix.com\/#\/schema\/logo\/image\/"}}]}},"_links":{"self":[{"href":"https:\/\/old.wildix.com\/de\/wp-json\/wp\/v2\/pages\/7810805"}],"collection":[{"href":"https:\/\/old.wildix.com\/de\/wp-json\/wp\/v2\/pages"}],"about":[{"href":"https:\/\/old.wildix.com\/de\/wp-json\/wp\/v2\/types\/page"}],"author":[{"embeddable":true,"href":"https:\/\/old.wildix.com\/de\/wp-json\/wp\/v2\/users\/1"}],"replies":[{"embeddable":true,"href":"https:\/\/old.wildix.com\/de\/wp-json\/wp\/v2\/comments?post=7810805"}],"version-history":[{"count":0,"href":"https:\/\/old.wildix.com\/de\/wp-json\/wp\/v2\/pages\/7810805\/revisions"}],"wp:attachment":[{"href":"https:\/\/old.wildix.com\/de\/wp-json\/wp\/v2\/media?parent=7810805"}],"curies":[{"name":"wp","href":"https:\/\/api.w.org\/{rel}","templated":true}]}}