{"id":7811242,"date":"2018-04-18T08:04:32","date_gmt":"2018-04-18T08:04:32","guid":{"rendered":"https:\/\/old2.wildix.com\/?page_id=7811242"},"modified":"2022-07-08T09:30:08","modified_gmt":"2022-07-08T09:30:08","slug":"voip-telefonanlagen","status":"publish","type":"page","link":"https:\/\/old.wildix.com\/de\/voip-telefonanlagen\/","title":{"rendered":"VoIP-Telefonanlagen: lokal, virtuell, Cloud"},"content":{"rendered":"<section class=\"wpb-content-wrapper\">[mk_page_section bg_gradient=&#8220;left_top&#8220; video_color_mask=&#8220;#003366&#8243; gr_end=&#8220;#90f3f2&#8243; video_opacity=&#8220;0.9&#8243; min_height=&#8220;250&#8243; full_width=&#8220;true&#8220; padding_top=&#8220;0&#8243; padding_bottom=&#8220;0&#8243; sidebar=&#8220;sidebar-1&#8243; first_page=&#8220;false&#8220; last_page=&#8220;false&#8220;][vc_column][mk_padding_divider size=&#8220;120&#8243; visibility=&#8220;hidden-sm&#8220;][mk_padding_divider size=&#8220;70&#8243; visibility=&#8220;visible-sm&#8220;][mk_fancy_title tag_name=&#8220;h1&#8243; color=&#8220;#ffffff&#8220; size=&#8220;50&#8243; force_font_size=&#8220;true&#8220; size_smallscreen=&#8220;45&#8243; size_tablet=&#8220;45&#8243; size_phone=&#8220;35&#8243; font_weight=&#8220;300&#8243; font_style=&#8220;normal&#8220; txt_transform=&#8220;none&#8220; margin_bottom=&#8220;0&#8243; font_family=&#8220;none&#8220; align=&#8220;center&#8220;]VoIP-Telefonanlagen:<br \/>\nlokal, virtuell, Cloud[\/mk_fancy_title][mk_padding_divider size=&#8220;30&#8243;][\/vc_column][\/mk_page_section][vc_row][vc_column][mk_padding_divider size=&#8220;120&#8243;][\/vc_column][\/vc_row][vc_row][vc_column][vc_column_text css=&#8220;.vc_custom_1524042860384{margin-bottom: 0px !important;}&#8220;]<img fetchpriority=\"high\" decoding=\"async\" class=\"aligncenter wp-image-7794420 size-full\" src=\"https:\/\/old.wildix.com\/wp-content\/uploads\/2018\/04\/wildix-pbx.fw_.png\" alt=\"wildix-pbx.fw\" width=\"1019\" height=\"159\" \/>[\/vc_column_text][vc_empty_space][\/vc_column][\/vc_row][vc_row gap=&#8220;25&#8243; equal_height=&#8220;yes&#8220;][vc_column width=&#8220;1\/2&#8243; css=&#8220;.vc_custom_1472029700898{padding-top: 0px !important;}&#8220;][vc_column_text css=&#8220;.vc_custom_1524138570056{margin-bottom: 0px !important;}&#8220;]Die Wildix-Telefonanlage ist als <strong>Hardwareanlage<\/strong>, <strong>virtuelle Anwendung<\/strong> oder <strong>Cloud-L\u00f6sung<\/strong> verf\u00fcgbar.<\/p>\n<p>Die Wildix-Software ist vollumf\u00e4nglich in die Hardware integriert, wodurch jegliche Probleme mit Drittanbieter-Produkten vermieden werden.<\/p>\n<p>Mehrere Wildix-Systeme k\u00f6nnen zu einem einzelnen globalen Cluster verbunden werden.<\/p>\n<p>Die VoIP-Telefonanlage von Wildix ist ein verl\u00e4ssliches Telefonsystem f\u00fcr kleine und gro\u00dfe Unternehmen. Es ist flexibel skalierbar und somit perfekt an die Bed\u00fcrfnisse des Unternehmens anpassbar.[\/vc_column_text][\/vc_column][vc_column width=&#8220;1\/2&#8243;][vc_column_text css=&#8220;.vc_custom_1524138598546{margin-bottom: 0px !important;}&#8220;]\n<h2>Features der IP-Telefonanlage:<\/h2>\n<ul>\n<li>Multisite-Support<\/li>\n<li>Integrierte Ausfallsicherung<\/li>\n<li>Integrierter Fax-Server<\/li>\n<li>Videoanrufe (auch mit mehreren Teilnehmern)<\/li>\n<li>Google-Integration<\/li>\n<li>Mobile-Extension<\/li>\n<li>Anrufaufzeichnung<\/li>\n<\/ul>\n[\/vc_column_text][\/vc_column][\/vc_row][vc_row][vc_column][mk_padding_divider][vc_zigzag color=&#8220;orange&#8220; el_width=&#8220;60&#8243;][mk_padding_divider][\/vc_column][\/vc_row][vc_row][vc_column width=&#8220;1\/2&#8243; css=&#8220;.vc_custom_1524042660957{padding-top: 20px !important;padding-right: 20px !important;padding-bottom: 20px !important;padding-left: 20px !important;}&#8220;][vc_column_text align=&#8220;center&#8220; css=&#8220;.vc_custom_1524138630818{margin-bottom: 0px !important;}&#8220;]\n<h2 style=\"text-align: center;\">Hardware-Telefonanlage<\/h2>\n[\/vc_column_text][vc_column_text css=&#8220;.vc_custom_1524138645691{margin-bottom: 0px !important;}&#8220;]<img decoding=\"async\" class=\"size-medium wp-image-6762 aligncenter\" src=\"https:\/\/old.wildix.com\/wp-content\/uploads\/2018\/04\/pbx-2016_2-300x74.jpg\" alt=\"Wildix PBX\" width=\"300\" height=\"74\" srcset=\"https:\/\/old.wildix.com\/wp-content\/uploads\/2018\/04\/pbx-2016_2-300x74.jpg 300w, https:\/\/old.wildix.com\/wp-content\/uploads\/2018\/04\/pbx-2016_2-768x190.jpg 768w, https:\/\/old.wildix.com\/wp-content\/uploads\/2018\/04\/pbx-2016_2-1024x253.jpg 1024w, https:\/\/old.wildix.com\/wp-content\/uploads\/2018\/04\/pbx-2016_2.jpg 1200w\" sizes=\"(max-width: 300px) 100vw, 300px\" \/><\/p>\n<ul>\n<li>Standard 19\u201d-Einschub<\/li>\n<li>4 Netzwerkschnittstellen<\/li>\n<li>SSD \u2013 Solid State Drive<\/li>\n<\/ul>\n[\/vc_column_text][mk_custom_list style=&#8220;mk-moon-link&#8220; icon_color=&#8220;#dd9933&#8243; margin_bottom=&#8220;54&#8243;]\n<ul>\n<li><strong><a title=\"PBX Datasheet\" href=\"https:\/\/manuals.wildix.com\/de\/telefonanlagen-datenblatt\/\" target=\"_blank\" rel=\"noopener\">Telefonanlagen-Datenblatt<\/a><\/strong><\/li>\n<\/ul>\n[\/mk_custom_list][\/vc_column][vc_column width=&#8220;1\/2&#8243; css=&#8220;.vc_custom_1524042667395{padding-top: 20px !important;padding-right: 20px !important;padding-bottom: 20px !important;padding-left: 20px !important;}&#8220;][vc_column_text align=&#8220;center&#8220; css=&#8220;.vc_custom_1524138674710{margin-bottom: 0px !important;}&#8220;]\n<h2 style=\"text-align: center;\">Virtuelle Anlage<\/h2>\n[\/vc_column_text][vc_column_text css=&#8220;.vc_custom_1524138686893{margin-bottom: 0px !important;}&#8220;]<img decoding=\"async\" class=\" wp-image-6762 aligncenter\" src=\"https:\/\/old.wildix.com\/wp-content\/uploads\/2018\/04\/virtual-pbx-icon-copy2.png\" alt=\"Wildix PBX\" width=\"113\" height=\"132\" \/><\/p>\n<p>Die Wildix-Software ist in jeder virtuellen Umgebung lauff\u00e4hig (z.B. VMware, jegliche Linux-Plattformen).<\/p>\n<p>Virtuelle Umgebungen verleihen mehr Flexibilit\u00e4t bei der Serverinfrastruktur und gew\u00e4hrleisten eine st\u00e4ndige Verf\u00fcgbarkeit der Dienste.[\/vc_column_text][mk_custom_list style=&#8220;mk-moon-link&#8220; icon_color=&#8220;#dd9933&#8243; margin_bottom=&#8220;54&#8243;]\n<ul>\n<li><strong>\u00a0<a href=\"https:\/\/manuals.wildix.com\/#virtualization\">Virtualization Documentation<\/a><\/strong><\/li>\n<\/ul>\n[\/mk_custom_list][\/vc_column][\/vc_row][vc_row][vc_column width=&#8220;1\/2&#8243; css=&#8220;.vc_custom_1524042660957{padding-top: 20px !important;padding-right: 20px !important;padding-bottom: 20px !important;padding-left: 20px !important;}&#8220;][vc_column_text align=&#8220;center&#8220; css=&#8220;.vc_custom_1524138721913{margin-bottom: 0px !important;}&#8220;]\n<h2 style=\"text-align: center;\">Datenspeicher<\/h2>\n[\/vc_column_text][vc_column_text css=&#8220;.vc_custom_1524138733970{margin-bottom: 0px !important;}&#8220;]<img loading=\"lazy\" decoding=\"async\" class=\" wp-image-6762 aligncenter\" src=\"https:\/\/old.wildix.com\/wp-content\/uploads\/2018\/04\/wkey2gb-2015.jpg\" alt=\"Wildix PBX\" width=\"164\" height=\"102\" \/><\/p>\n<p>Der 2 GB USB-Stick von Wildix ist ein besonders hitzeresistenter USB-Datentr\u00e4ger. Betriebstemperauren von bis zu 85 \u00b0C, Aluminiumgeh\u00e4use, bis zu 100.000 Schreib-\/L\u00f6schvorg\u00e4nge, 22 MB\/s Lesegeschwindigkeit und 18 MB\/s Schreibgeschwindigkeit dank\u00a0<strong>NAND Flash Technologie<\/strong>.[\/vc_column_text][mk_custom_list style=&#8220;mk-moon-link&#8220; icon_color=&#8220;#dd9933&#8243; margin_bottom=&#8220;54&#8243;]\n<ul>\n<li><strong>\u00a0<a title=\"USB Key - WKEY2GB - Datasheet - ENG\" href=\"https:\/\/drive.google.com\/drive\/u\/1\/folders\/1A3MCXUc4bY5ju5EuPDrbR0QerMou7lFf\" target=\"_blank\" rel=\"noopener\">USB Key Datasheet<\/a><\/strong><\/li>\n<\/ul>\n[\/mk_custom_list][\/vc_column][vc_column width=&#8220;1\/2&#8243; css=&#8220;.vc_custom_1524042667395{padding-top: 20px !important;padding-right: 20px !important;padding-bottom: 20px !important;padding-left: 20px !important;}&#8220;][vc_column_text align=&#8220;center&#8220; css=&#8220;.vc_custom_1524138757547{margin-bottom: 0px !important;}&#8220;]\n<h2 style=\"text-align: center;\">Cloud-Telefonanlage<\/h2>\n[\/vc_column_text][vc_column_text css=&#8220;.vc_custom_1524138769519{margin-bottom: 0px !important;}&#8220;]<img loading=\"lazy\" decoding=\"async\" class=\" wp-image-6762 aligncenter\" src=\"https:\/\/old.wildix.com\/wp-content\/uploads\/2018\/04\/wildixcloud.jpg\" alt=\"Wildix PBX\" width=\"113\" height=\"132\" \/><\/p>\n<p>Alle Unified Communications Funktionen von Wildix sind auch in der Cloud verf\u00fcgbar. Eine Cloud-basierte Telefonanlage kann mit nur einem Klick im Verwaltungsinterface aktiviert werden.<\/p>\n<p>Bei Bedarf k\u00f6nnen Sie auch Hardware-Anlagen als Ausfallsicherung hinzuf\u00fcgen.[\/vc_column_text][mk_custom_list style=&#8220;mk-moon-link&#8220; icon_color=&#8220;#dd9933&#8243; margin_bottom=&#8220;54&#8243;]\n<ul>\n<li><strong> <a href=\"https:\/\/old.wildix.com\/de\/voip-pbx-cloud\/\">Mehr \u00fcber Wildix Cloud<\/a><\/strong><\/li>\n<\/ul>\n[\/mk_custom_list][\/vc_column][\/vc_row][vc_row][vc_column][mk_padding_divider][vc_zigzag color=&#8220;orange&#8220; el_width=&#8220;60&#8243;][mk_padding_divider][\/vc_column][\/vc_row][vc_row][vc_column][vc_empty_space height=&#8220;70px&#8220;][vc_column_text align=&#8220;center&#8220; css=&#8220;.vc_custom_1524139874616{margin-bottom: 0px !important;}&#8220;]\n<h3>VERWALTUNG DER PBX \u2013 WILDIX MANAGEMENT SYSTEM (WMS)<\/h3>\n[\/vc_column_text][vc_empty_space][vc_row_inner][vc_column_inner width=&#8220;1\/2&#8243;][mk_image src=&#8220;https:\/\/old.wildix.com\/wp-content\/uploads\/2018\/04\/wms3.8.jpg&#8220; image_width=&#8220;400&#8243; image_height=&#8220;320&#8243; lightbox=&#8220;true&#8220;][\/vc_column_inner][vc_column_inner width=&#8220;1\/2&#8243;][vc_column_text css=&#8220;.vc_custom_1524139792644{margin-bottom: 0px !important;}&#8220;]Das WMS-Netzwerk von Wildix \u00fcberbr\u00fcckt die Distanzen zwischen den verschiedenen Standorten des Unternehmens und erm\u00f6glicht es den \u00fcber den Erdball verteilten Mitarbeitern, wie in einem gemeinsamen B\u00fcro miteinander zusammenzuarbeiten.<\/p>\n<ul>\n<li><strong>Komplett web-basiert<\/strong>: das WMS kann von jedem PC (Windows, Linux, Mac OS X) oder mobilen Endger\u00e4t aus \u00fcber den Browser aufgerufen werden und erm\u00f6glicht Ihnen die Administration Ihrer lokalen, virtuellen oder Cloud-basierten Telefonanlage.<\/li>\n<li><strong>Auto-Provisionierung von Ger\u00e4ten<\/strong>: mehrere lokale und auch entfernte Wildix-Ger\u00e4te k\u00f6nnen gleichzeitig automatisch konfiguriert und aktualisiert werden. Auch die Zuordnung von analogen Leitungen und Schreibtischtelefonen zu Benutzern erfolgt \u00fcber das WMS.<\/li>\n<li><strong>Benutzerverwaltung<\/strong>: \u00fcber das Web-Interface k\u00f6nnen Sie neue Nutzer anlegen und die Nutzereinstellungen \/ -rechte anpassen. Auch der Import von Benutzern und Kontakten aus Google, Active Directory, MSSQL, MySQL und Exchange Server ist problemlos m\u00f6glich.<\/li>\n<\/ul>\n[\/vc_column_text][mk_custom_list style=&#8220;mk-moon-link&#8220; icon_color=&#8220;#dd9933&#8243; margin_bottom=&#8220;54&#8243;]\n<ul>\n<li><a href=\"https:\/\/confluence.wildix.com\/x\/HACIAQ\">Anleitung zur Inbetriebnahme \u2013 Wildix Management System (WMS)<\/a><\/li>\n<\/ul>\n[\/mk_custom_list][\/vc_column_inner][\/vc_row_inner][\/vc_column][\/vc_row][vc_row][vc_column][mk_padding_divider][vc_zigzag color=&#8220;orange&#8220; el_width=&#8220;60&#8243;][mk_padding_divider][\/vc_column][\/vc_row][vc_row][vc_column width=&#8220;1\/2&#8243;][vc_column_text css=&#8220;.vc_custom_1524138962737{margin-bottom: 0px !important;}&#8220;]\n<h3>MULTISITE-NETZWERK<\/h3>\n<p>Sie k\u00f6nnen Ihre Telefonanlagen selbst \u00fcber entfernte St\u00e4dte und L\u00e4nder hinweg zu einem firmeninternen und nahtlosen Kommunikationsnetzwerk verbinden und dadurch jegliche Kommunikationsbarrieren zwischen den Standorten \u00fcberwinden.<\/p>\n<p>In einem solchen Wildix-Netzwerk \u00fcbernimmt eine Telefonanlage die Funktion des Masters. Jegliche an einer Slave-Anlage vorgenommene Aktualisierung wird zuerst an diese Master-Anlage \u00fcbermittelt und von dort an alle anderen Slave-Anlagen weitergeleitet.<\/p>\n<p>In der heutigen Zeit ist es durchaus \u00fcblich, dass Unternehmen Niederlassungen in verschiedenen L\u00e4ndern der Welt haben. Mit dem WMS-Netzwerk\u00a0<strong>k\u00f6nnen alle Nutzer des Systems (egal in welchen Land sie arbeiten) zentral verwaltet, betreut und aktualisiert werden<\/strong>. Alle Dienste des Systems sind an jedem Standort verf\u00fcgbar.<\/p>\n<p>\u00dcberwinden Sie die Entfernung zwischen den Nutzern: jegliche interne Kommunikation ist kostenlos. Sie zahlen nur f\u00fcr die Internetanbindung.<\/p>\n<p>Jeder neu angelegte Nutzer ist augenblicklich f\u00fcr alle anderen Nutzer des Systems sichtbar und kann von diesen kontaktiert werden.[\/vc_column_text][\/vc_column][vc_column width=&#8220;1\/2&#8243;][mk_image src=&#8220;https:\/\/old.wildix.com\/wp-content\/uploads\/2018\/04\/network-1.jpg&#8220; image_size=&#8220;large&#8220; lightbox=&#8220;true&#8220;][\/vc_column][\/vc_row][vc_row][vc_column][mk_padding_divider][vc_zigzag color=&#8220;orange&#8220; el_width=&#8220;60&#8243;][mk_padding_divider][vc_column_text css=&#8220;.vc_custom_1524138983532{margin-bottom: 0px !important;}&#8220;]\n<div class=\"divider\">\u00a0Mit dem Wildix-System entscheiden Sie sich bewusst f\u00fcr eine komplette L\u00f6sung: Funktionen wie<strong>\u00a0Fax Server<\/strong>\u00a0und\u00a0<strong>Ausfallsicherung<\/strong>\u00a0sind standardm\u00e4\u00dfig in die Telefonsysteme von Wildix integriert und verursachen keine zus\u00e4tzlichen Lizenzgeb\u00fchren.<\/div>\n[\/vc_column_text][mk_padding_divider][\/vc_column][\/vc_row][vc_row gap=&#8220;25&#8243;][vc_column width=&#8220;1\/2&#8243;][vc_column_text css=&#8220;.vc_custom_1524139141813{margin-bottom: 0px !important;}&#8220;]\n<h4 style=\"text-align: center;\">FAX + SMS SERVER<\/h4>\n[\/vc_column_text][vc_empty_space][vc_column_text css=&#8220;.vc_custom_1524139132442{margin-bottom: 0px !important;}&#8220;]\n<p style=\"text-align: left;\">Mit Fax Server k\u00f6nnen Sie\u00a0<strong>via Email oder Collaboration Fax- und SMS-Nachrichten senden und empfangen.<\/strong><\/p>\n<ul>\n<li>Jeder Nutzer kann seine eigene Fax-Nummer haben<\/li>\n<li>Automatische Benachrichtigungen zum Versandstatus einer Fax-Nachricht<\/li>\n<li>Speicherung von Fax-Nachrichten in digitaler Form<\/li>\n<li>Fax2Mail und Mail2Fax<\/li>\n<li>T.38-Standard zur IP-basierten Fax-\u00dcbertragung<\/li>\n<li>Empfang und Versand von SMS<\/li>\n<li>Umweltfreundliches Faxen<\/li>\n<\/ul>\n[\/vc_column_text][mk_custom_list style=&#8220;mk-moon-link&#8220; icon_color=&#8220;#dd9933&#8243; margin_bottom=&#8220;54&#8243;]\n<ul>\n<li><a href=\"https:\/\/confluence.wildix.com\/x\/2wCIAQ\">FAX\/ SMS Server Quick Admin Guide<\/a><\/li>\n<\/ul>\n[\/mk_custom_list][\/vc_column][vc_column width=&#8220;1\/2&#8243;][vc_column_text css=&#8220;.vc_custom_1524139169023{margin-bottom: 0px !important;}&#8220;]\n<h4 style=\"text-align: center;\">FAILOVER UND LASTVERTEILUNG<\/h4>\n[\/vc_column_text][vc_empty_space][vc_column_text css=&#8220;.vc_custom_1524139161473{margin-bottom: 0px !important;}&#8220;]<strong>Jede Telefonanlage eines Wildix-Netzwerks kann als Backup-Anlage f\u00fcr eine andere Anlage<\/strong>\u00a0des gleichen Netzwerks fungieren oder auch einen Teil der Last dieser Anlage auffangen.<\/p>\n<p>Sobald die Synchronisation eingerichtet wurde,\u00a0<strong>k\u00f6nnen alle Funktionen automatisch, ohne Unterbrechung und ohne manuelles Eingreifen an die Backup-Anlage<\/strong>\u00a0\u00fcbergeben werden. So stehen bei einem Netzwerk- oder Telefonanlagenausfall jederzeit redundante Kapazit\u00e4ten bereit.<\/p>\n<p>Eine Backup-Telefonanlage verf\u00fcgt \u00fcber die gleiche Konfiguration wie die Hauptanlage, wodurch eine\u00a0<strong>durchgehende Serviceverf\u00fcgbarkeit<\/strong>gew\u00e4hrleistet werden kann.[\/vc_column_text][mk_custom_list style=&#8220;mk-moon-link&#8220; icon_color=&#8220;#dd9933&#8243; margin_bottom=&#8220;54&#8243;]\n<ul>\n<li><a title=\"Demand Breeds Supply: Introducing WMS Network with Failover\" href=\"\/blunetworks\/\">Demand Breeds Supply: Introducing WMS Network with Failover<\/a><\/li>\n<\/ul>\n[\/mk_custom_list][\/vc_column][\/vc_row][vc_row fullwidth=&#8220;true&#8220; fullwidth_content=&#8220;false&#8220; css=&#8220;.vc_custom_1523959005446{background-color: #f2f2f2 !important;}&#8220;][vc_column][mk_padding_divider size=&#8220;80&#8243;][vc_column_text css=&#8220;.vc_custom_1524139083775{margin-bottom: 0px !important;}&#8220;]\n<h3 style=\"text-align: center;\">LESEN SIE HIER WAS UNSERE PARTNER \u00dcBER UNS SAGEN:<\/h3>\n<p style=\"text-align: center;\">VON DEN <a href=\"https:\/\/www.facebook.com\/groups\/wildixtechwizards\/\"><strong>Wildix Tech Wizards<\/strong> <\/a> ERFAHREN SIE MEHR<\/p>\n[\/vc_column_text][mk_padding_divider size=&#8220;50&#8243;][mk_gallery images=&#8220;6744,6760,6759,6758,6757,6756,6755,6754,6753,6752,6751,6750,6749,6748,6747,6746,6745&#8243; column=&#8220;4&#8243; image_size=&#8220;large&#8220; item_spacing=&#8220;15&#8243; pagination=&#8220;true&#8220; count=&#8220;4&#8243; orderby=&#8220;rand&#8220;][mk_padding_divider size=&#8220;50&#8243;][\/vc_column][\/vc_row]\n<\/section>","protected":false},"excerpt":{"rendered":"<p>[mk_page_section bg_gradient=&#8220;left_top&#8220; video_color_mask=&#8220;#003366&#8243; gr_end=&#8220;#90f3f2&#8243; video_opacity=&#8220;0.9&#8243; min_height=&#8220;250&#8243; full_width=&#8220;true&#8220; padding_top=&#8220;0&#8243; padding_bottom=&#8220;0&#8243; sidebar=&#8220;sidebar-1&#8243; first_page=&#8220;false&#8220; last_page=&#8220;false&#8220;][vc_column][mk_padding_divider size=&#8220;120&#8243; visibility=&#8220;hidden-sm&#8220;][mk_padding_divider size=&#8220;70&#8243; visibility=&#8220;visible-sm&#8220;][mk_fancy_title tag_name=&#8220;h1&#8243; color=&#8220;#ffffff&#8220; size=&#8220;50&#8243; force_font_size=&#8220;true&#8220; size_smallscreen=&#8220;45&#8243; size_tablet=&#8220;45&#8243; size_phone=&#8220;35&#8243; font_weight=&#8220;300&#8243; font_style=&#8220;normal&#8220; txt_transform=&#8220;none&#8220; margin_bottom=&#8220;0&#8243; font_family=&#8220;none&#8220; align=&#8220;center&#8220;]VoIP-Telefonanlagen: lokal, virtuell, Cloud[\/mk_fancy_title][mk_padding_divider size=&#8220;30&#8243;][\/vc_column][\/mk_page_section][vc_row][vc_column][mk_padding_divider size=&#8220;120&#8243;][\/vc_column][\/vc_row][vc_row][vc_column][vc_column_text css=&#8220;.vc_custom_1524042860384{margin-bottom: 0px !important;}&#8220;][\/vc_column_text][vc_empty_space][\/vc_column][\/vc_row][vc_row gap=&#8220;25&#8243; equal_height=&#8220;yes&#8220;][vc_column width=&#8220;1\/2&#8243; css=&#8220;.vc_custom_1472029700898{padding-top: 0px !important;}&#8220;][vc_column_text css=&#8220;.vc_custom_1524138570056{margin-bottom: 0px !important;}&#8220;]Die Wildix-Telefonanlage ist als Hardwareanlage, virtuelle Anwendung oder Cloud-L\u00f6sung verf\u00fcgbar. [&hellip;]<\/p>\n","protected":false},"author":1,"featured_media":0,"parent":0,"menu_order":10,"comment_status":"closed","ping_status":"closed","template":"","meta":{"wpupg_custom_link":[],"wpupg_custom_link_behaviour":["default"],"wpupg_custom_image":[],"wpupg_custom_image_id":[],"footnotes":""},"acf":[],"yoast_head":"<!-- This site is optimized with the Yoast SEO plugin v21.8 - https:\/\/yoast.com\/wordpress\/plugins\/seo\/ -->\n<title>VoIP-Telefonanlagen: lokal, virtuell, Cloud<\/title>\n<meta name=\"description\" content=\"Unsere PBX ist das Herzst\u00fcck der Unternehmenskommunikation. Sie k\u00f6nnen Ihre Wildix-PBX-Anlagen \u00fcber das WMS-Netzwerk miteinander verbinden.\" \/>\n<meta name=\"robots\" content=\"noindex, follow, max-snippet:-1, max-image-preview:large, max-video-preview:-1\" \/>\n<meta property=\"og:locale\" content=\"de_DE\" \/>\n<meta property=\"og:type\" content=\"article\" \/>\n<meta property=\"og:title\" content=\"VoIP-Telefonanlagen: lokal, virtuell, Cloud\" \/>\n<meta property=\"og:description\" content=\"Unsere PBX ist das Herzst\u00fcck der Unternehmenskommunikation. Sie k\u00f6nnen Ihre Wildix-PBX-Anlagen \u00fcber das WMS-Netzwerk miteinander verbinden.\" \/>\n<meta property=\"og:url\" content=\"https:\/\/old.wildix.com\/de\/voip-telefonanlagen\/\" \/>\n<meta property=\"og:site_name\" content=\"Wildix\" \/>\n<meta property=\"article:modified_time\" content=\"2022-07-08T09:30:08+00:00\" \/>\n<meta property=\"og:image\" content=\"https:\/\/old.wildix.com\/wp-content\/uploads\/2018\/04\/wildix-pbx.fw_.png\" \/>\n<meta name=\"twitter:card\" content=\"summary_large_image\" \/>\n<meta name=\"twitter:label1\" content=\"Gesch\u00e4tzte Lesezeit\" \/>\n\t<meta name=\"twitter:data1\" content=\"5 Minuten\" \/>\n<script type=\"application\/ld+json\" class=\"yoast-schema-graph\">{\"@context\":\"https:\/\/schema.org\",\"@graph\":[{\"@type\":\"WebPage\",\"@id\":\"https:\/\/old.wildix.com\/de\/voip-telefonanlagen\/\",\"url\":\"https:\/\/old.wildix.com\/de\/voip-telefonanlagen\/\",\"name\":\"VoIP-Telefonanlagen: lokal, virtuell, Cloud\",\"isPartOf\":{\"@id\":\"https:\/\/old.wildix.com\/#website\"},\"datePublished\":\"2018-04-18T08:04:32+00:00\",\"dateModified\":\"2022-07-08T09:30:08+00:00\",\"description\":\"Unsere PBX ist das Herzst\u00fcck der Unternehmenskommunikation. Sie k\u00f6nnen Ihre Wildix-PBX-Anlagen \u00fcber das WMS-Netzwerk miteinander verbinden.\",\"breadcrumb\":{\"@id\":\"https:\/\/old.wildix.com\/de\/voip-telefonanlagen\/#breadcrumb\"},\"inLanguage\":\"de-DE\",\"potentialAction\":[{\"@type\":\"ReadAction\",\"target\":[\"https:\/\/old.wildix.com\/de\/voip-telefonanlagen\/\"]}]},{\"@type\":\"BreadcrumbList\",\"@id\":\"https:\/\/old.wildix.com\/de\/voip-telefonanlagen\/#breadcrumb\",\"itemListElement\":[{\"@type\":\"ListItem\",\"position\":1,\"name\":\"Home\",\"item\":\"https:\/\/old.wildix.com\/\"},{\"@type\":\"ListItem\",\"position\":2,\"name\":\"VoIP-Telefonanlagen: lokal, virtuell, Cloud\"}]},{\"@type\":\"WebSite\",\"@id\":\"https:\/\/old.wildix.com\/#website\",\"url\":\"https:\/\/old.wildix.com\/\",\"name\":\"Wildix\",\"description\":\"Wildix PBX | VoIP Solutions | Unified Communications | WebRTC\",\"publisher\":{\"@id\":\"https:\/\/old.wildix.com\/#organization\"},\"potentialAction\":[{\"@type\":\"SearchAction\",\"target\":{\"@type\":\"EntryPoint\",\"urlTemplate\":\"https:\/\/old.wildix.com\/?s={search_term_string}\"},\"query-input\":\"required name=search_term_string\"}],\"inLanguage\":\"de-DE\"},{\"@type\":\"Organization\",\"@id\":\"https:\/\/old.wildix.com\/#organization\",\"name\":\"Wildix\",\"url\":\"https:\/\/old.wildix.com\/\",\"logo\":{\"@type\":\"ImageObject\",\"inLanguage\":\"de-DE\",\"@id\":\"https:\/\/old.wildix.com\/#\/schema\/logo\/image\/\",\"url\":\"https:\/\/old.wildix.com\/wp-content\/uploads\/2018\/04\/wildix-logo-2.png\",\"contentUrl\":\"https:\/\/old.wildix.com\/wp-content\/uploads\/2018\/04\/wildix-logo-2.png\",\"width\":440,\"height\":200,\"caption\":\"Wildix\"},\"image\":{\"@id\":\"https:\/\/old.wildix.com\/#\/schema\/logo\/image\/\"}}]}<\/script>\n<!-- \/ Yoast SEO plugin. -->","yoast_head_json":{"title":"VoIP-Telefonanlagen: lokal, virtuell, Cloud","description":"Unsere PBX ist das Herzst\u00fcck der Unternehmenskommunikation. Sie k\u00f6nnen Ihre Wildix-PBX-Anlagen \u00fcber das WMS-Netzwerk miteinander verbinden.","robots":{"index":"noindex","follow":"follow","max-snippet":"max-snippet:-1","max-image-preview":"max-image-preview:large","max-video-preview":"max-video-preview:-1"},"og_locale":"de_DE","og_type":"article","og_title":"VoIP-Telefonanlagen: lokal, virtuell, Cloud","og_description":"Unsere PBX ist das Herzst\u00fcck der Unternehmenskommunikation. Sie k\u00f6nnen Ihre Wildix-PBX-Anlagen \u00fcber das WMS-Netzwerk miteinander verbinden.","og_url":"https:\/\/old.wildix.com\/de\/voip-telefonanlagen\/","og_site_name":"Wildix","article_modified_time":"2022-07-08T09:30:08+00:00","og_image":[{"url":"https:\/\/old.wildix.com\/wp-content\/uploads\/2018\/04\/wildix-pbx.fw_.png"}],"twitter_card":"summary_large_image","twitter_misc":{"Gesch\u00e4tzte Lesezeit":"5 Minuten"},"schema":{"@context":"https:\/\/schema.org","@graph":[{"@type":"WebPage","@id":"https:\/\/old.wildix.com\/de\/voip-telefonanlagen\/","url":"https:\/\/old.wildix.com\/de\/voip-telefonanlagen\/","name":"VoIP-Telefonanlagen: lokal, virtuell, Cloud","isPartOf":{"@id":"https:\/\/old.wildix.com\/#website"},"datePublished":"2018-04-18T08:04:32+00:00","dateModified":"2022-07-08T09:30:08+00:00","description":"Unsere PBX ist das Herzst\u00fcck der Unternehmenskommunikation. Sie k\u00f6nnen Ihre Wildix-PBX-Anlagen \u00fcber das WMS-Netzwerk miteinander verbinden.","breadcrumb":{"@id":"https:\/\/old.wildix.com\/de\/voip-telefonanlagen\/#breadcrumb"},"inLanguage":"de-DE","potentialAction":[{"@type":"ReadAction","target":["https:\/\/old.wildix.com\/de\/voip-telefonanlagen\/"]}]},{"@type":"BreadcrumbList","@id":"https:\/\/old.wildix.com\/de\/voip-telefonanlagen\/#breadcrumb","itemListElement":[{"@type":"ListItem","position":1,"name":"Home","item":"https:\/\/old.wildix.com\/"},{"@type":"ListItem","position":2,"name":"VoIP-Telefonanlagen: lokal, virtuell, Cloud"}]},{"@type":"WebSite","@id":"https:\/\/old.wildix.com\/#website","url":"https:\/\/old.wildix.com\/","name":"Wildix","description":"Wildix PBX | VoIP Solutions | Unified Communications | WebRTC","publisher":{"@id":"https:\/\/old.wildix.com\/#organization"},"potentialAction":[{"@type":"SearchAction","target":{"@type":"EntryPoint","urlTemplate":"https:\/\/old.wildix.com\/?s={search_term_string}"},"query-input":"required name=search_term_string"}],"inLanguage":"de-DE"},{"@type":"Organization","@id":"https:\/\/old.wildix.com\/#organization","name":"Wildix","url":"https:\/\/old.wildix.com\/","logo":{"@type":"ImageObject","inLanguage":"de-DE","@id":"https:\/\/old.wildix.com\/#\/schema\/logo\/image\/","url":"https:\/\/old.wildix.com\/wp-content\/uploads\/2018\/04\/wildix-logo-2.png","contentUrl":"https:\/\/old.wildix.com\/wp-content\/uploads\/2018\/04\/wildix-logo-2.png","width":440,"height":200,"caption":"Wildix"},"image":{"@id":"https:\/\/old.wildix.com\/#\/schema\/logo\/image\/"}}]}},"_links":{"self":[{"href":"https:\/\/old.wildix.com\/de\/wp-json\/wp\/v2\/pages\/7811242"}],"collection":[{"href":"https:\/\/old.wildix.com\/de\/wp-json\/wp\/v2\/pages"}],"about":[{"href":"https:\/\/old.wildix.com\/de\/wp-json\/wp\/v2\/types\/page"}],"author":[{"embeddable":true,"href":"https:\/\/old.wildix.com\/de\/wp-json\/wp\/v2\/users\/1"}],"replies":[{"embeddable":true,"href":"https:\/\/old.wildix.com\/de\/wp-json\/wp\/v2\/comments?post=7811242"}],"version-history":[{"count":0,"href":"https:\/\/old.wildix.com\/de\/wp-json\/wp\/v2\/pages\/7811242\/revisions"}],"wp:attachment":[{"href":"https:\/\/old.wildix.com\/de\/wp-json\/wp\/v2\/media?parent=7811242"}],"curies":[{"name":"wp","href":"https:\/\/api.w.org\/{rel}","templated":true}]}}