{"id":7811597,"date":"2018-04-18T09:25:12","date_gmt":"2018-04-18T09:25:12","guid":{"rendered":"https:\/\/old2.wildix.com\/?page_id=7811597"},"modified":"2018-07-24T11:52:39","modified_gmt":"2018-07-24T11:52:39","slug":"voip-pbx-cloud","status":"publish","type":"page","link":"https:\/\/old.wildix.com\/de\/voip-pbx-cloud\/","title":{"rendered":"Die Wildix Cloud"},"content":{"rendered":"<section class=\"wpb-content-wrapper\">[mk_page_section bg_gradient=&#8220;left_top&#8220; video_color_mask=&#8220;#003366&#8243; gr_end=&#8220;#90f3f2&#8243; video_opacity=&#8220;0.9&#8243; min_height=&#8220;250&#8243; full_width=&#8220;true&#8220; padding_top=&#8220;0&#8243; padding_bottom=&#8220;0&#8243; sidebar=&#8220;sidebar-1&#8243; first_page=&#8220;false&#8220; last_page=&#8220;false&#8220;][vc_column][mk_padding_divider size=&#8220;120&#8243; visibility=&#8220;hidden-sm&#8220;][mk_padding_divider size=&#8220;70&#8243; visibility=&#8220;visible-sm&#8220;][mk_fancy_title tag_name=&#8220;h1&#8243; color=&#8220;#ffffff&#8220; size=&#8220;70&#8243; force_font_size=&#8220;true&#8220; size_smallscreen=&#8220;60&#8243; size_tablet=&#8220;50&#8243; size_phone=&#8220;40&#8243; font_weight=&#8220;300&#8243; font_style=&#8220;normal&#8220; txt_transform=&#8220;none&#8220; margin_bottom=&#8220;0&#8243; font_family=&#8220;none&#8220; align=&#8220;center&#8220;]Wildix Cloud PBX[\/mk_fancy_title][mk_fancy_title tag_name=&#8220;span&#8220; color=&#8220;#ffffff&#8220; size=&#8220;24&#8243; force_font_size=&#8220;true&#8220; size_smallscreen=&#8220;22&#8243; size_tablet=&#8220;22&#8243; size_phone=&#8220;20&#8243; font_weight=&#8220;300&#8243; font_style=&#8220;normal&#8220; txt_transform=&#8220;none&#8220; margin_bottom=&#8220;0&#8243; font_family=&#8220;none&#8220; align=&#8220;center&#8220;]Leistungsstarke Wildix-Technik kombiniert mit grenzenloser Verf\u00fcgbarkeit[\/mk_fancy_title][mk_padding_divider size=&#8220;30&#8243;][\/vc_column][\/mk_page_section][vc_row][vc_column][mk_padding_divider size=&#8220;120&#8243;][\/vc_column][\/vc_row][vc_row][vc_column][vc_column_text align=&#8220;center&#8220; css=&#8220;.vc_custom_1524144681266{margin-bottom: 0px !important;}&#8220;]\n<h2 style=\"text-align: center;\">ALLE WILDIX UNIFIED COMMUNICATIONS-FUNKTIONEN SIND AUCH IN DER CLOUD VERF\u00dcGBAR.<\/h2>\n[\/vc_column_text][vc_column_text align=&#8220;center&#8220; css=&#8220;.vc_custom_1524144691562{margin-bottom: 0px !important;}&#8220;]\n<p style=\"text-align: center;\"><strong>Wir haben an alles gedacht!<\/strong><\/p>\n[\/vc_column_text][mk_padding_divider][\/vc_column][\/vc_row][vc_row][vc_column width=&#8220;1\/4&#8243;][mk_font_icons icon=&#8220;mk-icon-gear&#8220; color=&#8220;#dd9933&#8243; size=&#8220;xx-large&#8220; margin_vertical=&#8220;25&#8243; circle=&#8220;true&#8220; circle_border_width=&#8220;2&#8243; circle_border_color=&#8220;#dd9933&#8243; align=&#8220;center&#8220;][vc_column_text align=&#8220;center&#8220; css=&#8220;.vc_custom_1524144706196{margin-bottom: 0px !important;}&#8220;]\n<h4>COMMUNICATION-ENABLED<br \/>\nBUSINESS PROCESSES<\/h4>\n[\/vc_column_text][mk_padding_divider size=&#8220;15&#8243;][vc_column_text align=&#8220;center&#8220; css=&#8220;.vc_custom_1524144714760{margin-bottom: 0px !important;}&#8220;]Die Wildix-WebAPI integriert UC in Unternehmensanwendungen wie CRM, ERP.[\/vc_column_text][\/vc_column][vc_column width=&#8220;1\/4&#8243;][mk_font_icons icon=&#8220;mk-moon-mobile&#8220; color=&#8220;#dd9933&#8243; size=&#8220;xx-large&#8220; margin_vertical=&#8220;25&#8243; circle=&#8220;true&#8220; circle_border_width=&#8220;2&#8243; circle_border_color=&#8220;#dd9933&#8243; align=&#8220;center&#8220;][vc_column_text align=&#8220;center&#8220; css=&#8220;.vc_custom_1524044964025{margin-bottom: 0px !important;}&#8220;]\n<h4>BRING YOUR OWN<br \/>\nDEVICE<\/h4>\n[\/vc_column_text][mk_padding_divider size=&#8220;15&#8243;][vc_column_text align=&#8220;center&#8220; css=&#8220;.vc_custom_1524144757626{margin-bottom: 0px !important;}&#8220;]Die UC&amp;C-Features auf Ihre pers\u00f6nlichen Mobilger\u00e4te (iOS, Android).[\/vc_column_text][\/vc_column][vc_column width=&#8220;1\/4&#8243;][mk_font_icons icon=&#8220;mk-icon-pie-chart&#8220; color=&#8220;#dd9933&#8243; size=&#8220;xx-large&#8220; margin_vertical=&#8220;25&#8243; circle=&#8220;true&#8220; circle_border_width=&#8220;2&#8243; circle_border_color=&#8220;#dd9933&#8243; align=&#8220;center&#8220;][vc_column_text align=&#8220;center&#8220; css=&#8220;.vc_custom_1524144784766{margin-bottom: 0px !important;}&#8220;]\n<h4>\u00dcBERWACHUNG UND<br \/>\nCALL CENTER WALLBOARD<\/h4>\n[\/vc_column_text][mk_padding_divider size=&#8220;15&#8243;][vc_column_text align=&#8220;center&#8220; css=&#8220;.vc_custom_1524144793075{margin-bottom: 0px !important;}&#8220;]Jede gute Strategie setzt Kontrolle und Analyse voraus. Deshalb bietet Wildix Anruf\u00fcberwachung in Echtzeit.[\/vc_column_text][\/vc_column][vc_column width=&#8220;1\/4&#8243;][mk_font_icons icon=&#8220;mk-moon-phone-2&#8243; color=&#8220;#dd9933&#8243; size=&#8220;xx-large&#8220; margin_vertical=&#8220;25&#8243; circle=&#8220;true&#8220; circle_border_width=&#8220;2&#8243; circle_border_color=&#8220;#dd9933&#8243; align=&#8220;center&#8220;][vc_column_text align=&#8220;center&#8220; css=&#8220;.vc_custom_1524144818095{margin-bottom: 0px !important;}&#8220;]\n<h4>VOIP-SYSTEM UND<br \/>\nWMS-NETZWERK<\/h4>\n[\/vc_column_text][mk_padding_divider size=&#8220;15&#8243;][vc_column_text align=&#8220;center&#8220; css=&#8220;.vc_custom_1524144826660{margin-bottom: 0px !important;}&#8220;]Wildix ist eine vollst\u00e4ndige und standort\u00fcbergreifend einsetzbare SIP-, XMPP- und Unified Communications-L\u00f6sung.[\/vc_column_text][\/vc_column][\/vc_row][vc_row][vc_column][mk_padding_divider][vc_zigzag color=&#8220;orange&#8220; el_width=&#8220;60&#8243;][mk_padding_divider][\/vc_column][\/vc_row][vc_row][vc_column width=&#8220;1\/2&#8243;][mk_padding_divider size=&#8220;100&#8243; visibility=&#8220;visible-dt&#8220;][vc_column_text css=&#8220;.vc_custom_1524144853012{margin-bottom: 0px !important;}&#8220;]\n<h3>DIE CLOUD-L\u00d6SUNG, DIE SOGAR OFFLINE FUNKTIONIERT<\/h3>\n<p>Das WMS-Netzwerk erstellt unter Verwendung lokaler Ressourcen eine\u00a0<strong>Hybrid-Cloud<\/strong>, die auch bei Problemen mit der Internet-Verbindung die\u00a0<strong>Serviceverf\u00fcgbarkeit<\/strong>\u00a0<strong>sicherstellt<\/strong>.[\/vc_column_text][\/vc_column][vc_column width=&#8220;1\/2&#8243;][mk_image src=&#8220;https:\/\/old.wildix.com\/wp-content\/uploads\/2018\/04\/browser.png&#8220; image_width=&#8220;600&#8243; image_height=&#8220;441&#8243;][\/vc_column][\/vc_row][vc_row][vc_column][mk_content_box heading=&#8220;MEHR ERFAHREN&#8220; icon=&#8220;mk-moon-search-3&#8243;][vc_column_text css=&#8220;.vc_custom_1524144874117{margin-bottom: 0px !important;}&#8220;]<strong>Wenn Sie auf eine Cloud-L\u00f6sung vertrauen, kann Sie eine defekte Internetverbindung schnell vor ernsthafte Probleme stellen.<\/strong><\/p>\n<p>Dank des WMS-Netzwerks k\u00f6nnen Sie die Cloud-L\u00f6sung von Wildix auch dann nutzen, wenn Sie offline sind. Unsere standort\u00fcbergreifende L\u00f6sung, die bereits von Banken, Ladenketten, Krankenh\u00e4usern und Stra\u00dfen\u00e4mtern eingesetzt wird, gew\u00e4hrleistet selbst in kritischsten Situationen Serviceverf\u00fcgbarkeit.<\/p>\n<p><strong>Wie funktioniert das?<br \/>\n<\/strong><\/p>\n<p>Die\u00a0<strong>Master-Telefonanlage<\/strong>\u00a0des WMS-Netzwerks befindet sich in der Cloud. Zus\u00e4tzlich k\u00f6nnen Sie an beliebigen Orten beliebig viele Slave-Anlagen installieren. Diese Slave-Anlagen verbinden sich nicht nur zum Master, sondern wenn m\u00f6glich auch untereinander.<br \/>\nDie Benutzerdatenbank und die\u00a0<strong>ACLs<\/strong>\u00a0(Zugriffssteuerungslisten) werden \u00fcber das gesamte Netzwerk hinweg\u00a0<strong>synchronisiert<\/strong>. Anrufe, Chats, Videotelefonie und Anwesenheitsinformationen werden von Slave zu Slave \u00fcbermittelt. Wenn eine direkte Kommunikation zwischen den Slave-Anlagen nicht m\u00f6glich ist, wird der Master als Proxy genutzt.<\/p>\n<p><strong>Welchen Zweck erf\u00fcllt das?<br \/>\n<\/strong><\/p>\n<ul>\n<li>M\u00fcssen Sie st\u00e4ndig in der Lage sein, einen Notruf absetzen zu k\u00f6nnen? Mit einer Slave-Anlage, die sowohl mit der Cloud als auch einer ISDN-Leitung verbunden ist, ist dies jederzeit gew\u00e4hrleistet \u2013 auch bei einem Internetausfall!<\/li>\n<li>Haben Sie in einigen Ihrer Niederlassung eine langsame und unzuverl\u00e4ssige Internetanbindung? Das ist kein Problem. Der operative Betrieb wird mit lokalen Leitungen sichergestellt \u2013 unabh\u00e4ngig von Qualit\u00e4t und Verf\u00fcgbarkeit der Internetverbindung.<\/li>\n<li>Ist Ihr Unternehmen international t\u00e4tig? Ihre Niederlassungen in anderen L\u00e4ndern k\u00f6nnen unabh\u00e4ngig von der zentralen Infrastruktur arbeiten.<\/li>\n<\/ul>\n[\/vc_column_text][\/mk_content_box][\/vc_column][\/vc_row][vc_row][vc_column][mk_padding_divider][vc_zigzag color=&#8220;orange&#8220; el_width=&#8220;60&#8243;][mk_padding_divider][\/vc_column][\/vc_row][vc_row][vc_column width=&#8220;1\/2&#8243;][mk_padding_divider size=&#8220;50&#8243; visibility=&#8220;visible-dt&#8220;][vc_column_text align=&#8220;center&#8220; css=&#8220;.vc_custom_1524144911708{margin-bottom: 0px !important;}&#8220;]\n<h4>SO LEICHT KANN EINFACH SEIN!<\/h4>\n<p><strong>Aktivieren Sie mit nur einem Klick Ihre Cloud PBX.<br \/>\n<\/strong>Perfekt in das Wildix Management Portal integriert.[\/vc_column_text][mk_padding_divider][\/vc_column][vc_column width=&#8220;1\/2&#8243;][mk_image src=&#8220;https:\/\/old.wildix.com\/wp-content\/uploads\/2018\/04\/slide-cloud-new.001-1.jpg&#8220; image_size=&#8220;medium&#8220; align=&#8220;center&#8220;][mk_padding_divider][\/vc_column][\/vc_row][mk_page_section bg_gradient=&#8220;left_top&#8220; video_color_mask=&#8220;#90f3f2&#8243; gr_end=&#8220;#003366&#8243; video_opacity=&#8220;0.9&#8243; min_height=&#8220;200&#8243; full_width=&#8220;true&#8220; padding_top=&#8220;0&#8243; padding_bottom=&#8220;0&#8243; sidebar=&#8220;sidebar-1&#8243;][vc_column][vc_row_inner is_fullwidth_content=&#8220;false&#8220;][vc_column_inner][vc_empty_space height=&#8220;50px&#8220;][mk_font_icons icon=&#8220;mk-moon-blog&#8220; color=&#8220;#003366&#8243; size=&#8220;large&#8220; circle=&#8220;true&#8220; circle_color=&#8220;#ffffff&#8220; circle_border_color=&#8220;#ffffff&#8220; align=&#8220;center&#8220;][vc_empty_space][mk_fancy_title tag_name=&#8220;span&#8220; color=&#8220;#ffffff&#8220; size=&#8220;35&#8243; force_font_size=&#8220;true&#8220; size_smallscreen=&#8220;30&#8243; size_tablet=&#8220;30&#8243; size_phone=&#8220;25&#8243; font_weight=&#8220;600&#8243; font_style=&#8220;normal&#8220; txt_transform=&#8220;uppercase&#8220; font_family=&#8220;none&#8220; align=&#8220;center&#8220;]\n<p style=\"text-align: center;\"><a href=\"https:\/\/blog.wildix.com\/de\/wildix-cloud\/\" target=\"_blank\" rel=\"noopener\">Read the Blog Article<\/a><\/p>\n[\/mk_fancy_title][vc_empty_space height=&#8220;50px&#8220;][\/vc_column_inner][\/vc_row_inner][\/vc_column][\/mk_page_section]\n<\/section>","protected":false},"excerpt":{"rendered":"<p>[mk_page_section bg_gradient=&#8220;left_top&#8220; video_color_mask=&#8220;#003366&#8243; gr_end=&#8220;#90f3f2&#8243; video_opacity=&#8220;0.9&#8243; min_height=&#8220;250&#8243; full_width=&#8220;true&#8220; padding_top=&#8220;0&#8243; padding_bottom=&#8220;0&#8243; sidebar=&#8220;sidebar-1&#8243; first_page=&#8220;false&#8220; last_page=&#8220;false&#8220;][vc_column][mk_padding_divider size=&#8220;120&#8243; visibility=&#8220;hidden-sm&#8220;][mk_padding_divider size=&#8220;70&#8243; visibility=&#8220;visible-sm&#8220;][mk_fancy_title tag_name=&#8220;h1&#8243; color=&#8220;#ffffff&#8220; size=&#8220;70&#8243; force_font_size=&#8220;true&#8220; size_smallscreen=&#8220;60&#8243; size_tablet=&#8220;50&#8243; size_phone=&#8220;40&#8243; font_weight=&#8220;300&#8243; font_style=&#8220;normal&#8220; txt_transform=&#8220;none&#8220; margin_bottom=&#8220;0&#8243; font_family=&#8220;none&#8220; align=&#8220;center&#8220;]Wildix Cloud PBX[\/mk_fancy_title][mk_fancy_title tag_name=&#8220;span&#8220; color=&#8220;#ffffff&#8220; size=&#8220;24&#8243; force_font_size=&#8220;true&#8220; size_smallscreen=&#8220;22&#8243; size_tablet=&#8220;22&#8243; size_phone=&#8220;20&#8243; font_weight=&#8220;300&#8243; font_style=&#8220;normal&#8220; txt_transform=&#8220;none&#8220; margin_bottom=&#8220;0&#8243; font_family=&#8220;none&#8220; align=&#8220;center&#8220;]Leistungsstarke Wildix-Technik kombiniert mit grenzenloser Verf\u00fcgbarkeit[\/mk_fancy_title][mk_padding_divider size=&#8220;30&#8243;][\/vc_column][\/mk_page_section][vc_row][vc_column][mk_padding_divider size=&#8220;120&#8243;][\/vc_column][\/vc_row][vc_row][vc_column][vc_column_text align=&#8220;center&#8220; css=&#8220;.vc_custom_1524144681266{margin-bottom: 0px !important;}&#8220;] [&hellip;]<\/p>\n","protected":false},"author":1,"featured_media":0,"parent":0,"menu_order":10,"comment_status":"closed","ping_status":"closed","template":"","meta":{"wpupg_custom_link":[],"wpupg_custom_link_behaviour":[],"wpupg_custom_image":[],"wpupg_custom_image_id":[],"footnotes":""},"acf":[],"yoast_head":"<!-- This site is optimized with the Yoast SEO plugin v21.8 - https:\/\/yoast.com\/wordpress\/plugins\/seo\/ -->\n<title>Die Wildix Cloud<\/title>\n<meta name=\"description\" content=\"Leistungsstarke Wildix-Technik kombiniert mit grenzenloser Verf\u00fcgbarkeit\" \/>\n<meta name=\"robots\" content=\"noindex, follow, max-snippet:-1, max-image-preview:large, max-video-preview:-1\" \/>\n<meta property=\"og:locale\" content=\"de_DE\" \/>\n<meta property=\"og:type\" content=\"article\" \/>\n<meta property=\"og:title\" content=\"Die Wildix Cloud\" \/>\n<meta property=\"og:description\" content=\"Leistungsstarke Wildix-Technik kombiniert mit grenzenloser Verf\u00fcgbarkeit\" \/>\n<meta property=\"og:url\" content=\"https:\/\/old.wildix.com\/de\/voip-pbx-cloud\/\" \/>\n<meta property=\"og:site_name\" content=\"Wildix\" \/>\n<meta property=\"article:modified_time\" content=\"2018-07-24T11:52:39+00:00\" \/>\n<meta name=\"twitter:card\" content=\"summary_large_image\" \/>\n<meta name=\"twitter:label1\" content=\"Gesch\u00e4tzte Lesezeit\" \/>\n\t<meta name=\"twitter:data1\" content=\"5 Minuten\" \/>\n<script type=\"application\/ld+json\" class=\"yoast-schema-graph\">{\"@context\":\"https:\/\/schema.org\",\"@graph\":[{\"@type\":\"WebPage\",\"@id\":\"https:\/\/old.wildix.com\/de\/voip-pbx-cloud\/\",\"url\":\"https:\/\/old.wildix.com\/de\/voip-pbx-cloud\/\",\"name\":\"Die Wildix Cloud\",\"isPartOf\":{\"@id\":\"https:\/\/old.wildix.com\/#website\"},\"datePublished\":\"2018-04-18T09:25:12+00:00\",\"dateModified\":\"2018-07-24T11:52:39+00:00\",\"description\":\"Leistungsstarke Wildix-Technik kombiniert mit grenzenloser Verf\u00fcgbarkeit\",\"breadcrumb\":{\"@id\":\"https:\/\/old.wildix.com\/de\/voip-pbx-cloud\/#breadcrumb\"},\"inLanguage\":\"de-DE\",\"potentialAction\":[{\"@type\":\"ReadAction\",\"target\":[\"https:\/\/old.wildix.com\/de\/voip-pbx-cloud\/\"]}]},{\"@type\":\"BreadcrumbList\",\"@id\":\"https:\/\/old.wildix.com\/de\/voip-pbx-cloud\/#breadcrumb\",\"itemListElement\":[{\"@type\":\"ListItem\",\"position\":1,\"name\":\"Home\",\"item\":\"https:\/\/old.wildix.com\/\"},{\"@type\":\"ListItem\",\"position\":2,\"name\":\"Die Wildix Cloud\"}]},{\"@type\":\"WebSite\",\"@id\":\"https:\/\/old.wildix.com\/#website\",\"url\":\"https:\/\/old.wildix.com\/\",\"name\":\"Wildix\",\"description\":\"Wildix PBX | VoIP Solutions | Unified Communications | WebRTC\",\"publisher\":{\"@id\":\"https:\/\/old.wildix.com\/#organization\"},\"potentialAction\":[{\"@type\":\"SearchAction\",\"target\":{\"@type\":\"EntryPoint\",\"urlTemplate\":\"https:\/\/old.wildix.com\/?s={search_term_string}\"},\"query-input\":\"required name=search_term_string\"}],\"inLanguage\":\"de-DE\"},{\"@type\":\"Organization\",\"@id\":\"https:\/\/old.wildix.com\/#organization\",\"name\":\"Wildix\",\"url\":\"https:\/\/old.wildix.com\/\",\"logo\":{\"@type\":\"ImageObject\",\"inLanguage\":\"de-DE\",\"@id\":\"https:\/\/old.wildix.com\/#\/schema\/logo\/image\/\",\"url\":\"https:\/\/old.wildix.com\/wp-content\/uploads\/2018\/04\/wildix-logo-2.png\",\"contentUrl\":\"https:\/\/old.wildix.com\/wp-content\/uploads\/2018\/04\/wildix-logo-2.png\",\"width\":440,\"height\":200,\"caption\":\"Wildix\"},\"image\":{\"@id\":\"https:\/\/old.wildix.com\/#\/schema\/logo\/image\/\"}}]}<\/script>\n<!-- \/ Yoast SEO plugin. -->","yoast_head_json":{"title":"Die Wildix Cloud","description":"Leistungsstarke Wildix-Technik kombiniert mit grenzenloser Verf\u00fcgbarkeit","robots":{"index":"noindex","follow":"follow","max-snippet":"max-snippet:-1","max-image-preview":"max-image-preview:large","max-video-preview":"max-video-preview:-1"},"og_locale":"de_DE","og_type":"article","og_title":"Die Wildix Cloud","og_description":"Leistungsstarke Wildix-Technik kombiniert mit grenzenloser Verf\u00fcgbarkeit","og_url":"https:\/\/old.wildix.com\/de\/voip-pbx-cloud\/","og_site_name":"Wildix","article_modified_time":"2018-07-24T11:52:39+00:00","twitter_card":"summary_large_image","twitter_misc":{"Gesch\u00e4tzte Lesezeit":"5 Minuten"},"schema":{"@context":"https:\/\/schema.org","@graph":[{"@type":"WebPage","@id":"https:\/\/old.wildix.com\/de\/voip-pbx-cloud\/","url":"https:\/\/old.wildix.com\/de\/voip-pbx-cloud\/","name":"Die Wildix Cloud","isPartOf":{"@id":"https:\/\/old.wildix.com\/#website"},"datePublished":"2018-04-18T09:25:12+00:00","dateModified":"2018-07-24T11:52:39+00:00","description":"Leistungsstarke Wildix-Technik kombiniert mit grenzenloser Verf\u00fcgbarkeit","breadcrumb":{"@id":"https:\/\/old.wildix.com\/de\/voip-pbx-cloud\/#breadcrumb"},"inLanguage":"de-DE","potentialAction":[{"@type":"ReadAction","target":["https:\/\/old.wildix.com\/de\/voip-pbx-cloud\/"]}]},{"@type":"BreadcrumbList","@id":"https:\/\/old.wildix.com\/de\/voip-pbx-cloud\/#breadcrumb","itemListElement":[{"@type":"ListItem","position":1,"name":"Home","item":"https:\/\/old.wildix.com\/"},{"@type":"ListItem","position":2,"name":"Die Wildix Cloud"}]},{"@type":"WebSite","@id":"https:\/\/old.wildix.com\/#website","url":"https:\/\/old.wildix.com\/","name":"Wildix","description":"Wildix PBX | VoIP Solutions | Unified Communications | WebRTC","publisher":{"@id":"https:\/\/old.wildix.com\/#organization"},"potentialAction":[{"@type":"SearchAction","target":{"@type":"EntryPoint","urlTemplate":"https:\/\/old.wildix.com\/?s={search_term_string}"},"query-input":"required name=search_term_string"}],"inLanguage":"de-DE"},{"@type":"Organization","@id":"https:\/\/old.wildix.com\/#organization","name":"Wildix","url":"https:\/\/old.wildix.com\/","logo":{"@type":"ImageObject","inLanguage":"de-DE","@id":"https:\/\/old.wildix.com\/#\/schema\/logo\/image\/","url":"https:\/\/old.wildix.com\/wp-content\/uploads\/2018\/04\/wildix-logo-2.png","contentUrl":"https:\/\/old.wildix.com\/wp-content\/uploads\/2018\/04\/wildix-logo-2.png","width":440,"height":200,"caption":"Wildix"},"image":{"@id":"https:\/\/old.wildix.com\/#\/schema\/logo\/image\/"}}]}},"_links":{"self":[{"href":"https:\/\/old.wildix.com\/de\/wp-json\/wp\/v2\/pages\/7811597"}],"collection":[{"href":"https:\/\/old.wildix.com\/de\/wp-json\/wp\/v2\/pages"}],"about":[{"href":"https:\/\/old.wildix.com\/de\/wp-json\/wp\/v2\/types\/page"}],"author":[{"embeddable":true,"href":"https:\/\/old.wildix.com\/de\/wp-json\/wp\/v2\/users\/1"}],"replies":[{"embeddable":true,"href":"https:\/\/old.wildix.com\/de\/wp-json\/wp\/v2\/comments?post=7811597"}],"version-history":[{"count":0,"href":"https:\/\/old.wildix.com\/de\/wp-json\/wp\/v2\/pages\/7811597\/revisions"}],"wp:attachment":[{"href":"https:\/\/old.wildix.com\/de\/wp-json\/wp\/v2\/media?parent=7811597"}],"curies":[{"name":"wp","href":"https:\/\/api.w.org\/{rel}","templated":true}]}}