{"id":7811750,"date":"2018-04-18T10:10:39","date_gmt":"2018-04-18T10:10:39","guid":{"rendered":"https:\/\/old2.wildix.com\/?page_id=7811750"},"modified":"2022-09-05T13:09:38","modified_gmt":"2022-09-05T13:09:38","slug":"tapi-integrationen","status":"publish","type":"page","link":"https:\/\/old.wildix.com\/de\/tapi-integrationen\/","title":{"rendered":"TAPI-Integrationen"},"content":{"rendered":"<section class=\"wpb-content-wrapper\">[mk_page_section bg_color=&#8220;#003366&#8243; video_color_mask=&#8220;#003366&#8243; video_opacity=&#8220;0.9&#8243; min_height=&#8220;250&#8243; full_width=&#8220;true&#8220; padding_top=&#8220;0&#8243; padding_bottom=&#8220;0&#8243; sidebar=&#8220;sidebar-1&#8243; first_page=&#8220;false&#8220; last_page=&#8220;false&#8220;][vc_column][mk_padding_divider size=&#8220;120&#8243; visibility=&#8220;hidden-sm&#8220;][mk_padding_divider size=&#8220;70&#8243; visibility=&#8220;visible-sm&#8220;][mk_fancy_title tag_name=&#8220;h1&#8243; color=&#8220;#ffffff&#8220; size=&#8220;60&#8243; force_font_size=&#8220;true&#8220; size_smallscreen=&#8220;45&#8243; size_tablet=&#8220;35&#8243; size_phone=&#8220;35&#8243; font_weight=&#8220;300&#8243; font_style=&#8220;normal&#8220; txt_transform=&#8220;none&#8220; margin_bottom=&#8220;0&#8243; font_family=&#8220;none&#8220; align=&#8220;center&#8220;]Integrieren Sie Ihre Web und<br \/>\nManagement-Anwendungen mit Wildix[\/mk_fancy_title][mk_fancy_title tag_name=&#8220;span&#8220; color=&#8220;#ffffff&#8220; size=&#8220;24&#8243; force_font_size=&#8220;true&#8220; size_smallscreen=&#8220;22&#8243; size_tablet=&#8220;22&#8243; size_phone=&#8220;20&#8243; font_weight=&#8220;300&#8243; font_style=&#8220;normal&#8220; txt_transform=&#8220;none&#8220; margin_bottom=&#8220;0&#8243; font_family=&#8220;none&#8220; align=&#8220;center&#8220;]Integration in Windows und Web-Applikationen[\/mk_fancy_title][mk_padding_divider size=&#8220;30&#8243;][\/vc_column][\/mk_page_section][vc_row][vc_column][mk_padding_divider size=&#8220;50&#8243;][vc_column_text css=&#8220;.vc_custom_1572863811634{margin-bottom: 0px !important;}&#8220;]Dank Wildix WebAPI und TAPI kann Sie die Telefonanlage problemlos <b>mit den in Ihrem Unternehmen bereits genutzten Software-Anwendungen integrieren<\/b>. Nutzen Sie diesen Wettbewerbsvorteil und verbinden Sie Ihre Telefonanlage, Ihre Website und Ihre Kunden![\/vc_column_text][mk_testimonials style=&#8220;boxed&#8220; testimonials=&#8220;7842212&#8243;][\/vc_column][\/vc_row][vc_row fullwidth=&#8220;true&#8220; fullwidth_content=&#8220;false&#8220;][vc_column][mk_divider style=&#8220;thin_solid&#8220; margin_top=&#8220;10&#8243; margin_bottom=&#8220;30&#8243;][mk_fancy_title size=&#8220;28&#8243; force_font_size=&#8220;true&#8220; size_smallscreen=&#8220;25&#8243; size_tablet=&#8220;25&#8243; size_phone=&#8220;20&#8243; margin_top=&#8220;20&#8243; margin_bottom=&#8220;30&#8243; font_family=&#8220;none&#8220; align=&#8220;center&#8220;]WILDIX WEB API f\u00fcr Web-Anwendungen[\/mk_fancy_title][vc_row_inner][vc_column_inner width=&#8220;1\/2&#8243;][vc_column_text css=&#8220;.vc_custom_1572829362601{margin-bottom: 0px !important;}&#8220;]Die <i>Wildix Web API<\/i> eignet sich f\u00fcr die Integration in CRM-Systeme, ERP-Software sowie Web-Anwendungen. \u00dcber die Javascript Telephony API ist es m\u00f6glich, die mit der Wildix-Telefonanlage verbundenen Endger\u00e4te zu verwalten. Mit der Wildix Web API k\u00f6nnen Sie benutzerdefinierte Dashboards erstellen, mit denen Sie ein Contact Center mit erweiterten Funktionen einfach verwalten k\u00f6nnen.<\/p>\n<p>Dar\u00fcber hinaus bietet sie ein <b>Chat<\/b>-Plugin und Informationen zur <b>Anwesenheit <\/b>und den Aktivit\u00e4ten der Kollegen. Im Zusammenspiel mit der Zero-Distance-Anwendung kann die Wildix WebAPI auch f\u00fcr <b>Videotelefonie<\/b> genutzt werden. Bei Bedarf verwandelt die WebAPI auch eine beliebige Webseite in eine vollwertige Vermittlungskonsole.[\/vc_column_text][\/vc_column_inner][vc_column_inner width=&#8220;1\/2&#8243;][mk_image src=&#8220;https:\/\/old.wildix.com\/wp-content\/uploads\/2021\/03\/webapi-scheme.jpg&#8220; image_size=&#8220;full&#8220; align=&#8220;center&#8220;][\/vc_column_inner][\/vc_row_inner][mk_padding_divider][\/vc_column][\/vc_row][vc_row fullwidth=&#8220;true&#8220; fullwidth_content=&#8220;false&#8220;][vc_column][mk_divider style=&#8220;thin_solid&#8220; margin_top=&#8220;10&#8243; margin_bottom=&#8220;30&#8243;][vc_row_inner][vc_column_inner width=&#8220;1\/2&#8243;][mk_fancy_title size=&#8220;28&#8243; force_font_size=&#8220;true&#8220; size_smallscreen=&#8220;25&#8243; size_tablet=&#8220;25&#8243; size_phone=&#8220;20&#8243; margin_top=&#8220;20&#8243; margin_bottom=&#8220;30&#8243; font_family=&#8220;none&#8220;]Wildix WEB API Features:[\/mk_fancy_title][mk_custom_list style=&#8220;mk-icon-paper-plane-o&#8220; icon_color=&#8220;#dd9933&#8243; align=&#8220;left&#8220;]\n<ul>\n<li>Anruf t\u00e4tigen<\/li>\n<li>Auflegen<\/li>\n<li>Anruf entgegennehmen<\/li>\n<li>Anruf halten und fortsetzen<\/li>\n<li>Gespr\u00e4che aufzeichnen<\/li>\n<li>Anrufweiterleitung mit und ohne R\u00fcckfrage<\/li>\n<li>Empfang von Benachrichtigungen<\/li>\n<li>\u00dcberwachung aktiver Gespr\u00e4che<\/li>\n<li>Austausch von Chat-Nachrichten mit anderen Nutzern<\/li>\n<li>Informationen zu Anwesenheitsstatus und Aufenthaltsort (Geolokalisierung) von Nutzern<\/li>\n<li>Eigenen Status und Aufenthaltsort angeben und kommunizieren<\/li>\n<li>Steuerung von Wildix-Endger\u00e4ten<\/li>\n<\/ul>\n[\/mk_custom_list][\/vc_column_inner][vc_column_inner width=&#8220;1\/2&#8243;][mk_fancy_title size=&#8220;28&#8243; force_font_size=&#8220;true&#8220; size_smallscreen=&#8220;25&#8243; size_tablet=&#8220;25&#8243; size_phone=&#8220;20&#8243; margin_top=&#8220;20&#8243; margin_bottom=&#8220;30&#8243; font_family=&#8220;none&#8220;]Voraussetzungen:[\/mk_fancy_title][mk_custom_list style=&#8220;mk-icon-bullhorn&#8220; align=&#8220;left&#8220;]\n<ul>\n<li>Die Telefonanlage ist \u00fcber das Web aufrufbar<\/li>\n<li>UC-Business oder UC-Premium Lizenz<\/li>\n<\/ul>\n[\/mk_custom_list][vc_column_text css=&#8220;.vc_custom_1572828815565{margin-bottom: 0px !important;}&#8220;]<strong>Die Wildix WebAPI ist kompatibel zu folgenden (und aktuelleren) Browserversionen:<\/strong>[\/vc_column_text][mk_custom_list style=&#8220;mk-icon-bullhorn&#8220; align=&#8220;left&#8220;]\n<ul>\n<li>Firefox 21<\/li>\n<li>Opera 12<\/li>\n<li>Google Chrome 27<\/li>\n<li>Safari 6<\/li>\n<li>IE 10<\/li>\n<\/ul>\n[\/mk_custom_list][\/vc_column_inner][\/vc_row_inner][mk_padding_divider][\/vc_column][\/vc_row][vc_row css=&#8220;.vc_custom_1569938309257{margin-top: 0px !important;border-top-width: 0px !important;padding-top: 0px !important;}&#8220;][vc_column][mk_divider style=&#8220;thin_solid&#8220; thin_color_style=&#8220;gradient_color&#8220; thin_grandient_color_from=&#8220;#3edbd9&#8243; thin_grandient_color_to=&#8220;#5841b8&#8243; thin_gradient_color_angle=&#8220;horizontal&#8220; thin_grandient_color_fallback=&#8220;#3edbd9&#8243; thickness=&#8220;5&#8243; margin_top=&#8220;0&#8243;][\/vc_column][\/vc_row][vc_row css=&#8220;.vc_custom_1569938304905{background-color: #ffffff !important;}&#8220;][vc_column width=&#8220;1\/3&#8243;][\/vc_column][vc_column width=&#8220;1\/3&#8243;][mk_padding_divider][mk_button dimension=&#8220;flat&#8220; corner_style=&#8220;rounded&#8220; size=&#8220;medium&#8220; icon=&#8220;mk-jupiter-icon-doc&#8220; icon_anim=&#8220;side&#8220; url=&#8220;https:\/\/wildix.atlassian.net\/wiki\/x\/MA-OAQ&#8220; target=&#8220;_blank&#8220; fullwidth=&#8220;true&#8220; bg_color=&#8220;#3c72a2&#8243; btn_hover_txt_color=&#8220;#ffffff&#8220;]Wildix Web API Dokumentation[\/mk_button][mk_padding_divider size=&#8220;20&#8243;][\/vc_column][vc_column width=&#8220;1\/3&#8243;][\/vc_column][\/vc_row][vc_row fullwidth=&#8220;true&#8220; fullwidth_content=&#8220;false&#8220;][vc_column][mk_divider style=&#8220;thin_solid&#8220; margin_top=&#8220;10&#8243; margin_bottom=&#8220;30&#8243;][mk_fancy_title size=&#8220;28&#8243; force_font_size=&#8220;true&#8220; size_smallscreen=&#8220;25&#8243; size_tablet=&#8220;25&#8243; size_phone=&#8220;20&#8243; margin_top=&#8220;20&#8243; margin_bottom=&#8220;30&#8243; font_family=&#8220;none&#8220; align=&#8220;center&#8220;]Wildix TAPI f\u00fcr Windows-Anwendungen[\/mk_fancy_title][vc_row_inner][vc_column_inner width=&#8220;1\/2&#8243;][vc_column_text css=&#8220;.vc_custom_1572829068103{margin-bottom: 0px !important;}&#8220;]Die <i>Wildix TAPI <\/i>bietet alle grundlegenden Anruffunktionen (wie <b>W\u00e4hlen, Entgegennehmen, Auflegen<\/b>) und auch einige weiterf\u00fchrende Funktionen (wie <b>Halten, Wiederaufnehmen, Weiterleitung, Konferenzschaltung<\/b>).[\/vc_column_text][mk_fancy_title size=&#8220;28&#8243; force_font_size=&#8220;true&#8220; size_smallscreen=&#8220;25&#8243; size_tablet=&#8220;25&#8243; size_phone=&#8220;20&#8243; margin_top=&#8220;20&#8243; margin_bottom=&#8220;30&#8243; font_family=&#8220;none&#8220;]W-TAPI Features:[\/mk_fancy_title][mk_custom_list style=&#8220;mk-icon-paper-plane-o&#8220; icon_color=&#8220;#dd9933&#8243; align=&#8220;left&#8220;]\n<ul>\n<li>Multiline (zur \u00dcberwachung mehrerer Nutzer)<\/li>\n<li>Funktioniert sowohl im lokalen Netzwerk als auch im Internet<\/li>\n<li>Verwendet einen 5060 UDP-Port<\/li>\n<li>SIP-Unterst\u00fctzung<\/li>\n<li>TSP ist kompatibel zu TAPI 2.1 und TAPI 3.0<\/li>\n<li>Kompatibel zu Windows XP und aktuelleren Windows-Versionen (32- und 64-Bit)<\/li>\n<li>Wildix-Endger\u00e4te werden unterst\u00fctzt<\/li>\n<\/ul>\n[\/mk_custom_list][\/vc_column_inner][vc_column_inner width=&#8220;1\/2&#8243;][mk_image src=&#8220;https:\/\/old.wildix.com\/wp-content\/uploads\/2021\/03\/w-tapi-scheme.jpg&#8220; image_size=&#8220;full&#8220; align=&#8220;center&#8220;][\/vc_column_inner][\/vc_row_inner][mk_padding_divider][\/vc_column][\/vc_row][vc_row fullwidth=&#8220;true&#8220; fullwidth_content=&#8220;false&#8220; css=&#8220;.vc_custom_1563980243307{background-color: #003366 !important;}&#8220;][vc_column][mk_padding_divider][vc_row_inner][vc_column_inner width=&#8220;1\/2&#8243;][mk_button dimension=&#8220;flat&#8220; corner_style=&#8220;rounded&#8220; size=&#8220;large&#8220; icon=&#8220;mk-moon-arrow-left&#8220; icon_anim=&#8220;side&#8220; url=&#8220;\/de\/mobile-apps\/&#8220; align=&#8220;right&#8220; button_custom_width=&#8220;200&#8243; bg_color=&#8220;#dd9933&#8243; btn_hover_txt_color=&#8220;#ffffff&#8220;]Zur\u00fcck[\/mk_button][\/vc_column_inner][vc_column_inner width=&#8220;1\/2&#8243;][mk_button dimension=&#8220;flat&#8220; corner_style=&#8220;rounded&#8220; size=&#8220;large&#8220; icon=&#8220;mk-moon-arrow-right-2&#8243; icon_anim=&#8220;side&#8220; url=&#8220;\/de\/cloud-voip-pbx\/&#8220; button_custom_width=&#8220;200&#8243; bg_color=&#8220;#dd9933&#8243; btn_hover_txt_color=&#8220;#ffffff&#8220;]Weiter[\/mk_button][\/vc_column_inner][\/vc_row_inner][mk_padding_divider size=&#8220;20&#8243;][\/vc_column][\/vc_row]\n<\/section>","protected":false},"excerpt":{"rendered":"<p>[mk_page_section bg_color=&#8220;#003366&#8243; video_color_mask=&#8220;#003366&#8243; video_opacity=&#8220;0.9&#8243; min_height=&#8220;250&#8243; full_width=&#8220;true&#8220; padding_top=&#8220;0&#8243; padding_bottom=&#8220;0&#8243; sidebar=&#8220;sidebar-1&#8243; first_page=&#8220;false&#8220; last_page=&#8220;false&#8220;][vc_column][mk_padding_divider size=&#8220;120&#8243; visibility=&#8220;hidden-sm&#8220;][mk_padding_divider size=&#8220;70&#8243; visibility=&#8220;visible-sm&#8220;][mk_fancy_title tag_name=&#8220;h1&#8243; color=&#8220;#ffffff&#8220; size=&#8220;60&#8243; force_font_size=&#8220;true&#8220; size_smallscreen=&#8220;45&#8243; size_tablet=&#8220;35&#8243; size_phone=&#8220;35&#8243; font_weight=&#8220;300&#8243; font_style=&#8220;normal&#8220; txt_transform=&#8220;none&#8220; margin_bottom=&#8220;0&#8243; font_family=&#8220;none&#8220; align=&#8220;center&#8220;]Integrieren Sie Ihre Web und Management-Anwendungen mit Wildix[\/mk_fancy_title][mk_fancy_title tag_name=&#8220;span&#8220; color=&#8220;#ffffff&#8220; size=&#8220;24&#8243; force_font_size=&#8220;true&#8220; size_smallscreen=&#8220;22&#8243; size_tablet=&#8220;22&#8243; size_phone=&#8220;20&#8243; font_weight=&#8220;300&#8243; font_style=&#8220;normal&#8220; txt_transform=&#8220;none&#8220; margin_bottom=&#8220;0&#8243; font_family=&#8220;none&#8220; align=&#8220;center&#8220;]Integration in Windows und Web-Applikationen[\/mk_fancy_title][mk_padding_divider size=&#8220;30&#8243;][\/vc_column][\/mk_page_section][vc_row][vc_column][mk_padding_divider size=&#8220;50&#8243;][vc_column_text css=&#8220;.vc_custom_1572863811634{margin-bottom: [&hellip;]<\/p>\n","protected":false},"author":1,"featured_media":0,"parent":0,"menu_order":10,"comment_status":"closed","ping_status":"closed","template":"","meta":{"wpupg_custom_link":[],"wpupg_custom_link_behaviour":["default"],"wpupg_custom_image":[],"wpupg_custom_image_id":[],"footnotes":""},"acf":[],"yoast_head":"<!-- This site is optimized with the Yoast SEO plugin v21.8 - https:\/\/yoast.com\/wordpress\/plugins\/seo\/ -->\n<title>TAPI-Integrationen: Wildix TAPI und WebAPI<\/title>\n<meta name=\"description\" content=\"W-TAPI auf jeder Wildix PBX-Anlage aktiviert werden kann. W-\u00adTAPI erlaubt Durchf\u00fchrung aller Anrufe von Windows-Anwendungen oder Webseiten\" \/>\n<meta name=\"robots\" content=\"noindex, follow, max-snippet:-1, max-image-preview:large, max-video-preview:-1\" \/>\n<meta property=\"og:locale\" content=\"de_DE\" \/>\n<meta property=\"og:type\" content=\"article\" \/>\n<meta property=\"og:title\" content=\"TAPI-Integrationen: Wildix TAPI und WebAPI\" \/>\n<meta property=\"og:description\" content=\"W-TAPI auf jeder Wildix PBX-Anlage aktiviert werden kann. W-\u00adTAPI erlaubt Durchf\u00fchrung aller Anrufe von Windows-Anwendungen oder Webseiten\" \/>\n<meta property=\"og:url\" content=\"https:\/\/old.wildix.com\/de\/tapi-integrationen\/\" \/>\n<meta property=\"og:site_name\" content=\"Wildix\" \/>\n<meta property=\"article:modified_time\" content=\"2022-09-05T13:09:38+00:00\" \/>\n<meta name=\"twitter:card\" content=\"summary_large_image\" \/>\n<meta name=\"twitter:label1\" content=\"Gesch\u00e4tzte Lesezeit\" \/>\n\t<meta name=\"twitter:data1\" content=\"5 Minuten\" \/>\n<script type=\"application\/ld+json\" class=\"yoast-schema-graph\">{\"@context\":\"https:\/\/schema.org\",\"@graph\":[{\"@type\":\"WebPage\",\"@id\":\"https:\/\/old.wildix.com\/de\/tapi-integrationen\/\",\"url\":\"https:\/\/old.wildix.com\/de\/tapi-integrationen\/\",\"name\":\"TAPI-Integrationen: Wildix TAPI und WebAPI\",\"isPartOf\":{\"@id\":\"https:\/\/old.wildix.com\/#website\"},\"datePublished\":\"2018-04-18T10:10:39+00:00\",\"dateModified\":\"2022-09-05T13:09:38+00:00\",\"description\":\"W-TAPI auf jeder Wildix PBX-Anlage aktiviert werden kann. W-\u00adTAPI erlaubt Durchf\u00fchrung aller Anrufe von Windows-Anwendungen oder Webseiten\",\"breadcrumb\":{\"@id\":\"https:\/\/old.wildix.com\/de\/tapi-integrationen\/#breadcrumb\"},\"inLanguage\":\"de-DE\",\"potentialAction\":[{\"@type\":\"ReadAction\",\"target\":[\"https:\/\/old.wildix.com\/de\/tapi-integrationen\/\"]}]},{\"@type\":\"BreadcrumbList\",\"@id\":\"https:\/\/old.wildix.com\/de\/tapi-integrationen\/#breadcrumb\",\"itemListElement\":[{\"@type\":\"ListItem\",\"position\":1,\"name\":\"Home\",\"item\":\"https:\/\/old.wildix.com\/\"},{\"@type\":\"ListItem\",\"position\":2,\"name\":\"TAPI-Integrationen\"}]},{\"@type\":\"WebSite\",\"@id\":\"https:\/\/old.wildix.com\/#website\",\"url\":\"https:\/\/old.wildix.com\/\",\"name\":\"Wildix\",\"description\":\"Wildix PBX | VoIP Solutions | Unified Communications | WebRTC\",\"publisher\":{\"@id\":\"https:\/\/old.wildix.com\/#organization\"},\"potentialAction\":[{\"@type\":\"SearchAction\",\"target\":{\"@type\":\"EntryPoint\",\"urlTemplate\":\"https:\/\/old.wildix.com\/?s={search_term_string}\"},\"query-input\":\"required name=search_term_string\"}],\"inLanguage\":\"de-DE\"},{\"@type\":\"Organization\",\"@id\":\"https:\/\/old.wildix.com\/#organization\",\"name\":\"Wildix\",\"url\":\"https:\/\/old.wildix.com\/\",\"logo\":{\"@type\":\"ImageObject\",\"inLanguage\":\"de-DE\",\"@id\":\"https:\/\/old.wildix.com\/#\/schema\/logo\/image\/\",\"url\":\"https:\/\/old.wildix.com\/wp-content\/uploads\/2018\/04\/wildix-logo-2.png\",\"contentUrl\":\"https:\/\/old.wildix.com\/wp-content\/uploads\/2018\/04\/wildix-logo-2.png\",\"width\":440,\"height\":200,\"caption\":\"Wildix\"},\"image\":{\"@id\":\"https:\/\/old.wildix.com\/#\/schema\/logo\/image\/\"}}]}<\/script>\n<!-- \/ Yoast SEO plugin. -->","yoast_head_json":{"title":"TAPI-Integrationen: Wildix TAPI und WebAPI","description":"W-TAPI auf jeder Wildix PBX-Anlage aktiviert werden kann. W-\u00adTAPI erlaubt Durchf\u00fchrung aller Anrufe von Windows-Anwendungen oder Webseiten","robots":{"index":"noindex","follow":"follow","max-snippet":"max-snippet:-1","max-image-preview":"max-image-preview:large","max-video-preview":"max-video-preview:-1"},"og_locale":"de_DE","og_type":"article","og_title":"TAPI-Integrationen: Wildix TAPI und WebAPI","og_description":"W-TAPI auf jeder Wildix PBX-Anlage aktiviert werden kann. W-\u00adTAPI erlaubt Durchf\u00fchrung aller Anrufe von Windows-Anwendungen oder Webseiten","og_url":"https:\/\/old.wildix.com\/de\/tapi-integrationen\/","og_site_name":"Wildix","article_modified_time":"2022-09-05T13:09:38+00:00","twitter_card":"summary_large_image","twitter_misc":{"Gesch\u00e4tzte Lesezeit":"5 Minuten"},"schema":{"@context":"https:\/\/schema.org","@graph":[{"@type":"WebPage","@id":"https:\/\/old.wildix.com\/de\/tapi-integrationen\/","url":"https:\/\/old.wildix.com\/de\/tapi-integrationen\/","name":"TAPI-Integrationen: Wildix TAPI und WebAPI","isPartOf":{"@id":"https:\/\/old.wildix.com\/#website"},"datePublished":"2018-04-18T10:10:39+00:00","dateModified":"2022-09-05T13:09:38+00:00","description":"W-TAPI auf jeder Wildix PBX-Anlage aktiviert werden kann. W-\u00adTAPI erlaubt Durchf\u00fchrung aller Anrufe von Windows-Anwendungen oder Webseiten","breadcrumb":{"@id":"https:\/\/old.wildix.com\/de\/tapi-integrationen\/#breadcrumb"},"inLanguage":"de-DE","potentialAction":[{"@type":"ReadAction","target":["https:\/\/old.wildix.com\/de\/tapi-integrationen\/"]}]},{"@type":"BreadcrumbList","@id":"https:\/\/old.wildix.com\/de\/tapi-integrationen\/#breadcrumb","itemListElement":[{"@type":"ListItem","position":1,"name":"Home","item":"https:\/\/old.wildix.com\/"},{"@type":"ListItem","position":2,"name":"TAPI-Integrationen"}]},{"@type":"WebSite","@id":"https:\/\/old.wildix.com\/#website","url":"https:\/\/old.wildix.com\/","name":"Wildix","description":"Wildix PBX | VoIP Solutions | Unified Communications | WebRTC","publisher":{"@id":"https:\/\/old.wildix.com\/#organization"},"potentialAction":[{"@type":"SearchAction","target":{"@type":"EntryPoint","urlTemplate":"https:\/\/old.wildix.com\/?s={search_term_string}"},"query-input":"required name=search_term_string"}],"inLanguage":"de-DE"},{"@type":"Organization","@id":"https:\/\/old.wildix.com\/#organization","name":"Wildix","url":"https:\/\/old.wildix.com\/","logo":{"@type":"ImageObject","inLanguage":"de-DE","@id":"https:\/\/old.wildix.com\/#\/schema\/logo\/image\/","url":"https:\/\/old.wildix.com\/wp-content\/uploads\/2018\/04\/wildix-logo-2.png","contentUrl":"https:\/\/old.wildix.com\/wp-content\/uploads\/2018\/04\/wildix-logo-2.png","width":440,"height":200,"caption":"Wildix"},"image":{"@id":"https:\/\/old.wildix.com\/#\/schema\/logo\/image\/"}}]}},"_links":{"self":[{"href":"https:\/\/old.wildix.com\/de\/wp-json\/wp\/v2\/pages\/7811750"}],"collection":[{"href":"https:\/\/old.wildix.com\/de\/wp-json\/wp\/v2\/pages"}],"about":[{"href":"https:\/\/old.wildix.com\/de\/wp-json\/wp\/v2\/types\/page"}],"author":[{"embeddable":true,"href":"https:\/\/old.wildix.com\/de\/wp-json\/wp\/v2\/users\/1"}],"replies":[{"embeddable":true,"href":"https:\/\/old.wildix.com\/de\/wp-json\/wp\/v2\/comments?post=7811750"}],"version-history":[{"count":0,"href":"https:\/\/old.wildix.com\/de\/wp-json\/wp\/v2\/pages\/7811750\/revisions"}],"wp:attachment":[{"href":"https:\/\/old.wildix.com\/de\/wp-json\/wp\/v2\/media?parent=7811750"}],"curies":[{"name":"wp","href":"https:\/\/api.w.org\/{rel}","templated":true}]}}