{"id":7811890,"date":"2018-04-18T12:43:31","date_gmt":"2018-04-18T12:43:31","guid":{"rendered":"https:\/\/old2.wildix.com\/?page_id=7811890"},"modified":"2022-09-06T13:11:25","modified_gmt":"2022-09-06T13:11:25","slug":"media-gateway","status":"publish","type":"page","link":"https:\/\/old.wildix.com\/de\/media-gateway\/","title":{"rendered":"Media Gateway | SIP PA"},"content":{"rendered":"<section class=\"wpb-content-wrapper\">[mk_page_section video_color_mask=&#8220;#003366&#8243; video_opacity=&#8220;0.9&#8243; min_height=&#8220;250&#8243; full_width=&#8220;true&#8220; padding_top=&#8220;0&#8243; padding_bottom=&#8220;0&#8243; sidebar=&#8220;sidebar-1&#8243; first_page=&#8220;false&#8220; last_page=&#8220;false&#8220;][vc_column][mk_padding_divider size=&#8220;120&#8243; visibility=&#8220;hidden-sm&#8220;][mk_padding_divider size=&#8220;70&#8243; visibility=&#8220;visible-sm&#8220;][mk_fancy_title tag_name=&#8220;h1&#8243; color=&#8220;#ffffff&#8220; size=&#8220;70&#8243; force_font_size=&#8220;true&#8220; size_smallscreen=&#8220;60&#8243; size_tablet=&#8220;50&#8243; size_phone=&#8220;40&#8243; font_weight=&#8220;300&#8243; font_style=&#8220;normal&#8220; txt_transform=&#8220;none&#8220; margin_bottom=&#8220;0&#8243; font_family=&#8220;none&#8220; align=&#8220;center&#8220;]Media Gateway | SIP PA[\/mk_fancy_title][mk_padding_divider size=&#8220;30&#8243;][\/vc_column][\/mk_page_section][vc_row][vc_column][mk_padding_divider size=&#8220;60&#8243;][\/vc_column][\/vc_row][vc_row][vc_column][vc_column_text css=&#8220;.vc_custom_1648552099443{margin-bottom: 0px !important;}&#8220;]Wildix bietet eine breite Palette von\u00a0<strong>Media-Gateways<\/strong> (<strong>GSM-LTE, FXS, FXO<\/strong>), mit denen sich die Architektur eines Firmenkommunikationssystems flexibel skalieren l\u00e4sst.[\/vc_column_text][vc_empty_space height=&#8220;15px&#8220;][vc_column_text css=&#8220;.vc_custom_1524214347552{margin-bottom: 0px !important;}&#8220;]Das als Public Announcer und SIP Paging Gateway fungierende W-PA ist in die Unified Communications komplett integriert. Einfach leistungsstark![\/vc_column_text][vc_empty_space][\/vc_column][\/vc_row][vc_row disable_element=&#8220;yes&#8220;][vc_column width=&#8220;1\/3&#8243;][mk_content_box heading=&#8220;Media Gateway BRI&#8220;][vc_column_text css=&#8220;.vc_custom_1620391168537{margin-bottom: 0px !important;}&#8220;]\n<p style=\"text-align: center;\"><strong>Media Gateway 4 BRI Ports<\/strong><\/p>\n[\/vc_column_text][mk_image src=&#8220;https:\/\/old.wildix.com\/wp-content\/uploads\/2020\/08\/w04bri.jpg&#8220; image_size=&#8220;full&#8220; lightbox=&#8220;true&#8220; align=&#8220;center&#8220;][vc_tta_accordion style=&#8220;modern&#8220; shape=&#8220;square&#8220; c_icon=&#8220;&#8220; active_section=&#8220;&#8220; no_fill=&#8220;true&#8220; collapsible_all=&#8220;true&#8220;][vc_tta_section i_icon_fontawesome=&#8220;&#8220; add_icon=&#8220;true&#8220; title=&#8220;Leistungsmerkmale&#8220; tab_id=&#8220;1648551216192-40b7ee28-4a9d&#8220;][vc_row_inner][vc_column_inner][mk_custom_list icon_color=&#8220;#dd9933&#8243;]<strong>W04BRI:<\/strong><br \/>\n4 ISDN BRI Ports\/without PoE \u2013 8 Voice Channels[\/mk_custom_list][\/vc_column_inner][\/vc_row_inner][\/vc_tta_section][\/vc_tta_accordion][\/mk_content_box][vc_empty_space height=&#8220;60px&#8220;][\/vc_column][vc_column width=&#8220;1\/3&#8243;][mk_content_box heading=&#8220;Media Gateways PRI&#8220;][vc_column_text css=&#8220;.vc_custom_1620391623836{margin-bottom: 0px !important;}&#8220;]\n<p style=\"text-align: center;\"><strong>Media Gateway <\/strong><strong>\u00a02 PRI Ports<\/strong><\/p>\n[\/vc_column_text][mk_image src=&#8220;https:\/\/old.wildix.com\/wp-content\/uploads\/2021\/05\/wildix-w02pri.jpg&#8220; image_size=&#8220;full&#8220; lightbox=&#8220;true&#8220; align=&#8220;center&#8220;][vc_tta_accordion style=&#8220;modern&#8220; shape=&#8220;square&#8220; c_icon=&#8220;&#8220; active_section=&#8220;&#8220; no_fill=&#8220;true&#8220; collapsible_all=&#8220;true&#8220;][vc_tta_section i_icon_fontawesome=&#8220;&#8220; add_icon=&#8220;true&#8220; title=&#8220;Leistungsmerkmale&#8220; tab_id=&#8220;1648551216381-d205514c-45ec&#8220;][vc_row_inner][vc_column_inner][mk_custom_list icon_color=&#8220;#dd9933&#8243;]<strong>W02PRI<\/strong>:<br \/>\n2 ISDN PRI Ports\/PoE \u2013 60 Voice Channels[\/mk_custom_list][\/vc_column_inner][\/vc_row_inner][\/vc_tta_section][\/vc_tta_accordion][\/mk_content_box][vc_empty_space height=&#8220;60px&#8220;][\/vc_column][vc_column width=&#8220;1\/3&#8243;][mk_content_box heading=&#8220;Media Gateways FXS&#8220;][vc_column_text css=&#8220;.vc_custom_1611960863641{margin-bottom: 0px !important;}&#8220;]\n<p style=\"text-align: center;\"><strong>Media Gateways 2 \u2013 4 \u2013 24 FXS Ports<\/strong><\/p>\n[\/vc_column_text][mk_image src=&#8220;https:\/\/old.wildix.com\/wp-content\/uploads\/2019\/10\/3-media-gateway-fxs.jpg&#8220; image_size=&#8220;full&#8220; lightbox=&#8220;true&#8220; align=&#8220;center&#8220;][vc_tta_accordion style=&#8220;modern&#8220; shape=&#8220;square&#8220; c_icon=&#8220;&#8220; active_section=&#8220;&#8220; no_fill=&#8220;true&#8220; collapsible_all=&#8220;true&#8220;][vc_tta_section i_icon_fontawesome=&#8220;&#8220; add_icon=&#8220;true&#8220; title=&#8220;Leistungsmerkmale&#8220; tab_id=&#8220;1648551216554-7defee56-30da&#8220;][vc_row_inner][vc_column_inner][mk_custom_list icon_color=&#8220;#dd9933&#8243;]\n<ul>\n<li><strong>W02FXS<\/strong>:<br \/>\n2 RJ11 Connectors \/ PoE \u2013 2 Voice Channels<\/li>\n<li><strong>W04FXS<\/strong>:<br \/>\n4 RJ11 Connectors \/ PoE \u2013 4 Voice Channels<\/li>\n<li><strong>W24FXS<\/strong>:<br \/>\n24 RJ11 + 1 RJ21 Connectors \/ 24 Voice Channels<\/li>\n<\/ul>\n[\/mk_custom_list][\/vc_column_inner][\/vc_row_inner][\/vc_tta_section][\/vc_tta_accordion][\/mk_content_box][vc_empty_space height=&#8220;60px&#8220;][\/vc_column][\/vc_row][vc_row][vc_column width=&#8220;1\/3&#8243;][mk_content_box heading=&#8220;Media Gateways FXS&#8220;][vc_column_text css=&#8220;.vc_custom_1611960863641{margin-bottom: 0px !important;}&#8220;]\n<p style=\"text-align: center;\"><strong>Media Gateways 2 \u2013 4 \u2013 24 FXS Ports<\/strong><\/p>\n[\/vc_column_text][mk_image src=&#8220;https:\/\/old.wildix.com\/wp-content\/uploads\/2019\/10\/3-media-gateway-fxs.jpg&#8220; image_size=&#8220;full&#8220; lightbox=&#8220;true&#8220; align=&#8220;center&#8220;][vc_tta_accordion style=&#8220;modern&#8220; shape=&#8220;square&#8220; c_icon=&#8220;&#8220; active_section=&#8220;&#8220; no_fill=&#8220;true&#8220; collapsible_all=&#8220;true&#8220;][vc_tta_section i_icon_fontawesome=&#8220;&#8220; add_icon=&#8220;true&#8220; title=&#8220;Leistungsmerkmale&#8220; tab_id=&#8220;1561733066865-cb499ebd-37525660-51f9&#8243;][vc_row_inner][vc_column_inner][mk_custom_list icon_color=&#8220;#dd9933&#8243;]\n<ul>\n<li><strong>W02FXS<\/strong>:<br \/>\n2 RJ11 Connectors \/ PoE \u2013 2 Voice Channels<\/li>\n<li><strong>W04FXS<\/strong>:<br \/>\n4 RJ11 Connectors \/ PoE \u2013 4 Voice Channels<\/li>\n<li><strong>W24FXS<\/strong>:<br \/>\n24 RJ11 + 1 RJ21 Connectors \/ 24 Voice Channels<\/li>\n<\/ul>\n[\/mk_custom_list][\/vc_column_inner][\/vc_row_inner][\/vc_tta_section][\/vc_tta_accordion][\/mk_content_box][vc_empty_space height=&#8220;60px&#8220;][\/vc_column][vc_column width=&#8220;1\/3&#8243;][mk_content_box heading=&#8220;Media Gateways FXO&#8220;][vc_column_text css=&#8220;.vc_custom_1611960881715{margin-bottom: 0px !important;}&#8220;]\n<p style=\"text-align: center;\"><strong>Media Gateways 4 FXO Ports<\/strong><\/p>\n[\/vc_column_text][mk_image src=&#8220;https:\/\/old.wildix.com\/wp-content\/uploads\/2020\/10\/w04fxo.jpg&#8220; image_size=&#8220;full&#8220; lightbox=&#8220;true&#8220; align=&#8220;center&#8220;][vc_tta_accordion style=&#8220;modern&#8220; shape=&#8220;square&#8220; c_icon=&#8220;&#8220; active_section=&#8220;&#8220; no_fill=&#8220;true&#8220; collapsible_all=&#8220;true&#8220;][vc_tta_section i_icon_fontawesome=&#8220;&#8220; add_icon=&#8220;true&#8220; title=&#8220;Leistungsmerkmale&#8220; tab_id=&#8220;1568239760101-bc167a46-bc9f&#8220;][vc_row_inner][vc_column_inner][mk_custom_list icon_color=&#8220;#dd9933&#8243;]\n<ul>\n<li><strong>W04FXO<\/strong>:<br \/>\n4 RJ11 Connectors \/ PoE \u2013 4 Voice Channels<\/li>\n<\/ul>\n[\/mk_custom_list][\/vc_column_inner][\/vc_row_inner][\/vc_tta_section][\/vc_tta_accordion][\/mk_content_box][vc_empty_space height=&#8220;60px&#8220;][\/vc_column][vc_column width=&#8220;1\/3&#8243;][mk_content_box heading=&#8220;Media Gateways GSM-LTE&#8220;][vc_column_text css=&#8220;.vc_custom_1524058530120{margin-bottom: 0px !important;}&#8220;]\n<p style=\"text-align: center;\"><strong>Media Gateway\u00a01\u00a0SIM\u00a0GSM<\/strong><\/p>\n[\/vc_column_text][mk_image src=&#8220;https:\/\/old.wildix.com\/wp-content\/uploads\/2019\/02\/daysaver-front-3.jpg&#8220; image_size=&#8220;full&#8220; lightbox=&#8220;true&#8220; align=&#8220;center&#8220;][vc_tta_accordion style=&#8220;modern&#8220; shape=&#8220;square&#8220; c_icon=&#8220;&#8220; active_section=&#8220;&#8220; no_fill=&#8220;true&#8220; collapsible_all=&#8220;true&#8220;][vc_tta_section i_icon_fontawesome=&#8220;&#8220; add_icon=&#8220;true&#8220; title=&#8220;Leistungsmerkmale&#8220; tab_id=&#8220;1568239763597-0fab03d2-87a0&#8243;][vc_row_inner][vc_column_inner][mk_custom_list icon_color=&#8220;#dd9933&#8243;]\n<ul>\n<li><strong>DaySaver<\/strong>:<br \/>\n1 GSM SIM Card \/ PoE<br \/>\nzwei Antennen &#8211; 3G \/ 4G \/ LTE<br \/>\nSMS-Nachrichten (in K\u00fcrze verf\u00fcgbar)<br \/>\nWAN \/ LAN<\/li>\n<\/ul>\n[\/mk_custom_list][\/vc_column_inner][\/vc_row_inner][\/vc_tta_section][\/vc_tta_accordion][\/mk_content_box][vc_empty_space height=&#8220;60px&#8220;][\/vc_column][\/vc_row][vc_row][vc_column width=&#8220;1\/3&#8243;][mk_content_box heading=&#8220;SIP W-PA&#8220;][vc_column_text css=&#8220;.vc_custom_1524058605704{margin-bottom: 0px !important;}&#8220;]\n<p style=\"text-align: center;\"><strong>SIP W-PA<\/strong><\/p>\n[\/vc_column_text][mk_image src=&#8220;https:\/\/old.wildix.com\/wp-content\/uploads\/2018\/04\/sip-w-pa-dark-blue-2.jpg&#8220; image_size=&#8220;full&#8220; lightbox=&#8220;true&#8220; align=&#8220;center&#8220;][vc_tta_accordion style=&#8220;modern&#8220; shape=&#8220;square&#8220; c_icon=&#8220;&#8220; active_section=&#8220;&#8220; no_fill=&#8220;true&#8220; collapsible_all=&#8220;true&#8220;][vc_tta_section i_icon_fontawesome=&#8220;&#8220; add_icon=&#8220;true&#8220; title=&#8220;Leistungsmerkmale&#8220; tab_id=&#8220;1568239747628-d968a987-a974&#8243;][vc_row_inner][vc_column_inner][mk_custom_list icon_color=&#8220;#dd9933&#8243;]\n<ul>\n<li><strong>SIP W-PA<\/strong>:<br \/>\nPoE; 10W Audio-Ausgang; Multicast &amp; Intracom Broadcast; Unterst\u00fctzung f\u00fcr T\u00fcrklingel oder Relay-Schalter<\/li>\n<\/ul>\n[\/mk_custom_list][\/vc_column_inner][\/vc_row_inner][\/vc_tta_section][\/vc_tta_accordion][\/mk_content_box][vc_empty_space height=&#8220;60px&#8220;][\/vc_column][vc_column width=&#8220;1\/3&#8243;][vc_empty_space height=&#8220;60px&#8220;][\/vc_column][vc_column width=&#8220;1\/3&#8243;][vc_empty_space height=&#8220;60px&#8220;][\/vc_column][\/vc_row][vc_row][vc_column width=&#8220;1\/2&#8243;][vc_column_text css=&#8220;.vc_custom_1524214374256{margin-bottom: 0px !important;}&#8220;]Mit Hilfe der Media Gateways von Wildix k\u00f6nnen Sie Telefonleitungen mit VoIP-Diensten verbinden und analoge Telefone an Ihrer Wildix-Telefonanlage nutzen. Das Wildix-System ist\u00a0<strong>flexibel skalierbar<\/strong>\u00a0und kann im laufenden Betrieb um neue\u00a0<strong>Netzwerkmodule<\/strong>\u00a0erweitert werden, ohne dazu die Arbeit unterbrechen zu m\u00fcssen.[\/vc_column_text][vc_column_text css=&#8220;.vc_custom_1648552130441{margin-bottom: 0px !important;}&#8220;]\u00dcber die Media Gateways\u00a0<strong>FXO<\/strong>\u00a0k\u00f6nnen ISDN-Leitungen und analoge Leitungen mit der Wildix-Telefonanlage verbunden werden.[\/vc_column_text][vc_column_text css=&#8220;.vc_custom_1524214403571{margin-bottom: 0px !important;}&#8220;]Die FXS-Modelle sind speziell f\u00fcr den Anschluss von Analogleitungen und Faxger\u00e4ten an die Wildix-Telefonanlage gedacht.[\/vc_column_text][vc_column_text css=&#8220;.vc_custom_1549355337870{margin-bottom: 0px !important;}&#8220;]<strong>DaySaver<\/strong> ist ein <strong>LTE Gateway<\/strong>. Es verf\u00fcgt \u00fcber zwei Antennen, eine f\u00fcr die Daten\u00fcbertragung sowie eine zweite f\u00fcr die Anruf- und SMS-\u00dcbertragung. Einsetzbar als <strong>Netzwerk-Backup f\u00fcr eine Cloud PBX<\/strong>, als Backup f\u00fcr eine kabelgebundene Internetverbindung oder aber bei Bedarf als <strong>Internetzugang f\u00fcr SOHO<\/strong> oder bei Messeauftritten. Bei etwaigen Ausf\u00e4llen der Internetverbindung wechselt DaySaver in das LTE-Netz und nutzt den mobilen Datenverkehr. DaySaver unterst\u00fctzt auch den Versand und Empfang von SMS-Nachrichten (in K\u00fcrze verf\u00fcgbar).[\/vc_column_text][\/vc_column][vc_column width=&#8220;1\/2&#8243;][vc_column_text css=&#8220;.vc_custom_1524214422893{margin-bottom: 0px !important;}&#8220;]\n<p style=\"text-align: left;\"><strong>Das Public Announcer von Wildix ist in die Unified Communications komplett integriert. Einfach leistungsstark!<\/strong><\/p>\n[\/vc_column_text][vc_column_text css=&#8220;.vc_custom_1524214431105{margin-bottom: 0px !important;}&#8220;]Das als Public Announcer und SIP Paging Gateway fungierende W-PA kann zum Broadcast von Notfallnachrichten und zur Kommunikation in weitl\u00e4ufigen Arbeitsbereichen (wie z.B. Einkaufszentren, Superm\u00e4rkten, Flugh\u00e4fen, Krankenh\u00e4usern, etc.) genutzt werden.[\/vc_column_text][vc_column_text css=&#8220;.vc_custom_1524214441457{margin-bottom: 0px !important;}&#8220;]Das W-PA ist voll in das Wildix Unified Communication System integriert. Das gew\u00e4hrleistet eine durchgehende Serviceverf\u00fcgbarkeit.[\/vc_column_text][vc_column_text css=&#8220;.vc_custom_1545905878144{margin-bottom: 0px !important;}&#8220;]Das W-PA und die Media Gateways von Wildix k\u00f6nnen kinderleicht zum System hinzugef\u00fcgt und \u00fcber das WMS-Interface aktualisiert werden.[\/vc_column_text][vc_column_text css=&#8220;.vc_custom_1611960458391{margin-bottom: 0px !important;}&#8220;]Ein W-PA wurde in der Garage der Zahnarztpraxis installiert.<br \/>\n<strong><a title=\"W-PA Use Case\" href=\"\/de\/w-pa-use-case\/\">Die Fallstudie lesen<\/a><\/strong>.[\/vc_column_text][\/vc_column][\/vc_row][vc_row][vc_column][mk_padding_divider size=&#8220;45&#8243;][\/vc_column][\/vc_row][vc_row css=&#8220;.vc_custom_1559053498750{margin-top: 0px !important;border-top-width: 0px !important;padding-top: 0px !important;}&#8220;][vc_column][mk_divider style=&#8220;thin_solid&#8220; thin_color_style=&#8220;gradient_color&#8220; thin_grandient_color_from=&#8220;#3edbd9&#8243; thin_grandient_color_to=&#8220;#5841b8&#8243; thin_gradient_color_angle=&#8220;horizontal&#8220; thin_grandient_color_fallback=&#8220;#3edbd9&#8243; thickness=&#8220;5&#8243; margin_top=&#8220;0&#8243;][\/vc_column][\/vc_row][vc_row css=&#8220;.vc_custom_1559053745406{background-color: #ffffff !important;}&#8220;][vc_column width=&#8220;1\/2&#8243;][mk_padding_divider size=&#8220;20&#8243;][mk_button dimension=&#8220;flat&#8220; corner_style=&#8220;rounded&#8220; size=&#8220;medium&#8220; icon=&#8220;mk-jupiter-icon-doc&#8220; icon_anim=&#8220;side&#8220; url=&#8220;https:\/\/wildix.atlassian.net\/wiki\/x\/QwrOAQ&#8220; target=&#8220;_blank&#8220; fullwidth=&#8220;true&#8220; bg_color=&#8220;#3c72a2&#8243; btn_hover_txt_color=&#8220;#ffffff&#8220;]Dokumentation[\/mk_button][\/vc_column][vc_column width=&#8220;1\/2&#8243;][mk_padding_divider size=&#8220;20&#8243;][mk_button dimension=&#8220;flat&#8220; corner_style=&#8220;rounded&#8220; size=&#8220;medium&#8220; icon=&#8220;mk-icon-lightbulb-o&#8220; icon_anim=&#8220;side&#8220; url=&#8220;\/de\/w-pa-use-case\/&#8220; target=&#8220;_blank&#8220; fullwidth=&#8220;true&#8220; bg_color=&#8220;#3c72a2&#8243; btn_hover_txt_color=&#8220;#ffffff&#8220;]W-PA USE CASE[\/mk_button][\/vc_column][\/vc_row][vc_row fullwidth=&#8220;true&#8220; fullwidth_content=&#8220;false&#8220; css=&#8220;.vc_custom_1523959005446{background-color: #f2f2f2 !important;}&#8220;][vc_column][mk_padding_divider size=&#8220;80&#8243;][vc_column_text css=&#8220;.vc_custom_1611960701250{margin-bottom: 0px !important;}&#8220;]\n<h3 style=\"text-align: center;\">BILDERGALERIE WILDIX MEDIA GATEWAYS<\/h3>\n[\/vc_column_text][mk_padding_divider size=&#8220;50&#8243;][mk_gallery images=&#8220;6889,7832679,7842232,7853272,7818442,7860696&#8243; column=&#8220;4&#8243; height=&#8220;200&#8243; item_spacing=&#8220;15&#8243; orderby=&#8220;rand&#8220;][mk_padding_divider size=&#8220;50&#8243;][\/vc_column][\/vc_row][vc_row fullwidth=&#8220;true&#8220; fullwidth_content=&#8220;false&#8220; css=&#8220;.vc_custom_1563980243307{background-color: #003366 !important;}&#8220;][vc_column][mk_padding_divider][vc_row_inner][vc_column_inner width=&#8220;1\/2&#8243;][mk_button dimension=&#8220;flat&#8220; corner_style=&#8220;rounded&#8220; size=&#8220;large&#8220; icon=&#8220;mk-moon-arrow-left&#8220; icon_anim=&#8220;side&#8220; url=&#8220;\/de\/schnurloses-w-air-telefon\/&#8220; align=&#8220;right&#8220; button_custom_width=&#8220;200&#8243; bg_color=&#8220;#dd9933&#8243; btn_hover_txt_color=&#8220;#ffffff&#8220;]Zur\u00fcck[\/mk_button][\/vc_column_inner][vc_column_inner width=&#8220;1\/2&#8243;][mk_button dimension=&#8220;flat&#8220; corner_style=&#8220;rounded&#8220; size=&#8220;large&#8220; icon=&#8220;mk-moon-arrow-right-2&#8243; icon_anim=&#8220;side&#8220; url=&#8220;\/de\/switch-voip-extender-poe\/&#8220; button_custom_width=&#8220;200&#8243; bg_color=&#8220;#dd9933&#8243; btn_hover_txt_color=&#8220;#ffffff&#8220;]Weiter[\/mk_button][\/vc_column_inner][\/vc_row_inner][mk_padding_divider size=&#8220;20&#8243;][\/vc_column][\/vc_row]\n<\/section>","protected":false},"excerpt":{"rendered":"<p>[mk_page_section video_color_mask=&#8220;#003366&#8243; video_opacity=&#8220;0.9&#8243; min_height=&#8220;250&#8243; full_width=&#8220;true&#8220; padding_top=&#8220;0&#8243; padding_bottom=&#8220;0&#8243; sidebar=&#8220;sidebar-1&#8243; first_page=&#8220;false&#8220; last_page=&#8220;false&#8220;][vc_column][mk_padding_divider size=&#8220;120&#8243; visibility=&#8220;hidden-sm&#8220;][mk_padding_divider size=&#8220;70&#8243; visibility=&#8220;visible-sm&#8220;][mk_fancy_title tag_name=&#8220;h1&#8243; color=&#8220;#ffffff&#8220; size=&#8220;70&#8243; force_font_size=&#8220;true&#8220; size_smallscreen=&#8220;60&#8243; size_tablet=&#8220;50&#8243; size_phone=&#8220;40&#8243; font_weight=&#8220;300&#8243; font_style=&#8220;normal&#8220; txt_transform=&#8220;none&#8220; margin_bottom=&#8220;0&#8243; font_family=&#8220;none&#8220; align=&#8220;center&#8220;]Media Gateway | SIP PA[\/mk_fancy_title][mk_padding_divider size=&#8220;30&#8243;][\/vc_column][\/mk_page_section][vc_row][vc_column][mk_padding_divider size=&#8220;60&#8243;][\/vc_column][\/vc_row][vc_row][vc_column][vc_column_text css=&#8220;.vc_custom_1648552099443{margin-bottom: 0px !important;}&#8220;]Wildix bietet eine breite Palette von\u00a0Media-Gateways (GSM-LTE, FXS, FXO), mit denen sich die Architektur eines Firmenkommunikationssystems flexibel skalieren l\u00e4sst.[\/vc_column_text][vc_empty_space height=&#8220;15px&#8220;][vc_column_text [&hellip;]<\/p>\n","protected":false},"author":1,"featured_media":0,"parent":0,"menu_order":0,"comment_status":"closed","ping_status":"closed","template":"","meta":{"wpupg_custom_link":[],"wpupg_custom_link_behaviour":["default"],"wpupg_custom_image":[],"wpupg_custom_image_id":[],"footnotes":""},"acf":[],"yoast_head":"<!-- This site is optimized with the Yoast SEO plugin v21.8 - https:\/\/yoast.com\/wordpress\/plugins\/seo\/ -->\n<title>Media Gateways &amp; SIP W-PA<\/title>\n<meta name=\"description\" content=\"Wildix bietet eine breite Palette von Media-Gateways (BRI, PRI, GSM, FXS, FXO), mit denen sich die Architektur eines Firmenkommunikationssystems flexibel skalieren l\u00e4sst.\" \/>\n<meta name=\"robots\" content=\"noindex, follow, max-snippet:-1, max-image-preview:large, max-video-preview:-1\" \/>\n<meta property=\"og:locale\" content=\"de_DE\" \/>\n<meta property=\"og:type\" content=\"article\" \/>\n<meta property=\"og:title\" content=\"Media Gateways &amp; SIP W-PA\" \/>\n<meta property=\"og:description\" content=\"Wildix bietet eine breite Palette von Media-Gateways (BRI, PRI, GSM, FXS, FXO), mit denen sich die Architektur eines Firmenkommunikationssystems flexibel skalieren l\u00e4sst.\" \/>\n<meta property=\"og:url\" content=\"https:\/\/old.wildix.com\/de\/media-gateway\/\" \/>\n<meta property=\"og:site_name\" content=\"Wildix\" \/>\n<meta property=\"article:modified_time\" content=\"2022-09-06T13:11:25+00:00\" \/>\n<meta name=\"twitter:card\" content=\"summary_large_image\" \/>\n<meta name=\"twitter:label1\" content=\"Gesch\u00e4tzte Lesezeit\" \/>\n\t<meta name=\"twitter:data1\" content=\"4 Minuten\" \/>\n<script type=\"application\/ld+json\" class=\"yoast-schema-graph\">{\"@context\":\"https:\/\/schema.org\",\"@graph\":[{\"@type\":\"WebPage\",\"@id\":\"https:\/\/old.wildix.com\/de\/media-gateway\/\",\"url\":\"https:\/\/old.wildix.com\/de\/media-gateway\/\",\"name\":\"Media Gateways & SIP W-PA\",\"isPartOf\":{\"@id\":\"https:\/\/old.wildix.com\/#website\"},\"datePublished\":\"2018-04-18T12:43:31+00:00\",\"dateModified\":\"2022-09-06T13:11:25+00:00\",\"description\":\"Wildix bietet eine breite Palette von Media-Gateways (BRI, PRI, GSM, FXS, FXO), mit denen sich die Architektur eines Firmenkommunikationssystems flexibel skalieren l\u00e4sst.\",\"breadcrumb\":{\"@id\":\"https:\/\/old.wildix.com\/de\/media-gateway\/#breadcrumb\"},\"inLanguage\":\"de-DE\",\"potentialAction\":[{\"@type\":\"ReadAction\",\"target\":[\"https:\/\/old.wildix.com\/de\/media-gateway\/\"]}]},{\"@type\":\"BreadcrumbList\",\"@id\":\"https:\/\/old.wildix.com\/de\/media-gateway\/#breadcrumb\",\"itemListElement\":[{\"@type\":\"ListItem\",\"position\":1,\"name\":\"Home\",\"item\":\"https:\/\/old.wildix.com\/\"},{\"@type\":\"ListItem\",\"position\":2,\"name\":\"Media Gateway | SIP PA\"}]},{\"@type\":\"WebSite\",\"@id\":\"https:\/\/old.wildix.com\/#website\",\"url\":\"https:\/\/old.wildix.com\/\",\"name\":\"Wildix\",\"description\":\"Wildix PBX | VoIP Solutions | Unified Communications | WebRTC\",\"publisher\":{\"@id\":\"https:\/\/old.wildix.com\/#organization\"},\"potentialAction\":[{\"@type\":\"SearchAction\",\"target\":{\"@type\":\"EntryPoint\",\"urlTemplate\":\"https:\/\/old.wildix.com\/?s={search_term_string}\"},\"query-input\":\"required name=search_term_string\"}],\"inLanguage\":\"de-DE\"},{\"@type\":\"Organization\",\"@id\":\"https:\/\/old.wildix.com\/#organization\",\"name\":\"Wildix\",\"url\":\"https:\/\/old.wildix.com\/\",\"logo\":{\"@type\":\"ImageObject\",\"inLanguage\":\"de-DE\",\"@id\":\"https:\/\/old.wildix.com\/#\/schema\/logo\/image\/\",\"url\":\"https:\/\/old.wildix.com\/wp-content\/uploads\/2018\/04\/wildix-logo-2.png\",\"contentUrl\":\"https:\/\/old.wildix.com\/wp-content\/uploads\/2018\/04\/wildix-logo-2.png\",\"width\":440,\"height\":200,\"caption\":\"Wildix\"},\"image\":{\"@id\":\"https:\/\/old.wildix.com\/#\/schema\/logo\/image\/\"}}]}<\/script>\n<!-- \/ Yoast SEO plugin. -->","yoast_head_json":{"title":"Media Gateways & SIP W-PA","description":"Wildix bietet eine breite Palette von Media-Gateways (BRI, PRI, GSM, FXS, FXO), mit denen sich die Architektur eines Firmenkommunikationssystems flexibel skalieren l\u00e4sst.","robots":{"index":"noindex","follow":"follow","max-snippet":"max-snippet:-1","max-image-preview":"max-image-preview:large","max-video-preview":"max-video-preview:-1"},"og_locale":"de_DE","og_type":"article","og_title":"Media Gateways & SIP W-PA","og_description":"Wildix bietet eine breite Palette von Media-Gateways (BRI, PRI, GSM, FXS, FXO), mit denen sich die Architektur eines Firmenkommunikationssystems flexibel skalieren l\u00e4sst.","og_url":"https:\/\/old.wildix.com\/de\/media-gateway\/","og_site_name":"Wildix","article_modified_time":"2022-09-06T13:11:25+00:00","twitter_card":"summary_large_image","twitter_misc":{"Gesch\u00e4tzte Lesezeit":"4 Minuten"},"schema":{"@context":"https:\/\/schema.org","@graph":[{"@type":"WebPage","@id":"https:\/\/old.wildix.com\/de\/media-gateway\/","url":"https:\/\/old.wildix.com\/de\/media-gateway\/","name":"Media Gateways & SIP W-PA","isPartOf":{"@id":"https:\/\/old.wildix.com\/#website"},"datePublished":"2018-04-18T12:43:31+00:00","dateModified":"2022-09-06T13:11:25+00:00","description":"Wildix bietet eine breite Palette von Media-Gateways (BRI, PRI, GSM, FXS, FXO), mit denen sich die Architektur eines Firmenkommunikationssystems flexibel skalieren l\u00e4sst.","breadcrumb":{"@id":"https:\/\/old.wildix.com\/de\/media-gateway\/#breadcrumb"},"inLanguage":"de-DE","potentialAction":[{"@type":"ReadAction","target":["https:\/\/old.wildix.com\/de\/media-gateway\/"]}]},{"@type":"BreadcrumbList","@id":"https:\/\/old.wildix.com\/de\/media-gateway\/#breadcrumb","itemListElement":[{"@type":"ListItem","position":1,"name":"Home","item":"https:\/\/old.wildix.com\/"},{"@type":"ListItem","position":2,"name":"Media Gateway | SIP PA"}]},{"@type":"WebSite","@id":"https:\/\/old.wildix.com\/#website","url":"https:\/\/old.wildix.com\/","name":"Wildix","description":"Wildix PBX | VoIP Solutions | Unified Communications | WebRTC","publisher":{"@id":"https:\/\/old.wildix.com\/#organization"},"potentialAction":[{"@type":"SearchAction","target":{"@type":"EntryPoint","urlTemplate":"https:\/\/old.wildix.com\/?s={search_term_string}"},"query-input":"required name=search_term_string"}],"inLanguage":"de-DE"},{"@type":"Organization","@id":"https:\/\/old.wildix.com\/#organization","name":"Wildix","url":"https:\/\/old.wildix.com\/","logo":{"@type":"ImageObject","inLanguage":"de-DE","@id":"https:\/\/old.wildix.com\/#\/schema\/logo\/image\/","url":"https:\/\/old.wildix.com\/wp-content\/uploads\/2018\/04\/wildix-logo-2.png","contentUrl":"https:\/\/old.wildix.com\/wp-content\/uploads\/2018\/04\/wildix-logo-2.png","width":440,"height":200,"caption":"Wildix"},"image":{"@id":"https:\/\/old.wildix.com\/#\/schema\/logo\/image\/"}}]}},"_links":{"self":[{"href":"https:\/\/old.wildix.com\/de\/wp-json\/wp\/v2\/pages\/7811890"}],"collection":[{"href":"https:\/\/old.wildix.com\/de\/wp-json\/wp\/v2\/pages"}],"about":[{"href":"https:\/\/old.wildix.com\/de\/wp-json\/wp\/v2\/types\/page"}],"author":[{"embeddable":true,"href":"https:\/\/old.wildix.com\/de\/wp-json\/wp\/v2\/users\/1"}],"replies":[{"embeddable":true,"href":"https:\/\/old.wildix.com\/de\/wp-json\/wp\/v2\/comments?post=7811890"}],"version-history":[{"count":0,"href":"https:\/\/old.wildix.com\/de\/wp-json\/wp\/v2\/pages\/7811890\/revisions"}],"wp:attachment":[{"href":"https:\/\/old.wildix.com\/de\/wp-json\/wp\/v2\/media?parent=7811890"}],"curies":[{"name":"wp","href":"https:\/\/api.w.org\/{rel}","templated":true}]}}