{"id":7812262,"date":"2015-04-30T12:29:41","date_gmt":"2015-04-30T12:29:41","guid":{"rendered":"https:\/\/old2.wildix.com\/?page_id=7812262"},"modified":"2021-08-23T05:16:48","modified_gmt":"2021-08-23T05:16:48","slug":"unified-communications","status":"publish","type":"page","link":"https:\/\/old.wildix.com\/de\/unified-communications\/","title":{"rendered":"Unified Communications"},"content":{"rendered":"<section class=\"wpb-content-wrapper\">[mk_page_section video_color_mask=&#8220;#003366&#8243; video_opacity=&#8220;0.9&#8243; min_height=&#8220;250&#8243; full_width=&#8220;true&#8220; padding_top=&#8220;0&#8243; padding_bottom=&#8220;0&#8243; sidebar=&#8220;sidebar-1&#8243; first_page=&#8220;false&#8220; last_page=&#8220;false&#8220;][vc_column][mk_padding_divider size=&#8220;120&#8243; visibility=&#8220;hidden-sm&#8220;][mk_padding_divider size=&#8220;70&#8243; visibility=&#8220;visible-sm&#8220;][mk_fancy_title tag_name=&#8220;h1&#8243; color=&#8220;#ffffff&#8220; size=&#8220;70&#8243; force_font_size=&#8220;true&#8220; size_smallscreen=&#8220;60&#8243; size_tablet=&#8220;50&#8243; size_phone=&#8220;40&#8243; font_weight=&#8220;300&#8243; font_style=&#8220;normal&#8220; txt_transform=&#8220;none&#8220; margin_bottom=&#8220;0&#8243; font_family=&#8220;none&#8220; align=&#8220;center&#8220;]Unified Communications[\/mk_fancy_title][mk_fancy_title tag_name=&#8220;span&#8220; color=&#8220;#ffffff&#8220; size=&#8220;24&#8243; force_font_size=&#8220;true&#8220; size_smallscreen=&#8220;22&#8243; size_tablet=&#8220;22&#8243; size_phone=&#8220;20&#8243; font_weight=&#8220;300&#8243; font_style=&#8220;normal&#8220; txt_transform=&#8220;none&#8220; margin_bottom=&#8220;0&#8243; font_family=&#8220;none&#8220; align=&#8220;center&#8220;]Kommunikationsl\u00f6sungen f\u00fcr Ihren Gesch\u00e4ftserfolg[\/mk_fancy_title][mk_padding_divider size=&#8220;30&#8243;][\/vc_column][\/mk_page_section][vc_row][vc_column width=&#8220;1\/6&#8243;][\/vc_column][vc_column width=&#8220;2\/3&#8243;][mk_padding_divider size=&#8220;50&#8243;][vc_column_text css=&#8220;.vc_custom_1569493161896{margin-bottom: 0px !important;}&#8220;]Das Konzept der Unternehmenskommunikation hat sich vera\u0308ndert: Kommunikation findet jetzt unverzu\u0308glich, intelligent und in sozialen Netzwerken statt.<\/p>\n<p>Viele neue Werkzeuge tauchen auf Ihrem Schreibtisch auf: Schreibtischtelefon, Schnurlostelefon, Mobiltelefon, Chatra\u0308ume auf dem PC (von denen es meist mehrere gibt) und sozialen Netzwerken. Wenn all diese Werkzeuge aber nicht miteinander synchronisiert werden, verursachen sie mehr Probleme, als dass sie sie beheben. Die Arbeitsabla\u0308ufe, die sie eigentlich vereinfachen sollten, werden immer komplizierter.[\/vc_column_text][vc_column_text css=&#8220;.vc_custom_1569494451524{margin-bottom: 0px !important;}&#8220;]<strong>Unified Communications verfolgen das Ziel, dieses Problem zu lo\u0308sen und all diese Kommunikationskana\u0308le in einem Benutzerinterface zu bu\u0308ndeln<\/strong>. Mit Unified Communications ist es dank der auf jedem Telefon verfu\u0308gbaren, gemeinsamen Telefonbu\u0308cher mo\u0308glich, in weniger als 10 Sekunden den gewu\u0308nschten Kontakt zu finden. Der Anwesenheitsstatus informiert schon vor dem Anruf daru\u0308ber, ob der Kollege aktuell erreichbar ist.[\/vc_column_text][vc_column_text css=&#8220;.vc_custom_1569493211600{margin-bottom: 0px !important;}&#8220;]Unified Communications erlauben es Ihnen, die Effizienz der Arbeitsprozesse zu verbessern und die Anrufkosten zu senken. Durch die Nutzung von Videokonferenz- und Mobility-Funktionen ko\u0308nnen Reiseaufwa\u0308nde reduziert und die Erreichbarkeit der Angestellten unabha\u0308ngig vom aktuellen Aufenthaltsort sichergestellt werden.[\/vc_column_text][vc_column_text css=&#8220;.vc_custom_1569493218867{margin-bottom: 0px !important;}&#8220;]Bereit fu\u0308r Vera\u0308nderungen? Entdecken Sie die Unified Communications von Wildix.[\/vc_column_text][\/vc_column][vc_column width=&#8220;1\/6&#8243;][\/vc_column][\/vc_row][vc_row][vc_column][mk_padding_divider][\/vc_column][\/vc_row][vc_row fullwidth=&#8220;true&#8220; equal_columns=&#8220;true&#8220;][vc_column][mk_gallery images=&#8220;7838128,7836665,7836002&#8243; height=&#8220;300&#8243; hover_scenarios=&#8220;slow_zoom&#8220; item_spacing=&#8220;5&#8243; margin_bottom=&#8220;0&#8243; orderby=&#8220;post__in&#8220;][\/vc_column][\/vc_row][vc_row disable_element=&#8220;yes&#8220;][vc_column][vc_row_inner][vc_column_inner width=&#8220;1\/6&#8243;][\/vc_column_inner][vc_column_inner width=&#8220;2\/3&#8243;][vc_video link=&#8220;https:\/\/youtu.be\/yqkgeOxgCxA&#8220;][\/vc_column_inner][vc_column_inner width=&#8220;1\/6&#8243;][\/vc_column_inner][\/vc_row_inner][mk_padding_divider size=&#8220;50&#8243;][vc_column_text css=&#8220;.vc_custom_1524747362405{margin-bottom: 0px !important;}&#8220;]Wildix bietet sowohl f\u00fcr\u00a0<strong>kleinere<\/strong>\u00a0als auch\u00a0<strong>gr\u00f6\u00dfere Unternehmen<\/strong>\u00a0ma\u00dfgeschneiderte Unified Communications-L\u00f6sungen und damit die n\u00f6tigen Werkzeuge, um die\u00a0<strong>Effizienz<\/strong>\u00a0der Unternehmenskommunikation deutlich zu erh\u00f6hen und die\u00a0<strong>Geschwindigkeit<\/strong>\u00a0und\u00a0<strong>Genauigkeit<\/strong>der t\u00e4glichen Arbeitsabl\u00e4ufe zu verbessern. All dies wird Ihrem Unternehmen zu einem signifikanten\u00a0<strong>Produktivit\u00e4tsanstieg<\/strong>\u00a0verhelfen.[\/vc_column_text][mk_padding_divider size=&#8220;50&#8243;][\/vc_column][\/vc_row][vc_row][vc_column][mk_padding_divider size=&#8220;70&#8243;][\/vc_column][\/vc_row][vc_row][vc_column][mk_font_icons icon=&#8220;mk-icon-gears&#8220; color=&#8220;#dd9933&#8243; size=&#8220;large&#8220; margin_vertical=&#8220;15&#8243; align=&#8220;center&#8220;][mk_ornamental_title font_family=&#8220;none&#8220; font_size=&#8220;25&#8243; font_weight=&#8220;400&#8243; txt_transform=&#8220;uppercase&#8220; ornament_style=&#8220;norman-short-single&#8220; nss_align=&#8220;center&#8220; ornament_color=&#8220;#dd9933&#8243; ornament_thickness=&#8220;2&#8243;]INTEGRATION VON SOFTWARE UND ANWENDUNGEN: CEBP[\/mk_ornamental_title][vc_row_inner][vc_column_inner width=&#8220;1\/2&#8243;][vc_column_text css=&#8220;.vc_custom_1524747393824{margin-bottom: 0px !important;}&#8220;]<strong>Communication-Enabled Business Process<\/strong>: Wildix Unified Communications integriert sich unauff\u00e4llig in Ihre Gesch\u00e4ftsprozesse und wird die\u00a0<strong>Effizienz am Arbeitsplatz<\/strong>\u00a0sowie die Produktivit\u00e4t Ihrer Mitarbeiter erh\u00f6hen. Dazu integrieren sich die Unified Communications auch in die Unternehmenssoftware und sorgen so f\u00fcr eine robuste und verl\u00e4ssliche Infrastruktur, die\u00a0<strong>bequem eingerichtet<\/strong>\u00a0und\u00a0<strong>verwaltet<\/strong>\u00a0werden kann.[\/vc_column_text][\/vc_column_inner][vc_column_inner width=&#8220;1\/2&#8243;][mk_custom_list style=&#8220;mk-moon-link&#8220; icon_color=&#8220;#dd9933&#8243; margin_bottom=&#8220;50&#8243; align=&#8220;left&#8220;]\n<ul>\n<li><a href=\"\/de\/collaboration\/\"><strong>Collaboration<\/strong> \u2013 Kontaktieren Sie Ihre Kollegen mit nur einem Klick<\/a><\/li>\n<li><a href=\"\/de\/ubiconf-webrtc-videokonferenz\/\"><strong>Videokonferenz<\/strong> f\u00fcr interne und externe Benutzer, basierend auf WebRTC <\/a><\/li>\n<li><a href=\"\/de\/tapi-integrationen\/\"><strong>Windows TAPI &amp; WebAPI<\/strong>: Integrationen mit Windows- und Web-Anwendungen<\/a><\/li>\n<\/ul>\n[\/mk_custom_list][\/vc_column_inner][\/vc_row_inner][mk_padding_divider size=&#8220;50&#8243;][\/vc_column][\/vc_row][vc_row][vc_column][mk_font_icons icon=&#8220;mk-moon-mobile-2&#8243; color=&#8220;#dd9933&#8243; size=&#8220;large&#8220; margin_vertical=&#8220;15&#8243; align=&#8220;center&#8220;][mk_ornamental_title font_family=&#8220;none&#8220; font_size=&#8220;25&#8243; font_weight=&#8220;400&#8243; txt_transform=&#8220;uppercase&#8220; ornament_style=&#8220;norman-short-single&#8220; nss_align=&#8220;center&#8220; ornament_color=&#8220;#dd9933&#8243; ornament_thickness=&#8220;2&#8243;]BRING YOUR OWN DEVICE: BYOD[\/mk_ornamental_title][vc_row_inner][vc_column_inner width=&#8220;1\/2&#8243;][vc_column_text css=&#8220;.vc_custom_1611652071204{margin-bottom: 0px !important;}&#8220;]Bring Your Own Device: Mit der Wildix-L\u00f6sung l\u00e4sst sich eine funktionieren\u00a0<strong>BYOD-Strategie<\/strong> realisieren, dank der Ihre Angestellten mit den eigenen Tablets und Smartphones auf die Unified Communications-Dienste zugreifen k\u00f6nnen.[\/vc_column_text][\/vc_column_inner][vc_column_inner width=&#8220;1\/2&#8243;][mk_custom_list style=&#8220;mk-moon-link&#8220; icon_color=&#8220;#dd9933&#8243; margin_bottom=&#8220;50&#8243; align=&#8220;left&#8220;]\n<ul>\n<li><a href=\"\/de\/mobile-apps\/\"><strong>Smartphone-Apps<\/strong><\/a><\/li>\n<li><a href=\"\/de\/mobility\/\"><strong>Mobility Enterprise<\/strong>: Sie sind unter der gleichen Telefonnummer auf Ihrem Mobiltelefon erreichbar <\/a><\/li>\n<\/ul>\n[\/mk_custom_list][\/vc_column_inner][\/vc_row_inner][mk_padding_divider size=&#8220;50&#8243;][\/vc_column][\/vc_row][vc_row][vc_column][mk_font_icons icon=&#8220;mk-moon-chart&#8220; color=&#8220;#dd9933&#8243; size=&#8220;large&#8220; margin_vertical=&#8220;15&#8243; align=&#8220;center&#8220;][mk_ornamental_title font_family=&#8220;none&#8220; font_size=&#8220;25&#8243; font_weight=&#8220;400&#8243; txt_transform=&#8220;uppercase&#8220; ornament_style=&#8220;norman-short-single&#8220; nss_align=&#8220;center&#8220; ornament_color=&#8220;#dd9933&#8243; ornament_thickness=&#8220;2&#8243;]ANALYSE DER ANRUFAKTIVIT\u00c4T: \u00dcBERWACHUNG UND REPORTING[\/mk_ornamental_title][vc_row_inner][vc_column_inner width=&#8220;1\/2&#8243;][vc_column_text css=&#8220;.vc_custom_1524747842350{margin-bottom: 0px !important;}&#8220;]Jede gute Strategie setzt Kontrolle und Analyse voraus. Deshalb bietet Wildix Ihnen die n\u00f6tigen Werkzeuge, um die\u00a0<strong>Anrufaktivit\u00e4ten<\/strong>\u00a0in\u00a0<strong>Echtzeit<\/strong>\u00a0<strong>\u00fcberwachen<\/strong>\u00a0zu k\u00f6nnen (inkl. SLA-Kennzahlen).[\/vc_column_text][\/vc_column_inner][vc_column_inner width=&#8220;1\/2&#8243;][mk_custom_list style=&#8220;mk-moon-link&#8220; icon_color=&#8220;#dd9933&#8243; margin_bottom=&#8220;50&#8243; align=&#8220;left&#8220;]\n<ul>\n<li><a href=\"\/de\/monitoring-reporting\/\">\u00dcberwachung &amp; Reporting: Detaillierte Aktivit\u00e4ts- und Kostenanalyse, SLA-Kennzahlen.<\/a><\/li>\n<\/ul>\n[\/mk_custom_list][\/vc_column_inner][\/vc_row_inner][mk_padding_divider size=&#8220;50&#8243;][\/vc_column][\/vc_row][vc_row][vc_column][mk_font_icons icon=&#8220;mk-moon-phone-2&#8243; color=&#8220;#dd9933&#8243; size=&#8220;large&#8220; margin_vertical=&#8220;15&#8243; align=&#8220;center&#8220;][mk_ornamental_title font_family=&#8220;none&#8220; font_size=&#8220;25&#8243; font_weight=&#8220;400&#8243; txt_transform=&#8220;uppercase&#8220; ornament_style=&#8220;norman-short-single&#8220; nss_align=&#8220;center&#8220; ornament_color=&#8220;#dd9933&#8243; ornament_thickness=&#8220;2&#8243;]DIE AUSGEREIFTESTE VOIP-L\u00d6SUNG[\/mk_ornamental_title][vc_row_inner][vc_column_inner width=&#8220;1\/2&#8243;][vc_column_text css=&#8220;.vc_custom_1524747923742{margin-bottom: 0px !important;}&#8220;]Wildix bietet eine vollumf\u00e4ngliche\u00a0<strong>SIP\/XMPP- und Unified Communications-L\u00f6sung<\/strong>, die selbst in Unternehmen mit mehreren Niederlassungen eingesetzt werden kann.[\/vc_column_text][\/vc_column_inner][vc_column_inner width=&#8220;1\/2&#8243;][mk_custom_list style=&#8220;mk-moon-link&#8220; icon_color=&#8220;#dd9933&#8243; margin_bottom=&#8220;50&#8243; align=&#8220;left&#8220;]\n<ul>\n<li><a href=\"\/de\/cloud-voip-pbx\/\">Cloud Voip PBX<\/a><\/li>\n<li><a href=\"\/de\/voip-telefone-headsets\/\">VoIP-Telefone<\/a><\/li>\n<li><a href=\"\/de\/schnurloses-w-air-telefon\/\">WAIR \u2013 das VoIP DECT Telefon<\/a><\/li>\n<li><a href=\"\/de\/switch-voip-extender-poe\/\">Switch &amp; Extender<\/a><\/li>\n<li><a href=\"\/de\/media-gateway\/\">Media Gateway<\/a><\/li>\n<\/ul>\n[\/mk_custom_list][\/vc_column_inner][\/vc_row_inner][mk_padding_divider size=&#8220;50&#8243;][\/vc_column][\/vc_row][vc_row fullwidth=&#8220;true&#8220; fullwidth_content=&#8220;false&#8220; css=&#8220;.vc_custom_1563980243307{background-color: #003366 !important;}&#8220;][vc_column][mk_padding_divider][vc_row_inner is_fullwidth_content=&#8220;false&#8220;][vc_column_inner width=&#8220;1\/2&#8243;][mk_button dimension=&#8220;flat&#8220; corner_style=&#8220;rounded&#8220; size=&#8220;large&#8220; icon=&#8220;mk-moon-arrow-left&#8220; icon_anim=&#8220;side&#8220; url=&#8220;\/de\/videokonferenz-smartworking\/&#8220; align=&#8220;right&#8220; button_custom_width=&#8220;200&#8243; bg_color=&#8220;#dd9933&#8243; btn_hover_txt_color=&#8220;#ffffff&#8220;]Zur\u00fcck[\/mk_button][\/vc_column_inner][vc_column_inner width=&#8220;1\/2&#8243;][mk_button dimension=&#8220;flat&#8220; corner_style=&#8220;rounded&#8220; size=&#8220;large&#8220; icon=&#8220;mk-moon-arrow-right-2&#8243; icon_anim=&#8220;side&#8220; url=&#8220;\/de\/x-bees-ucaas-platform\/&#8220; button_custom_width=&#8220;200&#8243; bg_color=&#8220;#dd9933&#8243; btn_hover_txt_color=&#8220;#ffffff&#8220;]Weiter[\/mk_button][\/vc_column_inner][\/vc_row_inner][mk_padding_divider size=&#8220;20&#8243;][\/vc_column][\/vc_row]\n<\/section>","protected":false},"excerpt":{"rendered":"<p>[mk_page_section video_color_mask=&#8220;#003366&#8243; video_opacity=&#8220;0.9&#8243; min_height=&#8220;250&#8243; full_width=&#8220;true&#8220; padding_top=&#8220;0&#8243; padding_bottom=&#8220;0&#8243; sidebar=&#8220;sidebar-1&#8243; first_page=&#8220;false&#8220; last_page=&#8220;false&#8220;][vc_column][mk_padding_divider size=&#8220;120&#8243; visibility=&#8220;hidden-sm&#8220;][mk_padding_divider size=&#8220;70&#8243; visibility=&#8220;visible-sm&#8220;][mk_fancy_title tag_name=&#8220;h1&#8243; color=&#8220;#ffffff&#8220; size=&#8220;70&#8243; force_font_size=&#8220;true&#8220; size_smallscreen=&#8220;60&#8243; size_tablet=&#8220;50&#8243; size_phone=&#8220;40&#8243; font_weight=&#8220;300&#8243; font_style=&#8220;normal&#8220; txt_transform=&#8220;none&#8220; margin_bottom=&#8220;0&#8243; font_family=&#8220;none&#8220; align=&#8220;center&#8220;]Unified Communications[\/mk_fancy_title][mk_fancy_title tag_name=&#8220;span&#8220; color=&#8220;#ffffff&#8220; size=&#8220;24&#8243; force_font_size=&#8220;true&#8220; size_smallscreen=&#8220;22&#8243; size_tablet=&#8220;22&#8243; size_phone=&#8220;20&#8243; font_weight=&#8220;300&#8243; font_style=&#8220;normal&#8220; txt_transform=&#8220;none&#8220; margin_bottom=&#8220;0&#8243; font_family=&#8220;none&#8220; align=&#8220;center&#8220;]Kommunikationsl\u00f6sungen f\u00fcr Ihren Gesch\u00e4ftserfolg[\/mk_fancy_title][mk_padding_divider size=&#8220;30&#8243;][\/vc_column][\/mk_page_section][vc_row][vc_column width=&#8220;1\/6&#8243;][\/vc_column][vc_column width=&#8220;2\/3&#8243;][mk_padding_divider size=&#8220;50&#8243;][vc_column_text css=&#8220;.vc_custom_1569493161896{margin-bottom: 0px !important;}&#8220;]Das Konzept der Unternehmenskommunikation hat [&hellip;]<\/p>\n","protected":false},"author":1,"featured_media":0,"parent":0,"menu_order":1,"comment_status":"open","ping_status":"closed","template":"","meta":{"wpupg_custom_link":[],"wpupg_custom_link_behaviour":["default"],"wpupg_custom_image":[],"wpupg_custom_image_id":[],"footnotes":""},"acf":[],"yoast_head":"<!-- This site is optimized with the Yoast SEO plugin v21.8 - https:\/\/yoast.com\/wordpress\/plugins\/seo\/ -->\n<title>Unified Communications L\u00f6sungen<\/title>\n<meta name=\"description\" content=\"Wildix Unified Communications beleben die Unternehmenskommunikation, verbessern Ihre Tools und erh\u00f6hen Geschwindigkeit und Genauigkeit im t\u00e4glichen Betrieb.\" \/>\n<meta name=\"robots\" content=\"noindex, follow, max-snippet:-1, max-image-preview:large, max-video-preview:-1\" \/>\n<meta property=\"og:locale\" content=\"de_DE\" \/>\n<meta property=\"og:type\" content=\"article\" \/>\n<meta property=\"og:title\" content=\"Unified Communications L\u00f6sungen\" \/>\n<meta property=\"og:description\" content=\"Wildix Unified Communications beleben die Unternehmenskommunikation, verbessern Ihre Tools und erh\u00f6hen Geschwindigkeit und Genauigkeit im t\u00e4glichen Betrieb.\" \/>\n<meta property=\"og:url\" content=\"https:\/\/old.wildix.com\/de\/unified-communications\/\" \/>\n<meta property=\"og:site_name\" content=\"Wildix\" \/>\n<meta property=\"article:modified_time\" content=\"2021-08-23T05:16:48+00:00\" \/>\n<meta name=\"twitter:card\" content=\"summary_large_image\" \/>\n<meta name=\"twitter:label1\" content=\"Gesch\u00e4tzte Lesezeit\" \/>\n\t<meta name=\"twitter:data1\" content=\"3 Minuten\" \/>\n<script type=\"application\/ld+json\" class=\"yoast-schema-graph\">{\"@context\":\"https:\/\/schema.org\",\"@graph\":[{\"@type\":\"WebPage\",\"@id\":\"https:\/\/old.wildix.com\/de\/unified-communications\/\",\"url\":\"https:\/\/old.wildix.com\/de\/unified-communications\/\",\"name\":\"Unified Communications L\u00f6sungen\",\"isPartOf\":{\"@id\":\"https:\/\/old.wildix.com\/#website\"},\"datePublished\":\"2015-04-30T12:29:41+00:00\",\"dateModified\":\"2021-08-23T05:16:48+00:00\",\"description\":\"Wildix Unified Communications beleben die Unternehmenskommunikation, verbessern Ihre Tools und erh\u00f6hen Geschwindigkeit und Genauigkeit im t\u00e4glichen Betrieb.\",\"breadcrumb\":{\"@id\":\"https:\/\/old.wildix.com\/de\/unified-communications\/#breadcrumb\"},\"inLanguage\":\"de-DE\",\"potentialAction\":[{\"@type\":\"ReadAction\",\"target\":[\"https:\/\/old.wildix.com\/de\/unified-communications\/\"]}]},{\"@type\":\"BreadcrumbList\",\"@id\":\"https:\/\/old.wildix.com\/de\/unified-communications\/#breadcrumb\",\"itemListElement\":[{\"@type\":\"ListItem\",\"position\":1,\"name\":\"Home\",\"item\":\"https:\/\/old.wildix.com\/\"},{\"@type\":\"ListItem\",\"position\":2,\"name\":\"Unified Communications\"}]},{\"@type\":\"WebSite\",\"@id\":\"https:\/\/old.wildix.com\/#website\",\"url\":\"https:\/\/old.wildix.com\/\",\"name\":\"Wildix\",\"description\":\"Wildix PBX | VoIP Solutions | Unified Communications | WebRTC\",\"publisher\":{\"@id\":\"https:\/\/old.wildix.com\/#organization\"},\"potentialAction\":[{\"@type\":\"SearchAction\",\"target\":{\"@type\":\"EntryPoint\",\"urlTemplate\":\"https:\/\/old.wildix.com\/?s={search_term_string}\"},\"query-input\":\"required name=search_term_string\"}],\"inLanguage\":\"de-DE\"},{\"@type\":\"Organization\",\"@id\":\"https:\/\/old.wildix.com\/#organization\",\"name\":\"Wildix\",\"url\":\"https:\/\/old.wildix.com\/\",\"logo\":{\"@type\":\"ImageObject\",\"inLanguage\":\"de-DE\",\"@id\":\"https:\/\/old.wildix.com\/#\/schema\/logo\/image\/\",\"url\":\"https:\/\/old.wildix.com\/wp-content\/uploads\/2018\/04\/wildix-logo-2.png\",\"contentUrl\":\"https:\/\/old.wildix.com\/wp-content\/uploads\/2018\/04\/wildix-logo-2.png\",\"width\":440,\"height\":200,\"caption\":\"Wildix\"},\"image\":{\"@id\":\"https:\/\/old.wildix.com\/#\/schema\/logo\/image\/\"}}]}<\/script>\n<!-- \/ Yoast SEO plugin. -->","yoast_head_json":{"title":"Unified Communications L\u00f6sungen","description":"Wildix Unified Communications beleben die Unternehmenskommunikation, verbessern Ihre Tools und erh\u00f6hen Geschwindigkeit und Genauigkeit im t\u00e4glichen Betrieb.","robots":{"index":"noindex","follow":"follow","max-snippet":"max-snippet:-1","max-image-preview":"max-image-preview:large","max-video-preview":"max-video-preview:-1"},"og_locale":"de_DE","og_type":"article","og_title":"Unified Communications L\u00f6sungen","og_description":"Wildix Unified Communications beleben die Unternehmenskommunikation, verbessern Ihre Tools und erh\u00f6hen Geschwindigkeit und Genauigkeit im t\u00e4glichen Betrieb.","og_url":"https:\/\/old.wildix.com\/de\/unified-communications\/","og_site_name":"Wildix","article_modified_time":"2021-08-23T05:16:48+00:00","twitter_card":"summary_large_image","twitter_misc":{"Gesch\u00e4tzte Lesezeit":"3 Minuten"},"schema":{"@context":"https:\/\/schema.org","@graph":[{"@type":"WebPage","@id":"https:\/\/old.wildix.com\/de\/unified-communications\/","url":"https:\/\/old.wildix.com\/de\/unified-communications\/","name":"Unified Communications L\u00f6sungen","isPartOf":{"@id":"https:\/\/old.wildix.com\/#website"},"datePublished":"2015-04-30T12:29:41+00:00","dateModified":"2021-08-23T05:16:48+00:00","description":"Wildix Unified Communications beleben die Unternehmenskommunikation, verbessern Ihre Tools und erh\u00f6hen Geschwindigkeit und Genauigkeit im t\u00e4glichen Betrieb.","breadcrumb":{"@id":"https:\/\/old.wildix.com\/de\/unified-communications\/#breadcrumb"},"inLanguage":"de-DE","potentialAction":[{"@type":"ReadAction","target":["https:\/\/old.wildix.com\/de\/unified-communications\/"]}]},{"@type":"BreadcrumbList","@id":"https:\/\/old.wildix.com\/de\/unified-communications\/#breadcrumb","itemListElement":[{"@type":"ListItem","position":1,"name":"Home","item":"https:\/\/old.wildix.com\/"},{"@type":"ListItem","position":2,"name":"Unified Communications"}]},{"@type":"WebSite","@id":"https:\/\/old.wildix.com\/#website","url":"https:\/\/old.wildix.com\/","name":"Wildix","description":"Wildix PBX | VoIP Solutions | Unified Communications | WebRTC","publisher":{"@id":"https:\/\/old.wildix.com\/#organization"},"potentialAction":[{"@type":"SearchAction","target":{"@type":"EntryPoint","urlTemplate":"https:\/\/old.wildix.com\/?s={search_term_string}"},"query-input":"required name=search_term_string"}],"inLanguage":"de-DE"},{"@type":"Organization","@id":"https:\/\/old.wildix.com\/#organization","name":"Wildix","url":"https:\/\/old.wildix.com\/","logo":{"@type":"ImageObject","inLanguage":"de-DE","@id":"https:\/\/old.wildix.com\/#\/schema\/logo\/image\/","url":"https:\/\/old.wildix.com\/wp-content\/uploads\/2018\/04\/wildix-logo-2.png","contentUrl":"https:\/\/old.wildix.com\/wp-content\/uploads\/2018\/04\/wildix-logo-2.png","width":440,"height":200,"caption":"Wildix"},"image":{"@id":"https:\/\/old.wildix.com\/#\/schema\/logo\/image\/"}}]}},"_links":{"self":[{"href":"https:\/\/old.wildix.com\/de\/wp-json\/wp\/v2\/pages\/7812262"}],"collection":[{"href":"https:\/\/old.wildix.com\/de\/wp-json\/wp\/v2\/pages"}],"about":[{"href":"https:\/\/old.wildix.com\/de\/wp-json\/wp\/v2\/types\/page"}],"author":[{"embeddable":true,"href":"https:\/\/old.wildix.com\/de\/wp-json\/wp\/v2\/users\/1"}],"replies":[{"embeddable":true,"href":"https:\/\/old.wildix.com\/de\/wp-json\/wp\/v2\/comments?post=7812262"}],"version-history":[{"count":0,"href":"https:\/\/old.wildix.com\/de\/wp-json\/wp\/v2\/pages\/7812262\/revisions"}],"wp:attachment":[{"href":"https:\/\/old.wildix.com\/de\/wp-json\/wp\/v2\/media?parent=7812262"}],"curies":[{"name":"wp","href":"https:\/\/api.w.org\/{rel}","templated":true}]}}