{"id":7824231,"date":"2018-07-23T08:30:33","date_gmt":"2018-07-23T08:30:33","guid":{"rendered":"https:\/\/old2.wildix.com\/?page_id=7824231"},"modified":"2018-07-23T08:38:11","modified_gmt":"2018-07-23T08:38:11","slug":"7808910-2","status":"publish","type":"page","link":"https:\/\/old.wildix.com\/de\/7808910-2\/","title":{"rendered":"Herzlich Willkommen zum ersten Video"},"content":{"rendered":"<section class=\"wpb-content-wrapper\">[vc_row][vc_column][mk_padding_divider size=&#8220;50&#8243;][\/vc_column][\/vc_row][vc_row][vc_column width=&#8220;1\/2&#8243; css=&#8220;.vc_custom_1532334854641{background-color: #ededed !important;border-radius: 10px !important;}&#8220;][mk_padding_divider][vc_raw_js]JTNDc2NyaXB0JTIwc3JjJTNEJTIyaHR0cHMlM0ElMkYlMkZmYXN0Lndpc3RpYS5jb20lMkZlbWJlZCUyRm1lZGlhcyUyRmY2MW02YWQ5N2suanNvbnAlMjIlMjBhc3luYyUzRSUzQyUyRnNjcmlwdCUzRSUzQ3NjcmlwdCUyMHNyYyUzRCUyMmh0dHBzJTNBJTJGJTJGZmFzdC53aXN0aWEuY29tJTJGYXNzZXRzJTJGZXh0ZXJuYWwlMkZFLXYxLmpzJTIyJTIwYXN5bmMlM0UlM0MlMkZzY3JpcHQlM0UlMEElM0NkaXYlMjBjbGFzcyUzRCUyMndpc3RpYV9yZXNwb25zaXZlX3BhZGRpbmclMjIlMjBzdHlsZSUzRCUyMnBhZGRpbmclM0ElMjA1Ni4wJTI1JTIwMCUyMDAlMjAwJTNCJTIwcG9zaXRpb24lM0ElMjByZWxhdGl2ZSUzQiUyMiUzRSUwQSUzQ2RpdiUyMGNsYXNzJTNEJTIyd2lzdGlhX3Jlc3BvbnNpdmVfd3JhcHBlciUyMiUyMHN0eWxlJTNEJTIyaGVpZ2h0JTNBJTIwMTAwJTI1JTNCJTIwbGVmdCUzQSUyMDAlM0IlMjBwb3NpdGlvbiUzQSUyMGFic29sdXRlJTNCJTIwdG9wJTNBJTIwMCUzQiUyMHdpZHRoJTNBJTIwMTAwJTI1JTNCJTIyJTNFJTBBJTNDZGl2JTIwY2xhc3MlM0QlMjJ3aXN0aWFfZW1iZWQlMjB3aXN0aWFfYXN5bmNfZjYxbTZhZDk3ayUyMHZpZGVvRm9hbSUzRHRydWUlMjIlMjBzdHlsZSUzRCUyMmhlaWdodCUzQSUyMDEwMCUyNSUzQiUyMHdpZHRoJTNBJTIwMTAwJTI1JTNCJTIyJTNFJTNDJTJGZGl2JTNFJTBBJTNDJTJGZGl2JTNFJTBBJTNDJTJGZGl2JTNF[\/vc_raw_js][mk_padding_divider][mk_fancy_title size=&#8220;28&#8243; force_font_size=&#8220;true&#8220; size_smallscreen=&#8220;25&#8243; size_tablet=&#8220;25&#8243; size_phone=&#8220;20&#8243; margin_top=&#8220;20&#8243; margin_bottom=&#8220;10&#8243; font_family=&#8220;none&#8220; align=&#8220;center&#8220;]Ihre Meinung ist uns wichtig![\/mk_fancy_title][vc_row_inner][vc_column_inner width=&#8220;1\/3&#8243;][mk_image src=&#8220;https:\/\/old.wildix.com\/wp-content\/uploads\/2018\/07\/xing-icon-copy.png&#8220; image_size=&#8220;full&#8220; link=&#8220;https:\/\/www.xing.com\/companies\/wildix?sc_o=as_c&#8220; align=&#8220;center&#8220;][\/vc_column_inner][vc_column_inner width=&#8220;1\/3&#8243;][mk_image src=&#8220;https:\/\/old.wildix.com\/wp-content\/uploads\/2018\/07\/facebook-icon-1.png&#8220; image_size=&#8220;full&#8220; link=&#8220;https:\/\/www.facebook.com\/wildixGmbH\/&#8220; align=&#8220;center&#8220;][\/vc_column_inner][vc_column_inner width=&#8220;1\/3&#8243;][mk_image src=&#8220;https:\/\/old.wildix.com\/wp-content\/uploads\/2018\/07\/twitter-icon-1.png&#8220; image_size=&#8220;full&#8220; link=&#8220;https:\/\/twitter.com\/WildixSrl&#8220; align=&#8220;center&#8220;][\/vc_column_inner][\/vc_row_inner][mk_padding_divider][\/vc_column][vc_column width=&#8220;1\/2&#8243;][mk_fancy_title size=&#8220;28&#8243; force_font_size=&#8220;true&#8220; size_smallscreen=&#8220;25&#8243; size_tablet=&#8220;25&#8243; size_phone=&#8220;20&#8243; margin_top=&#8220;20&#8243; margin_bottom=&#8220;10&#8243; font_family=&#8220;none&#8220; align=&#8220;center&#8220;]Um Ihre Bed\u00fcrfnisse besser zu verstehen und Ihnen zu helfen, m\u00f6chten wir Ihnen die folgenden Fragen stellen: Im welchen Bereich ist Ihre Firma t\u00e4tig? Wie viele Mitarbeiter hat die Firma? Wof\u00fcr sind Sie zust\u00e4ndig?[\/mk_fancy_title][vc_raw_html]JTNDZm9ybSUyMGFjY2VwdC1jaGFyc2V0JTNEJTIyVVRGLTglMjIlMjBhY3Rpb24lM0QlMjJodHRwcyUzQSUyRiUyRmFmMTk1LmluZnVzaW9uc29mdC5jb20lMkZhcHAlMkZmb3JtJTJGcHJvY2VzcyUyRmY0NDQ1OWM5NDI2MDZkZDEyOWM0ZDk5YTMzMGMxZTVlJTIyJTIwY2xhc3MlM0QlMjJpbmZ1c2lvbi1mb3JtJTIyJTIwaWQlM0QlMjJpbmZfZm9ybV9mNDQ0NTljOTQyNjA2ZGQxMjljNGQ5OWEzMzBjMWU1ZSUyMiUyMG1ldGhvZCUzRCUyMlBPU1QlMjIlM0UlMEElMjAlMjAlMjAlMjAlM0NpbnB1dCUyMG5hbWUlM0QlMjJpbmZfZm9ybV94aWQlMjIlMjB0eXBlJTNEJTIyaGlkZGVuJTIyJTIwdmFsdWUlM0QlMjJmNDQ0NTljOTQyNjA2ZGQxMjljNGQ5OWEzMzBjMWU1ZSUyMiUyMCUyRiUzRSUwQSUyMCUyMCUyMCUyMCUzQ2lucHV0JTIwbmFtZSUzRCUyMmluZl9mb3JtX25hbWUlMjIlMjB0eXBlJTNEJTIyaGlkZGVuJTIyJTIwdmFsdWUlM0QlMjJJbmZvcm1hdGlvbiUyMHJlcXVlc3QlMjBmcm9tJTIwVmlkZW8lMjAxJTIyJTIwJTJGJTNFJTBBJTIwJTIwJTIwJTIwJTNDaW5wdXQlMjBuYW1lJTNEJTIyaW5mdXNpb25zb2Z0X3ZlcnNpb24lMjIlMjB0eXBlJTNEJTIyaGlkZGVuJTIyJTIwdmFsdWUlM0QlMjIxLjY3LjAuNjAlMjIlMjAlMkYlM0UlMEElMjAlMjAlMjAlMjAlM0NkaXYlMjBjbGFzcyUzRCUyMmluZnVzaW9uLWZpZWxkJTIyJTNFJTBBJTIwJTIwJTIwJTIwJTIwJTIwJTIwJTIwJTNDbGFiZWwlMjBmb3IlM0QlMjJpbmZfZmllbGRfRW1haWwlMjIlM0VFbWFpbC1BZHJlc3NlJTIwZWluZ2ViZW4lMjAlMkElM0MlMkZsYWJlbCUzRSUwQSUyMCUyMCUyMCUyMCUyMCUyMCUyMCUyMCUzQ2lucHV0JTIwY2xhc3MlM0QlMjJpbmZ1c2lvbi1maWVsZC1pbnB1dC1jb250YWluZXIlMjIlMjBpZCUzRCUyMmluZl9maWVsZF9FbWFpbCUyMiUyMG5hbWUlM0QlMjJpbmZfZmllbGRfRW1haWwlMjIlMjB0eXBlJTNEJTIydGV4dCUyMiUyMCUyRiUzRSUwQSUyMCUyMCUyMCUyMCUzQyUyRmRpdiUzRSUwQSUyMCUyMCUyMCUyMCUzQ2RpdiUyMGNsYXNzJTNEJTIyaW5mdXNpb24tZmllbGQlMjIlM0UlMEElMjAlMjAlMjAlMjAlMjAlMjAlMjAlMjAlM0NsYWJlbCUyMGZvciUzRCUyMmluZl9jdXN0b21fQ29udGFjdFVzQ29tbWVudHMlMjIlM0VJaHJlJTIwTmFjaHJpY2h0JTIwJTNDJTJGbGFiZWwlM0UlMEElMjAlMjAlMjAlMjAlMjAlMjAlMjAlMjAlM0N0ZXh0YXJlYSUyMGNvbHMlM0QlMjIyNCUyMiUyMGlkJTNEJTIyaW5mX2N1c3RvbV9Db250YWN0VXNDb21tZW50cyUyMiUyMG5hbWUlM0QlMjJpbmZfY3VzdG9tX0NvbnRhY3RVc0NvbW1lbnRzJTIyJTIwcm93cyUzRCUyMjUlMjIlM0UlMEElMjAlMjAlMjAlMjAlM0MlMkZ0ZXh0YXJlYSUzRSUzQyUyRmRpdiUzRSUwQSUyMCUyMCUyMCUyMCUzQ2RpdiUyMGNsYXNzJTNEJTIyaW5mdXNpb24tZmllbGQlMjIlM0UlMEElMjAlMjAlMjAlMjAlMjAlMjAlMjAlMjAlM0NzcGFuJTIwY2xhc3MlM0QlMjJpbmZ1c2lvbi1vcHRpb24lMjIlM0UlMEElMjAlMjAlMjAlMjAlMjAlMjAlMjAlMjAlMjAlMjAlMjAlMjAlM0NpbnB1dCUyMGlkJTNEJTIyaW5mX29wdGlvbl9NaXRkZW1vYmVuZ2VnZWJlbmVuRWludmVyc3QlQzMlQTRuZG5pc3N0aW1tZWljaGRlclZlcmFyYmVpdHVuZ21laW5lcnBlcnMlQzMlQjZubGljaGVuRGF0ZW56dSUyMiUyMG5hbWUlM0QlMjJpbmZfb3B0aW9uX01pdGRlbW9iZW5nZWdlYmVuZW5FaW52ZXJzdCVDMyVBNG5kbmlzc3RpbW1laWNoZGVyVmVyYXJiZWl0dW5nbWVpbmVycGVycyVDMyVCNm5saWNoZW5EYXRlbnp1JTIyJTIwdHlwZSUzRCUyMmNoZWNrYm94JTIyJTIwdmFsdWUlM0QlMjI5OTglMjIlMjAlMkYlM0UlMEElMjAlMjAlMjAlMjAlMjAlMjAlMjAlMjAlMjAlMjAlMjAlMjAlM0NsYWJlbCUyMGZvciUzRCUyMmluZl9vcHRpb25fTWl0ZGVtb2JlbmdlZ2ViZW5lbkVpbnZlcnN0JUMzJUE0bmRuaXNzdGltbWVpY2hkZXJWZXJhcmJlaXR1bmdtZWluZXJwZXJzJUMzJUI2bmxpY2hlbkRhdGVuenUlMjIlM0VNaXQlMjBkZW0lMjBvYmVuJTIwZ2VnZWJlbmVuJTIwRWludmVyc3QlMjZhdW1sJTNCbmRuaXMlMjBzdGltbWUlMjBpY2glMjBkZXIlMjBWZXJhcmJlaXR1bmclMjBtZWluZXIlMjBwZXJzJTI2b3VtbCUzQm5saWNoZW4lMjBEYXRlbiUyMHp1LiUyMCUyQSUzQyUyRmxhYmVsJTNFJTBBJTIwJTIwJTIwJTIwJTIwJTIwJTIwJTIwJTNDJTJGc3BhbiUzRSUwQSUwQSUzQ3AlMjBzdHlsZSUzRCUyMnRleHQtYWxpZ24lM0ElMjBsZWZ0JTNCJTIyJTNFJTJBUGZsaWNodGZlbGQlM0MlMkZwJTNFJTBBJTNDJTJGZGl2JTNFJTBBJTIwJTIwJTIwJTIwJTNDZGl2JTIwY2xhc3MlM0QlMjJpbmZ1c2lvbi1zdWJtaXQlMjIlM0UlMEElMjAlMjAlMjAlMjAlMjAlMjAlMjAlMjAlM0NidXR0b24lMjB0eXBlJTNEJTIyc3VibWl0JTIyJTNFQW5mcmFnZSUyMHNlbmRlbiUyMCUzQyUyRmJ1dHRvbiUzRSUwQSUyMCUyMCUyMCUyMCUzQyUyRmRpdiUzRSUwQSUzQyUyRmZvcm0lM0UlMEElM0NzY3JpcHQlMjB0eXBlJTNEJTIydGV4dCUyRmphdmFzY3JpcHQlMjIlMjBzcmMlM0QlMjJodHRwcyUzQSUyRiUyRmFmMTk1LmluZnVzaW9uc29mdC5jb20lMkZhcHAlMkZ3ZWJUcmFja2luZyUyRmdldFRyYWNraW5nQ29kZSUyMiUzRSUzQyUyRnNjcmlwdCUzRQ==[\/vc_raw_html][\/vc_column][\/vc_row][vc_row][vc_column][mk_padding_divider size=&#8220;50&#8243;][\/vc_column][\/vc_row]\n<\/section>","protected":false},"excerpt":{"rendered":"<p>[vc_row][vc_column][mk_padding_divider size=&#8220;50&#8243;][\/vc_column][\/vc_row][vc_row][vc_column width=&#8220;1\/2&#8243; css=&#8220;.vc_custom_1532334854641{background-color: #ededed !important;border-radius: 10px !important;}&#8220;][mk_padding_divider][vc_raw_js]JTNDc2NyaXB0JTIwc3JjJTNEJTIyaHR0cHMlM0ElMkYlMkZmYXN0Lndpc3RpYS5jb20lMkZlbWJlZCUyRm1lZGlhcyUyRmY2MW02YWQ5N2suanNvbnAlMjIlMjBhc3luYyUzRSUzQyUyRnNjcmlwdCUzRSUzQ3NjcmlwdCUyMHNyYyUzRCUyMmh0dHBzJTNBJTJGJTJGZmFzdC53aXN0aWEuY29tJTJGYXNzZXRzJTJGZXh0ZXJuYWwlMkZFLXYxLmpzJTIyJTIwYXN5bmMlM0UlM0MlMkZzY3JpcHQlM0UlMEElM0NkaXYlMjBjbGFzcyUzRCUyMndpc3RpYV9yZXNwb25zaXZlX3BhZGRpbmclMjIlMjBzdHlsZSUzRCUyMnBhZGRpbmclM0ElMjA1Ni4wJTI1JTIwMCUyMDAlMjAwJTNCJTIwcG9zaXRpb24lM0ElMjByZWxhdGl2ZSUzQiUyMiUzRSUwQSUzQ2RpdiUyMGNsYXNzJTNEJTIyd2lzdGlhX3Jlc3BvbnNpdmVfd3JhcHBlciUyMiUyMHN0eWxlJTNEJTIyaGVpZ2h0JTNBJTIwMTAwJTI1JTNCJTIwbGVmdCUzQSUyMDAlM0IlMjBwb3NpdGlvbiUzQSUyMGFic29sdXRlJTNCJTIwdG9wJTNBJTIwMCUzQiUyMHdpZHRoJTNBJTIwMTAwJTI1JTNCJTIyJTNFJTBBJTNDZGl2JTIwY2xhc3MlM0QlMjJ3aXN0aWFfZW1iZWQlMjB3aXN0aWFfYXN5bmNfZjYxbTZhZDk3ayUyMHZpZGVvRm9hbSUzRHRydWUlMjIlMjBzdHlsZSUzRCUyMmhlaWdodCUzQSUyMDEwMCUyNSUzQiUyMHdpZHRoJTNBJTIwMTAwJTI1JTNCJTIyJTNFJTNDJTJGZGl2JTNFJTBBJTNDJTJGZGl2JTNFJTBBJTNDJTJGZGl2JTNF[\/vc_raw_js][mk_padding_divider][mk_fancy_title size=&#8220;28&#8243; force_font_size=&#8220;true&#8220; size_smallscreen=&#8220;25&#8243; size_tablet=&#8220;25&#8243; size_phone=&#8220;20&#8243; margin_top=&#8220;20&#8243; margin_bottom=&#8220;10&#8243; font_family=&#8220;none&#8220; align=&#8220;center&#8220;]Ihre Meinung ist uns wichtig![\/mk_fancy_title][vc_row_inner][vc_column_inner width=&#8220;1\/3&#8243;][mk_image src=&#8220;https:\/\/old.wildix.com\/wp-content\/uploads\/2018\/07\/xing-icon-copy.png&#8220; image_size=&#8220;full&#8220; link=&#8220;https:\/\/www.xing.com\/companies\/wildix?sc_o=as_c&#8220; align=&#8220;center&#8220;][\/vc_column_inner][vc_column_inner width=&#8220;1\/3&#8243;][mk_image src=&#8220;https:\/\/old.wildix.com\/wp-content\/uploads\/2018\/07\/facebook-icon-1.png&#8220; image_size=&#8220;full&#8220; link=&#8220;https:\/\/www.facebook.com\/wildixGmbH\/&#8220; align=&#8220;center&#8220;][\/vc_column_inner][vc_column_inner width=&#8220;1\/3&#8243;][mk_image src=&#8220;https:\/\/old.wildix.com\/wp-content\/uploads\/2018\/07\/twitter-icon-1.png&#8220; image_size=&#8220;full&#8220; link=&#8220;https:\/\/twitter.com\/WildixSrl&#8220; align=&#8220;center&#8220;][\/vc_column_inner][\/vc_row_inner][mk_padding_divider][\/vc_column][vc_column width=&#8220;1\/2&#8243;][mk_fancy_title size=&#8220;28&#8243; force_font_size=&#8220;true&#8220; size_smallscreen=&#8220;25&#8243; size_tablet=&#8220;25&#8243; size_phone=&#8220;20&#8243; margin_top=&#8220;20&#8243; margin_bottom=&#8220;10&#8243; font_family=&#8220;none&#8220; align=&#8220;center&#8220;]Um Ihre Bed\u00fcrfnisse besser zu verstehen und Ihnen zu helfen, [&hellip;]<\/p>\n","protected":false},"author":6,"featured_media":0,"parent":0,"menu_order":0,"comment_status":"closed","ping_status":"closed","template":"","meta":{"wpupg_custom_link":[],"wpupg_custom_link_behaviour":["default"],"wpupg_custom_image":[],"wpupg_custom_image_id":[],"footnotes":""},"acf":[],"yoast_head":"<!-- This site is optimized with the Yoast SEO plugin v21.8 - https:\/\/yoast.com\/wordpress\/plugins\/seo\/ -->\n<title>Herzlich Willkommen zum ersten Video | Wildix Video Tutorials<\/title>\n<meta name=\"robots\" content=\"noindex, follow, max-snippet:-1, max-image-preview:large, max-video-preview:-1\" \/>\n<meta property=\"og:locale\" content=\"de_DE\" \/>\n<meta property=\"og:type\" content=\"article\" \/>\n<meta property=\"og:title\" content=\"Herzlich Willkommen zum ersten Video | Wildix Video Tutorials\" \/>\n<meta property=\"og:description\" content=\"[vc_row][vc_column][mk_padding_divider size=&#8220;50&#8243;][\/vc_column][\/vc_row][vc_row][vc_column width=&#8220;1\/2&#8243; css=&#8220;.vc_custom_1532334854641{background-color: #ededed !important;border-radius: 10px !important;}&#8220;][mk_padding_divider][vc_raw_js]JTNDc2NyaXB0JTIwc3JjJTNEJTIyaHR0cHMlM0ElMkYlMkZmYXN0Lndpc3RpYS5jb20lMkZlbWJlZCUyRm1lZGlhcyUyRmY2MW02YWQ5N2suanNvbnAlMjIlMjBhc3luYyUzRSUzQyUyRnNjcmlwdCUzRSUzQ3NjcmlwdCUyMHNyYyUzRCUyMmh0dHBzJTNBJTJGJTJGZmFzdC53aXN0aWEuY29tJTJGYXNzZXRzJTJGZXh0ZXJuYWwlMkZFLXYxLmpzJTIyJTIwYXN5bmMlM0UlM0MlMkZzY3JpcHQlM0UlMEElM0NkaXYlMjBjbGFzcyUzRCUyMndpc3RpYV9yZXNwb25zaXZlX3BhZGRpbmclMjIlMjBzdHlsZSUzRCUyMnBhZGRpbmclM0ElMjA1Ni4wJTI1JTIwMCUyMDAlMjAwJTNCJTIwcG9zaXRpb24lM0ElMjByZWxhdGl2ZSUzQiUyMiUzRSUwQSUzQ2RpdiUyMGNsYXNzJTNEJTIyd2lzdGlhX3Jlc3BvbnNpdmVfd3JhcHBlciUyMiUyMHN0eWxlJTNEJTIyaGVpZ2h0JTNBJTIwMTAwJTI1JTNCJTIwbGVmdCUzQSUyMDAlM0IlMjBwb3NpdGlvbiUzQSUyMGFic29sdXRlJTNCJTIwdG9wJTNBJTIwMCUzQiUyMHdpZHRoJTNBJTIwMTAwJTI1JTNCJTIyJTNFJTBBJTNDZGl2JTIwY2xhc3MlM0QlMjJ3aXN0aWFfZW1iZWQlMjB3aXN0aWFfYXN5bmNfZjYxbTZhZDk3ayUyMHZpZGVvRm9hbSUzRHRydWUlMjIlMjBzdHlsZSUzRCUyMmhlaWdodCUzQSUyMDEwMCUyNSUzQiUyMHdpZHRoJTNBJTIwMTAwJTI1JTNCJTIyJTNFJTNDJTJGZGl2JTNFJTBBJTNDJTJGZGl2JTNFJTBBJTNDJTJGZGl2JTNF[\/vc_raw_js][mk_padding_divider][mk_fancy_title size=&#8220;28&#8243; force_font_size=&#8220;true&#8220; size_smallscreen=&#8220;25&#8243; size_tablet=&#8220;25&#8243; size_phone=&#8220;20&#8243; margin_top=&#8220;20&#8243; margin_bottom=&#8220;10&#8243; font_family=&#8220;none&#8220; align=&#8220;center&#8220;]Ihre Meinung ist uns wichtig![\/mk_fancy_title][vc_row_inner][vc_column_inner width=&#8220;1\/3&#8243;][mk_image src=&#8220;https:\/\/old.wildix.com\/wp-content\/uploads\/2018\/07\/xing-icon-copy.png&#8220; image_size=&#8220;full&#8220; link=&#8220;https:\/\/www.xing.com\/companies\/wildix?sc_o=as_c&#8220; align=&#8220;center&#8220;][\/vc_column_inner][vc_column_inner width=&#8220;1\/3&#8243;][mk_image src=&#8220;https:\/\/old.wildix.com\/wp-content\/uploads\/2018\/07\/facebook-icon-1.png&#8220; image_size=&#8220;full&#8220; link=&#8220;https:\/\/www.facebook.com\/wildixGmbH\/&#8220; align=&#8220;center&#8220;][\/vc_column_inner][vc_column_inner width=&#8220;1\/3&#8243;][mk_image src=&#8220;https:\/\/old.wildix.com\/wp-content\/uploads\/2018\/07\/twitter-icon-1.png&#8220; image_size=&#8220;full&#8220; link=&#8220;https:\/\/twitter.com\/WildixSrl&#8220; align=&#8220;center&#8220;][\/vc_column_inner][\/vc_row_inner][mk_padding_divider][\/vc_column][vc_column width=&#8220;1\/2&#8243;][mk_fancy_title size=&#8220;28&#8243; force_font_size=&#8220;true&#8220; size_smallscreen=&#8220;25&#8243; size_tablet=&#8220;25&#8243; size_phone=&#8220;20&#8243; margin_top=&#8220;20&#8243; margin_bottom=&#8220;10&#8243; font_family=&#8220;none&#8220; align=&#8220;center&#8220;]Um Ihre Bed\u00fcrfnisse besser zu verstehen und Ihnen zu helfen, [&hellip;]\" \/>\n<meta property=\"og:url\" content=\"https:\/\/old.wildix.com\/de\/7808910-2\/\" \/>\n<meta property=\"og:site_name\" content=\"Wildix\" \/>\n<meta property=\"article:modified_time\" content=\"2018-07-23T08:38:11+00:00\" \/>\n<meta name=\"twitter:card\" content=\"summary_large_image\" \/>\n<meta name=\"twitter:label1\" content=\"Gesch\u00e4tzte Lesezeit\" \/>\n\t<meta name=\"twitter:data1\" content=\"3 Minuten\" \/>\n<script type=\"application\/ld+json\" class=\"yoast-schema-graph\">{\"@context\":\"https:\/\/schema.org\",\"@graph\":[{\"@type\":\"WebPage\",\"@id\":\"https:\/\/old.wildix.com\/de\/7808910-2\/\",\"url\":\"https:\/\/old.wildix.com\/de\/7808910-2\/\",\"name\":\"Herzlich Willkommen zum ersten Video | Wildix Video Tutorials\",\"isPartOf\":{\"@id\":\"https:\/\/old.wildix.com\/#website\"},\"datePublished\":\"2018-07-23T08:30:33+00:00\",\"dateModified\":\"2018-07-23T08:38:11+00:00\",\"breadcrumb\":{\"@id\":\"https:\/\/old.wildix.com\/de\/7808910-2\/#breadcrumb\"},\"inLanguage\":\"de-DE\",\"potentialAction\":[{\"@type\":\"ReadAction\",\"target\":[\"https:\/\/old.wildix.com\/de\/7808910-2\/\"]}]},{\"@type\":\"BreadcrumbList\",\"@id\":\"https:\/\/old.wildix.com\/de\/7808910-2\/#breadcrumb\",\"itemListElement\":[{\"@type\":\"ListItem\",\"position\":1,\"name\":\"Home\",\"item\":\"https:\/\/old.wildix.com\/\"},{\"@type\":\"ListItem\",\"position\":2,\"name\":\"Herzlich Willkommen zum ersten Video\"}]},{\"@type\":\"WebSite\",\"@id\":\"https:\/\/old.wildix.com\/#website\",\"url\":\"https:\/\/old.wildix.com\/\",\"name\":\"Wildix\",\"description\":\"Wildix PBX | VoIP Solutions | Unified Communications | WebRTC\",\"publisher\":{\"@id\":\"https:\/\/old.wildix.com\/#organization\"},\"potentialAction\":[{\"@type\":\"SearchAction\",\"target\":{\"@type\":\"EntryPoint\",\"urlTemplate\":\"https:\/\/old.wildix.com\/?s={search_term_string}\"},\"query-input\":\"required name=search_term_string\"}],\"inLanguage\":\"de-DE\"},{\"@type\":\"Organization\",\"@id\":\"https:\/\/old.wildix.com\/#organization\",\"name\":\"Wildix\",\"url\":\"https:\/\/old.wildix.com\/\",\"logo\":{\"@type\":\"ImageObject\",\"inLanguage\":\"de-DE\",\"@id\":\"https:\/\/old.wildix.com\/#\/schema\/logo\/image\/\",\"url\":\"https:\/\/old.wildix.com\/wp-content\/uploads\/2018\/04\/wildix-logo-2.png\",\"contentUrl\":\"https:\/\/old.wildix.com\/wp-content\/uploads\/2018\/04\/wildix-logo-2.png\",\"width\":440,\"height\":200,\"caption\":\"Wildix\"},\"image\":{\"@id\":\"https:\/\/old.wildix.com\/#\/schema\/logo\/image\/\"}}]}<\/script>\n<!-- \/ Yoast SEO plugin. -->","yoast_head_json":{"title":"Herzlich Willkommen zum ersten Video | Wildix Video Tutorials","robots":{"index":"noindex","follow":"follow","max-snippet":"max-snippet:-1","max-image-preview":"max-image-preview:large","max-video-preview":"max-video-preview:-1"},"og_locale":"de_DE","og_type":"article","og_title":"Herzlich Willkommen zum ersten Video | Wildix Video Tutorials","og_description":"[vc_row][vc_column][mk_padding_divider size=&#8220;50&#8243;][\/vc_column][\/vc_row][vc_row][vc_column width=&#8220;1\/2&#8243; css=&#8220;.vc_custom_1532334854641{background-color: #ededed !important;border-radius: 10px !important;}&#8220;][mk_padding_divider][vc_raw_js]JTNDc2NyaXB0JTIwc3JjJTNEJTIyaHR0cHMlM0ElMkYlMkZmYXN0Lndpc3RpYS5jb20lMkZlbWJlZCUyRm1lZGlhcyUyRmY2MW02YWQ5N2suanNvbnAlMjIlMjBhc3luYyUzRSUzQyUyRnNjcmlwdCUzRSUzQ3NjcmlwdCUyMHNyYyUzRCUyMmh0dHBzJTNBJTJGJTJGZmFzdC53aXN0aWEuY29tJTJGYXNzZXRzJTJGZXh0ZXJuYWwlMkZFLXYxLmpzJTIyJTIwYXN5bmMlM0UlM0MlMkZzY3JpcHQlM0UlMEElM0NkaXYlMjBjbGFzcyUzRCUyMndpc3RpYV9yZXNwb25zaXZlX3BhZGRpbmclMjIlMjBzdHlsZSUzRCUyMnBhZGRpbmclM0ElMjA1Ni4wJTI1JTIwMCUyMDAlMjAwJTNCJTIwcG9zaXRpb24lM0ElMjByZWxhdGl2ZSUzQiUyMiUzRSUwQSUzQ2RpdiUyMGNsYXNzJTNEJTIyd2lzdGlhX3Jlc3BvbnNpdmVfd3JhcHBlciUyMiUyMHN0eWxlJTNEJTIyaGVpZ2h0JTNBJTIwMTAwJTI1JTNCJTIwbGVmdCUzQSUyMDAlM0IlMjBwb3NpdGlvbiUzQSUyMGFic29sdXRlJTNCJTIwdG9wJTNBJTIwMCUzQiUyMHdpZHRoJTNBJTIwMTAwJTI1JTNCJTIyJTNFJTBBJTNDZGl2JTIwY2xhc3MlM0QlMjJ3aXN0aWFfZW1iZWQlMjB3aXN0aWFfYXN5bmNfZjYxbTZhZDk3ayUyMHZpZGVvRm9hbSUzRHRydWUlMjIlMjBzdHlsZSUzRCUyMmhlaWdodCUzQSUyMDEwMCUyNSUzQiUyMHdpZHRoJTNBJTIwMTAwJTI1JTNCJTIyJTNFJTNDJTJGZGl2JTNFJTBBJTNDJTJGZGl2JTNFJTBBJTNDJTJGZGl2JTNF[\/vc_raw_js][mk_padding_divider][mk_fancy_title size=&#8220;28&#8243; force_font_size=&#8220;true&#8220; size_smallscreen=&#8220;25&#8243; size_tablet=&#8220;25&#8243; size_phone=&#8220;20&#8243; margin_top=&#8220;20&#8243; margin_bottom=&#8220;10&#8243; font_family=&#8220;none&#8220; align=&#8220;center&#8220;]Ihre Meinung ist uns wichtig![\/mk_fancy_title][vc_row_inner][vc_column_inner width=&#8220;1\/3&#8243;][mk_image src=&#8220;https:\/\/old.wildix.com\/wp-content\/uploads\/2018\/07\/xing-icon-copy.png&#8220; image_size=&#8220;full&#8220; link=&#8220;https:\/\/www.xing.com\/companies\/wildix?sc_o=as_c&#8220; align=&#8220;center&#8220;][\/vc_column_inner][vc_column_inner width=&#8220;1\/3&#8243;][mk_image src=&#8220;https:\/\/old.wildix.com\/wp-content\/uploads\/2018\/07\/facebook-icon-1.png&#8220; image_size=&#8220;full&#8220; link=&#8220;https:\/\/www.facebook.com\/wildixGmbH\/&#8220; align=&#8220;center&#8220;][\/vc_column_inner][vc_column_inner width=&#8220;1\/3&#8243;][mk_image src=&#8220;https:\/\/old.wildix.com\/wp-content\/uploads\/2018\/07\/twitter-icon-1.png&#8220; image_size=&#8220;full&#8220; link=&#8220;https:\/\/twitter.com\/WildixSrl&#8220; align=&#8220;center&#8220;][\/vc_column_inner][\/vc_row_inner][mk_padding_divider][\/vc_column][vc_column width=&#8220;1\/2&#8243;][mk_fancy_title size=&#8220;28&#8243; force_font_size=&#8220;true&#8220; size_smallscreen=&#8220;25&#8243; size_tablet=&#8220;25&#8243; size_phone=&#8220;20&#8243; margin_top=&#8220;20&#8243; margin_bottom=&#8220;10&#8243; font_family=&#8220;none&#8220; align=&#8220;center&#8220;]Um Ihre Bed\u00fcrfnisse besser zu verstehen und Ihnen zu helfen, [&hellip;]","og_url":"https:\/\/old.wildix.com\/de\/7808910-2\/","og_site_name":"Wildix","article_modified_time":"2018-07-23T08:38:11+00:00","twitter_card":"summary_large_image","twitter_misc":{"Gesch\u00e4tzte Lesezeit":"3 Minuten"},"schema":{"@context":"https:\/\/schema.org","@graph":[{"@type":"WebPage","@id":"https:\/\/old.wildix.com\/de\/7808910-2\/","url":"https:\/\/old.wildix.com\/de\/7808910-2\/","name":"Herzlich Willkommen zum ersten Video | Wildix Video Tutorials","isPartOf":{"@id":"https:\/\/old.wildix.com\/#website"},"datePublished":"2018-07-23T08:30:33+00:00","dateModified":"2018-07-23T08:38:11+00:00","breadcrumb":{"@id":"https:\/\/old.wildix.com\/de\/7808910-2\/#breadcrumb"},"inLanguage":"de-DE","potentialAction":[{"@type":"ReadAction","target":["https:\/\/old.wildix.com\/de\/7808910-2\/"]}]},{"@type":"BreadcrumbList","@id":"https:\/\/old.wildix.com\/de\/7808910-2\/#breadcrumb","itemListElement":[{"@type":"ListItem","position":1,"name":"Home","item":"https:\/\/old.wildix.com\/"},{"@type":"ListItem","position":2,"name":"Herzlich Willkommen zum ersten Video"}]},{"@type":"WebSite","@id":"https:\/\/old.wildix.com\/#website","url":"https:\/\/old.wildix.com\/","name":"Wildix","description":"Wildix PBX | VoIP Solutions | Unified Communications | WebRTC","publisher":{"@id":"https:\/\/old.wildix.com\/#organization"},"potentialAction":[{"@type":"SearchAction","target":{"@type":"EntryPoint","urlTemplate":"https:\/\/old.wildix.com\/?s={search_term_string}"},"query-input":"required name=search_term_string"}],"inLanguage":"de-DE"},{"@type":"Organization","@id":"https:\/\/old.wildix.com\/#organization","name":"Wildix","url":"https:\/\/old.wildix.com\/","logo":{"@type":"ImageObject","inLanguage":"de-DE","@id":"https:\/\/old.wildix.com\/#\/schema\/logo\/image\/","url":"https:\/\/old.wildix.com\/wp-content\/uploads\/2018\/04\/wildix-logo-2.png","contentUrl":"https:\/\/old.wildix.com\/wp-content\/uploads\/2018\/04\/wildix-logo-2.png","width":440,"height":200,"caption":"Wildix"},"image":{"@id":"https:\/\/old.wildix.com\/#\/schema\/logo\/image\/"}}]}},"_links":{"self":[{"href":"https:\/\/old.wildix.com\/de\/wp-json\/wp\/v2\/pages\/7824231"}],"collection":[{"href":"https:\/\/old.wildix.com\/de\/wp-json\/wp\/v2\/pages"}],"about":[{"href":"https:\/\/old.wildix.com\/de\/wp-json\/wp\/v2\/types\/page"}],"author":[{"embeddable":true,"href":"https:\/\/old.wildix.com\/de\/wp-json\/wp\/v2\/users\/6"}],"replies":[{"embeddable":true,"href":"https:\/\/old.wildix.com\/de\/wp-json\/wp\/v2\/comments?post=7824231"}],"version-history":[{"count":0,"href":"https:\/\/old.wildix.com\/de\/wp-json\/wp\/v2\/pages\/7824231\/revisions"}],"wp:attachment":[{"href":"https:\/\/old.wildix.com\/de\/wp-json\/wp\/v2\/media?parent=7824231"}],"curies":[{"name":"wp","href":"https:\/\/api.w.org\/{rel}","templated":true}]}}