{"id":7824341,"date":"2018-07-23T06:30:34","date_gmt":"2018-07-23T06:30:34","guid":{"rendered":"https:\/\/old2.wildix.com\/?page_id=7824341"},"modified":"2021-12-21T10:13:51","modified_gmt":"2021-12-21T10:13:51","slug":"try","status":"publish","type":"page","link":"https:\/\/old.wildix.com\/de\/try\/","title":{"rendered":"Book a Demo"},"content":{"rendered":"<section class=\"wpb-content-wrapper\">[mk_page_section bg_gradient=&#8220;left_top&#8220; video_color_mask=&#8220;#003366&#8243; gr_end=&#8220;#90f3f2&#8243; video_opacity=&#8220;0.9&#8243; min_height=&#8220;250&#8243; full_width=&#8220;true&#8220; padding_top=&#8220;0&#8243; padding_bottom=&#8220;0&#8243; sidebar=&#8220;sidebar-1&#8243; first_page=&#8220;false&#8220; last_page=&#8220;false&#8220;][vc_column][mk_padding_divider size=&#8220;120&#8243; visibility=&#8220;hidden-sm&#8220;][mk_padding_divider size=&#8220;70&#8243; visibility=&#8220;visible-sm&#8220;][mk_fancy_title tag_name=&#8220;h1&#8243; color=&#8220;#ffffff&#8220; size=&#8220;70&#8243; force_font_size=&#8220;true&#8220; size_smallscreen=&#8220;60&#8243; size_tablet=&#8220;50&#8243; size_phone=&#8220;40&#8243; font_weight=&#8220;300&#8243; font_style=&#8220;normal&#8220; txt_transform=&#8220;none&#8220; margin_bottom=&#8220;0&#8243; font_family=&#8220;none&#8220; align=&#8220;center&#8220;]Online Demo[\/mk_fancy_title][mk_fancy_title tag_name=&#8220;span&#8220; color=&#8220;#ffffff&#8220; size=&#8220;24&#8243; force_font_size=&#8220;true&#8220; size_smallscreen=&#8220;22&#8243; size_tablet=&#8220;22&#8243; size_phone=&#8220;20&#8243; font_weight=&#8220;300&#8243; font_style=&#8220;normal&#8220; txt_transform=&#8220;none&#8220; margin_bottom=&#8220;0&#8243; font_family=&#8220;none&#8220; align=&#8220;center&#8220;]Jetzt Live-Demo buchen[\/mk_fancy_title][mk_padding_divider size=&#8220;30&#8243;][\/vc_column][\/mk_page_section][vc_row][vc_column][mk_fancy_title size=&#8220;28&#8243; force_font_size=&#8220;true&#8220; size_smallscreen=&#8220;25&#8243; size_tablet=&#8220;25&#8243; size_phone=&#8220;20&#8243; margin_top=&#8220;40&#8243; margin_bottom=&#8220;10&#8243; font_family=&#8220;none&#8220; align=&#8220;center&#8220;]Niemand will mehr eine Telefonanlage[\/mk_fancy_title][vc_column_text css=&#8220;.vc_custom_1582214012344{margin-bottom: 0px !important;}&#8220;]Sie befinden sich hier, weil Sie etwas anderes ben\u00f6tigen. Eine auf dem Markt verf\u00fcgbare L\u00f6sung, die Ihr Gesch\u00e4ft auf die sicherste Art und Weise ankurbelt. <strong>Entdecken Sie<\/strong>, wie die Wildix UC&amp;C-L\u00f6sung im Detail aussieht und eingesetzt wird: F\u00fcllen Sie das Formular aus und erfahren Sie, wie die Kommunikationsm\u00f6glichkeiten von Wildix Ihren Alltag <strong>ver\u00e4ndern kann<\/strong>.[\/vc_column_text][mk_padding_divider size=&#8220;20&#8243;][\/vc_column][\/vc_row][mk_page_section bg_image=&#8220;https:\/\/old.wildix.com\/wp-content\/uploads\/2018\/07\/demo.jpg&#8220; bg_color=&#8220;#003366&#8243; enable_3d=&#8220;true&#8220; bg_gradient=&#8220;left_top&#8220; video_color_mask=&#8220;#000000&#8243; gr_end=&#8220;#000000&#8243; video_opacity=&#8220;0.8&#8243; min_height=&#8220;250&#8243; full_width=&#8220;true&#8220; padding_top=&#8220;0&#8243; padding_bottom=&#8220;0&#8243; sidebar=&#8220;sidebar-1&#8243; first_page=&#8220;false&#8220; last_page=&#8220;false&#8220;][vc_column][vc_row_inner is_fullwidth_content=&#8220;false&#8220; disable_element=&#8220;yes&#8220; css=&#8220;.vc_custom_1542619377388{background-color: #003366 !important;}&#8220; el_class=&#8220;blue-background&#8220;][vc_column_inner width=&#8220;1\/4&#8243;][mk_padding_divider size=&#8220;20&#8243; visibility=&#8220;hidden-sm&#8220;][mk_image src=&#8220;https:\/\/old.wildix.com\/wp-content\/uploads\/2018\/08\/wildix-logo-job-offers.png&#8220; image_width=&#8220;180&#8243; image_height=&#8220;70&#8243; margin_bottom=&#8220;&#8220;][\/vc_column_inner][vc_column_inner width=&#8220;3\/4&#8243;][mk_padding_divider size=&#8220;20&#8243; visibility=&#8220;hidden-sm&#8220;][\/vc_column_inner][\/vc_row_inner][mk_padding_divider visibility=&#8220;hidden-sm&#8220;][vc_row_inner is_fullwidth_content=&#8220;false&#8220;][vc_column_inner width=&#8220;1\/2&#8243;][mk_padding_divider size=&#8220;50&#8243;][mk_fancy_title color=&#8220;#ffffff&#8220; size=&#8220;28&#8243; force_font_size=&#8220;true&#8220; size_smallscreen=&#8220;25&#8243; size_tablet=&#8220;25&#8243; size_phone=&#8220;20&#8243; font_weight=&#8220;500&#8243; margin_top=&#8220;&#8220; margin_bottom=&#8220;&#8220; font_family=&#8220;none&#8220; visibility=&#8220;hidden-sm&#8220;]Wildix holt die Zukunft ins Heute.[\/mk_fancy_title][mk_fancy_title tag_name=&#8220;span&#8220; color=&#8220;#ffffff&#8220; size=&#8220;20&#8243; force_font_size=&#8220;true&#8220; size_smallscreen=&#8220;22&#8243; size_tablet=&#8220;22&#8243; size_phone=&#8220;20&#8243; line_height=&#8220;140&#8243; font_weight=&#8220;300&#8243; font_style=&#8220;normal&#8220; margin_bottom=&#8220;0&#8243; font_family=&#8220;none&#8220; visibility=&#8220;hidden-sm&#8220;]Buchen Sie eine Live-Demo, um zu erfahren, wie Wildix Unified Communications &amp; Collaboration Ihnen bei der Erreichung folgender Ziele hilft<\/p>\n<ul>\n<li>Steigern Sie Ihr Business um bis zu 52%<\/li>\n<li>Sparen Sie in Ihrem Unternehmen bis zu 2 Stunden pro Mitarbeiter bei t\u00e4glichen Arbeitsabl\u00e4ufen<\/li>\n<li>Sparen Sie Geld hinsichtlich \u00fcblicherweise notwendiger Sicherheitsanwendungen, die mit Wildix \u00fcberfl\u00fcssig werden \u2013 denn Wildix ist secure-by-design.<\/li>\n<\/ul>\n[\/mk_fancy_title][mk_fancy_title tag_name=&#8220;span&#8220; color=&#8220;#dd9933&#8243; size=&#8220;20&#8243; force_font_size=&#8220;true&#8220; size_smallscreen=&#8220;22&#8243; size_tablet=&#8220;22&#8243; size_phone=&#8220;20&#8243; line_height=&#8220;140&#8243; font_weight=&#8220;500&#8243; font_style=&#8220;normal&#8220; margin_bottom=&#8220;0&#8243; font_family=&#8220;none&#8220; visibility=&#8220;hidden-sm&#8220;]Erfahren Sie, warum WebRTC, sprich webbasierte Echtzeitkommunikation, die zuk\u00fcnftige Kommunikation vorantreiben wird![\/mk_fancy_title][vc_column_text align=&#8220;center&#8220; css=&#8220;.vc_custom_1542603339592{margin-bottom: 0px !important;}&#8220;]\n[\/vc_column_text][\/vc_column_inner][vc_column_inner width=&#8220;1\/2&#8243; css=&#8220;.vc_custom_1640081628330{border-top-width: 1px !important;border-right-width: 1px !important;border-bottom-width: 1px !important;border-left-width: 1px !important;padding-right: 0px !important;padding-left: 0px !important;background-color: #ffffff !important;border-left-color: #003366 !important;border-left-style: solid !important;border-right-color: #003366 !important;border-right-style: solid !important;border-top-color: #003366 !important;border-top-style: solid !important;border-bottom-color: #003366 !important;border-bottom-style: solid !important;border-radius: 10px !important;}&#8220;][mk_padding_divider size=&#8220;15&#8243; visibility=&#8220;hidden-sm&#8220;][mk_fancy_title color=&#8220;#dd9933&#8243; size=&#8220;28&#8243; force_font_size=&#8220;true&#8220; size_smallscreen=&#8220;25&#8243; size_tablet=&#8220;25&#8243; size_phone=&#8220;20&#8243; margin_top=&#8220;&#8220; margin_bottom=&#8220;&#8220; font_family=&#8220;none&#8220; align=&#8220;center&#8220;]F\u00fcllen Sie bitte das Formular<br \/>\nf\u00fcr Ihre Demo-Anfrage aus[\/mk_fancy_title][vc_raw_html css=&#8220;.vc_custom_1640005341182{padding-right: 10% !important;padding-left: 10% !important;}&#8220;]JTNDaWZyYW1lJTIwc3JjJTNEJTIyaHR0cHMlM0ElMkYlMkZnby53aWxkaXguY29tJTJGbCUyRjkyMDExMyUyRjIwMjEtMDctMDElMkY1Nm41JTIyJTIwd2lkdGglM0QlMjIxMDAlMjUlMjIlMjBoZWlnaHQlM0QlMjI1MDAlMjIlMjB0eXBlJTNEJTIydGV4dCUyRmh0bWwlMjIlMjBmcmFtZWJvcmRlciUzRCUyMjAlMjIlMjBhbGxvd1RyYW5zcGFyZW5jeSUzRCUyMnRydWUlMjIlMjBzdHlsZSUzRCUyMmJvcmRlciUzQSUyMDAlMjIlM0UlM0MlMkZpZnJhbWUlM0U=[\/vc_raw_html][\/vc_column_inner][\/vc_row_inner][mk_padding_divider size=&#8220;30&#8243; visibility=&#8220;visible-sm&#8220;][mk_fancy_title color=&#8220;#ffffff&#8220; size=&#8220;28&#8243; force_font_size=&#8220;true&#8220; size_smallscreen=&#8220;25&#8243; size_tablet=&#8220;25&#8243; size_phone=&#8220;20&#8243; font_weight=&#8220;500&#8243; margin_top=&#8220;&#8220; margin_bottom=&#8220;&#8220; font_family=&#8220;none&#8220; responsive_align=&#8220;left&#8220; visibility=&#8220;visible-sm&#8220;]Wildix holt die Zukunft ins Heute.[\/mk_fancy_title][mk_fancy_title color=&#8220;#ffffff&#8220; size=&#8220;28&#8243; force_font_size=&#8220;true&#8220; size_smallscreen=&#8220;25&#8243; size_tablet=&#8220;25&#8243; size_phone=&#8220;20&#8243; margin_top=&#8220;&#8220; margin_bottom=&#8220;&#8220; font_family=&#8220;none&#8220; responsive_align=&#8220;left&#8220; visibility=&#8220;visible-sm&#8220;]Buchen Sie eine Live-Demo, um zu erfahren, wie Wildix Unified Communications &amp; Collaboration Ihnen bei der Erreichung folgender Ziele hilft<\/p>\n<ul>\n<li>Steigern Sie Ihr Business um bis zu 52%<\/li>\n<li>Sparen Sie in Ihrem Unternehmen bis zu 2 Stunden pro Mitarbeiter bei t\u00e4glichen Arbeitsabl\u00e4ufen<\/li>\n<li>Sparen Sie Geld hinsichtlich \u00fcblicherweise notwendiger Sicherheitsanwendungen, die mit Wildix \u00fcberfl\u00fcssig werden \u2013 denn Wildix ist secure-by-design.<\/li>\n<\/ul>\n[\/mk_fancy_title][mk_fancy_title color=&#8220;#dd9933&#8243; size=&#8220;28&#8243; force_font_size=&#8220;true&#8220; size_smallscreen=&#8220;25&#8243; size_tablet=&#8220;25&#8243; size_phone=&#8220;20&#8243; font_weight=&#8220;500&#8243; margin_top=&#8220;&#8220; margin_bottom=&#8220;&#8220; font_family=&#8220;none&#8220; responsive_align=&#8220;left&#8220; visibility=&#8220;visible-sm&#8220;]Erfahren Sie, warum WebRTC, sprich webbasierte Echtzeitkommunikation, die zuk\u00fcnftige Kommunikation vorantreiben wird![\/mk_fancy_title][mk_padding_divider size=&#8220;50&#8243;][\/vc_column][\/mk_page_section][mk_page_section bg_color=&#8220;#ededed&#8220; video_opacity=&#8220;0.9&#8243; min_height=&#8220;200&#8243; full_width=&#8220;true&#8220; padding_top=&#8220;0&#8243; padding_bottom=&#8220;0&#8243; sidebar=&#8220;sidebar-1&#8243;][vc_column width=&#8220;1\/4&#8243;][\/vc_column][vc_column width=&#8220;1\/2&#8243;][vc_empty_space height=&#8220;50px&#8220;][vc_column_text align=&#8220;center&#8220; css=&#8220;.vc_custom_1542637794016{margin-bottom: 0px !important;}&#8220;]\n<p><span style=\"color: #003366;\">Sie haben noch Fragen? Wir helfen gerne weiter.<\/span><\/p>\n[\/vc_column_text][vc_raw_html]JTNDcCUyMHN0eWxlJTNEJTIydGV4dC1hbGlnbiUzQSUyMGNlbnRlciUzQiUyMGZvbnQtc2l6ZSUzQSUyMDIwcHglM0IlMjBmb250LXdlaWdodCUzQTYwMCUyMiUzRSUzQ2ElMjBocmVmJTNEJTIyaHR0cHMlM0ElMkYlMkZraXRlLndpbGRpeC5jb20lMkZ1Y2l0JTJGNTUlMjIlMjAlMEElMjAlMjB0YXJnZXQlM0QlMjJwb3B1cCUyMiUyMCUwQSUyMCUyMG9uY2xpY2slM0QlMjJ3aW5kb3cub3BlbiUyOCUyN2h0dHBzJTNBJTJGJTJGa2l0ZS53aWxkaXguY29tJTJGdWNpdCUyRjU1JTI3JTJDJTI3cG9wdXAlMjclMkMlMjd3aWR0aCUzRDYwMCUyQ2hlaWdodCUzRDYwMCUyNyUyOSUzQiUyMHJldHVybiUyMGZhbHNlJTNCJTIyJTNFJTBBJTIwJTIwJTIwJTIwTGl2ZS1DaGF0JTIwc3RhcnRlbiUwQSUzQyUyRmElM0UlM0MlMkZwJTNF[\/vc_raw_html][\/vc_column][vc_column width=&#8220;1\/4&#8243;][\/vc_column][\/mk_page_section]\n<\/section>","protected":false},"excerpt":{"rendered":"<p>[mk_page_section bg_gradient=&#8220;left_top&#8220; video_color_mask=&#8220;#003366&#8243; gr_end=&#8220;#90f3f2&#8243; video_opacity=&#8220;0.9&#8243; min_height=&#8220;250&#8243; full_width=&#8220;true&#8220; padding_top=&#8220;0&#8243; padding_bottom=&#8220;0&#8243; sidebar=&#8220;sidebar-1&#8243; first_page=&#8220;false&#8220; last_page=&#8220;false&#8220;][vc_column][mk_padding_divider size=&#8220;120&#8243; visibility=&#8220;hidden-sm&#8220;][mk_padding_divider size=&#8220;70&#8243; visibility=&#8220;visible-sm&#8220;][mk_fancy_title tag_name=&#8220;h1&#8243; color=&#8220;#ffffff&#8220; size=&#8220;70&#8243; force_font_size=&#8220;true&#8220; size_smallscreen=&#8220;60&#8243; size_tablet=&#8220;50&#8243; size_phone=&#8220;40&#8243; font_weight=&#8220;300&#8243; font_style=&#8220;normal&#8220; txt_transform=&#8220;none&#8220; margin_bottom=&#8220;0&#8243; font_family=&#8220;none&#8220; align=&#8220;center&#8220;]Online Demo[\/mk_fancy_title][mk_fancy_title tag_name=&#8220;span&#8220; color=&#8220;#ffffff&#8220; size=&#8220;24&#8243; force_font_size=&#8220;true&#8220; size_smallscreen=&#8220;22&#8243; size_tablet=&#8220;22&#8243; size_phone=&#8220;20&#8243; font_weight=&#8220;300&#8243; font_style=&#8220;normal&#8220; txt_transform=&#8220;none&#8220; margin_bottom=&#8220;0&#8243; font_family=&#8220;none&#8220; align=&#8220;center&#8220;]Jetzt Live-Demo buchen[\/mk_fancy_title][mk_padding_divider size=&#8220;30&#8243;][\/vc_column][\/mk_page_section][vc_row][vc_column][mk_fancy_title size=&#8220;28&#8243; force_font_size=&#8220;true&#8220; size_smallscreen=&#8220;25&#8243; size_tablet=&#8220;25&#8243; size_phone=&#8220;20&#8243; margin_top=&#8220;40&#8243; margin_bottom=&#8220;10&#8243; font_family=&#8220;none&#8220; align=&#8220;center&#8220;]Niemand [&hellip;]<\/p>\n","protected":false},"author":1,"featured_media":0,"parent":0,"menu_order":0,"comment_status":"closed","ping_status":"closed","template":"","meta":{"wpupg_custom_link":[],"wpupg_custom_link_behaviour":["default"],"wpupg_custom_image":[],"wpupg_custom_image_id":[],"footnotes":""},"acf":[],"yoast_head":"<!-- This site is optimized with the Yoast SEO plugin v21.8 - https:\/\/yoast.com\/wordpress\/plugins\/seo\/ -->\n<title>Online DemoJetzt Live - Demo buchen | Wildix<\/title>\n<meta name=\"description\" content=\"Und so funktioniert es - Buchen Sie Ihre 15-min\u00fctige Live-Demo mit einem Wildix-Mitarbeiter,um mehr \u00fcber die L\u00f6sungen im Rahmen derUnified Communications &amp; Collaboration von Wildix zu erfahren.\" \/>\n<meta name=\"robots\" content=\"noindex, follow, max-snippet:-1, max-image-preview:large, max-video-preview:-1\" \/>\n<meta property=\"og:locale\" content=\"de_DE\" \/>\n<meta property=\"og:type\" content=\"article\" \/>\n<meta property=\"og:title\" content=\"Online DemoJetzt Live - Demo buchen | Wildix\" \/>\n<meta property=\"og:description\" content=\"Und so funktioniert es - Buchen Sie Ihre 15-min\u00fctige Live-Demo mit einem Wildix-Mitarbeiter,um mehr \u00fcber die L\u00f6sungen im Rahmen derUnified Communications &amp; Collaboration von Wildix zu erfahren.\" \/>\n<meta property=\"og:url\" content=\"https:\/\/old.wildix.com\/de\/try\/\" \/>\n<meta property=\"og:site_name\" content=\"Wildix\" \/>\n<meta property=\"article:modified_time\" content=\"2021-12-21T10:13:51+00:00\" \/>\n<meta name=\"twitter:card\" content=\"summary_large_image\" \/>\n<meta name=\"twitter:label1\" content=\"Gesch\u00e4tzte Lesezeit\" \/>\n\t<meta name=\"twitter:data1\" content=\"3 Minuten\" \/>\n<script type=\"application\/ld+json\" class=\"yoast-schema-graph\">{\"@context\":\"https:\/\/schema.org\",\"@graph\":[{\"@type\":\"WebPage\",\"@id\":\"https:\/\/old.wildix.com\/de\/try\/\",\"url\":\"https:\/\/old.wildix.com\/de\/try\/\",\"name\":\"Online DemoJetzt Live - Demo buchen | Wildix\",\"isPartOf\":{\"@id\":\"https:\/\/old.wildix.com\/#website\"},\"datePublished\":\"2018-07-23T06:30:34+00:00\",\"dateModified\":\"2021-12-21T10:13:51+00:00\",\"description\":\"Und so funktioniert es - Buchen Sie Ihre 15-min\u00fctige Live-Demo mit einem Wildix-Mitarbeiter,um mehr \u00fcber die L\u00f6sungen im Rahmen derUnified Communications & Collaboration von Wildix zu erfahren.\",\"breadcrumb\":{\"@id\":\"https:\/\/old.wildix.com\/de\/try\/#breadcrumb\"},\"inLanguage\":\"de-DE\",\"potentialAction\":[{\"@type\":\"ReadAction\",\"target\":[\"https:\/\/old.wildix.com\/de\/try\/\"]}]},{\"@type\":\"BreadcrumbList\",\"@id\":\"https:\/\/old.wildix.com\/de\/try\/#breadcrumb\",\"itemListElement\":[{\"@type\":\"ListItem\",\"position\":1,\"name\":\"Home\",\"item\":\"https:\/\/old.wildix.com\/\"},{\"@type\":\"ListItem\",\"position\":2,\"name\":\"Book a Demo\"}]},{\"@type\":\"WebSite\",\"@id\":\"https:\/\/old.wildix.com\/#website\",\"url\":\"https:\/\/old.wildix.com\/\",\"name\":\"Wildix\",\"description\":\"Wildix PBX | VoIP Solutions | Unified Communications | WebRTC\",\"publisher\":{\"@id\":\"https:\/\/old.wildix.com\/#organization\"},\"potentialAction\":[{\"@type\":\"SearchAction\",\"target\":{\"@type\":\"EntryPoint\",\"urlTemplate\":\"https:\/\/old.wildix.com\/?s={search_term_string}\"},\"query-input\":\"required name=search_term_string\"}],\"inLanguage\":\"de-DE\"},{\"@type\":\"Organization\",\"@id\":\"https:\/\/old.wildix.com\/#organization\",\"name\":\"Wildix\",\"url\":\"https:\/\/old.wildix.com\/\",\"logo\":{\"@type\":\"ImageObject\",\"inLanguage\":\"de-DE\",\"@id\":\"https:\/\/old.wildix.com\/#\/schema\/logo\/image\/\",\"url\":\"https:\/\/old.wildix.com\/wp-content\/uploads\/2018\/04\/wildix-logo-2.png\",\"contentUrl\":\"https:\/\/old.wildix.com\/wp-content\/uploads\/2018\/04\/wildix-logo-2.png\",\"width\":440,\"height\":200,\"caption\":\"Wildix\"},\"image\":{\"@id\":\"https:\/\/old.wildix.com\/#\/schema\/logo\/image\/\"}}]}<\/script>\n<!-- \/ Yoast SEO plugin. -->","yoast_head_json":{"title":"Online DemoJetzt Live - Demo buchen | Wildix","description":"Und so funktioniert es - Buchen Sie Ihre 15-min\u00fctige Live-Demo mit einem Wildix-Mitarbeiter,um mehr \u00fcber die L\u00f6sungen im Rahmen derUnified Communications & Collaboration von Wildix zu erfahren.","robots":{"index":"noindex","follow":"follow","max-snippet":"max-snippet:-1","max-image-preview":"max-image-preview:large","max-video-preview":"max-video-preview:-1"},"og_locale":"de_DE","og_type":"article","og_title":"Online DemoJetzt Live - Demo buchen | Wildix","og_description":"Und so funktioniert es - Buchen Sie Ihre 15-min\u00fctige Live-Demo mit einem Wildix-Mitarbeiter,um mehr \u00fcber die L\u00f6sungen im Rahmen derUnified Communications & Collaboration von Wildix zu erfahren.","og_url":"https:\/\/old.wildix.com\/de\/try\/","og_site_name":"Wildix","article_modified_time":"2021-12-21T10:13:51+00:00","twitter_card":"summary_large_image","twitter_misc":{"Gesch\u00e4tzte Lesezeit":"3 Minuten"},"schema":{"@context":"https:\/\/schema.org","@graph":[{"@type":"WebPage","@id":"https:\/\/old.wildix.com\/de\/try\/","url":"https:\/\/old.wildix.com\/de\/try\/","name":"Online DemoJetzt Live - Demo buchen | Wildix","isPartOf":{"@id":"https:\/\/old.wildix.com\/#website"},"datePublished":"2018-07-23T06:30:34+00:00","dateModified":"2021-12-21T10:13:51+00:00","description":"Und so funktioniert es - Buchen Sie Ihre 15-min\u00fctige Live-Demo mit einem Wildix-Mitarbeiter,um mehr \u00fcber die L\u00f6sungen im Rahmen derUnified Communications & Collaboration von Wildix zu erfahren.","breadcrumb":{"@id":"https:\/\/old.wildix.com\/de\/try\/#breadcrumb"},"inLanguage":"de-DE","potentialAction":[{"@type":"ReadAction","target":["https:\/\/old.wildix.com\/de\/try\/"]}]},{"@type":"BreadcrumbList","@id":"https:\/\/old.wildix.com\/de\/try\/#breadcrumb","itemListElement":[{"@type":"ListItem","position":1,"name":"Home","item":"https:\/\/old.wildix.com\/"},{"@type":"ListItem","position":2,"name":"Book a Demo"}]},{"@type":"WebSite","@id":"https:\/\/old.wildix.com\/#website","url":"https:\/\/old.wildix.com\/","name":"Wildix","description":"Wildix PBX | VoIP Solutions | Unified Communications | WebRTC","publisher":{"@id":"https:\/\/old.wildix.com\/#organization"},"potentialAction":[{"@type":"SearchAction","target":{"@type":"EntryPoint","urlTemplate":"https:\/\/old.wildix.com\/?s={search_term_string}"},"query-input":"required name=search_term_string"}],"inLanguage":"de-DE"},{"@type":"Organization","@id":"https:\/\/old.wildix.com\/#organization","name":"Wildix","url":"https:\/\/old.wildix.com\/","logo":{"@type":"ImageObject","inLanguage":"de-DE","@id":"https:\/\/old.wildix.com\/#\/schema\/logo\/image\/","url":"https:\/\/old.wildix.com\/wp-content\/uploads\/2018\/04\/wildix-logo-2.png","contentUrl":"https:\/\/old.wildix.com\/wp-content\/uploads\/2018\/04\/wildix-logo-2.png","width":440,"height":200,"caption":"Wildix"},"image":{"@id":"https:\/\/old.wildix.com\/#\/schema\/logo\/image\/"}}]}},"_links":{"self":[{"href":"https:\/\/old.wildix.com\/de\/wp-json\/wp\/v2\/pages\/7824341"}],"collection":[{"href":"https:\/\/old.wildix.com\/de\/wp-json\/wp\/v2\/pages"}],"about":[{"href":"https:\/\/old.wildix.com\/de\/wp-json\/wp\/v2\/types\/page"}],"author":[{"embeddable":true,"href":"https:\/\/old.wildix.com\/de\/wp-json\/wp\/v2\/users\/1"}],"replies":[{"embeddable":true,"href":"https:\/\/old.wildix.com\/de\/wp-json\/wp\/v2\/comments?post=7824341"}],"version-history":[{"count":0,"href":"https:\/\/old.wildix.com\/de\/wp-json\/wp\/v2\/pages\/7824341\/revisions"}],"wp:attachment":[{"href":"https:\/\/old.wildix.com\/de\/wp-json\/wp\/v2\/media?parent=7824341"}],"curies":[{"name":"wp","href":"https:\/\/api.w.org\/{rel}","templated":true}]}}