{"id":7824675,"date":"2018-07-25T07:39:56","date_gmt":"2018-07-25T07:39:56","guid":{"rendered":"https:\/\/old2.wildix.com\/?page_id=7824675"},"modified":"2020-06-08T10:43:10","modified_gmt":"2020-06-08T10:43:10","slug":"impressum","status":"publish","type":"page","link":"https:\/\/old.wildix.com\/de\/impressum\/","title":{"rendered":"Impressum"},"content":{"rendered":"<section class=\"wpb-content-wrapper\">[vc_row][vc_column][vc_empty_space height=&#8220;60px&#8220;][\/vc_column][\/vc_row][vc_row][vc_column width=&#8220;1\/2&#8243;][vc_column_text css=&#8220;.vc_custom_1591612986226{margin-bottom: 0px !important;}&#8220;]\n<h2>IMPRESSUM<\/h2>\n<p>Angaben gem\u00e4\u00df \u00a7 5 TMG:<\/p>\n<p><strong>Verantwortliche Stelle<br \/>\n<\/strong>Wildix GmbH<br \/>\nPlanegger Str. 3<br \/>\n82110 Germering, Deutschland<\/p>\n<p><strong>Vertreten durch:<\/strong><br \/>\nStefano Osler &#8211; Dimitri Osler, Gesch\u00e4ftsf\u00fchrung<\/p>\n<p><strong>Kontakt:<\/strong><br \/>\nTelefon: +49 89 2000 60 60<br \/>\nTelefax: +49 89 2000 60 611<br \/>\nE-Mail: <a href=\"mailto:info@wildix.de\">info@wildix.de<\/a><\/p>\n<p><strong>Registergericht:<\/strong><br \/>\nAmtsgericht M\u00fcnchen<\/p>\n<p><strong>Registernummer:<\/strong><br \/>\nHRB 211246<\/p>\n<p><strong>Umsatzsteuer-Identifkationsnummer (gem\u00e4\u00df \u00a7 27a Umsatzsteuergesetz):<\/strong><br \/>\nDE294608616<\/p>\n<p><strong>Verantwortlich f\u00fcr den Inhalt nach \u00a7 55 Abs. 2 RStV:<\/strong><br \/>\nStefano Osler &#8211; Dimitri Osler<\/p>\n<p><strong>Bildnachweise:<\/strong><br \/>\nAlle Bilder auf diese Website sind Eigentum der Firma Wildix.[\/vc_column_text][\/vc_column][vc_column width=&#8220;1\/2&#8243;][\/vc_column][\/vc_row][vc_row][vc_column][vc_column_text css=&#8220;.vc_custom_1532506639766{margin-bottom: 0px !important;}&#8220;]\n<hr \/>\n<h4><\/h4>\n<h4><strong>URHEBERRECHT UND NUTZUNGSHINWEISE<\/strong><\/h4>\n<p>S\u00e4mtliche Inhalte dieser Website, einschlie\u00dflich der verwendeten Texte, Bilder, Logos und grafischen Darstellungen sind urheberrechtlich gesch\u00fctzt.<\/p>\n<p>Jede weitergehende Verwendung, Ver\u00f6ffentlichung, Vervielf\u00e4ltigung und gewerbliche Nutzung sowie die Weitergabe an Dritte ist ohne vorherige ausdr\u00fcckliche Zustimmung des Seitenbetreibers untersagt.[\/vc_column_text][\/vc_column][\/vc_row][vc_row][vc_column][vc_empty_space height=&#8220;60px&#8220;][\/vc_column][\/vc_row]\n<\/section>","protected":false},"excerpt":{"rendered":"<p>[vc_row][vc_column][vc_empty_space height=&#8220;60px&#8220;][\/vc_column][\/vc_row][vc_row][vc_column width=&#8220;1\/2&#8243;][vc_column_text css=&#8220;.vc_custom_1591612986226{margin-bottom: 0px !important;}&#8220;] IMPRESSUM Angaben gem\u00e4\u00df \u00a7 5 TMG: Verantwortliche Stelle Wildix GmbH Planegger Str. 3 82110 Germering, Deutschland Vertreten durch: Stefano Osler &#8211; Dimitri Osler, Gesch\u00e4ftsf\u00fchrung Kontakt: Telefon: +49 89 2000 60 60 Telefax: +49 89 2000 60 611 E-Mail: info@wildix.de Registergericht: Amtsgericht M\u00fcnchen Registernummer: HRB 211246 Umsatzsteuer-Identifkationsnummer (gem\u00e4\u00df \u00a7 27a [&hellip;]<\/p>\n","protected":false},"author":1,"featured_media":0,"parent":0,"menu_order":0,"comment_status":"closed","ping_status":"closed","template":"","meta":{"wpupg_custom_link":[],"wpupg_custom_link_behaviour":[],"wpupg_custom_image":[],"wpupg_custom_image_id":[],"footnotes":""},"acf":[],"yoast_head":"<!-- This site is optimized with the Yoast SEO plugin v21.8 - https:\/\/yoast.com\/wordpress\/plugins\/seo\/ -->\n<title>Impressum &#8226; Wildix<\/title>\n<meta name=\"robots\" content=\"noindex, nofollow\" \/>\n<meta property=\"og:locale\" content=\"de_DE\" \/>\n<meta property=\"og:type\" content=\"article\" \/>\n<meta property=\"og:title\" content=\"Impressum &#8226; Wildix\" \/>\n<meta property=\"og:description\" content=\"[vc_row][vc_column][vc_empty_space height=&#8220;60px&#8220;][\/vc_column][\/vc_row][vc_row][vc_column width=&#8220;1\/2&#8243;][vc_column_text css=&#8220;.vc_custom_1591612986226{margin-bottom: 0px !important;}&#8220;] IMPRESSUM Angaben gem\u00e4\u00df \u00a7 5 TMG: Verantwortliche Stelle Wildix GmbH Planegger Str. 3 82110 Germering, Deutschland Vertreten durch: Stefano Osler &#8211; Dimitri Osler, Gesch\u00e4ftsf\u00fchrung Kontakt: Telefon: +49 89 2000 60 60 Telefax: +49 89 2000 60 611 E-Mail: info@wildix.de Registergericht: Amtsgericht M\u00fcnchen Registernummer: HRB 211246 Umsatzsteuer-Identifkationsnummer (gem\u00e4\u00df \u00a7 27a [&hellip;]\" \/>\n<meta property=\"og:url\" content=\"https:\/\/old.wildix.com\/de\/impressum\/\" \/>\n<meta property=\"og:site_name\" content=\"Wildix\" \/>\n<meta property=\"article:modified_time\" content=\"2020-06-08T10:43:10+00:00\" \/>\n<meta name=\"twitter:card\" content=\"summary_large_image\" \/>\n<meta name=\"twitter:label1\" content=\"Gesch\u00e4tzte Lesezeit\" \/>\n\t<meta name=\"twitter:data1\" content=\"1 Minute\" \/>\n<script type=\"application\/ld+json\" class=\"yoast-schema-graph\">{\"@context\":\"https:\/\/schema.org\",\"@graph\":[{\"@type\":\"WebPage\",\"@id\":\"https:\/\/old.wildix.com\/de\/impressum\/\",\"url\":\"https:\/\/old.wildix.com\/de\/impressum\/\",\"name\":\"Impressum &#8226; Wildix\",\"isPartOf\":{\"@id\":\"https:\/\/old.wildix.com\/#website\"},\"datePublished\":\"2018-07-25T07:39:56+00:00\",\"dateModified\":\"2020-06-08T10:43:10+00:00\",\"breadcrumb\":{\"@id\":\"https:\/\/old.wildix.com\/de\/impressum\/#breadcrumb\"},\"inLanguage\":\"de-DE\",\"potentialAction\":[{\"@type\":\"ReadAction\",\"target\":[\"https:\/\/old.wildix.com\/de\/impressum\/\"]}]},{\"@type\":\"BreadcrumbList\",\"@id\":\"https:\/\/old.wildix.com\/de\/impressum\/#breadcrumb\",\"itemListElement\":[{\"@type\":\"ListItem\",\"position\":1,\"name\":\"Home\",\"item\":\"https:\/\/old.wildix.com\/\"},{\"@type\":\"ListItem\",\"position\":2,\"name\":\"Impressum\"}]},{\"@type\":\"WebSite\",\"@id\":\"https:\/\/old.wildix.com\/#website\",\"url\":\"https:\/\/old.wildix.com\/\",\"name\":\"Wildix\",\"description\":\"Wildix PBX | VoIP Solutions | Unified Communications | WebRTC\",\"publisher\":{\"@id\":\"https:\/\/old.wildix.com\/#organization\"},\"potentialAction\":[{\"@type\":\"SearchAction\",\"target\":{\"@type\":\"EntryPoint\",\"urlTemplate\":\"https:\/\/old.wildix.com\/?s={search_term_string}\"},\"query-input\":\"required name=search_term_string\"}],\"inLanguage\":\"de-DE\"},{\"@type\":\"Organization\",\"@id\":\"https:\/\/old.wildix.com\/#organization\",\"name\":\"Wildix\",\"url\":\"https:\/\/old.wildix.com\/\",\"logo\":{\"@type\":\"ImageObject\",\"inLanguage\":\"de-DE\",\"@id\":\"https:\/\/old.wildix.com\/#\/schema\/logo\/image\/\",\"url\":\"https:\/\/old.wildix.com\/wp-content\/uploads\/2018\/04\/wildix-logo-2.png\",\"contentUrl\":\"https:\/\/old.wildix.com\/wp-content\/uploads\/2018\/04\/wildix-logo-2.png\",\"width\":440,\"height\":200,\"caption\":\"Wildix\"},\"image\":{\"@id\":\"https:\/\/old.wildix.com\/#\/schema\/logo\/image\/\"}}]}<\/script>\n<!-- \/ Yoast SEO plugin. -->","yoast_head_json":{"title":"Impressum &#8226; Wildix","robots":{"index":"noindex","follow":"nofollow"},"og_locale":"de_DE","og_type":"article","og_title":"Impressum &#8226; Wildix","og_description":"[vc_row][vc_column][vc_empty_space height=&#8220;60px&#8220;][\/vc_column][\/vc_row][vc_row][vc_column width=&#8220;1\/2&#8243;][vc_column_text css=&#8220;.vc_custom_1591612986226{margin-bottom: 0px !important;}&#8220;] IMPRESSUM Angaben gem\u00e4\u00df \u00a7 5 TMG: Verantwortliche Stelle Wildix GmbH Planegger Str. 3 82110 Germering, Deutschland Vertreten durch: Stefano Osler &#8211; Dimitri Osler, Gesch\u00e4ftsf\u00fchrung Kontakt: Telefon: +49 89 2000 60 60 Telefax: +49 89 2000 60 611 E-Mail: info@wildix.de Registergericht: Amtsgericht M\u00fcnchen Registernummer: HRB 211246 Umsatzsteuer-Identifkationsnummer (gem\u00e4\u00df \u00a7 27a [&hellip;]","og_url":"https:\/\/old.wildix.com\/de\/impressum\/","og_site_name":"Wildix","article_modified_time":"2020-06-08T10:43:10+00:00","twitter_card":"summary_large_image","twitter_misc":{"Gesch\u00e4tzte Lesezeit":"1 Minute"},"schema":{"@context":"https:\/\/schema.org","@graph":[{"@type":"WebPage","@id":"https:\/\/old.wildix.com\/de\/impressum\/","url":"https:\/\/old.wildix.com\/de\/impressum\/","name":"Impressum &#8226; Wildix","isPartOf":{"@id":"https:\/\/old.wildix.com\/#website"},"datePublished":"2018-07-25T07:39:56+00:00","dateModified":"2020-06-08T10:43:10+00:00","breadcrumb":{"@id":"https:\/\/old.wildix.com\/de\/impressum\/#breadcrumb"},"inLanguage":"de-DE","potentialAction":[{"@type":"ReadAction","target":["https:\/\/old.wildix.com\/de\/impressum\/"]}]},{"@type":"BreadcrumbList","@id":"https:\/\/old.wildix.com\/de\/impressum\/#breadcrumb","itemListElement":[{"@type":"ListItem","position":1,"name":"Home","item":"https:\/\/old.wildix.com\/"},{"@type":"ListItem","position":2,"name":"Impressum"}]},{"@type":"WebSite","@id":"https:\/\/old.wildix.com\/#website","url":"https:\/\/old.wildix.com\/","name":"Wildix","description":"Wildix PBX | VoIP Solutions | Unified Communications | WebRTC","publisher":{"@id":"https:\/\/old.wildix.com\/#organization"},"potentialAction":[{"@type":"SearchAction","target":{"@type":"EntryPoint","urlTemplate":"https:\/\/old.wildix.com\/?s={search_term_string}"},"query-input":"required name=search_term_string"}],"inLanguage":"de-DE"},{"@type":"Organization","@id":"https:\/\/old.wildix.com\/#organization","name":"Wildix","url":"https:\/\/old.wildix.com\/","logo":{"@type":"ImageObject","inLanguage":"de-DE","@id":"https:\/\/old.wildix.com\/#\/schema\/logo\/image\/","url":"https:\/\/old.wildix.com\/wp-content\/uploads\/2018\/04\/wildix-logo-2.png","contentUrl":"https:\/\/old.wildix.com\/wp-content\/uploads\/2018\/04\/wildix-logo-2.png","width":440,"height":200,"caption":"Wildix"},"image":{"@id":"https:\/\/old.wildix.com\/#\/schema\/logo\/image\/"}}]}},"_links":{"self":[{"href":"https:\/\/old.wildix.com\/de\/wp-json\/wp\/v2\/pages\/7824675"}],"collection":[{"href":"https:\/\/old.wildix.com\/de\/wp-json\/wp\/v2\/pages"}],"about":[{"href":"https:\/\/old.wildix.com\/de\/wp-json\/wp\/v2\/types\/page"}],"author":[{"embeddable":true,"href":"https:\/\/old.wildix.com\/de\/wp-json\/wp\/v2\/users\/1"}],"replies":[{"embeddable":true,"href":"https:\/\/old.wildix.com\/de\/wp-json\/wp\/v2\/comments?post=7824675"}],"version-history":[{"count":0,"href":"https:\/\/old.wildix.com\/de\/wp-json\/wp\/v2\/pages\/7824675\/revisions"}],"wp:attachment":[{"href":"https:\/\/old.wildix.com\/de\/wp-json\/wp\/v2\/media?parent=7824675"}],"curies":[{"name":"wp","href":"https:\/\/api.w.org\/{rel}","templated":true}]}}