{"id":7824683,"date":"2018-07-25T08:25:15","date_gmt":"2018-07-25T08:25:15","guid":{"rendered":"https:\/\/old2.wildix.com\/?page_id=7824683"},"modified":"2018-07-25T08:25:52","modified_gmt":"2018-07-25T08:25:52","slug":"nutzungsbedingungen","status":"publish","type":"page","link":"https:\/\/old.wildix.com\/de\/nutzungsbedingungen\/","title":{"rendered":"Nutzungsbedingungen"},"content":{"rendered":"<section class=\"wpb-content-wrapper\">[vc_row][vc_column][vc_empty_space height=&#8220;60px&#8220;][\/vc_column][\/vc_row][vc_row][vc_column][vc_column_text css=&#8220;.vc_custom_1532506966033{margin-bottom: 0px !important;}&#8220;]Wenn Sie diese Website besuchen, erkennen Sie an, dass Sie die nachfolgend genannten Nutzungsbedingungen gelesen haben und diese befolgen werden. Wenn Sie den hier genannten Nutzungsbedingungen nicht zustimmen, sollten Sie diese Website jetzt verlassen.<\/p>\n<p><strong>NUTZUNGSRECHTE AN INFORMATIONEN, SOFTWARE UND DOKUMENTATION<\/strong><br \/>\nWildix h\u00e4lt auf der Website bestimmte Informationen und Software, gegebenenfalls nebst Dokumentation, zum Abruf oder Herunterladen bereit.<\/p>\n<p>Informationen, Markennamen und sonstige Inhalte von der Website d\u00fcrfen ohne vorherige schriftliche Genehmigung von wildix weder ver\u00e4ndert, kopiert, vervielf\u00e4ltigt, verkauft, vermietet, genutzt, erg\u00e4nzt oder sonst wie verwertet werden.<\/p>\n<p><strong>LINKS ZU ANDEREN WEBSITES<\/strong><br \/>\nDie Website kann Hyperlinks auf Webseiten Dritter enthalten. Wildix \u00fcbernimmt f\u00fcr die Inhalte dieser Webseiten weder eine Verantwortung noch macht Wildix sich diese Webseiten und ihre Inhalte zu eigen, da Wildix die verlinkten Informationen nicht kontrolliert und f\u00fcr die dort bereit gehaltenen Inhalte und Informationen auch nicht verantwortlich ist. Deren Nutzung erfolgt auf eigenes Risiko des Nutzers.<\/p>\n<p><strong>GESCH\u00dcTZTE BEREICHE<\/strong><br \/>\nEinige Seiten der Website k\u00f6nnen passwortgesch\u00fctzt sein (beispielweise, Wildix Portal). Der Zugang zu diesen Seiten ist im Interesse der Sicherheit des Gesch\u00e4ftsverkehrs nur registrierten Nutzern (Wildix Partnern) m\u00f6glich.<\/p>\n<p><strong>HAFTUNGSBESCHR\u00c4NKUNG<\/strong><br \/>\nSofern Informationen, Software oder Dokumentation unentgeltlich \u00fcberlassen werden, ist eine Haftung f\u00fcr Sach- und Rechtsm\u00e4ngel der Informationen, Software und Dokumentation, insbesondere f\u00fcr deren Richtigkeit, Fehlerfreiheit, Freiheit von Schutz- und Urheberrechten Dritter, Vollst\u00e4ndigkeit und\/oder Verwendbarkeit \u2013 au\u00dfer bei Vorsatz oder Arglist \u2013 ausgeschlossen.<\/p>\n<p>Die Informationen auf der Website k\u00f6nnen Spezifikationen oder allgemeine Beschreibungen technischer M\u00f6glichkeiten von Produkten enthalten, welche im Einzelfall (zum Beispiel aufgrund von Produkt\u00e4nderungen) nicht immer vorliegen m\u00fcssen. Die gew\u00fcnschten Leistungsmerkmale der Produkte sind daher im Einzelfall beim Kauf zu vereinbaren.<\/p>\n<p><strong>DATENSCHUTZ<\/strong><br \/>\nWildix beachtet bei der Erhebung, bei der Nutzung und bei der Verarbeitung personenbezogener Daten des Nutzers der Website. Weitere Informationen finden Sie hier:<br \/>\nold.wildix.com[\/vc_column_text][\/vc_column][\/vc_row][vc_row][vc_column][vc_empty_space height=&#8220;30px&#8220;][\/vc_column][\/vc_row][vc_row css=&#8220;.vc_custom_1532507106687{background-color: #f2f2f2 !important;}&#8220;][vc_column][vc_empty_space height=&#8220;30px&#8220;][vc_column_text css=&#8220;.vc_custom_1532507113895{margin-bottom: 0px !important;}&#8220;]<strong>Da der Inhalt auf dieser Seite ge\u00e4ndert werden kann, wir empfehlen, diese Seite regelm\u00e4\u00dfig aufrufen, um sich \u00fcber den aktuellen Stand der Nutzungsbedingungen zu informieren.<\/strong>[\/vc_column_text][\/vc_column][\/vc_row][vc_row][vc_column][vc_empty_space height=&#8220;60px&#8220;][\/vc_column][\/vc_row]\n<\/section>","protected":false},"excerpt":{"rendered":"<p>[vc_row][vc_column][vc_empty_space height=&#8220;60px&#8220;][\/vc_column][\/vc_row][vc_row][vc_column][vc_column_text css=&#8220;.vc_custom_1532506966033{margin-bottom: 0px !important;}&#8220;]Wenn Sie diese Website besuchen, erkennen Sie an, dass Sie die nachfolgend genannten Nutzungsbedingungen gelesen haben und diese befolgen werden. Wenn Sie den hier genannten Nutzungsbedingungen nicht zustimmen, sollten Sie diese Website jetzt verlassen. NUTZUNGSRECHTE AN INFORMATIONEN, SOFTWARE UND DOKUMENTATION Wildix h\u00e4lt auf der Website bestimmte Informationen und Software, gegebenenfalls nebst [&hellip;]<\/p>\n","protected":false},"author":1,"featured_media":0,"parent":0,"menu_order":0,"comment_status":"closed","ping_status":"closed","template":"","meta":{"wpupg_custom_link":[],"wpupg_custom_link_behaviour":[],"wpupg_custom_image":[],"wpupg_custom_image_id":[],"footnotes":""},"acf":[],"yoast_head":"<!-- This site is optimized with the Yoast SEO plugin v21.8 - https:\/\/yoast.com\/wordpress\/plugins\/seo\/ -->\n<title>Nutzungsbedingungen &#8226; Wildix<\/title>\n<meta name=\"robots\" content=\"noindex, nofollow\" \/>\n<meta property=\"og:locale\" content=\"de_DE\" \/>\n<meta property=\"og:type\" content=\"article\" \/>\n<meta property=\"og:title\" content=\"Nutzungsbedingungen &#8226; Wildix\" \/>\n<meta property=\"og:description\" content=\"[vc_row][vc_column][vc_empty_space height=&#8220;60px&#8220;][\/vc_column][\/vc_row][vc_row][vc_column][vc_column_text css=&#8220;.vc_custom_1532506966033{margin-bottom: 0px !important;}&#8220;]Wenn Sie diese Website besuchen, erkennen Sie an, dass Sie die nachfolgend genannten Nutzungsbedingungen gelesen haben und diese befolgen werden. Wenn Sie den hier genannten Nutzungsbedingungen nicht zustimmen, sollten Sie diese Website jetzt verlassen. NUTZUNGSRECHTE AN INFORMATIONEN, SOFTWARE UND DOKUMENTATION Wildix h\u00e4lt auf der Website bestimmte Informationen und Software, gegebenenfalls nebst [&hellip;]\" \/>\n<meta property=\"og:url\" content=\"https:\/\/old.wildix.com\/de\/nutzungsbedingungen\/\" \/>\n<meta property=\"og:site_name\" content=\"Wildix\" \/>\n<meta property=\"article:modified_time\" content=\"2018-07-25T08:25:52+00:00\" \/>\n<meta name=\"twitter:card\" content=\"summary_large_image\" \/>\n<meta name=\"twitter:label1\" content=\"Gesch\u00e4tzte Lesezeit\" \/>\n\t<meta name=\"twitter:data1\" content=\"2 Minuten\" \/>\n<script type=\"application\/ld+json\" class=\"yoast-schema-graph\">{\"@context\":\"https:\/\/schema.org\",\"@graph\":[{\"@type\":\"WebPage\",\"@id\":\"https:\/\/old.wildix.com\/de\/nutzungsbedingungen\/\",\"url\":\"https:\/\/old.wildix.com\/de\/nutzungsbedingungen\/\",\"name\":\"Nutzungsbedingungen &#8226; Wildix\",\"isPartOf\":{\"@id\":\"https:\/\/old.wildix.com\/#website\"},\"datePublished\":\"2018-07-25T08:25:15+00:00\",\"dateModified\":\"2018-07-25T08:25:52+00:00\",\"breadcrumb\":{\"@id\":\"https:\/\/old.wildix.com\/de\/nutzungsbedingungen\/#breadcrumb\"},\"inLanguage\":\"de-DE\",\"potentialAction\":[{\"@type\":\"ReadAction\",\"target\":[\"https:\/\/old.wildix.com\/de\/nutzungsbedingungen\/\"]}]},{\"@type\":\"BreadcrumbList\",\"@id\":\"https:\/\/old.wildix.com\/de\/nutzungsbedingungen\/#breadcrumb\",\"itemListElement\":[{\"@type\":\"ListItem\",\"position\":1,\"name\":\"Home\",\"item\":\"https:\/\/old.wildix.com\/\"},{\"@type\":\"ListItem\",\"position\":2,\"name\":\"Nutzungsbedingungen\"}]},{\"@type\":\"WebSite\",\"@id\":\"https:\/\/old.wildix.com\/#website\",\"url\":\"https:\/\/old.wildix.com\/\",\"name\":\"Wildix\",\"description\":\"Wildix PBX | VoIP Solutions | Unified Communications | WebRTC\",\"publisher\":{\"@id\":\"https:\/\/old.wildix.com\/#organization\"},\"potentialAction\":[{\"@type\":\"SearchAction\",\"target\":{\"@type\":\"EntryPoint\",\"urlTemplate\":\"https:\/\/old.wildix.com\/?s={search_term_string}\"},\"query-input\":\"required name=search_term_string\"}],\"inLanguage\":\"de-DE\"},{\"@type\":\"Organization\",\"@id\":\"https:\/\/old.wildix.com\/#organization\",\"name\":\"Wildix\",\"url\":\"https:\/\/old.wildix.com\/\",\"logo\":{\"@type\":\"ImageObject\",\"inLanguage\":\"de-DE\",\"@id\":\"https:\/\/old.wildix.com\/#\/schema\/logo\/image\/\",\"url\":\"https:\/\/old.wildix.com\/wp-content\/uploads\/2018\/04\/wildix-logo-2.png\",\"contentUrl\":\"https:\/\/old.wildix.com\/wp-content\/uploads\/2018\/04\/wildix-logo-2.png\",\"width\":440,\"height\":200,\"caption\":\"Wildix\"},\"image\":{\"@id\":\"https:\/\/old.wildix.com\/#\/schema\/logo\/image\/\"}}]}<\/script>\n<!-- \/ Yoast SEO plugin. -->","yoast_head_json":{"title":"Nutzungsbedingungen &#8226; Wildix","robots":{"index":"noindex","follow":"nofollow"},"og_locale":"de_DE","og_type":"article","og_title":"Nutzungsbedingungen &#8226; Wildix","og_description":"[vc_row][vc_column][vc_empty_space height=&#8220;60px&#8220;][\/vc_column][\/vc_row][vc_row][vc_column][vc_column_text css=&#8220;.vc_custom_1532506966033{margin-bottom: 0px !important;}&#8220;]Wenn Sie diese Website besuchen, erkennen Sie an, dass Sie die nachfolgend genannten Nutzungsbedingungen gelesen haben und diese befolgen werden. Wenn Sie den hier genannten Nutzungsbedingungen nicht zustimmen, sollten Sie diese Website jetzt verlassen. NUTZUNGSRECHTE AN INFORMATIONEN, SOFTWARE UND DOKUMENTATION Wildix h\u00e4lt auf der Website bestimmte Informationen und Software, gegebenenfalls nebst [&hellip;]","og_url":"https:\/\/old.wildix.com\/de\/nutzungsbedingungen\/","og_site_name":"Wildix","article_modified_time":"2018-07-25T08:25:52+00:00","twitter_card":"summary_large_image","twitter_misc":{"Gesch\u00e4tzte Lesezeit":"2 Minuten"},"schema":{"@context":"https:\/\/schema.org","@graph":[{"@type":"WebPage","@id":"https:\/\/old.wildix.com\/de\/nutzungsbedingungen\/","url":"https:\/\/old.wildix.com\/de\/nutzungsbedingungen\/","name":"Nutzungsbedingungen &#8226; Wildix","isPartOf":{"@id":"https:\/\/old.wildix.com\/#website"},"datePublished":"2018-07-25T08:25:15+00:00","dateModified":"2018-07-25T08:25:52+00:00","breadcrumb":{"@id":"https:\/\/old.wildix.com\/de\/nutzungsbedingungen\/#breadcrumb"},"inLanguage":"de-DE","potentialAction":[{"@type":"ReadAction","target":["https:\/\/old.wildix.com\/de\/nutzungsbedingungen\/"]}]},{"@type":"BreadcrumbList","@id":"https:\/\/old.wildix.com\/de\/nutzungsbedingungen\/#breadcrumb","itemListElement":[{"@type":"ListItem","position":1,"name":"Home","item":"https:\/\/old.wildix.com\/"},{"@type":"ListItem","position":2,"name":"Nutzungsbedingungen"}]},{"@type":"WebSite","@id":"https:\/\/old.wildix.com\/#website","url":"https:\/\/old.wildix.com\/","name":"Wildix","description":"Wildix PBX | VoIP Solutions | Unified Communications | WebRTC","publisher":{"@id":"https:\/\/old.wildix.com\/#organization"},"potentialAction":[{"@type":"SearchAction","target":{"@type":"EntryPoint","urlTemplate":"https:\/\/old.wildix.com\/?s={search_term_string}"},"query-input":"required name=search_term_string"}],"inLanguage":"de-DE"},{"@type":"Organization","@id":"https:\/\/old.wildix.com\/#organization","name":"Wildix","url":"https:\/\/old.wildix.com\/","logo":{"@type":"ImageObject","inLanguage":"de-DE","@id":"https:\/\/old.wildix.com\/#\/schema\/logo\/image\/","url":"https:\/\/old.wildix.com\/wp-content\/uploads\/2018\/04\/wildix-logo-2.png","contentUrl":"https:\/\/old.wildix.com\/wp-content\/uploads\/2018\/04\/wildix-logo-2.png","width":440,"height":200,"caption":"Wildix"},"image":{"@id":"https:\/\/old.wildix.com\/#\/schema\/logo\/image\/"}}]}},"_links":{"self":[{"href":"https:\/\/old.wildix.com\/de\/wp-json\/wp\/v2\/pages\/7824683"}],"collection":[{"href":"https:\/\/old.wildix.com\/de\/wp-json\/wp\/v2\/pages"}],"about":[{"href":"https:\/\/old.wildix.com\/de\/wp-json\/wp\/v2\/types\/page"}],"author":[{"embeddable":true,"href":"https:\/\/old.wildix.com\/de\/wp-json\/wp\/v2\/users\/1"}],"replies":[{"embeddable":true,"href":"https:\/\/old.wildix.com\/de\/wp-json\/wp\/v2\/comments?post=7824683"}],"version-history":[{"count":0,"href":"https:\/\/old.wildix.com\/de\/wp-json\/wp\/v2\/pages\/7824683\/revisions"}],"wp:attachment":[{"href":"https:\/\/old.wildix.com\/de\/wp-json\/wp\/v2\/media?parent=7824683"}],"curies":[{"name":"wp","href":"https:\/\/api.w.org\/{rel}","templated":true}]}}