{"id":7826254,"date":"2018-08-21T08:32:23","date_gmt":"2018-08-21T08:32:23","guid":{"rendered":"https:\/\/old2.wildix.com\/?page_id=7826254"},"modified":"2018-08-22T09:04:09","modified_gmt":"2018-08-22T09:04:09","slug":"gartner","status":"publish","type":"page","link":"https:\/\/old.wildix.com\/de\/gartner\/","title":{"rendered":"Gartner"},"content":{"rendered":"<section class=\"wpb-content-wrapper\">[mk_page_section bg_gradient=&#8220;left_top&#8220; video_color_mask=&#8220;#003366&#8243; gr_end=&#8220;#90f3f2&#8243; video_opacity=&#8220;0.9&#8243; min_height=&#8220;250&#8243; full_width=&#8220;true&#8220; padding_top=&#8220;0&#8243; padding_bottom=&#8220;0&#8243; sidebar=&#8220;sidebar-1&#8243; first_page=&#8220;false&#8220; last_page=&#8220;false&#8220;][vc_column][mk_padding_divider size=&#8220;120&#8243; visibility=&#8220;hidden-sm&#8220;][mk_padding_divider size=&#8220;70&#8243; visibility=&#8220;visible-sm&#8220;][mk_fancy_title tag_name=&#8220;h1&#8243; color=&#8220;#ffffff&#8220; size=&#8220;70&#8243; force_font_size=&#8220;true&#8220; size_smallscreen=&#8220;60&#8243; size_tablet=&#8220;50&#8243; size_phone=&#8220;40&#8243; font_weight=&#8220;300&#8243; font_style=&#8220;normal&#8220; txt_transform=&#8220;none&#8220; margin_bottom=&#8220;0&#8243; font_family=&#8220;none&#8220; align=&#8220;center&#8220;]Gartner[\/mk_fancy_title][mk_padding_divider size=&#8220;30&#8243;][\/vc_column][\/mk_page_section][vc_row][vc_column width=&#8220;1\/3&#8243;][mk_padding_divider size=&#8220;50&#8243;][mk_image src=&#8220;https:\/\/old.wildix.com\/wp-content\/uploads\/2018\/08\/gartner-logo.jpg&#8220; image_size=&#8220;full&#8220; frame_style=&#8220;single_line&#8220; align=&#8220;center&#8220; margin_bottom=&#8220;30&#8243;][mk_padding_divider size=&#8220;30&#8243; visibility=&#8220;hidden-sm&#8220;][\/vc_column][vc_column width=&#8220;2\/3&#8243;][mk_padding_divider size=&#8220;30&#8243;][mk_fancy_title size=&#8220;28&#8243; force_font_size=&#8220;true&#8220; size_smallscreen=&#8220;25&#8243; size_tablet=&#8220;25&#8243; size_phone=&#8220;20&#8243; txt_transform=&#8220;uppercase&#8220; margin_top=&#8220;20&#8243; margin_bottom=&#8220;10&#8243; font_family=&#8220;none&#8220;]Gartner ist das weltweit f\u00fchrende IT-Marktforschungs- und Beratungsunternehmen. Seine Kernt\u00e4tigkeit fu\u00dft auf den Analysen von rund 900 Experten.[\/mk_fancy_title][vc_column_text css=&#8220;.vc_custom_1534928647706{margin-bottom: 0px !important;}&#8220;]Wildix greift bei seiner strategischen Ausrichtung auf die Zusammenarbeit mit Gartner und dessen Expertenwissen zur\u00fcck.[\/vc_column_text][mk_padding_divider size=&#8220;30&#8243;][\/vc_column][\/vc_row]\n<\/section>","protected":false},"excerpt":{"rendered":"<p>[mk_page_section bg_gradient=&#8220;left_top&#8220; video_color_mask=&#8220;#003366&#8243; gr_end=&#8220;#90f3f2&#8243; video_opacity=&#8220;0.9&#8243; min_height=&#8220;250&#8243; full_width=&#8220;true&#8220; padding_top=&#8220;0&#8243; padding_bottom=&#8220;0&#8243; sidebar=&#8220;sidebar-1&#8243; first_page=&#8220;false&#8220; last_page=&#8220;false&#8220;][vc_column][mk_padding_divider size=&#8220;120&#8243; visibility=&#8220;hidden-sm&#8220;][mk_padding_divider size=&#8220;70&#8243; visibility=&#8220;visible-sm&#8220;][mk_fancy_title tag_name=&#8220;h1&#8243; color=&#8220;#ffffff&#8220; size=&#8220;70&#8243; force_font_size=&#8220;true&#8220; size_smallscreen=&#8220;60&#8243; size_tablet=&#8220;50&#8243; size_phone=&#8220;40&#8243; font_weight=&#8220;300&#8243; font_style=&#8220;normal&#8220; txt_transform=&#8220;none&#8220; margin_bottom=&#8220;0&#8243; font_family=&#8220;none&#8220; align=&#8220;center&#8220;]Gartner[\/mk_fancy_title][mk_padding_divider size=&#8220;30&#8243;][\/vc_column][\/mk_page_section][vc_row][vc_column width=&#8220;1\/3&#8243;][mk_padding_divider size=&#8220;50&#8243;][mk_image src=&#8220;https:\/\/old.wildix.com\/wp-content\/uploads\/2018\/08\/gartner-logo.jpg&#8220; image_size=&#8220;full&#8220; frame_style=&#8220;single_line&#8220; align=&#8220;center&#8220; margin_bottom=&#8220;30&#8243;][mk_padding_divider size=&#8220;30&#8243; visibility=&#8220;hidden-sm&#8220;][\/vc_column][vc_column width=&#8220;2\/3&#8243;][mk_padding_divider size=&#8220;30&#8243;][mk_fancy_title size=&#8220;28&#8243; force_font_size=&#8220;true&#8220; size_smallscreen=&#8220;25&#8243; size_tablet=&#8220;25&#8243; size_phone=&#8220;20&#8243; txt_transform=&#8220;uppercase&#8220; margin_top=&#8220;20&#8243; margin_bottom=&#8220;10&#8243; font_family=&#8220;none&#8220;]Gartner ist das weltweit f\u00fchrende IT-Marktforschungs- [&hellip;]<\/p>\n","protected":false},"author":6,"featured_media":0,"parent":0,"menu_order":0,"comment_status":"closed","ping_status":"closed","template":"","meta":{"wpupg_custom_link":[],"wpupg_custom_link_behaviour":[],"wpupg_custom_image":[],"wpupg_custom_image_id":[],"footnotes":""},"acf":[],"yoast_head":"<!-- This site is optimized with the Yoast SEO plugin v21.8 - https:\/\/yoast.com\/wordpress\/plugins\/seo\/ -->\n<title>Gartner - Wildix<\/title>\n<meta name=\"description\" content=\"Wildix relies on the collaboration with Gartner to align its vision with that of the experts.\" \/>\n<meta name=\"robots\" content=\"noindex, follow, max-snippet:-1, max-image-preview:large, max-video-preview:-1\" \/>\n<meta property=\"og:locale\" content=\"de_DE\" \/>\n<meta property=\"og:type\" content=\"article\" \/>\n<meta property=\"og:title\" content=\"Gartner - Wildix\" \/>\n<meta property=\"og:description\" content=\"Wildix relies on the collaboration with Gartner to align its vision with that of the experts.\" \/>\n<meta property=\"og:url\" content=\"https:\/\/old.wildix.com\/de\/gartner\/\" \/>\n<meta property=\"og:site_name\" content=\"Wildix\" \/>\n<meta property=\"article:modified_time\" content=\"2018-08-22T09:04:09+00:00\" \/>\n<meta name=\"twitter:card\" content=\"summary_large_image\" \/>\n<meta name=\"twitter:label1\" content=\"Gesch\u00e4tzte Lesezeit\" \/>\n\t<meta name=\"twitter:data1\" content=\"1 Minute\" \/>\n<script type=\"application\/ld+json\" class=\"yoast-schema-graph\">{\"@context\":\"https:\/\/schema.org\",\"@graph\":[{\"@type\":\"WebPage\",\"@id\":\"https:\/\/old.wildix.com\/de\/gartner\/\",\"url\":\"https:\/\/old.wildix.com\/de\/gartner\/\",\"name\":\"Gartner - Wildix\",\"isPartOf\":{\"@id\":\"https:\/\/old.wildix.com\/#website\"},\"datePublished\":\"2018-08-21T08:32:23+00:00\",\"dateModified\":\"2018-08-22T09:04:09+00:00\",\"description\":\"Wildix relies on the collaboration with Gartner to align its vision with that of the experts.\",\"breadcrumb\":{\"@id\":\"https:\/\/old.wildix.com\/de\/gartner\/#breadcrumb\"},\"inLanguage\":\"de-DE\",\"potentialAction\":[{\"@type\":\"ReadAction\",\"target\":[\"https:\/\/old.wildix.com\/de\/gartner\/\"]}]},{\"@type\":\"BreadcrumbList\",\"@id\":\"https:\/\/old.wildix.com\/de\/gartner\/#breadcrumb\",\"itemListElement\":[{\"@type\":\"ListItem\",\"position\":1,\"name\":\"Home\",\"item\":\"https:\/\/old.wildix.com\/\"},{\"@type\":\"ListItem\",\"position\":2,\"name\":\"Gartner\"}]},{\"@type\":\"WebSite\",\"@id\":\"https:\/\/old.wildix.com\/#website\",\"url\":\"https:\/\/old.wildix.com\/\",\"name\":\"Wildix\",\"description\":\"Wildix PBX | VoIP Solutions | Unified Communications | WebRTC\",\"publisher\":{\"@id\":\"https:\/\/old.wildix.com\/#organization\"},\"potentialAction\":[{\"@type\":\"SearchAction\",\"target\":{\"@type\":\"EntryPoint\",\"urlTemplate\":\"https:\/\/old.wildix.com\/?s={search_term_string}\"},\"query-input\":\"required name=search_term_string\"}],\"inLanguage\":\"de-DE\"},{\"@type\":\"Organization\",\"@id\":\"https:\/\/old.wildix.com\/#organization\",\"name\":\"Wildix\",\"url\":\"https:\/\/old.wildix.com\/\",\"logo\":{\"@type\":\"ImageObject\",\"inLanguage\":\"de-DE\",\"@id\":\"https:\/\/old.wildix.com\/#\/schema\/logo\/image\/\",\"url\":\"https:\/\/old.wildix.com\/wp-content\/uploads\/2018\/04\/wildix-logo-2.png\",\"contentUrl\":\"https:\/\/old.wildix.com\/wp-content\/uploads\/2018\/04\/wildix-logo-2.png\",\"width\":440,\"height\":200,\"caption\":\"Wildix\"},\"image\":{\"@id\":\"https:\/\/old.wildix.com\/#\/schema\/logo\/image\/\"}}]}<\/script>\n<!-- \/ Yoast SEO plugin. -->","yoast_head_json":{"title":"Gartner - Wildix","description":"Wildix relies on the collaboration with Gartner to align its vision with that of the experts.","robots":{"index":"noindex","follow":"follow","max-snippet":"max-snippet:-1","max-image-preview":"max-image-preview:large","max-video-preview":"max-video-preview:-1"},"og_locale":"de_DE","og_type":"article","og_title":"Gartner - Wildix","og_description":"Wildix relies on the collaboration with Gartner to align its vision with that of the experts.","og_url":"https:\/\/old.wildix.com\/de\/gartner\/","og_site_name":"Wildix","article_modified_time":"2018-08-22T09:04:09+00:00","twitter_card":"summary_large_image","twitter_misc":{"Gesch\u00e4tzte Lesezeit":"1 Minute"},"schema":{"@context":"https:\/\/schema.org","@graph":[{"@type":"WebPage","@id":"https:\/\/old.wildix.com\/de\/gartner\/","url":"https:\/\/old.wildix.com\/de\/gartner\/","name":"Gartner - Wildix","isPartOf":{"@id":"https:\/\/old.wildix.com\/#website"},"datePublished":"2018-08-21T08:32:23+00:00","dateModified":"2018-08-22T09:04:09+00:00","description":"Wildix relies on the collaboration with Gartner to align its vision with that of the experts.","breadcrumb":{"@id":"https:\/\/old.wildix.com\/de\/gartner\/#breadcrumb"},"inLanguage":"de-DE","potentialAction":[{"@type":"ReadAction","target":["https:\/\/old.wildix.com\/de\/gartner\/"]}]},{"@type":"BreadcrumbList","@id":"https:\/\/old.wildix.com\/de\/gartner\/#breadcrumb","itemListElement":[{"@type":"ListItem","position":1,"name":"Home","item":"https:\/\/old.wildix.com\/"},{"@type":"ListItem","position":2,"name":"Gartner"}]},{"@type":"WebSite","@id":"https:\/\/old.wildix.com\/#website","url":"https:\/\/old.wildix.com\/","name":"Wildix","description":"Wildix PBX | VoIP Solutions | Unified Communications | WebRTC","publisher":{"@id":"https:\/\/old.wildix.com\/#organization"},"potentialAction":[{"@type":"SearchAction","target":{"@type":"EntryPoint","urlTemplate":"https:\/\/old.wildix.com\/?s={search_term_string}"},"query-input":"required name=search_term_string"}],"inLanguage":"de-DE"},{"@type":"Organization","@id":"https:\/\/old.wildix.com\/#organization","name":"Wildix","url":"https:\/\/old.wildix.com\/","logo":{"@type":"ImageObject","inLanguage":"de-DE","@id":"https:\/\/old.wildix.com\/#\/schema\/logo\/image\/","url":"https:\/\/old.wildix.com\/wp-content\/uploads\/2018\/04\/wildix-logo-2.png","contentUrl":"https:\/\/old.wildix.com\/wp-content\/uploads\/2018\/04\/wildix-logo-2.png","width":440,"height":200,"caption":"Wildix"},"image":{"@id":"https:\/\/old.wildix.com\/#\/schema\/logo\/image\/"}}]}},"_links":{"self":[{"href":"https:\/\/old.wildix.com\/de\/wp-json\/wp\/v2\/pages\/7826254"}],"collection":[{"href":"https:\/\/old.wildix.com\/de\/wp-json\/wp\/v2\/pages"}],"about":[{"href":"https:\/\/old.wildix.com\/de\/wp-json\/wp\/v2\/types\/page"}],"author":[{"embeddable":true,"href":"https:\/\/old.wildix.com\/de\/wp-json\/wp\/v2\/users\/6"}],"replies":[{"embeddable":true,"href":"https:\/\/old.wildix.com\/de\/wp-json\/wp\/v2\/comments?post=7826254"}],"version-history":[{"count":0,"href":"https:\/\/old.wildix.com\/de\/wp-json\/wp\/v2\/pages\/7826254\/revisions"}],"wp:attachment":[{"href":"https:\/\/old.wildix.com\/de\/wp-json\/wp\/v2\/media?parent=7826254"}],"curies":[{"name":"wp","href":"https:\/\/api.w.org\/{rel}","templated":true}]}}