{"id":7831875,"date":"2018-08-28T08:45:34","date_gmt":"2018-08-28T08:45:34","guid":{"rendered":"https:\/\/old2.wildix.com\/?page_id=7831875"},"modified":"2021-01-29T22:46:02","modified_gmt":"2021-01-29T22:46:02","slug":"w-pa-use-case","status":"publish","type":"page","link":"https:\/\/old.wildix.com\/de\/w-pa-use-case\/","title":{"rendered":"W-PA USE CASE"},"content":{"rendered":"<section class=\"wpb-content-wrapper\">[mk_page_section bg_gradient=&#8220;left_top&#8220; video_color_mask=&#8220;#003366&#8243; gr_end=&#8220;#90f3f2&#8243; video_opacity=&#8220;0.9&#8243; min_height=&#8220;250&#8243; full_width=&#8220;true&#8220; padding_top=&#8220;0&#8243; padding_bottom=&#8220;0&#8243; sidebar=&#8220;sidebar-1&#8243; first_page=&#8220;false&#8220; last_page=&#8220;false&#8220;][vc_column][mk_padding_divider size=&#8220;120&#8243; visibility=&#8220;hidden-sm&#8220;][mk_padding_divider size=&#8220;70&#8243; visibility=&#8220;visible-sm&#8220;][mk_fancy_title tag_name=&#8220;h1&#8243; color=&#8220;#ffffff&#8220; size=&#8220;70&#8243; force_font_size=&#8220;true&#8220; size_smallscreen=&#8220;60&#8243; size_tablet=&#8220;50&#8243; size_phone=&#8220;40&#8243; font_weight=&#8220;300&#8243; font_style=&#8220;normal&#8220; txt_transform=&#8220;none&#8220; margin_bottom=&#8220;0&#8243; font_family=&#8220;none&#8220; align=&#8220;center&#8220;]W-PA USE CASE[\/mk_fancy_title][mk_fancy_title tag_name=&#8220;span&#8220; color=&#8220;#ffffff&#8220; size=&#8220;24&#8243; force_font_size=&#8220;true&#8220; size_smallscreen=&#8220;22&#8243; size_tablet=&#8220;22&#8243; size_phone=&#8220;20&#8243; font_weight=&#8220;300&#8243; font_style=&#8220;normal&#8220; txt_transform=&#8220;none&#8220; margin_bottom=&#8220;0&#8243; font_family=&#8220;none&#8220; align=&#8220;center&#8220;]Nicht nur f\u00fcr Flugh\u00e4fen, Krankenh\u00e4user oder Superm\u00e4rkte geeignet:<br \/>\nSo setzten Sie das W-PA auch in weniger weitl\u00e4ufigen Arbeitsbereichen ein[\/mk_fancy_title][mk_padding_divider size=&#8220;30&#8243;][\/vc_column][\/mk_page_section][vc_row][vc_column width=&#8220;1\/2&#8243;][mk_padding_divider size=&#8220;80&#8243;][vc_column_text css=&#8220;.vc_custom_1545829180587{margin-bottom: 0px !important;}&#8220;]Das Wildix Public Announcer-Ger\u00e4t wird meist genutzt, um Ank\u00fcndigungen und Mitteilungen in gro\u00dfen Geb\u00e4uden, wie Superm\u00e4rkten, Flugh\u00e4fen und Krankenh\u00e4usern durchzugeben.<\/p>\n<p>Wie das nachfolgende Anwendungsbeispiel zeigt, ist das W-PA aber ein so vielseitiges Ger\u00e4t, dass es auch in kleineren Umfeldern n\u00fctzlich sein kann.<\/p>\n<p>Der Wildix-Partner Enecom installierte ein W-PA in der Garage der <strong>Zahnarztpraxis Gabriella Grassi.<\/strong><\/p>\n<p>Die renommierte Praxis mit mehr als 500 Quadratmetern Fl\u00e4che befindet sich in einem Mehrparteienhaus in der Altstadt von Potenza, wo nur wenige Parkpl\u00e4tze zur Verf\u00fcgung stehen.<\/p>\n<p>Enecom konzentrierte sich bei der Entwicklung des Systems darauf, eine m\u00f6glichst effiziente Kommunikation mit den Patienten zu erm\u00f6glichen Daf\u00fcr wurden elegante Vision-Videotelefone an der Rezeption und in den B\u00fcros sowie ein schnurloses W-AIR installiert, damit Zahn\u00e4rzte und Zahnarzthelfer in der Praxis sich mobil bewegen k\u00f6nnen. Am Eingang wurde eine weitere Videosprechanlage installiert.<\/p>\n<p>F\u00fcr Patienten, die mit dem Auto anreisen, arbeitete Enecom ein ausgekl\u00fcgeltes System aus: <strong>Das W-PA-Ger\u00e4t \u00f6ffnet das Rolltor der Garage, die Patienten der Zahnarztpraxis zur Verf\u00fcgung steht, und wurde zus\u00e4tzlich mit zwei Lautsprechern verbunden.<\/strong><\/p>\n<p>Diese L\u00f6sung erm\u00f6glicht es der Praxis, die Patienten \u00fcber die Videosprechanlage zu sehen, das Rolltor der Garage \u00fcber das W-PA zu \u00f6ffnen und Sprachnachrichten zu senden. So kann zum Beispiel beschrieben werden, wie die Praxis von der Garage aus erreicht werden kann oder wo das Auto geparkt werden sollte, um die Durchfahrt freizuhalten.<\/p>\n<p>Der Wildix-Partner Enecom verbesserte so die Kommunikation in der Zahnarztpraxis, <strong>da \u00fcber das W-PA-Ger\u00e4t sowohl das Rolltor der Tiefgarage bedient als auch mit den Patienten, die gerade ankommen, kommuniziert werden kann. So ist ein 360\u00b0-Service garantiert.<\/strong>[\/vc_column_text][mk_padding_divider][\/vc_column][vc_column width=&#8220;1\/2&#8243;][mk_gallery images=&#8220;7818422,7826701,7826706&#8243; column=&#8220;1&#8243; image_size=&#8220;full&#8220;][mk_padding_divider][\/vc_column][\/vc_row]\n<\/section>","protected":false},"excerpt":{"rendered":"<p>[mk_page_section bg_gradient=&#8220;left_top&#8220; video_color_mask=&#8220;#003366&#8243; gr_end=&#8220;#90f3f2&#8243; video_opacity=&#8220;0.9&#8243; min_height=&#8220;250&#8243; full_width=&#8220;true&#8220; padding_top=&#8220;0&#8243; padding_bottom=&#8220;0&#8243; sidebar=&#8220;sidebar-1&#8243; first_page=&#8220;false&#8220; last_page=&#8220;false&#8220;][vc_column][mk_padding_divider size=&#8220;120&#8243; visibility=&#8220;hidden-sm&#8220;][mk_padding_divider size=&#8220;70&#8243; visibility=&#8220;visible-sm&#8220;][mk_fancy_title tag_name=&#8220;h1&#8243; color=&#8220;#ffffff&#8220; size=&#8220;70&#8243; force_font_size=&#8220;true&#8220; size_smallscreen=&#8220;60&#8243; size_tablet=&#8220;50&#8243; size_phone=&#8220;40&#8243; font_weight=&#8220;300&#8243; font_style=&#8220;normal&#8220; txt_transform=&#8220;none&#8220; margin_bottom=&#8220;0&#8243; font_family=&#8220;none&#8220; align=&#8220;center&#8220;]W-PA USE CASE[\/mk_fancy_title][mk_fancy_title tag_name=&#8220;span&#8220; color=&#8220;#ffffff&#8220; size=&#8220;24&#8243; force_font_size=&#8220;true&#8220; size_smallscreen=&#8220;22&#8243; size_tablet=&#8220;22&#8243; size_phone=&#8220;20&#8243; font_weight=&#8220;300&#8243; font_style=&#8220;normal&#8220; txt_transform=&#8220;none&#8220; margin_bottom=&#8220;0&#8243; font_family=&#8220;none&#8220; align=&#8220;center&#8220;]Nicht nur f\u00fcr Flugh\u00e4fen, Krankenh\u00e4user oder Superm\u00e4rkte geeignet: So setzten Sie das [&hellip;]<\/p>\n","protected":false},"author":6,"featured_media":0,"parent":0,"menu_order":0,"comment_status":"closed","ping_status":"closed","template":"","meta":{"wpupg_custom_link":[],"wpupg_custom_link_behaviour":["default"],"wpupg_custom_image":[],"wpupg_custom_image_id":[],"footnotes":""},"acf":[],"yoast_head":"<!-- This site is optimized with the Yoast SEO plugin v21.8 - https:\/\/yoast.com\/wordpress\/plugins\/seo\/ -->\n<title>W-PA: so setzten Sie das W-PA auch in weniger weitl\u00e4ufigen Arbeitsbereichen ein<\/title>\n<meta name=\"description\" content=\"Das W-PA-Ger\u00e4t \u00f6ffnet das Rolltor der Garage, die Patienten der Zahnarztpraxis zur Verf\u00fcgung steht, und wurde zus\u00e4tzlich mit zwei Lautsprechern verbunden.\" \/>\n<meta name=\"robots\" content=\"noindex, follow, max-snippet:-1, max-image-preview:large, max-video-preview:-1\" \/>\n<meta property=\"og:locale\" content=\"de_DE\" \/>\n<meta property=\"og:type\" content=\"article\" \/>\n<meta property=\"og:title\" content=\"W-PA: so setzten Sie das W-PA auch in weniger weitl\u00e4ufigen Arbeitsbereichen ein\" \/>\n<meta property=\"og:description\" content=\"Das W-PA-Ger\u00e4t \u00f6ffnet das Rolltor der Garage, die Patienten der Zahnarztpraxis zur Verf\u00fcgung steht, und wurde zus\u00e4tzlich mit zwei Lautsprechern verbunden.\" \/>\n<meta property=\"og:url\" content=\"https:\/\/old.wildix.com\/de\/w-pa-use-case\/\" \/>\n<meta property=\"og:site_name\" content=\"Wildix\" \/>\n<meta property=\"article:modified_time\" content=\"2021-01-29T22:46:02+00:00\" \/>\n<meta name=\"twitter:card\" content=\"summary_large_image\" \/>\n<meta name=\"twitter:label1\" content=\"Gesch\u00e4tzte Lesezeit\" \/>\n\t<meta name=\"twitter:data1\" content=\"2 Minuten\" \/>\n<script type=\"application\/ld+json\" class=\"yoast-schema-graph\">{\"@context\":\"https:\/\/schema.org\",\"@graph\":[{\"@type\":\"WebPage\",\"@id\":\"https:\/\/old.wildix.com\/de\/w-pa-use-case\/\",\"url\":\"https:\/\/old.wildix.com\/de\/w-pa-use-case\/\",\"name\":\"W-PA: so setzten Sie das W-PA auch in weniger weitl\u00e4ufigen Arbeitsbereichen ein\",\"isPartOf\":{\"@id\":\"https:\/\/old.wildix.com\/#website\"},\"datePublished\":\"2018-08-28T08:45:34+00:00\",\"dateModified\":\"2021-01-29T22:46:02+00:00\",\"description\":\"Das W-PA-Ger\u00e4t \u00f6ffnet das Rolltor der Garage, die Patienten der Zahnarztpraxis zur Verf\u00fcgung steht, und wurde zus\u00e4tzlich mit zwei Lautsprechern verbunden.\",\"breadcrumb\":{\"@id\":\"https:\/\/old.wildix.com\/de\/w-pa-use-case\/#breadcrumb\"},\"inLanguage\":\"de-DE\",\"potentialAction\":[{\"@type\":\"ReadAction\",\"target\":[\"https:\/\/old.wildix.com\/de\/w-pa-use-case\/\"]}]},{\"@type\":\"BreadcrumbList\",\"@id\":\"https:\/\/old.wildix.com\/de\/w-pa-use-case\/#breadcrumb\",\"itemListElement\":[{\"@type\":\"ListItem\",\"position\":1,\"name\":\"Home\",\"item\":\"https:\/\/old.wildix.com\/\"},{\"@type\":\"ListItem\",\"position\":2,\"name\":\"W-PA USE CASE\"}]},{\"@type\":\"WebSite\",\"@id\":\"https:\/\/old.wildix.com\/#website\",\"url\":\"https:\/\/old.wildix.com\/\",\"name\":\"Wildix\",\"description\":\"Wildix PBX | VoIP Solutions | Unified Communications | WebRTC\",\"publisher\":{\"@id\":\"https:\/\/old.wildix.com\/#organization\"},\"potentialAction\":[{\"@type\":\"SearchAction\",\"target\":{\"@type\":\"EntryPoint\",\"urlTemplate\":\"https:\/\/old.wildix.com\/?s={search_term_string}\"},\"query-input\":\"required name=search_term_string\"}],\"inLanguage\":\"de-DE\"},{\"@type\":\"Organization\",\"@id\":\"https:\/\/old.wildix.com\/#organization\",\"name\":\"Wildix\",\"url\":\"https:\/\/old.wildix.com\/\",\"logo\":{\"@type\":\"ImageObject\",\"inLanguage\":\"de-DE\",\"@id\":\"https:\/\/old.wildix.com\/#\/schema\/logo\/image\/\",\"url\":\"https:\/\/old.wildix.com\/wp-content\/uploads\/2018\/04\/wildix-logo-2.png\",\"contentUrl\":\"https:\/\/old.wildix.com\/wp-content\/uploads\/2018\/04\/wildix-logo-2.png\",\"width\":440,\"height\":200,\"caption\":\"Wildix\"},\"image\":{\"@id\":\"https:\/\/old.wildix.com\/#\/schema\/logo\/image\/\"}}]}<\/script>\n<!-- \/ Yoast SEO plugin. -->","yoast_head_json":{"title":"W-PA: so setzten Sie das W-PA auch in weniger weitl\u00e4ufigen Arbeitsbereichen ein","description":"Das W-PA-Ger\u00e4t \u00f6ffnet das Rolltor der Garage, die Patienten der Zahnarztpraxis zur Verf\u00fcgung steht, und wurde zus\u00e4tzlich mit zwei Lautsprechern verbunden.","robots":{"index":"noindex","follow":"follow","max-snippet":"max-snippet:-1","max-image-preview":"max-image-preview:large","max-video-preview":"max-video-preview:-1"},"og_locale":"de_DE","og_type":"article","og_title":"W-PA: so setzten Sie das W-PA auch in weniger weitl\u00e4ufigen Arbeitsbereichen ein","og_description":"Das W-PA-Ger\u00e4t \u00f6ffnet das Rolltor der Garage, die Patienten der Zahnarztpraxis zur Verf\u00fcgung steht, und wurde zus\u00e4tzlich mit zwei Lautsprechern verbunden.","og_url":"https:\/\/old.wildix.com\/de\/w-pa-use-case\/","og_site_name":"Wildix","article_modified_time":"2021-01-29T22:46:02+00:00","twitter_card":"summary_large_image","twitter_misc":{"Gesch\u00e4tzte Lesezeit":"2 Minuten"},"schema":{"@context":"https:\/\/schema.org","@graph":[{"@type":"WebPage","@id":"https:\/\/old.wildix.com\/de\/w-pa-use-case\/","url":"https:\/\/old.wildix.com\/de\/w-pa-use-case\/","name":"W-PA: so setzten Sie das W-PA auch in weniger weitl\u00e4ufigen Arbeitsbereichen ein","isPartOf":{"@id":"https:\/\/old.wildix.com\/#website"},"datePublished":"2018-08-28T08:45:34+00:00","dateModified":"2021-01-29T22:46:02+00:00","description":"Das W-PA-Ger\u00e4t \u00f6ffnet das Rolltor der Garage, die Patienten der Zahnarztpraxis zur Verf\u00fcgung steht, und wurde zus\u00e4tzlich mit zwei Lautsprechern verbunden.","breadcrumb":{"@id":"https:\/\/old.wildix.com\/de\/w-pa-use-case\/#breadcrumb"},"inLanguage":"de-DE","potentialAction":[{"@type":"ReadAction","target":["https:\/\/old.wildix.com\/de\/w-pa-use-case\/"]}]},{"@type":"BreadcrumbList","@id":"https:\/\/old.wildix.com\/de\/w-pa-use-case\/#breadcrumb","itemListElement":[{"@type":"ListItem","position":1,"name":"Home","item":"https:\/\/old.wildix.com\/"},{"@type":"ListItem","position":2,"name":"W-PA USE CASE"}]},{"@type":"WebSite","@id":"https:\/\/old.wildix.com\/#website","url":"https:\/\/old.wildix.com\/","name":"Wildix","description":"Wildix PBX | VoIP Solutions | Unified Communications | WebRTC","publisher":{"@id":"https:\/\/old.wildix.com\/#organization"},"potentialAction":[{"@type":"SearchAction","target":{"@type":"EntryPoint","urlTemplate":"https:\/\/old.wildix.com\/?s={search_term_string}"},"query-input":"required name=search_term_string"}],"inLanguage":"de-DE"},{"@type":"Organization","@id":"https:\/\/old.wildix.com\/#organization","name":"Wildix","url":"https:\/\/old.wildix.com\/","logo":{"@type":"ImageObject","inLanguage":"de-DE","@id":"https:\/\/old.wildix.com\/#\/schema\/logo\/image\/","url":"https:\/\/old.wildix.com\/wp-content\/uploads\/2018\/04\/wildix-logo-2.png","contentUrl":"https:\/\/old.wildix.com\/wp-content\/uploads\/2018\/04\/wildix-logo-2.png","width":440,"height":200,"caption":"Wildix"},"image":{"@id":"https:\/\/old.wildix.com\/#\/schema\/logo\/image\/"}}]}},"_links":{"self":[{"href":"https:\/\/old.wildix.com\/de\/wp-json\/wp\/v2\/pages\/7831875"}],"collection":[{"href":"https:\/\/old.wildix.com\/de\/wp-json\/wp\/v2\/pages"}],"about":[{"href":"https:\/\/old.wildix.com\/de\/wp-json\/wp\/v2\/types\/page"}],"author":[{"embeddable":true,"href":"https:\/\/old.wildix.com\/de\/wp-json\/wp\/v2\/users\/6"}],"replies":[{"embeddable":true,"href":"https:\/\/old.wildix.com\/de\/wp-json\/wp\/v2\/comments?post=7831875"}],"version-history":[{"count":0,"href":"https:\/\/old.wildix.com\/de\/wp-json\/wp\/v2\/pages\/7831875\/revisions"}],"wp:attachment":[{"href":"https:\/\/old.wildix.com\/de\/wp-json\/wp\/v2\/media?parent=7831875"}],"curies":[{"name":"wp","href":"https:\/\/api.w.org\/{rel}","templated":true}]}}