{"id":7839149,"date":"2019-07-18T13:40:10","date_gmt":"2019-07-18T13:40:10","guid":{"rendered":"https:\/\/old2.wildix.com\/?page_id=7839149"},"modified":"2022-09-06T13:28:33","modified_gmt":"2022-09-06T13:28:33","slug":"hwaas","status":"publish","type":"page","link":"https:\/\/old.wildix.com\/de\/hwaas\/","title":{"rendered":"Hardware as a Service"},"content":{"rendered":"<section class=\"wpb-content-wrapper\">[mk_page_section bg_image=&#8220;https:\/\/old.wildix.com\/wp-content\/uploads\/2019\/01\/wildix-warranty-back.jpg&#8220; bg_position=&#8220;center top&#8220; bg_stretch=&#8220;true&#8220; video_mask=&#8220;true&#8220; bg_gradient=&#8220;left_top&#8220; video_color_mask=&#8220;#003366&#8243; gr_end=&#8220;#90f3f2&#8243; video_opacity=&#8220;0.7&#8243; min_height=&#8220;250&#8243; full_width=&#8220;true&#8220; padding_top=&#8220;0&#8243; padding_bottom=&#8220;0&#8243; sidebar=&#8220;sidebar-1&#8243; first_page=&#8220;false&#8220; last_page=&#8220;false&#8220;][vc_column][mk_padding_divider size=&#8220;120&#8243; visibility=&#8220;hidden-sm&#8220;][mk_padding_divider size=&#8220;70&#8243; visibility=&#8220;visible-sm&#8220;][mk_fancy_title tag_name=&#8220;h1&#8243; color=&#8220;#ffffff&#8220; size=&#8220;70&#8243; force_font_size=&#8220;true&#8220; size_smallscreen=&#8220;60&#8243; size_tablet=&#8220;50&#8243; size_phone=&#8220;40&#8243; font_weight=&#8220;300&#8243; font_style=&#8220;normal&#8220; txt_transform=&#8220;none&#8220; margin_bottom=&#8220;0&#8243; font_family=&#8220;none&#8220; align=&#8220;center&#8220;]Hardware as a Service[\/mk_fancy_title][mk_padding_divider size=&#8220;50&#8243;][\/vc_column][\/mk_page_section][vc_row][vc_column][mk_padding_divider size=&#8220;50&#8243;][vc_column_text el_class=&#8220;justify&#8220; css=&#8220;.vc_custom_1564393634730{margin-bottom: 0px !important;}&#8220;]\n<p style=\"text-align: center;\">Wildix ist der erste Unified Communications Anbieter, der <strong>das Gesamtpaket aus Hardware und Software als As-a-Service-L\u00f6sung zur Verf\u00fcgung stellt<\/strong>. Ihr Kunde kann dank des Wildix HWaaS-Pakets von einem Telekommunikationssystem profitieren, <strong>das in vollem Umfang durch eine Garantie abgesichert ist sowie aus den neuesten Produkten besteht<\/strong>.<\/p>\n[\/vc_column_text][mk_padding_divider size=&#8220;15&#8243;][\/vc_column][\/vc_row][vc_row fullwidth=&#8220;true&#8220; fullwidth_content=&#8220;false&#8220; css=&#8220;.vc_custom_1563796829778{background-color: #ededed !important;}&#8220;][vc_column width=&#8220;1\/4&#8243;][\/vc_column][vc_column width=&#8220;1\/2&#8243;][mk_padding_divider][mk_fancy_title size=&#8220;28&#8243; force_font_size=&#8220;true&#8220; size_smallscreen=&#8220;25&#8243; size_tablet=&#8220;25&#8243; size_phone=&#8220;20&#8243; margin_top=&#8220;&#8220; margin_bottom=&#8220;&#8220; font_family=&#8220;none&#8220; align=&#8220;center&#8220;]Sie m\u00f6chten am HWaaS-Programm teilnehmen?[\/mk_fancy_title][mk_padding_divider size=&#8220;15&#8243;][mk_button dimension=&#8220;flat&#8220; corner_style=&#8220;full_rounded&#8220; size=&#8220;large&#8220; icon=&#8220;mk-icon-external-link-square&#8220; icon_anim=&#8220;side&#8220; url=&#8220;https:\/\/wildix.atlassian.net\/wiki\/x\/QAPOAQ&#8220; target=&#8220;_blank&#8220; align=&#8220;center&#8220; bg_color=&#8220;#dd9933&#8243; btn_hover_txt_color=&#8220;#ffffff&#8220;]Hier zur Abwicklung<br \/>\n[\/mk_button][mk_padding_divider size=&#8220;30&#8243;][\/vc_column][vc_column width=&#8220;1\/4&#8243;][\/vc_column][\/vc_row][vc_row fullwidth=&#8220;true&#8220; fullwidth_content=&#8220;false&#8220;][vc_column][mk_padding_divider size=&#8220;20&#8243;][vc_row_inner][vc_column_inner width=&#8220;1\/3&#8243;][mk_fancy_title size=&#8220;23&#8243; force_font_size=&#8220;true&#8220; size_smallscreen=&#8220;23&#8243; size_tablet=&#8220;23&#8243; size_phone=&#8220;20&#8243; font_weight=&#8220;400&#8243; margin_top=&#8220;20&#8243; margin_bottom=&#8220;10&#8243; font_family=&#8220;none&#8220;]Was bedeutet Hardware as a Service (HWaaS)?[\/mk_fancy_title][\/vc_column_inner][vc_column_inner width=&#8220;2\/3&#8243;][mk_padding_divider size=&#8220;20&#8243;][vc_column_text el_class=&#8220;just&#8220; css=&#8220;.vc_custom_1564394552327{margin-bottom: 0px !important;}&#8220;]<span class=\"just\">HWaaS ist das Dienstleistungsmodell der Zukunft. <strong>Ihre Kunden erhalten genau die ma\u00dfgeschneiderte L\u00f6sung, die Sie ben\u00f6tigen \u2013 ganz ohne Kaufzwang<\/strong>. Das bedeutet: keine Verschwendung an Investitionsmittel, keine Sorgen hinsichtlich der Notwendigkeit alles auf dem neuesten Stand zu halten, keine Bindung an das vorhandene Equipment.<\/span>[\/vc_column_text][mk_padding_divider size=&#8220;20&#8243;][vc_separator border_width=&#8220;2&#8243;][\/vc_column_inner][\/vc_row_inner][vc_row_inner][vc_column_inner width=&#8220;1\/3&#8243;][mk_fancy_title size=&#8220;23&#8243; force_font_size=&#8220;true&#8220; size_smallscreen=&#8220;23&#8243; size_tablet=&#8220;23&#8243; size_phone=&#8220;20&#8243; font_weight=&#8220;400&#8243; margin_top=&#8220;20&#8243; margin_bottom=&#8220;10&#8243; font_family=&#8220;none&#8220;]Was Ihr Kunde tats\u00e4chlich braucht, ist die L\u00f6sung, nicht die blo\u00dfen Werkzeuge.[\/mk_fancy_title][\/vc_column_inner][vc_column_inner width=&#8220;2\/3&#8243;][mk_padding_divider size=&#8220;20&#8243;][vc_column_text el_class=&#8220;justify&#8220; css=&#8220;.vc_custom_1564394697941{margin-bottom: 0px !important;}&#8220;]Ihr Kunde genie\u00dft auf diese Weise maximale Flexibilit\u00e4t und kann jederzeit die durch diese Investition zu <strong>erreichenden Unternehmensziele nachjustieren oder aber bei Bedarf neue L\u00f6sungen ausprobieren<\/strong>, ohne in den F\u00e4ngen veralteter Hardware und Software festzusitzen und ohne zus\u00e4tzliche Investitionsmittel vergeudet zu haben.[\/vc_column_text][mk_padding_divider size=&#8220;20&#8243;][vc_separator border_width=&#8220;2&#8243;][\/vc_column_inner][\/vc_row_inner][vc_row_inner][vc_column_inner width=&#8220;1\/3&#8243;][mk_fancy_title size=&#8220;23&#8243; force_font_size=&#8220;true&#8220; size_smallscreen=&#8220;23&#8243; size_tablet=&#8220;23&#8243; size_phone=&#8220;20&#8243; font_weight=&#8220;400&#8243; margin_top=&#8220;20&#8243; margin_bottom=&#8220;10&#8243; font_family=&#8220;none&#8220;]Der MEHRWERT f\u00fcr Ihren Kunden[\/mk_fancy_title][\/vc_column_inner][vc_column_inner width=&#8220;2\/3&#8243;][mk_padding_divider size=&#8220;20&#8243;][vc_column_text css=&#8220;.vc_custom_1564391505317{margin-bottom: 0px !important;}&#8220;]<strong>1. Kein Knebelvertrag \u2013 Freiheit<\/strong><br \/>\nAlles ist in einer klar formulierten Vereinbarung geregelt, ganz ohne die Verpflichtung physische Ger\u00e4te zu kaufen, die dazu verdammt sind, in etwa 5 Jahren bereits veraltet zu sein. Ihr Kunde ist frei, gegebenenfalls seine Meinung zu \u00e4ndern, denn er hat schlie\u00dflich nur eine Dienstleistung abonniert.[\/vc_column_text][vc_column_text css=&#8220;.vc_custom_1564394289588{margin-bottom: 0px !important;}&#8220;]<strong>2. Immer auf dem neuesten Stand der Technik \u2013 Brandaktuell<\/strong><br \/>\nWildix gew\u00e4hrleistet, immer die neuesten auf dem Markt verf\u00fcgbaren Produkte zur Verf\u00fcgung zu stellen. Im abgeschlossenen Dienstleistungsvertrag ist alles inkludiert.[\/vc_column_text][vc_column_text css=&#8220;.vc_custom_1564394012704{margin-bottom: 0px !important;}&#8220;]<strong>3. Vorbehaltlose Garantie \u2013 Sicherheit<\/strong><br \/>\nDie im Vertrag enthaltene Versicherungspolice deckt alles ab, was die Investition Ihres Kunden gef\u00e4hrden k\u00f6nnte. So k\u00f6nnen alle Sorgen bez\u00fcglich des HW-Equipment getrost zur Seite geschoben werden und man kann sich im Unternehmen voll und ganz darauf konzentrieren, dieses einfach nur zu nutzen.[\/vc_column_text][mk_padding_divider size=&#8220;20&#8243;][\/vc_column_inner][\/vc_row_inner][mk_padding_divider size=&#8220;20&#8243;][\/vc_column][\/vc_row]\n<\/section>","protected":false},"excerpt":{"rendered":"<p>[mk_page_section bg_image=&#8220;https:\/\/old.wildix.com\/wp-content\/uploads\/2019\/01\/wildix-warranty-back.jpg&#8220; bg_position=&#8220;center top&#8220; bg_stretch=&#8220;true&#8220; video_mask=&#8220;true&#8220; bg_gradient=&#8220;left_top&#8220; video_color_mask=&#8220;#003366&#8243; gr_end=&#8220;#90f3f2&#8243; video_opacity=&#8220;0.7&#8243; min_height=&#8220;250&#8243; full_width=&#8220;true&#8220; padding_top=&#8220;0&#8243; padding_bottom=&#8220;0&#8243; sidebar=&#8220;sidebar-1&#8243; first_page=&#8220;false&#8220; last_page=&#8220;false&#8220;][vc_column][mk_padding_divider size=&#8220;120&#8243; visibility=&#8220;hidden-sm&#8220;][mk_padding_divider size=&#8220;70&#8243; visibility=&#8220;visible-sm&#8220;][mk_fancy_title tag_name=&#8220;h1&#8243; color=&#8220;#ffffff&#8220; size=&#8220;70&#8243; force_font_size=&#8220;true&#8220; size_smallscreen=&#8220;60&#8243; size_tablet=&#8220;50&#8243; size_phone=&#8220;40&#8243; font_weight=&#8220;300&#8243; font_style=&#8220;normal&#8220; txt_transform=&#8220;none&#8220; margin_bottom=&#8220;0&#8243; font_family=&#8220;none&#8220; align=&#8220;center&#8220;]Hardware as a Service[\/mk_fancy_title][mk_padding_divider size=&#8220;50&#8243;][\/vc_column][\/mk_page_section][vc_row][vc_column][mk_padding_divider size=&#8220;50&#8243;][vc_column_text el_class=&#8220;justify&#8220; css=&#8220;.vc_custom_1564393634730{margin-bottom: 0px !important;}&#8220;] Wildix ist der erste Unified Communications Anbieter, der das Gesamtpaket aus Hardware [&hellip;]<\/p>\n","protected":false},"author":6,"featured_media":0,"parent":0,"menu_order":0,"comment_status":"closed","ping_status":"closed","template":"","meta":{"wpupg_custom_link":[],"wpupg_custom_link_behaviour":["default"],"wpupg_custom_image":[],"wpupg_custom_image_id":[],"footnotes":""},"acf":[],"yoast_head":"<!-- This site is optimized with the Yoast SEO plugin v21.8 - https:\/\/yoast.com\/wordpress\/plugins\/seo\/ -->\n<title>Hardware as a Service - Wildix Services<\/title>\n<meta name=\"description\" content=\"Dar\u00fcber hinaus k\u00f6nnen Sie dank des Wildix HWaaS-Pakets von einem Telekommunikationssystem profitieren, das in vollem Umfang durch eine Garantie abgesichert ist sowie aus Produkten auf dem neuesten Stand besteht.\" \/>\n<meta name=\"robots\" content=\"noindex, follow, max-snippet:-1, max-image-preview:large, max-video-preview:-1\" \/>\n<meta property=\"og:locale\" content=\"de_DE\" \/>\n<meta property=\"og:type\" content=\"article\" \/>\n<meta property=\"og:title\" content=\"Hardware as a Service - Wildix Services\" \/>\n<meta property=\"og:description\" content=\"Dar\u00fcber hinaus k\u00f6nnen Sie dank des Wildix HWaaS-Pakets von einem Telekommunikationssystem profitieren, das in vollem Umfang durch eine Garantie abgesichert ist sowie aus Produkten auf dem neuesten Stand besteht.\" \/>\n<meta property=\"og:url\" content=\"https:\/\/old.wildix.com\/de\/hwaas\/\" \/>\n<meta property=\"og:site_name\" content=\"Wildix\" \/>\n<meta property=\"article:modified_time\" content=\"2022-09-06T13:28:33+00:00\" \/>\n<meta name=\"twitter:card\" content=\"summary_large_image\" \/>\n<meta name=\"twitter:label1\" content=\"Gesch\u00e4tzte Lesezeit\" \/>\n\t<meta name=\"twitter:data1\" content=\"4 Minuten\" \/>\n<script type=\"application\/ld+json\" class=\"yoast-schema-graph\">{\"@context\":\"https:\/\/schema.org\",\"@graph\":[{\"@type\":\"WebPage\",\"@id\":\"https:\/\/old.wildix.com\/de\/hwaas\/\",\"url\":\"https:\/\/old.wildix.com\/de\/hwaas\/\",\"name\":\"Hardware as a Service - Wildix Services\",\"isPartOf\":{\"@id\":\"https:\/\/old.wildix.com\/#website\"},\"datePublished\":\"2019-07-18T13:40:10+00:00\",\"dateModified\":\"2022-09-06T13:28:33+00:00\",\"description\":\"Dar\u00fcber hinaus k\u00f6nnen Sie dank des Wildix HWaaS-Pakets von einem Telekommunikationssystem profitieren, das in vollem Umfang durch eine Garantie abgesichert ist sowie aus Produkten auf dem neuesten Stand besteht.\",\"breadcrumb\":{\"@id\":\"https:\/\/old.wildix.com\/de\/hwaas\/#breadcrumb\"},\"inLanguage\":\"de-DE\",\"potentialAction\":[{\"@type\":\"ReadAction\",\"target\":[\"https:\/\/old.wildix.com\/de\/hwaas\/\"]}]},{\"@type\":\"BreadcrumbList\",\"@id\":\"https:\/\/old.wildix.com\/de\/hwaas\/#breadcrumb\",\"itemListElement\":[{\"@type\":\"ListItem\",\"position\":1,\"name\":\"Home\",\"item\":\"https:\/\/old.wildix.com\/\"},{\"@type\":\"ListItem\",\"position\":2,\"name\":\"Hardware as a Service\"}]},{\"@type\":\"WebSite\",\"@id\":\"https:\/\/old.wildix.com\/#website\",\"url\":\"https:\/\/old.wildix.com\/\",\"name\":\"Wildix\",\"description\":\"Wildix PBX | VoIP Solutions | Unified Communications | WebRTC\",\"publisher\":{\"@id\":\"https:\/\/old.wildix.com\/#organization\"},\"potentialAction\":[{\"@type\":\"SearchAction\",\"target\":{\"@type\":\"EntryPoint\",\"urlTemplate\":\"https:\/\/old.wildix.com\/?s={search_term_string}\"},\"query-input\":\"required name=search_term_string\"}],\"inLanguage\":\"de-DE\"},{\"@type\":\"Organization\",\"@id\":\"https:\/\/old.wildix.com\/#organization\",\"name\":\"Wildix\",\"url\":\"https:\/\/old.wildix.com\/\",\"logo\":{\"@type\":\"ImageObject\",\"inLanguage\":\"de-DE\",\"@id\":\"https:\/\/old.wildix.com\/#\/schema\/logo\/image\/\",\"url\":\"https:\/\/old.wildix.com\/wp-content\/uploads\/2018\/04\/wildix-logo-2.png\",\"contentUrl\":\"https:\/\/old.wildix.com\/wp-content\/uploads\/2018\/04\/wildix-logo-2.png\",\"width\":440,\"height\":200,\"caption\":\"Wildix\"},\"image\":{\"@id\":\"https:\/\/old.wildix.com\/#\/schema\/logo\/image\/\"}}]}<\/script>\n<!-- \/ Yoast SEO plugin. -->","yoast_head_json":{"title":"Hardware as a Service - Wildix Services","description":"Dar\u00fcber hinaus k\u00f6nnen Sie dank des Wildix HWaaS-Pakets von einem Telekommunikationssystem profitieren, das in vollem Umfang durch eine Garantie abgesichert ist sowie aus Produkten auf dem neuesten Stand besteht.","robots":{"index":"noindex","follow":"follow","max-snippet":"max-snippet:-1","max-image-preview":"max-image-preview:large","max-video-preview":"max-video-preview:-1"},"og_locale":"de_DE","og_type":"article","og_title":"Hardware as a Service - Wildix Services","og_description":"Dar\u00fcber hinaus k\u00f6nnen Sie dank des Wildix HWaaS-Pakets von einem Telekommunikationssystem profitieren, das in vollem Umfang durch eine Garantie abgesichert ist sowie aus Produkten auf dem neuesten Stand besteht.","og_url":"https:\/\/old.wildix.com\/de\/hwaas\/","og_site_name":"Wildix","article_modified_time":"2022-09-06T13:28:33+00:00","twitter_card":"summary_large_image","twitter_misc":{"Gesch\u00e4tzte Lesezeit":"4 Minuten"},"schema":{"@context":"https:\/\/schema.org","@graph":[{"@type":"WebPage","@id":"https:\/\/old.wildix.com\/de\/hwaas\/","url":"https:\/\/old.wildix.com\/de\/hwaas\/","name":"Hardware as a Service - Wildix Services","isPartOf":{"@id":"https:\/\/old.wildix.com\/#website"},"datePublished":"2019-07-18T13:40:10+00:00","dateModified":"2022-09-06T13:28:33+00:00","description":"Dar\u00fcber hinaus k\u00f6nnen Sie dank des Wildix HWaaS-Pakets von einem Telekommunikationssystem profitieren, das in vollem Umfang durch eine Garantie abgesichert ist sowie aus Produkten auf dem neuesten Stand besteht.","breadcrumb":{"@id":"https:\/\/old.wildix.com\/de\/hwaas\/#breadcrumb"},"inLanguage":"de-DE","potentialAction":[{"@type":"ReadAction","target":["https:\/\/old.wildix.com\/de\/hwaas\/"]}]},{"@type":"BreadcrumbList","@id":"https:\/\/old.wildix.com\/de\/hwaas\/#breadcrumb","itemListElement":[{"@type":"ListItem","position":1,"name":"Home","item":"https:\/\/old.wildix.com\/"},{"@type":"ListItem","position":2,"name":"Hardware as a Service"}]},{"@type":"WebSite","@id":"https:\/\/old.wildix.com\/#website","url":"https:\/\/old.wildix.com\/","name":"Wildix","description":"Wildix PBX | VoIP Solutions | Unified Communications | WebRTC","publisher":{"@id":"https:\/\/old.wildix.com\/#organization"},"potentialAction":[{"@type":"SearchAction","target":{"@type":"EntryPoint","urlTemplate":"https:\/\/old.wildix.com\/?s={search_term_string}"},"query-input":"required name=search_term_string"}],"inLanguage":"de-DE"},{"@type":"Organization","@id":"https:\/\/old.wildix.com\/#organization","name":"Wildix","url":"https:\/\/old.wildix.com\/","logo":{"@type":"ImageObject","inLanguage":"de-DE","@id":"https:\/\/old.wildix.com\/#\/schema\/logo\/image\/","url":"https:\/\/old.wildix.com\/wp-content\/uploads\/2018\/04\/wildix-logo-2.png","contentUrl":"https:\/\/old.wildix.com\/wp-content\/uploads\/2018\/04\/wildix-logo-2.png","width":440,"height":200,"caption":"Wildix"},"image":{"@id":"https:\/\/old.wildix.com\/#\/schema\/logo\/image\/"}}]}},"_links":{"self":[{"href":"https:\/\/old.wildix.com\/de\/wp-json\/wp\/v2\/pages\/7839149"}],"collection":[{"href":"https:\/\/old.wildix.com\/de\/wp-json\/wp\/v2\/pages"}],"about":[{"href":"https:\/\/old.wildix.com\/de\/wp-json\/wp\/v2\/types\/page"}],"author":[{"embeddable":true,"href":"https:\/\/old.wildix.com\/de\/wp-json\/wp\/v2\/users\/6"}],"replies":[{"embeddable":true,"href":"https:\/\/old.wildix.com\/de\/wp-json\/wp\/v2\/comments?post=7839149"}],"version-history":[{"count":0,"href":"https:\/\/old.wildix.com\/de\/wp-json\/wp\/v2\/pages\/7839149\/revisions"}],"wp:attachment":[{"href":"https:\/\/old.wildix.com\/de\/wp-json\/wp\/v2\/media?parent=7839149"}],"curies":[{"name":"wp","href":"https:\/\/api.w.org\/{rel}","templated":true}]}}