{"id":7868446,"date":"2020-02-21T15:13:37","date_gmt":"2020-02-21T15:13:37","guid":{"rendered":"https:\/\/old2.wildix.com\/webinar\/"},"modified":"2022-05-05T11:06:09","modified_gmt":"2022-05-05T11:06:09","slug":"webinar","status":"publish","type":"page","link":"https:\/\/old.wildix.com\/de\/webinar\/","title":{"rendered":"Wildix Webinar"},"content":{"rendered":"<section class=\"wpb-content-wrapper\">[mk_page_section bg_image=&#8220;https:\/\/old.wildix.com\/wp-content\/uploads\/2021\/01\/wizywebinar-background.jpg&#8220; bg_position=&#8220;center center&#8220; bg_repeat=&#8220;no-repeat&#8220; bg_stretch=&#8220;true&#8220; bg_gradient=&#8220;left_top&#8220; video_color_mask=&#8220;#003366&#8243; gr_end=&#8220;#90f3f2&#8243; video_opacity=&#8220;0.95&#8243; full_width=&#8220;true&#8220; padding_top=&#8220;0&#8243; padding_bottom=&#8220;0&#8243; sidebar=&#8220;sidebar-1&#8243; first_page=&#8220;false&#8220; last_page=&#8220;false&#8220;][vc_column][mk_padding_divider size=&#8220;125&#8243; visibility=&#8220;hidden-sm&#8220;][mk_padding_divider visibility=&#8220;visible-sm&#8220;][mk_fancy_title tag_name=&#8220;h1&#8243; color=&#8220;#ffffff&#8220; size=&#8220;50&#8243; force_font_size=&#8220;true&#8220; size_smallscreen=&#8220;50&#8243; size_tablet=&#8220;50&#8243; size_phone=&#8220;40&#8243; font_weight=&#8220;300&#8243; font_style=&#8220;normal&#8220; txt_transform=&#8220;none&#8220; margin_bottom=&#8220;0&#8243; font_family=&#8220;none&#8220; align=&#8220;center&#8220;]Wildix Webinare[\/mk_fancy_title][mk_fancy_title tag_name=&#8220;span&#8220; color=&#8220;#ffffff&#8220; size=&#8220;24&#8243; force_font_size=&#8220;true&#8220; size_smallscreen=&#8220;22&#8243; size_tablet=&#8220;22&#8243; size_phone=&#8220;20&#8243; font_weight=&#8220;300&#8243; font_style=&#8220;normal&#8220; txt_transform=&#8220;none&#8220; margin_bottom=&#8220;0&#8243; font_family=&#8220;none&#8220; align=&#8220;center&#8220;]Wissen ist Macht![\/mk_fancy_title][mk_padding_divider size=&#8220;30&#8243; visibility=&#8220;hidden-sm&#8220;][mk_padding_divider size=&#8220;10&#8243; visibility=&#8220;visible-sm&#8220;][\/vc_column][\/mk_page_section][vc_row fullwidth=&#8220;true&#8220;][vc_column][mk_padding_divider size=&#8220;50&#8243; visibility=&#8220;hidden-sm&#8220;][\/vc_column][\/vc_row][vc_row fullwidth=&#8220;true&#8220; fullwidth_content=&#8220;false&#8220;][vc_column width=&#8220;1\/2&#8243; css=&#8220;.vc_custom_1612756301216{padding-right: 3% !important;}&#8220;][mk_padding_divider size=&#8220;41&#8243;][vc_column_text css=&#8220;.vc_custom_1636615746510{margin-bottom: 0px !important;}&#8220;]\n<p style=\"text-align: left; color: #55595c;\"><strong>Wildix glaubt fest an einen nie endenden Lernprozess zur stetigen Weiterentwicklung.<\/strong><\/p>\n<p style=\"text-align: left; color: #55595c;\">Hier finden Sie die komplette \u00dcbersicht aller Webinare, die Wildix zur Unterst\u00fctzung von Partnern in den Bereichen Tech, Vertrieb und Marketing durchgef\u00fchrt hat:<br \/>\n<a href=\"https:\/\/training.wildix.com\/\" target=\"_blank\" rel=\"noopener noreferrer\">Wildix E-Learning Plattform<\/a><\/p>\n[\/vc_column_text][mk_padding_divider size=&#8220;42&#8243;][mk_image src=&#8220;https:\/\/old.wildix.com\/wp-content\/uploads\/2020\/04\/wildix-e-learning-platform.jpg&#8220; image_size=&#8220;full&#8220; link=&#8220;https:\/\/training.wildix.com\/&#8220; align=&#8220;center&#8220; margin_bottom=&#8220;30&#8243;][mk_padding_divider size=&#8220;20&#8243; visibility=&#8220;visible-sm&#8220;][\/vc_column][vc_column width=&#8220;1\/2&#8243; css=&#8220;.vc_custom_1612338585272{padding-right: 5% !important;padding-left: 5% !important;background-color: #f7f7f7 !important;}&#8220;][mk_padding_divider][mk_fancy_title color=&#8220;#54595f&#8220; size=&#8220;24&#8243; force_font_size=&#8220;true&#8220; size_smallscreen=&#8220;25&#8243; size_tablet=&#8220;25&#8243; size_phone=&#8220;20&#8243; margin_bottom=&#8220;0&#8243; font_family=&#8220;none&#8220; align=&#8220;center&#8220;]Sind Sie an unseren n\u00e4chsten Webinaren interessiert? [\/mk_fancy_title][vc_column_text css=&#8220;.vc_custom_1614239079909{margin-bottom: 0px !important;border-bottom-width: 0px !important;padding-bottom: 0px !important;}&#8220;]\n<p style=\"color: #55595c; text-align: center;\"><strong>F\u00fcllen Sie das Anfrageformular aus und erhalten Sie alle Infos.<\/strong><\/p>\n[\/vc_column_text][contact-form-7 id=&#8220;7866903&#8243;][mk_padding_divider size=&#8220;15&#8243;][\/vc_column][\/vc_row][vc_row fullwidth=&#8220;true&#8220;][vc_column][mk_padding_divider size=&#8220;30&#8243;][\/vc_column][\/vc_row][vc_row][vc_column][mk_divider style=&#8220;thin_solid&#8220; thin_color_style=&#8220;gradient_color&#8220; thin_grandient_color_from=&#8220;#ededed&#8220; thin_grandient_color_to=&#8220;#ffffff&#8220; thin_gradient_color_style=&#8220;radial&#8220; thin_gradient_color_angle=&#8220;horizontal&#8220; visibility=&#8220;hidden-sm&#8220;][mk_padding_divider size=&#8220;20&#8243; visibility=&#8220;hidden-sm&#8220;][\/vc_column][\/vc_row][vc_row][vc_column][mk_fancy_title size=&#8220;28&#8243; force_font_size=&#8220;true&#8220; size_smallscreen=&#8220;25&#8243; size_tablet=&#8220;25&#8243; size_phone=&#8220;20&#8243; margin_top=&#8220;20&#8243; margin_bottom=&#8220;10&#8243; font_family=&#8220;none&#8220; align=&#8220;center&#8220;]Sind Sie am Webinar-Tool interessiert, um Ihren Vertrieb anzukurbeln?[\/mk_fancy_title][mk_padding_divider size=&#8220;20&#8243;][\/vc_column][\/vc_row][vc_row][vc_column width=&#8220;1\/2&#8243;][mk_image_switch src_first=&#8220;https:\/\/old.wildix.com\/wp-content\/uploads\/2020\/12\/wildix-wizyconf-the-first-professional-easy-to-use-video-conference-2.jpg&#8220; src_second=&#8220;https:\/\/old.wildix.com\/wp-content\/uploads\/2020\/10\/wildix-wizyconf-the-first-professional-easy-to-use-video-conference.jpg&#8220; hover_animation=&#8220;fading&#8220; image_width=&#8220;550&#8243; image_height=&#8220;300&#8243; margin_bottom=&#8220;0&#8243;][\/vc_column][vc_column width=&#8220;1\/2&#8243;][mk_padding_divider size=&#8220;20&#8243; visibility=&#8220;hidden-sm&#8220;][mk_image src=&#8220;https:\/\/old.wildix.com\/wp-content\/uploads\/2021\/01\/wizywebinar-logo-transparent.png&#8220; image_size=&#8220;full&#8220; align=&#8220;center&#8220;][vc_column_text css=&#8220;.vc_custom_1614239117399{margin-bottom: 0px !important;}&#8220;]\n<p style=\"color: #55595c; text-align: center;\">Entdecken Sie das erste automatisierte Filmstudio f\u00fcr Webinare von Wildix, um Ihr Business auf ein neues Level zu heben.<\/p>\n[\/vc_column_text][mk_button dimension=&#8220;outline&#8220; corner_style=&#8220;rounded&#8220; size=&#8220;large&#8220; letter_spacing=&#8220;1&#8243; url=&#8220;https:\/\/old.wildix.com\/de\/wizywebinar-platform\/&#8220; align=&#8220;center&#8220; margin_right=&#8220;&#8220; outline_skin=&#8220;custom&#8220; outline_active_color=&#8220;#dd9933&#8243; outline_active_text_color=&#8220;#dd9933&#8243; outline_hover_bg_color=&#8220;#dd9933&#8243; outline_hover_color=&#8220;#ffffff&#8220;]Entdecken Sie Wizywebinar[\/mk_button][\/vc_column][\/vc_row][vc_row][vc_column][mk_padding_divider size=&#8220;20&#8243;][mk_padding_divider][\/vc_column][\/vc_row]\n<\/section>","protected":false},"excerpt":{"rendered":"<p>[mk_page_section bg_image=&#8220;https:\/\/old.wildix.com\/wp-content\/uploads\/2021\/01\/wizywebinar-background.jpg&#8220; bg_position=&#8220;center center&#8220; bg_repeat=&#8220;no-repeat&#8220; bg_stretch=&#8220;true&#8220; bg_gradient=&#8220;left_top&#8220; video_color_mask=&#8220;#003366&#8243; gr_end=&#8220;#90f3f2&#8243; video_opacity=&#8220;0.95&#8243; full_width=&#8220;true&#8220; padding_top=&#8220;0&#8243; padding_bottom=&#8220;0&#8243; sidebar=&#8220;sidebar-1&#8243; first_page=&#8220;false&#8220; last_page=&#8220;false&#8220;][vc_column][mk_padding_divider size=&#8220;125&#8243; visibility=&#8220;hidden-sm&#8220;][mk_padding_divider visibility=&#8220;visible-sm&#8220;][mk_fancy_title tag_name=&#8220;h1&#8243; color=&#8220;#ffffff&#8220; size=&#8220;50&#8243; force_font_size=&#8220;true&#8220; size_smallscreen=&#8220;50&#8243; size_tablet=&#8220;50&#8243; size_phone=&#8220;40&#8243; font_weight=&#8220;300&#8243; font_style=&#8220;normal&#8220; txt_transform=&#8220;none&#8220; margin_bottom=&#8220;0&#8243; font_family=&#8220;none&#8220; align=&#8220;center&#8220;]Wildix Webinare[\/mk_fancy_title][mk_fancy_title tag_name=&#8220;span&#8220; color=&#8220;#ffffff&#8220; size=&#8220;24&#8243; force_font_size=&#8220;true&#8220; size_smallscreen=&#8220;22&#8243; size_tablet=&#8220;22&#8243; size_phone=&#8220;20&#8243; font_weight=&#8220;300&#8243; font_style=&#8220;normal&#8220; txt_transform=&#8220;none&#8220; margin_bottom=&#8220;0&#8243; font_family=&#8220;none&#8220; align=&#8220;center&#8220;]Wissen ist Macht![\/mk_fancy_title][mk_padding_divider size=&#8220;30&#8243; visibility=&#8220;hidden-sm&#8220;][mk_padding_divider size=&#8220;10&#8243; visibility=&#8220;visible-sm&#8220;][\/vc_column][\/mk_page_section][vc_row fullwidth=&#8220;true&#8220;][vc_column][mk_padding_divider size=&#8220;50&#8243; visibility=&#8220;hidden-sm&#8220;][\/vc_column][\/vc_row][vc_row [&hellip;]<\/p>\n","protected":false},"author":1,"featured_media":7872188,"parent":0,"menu_order":0,"comment_status":"closed","ping_status":"closed","template":"","meta":{"wpupg_custom_link":[],"wpupg_custom_link_behaviour":["default"],"wpupg_custom_image":[],"wpupg_custom_image_id":[],"footnotes":""},"acf":[],"yoast_head":"<!-- This site is optimized with the Yoast SEO plugin v21.8 - https:\/\/yoast.com\/wordpress\/plugins\/seo\/ -->\n<title>Wizywebinar Videokonferenzl\u00f6sungen | Wildix<\/title>\n<meta name=\"description\" content=\"Webinare und Videokonferenzl\u00f6sungen sind essentiell f\u00fcr Unternehmen, die ihren Kunden relevante Inhalte vermitteln m\u00f6chten. Erfahren Sie mehr \u00fcber die Tools von Wildix.\" \/>\n<meta name=\"robots\" content=\"noindex, nofollow\" \/>\n<meta property=\"og:locale\" content=\"de_DE\" \/>\n<meta property=\"og:type\" content=\"article\" \/>\n<meta property=\"og:title\" content=\"Wizywebinar Videokonferenzl\u00f6sungen | Wildix\" \/>\n<meta property=\"og:description\" content=\"Webinare und Videokonferenzl\u00f6sungen sind essentiell f\u00fcr Unternehmen, die ihren Kunden relevante Inhalte vermitteln m\u00f6chten. Erfahren Sie mehr \u00fcber die Tools von Wildix.\" \/>\n<meta property=\"og:url\" content=\"https:\/\/old.wildix.com\/de\/webinar\/\" \/>\n<meta property=\"og:site_name\" content=\"Wildix\" \/>\n<meta property=\"article:modified_time\" content=\"2022-05-05T11:06:09+00:00\" \/>\n<meta property=\"og:image\" content=\"https:\/\/old.wildix.com\/wp-content\/uploads\/2021\/04\/wildix-wizywebinar-3.jpeg\" \/>\n\t<meta property=\"og:image:width\" content=\"800\" \/>\n\t<meta property=\"og:image:height\" content=\"500\" \/>\n\t<meta property=\"og:image:type\" content=\"image\/jpeg\" \/>\n<meta name=\"twitter:card\" content=\"summary_large_image\" \/>\n<meta name=\"twitter:image\" content=\"https:\/\/old.wildix.com\/wp-content\/uploads\/2021\/04\/wildix-wizywebinar-3.jpeg\" \/>\n<meta name=\"twitter:label1\" content=\"Gesch\u00e4tzte Lesezeit\" \/>\n\t<meta name=\"twitter:data1\" content=\"2 Minuten\" \/>\n<script type=\"application\/ld+json\" class=\"yoast-schema-graph\">{\"@context\":\"https:\/\/schema.org\",\"@graph\":[{\"@type\":\"WebPage\",\"@id\":\"https:\/\/old.wildix.com\/de\/webinar\/\",\"url\":\"https:\/\/old.wildix.com\/de\/webinar\/\",\"name\":\"Wizywebinar Videokonferenzl\u00f6sungen | Wildix\",\"isPartOf\":{\"@id\":\"https:\/\/old.wildix.com\/#website\"},\"datePublished\":\"2020-02-21T15:13:37+00:00\",\"dateModified\":\"2022-05-05T11:06:09+00:00\",\"description\":\"Webinare und Videokonferenzl\u00f6sungen sind essentiell f\u00fcr Unternehmen, die ihren Kunden relevante Inhalte vermitteln m\u00f6chten. Erfahren Sie mehr \u00fcber die Tools von Wildix.\",\"breadcrumb\":{\"@id\":\"https:\/\/old.wildix.com\/de\/webinar\/#breadcrumb\"},\"inLanguage\":\"de-DE\",\"potentialAction\":[{\"@type\":\"ReadAction\",\"target\":[\"https:\/\/old.wildix.com\/de\/webinar\/\"]}]},{\"@type\":\"BreadcrumbList\",\"@id\":\"https:\/\/old.wildix.com\/de\/webinar\/#breadcrumb\",\"itemListElement\":[{\"@type\":\"ListItem\",\"position\":1,\"name\":\"Home\",\"item\":\"https:\/\/old.wildix.com\/\"},{\"@type\":\"ListItem\",\"position\":2,\"name\":\"Wildix Webinar\"}]},{\"@type\":\"WebSite\",\"@id\":\"https:\/\/old.wildix.com\/#website\",\"url\":\"https:\/\/old.wildix.com\/\",\"name\":\"Wildix\",\"description\":\"Wildix PBX | VoIP Solutions | Unified Communications | WebRTC\",\"publisher\":{\"@id\":\"https:\/\/old.wildix.com\/#organization\"},\"potentialAction\":[{\"@type\":\"SearchAction\",\"target\":{\"@type\":\"EntryPoint\",\"urlTemplate\":\"https:\/\/old.wildix.com\/?s={search_term_string}\"},\"query-input\":\"required name=search_term_string\"}],\"inLanguage\":\"de-DE\"},{\"@type\":\"Organization\",\"@id\":\"https:\/\/old.wildix.com\/#organization\",\"name\":\"Wildix\",\"url\":\"https:\/\/old.wildix.com\/\",\"logo\":{\"@type\":\"ImageObject\",\"inLanguage\":\"de-DE\",\"@id\":\"https:\/\/old.wildix.com\/#\/schema\/logo\/image\/\",\"url\":\"https:\/\/old.wildix.com\/wp-content\/uploads\/2018\/04\/wildix-logo-2.png\",\"contentUrl\":\"https:\/\/old.wildix.com\/wp-content\/uploads\/2018\/04\/wildix-logo-2.png\",\"width\":440,\"height\":200,\"caption\":\"Wildix\"},\"image\":{\"@id\":\"https:\/\/old.wildix.com\/#\/schema\/logo\/image\/\"}}]}<\/script>\n<!-- \/ Yoast SEO plugin. -->","yoast_head_json":{"title":"Wizywebinar Videokonferenzl\u00f6sungen | Wildix","description":"Webinare und Videokonferenzl\u00f6sungen sind essentiell f\u00fcr Unternehmen, die ihren Kunden relevante Inhalte vermitteln m\u00f6chten. Erfahren Sie mehr \u00fcber die Tools von Wildix.","robots":{"index":"noindex","follow":"nofollow"},"og_locale":"de_DE","og_type":"article","og_title":"Wizywebinar Videokonferenzl\u00f6sungen | Wildix","og_description":"Webinare und Videokonferenzl\u00f6sungen sind essentiell f\u00fcr Unternehmen, die ihren Kunden relevante Inhalte vermitteln m\u00f6chten. Erfahren Sie mehr \u00fcber die Tools von Wildix.","og_url":"https:\/\/old.wildix.com\/de\/webinar\/","og_site_name":"Wildix","article_modified_time":"2022-05-05T11:06:09+00:00","og_image":[{"width":800,"height":500,"url":"https:\/\/old.wildix.com\/wp-content\/uploads\/2021\/04\/wildix-wizywebinar-3.jpeg","type":"image\/jpeg"}],"twitter_card":"summary_large_image","twitter_image":"https:\/\/old.wildix.com\/wp-content\/uploads\/2021\/04\/wildix-wizywebinar-3.jpeg","twitter_misc":{"Gesch\u00e4tzte Lesezeit":"2 Minuten"},"schema":{"@context":"https:\/\/schema.org","@graph":[{"@type":"WebPage","@id":"https:\/\/old.wildix.com\/de\/webinar\/","url":"https:\/\/old.wildix.com\/de\/webinar\/","name":"Wizywebinar Videokonferenzl\u00f6sungen | Wildix","isPartOf":{"@id":"https:\/\/old.wildix.com\/#website"},"datePublished":"2020-02-21T15:13:37+00:00","dateModified":"2022-05-05T11:06:09+00:00","description":"Webinare und Videokonferenzl\u00f6sungen sind essentiell f\u00fcr Unternehmen, die ihren Kunden relevante Inhalte vermitteln m\u00f6chten. Erfahren Sie mehr \u00fcber die Tools von Wildix.","breadcrumb":{"@id":"https:\/\/old.wildix.com\/de\/webinar\/#breadcrumb"},"inLanguage":"de-DE","potentialAction":[{"@type":"ReadAction","target":["https:\/\/old.wildix.com\/de\/webinar\/"]}]},{"@type":"BreadcrumbList","@id":"https:\/\/old.wildix.com\/de\/webinar\/#breadcrumb","itemListElement":[{"@type":"ListItem","position":1,"name":"Home","item":"https:\/\/old.wildix.com\/"},{"@type":"ListItem","position":2,"name":"Wildix Webinar"}]},{"@type":"WebSite","@id":"https:\/\/old.wildix.com\/#website","url":"https:\/\/old.wildix.com\/","name":"Wildix","description":"Wildix PBX | VoIP Solutions | Unified Communications | WebRTC","publisher":{"@id":"https:\/\/old.wildix.com\/#organization"},"potentialAction":[{"@type":"SearchAction","target":{"@type":"EntryPoint","urlTemplate":"https:\/\/old.wildix.com\/?s={search_term_string}"},"query-input":"required name=search_term_string"}],"inLanguage":"de-DE"},{"@type":"Organization","@id":"https:\/\/old.wildix.com\/#organization","name":"Wildix","url":"https:\/\/old.wildix.com\/","logo":{"@type":"ImageObject","inLanguage":"de-DE","@id":"https:\/\/old.wildix.com\/#\/schema\/logo\/image\/","url":"https:\/\/old.wildix.com\/wp-content\/uploads\/2018\/04\/wildix-logo-2.png","contentUrl":"https:\/\/old.wildix.com\/wp-content\/uploads\/2018\/04\/wildix-logo-2.png","width":440,"height":200,"caption":"Wildix"},"image":{"@id":"https:\/\/old.wildix.com\/#\/schema\/logo\/image\/"}}]}},"_links":{"self":[{"href":"https:\/\/old.wildix.com\/de\/wp-json\/wp\/v2\/pages\/7868446"}],"collection":[{"href":"https:\/\/old.wildix.com\/de\/wp-json\/wp\/v2\/pages"}],"about":[{"href":"https:\/\/old.wildix.com\/de\/wp-json\/wp\/v2\/types\/page"}],"author":[{"embeddable":true,"href":"https:\/\/old.wildix.com\/de\/wp-json\/wp\/v2\/users\/1"}],"replies":[{"embeddable":true,"href":"https:\/\/old.wildix.com\/de\/wp-json\/wp\/v2\/comments?post=7868446"}],"version-history":[{"count":0,"href":"https:\/\/old.wildix.com\/de\/wp-json\/wp\/v2\/pages\/7868446\/revisions"}],"wp:featuredmedia":[{"embeddable":true,"href":"https:\/\/old.wildix.com\/de\/wp-json\/wp\/v2\/media\/7872188"}],"wp:attachment":[{"href":"https:\/\/old.wildix.com\/de\/wp-json\/wp\/v2\/media?parent=7868446"}],"curies":[{"name":"wp","href":"https:\/\/api.w.org\/{rel}","templated":true}]}}