{"id":7901229,"date":"2022-04-05T10:08:32","date_gmt":"2022-04-05T10:08:32","guid":{"rendered":"https:\/\/old2.wildix.com\/?page_id=7901229"},"modified":"2022-04-05T21:35:38","modified_gmt":"2022-04-05T21:35:38","slug":"huddle-meeting-feedback","status":"publish","type":"page","link":"https:\/\/old.wildix.com\/de\/huddle-meeting-feedback\/","title":{"rendered":"Huddle Meeting Feedback"},"content":{"rendered":"\t\t<div data-elementor-type=\"wp-page\" data-elementor-id=\"7901229\" class=\"elementor elementor-7901229 elementor-7900963\">\n\t\t\t\t\t\t\t\t\t<section data-particle_enable=\"false\" data-particle-mobile-disabled=\"false\" class=\"elementor-section elementor-top-section elementor-element elementor-element-aca5a45 elementor-section-boxed elementor-section-height-default elementor-section-height-default\" data-id=\"aca5a45\" data-element_type=\"section\" data-settings=\"{&quot;background_background&quot;:&quot;classic&quot;}\">\n\t\t\t\t\t\t<div class=\"elementor-container elementor-column-gap-default\">\n\t\t\t\t\t<div class=\"elementor-column elementor-col-100 elementor-top-column elementor-element elementor-element-627782cc\" data-id=\"627782cc\" data-element_type=\"column\">\n\t\t\t<div class=\"elementor-widget-wrap elementor-element-populated\">\n\t\t\t\t\t\t\t\t<div class=\"elementor-element elementor-element-512fc60f elementor-widget elementor-widget-image\" data-id=\"512fc60f\" data-element_type=\"widget\" data-widget_type=\"image.default\">\n\t\t\t\t<div class=\"elementor-widget-container\">\n\t\t\t\t\t\t\t\t\t\t\t\t\t\t\t<img decoding=\"async\" src=\"https:\/\/old.wildix.com\/wp-content\/uploads\/2022\/03\/logo-wildix-white-1-180x50.png\" title=\"logo-wildix-white-1\" alt=\"logo-wildix-white-1\" loading=\"lazy\" \/>\t\t\t\t\t\t\t\t\t\t\t\t\t\t\t<\/div>\n\t\t\t\t<\/div>\n\t\t\t\t\t<\/div>\n\t\t<\/div>\n\t\t\t\t\t\t\t<\/div>\n\t\t<\/section>\n\t\t\t\t<section data-particle_enable=\"false\" data-particle-mobile-disabled=\"false\" class=\"elementor-section elementor-top-section elementor-element elementor-element-7e47f325 elementor-section-boxed elementor-section-height-default elementor-section-height-default\" data-id=\"7e47f325\" data-element_type=\"section\" data-settings=\"{&quot;background_background&quot;:&quot;classic&quot;}\">\n\t\t\t\t\t\t\t<div class=\"elementor-background-overlay\"><\/div>\n\t\t\t\t\t\t\t<div class=\"elementor-container elementor-column-gap-default\">\n\t\t\t\t\t<div class=\"elementor-column elementor-col-100 elementor-top-column elementor-element elementor-element-64ee0dc0\" data-id=\"64ee0dc0\" data-element_type=\"column\">\n\t\t\t<div class=\"elementor-widget-wrap elementor-element-populated\">\n\t\t\t\t\t\t\t\t<div class=\"elementor-element elementor-element-236dd539 elementor-widget elementor-widget-spacer\" data-id=\"236dd539\" data-element_type=\"widget\" data-widget_type=\"spacer.default\">\n\t\t\t\t<div class=\"elementor-widget-container\">\n\t\t\t\t\t<div class=\"elementor-spacer\">\n\t\t\t<div class=\"elementor-spacer-inner\"><\/div>\n\t\t<\/div>\n\t\t\t\t<\/div>\n\t\t\t\t<\/div>\n\t\t\t\t<div class=\"elementor-element elementor-element-1039ada elementor-widget elementor-widget-heading\" data-id=\"1039ada\" data-element_type=\"widget\" data-widget_type=\"heading.default\">\n\t\t\t\t<div class=\"elementor-widget-container\">\n\t\t\t<h2 class=\"elementor-heading-title elementor-size-default\">Feedback zum Partner Huddle Meeting<\/h2>\t\t<\/div>\n\t\t\t\t<\/div>\n\t\t\t\t<div class=\"elementor-element elementor-element-ba6a191 elementor-widget elementor-widget-heading\" data-id=\"ba6a191\" data-element_type=\"widget\" data-widget_type=\"heading.default\">\n\t\t\t\t<div class=\"elementor-widget-container\">\n\t\t\t<h3 class=\"elementor-heading-title elementor-size-default\">Wir freuen uns, dass Sie am Partner Huddle Meeting teilgenommen haben! <\/br>\nBitte senden Sie uns \u00fcber dieses Formular Ihre Einsch\u00e4tzungen und Anregungen zu,<\/br>\ndamit wir diese bei k\u00fcnftigen Events ber\u00fccksichtigen k\u00f6nnen.<\/h3>\t\t<\/div>\n\t\t\t\t<\/div>\n\t\t\t\t\t<\/div>\n\t\t<\/div>\n\t\t\t\t\t\t\t<\/div>\n\t\t<\/section>\n\t\t\t\t<section data-particle_enable=\"false\" data-particle-mobile-disabled=\"false\" class=\"elementor-section elementor-top-section elementor-element elementor-element-7a935166 elementor-section-boxed elementor-section-height-default elementor-section-height-default\" data-id=\"7a935166\" data-element_type=\"section\">\n\t\t\t\t\t\t<div class=\"elementor-container elementor-column-gap-default\">\n\t\t\t\t\t<div class=\"elementor-column elementor-col-100 elementor-top-column elementor-element elementor-element-2b994032\" data-id=\"2b994032\" data-element_type=\"column\">\n\t\t\t<div class=\"elementor-widget-wrap elementor-element-populated\">\n\t\t\t\t\t\t\t\t<div class=\"elementor-element elementor-element-49c35bbf elementor-widget elementor-widget-eael-divider\" data-id=\"49c35bbf\" data-element_type=\"widget\" data-widget_type=\"eael-divider.default\">\n\t\t\t\t<div class=\"elementor-widget-container\">\n\t\t\t\t\t<div class=\"eael-divider-wrap divider-direction-horizontal\">\n\t\t\t\t\t\t\t<div class=\"eael-divider horizontal solid\"><\/div>\n\t\t\t\t\t<\/div>\n\t\t<\/div>\n\t\t\t\t<\/div>\n\t\t\t\t<div class=\"elementor-element elementor-element-7f6b3d81 elementor-widget elementor-widget-eael-divider\" data-id=\"7f6b3d81\" data-element_type=\"widget\" data-widget_type=\"eael-divider.default\">\n\t\t\t\t<div class=\"elementor-widget-container\">\n\t\t\t\t\t<div class=\"eael-divider-wrap divider-direction-horizontal\">\n\t\t\t\t\t\t\t<div class=\"eael-divider horizontal solid\"><\/div>\n\t\t\t\t\t<\/div>\n\t\t<\/div>\n\t\t\t\t<\/div>\n\t\t\t\t\t<\/div>\n\t\t<\/div>\n\t\t\t\t\t\t\t<\/div>\n\t\t<\/section>\n\t\t\t\t<section data-particle_enable=\"false\" data-particle-mobile-disabled=\"false\" class=\"elementor-section elementor-top-section elementor-element elementor-element-6ae62024 elementor-section-boxed elementor-section-height-default elementor-section-height-default\" data-id=\"6ae62024\" data-element_type=\"section\">\n\t\t\t\t\t\t<div class=\"elementor-container elementor-column-gap-default\">\n\t\t\t\t\t<div class=\"elementor-column elementor-col-16 elementor-top-column elementor-element elementor-element-9a6b0a9\" data-id=\"9a6b0a9\" data-element_type=\"column\">\n\t\t\t<div class=\"elementor-widget-wrap\">\n\t\t\t\t\t\t\t\t\t<\/div>\n\t\t<\/div>\n\t\t\t\t<div class=\"elementor-column elementor-col-66 elementor-top-column elementor-element elementor-element-82dd893\" data-id=\"82dd893\" data-element_type=\"column\">\n\t\t\t<div class=\"elementor-widget-wrap elementor-element-populated\">\n\t\t\t\t\t\t\t\t<div class=\"elementor-element elementor-element-241025c3 elementor-widget elementor-widget-html\" data-id=\"241025c3\" data-element_type=\"widget\" data-widget_type=\"html.default\">\n\t\t\t\t<div class=\"elementor-widget-container\">\n\t\t\t<!-- begin usabilla embed code -->\n<script>\/*{literal}<![CDATA[*\/window.usabilla||function(){var a=window,d=a.document,c={},f=d.createElement(\"div\"),h=!1,a=a.usabilla=function(){(c.a=c.a||[]).push(arguments)};a._=c;c.ids={};f.style.display=\"none\";(function(){if(!d.body)return setTimeout(arguments.callee,100);d.body.insertBefore(f,d.body.firstChild).id=\"usabilla\";h=!0})();a.load=function(a,g,k){if(!c.ids[g]){var e=c.ids={};e.url=\"\/\/\"+a+\"\/\"+g+\".js?s1\";e.config=k;setTimeout(function(){if(!h)return setTimeout(arguments.callee,100);var b=d.createElement(\"iframe\"),a;b.id=\"usabilla-\"+g;\/MSIE[ ]+6\/.test(navigator.userAgent)&&(b.src=\"javascript:false\");f.appendChild(b);try{b.contentWindow.document.open()}catch(c){e.domain=d.domain,a=\"javascript:var d=document.open();d.domain='\"+e.domain+\"';\",b.src=a+\"void(0);\"}try{var l=b.contentWindow.document;l.write([\"<!DOCTYPE html><html><head><\/head><body onload=\\\"var d = document;d.getElementsByTagName('head')[0].appendChild(d.createElement('script')).src='\",e.url,\"'\\\"><\/body><\/html>\"].join(\"\"));l.close()}catch(m){b.src=a+'d.write(\"'+loaderHtml().replace(\/\"\/g,String.fromCharCode(92)+'\"')+'\");d.close();'}b.contentWindow.config=k;b.contentWindow.SCRIPT_ID=g},0)}}}();\nwindow.usabilla.load(\"w.usabilla.com\", \"77f4ee1f20e0\");\n\/*]]>{\/literal}*\/<\/script>\n<!-- end usabilla embed code -->\n<div ub-in-page=\"62472be83e1fdb215b0e0746\"><\/div>\n\t\t<\/div>\n\t\t\t\t<\/div>\n\t\t\t\t\t<\/div>\n\t\t<\/div>\n\t\t\t\t<div class=\"elementor-column elementor-col-16 elementor-top-column elementor-element elementor-element-7d3c4a4c\" data-id=\"7d3c4a4c\" data-element_type=\"column\">\n\t\t\t<div class=\"elementor-widget-wrap\">\n\t\t\t\t\t\t\t\t\t<\/div>\n\t\t<\/div>\n\t\t\t\t\t\t\t<\/div>\n\t\t<\/section>\n\t\t\t\t<section data-particle_enable=\"false\" data-particle-mobile-disabled=\"false\" class=\"elementor-section elementor-top-section elementor-element elementor-element-4d38fac3 elementor-section-boxed elementor-section-height-default elementor-section-height-default\" data-id=\"4d38fac3\" data-element_type=\"section\">\n\t\t\t\t\t\t<div class=\"elementor-container elementor-column-gap-default\">\n\t\t\t\t\t<div class=\"elementor-column elementor-col-100 elementor-top-column elementor-element elementor-element-33431575\" data-id=\"33431575\" data-element_type=\"column\">\n\t\t\t<div class=\"elementor-widget-wrap elementor-element-populated\">\n\t\t\t\t\t\t\t\t<div class=\"elementor-element elementor-element-398e9184 elementor-widget elementor-widget-spacer\" data-id=\"398e9184\" data-element_type=\"widget\" data-widget_type=\"spacer.default\">\n\t\t\t\t<div class=\"elementor-widget-container\">\n\t\t\t\t\t<div class=\"elementor-spacer\">\n\t\t\t<div class=\"elementor-spacer-inner\"><\/div>\n\t\t<\/div>\n\t\t\t\t<\/div>\n\t\t\t\t<\/div>\n\t\t\t\t\t<\/div>\n\t\t<\/div>\n\t\t\t\t\t\t\t<\/div>\n\t\t<\/section>\n\t\t\t\t\t\t\t<\/div>\n\t\t","protected":false},"excerpt":{"rendered":"<p>Feedback zum Partner Huddle Meeting Wir freuen uns, dass Sie am Partner Huddle Meeting teilgenommen haben! Bitte senden Sie uns \u00fcber dieses Formular Ihre Einsch\u00e4tzungen und Anregungen zu, damit wir diese bei k\u00fcnftigen Events ber\u00fccksichtigen k\u00f6nnen.<\/p>\n","protected":false},"author":1,"featured_media":0,"parent":0,"menu_order":0,"comment_status":"closed","ping_status":"closed","template":"elementor_header_footer","meta":{"wpupg_custom_link":[],"wpupg_custom_link_behaviour":["default"],"wpupg_custom_image":[],"wpupg_custom_image_id":[],"footnotes":""},"acf":[],"yoast_head":"<!-- This site is optimized with the Yoast SEO plugin v21.8 - https:\/\/yoast.com\/wordpress\/plugins\/seo\/ -->\n<title>Huddle Meeting Feedback &#8226; Wildix<\/title>\n<meta name=\"robots\" content=\"noindex, nofollow\" \/>\n<meta property=\"og:locale\" content=\"de_DE\" \/>\n<meta property=\"og:type\" content=\"article\" \/>\n<meta property=\"og:title\" content=\"Huddle Meeting Feedback &#8226; Wildix\" \/>\n<meta property=\"og:description\" content=\"Feedback zum Partner Huddle Meeting Wir freuen uns, dass Sie am Partner Huddle Meeting teilgenommen haben! Bitte senden Sie uns \u00fcber dieses Formular Ihre Einsch\u00e4tzungen und Anregungen zu, damit wir diese bei k\u00fcnftigen Events ber\u00fccksichtigen k\u00f6nnen.\" \/>\n<meta property=\"og:url\" content=\"https:\/\/old.wildix.com\/de\/huddle-meeting-feedback\/\" \/>\n<meta property=\"og:site_name\" content=\"Wildix\" \/>\n<meta property=\"article:modified_time\" content=\"2022-04-05T21:35:38+00:00\" \/>\n<meta property=\"og:image\" content=\"https:\/\/old.wildix.com\/wp-content\/uploads\/elementor\/thumbs\/logo-wildix-white-1-pmmpjl3gqvhkah2s9hdu9xkwcnab4h50uqvuvq9his.png\" \/>\n<meta name=\"twitter:card\" content=\"summary_large_image\" \/>\n<meta name=\"twitter:label1\" content=\"Gesch\u00e4tzte Lesezeit\" \/>\n\t<meta name=\"twitter:data1\" content=\"1 Minute\" \/>\n<script type=\"application\/ld+json\" class=\"yoast-schema-graph\">{\"@context\":\"https:\/\/schema.org\",\"@graph\":[{\"@type\":\"WebPage\",\"@id\":\"https:\/\/old.wildix.com\/de\/huddle-meeting-feedback\/\",\"url\":\"https:\/\/old.wildix.com\/de\/huddle-meeting-feedback\/\",\"name\":\"Huddle Meeting Feedback &#8226; Wildix\",\"isPartOf\":{\"@id\":\"https:\/\/old.wildix.com\/#website\"},\"datePublished\":\"2022-04-05T10:08:32+00:00\",\"dateModified\":\"2022-04-05T21:35:38+00:00\",\"breadcrumb\":{\"@id\":\"https:\/\/old.wildix.com\/de\/huddle-meeting-feedback\/#breadcrumb\"},\"inLanguage\":\"de-DE\",\"potentialAction\":[{\"@type\":\"ReadAction\",\"target\":[\"https:\/\/old.wildix.com\/de\/huddle-meeting-feedback\/\"]}]},{\"@type\":\"BreadcrumbList\",\"@id\":\"https:\/\/old.wildix.com\/de\/huddle-meeting-feedback\/#breadcrumb\",\"itemListElement\":[{\"@type\":\"ListItem\",\"position\":1,\"name\":\"Home\",\"item\":\"https:\/\/old.wildix.com\/\"},{\"@type\":\"ListItem\",\"position\":2,\"name\":\"Huddle Meeting Feedback\"}]},{\"@type\":\"WebSite\",\"@id\":\"https:\/\/old.wildix.com\/#website\",\"url\":\"https:\/\/old.wildix.com\/\",\"name\":\"Wildix\",\"description\":\"Wildix PBX | VoIP Solutions | Unified Communications | WebRTC\",\"publisher\":{\"@id\":\"https:\/\/old.wildix.com\/#organization\"},\"potentialAction\":[{\"@type\":\"SearchAction\",\"target\":{\"@type\":\"EntryPoint\",\"urlTemplate\":\"https:\/\/old.wildix.com\/?s={search_term_string}\"},\"query-input\":\"required name=search_term_string\"}],\"inLanguage\":\"de-DE\"},{\"@type\":\"Organization\",\"@id\":\"https:\/\/old.wildix.com\/#organization\",\"name\":\"Wildix\",\"url\":\"https:\/\/old.wildix.com\/\",\"logo\":{\"@type\":\"ImageObject\",\"inLanguage\":\"de-DE\",\"@id\":\"https:\/\/old.wildix.com\/#\/schema\/logo\/image\/\",\"url\":\"https:\/\/old.wildix.com\/wp-content\/uploads\/2018\/04\/wildix-logo-2.png\",\"contentUrl\":\"https:\/\/old.wildix.com\/wp-content\/uploads\/2018\/04\/wildix-logo-2.png\",\"width\":440,\"height\":200,\"caption\":\"Wildix\"},\"image\":{\"@id\":\"https:\/\/old.wildix.com\/#\/schema\/logo\/image\/\"}}]}<\/script>\n<!-- \/ Yoast SEO plugin. -->","yoast_head_json":{"title":"Huddle Meeting Feedback &#8226; Wildix","robots":{"index":"noindex","follow":"nofollow"},"og_locale":"de_DE","og_type":"article","og_title":"Huddle Meeting Feedback &#8226; Wildix","og_description":"Feedback zum Partner Huddle Meeting Wir freuen uns, dass Sie am Partner Huddle Meeting teilgenommen haben! Bitte senden Sie uns \u00fcber dieses Formular Ihre Einsch\u00e4tzungen und Anregungen zu, damit wir diese bei k\u00fcnftigen Events ber\u00fccksichtigen k\u00f6nnen.","og_url":"https:\/\/old.wildix.com\/de\/huddle-meeting-feedback\/","og_site_name":"Wildix","article_modified_time":"2022-04-05T21:35:38+00:00","og_image":[{"url":"https:\/\/old.wildix.com\/wp-content\/uploads\/elementor\/thumbs\/logo-wildix-white-1-pmmpjl3gqvhkah2s9hdu9xkwcnab4h50uqvuvq9his.png"}],"twitter_card":"summary_large_image","twitter_misc":{"Gesch\u00e4tzte Lesezeit":"1 Minute"},"schema":{"@context":"https:\/\/schema.org","@graph":[{"@type":"WebPage","@id":"https:\/\/old.wildix.com\/de\/huddle-meeting-feedback\/","url":"https:\/\/old.wildix.com\/de\/huddle-meeting-feedback\/","name":"Huddle Meeting Feedback &#8226; Wildix","isPartOf":{"@id":"https:\/\/old.wildix.com\/#website"},"datePublished":"2022-04-05T10:08:32+00:00","dateModified":"2022-04-05T21:35:38+00:00","breadcrumb":{"@id":"https:\/\/old.wildix.com\/de\/huddle-meeting-feedback\/#breadcrumb"},"inLanguage":"de-DE","potentialAction":[{"@type":"ReadAction","target":["https:\/\/old.wildix.com\/de\/huddle-meeting-feedback\/"]}]},{"@type":"BreadcrumbList","@id":"https:\/\/old.wildix.com\/de\/huddle-meeting-feedback\/#breadcrumb","itemListElement":[{"@type":"ListItem","position":1,"name":"Home","item":"https:\/\/old.wildix.com\/"},{"@type":"ListItem","position":2,"name":"Huddle Meeting Feedback"}]},{"@type":"WebSite","@id":"https:\/\/old.wildix.com\/#website","url":"https:\/\/old.wildix.com\/","name":"Wildix","description":"Wildix PBX | VoIP Solutions | Unified Communications | WebRTC","publisher":{"@id":"https:\/\/old.wildix.com\/#organization"},"potentialAction":[{"@type":"SearchAction","target":{"@type":"EntryPoint","urlTemplate":"https:\/\/old.wildix.com\/?s={search_term_string}"},"query-input":"required name=search_term_string"}],"inLanguage":"de-DE"},{"@type":"Organization","@id":"https:\/\/old.wildix.com\/#organization","name":"Wildix","url":"https:\/\/old.wildix.com\/","logo":{"@type":"ImageObject","inLanguage":"de-DE","@id":"https:\/\/old.wildix.com\/#\/schema\/logo\/image\/","url":"https:\/\/old.wildix.com\/wp-content\/uploads\/2018\/04\/wildix-logo-2.png","contentUrl":"https:\/\/old.wildix.com\/wp-content\/uploads\/2018\/04\/wildix-logo-2.png","width":440,"height":200,"caption":"Wildix"},"image":{"@id":"https:\/\/old.wildix.com\/#\/schema\/logo\/image\/"}}]}},"_links":{"self":[{"href":"https:\/\/old.wildix.com\/de\/wp-json\/wp\/v2\/pages\/7901229"}],"collection":[{"href":"https:\/\/old.wildix.com\/de\/wp-json\/wp\/v2\/pages"}],"about":[{"href":"https:\/\/old.wildix.com\/de\/wp-json\/wp\/v2\/types\/page"}],"author":[{"embeddable":true,"href":"https:\/\/old.wildix.com\/de\/wp-json\/wp\/v2\/users\/1"}],"replies":[{"embeddable":true,"href":"https:\/\/old.wildix.com\/de\/wp-json\/wp\/v2\/comments?post=7901229"}],"version-history":[{"count":0,"href":"https:\/\/old.wildix.com\/de\/wp-json\/wp\/v2\/pages\/7901229\/revisions"}],"wp:attachment":[{"href":"https:\/\/old.wildix.com\/de\/wp-json\/wp\/v2\/media?parent=7901229"}],"curies":[{"name":"wp","href":"https:\/\/api.w.org\/{rel}","templated":true}]}}