{"id":7917513,"date":"2022-04-18T11:41:30","date_gmt":"2022-04-18T11:41:30","guid":{"rendered":"https:\/\/old2.wildix.com\/wildix-values\/"},"modified":"2022-06-24T11:58:24","modified_gmt":"2022-06-24T11:58:24","slug":"werte-von-wildix","status":"publish","type":"page","link":"https:\/\/old.wildix.com\/de\/werte-von-wildix\/","title":{"rendered":"Werte von Wildix"},"content":{"rendered":"\t\t<div data-elementor-type=\"wp-page\" data-elementor-id=\"7917513\" class=\"elementor elementor-7917513 elementor-7905337\">\n\t\t\t\t\t\t\t\t\t<section data-particle_enable=\"false\" data-particle-mobile-disabled=\"false\" class=\"elementor-section elementor-top-section elementor-element elementor-element-95a7eb7 elementor-section-boxed elementor-section-height-default elementor-section-height-default\" data-id=\"95a7eb7\" data-element_type=\"section\" data-settings=\"{&quot;background_background&quot;:&quot;classic&quot;,&quot;shape_divider_bottom&quot;:&quot;waves&quot;,&quot;shape_divider_bottom_negative&quot;:&quot;yes&quot;}\">\n\t\t\t\t\t\t\t<div class=\"elementor-background-overlay\"><\/div>\n\t\t\t\t\t\t<div class=\"elementor-shape elementor-shape-bottom\" data-negative=\"true\">\n\t\t\t<svg xmlns=\"http:\/\/www.w3.org\/2000\/svg\" viewBox=\"0 0 1000 100\" preserveAspectRatio=\"none\">\n\t<path class=\"elementor-shape-fill\" d=\"M790.5,93.1c-59.3-5.3-116.8-18-192.6-50c-29.6-12.7-76.9-31-100.5-35.9c-23.6-4.9-52.6-7.8-75.5-5.3\n\tc-10.2,1.1-22.6,1.4-50.1,7.4c-27.2,6.3-58.2,16.6-79.4,24.7c-41.3,15.9-94.9,21.9-134,22.6C72,58.2,0,25.8,0,25.8V100h1000V65.3\n\tc0,0-51.5,19.4-106.2,25.7C839.5,97,814.1,95.2,790.5,93.1z\"\/>\n<\/svg>\t\t<\/div>\n\t\t\t\t\t<div class=\"elementor-container elementor-column-gap-default\">\n\t\t\t\t\t<div class=\"elementor-column elementor-col-100 elementor-top-column elementor-element elementor-element-4f8239e\" data-id=\"4f8239e\" data-element_type=\"column\">\n\t\t\t<div class=\"elementor-widget-wrap elementor-element-populated\">\n\t\t\t\t\t\t\t\t<div class=\"elementor-element elementor-element-d48b2c1 elementor-widget elementor-widget-text-editor\" data-id=\"d48b2c1\" data-element_type=\"widget\" data-widget_type=\"text-editor.default\">\n\t\t\t\t<div class=\"elementor-widget-container\">\n\t\t\t\t\t\t\tWerte von Wildix\t\t\t\t\t\t<\/div>\n\t\t\t\t<\/div>\n\t\t\t\t\t<\/div>\n\t\t<\/div>\n\t\t\t\t\t\t\t<\/div>\n\t\t<\/section>\n\t\t\t\t<section data-particle_enable=\"false\" data-particle-mobile-disabled=\"false\" class=\"elementor-section elementor-top-section elementor-element elementor-element-b3995cf elementor-section-boxed elementor-section-height-default elementor-section-height-default\" data-id=\"b3995cf\" data-element_type=\"section\">\n\t\t\t\t\t\t<div class=\"elementor-container elementor-column-gap-default\">\n\t\t\t\t\t<div class=\"elementor-column elementor-col-50 elementor-top-column elementor-element elementor-element-f6bd938\" data-id=\"f6bd938\" data-element_type=\"column\">\n\t\t\t<div class=\"elementor-widget-wrap elementor-element-populated\">\n\t\t\t\t\t\t\t\t<div class=\"elementor-element elementor-element-278dd15 elementor-widget elementor-widget-text-editor\" data-id=\"278dd15\" data-element_type=\"widget\" data-widget_type=\"text-editor.default\">\n\t\t\t\t<div class=\"elementor-widget-container\">\n\t\t\t\t\t\t\tBei Wildix dreht sich alles um Kommunikation. Wir entwickeln M\u00f6glichkeiten, die interne und externe Unternehmenskommunikation auf ein neues Level zu heben, sind gleichzeitig aber darauf bedacht, der Kommunikation von Mensch zu Mensch gerecht zu werden.\n<\/br><\/br>\n\nWir suchen innovative M\u00f6glichkeiten der Kommunikation und verfolgen gro\u00dfe Visionen. Dabei verlieren wir niemals die Menschen aus dem Auge, die f\u00fcr uns arbeiten. Kommunikation ist nur dann gut, wenn Sie effektiv, empathisch, respektvoll und n\u00fctzlich ist \u2013 nur diese Art von Kommunikation ist wirklich sinnvoll.\n\t\t\t\t\t\t<\/div>\n\t\t\t\t<\/div>\n\t\t\t\t\t<\/div>\n\t\t<\/div>\n\t\t\t\t<div class=\"elementor-column elementor-col-50 elementor-top-column elementor-element elementor-element-9e61fbb\" data-id=\"9e61fbb\" data-element_type=\"column\">\n\t\t\t<div class=\"elementor-widget-wrap elementor-element-populated\">\n\t\t\t\t\t\t\t\t<div class=\"elementor-element elementor-element-3aafcdc elementor-widget elementor-widget-image\" data-id=\"3aafcdc\" data-element_type=\"widget\" data-widget_type=\"image.default\">\n\t\t\t\t<div class=\"elementor-widget-container\">\n\t\t\t\t\t\t\t\t\t\t\t\t\t\t\t<img decoding=\"async\" src=\"https:\/\/old.wildix.com\/wp-content\/uploads\/2022\/04\/wildix-team-4.jpeg\" title=\"Wildix team\" alt=\"wildix team\" loading=\"lazy\" \/>\t\t\t\t\t\t\t\t\t\t\t\t\t\t\t<\/div>\n\t\t\t\t<\/div>\n\t\t\t\t\t<\/div>\n\t\t<\/div>\n\t\t\t\t\t\t\t<\/div>\n\t\t<\/section>\n\t\t\t\t<section data-particle_enable=\"false\" data-particle-mobile-disabled=\"false\" class=\"elementor-section elementor-top-section elementor-element elementor-element-0633abb elementor-reverse-mobile elementor-section-boxed elementor-section-height-default elementor-section-height-default\" data-id=\"0633abb\" data-element_type=\"section\">\n\t\t\t\t\t\t<div class=\"elementor-container elementor-column-gap-default\">\n\t\t\t\t\t<div class=\"elementor-column elementor-col-50 elementor-top-column elementor-element elementor-element-797a635\" data-id=\"797a635\" data-element_type=\"column\">\n\t\t\t<div class=\"elementor-widget-wrap elementor-element-populated\">\n\t\t\t\t\t\t\t\t<div class=\"elementor-element elementor-element-e2d46f9 elementor-widget elementor-widget-image\" data-id=\"e2d46f9\" data-element_type=\"widget\" data-widget_type=\"image.default\">\n\t\t\t\t<div class=\"elementor-widget-container\">\n\t\t\t\t\t\t\t\t\t\t\t\t\t\t\t<img decoding=\"async\" src=\"https:\/\/old.wildix.com\/wp-content\/uploads\/2021\/02\/mobile-apps-2.jpg\" title=\"Mobile Apps\" alt=\"Mobile Apps\" loading=\"lazy\" \/>\t\t\t\t\t\t\t\t\t\t\t\t\t\t\t<\/div>\n\t\t\t\t<\/div>\n\t\t\t\t\t<\/div>\n\t\t<\/div>\n\t\t\t\t<div class=\"elementor-column elementor-col-50 elementor-top-column elementor-element elementor-element-15790f6\" data-id=\"15790f6\" data-element_type=\"column\">\n\t\t\t<div class=\"elementor-widget-wrap elementor-element-populated\">\n\t\t\t\t\t\t\t\t<div class=\"elementor-element elementor-element-c5f8321 elementor-widget elementor-widget-text-editor\" data-id=\"c5f8321\" data-element_type=\"widget\" data-widget_type=\"text-editor.default\">\n\t\t\t\t<div class=\"elementor-widget-container\">\n\t\t\t\t\t\t\tVor diesem Hintergrund haben wir das \u201cBlaue \u00d6kosystem\u201d entwickelt: Die Art und Weise wie Partner, Endnutzer, Unternehmen und Mitarbeiter miteinander kommunizieren. Wir alle arbeiten zusammen, um die Kommunikation und damit unser Leben zu verbessern.\n<\/br><\/br>\n\nDAS bildet letztlich das Herzst\u00fcck der Mission von Wildix.\n\t\t\t\t\t\t<\/div>\n\t\t\t\t<\/div>\n\t\t\t\t\t<\/div>\n\t\t<\/div>\n\t\t\t\t\t\t\t<\/div>\n\t\t<\/section>\n\t\t\t\t<section data-particle_enable=\"false\" data-particle-mobile-disabled=\"false\" class=\"elementor-section elementor-top-section elementor-element elementor-element-38d697d elementor-section-boxed elementor-section-height-default elementor-section-height-default\" data-id=\"38d697d\" data-element_type=\"section\">\n\t\t\t\t\t\t<div class=\"elementor-container elementor-column-gap-default\">\n\t\t\t\t\t<div class=\"elementor-column elementor-col-100 elementor-top-column elementor-element elementor-element-63a3e2d\" data-id=\"63a3e2d\" data-element_type=\"column\">\n\t\t\t<div class=\"elementor-widget-wrap elementor-element-populated\">\n\t\t\t\t\t\t\t\t<div class=\"elementor-element elementor-element-4fa9a3f elementor-widget elementor-widget-text-editor\" data-id=\"4fa9a3f\" data-element_type=\"widget\" data-widget_type=\"text-editor.default\">\n\t\t\t\t<div class=\"elementor-widget-container\">\n\t\t\t\t\t\t\tKommunikation und Ethik\t\t\t\t\t\t<\/div>\n\t\t\t\t<\/div>\n\t\t\t\t<div class=\"elementor-element elementor-element-29a0086 elementor-widget elementor-widget-text-editor\" data-id=\"29a0086\" data-element_type=\"widget\" data-widget_type=\"text-editor.default\">\n\t\t\t\t<div class=\"elementor-widget-container\">\n\t\t\t\t\t\t\tMit gro\u00dfer Macht muss auch gro\u00dfe Verantwortung einhergehen \u2013 ein Aphorismus, der seit Jahrtausenden in verschiedenen Formen verwendet wird. Wir gehen noch einen Schritt weiter und sagen, dass es starke Werte braucht, um wahre Mehrwerte zu schaffen.\t\t\t\t\t\t<\/div>\n\t\t\t\t<\/div>\n\t\t\t\t<div class=\"elementor-element elementor-element-6b110fd elementor-widget elementor-widget-eael-content-timeline\" data-id=\"6b110fd\" data-element_type=\"widget\" data-widget_type=\"eael-content-timeline.default\">\n\t\t\t\t<div class=\"elementor-widget-container\">\n\t\t\t\t\t<div id=\"eael-content-timeline-6b110fd\" class=\"content-timeline-layout-right date-position-outside horizontal-timeline-wrapper\" data-slide_to_scroll=\"{&quot;desktop&quot;:1,&quot;tablet&quot;:1,&quot;mobile&quot;:1}\">\n\t\t\t<div class=\"eael-content-timeline-container\">\n\t\t\t\t<div class=\"eael-content-timeline-container\">\n\t\t\t\t\t\t\t\t\t\t\t\t\t\t\t\t\t\t\t\t\t\t\t<div class=\"eael-content-timeline-block\">\n    <div class=\"eael-content-timeline-line\">\n        <div class=\"eael-content-timeline-inner\"><\/div>\n    <\/div>\n    <div class=\"eael-content-timeline-img eael-picture \"><i class=\"fas fa-angle-down\"><\/i><\/div><div class=\"eael-content-timeline-content\"><span class=\"eael-timeline-title\"><a href=\"\">Integrit\u00e4t:<\/a><\/span><span style=\"font-weight: 400\">Wo w\u00e4ren wir ohne Integrit\u00e4t? Einfach ausgedr\u00fcckt erwarten unsere Partner und Endnutzer, dass ihre Kommunikation st\u00f6rungsfrei und ohne dass ihre Daten kompromittiert werden, funktioniert. Genauso erwarten wir von unseren Mitarbeitern und Partnern Redlichkeit und Integrit\u00e4t.<\/span><span class=\"eael-date\"><\/span><\/div><\/div>\t\t\t\t\t\t\t\t\t\t\t\t\t\t\t\t\t\t<div class=\"eael-content-timeline-block\">\n    <div class=\"eael-content-timeline-line\">\n        <div class=\"eael-content-timeline-inner\"><\/div>\n    <\/div>\n    <div class=\"eael-content-timeline-img eael-picture \"><i class=\"fas fa-angle-down\"><\/i><\/div><div class=\"eael-content-timeline-content\"><span class=\"eael-timeline-title\"><a href=\"\">Transparenz:<\/a><\/span><span style=\"font-weight: 400\">Wir versuchen so transparent wie m\u00f6glich zu sein \u2013 stets in Balance zu dem Bed\u00fcrfnis nach Datensicherheit und Aufrechterhaltung des Gesch\u00e4ftsbetriebes. Wir setzen mit Blick auf Ziele und Feedback stets auf wechselseitige Transparenz.<\/span><span class=\"eael-date\"><\/span><\/div><\/div>\t\t\t\t\t\t\t\t\t\t\t\t\t\t\t\t\t\t<div class=\"eael-content-timeline-block\">\n    <div class=\"eael-content-timeline-line\">\n        <div class=\"eael-content-timeline-inner\"><\/div>\n    <\/div>\n    <div class=\"eael-content-timeline-img eael-picture \"><i class=\"fas fa-angle-down\"><\/i><\/div><div class=\"eael-content-timeline-content\"><span class=\"eael-timeline-title\"><a href=\"\">Kontinuierliches Lernen:<\/a><\/span><span style=\"font-weight: 400\">Technologien sind im stetigen Wandel und wir alle sollten danach streben, unser Wissen laufend zu erweitern. Wir ermutigen alle, sich weiterzubilden, das Verst\u00e4ndnis um m\u00f6gliche Verbesserungen des Status quo zu vertiefen und diese Entwicklung sowohl unternehmensseitig als auch auf pers\u00f6nlicher Ebene voranzutreiben.<\/span><span class=\"eael-date\"><\/span><\/div><\/div>\t\t\t\t\t\t\t\t\t\t\t\t\t\t\t\t\t\t<div class=\"eael-content-timeline-block\">\n    <div class=\"eael-content-timeline-line\">\n        <div class=\"eael-content-timeline-inner\"><\/div>\n    <\/div>\n    <div class=\"eael-content-timeline-img eael-picture \"><i class=\"fas fa-angle-down\"><\/i><\/div><div class=\"eael-content-timeline-content\"><span class=\"eael-timeline-title\"><a href=\"\">Offenheit:<\/a><\/span><span style=\"font-weight: 400\">Wir sind alle Individuen. Wir sind alle unterschiedlich. Und deshalb sollten wir alle stets fair sein, einander mit Respekt behandeln und loyal zueinander sein. Das bedeutet, dass wir bestrebt sind, die Unterschiede zwischen uns zu verstehen und zu sch\u00e4tzen, denn sie machen uns alle st\u00e4rker.<\/span><span class=\"eael-date\"><\/span><\/div><\/div>\t\t\t\t\t\t\t\t\t\t\t\t\t\t\t\t\t\t<div class=\"eael-content-timeline-block\">\n    <div class=\"eael-content-timeline-line\">\n        <div class=\"eael-content-timeline-inner\"><\/div>\n    <\/div>\n    <div class=\"eael-content-timeline-img eael-picture \"><i class=\"fas fa-angle-down\"><\/i><\/div><div class=\"eael-content-timeline-content\"><span class=\"eael-timeline-title\"><a href=\"\">Leidenschaft:<\/a><\/span><span style=\"font-weight: 400\">Letztendlich sind wir alle hier, weil wir einen Unterschied machen wollen und hier kommt die Leidenschaft ins Spiel. Gute Kommunikation hat die Macht, die Art und Weise, wie Menschen miteinander kommunizieren und leben zu ver\u00e4ndern. Und es kann eine Ver\u00e4nderung zum besseren sein. <\/span><span class=\"eael-date\"><\/span><\/div><\/div>\t\t\t\t<\/div>\n\t\t\t<\/div>\n\t\t<\/div>\n\t\t\t<\/div>\n\t\t\t\t<\/div>\n\t\t\t\t\t<\/div>\n\t\t<\/div>\n\t\t\t\t\t\t\t<\/div>\n\t\t<\/section>\n\t\t\t\t\t\t\t<\/div>\n\t\t","protected":false},"excerpt":{"rendered":"<p>Werte von WildixBei Wildix dreht sich alles um Kommunikation. Wir entwickeln M\u00f6glichkeiten, die interne und externe Unternehmenskommunikation auf ein neues Level zu heben, sind gleichzeitig aber darauf bedacht, der Kommunikation von Mensch zu Mensch gerecht zu werden. Wir suchen innovative M\u00f6glichkeiten der Kommunikation und verfolgen gro\u00dfe Visionen. Dabei verlieren wir niemals die Menschen aus dem [&hellip;]<\/p>\n","protected":false},"author":46,"featured_media":0,"parent":0,"menu_order":0,"comment_status":"closed","ping_status":"closed","template":"elementor_header_footer","meta":{"wpupg_custom_link":[],"wpupg_custom_link_behaviour":["default"],"wpupg_custom_image":[],"wpupg_custom_image_id":[],"footnotes":""},"acf":[],"yoast_head":"<!-- This site is optimized with the Yoast SEO plugin v21.8 - https:\/\/yoast.com\/wordpress\/plugins\/seo\/ -->\n<title>Werte von Wildix | Wildix<\/title>\n<meta name=\"description\" content=\"Wir unterst\u00fctzen unsere Mitarbeiter und setzen uns f\u00fcr einen verantwortungsvollen und ethischen Umgang im Unternehmen ein. Unsere Werte stellen sicher, dass jeder, der f\u00fcr uns oder mit dem wir arbeiten, ein faires und sicheres Umfeld hat.\" \/>\n<meta name=\"robots\" content=\"noindex, follow, max-snippet:-1, max-image-preview:large, max-video-preview:-1\" \/>\n<meta property=\"og:locale\" content=\"de_DE\" \/>\n<meta property=\"og:type\" content=\"article\" \/>\n<meta property=\"og:title\" content=\"Werte von Wildix | Wildix\" \/>\n<meta property=\"og:description\" content=\"Wir unterst\u00fctzen unsere Mitarbeiter und setzen uns f\u00fcr einen verantwortungsvollen und ethischen Umgang im Unternehmen ein. Unsere Werte stellen sicher, dass jeder, der f\u00fcr uns oder mit dem wir arbeiten, ein faires und sicheres Umfeld hat.\" \/>\n<meta property=\"og:url\" content=\"https:\/\/old.wildix.com\/de\/werte-von-wildix\/\" \/>\n<meta property=\"og:site_name\" content=\"Wildix\" \/>\n<meta property=\"article:modified_time\" content=\"2022-06-24T11:58:24+00:00\" \/>\n<meta property=\"og:image\" content=\"https:\/\/old.wildix.com\/wp-content\/uploads\/2022\/04\/wildix-team-4.jpeg\" \/>\n<meta name=\"twitter:card\" content=\"summary_large_image\" \/>\n<meta name=\"twitter:label1\" content=\"Gesch\u00e4tzte Lesezeit\" \/>\n\t<meta name=\"twitter:data1\" content=\"3 Minuten\" \/>\n<script type=\"application\/ld+json\" class=\"yoast-schema-graph\">{\"@context\":\"https:\/\/schema.org\",\"@graph\":[{\"@type\":\"WebPage\",\"@id\":\"https:\/\/old.wildix.com\/de\/werte-von-wildix\/\",\"url\":\"https:\/\/old.wildix.com\/de\/werte-von-wildix\/\",\"name\":\"Werte von Wildix | Wildix\",\"isPartOf\":{\"@id\":\"https:\/\/old.wildix.com\/#website\"},\"datePublished\":\"2022-04-18T11:41:30+00:00\",\"dateModified\":\"2022-06-24T11:58:24+00:00\",\"description\":\"Wir unterst\u00fctzen unsere Mitarbeiter und setzen uns f\u00fcr einen verantwortungsvollen und ethischen Umgang im Unternehmen ein. Unsere Werte stellen sicher, dass jeder, der f\u00fcr uns oder mit dem wir arbeiten, ein faires und sicheres Umfeld hat.\",\"breadcrumb\":{\"@id\":\"https:\/\/old.wildix.com\/de\/werte-von-wildix\/#breadcrumb\"},\"inLanguage\":\"de-DE\",\"potentialAction\":[{\"@type\":\"ReadAction\",\"target\":[\"https:\/\/old.wildix.com\/de\/werte-von-wildix\/\"]}]},{\"@type\":\"BreadcrumbList\",\"@id\":\"https:\/\/old.wildix.com\/de\/werte-von-wildix\/#breadcrumb\",\"itemListElement\":[{\"@type\":\"ListItem\",\"position\":1,\"name\":\"Home\",\"item\":\"https:\/\/old.wildix.com\/\"},{\"@type\":\"ListItem\",\"position\":2,\"name\":\"Werte von Wildix\"}]},{\"@type\":\"WebSite\",\"@id\":\"https:\/\/old.wildix.com\/#website\",\"url\":\"https:\/\/old.wildix.com\/\",\"name\":\"Wildix\",\"description\":\"Wildix PBX | VoIP Solutions | Unified Communications | WebRTC\",\"publisher\":{\"@id\":\"https:\/\/old.wildix.com\/#organization\"},\"potentialAction\":[{\"@type\":\"SearchAction\",\"target\":{\"@type\":\"EntryPoint\",\"urlTemplate\":\"https:\/\/old.wildix.com\/?s={search_term_string}\"},\"query-input\":\"required name=search_term_string\"}],\"inLanguage\":\"de-DE\"},{\"@type\":\"Organization\",\"@id\":\"https:\/\/old.wildix.com\/#organization\",\"name\":\"Wildix\",\"url\":\"https:\/\/old.wildix.com\/\",\"logo\":{\"@type\":\"ImageObject\",\"inLanguage\":\"de-DE\",\"@id\":\"https:\/\/old.wildix.com\/#\/schema\/logo\/image\/\",\"url\":\"https:\/\/old.wildix.com\/wp-content\/uploads\/2018\/04\/wildix-logo-2.png\",\"contentUrl\":\"https:\/\/old.wildix.com\/wp-content\/uploads\/2018\/04\/wildix-logo-2.png\",\"width\":440,\"height\":200,\"caption\":\"Wildix\"},\"image\":{\"@id\":\"https:\/\/old.wildix.com\/#\/schema\/logo\/image\/\"}}]}<\/script>\n<!-- \/ Yoast SEO plugin. -->","yoast_head_json":{"title":"Werte von Wildix | Wildix","description":"Wir unterst\u00fctzen unsere Mitarbeiter und setzen uns f\u00fcr einen verantwortungsvollen und ethischen Umgang im Unternehmen ein. Unsere Werte stellen sicher, dass jeder, der f\u00fcr uns oder mit dem wir arbeiten, ein faires und sicheres Umfeld hat.","robots":{"index":"noindex","follow":"follow","max-snippet":"max-snippet:-1","max-image-preview":"max-image-preview:large","max-video-preview":"max-video-preview:-1"},"og_locale":"de_DE","og_type":"article","og_title":"Werte von Wildix | Wildix","og_description":"Wir unterst\u00fctzen unsere Mitarbeiter und setzen uns f\u00fcr einen verantwortungsvollen und ethischen Umgang im Unternehmen ein. Unsere Werte stellen sicher, dass jeder, der f\u00fcr uns oder mit dem wir arbeiten, ein faires und sicheres Umfeld hat.","og_url":"https:\/\/old.wildix.com\/de\/werte-von-wildix\/","og_site_name":"Wildix","article_modified_time":"2022-06-24T11:58:24+00:00","og_image":[{"url":"https:\/\/old.wildix.com\/wp-content\/uploads\/2022\/04\/wildix-team-4.jpeg"}],"twitter_card":"summary_large_image","twitter_misc":{"Gesch\u00e4tzte Lesezeit":"3 Minuten"},"schema":{"@context":"https:\/\/schema.org","@graph":[{"@type":"WebPage","@id":"https:\/\/old.wildix.com\/de\/werte-von-wildix\/","url":"https:\/\/old.wildix.com\/de\/werte-von-wildix\/","name":"Werte von Wildix | Wildix","isPartOf":{"@id":"https:\/\/old.wildix.com\/#website"},"datePublished":"2022-04-18T11:41:30+00:00","dateModified":"2022-06-24T11:58:24+00:00","description":"Wir unterst\u00fctzen unsere Mitarbeiter und setzen uns f\u00fcr einen verantwortungsvollen und ethischen Umgang im Unternehmen ein. Unsere Werte stellen sicher, dass jeder, der f\u00fcr uns oder mit dem wir arbeiten, ein faires und sicheres Umfeld hat.","breadcrumb":{"@id":"https:\/\/old.wildix.com\/de\/werte-von-wildix\/#breadcrumb"},"inLanguage":"de-DE","potentialAction":[{"@type":"ReadAction","target":["https:\/\/old.wildix.com\/de\/werte-von-wildix\/"]}]},{"@type":"BreadcrumbList","@id":"https:\/\/old.wildix.com\/de\/werte-von-wildix\/#breadcrumb","itemListElement":[{"@type":"ListItem","position":1,"name":"Home","item":"https:\/\/old.wildix.com\/"},{"@type":"ListItem","position":2,"name":"Werte von Wildix"}]},{"@type":"WebSite","@id":"https:\/\/old.wildix.com\/#website","url":"https:\/\/old.wildix.com\/","name":"Wildix","description":"Wildix PBX | VoIP Solutions | Unified Communications | WebRTC","publisher":{"@id":"https:\/\/old.wildix.com\/#organization"},"potentialAction":[{"@type":"SearchAction","target":{"@type":"EntryPoint","urlTemplate":"https:\/\/old.wildix.com\/?s={search_term_string}"},"query-input":"required name=search_term_string"}],"inLanguage":"de-DE"},{"@type":"Organization","@id":"https:\/\/old.wildix.com\/#organization","name":"Wildix","url":"https:\/\/old.wildix.com\/","logo":{"@type":"ImageObject","inLanguage":"de-DE","@id":"https:\/\/old.wildix.com\/#\/schema\/logo\/image\/","url":"https:\/\/old.wildix.com\/wp-content\/uploads\/2018\/04\/wildix-logo-2.png","contentUrl":"https:\/\/old.wildix.com\/wp-content\/uploads\/2018\/04\/wildix-logo-2.png","width":440,"height":200,"caption":"Wildix"},"image":{"@id":"https:\/\/old.wildix.com\/#\/schema\/logo\/image\/"}}]}},"_links":{"self":[{"href":"https:\/\/old.wildix.com\/de\/wp-json\/wp\/v2\/pages\/7917513"}],"collection":[{"href":"https:\/\/old.wildix.com\/de\/wp-json\/wp\/v2\/pages"}],"about":[{"href":"https:\/\/old.wildix.com\/de\/wp-json\/wp\/v2\/types\/page"}],"author":[{"embeddable":true,"href":"https:\/\/old.wildix.com\/de\/wp-json\/wp\/v2\/users\/46"}],"replies":[{"embeddable":true,"href":"https:\/\/old.wildix.com\/de\/wp-json\/wp\/v2\/comments?post=7917513"}],"version-history":[{"count":0,"href":"https:\/\/old.wildix.com\/de\/wp-json\/wp\/v2\/pages\/7917513\/revisions"}],"wp:attachment":[{"href":"https:\/\/old.wildix.com\/de\/wp-json\/wp\/v2\/media?parent=7917513"}],"curies":[{"name":"wp","href":"https:\/\/api.w.org\/{rel}","templated":true}]}}