{"id":7836024,"date":"2018-04-26T13:20:50","date_gmt":"2018-04-26T13:20:50","guid":{"rendered":"https:\/\/old2.wildix.com\/?page_id=7836024"},"modified":"2022-06-27T13:30:25","modified_gmt":"2022-06-27T13:30:25","slug":"trabaja-con-nosotros-old","status":"publish","type":"page","link":"https:\/\/old.wildix.com\/es\/trabaja-con-nosotros-old\/","title":{"rendered":"Trabaja con nosotros"},"content":{"rendered":"<section class=\"wpb-content-wrapper\">[mk_page_section bg_gradient=\u00bbleft_top\u00bb video_color_mask=\u00bb#003366&#8243; gr_end=\u00bb#90f3f2&#8243; video_opacity=\u00bb0.9&#8243; min_height=\u00bb250&#8243; full_width=\u00bbtrue\u00bb padding_top=\u00bb0&#8243; padding_bottom=\u00bb0&#8243; sidebar=\u00bbsidebar-1&#8243; first_page=\u00bbfalse\u00bb last_page=\u00bbfalse\u00bb][vc_column][mk_padding_divider size=\u00bb120&#8243; visibility=\u00bbhidden-sm\u00bb][mk_padding_divider size=\u00bb70&#8243; visibility=\u00bbvisible-sm\u00bb][mk_fancy_title tag_name=\u00bbh1&#8243; color=\u00bb#ffffff\u00bb size=\u00bb70&#8243; force_font_size=\u00bbtrue\u00bb size_smallscreen=\u00bb60&#8243; size_tablet=\u00bb50&#8243; size_phone=\u00bb40&#8243; font_weight=\u00bb300&#8243; font_style=\u00bbnormal\u00bb txt_transform=\u00bbnone\u00bb margin_bottom=\u00bb0&#8243; font_family=\u00bbnone\u00bb align=\u00bbcenter\u00bb]Trabaja con nosotros[\/mk_fancy_title][mk_fancy_title tag_name=\u00bbspan\u00bb color=\u00bb#ffffff\u00bb size=\u00bb24&#8243; force_font_size=\u00bbtrue\u00bb size_smallscreen=\u00bb22&#8243; size_tablet=\u00bb22&#8243; size_phone=\u00bb20&#8243; font_weight=\u00bb300&#8243; font_style=\u00bbnormal\u00bb txt_transform=\u00bbnone\u00bb margin_bottom=\u00bb0&#8243; font_family=\u00bbnone\u00bb align=\u00bbcenter\u00bb]Ofertas de trabajo[\/mk_fancy_title][mk_padding_divider size=\u00bb30&#8243;][\/vc_column][\/mk_page_section][vc_row fullwidth=\u00bbtrue\u00bb fullwidth_content=\u00bbfalse\u00bb css=\u00bb.vc_custom_1602064808629{background-color: #f2f2f2 !important;}\u00bb][vc_column][mk_padding_divider size=\u00bb50&#8243;][\/vc_column][\/vc_row][vc_row fullwidth=\u00bbtrue\u00bb fullwidth_content=\u00bbfalse\u00bb css=\u00bb.vc_custom_1602064826437{background-color: #f2f2f2 !important;}\u00bb][vc_column][vc_column_text css=\u00bb.vc_custom_1634194528666{margin-bottom: 0px !important;padding-right: 5% !important;padding-left: 5% !important;}\u00bb]Desde 2005, Wildix ha ayudado a empresa entre 50 a 1000 usuarios a desarrollar su negocio a trav\u00e9s de \u00f1as UC&amp;C, creando la primera PBX basada en la web de UC&amp;C y VoIP PBX.<\/p>\n<p>Wildix es una empresa multinacional, din\u00e1mica y de r\u00e1pido crecimiento y, ahora cuenta con m\u00e1s de 220 empleados distribuidos por Italia, Francia, Reino Unido, Alemania, Espa\u00f1a, Ucrania, Estonia, Pa\u00edses N\u00f3rdicos y Estados Unidos.<\/p>\n<p><strong>Si est\u00e1s interesado en trabajar con nosotros, env\u00edanos tu curr\u00edculum a:<\/strong> <strong><a href=\"mailto:job@wildix.com\">job@wildix.com<\/a><\/strong>[\/vc_column_text][mk_padding_divider size=\u00bb30&#8243;][\/vc_column][\/vc_row][vc_row][vc_column][mk_padding_divider][vc_raw_html]JTNDZGl2JTIwaWQlM0QlMjJCYW1ib29IUiUyMiUyMGRhdGEtZG9tYWluJTNEJTIyd2lsZGl4LmJhbWJvb2hyLmNvbSUyMiUyMGRhdGEtdmVyc2lvbiUzRCUyMjEuMC4wJTIyJTIwZGF0YS1kZXBhcnRtZW50SWQlM0QlMjIlMjIlM0UlM0MlMkZkaXYlM0UlM0NzY3JpcHQlMjBzcmMlM0QlMjJodHRwcyUzQSUyRiUyRndpbGRpeC5iYW1ib29oci5jb20lMkZqcyUyRmVtYmVkLmpzJTIyJTIwdHlwZSUzRCUyMnRleHQlMkZqYXZhc2NyaXB0JTIyJTIwYXN5bmMlMjBkZWZlciUzRSUzQyUyRnNjcmlwdCUzRQ==[\/vc_raw_html][mk_padding_divider size=\u00bb10&#8243;][\/vc_column][\/vc_row][vc_row fullwidth=\u00bbtrue\u00bb fullwidth_content=\u00bbfalse\u00bb column_padding=\u00bb5&#8243; disable_element=\u00bbyes\u00bb css=\u00bb.vc_custom_1634194491564{padding-top: 3% !important;padding-right: 2% !important;padding-left: 2% !important;}\u00bb][vc_column width=\u00bb1\/2&#8243;][mk_padding_divider size=\u00bb30&#8243;][mk_fancy_title color=\u00bb#777777&#8243; size=\u00bb28&#8243; force_font_size=\u00bbtrue\u00bb size_smallscreen=\u00bb25&#8243; size_tablet=\u00bb25&#8243; size_phone=\u00bb20&#8243; margin_bottom=\u00bb0&#8243; font_family=\u00bbnone\u00bb]United Kingdom[\/mk_fancy_title][mk_divider style=\u00bbthin_solid\u00bb margin_top=\u00bb5&#8243;][mk_custom_list style=\u00bb\u00bb icon_color=\u00bb#c4c4c4&#8243;]\n<ul style=\"list-style-type: none;\">\n<li><a href=\"\/senior-copywriter-eng\/\" target=\"_blank\" rel=\"noopener noreferrer\">Senior Copywriter ENG<\/a><\/li>\n<li><a href=\"\/channel-sales-executive\/\" target=\"_blank\" rel=\"noopener noreferrer\">Channel Sales Executive<\/a><\/li>\n<\/ul>\n[\/mk_custom_list][\/vc_column][vc_column width=\u00bb1\/2&#8243;][mk_padding_divider size=\u00bb30&#8243;][mk_fancy_title color=\u00bb#777777&#8243; size=\u00bb28&#8243; force_font_size=\u00bbtrue\u00bb size_smallscreen=\u00bb25&#8243; size_tablet=\u00bb25&#8243; size_phone=\u00bb20&#8243; margin_bottom=\u00bb0&#8243; font_family=\u00bbnone\u00bb]Italia[\/mk_fancy_title][mk_divider style=\u00bbthin_solid\u00bb margin_top=\u00bb5&#8243;][mk_custom_list style=\u00bb\u00bb]\n<ul>\n<li><a title=\"Senior VoIP Engineer (Italian market)\" href=\"\/it\/senior-voip-engineer\/\" target=\"_blank\" rel=\"noopener noreferrer\">Senior VoIP Engineer (Italian market)<\/a><\/li>\n<\/ul>\n[\/mk_custom_list][\/vc_column][\/vc_row][vc_row fullwidth=\u00bbtrue\u00bb fullwidth_content=\u00bbfalse\u00bb column_padding=\u00bb5&#8243; disable_element=\u00bbyes\u00bb css=\u00bb.vc_custom_1634194496645{padding-right: 2% !important;padding-left: 2% !important;}\u00bb][vc_column width=\u00bb1\/2&#8243;][mk_fancy_title color=\u00bb#777777&#8243; size=\u00bb28&#8243; force_font_size=\u00bbtrue\u00bb size_smallscreen=\u00bb25&#8243; size_tablet=\u00bb25&#8243; size_phone=\u00bb20&#8243; margin_bottom=\u00bb0&#8243; font_family=\u00bbnone\u00bb]EEUU[\/mk_fancy_title][mk_divider style=\u00bbthin_solid\u00bb margin_top=\u00bb5&#8243;][mk_custom_list style=\u00bb\u00bb icon_color=\u00bb#c4c4c4&#8243;]\n<ul>\n<li><a href=\"\/us\/regional-channel-manager-central-region\/\" target=\"_blank\" rel=\"noopener noreferrer\">Regional Channel Manager \/ Central Region<\/a><\/li>\n<li><a href=\"\/us\/human-resources-administrative-officer\/\" target=\"_blank\" rel=\"noopener noreferrer\">Human Resources Administrative Officer<\/a><\/li>\n<li><a href=\"\/us\/country-manager-us-market\/\" target=\"_blank\" rel=\"noopener noreferrer\">Country Manager<\/a><\/li>\n<li><a href=\"\/us\/partner-development-manager\/\" target=\"_blank\" rel=\"noopener noreferrer\">Partner Development Manager \u2013 US Eastern or Western Region<\/a><\/li>\n<\/ul>\n[\/mk_custom_list][\/vc_column][vc_column width=\u00bb1\/2&#8243;][mk_fancy_title color=\u00bb#777777&#8243; size=\u00bb28&#8243; force_font_size=\u00bbtrue\u00bb size_smallscreen=\u00bb25&#8243; size_tablet=\u00bb25&#8243; size_phone=\u00bb20&#8243; margin_bottom=\u00bb0&#8243; font_family=\u00bbnone\u00bb]Francia[\/mk_fancy_title][mk_divider style=\u00bbthin_solid\u00bb margin_top=\u00bb5&#8243;][mk_custom_list style=\u00bb\u00bb]\n<ul>\n<li><a title=\"Senior VoIP System Engineer \u2013 Team leader\" href=\"https:\/\/old.wildix.com\/fr\/senior-voip-system-engineer-team-leader\/\">Senior VoIP System Engineer \u2013 Team leader<\/a><\/li>\n<li><a title=\"System Engineer VoIP\" href=\"https:\/\/old.wildix.com\/fr\/system-engineer-voip\/\">System Engineer VoIP<\/a><\/li>\n<\/ul>\n[\/mk_custom_list][\/vc_column][\/vc_row][vc_row fullwidth=\u00bbtrue\u00bb fullwidth_content=\u00bbfalse\u00bb column_padding=\u00bb5&#8243; disable_element=\u00bbyes\u00bb css=\u00bb.vc_custom_1634194502275{padding-right: 2% !important;padding-bottom: 3% !important;padding-left: 2% !important;}\u00bb][vc_column width=\u00bb1\/2&#8243;][mk_fancy_title color=\u00bb#777777&#8243; size=\u00bb28&#8243; force_font_size=\u00bbtrue\u00bb size_smallscreen=\u00bb25&#8243; size_tablet=\u00bb25&#8243; size_phone=\u00bb20&#8243; margin_bottom=\u00bb0&#8243; font_family=\u00bbnone\u00bb]I+D Odesa[\/mk_fancy_title][mk_divider style=\u00bbthin_solid\u00bb margin_top=\u00bb5&#8243;][mk_custom_list style=\u00bb\u00bb]\n<ul style=\"list-style-type: none;\">\n<li><a title=\"Salesforce Business Analyst\" href=\"https:\/\/old.wildix.com\/ua\/salesforce-business-analyst\/\" target=\"_blank\" rel=\"noopener noreferrer\">Salesforce Business Analyst<\/a><\/li>\n<li><a title=\"Marketing Specialist (Italian Market)\" href=\"https:\/\/old.wildix.com\/ua\/marketing-specialist-italian-market\/\" target=\"_blank\" rel=\"noopener noreferrer\">Marketing Specialist (Italian Market)<\/a><\/li>\n<li><a title=\"HR Specialist\" href=\"https:\/\/old.wildix.com\/ua\/hr-manager\/\" target=\"_blank\" rel=\"noopener noreferrer\">HR Specialist<\/a><\/li>\n<li><a title=\"Marketing Executive (US market)\" href=\"https:\/\/old.wildix.com\/ua\/marketing-executive-us-market\/\" target=\"_blank\" rel=\"noopener noreferrer\">Marketing Executive (US market)<\/a><\/li>\n<li><a title=\"Middle QA Engineer\" href=\"https:\/\/old.wildix.com\/ua\/middle-qa\/\" target=\"_blank\" rel=\"noopener noreferrer\">Middle QA Engineer<\/a><\/li>\n<li><a title=\"Middle\/Senior React Developer\" href=\"https:\/\/old.wildix.com\/ua\/react-developer\/\" target=\"_blank\" rel=\"noopener noreferrer\">Middle\/Senior React Developer<\/a><\/li>\n<li><a title=\"Sales Specialist (UK Market)\" href=\"https:\/\/old.wildix.com\/sales-specialist-uk-market\/\" target=\"_blank\" rel=\"noopener noreferrer\">Sales Specialist (UK Market)<\/a><\/li>\n<\/ul>\n[\/mk_custom_list][\/vc_column][vc_column width=\u00bb1\/2&#8243;][mk_fancy_title color=\u00bb#777777&#8243; size=\u00bb28&#8243; force_font_size=\u00bbtrue\u00bb size_smallscreen=\u00bb25&#8243; size_tablet=\u00bb25&#8243; size_phone=\u00bb20&#8243; margin_bottom=\u00bb0&#8243; font_family=\u00bbnone\u00bb]Espa\u00f1a[\/mk_fancy_title][mk_divider style=\u00bbthin_solid\u00bb margin_top=\u00bb5&#8243;][mk_custom_list style=\u00bb\u00bb]\n<ul>\n<li><a href=\"https:\/\/old.wildix.com\/es\/sales-country-manager-spain\/\">Sales Country Manager<\/a><\/li>\n<\/ul>\n[\/mk_custom_list][\/vc_column][\/vc_row][mk_page_section bg_gradient=\u00bbleft_top\u00bb video_color_mask=\u00bb#90f3f2&#8243; gr_end=\u00bb#003366&#8243; video_opacity=\u00bb0.9&#8243; min_height=\u00bb200&#8243; full_width=\u00bbtrue\u00bb sidebar=\u00bbsidebar-1&#8243;][vc_column][vc_empty_space height=\u00bb50px\u00bb][vc_row_inner][vc_column_inner][mk_icon_box icon=\u00bbmk-li-mail\u00bb title=\u00bbjob@wildix.com\u00bb text_size=\u00bb26&#8243; font_weight=\u00bb400&#8243; read_more_url=\u00bbmailto:job@wildix.com\u00bb style=\u00bbsimple_ultimate\u00bb icon_size=\u00bbx-large\u00bb rounded_circle=\u00bbtrue\u00bb icon_location=\u00bbtop\u00bb icon_color=\u00bb\u00bb title_color=\u00bb#ffffff\u00bb txt_color=\u00bb#ffffff\u00bb txt_link_color=\u00bb#ffffff\u00bb]Si deseas fortalecer nuestro equipo, env\u00edanos tu CV[\/mk_icon_box][\/vc_column_inner][\/vc_row_inner][\/vc_column][\/mk_page_section]\n<\/section>","protected":false},"excerpt":{"rendered":"<p>[mk_page_section bg_gradient=\u00bbleft_top\u00bb video_color_mask=\u00bb#003366&#8243; gr_end=\u00bb#90f3f2&#8243; video_opacity=\u00bb0.9&#8243; min_height=\u00bb250&#8243; full_width=\u00bbtrue\u00bb padding_top=\u00bb0&#8243; padding_bottom=\u00bb0&#8243; sidebar=\u00bbsidebar-1&#8243; first_page=\u00bbfalse\u00bb last_page=\u00bbfalse\u00bb][vc_column][mk_padding_divider size=\u00bb120&#8243; visibility=\u00bbhidden-sm\u00bb][mk_padding_divider size=\u00bb70&#8243; visibility=\u00bbvisible-sm\u00bb][mk_fancy_title tag_name=\u00bbh1&#8243; color=\u00bb#ffffff\u00bb size=\u00bb70&#8243; force_font_size=\u00bbtrue\u00bb size_smallscreen=\u00bb60&#8243; size_tablet=\u00bb50&#8243; size_phone=\u00bb40&#8243; font_weight=\u00bb300&#8243; font_style=\u00bbnormal\u00bb txt_transform=\u00bbnone\u00bb margin_bottom=\u00bb0&#8243; font_family=\u00bbnone\u00bb align=\u00bbcenter\u00bb]Trabaja con nosotros[\/mk_fancy_title][mk_fancy_title tag_name=\u00bbspan\u00bb color=\u00bb#ffffff\u00bb size=\u00bb24&#8243; force_font_size=\u00bbtrue\u00bb size_smallscreen=\u00bb22&#8243; size_tablet=\u00bb22&#8243; size_phone=\u00bb20&#8243; font_weight=\u00bb300&#8243; font_style=\u00bbnormal\u00bb txt_transform=\u00bbnone\u00bb margin_bottom=\u00bb0&#8243; font_family=\u00bbnone\u00bb align=\u00bbcenter\u00bb]Ofertas de trabajo[\/mk_fancy_title][mk_padding_divider size=\u00bb30&#8243;][\/vc_column][\/mk_page_section][vc_row fullwidth=\u00bbtrue\u00bb fullwidth_content=\u00bbfalse\u00bb css=\u00bb.vc_custom_1602064808629{background-color: #f2f2f2 !important;}\u00bb][vc_column][mk_padding_divider size=\u00bb50&#8243;][\/vc_column][\/vc_row][vc_row fullwidth=\u00bbtrue\u00bb fullwidth_content=\u00bbfalse\u00bb [&hellip;]<\/p>\n","protected":false},"author":6,"featured_media":0,"parent":0,"menu_order":0,"comment_status":"closed","ping_status":"closed","template":"","meta":{"wpupg_custom_link":[],"wpupg_custom_link_behaviour":["default"],"wpupg_custom_image":[],"wpupg_custom_image_id":[],"footnotes":""},"acf":[],"yoast_head":"<!-- This site is optimized with the Yoast SEO plugin v21.8 - https:\/\/yoast.com\/wordpress\/plugins\/seo\/ -->\n<title>Trabaja con nosotros | Oportunidades profesionales abiertas<\/title>\n<meta name=\"description\" content=\"Wildix est\u00e1 buscando candidatos dispuestos a trabajar en equipo, con altas capacidades de resoluci\u00f3n de problemas. Descubre todas las oportunidades laborales abiertas.\" \/>\n<meta name=\"robots\" content=\"noindex, follow, max-snippet:-1, max-image-preview:large, max-video-preview:-1\" \/>\n<meta property=\"og:locale\" content=\"es_ES\" \/>\n<meta property=\"og:type\" content=\"article\" \/>\n<meta property=\"og:title\" content=\"Trabaja con nosotros | Oportunidades profesionales abiertas\" \/>\n<meta property=\"og:description\" content=\"Wildix est\u00e1 buscando candidatos dispuestos a trabajar en equipo, con altas capacidades de resoluci\u00f3n de problemas. Descubre todas las oportunidades laborales abiertas.\" \/>\n<meta property=\"og:url\" content=\"https:\/\/old.wildix.com\/es\/trabaja-con-nosotros-old\/\" \/>\n<meta property=\"og:site_name\" content=\"Wildix\" \/>\n<meta property=\"article:modified_time\" content=\"2022-06-27T13:30:25+00:00\" \/>\n<meta name=\"twitter:card\" content=\"summary_large_image\" \/>\n<meta name=\"twitter:label1\" content=\"Tiempo de lectura\" \/>\n\t<meta name=\"twitter:data1\" content=\"2 minutos\" \/>\n<script type=\"application\/ld+json\" class=\"yoast-schema-graph\">{\"@context\":\"https:\/\/schema.org\",\"@graph\":[{\"@type\":\"WebPage\",\"@id\":\"https:\/\/old.wildix.com\/es\/trabaja-con-nosotros-old\/\",\"url\":\"https:\/\/old.wildix.com\/es\/trabaja-con-nosotros-old\/\",\"name\":\"Trabaja con nosotros | Oportunidades profesionales abiertas\",\"isPartOf\":{\"@id\":\"https:\/\/old.wildix.com\/#website\"},\"datePublished\":\"2018-04-26T13:20:50+00:00\",\"dateModified\":\"2022-06-27T13:30:25+00:00\",\"description\":\"Wildix est\u00e1 buscando candidatos dispuestos a trabajar en equipo, con altas capacidades de resoluci\u00f3n de problemas. Descubre todas las oportunidades laborales abiertas.\",\"breadcrumb\":{\"@id\":\"https:\/\/old.wildix.com\/es\/trabaja-con-nosotros-old\/#breadcrumb\"},\"inLanguage\":\"es\",\"potentialAction\":[{\"@type\":\"ReadAction\",\"target\":[\"https:\/\/old.wildix.com\/es\/trabaja-con-nosotros-old\/\"]}]},{\"@type\":\"BreadcrumbList\",\"@id\":\"https:\/\/old.wildix.com\/es\/trabaja-con-nosotros-old\/#breadcrumb\",\"itemListElement\":[{\"@type\":\"ListItem\",\"position\":1,\"name\":\"Home\",\"item\":\"https:\/\/old.wildix.com\/\"},{\"@type\":\"ListItem\",\"position\":2,\"name\":\"Trabaja con nosotros\"}]},{\"@type\":\"WebSite\",\"@id\":\"https:\/\/old.wildix.com\/#website\",\"url\":\"https:\/\/old.wildix.com\/\",\"name\":\"Wildix\",\"description\":\"Wildix PBX | VoIP Solutions | Unified Communications | WebRTC\",\"publisher\":{\"@id\":\"https:\/\/old.wildix.com\/#organization\"},\"potentialAction\":[{\"@type\":\"SearchAction\",\"target\":{\"@type\":\"EntryPoint\",\"urlTemplate\":\"https:\/\/old.wildix.com\/?s={search_term_string}\"},\"query-input\":\"required name=search_term_string\"}],\"inLanguage\":\"es\"},{\"@type\":\"Organization\",\"@id\":\"https:\/\/old.wildix.com\/#organization\",\"name\":\"Wildix\",\"url\":\"https:\/\/old.wildix.com\/\",\"logo\":{\"@type\":\"ImageObject\",\"inLanguage\":\"es\",\"@id\":\"https:\/\/old.wildix.com\/#\/schema\/logo\/image\/\",\"url\":\"https:\/\/old.wildix.com\/wp-content\/uploads\/2018\/04\/wildix-logo-2.png\",\"contentUrl\":\"https:\/\/old.wildix.com\/wp-content\/uploads\/2018\/04\/wildix-logo-2.png\",\"width\":440,\"height\":200,\"caption\":\"Wildix\"},\"image\":{\"@id\":\"https:\/\/old.wildix.com\/#\/schema\/logo\/image\/\"}}]}<\/script>\n<!-- \/ Yoast SEO plugin. -->","yoast_head_json":{"title":"Trabaja con nosotros | Oportunidades profesionales abiertas","description":"Wildix est\u00e1 buscando candidatos dispuestos a trabajar en equipo, con altas capacidades de resoluci\u00f3n de problemas. Descubre todas las oportunidades laborales abiertas.","robots":{"index":"noindex","follow":"follow","max-snippet":"max-snippet:-1","max-image-preview":"max-image-preview:large","max-video-preview":"max-video-preview:-1"},"og_locale":"es_ES","og_type":"article","og_title":"Trabaja con nosotros | Oportunidades profesionales abiertas","og_description":"Wildix est\u00e1 buscando candidatos dispuestos a trabajar en equipo, con altas capacidades de resoluci\u00f3n de problemas. Descubre todas las oportunidades laborales abiertas.","og_url":"https:\/\/old.wildix.com\/es\/trabaja-con-nosotros-old\/","og_site_name":"Wildix","article_modified_time":"2022-06-27T13:30:25+00:00","twitter_card":"summary_large_image","twitter_misc":{"Tiempo de lectura":"2 minutos"},"schema":{"@context":"https:\/\/schema.org","@graph":[{"@type":"WebPage","@id":"https:\/\/old.wildix.com\/es\/trabaja-con-nosotros-old\/","url":"https:\/\/old.wildix.com\/es\/trabaja-con-nosotros-old\/","name":"Trabaja con nosotros | Oportunidades profesionales abiertas","isPartOf":{"@id":"https:\/\/old.wildix.com\/#website"},"datePublished":"2018-04-26T13:20:50+00:00","dateModified":"2022-06-27T13:30:25+00:00","description":"Wildix est\u00e1 buscando candidatos dispuestos a trabajar en equipo, con altas capacidades de resoluci\u00f3n de problemas. Descubre todas las oportunidades laborales abiertas.","breadcrumb":{"@id":"https:\/\/old.wildix.com\/es\/trabaja-con-nosotros-old\/#breadcrumb"},"inLanguage":"es","potentialAction":[{"@type":"ReadAction","target":["https:\/\/old.wildix.com\/es\/trabaja-con-nosotros-old\/"]}]},{"@type":"BreadcrumbList","@id":"https:\/\/old.wildix.com\/es\/trabaja-con-nosotros-old\/#breadcrumb","itemListElement":[{"@type":"ListItem","position":1,"name":"Home","item":"https:\/\/old.wildix.com\/"},{"@type":"ListItem","position":2,"name":"Trabaja con nosotros"}]},{"@type":"WebSite","@id":"https:\/\/old.wildix.com\/#website","url":"https:\/\/old.wildix.com\/","name":"Wildix","description":"Wildix PBX | VoIP Solutions | Unified Communications | WebRTC","publisher":{"@id":"https:\/\/old.wildix.com\/#organization"},"potentialAction":[{"@type":"SearchAction","target":{"@type":"EntryPoint","urlTemplate":"https:\/\/old.wildix.com\/?s={search_term_string}"},"query-input":"required name=search_term_string"}],"inLanguage":"es"},{"@type":"Organization","@id":"https:\/\/old.wildix.com\/#organization","name":"Wildix","url":"https:\/\/old.wildix.com\/","logo":{"@type":"ImageObject","inLanguage":"es","@id":"https:\/\/old.wildix.com\/#\/schema\/logo\/image\/","url":"https:\/\/old.wildix.com\/wp-content\/uploads\/2018\/04\/wildix-logo-2.png","contentUrl":"https:\/\/old.wildix.com\/wp-content\/uploads\/2018\/04\/wildix-logo-2.png","width":440,"height":200,"caption":"Wildix"},"image":{"@id":"https:\/\/old.wildix.com\/#\/schema\/logo\/image\/"}}]}},"_links":{"self":[{"href":"https:\/\/old.wildix.com\/es\/wp-json\/wp\/v2\/pages\/7836024"}],"collection":[{"href":"https:\/\/old.wildix.com\/es\/wp-json\/wp\/v2\/pages"}],"about":[{"href":"https:\/\/old.wildix.com\/es\/wp-json\/wp\/v2\/types\/page"}],"author":[{"embeddable":true,"href":"https:\/\/old.wildix.com\/es\/wp-json\/wp\/v2\/users\/6"}],"replies":[{"embeddable":true,"href":"https:\/\/old.wildix.com\/es\/wp-json\/wp\/v2\/comments?post=7836024"}],"version-history":[{"count":0,"href":"https:\/\/old.wildix.com\/es\/wp-json\/wp\/v2\/pages\/7836024\/revisions"}],"wp:attachment":[{"href":"https:\/\/old.wildix.com\/es\/wp-json\/wp\/v2\/media?parent=7836024"}],"curies":[{"name":"wp","href":"https:\/\/api.w.org\/{rel}","templated":true}]}}