{"id":7836129,"date":"2018-08-21T09:40:33","date_gmt":"2018-08-21T09:40:33","guid":{"rendered":"https:\/\/old2.wildix.com\/?page_id=7836129"},"modified":"2019-06-09T20:35:08","modified_gmt":"2019-06-09T20:35:08","slug":"wildix-collaboration-puesto-trabajo","status":"publish","type":"page","link":"https:\/\/old.wildix.com\/es\/wildix-collaboration-puesto-trabajo\/","title":{"rendered":"Wildix Collaboration \u2013 Puesto de Trabajo"},"content":{"rendered":"<section class=\"wpb-content-wrapper\">[mk_page_section bg_gradient=\u00bbleft_top\u00bb video_color_mask=\u00bb#003366&#8243; gr_end=\u00bb#90f3f2&#8243; video_opacity=\u00bb0.9&#8243; min_height=\u00bb250&#8243; full_width=\u00bbtrue\u00bb padding_top=\u00bb0&#8243; padding_bottom=\u00bb0&#8243; sidebar=\u00bbsidebar-1&#8243; first_page=\u00bbfalse\u00bb last_page=\u00bbfalse\u00bb][vc_column][mk_padding_divider size=\u00bb120&#8243; visibility=\u00bbhidden-sm\u00bb][mk_padding_divider size=\u00bb70&#8243; visibility=\u00bbvisible-sm\u00bb][mk_fancy_title tag_name=\u00bbh1&#8243; color=\u00bb#ffffff\u00bb size=\u00bb70&#8243; force_font_size=\u00bbtrue\u00bb size_smallscreen=\u00bb60&#8243; size_tablet=\u00bb50&#8243; size_phone=\u00bb40&#8243; font_weight=\u00bb300&#8243; font_style=\u00bbnormal\u00bb txt_transform=\u00bbnone\u00bb margin_bottom=\u00bb0&#8243; font_family=\u00bbnone\u00bb align=\u00bbcenter\u00bb]Wildix Collaboration \u2013<\/p>\n<p>Puesto de Trabajo[\/mk_fancy_title][mk_fancy_title tag_name=\u00bbspan\u00bb color=\u00bb#ffffff\u00bb size=\u00bb24&#8243; force_font_size=\u00bbtrue\u00bb size_smallscreen=\u00bb22&#8243; size_tablet=\u00bb22&#8243; size_phone=\u00bb20&#8243; font_weight=\u00bb300&#8243; font_style=\u00bbnormal\u00bb txt_transform=\u00bbnone\u00bb margin_bottom=\u00bb0&#8243; font_family=\u00bbnone\u00bb align=\u00bbcenter\u00bb]TAMBI\u00c9N PARA PERSONAS CON PROBLEMAS DE VISI\u00d3N[\/mk_fancy_title][mk_padding_divider size=\u00bb30&#8243;][\/vc_column][\/mk_page_section][vc_row][vc_column][mk_padding_divider size=\u00bb30&#8243;][mk_fancy_title size=\u00bb28&#8243; force_font_size=\u00bbtrue\u00bb size_smallscreen=\u00bb25&#8243; size_tablet=\u00bb25&#8243; size_phone=\u00bb20&#8243; txt_transform=\u00bbuppercase\u00bb margin_top=\u00bb20&#8243; margin_bottom=\u00bb10&#8243; font_family=\u00bbnone\u00bb align=\u00bbcenter\u00bb]M\u00c1XIMA SENCILLEZ, VELOCIDAD, PRACTICIDAD[\/mk_fancy_title][vc_column_text css=\u00bb.vc_custom_1558361431257{margin-bottom: 0px !important;}\u00bb]Los puestos de trabajo para colaboradores invidentes o con problemas de visi\u00f3n <strong>normalmente van requieren una gran inversi\u00f3n <\/strong>porque el mercado propone recursos de software y hardware dedicados,\u00a0<strong>con una programaci\u00f3n personalizada, dif\u00edcil de modificar <\/strong>sin arriesgarte a bloquear su funcionamiento.<\/p>\n<p>Wildix ha creado<strong> la soluci\u00f3n m\u00e1s completa y funcional para estos Puestos de Trabajo, integrada en la herramienta Wildix Collaboration:<\/strong> una interfaz intuitiva y simple que permite a los usuarios gestionar todo el tr\u00e1fico telef\u00f3nico con rapidez y sencillez. <strong>Compatibile con equipos Apple que cuentan con herramientas de apoyo para personas invidentes integradas en el sistema operativo.<\/strong><\/p>\n<p>Crear un nuevo puesto para personal con problemas de visi\u00f3n es muy f\u00e1cil. Wildix utiliza la<strong>\u00a0funci\u00f3n de VoiceOver integrada en el sistema Apple MAC OS X<\/strong> que, junto al\u00a0<strong>software Puesto de Trabajo de Wildix<\/strong>, garantiza la <strong>compatibilidad total con todos los dispositivos accesibles opcionales <\/strong>(pantalla braille).[\/vc_column_text][\/vc_column][\/vc_row][vc_row][vc_column][mk_padding_divider size=\u00bb30&#8243;][mk_fancy_title size=\u00bb28&#8243; force_font_size=\u00bbtrue\u00bb size_smallscreen=\u00bb25&#8243; size_tablet=\u00bb25&#8243; size_phone=\u00bb20&#8243; txt_transform=\u00bbuppercase\u00bb margin_top=\u00bb20&#8243; margin_bottom=\u00bb10&#8243; font_family=\u00bbnone\u00bb align=\u00bbcenter\u00bb]5 IDIOMAS, VARIOS USUARIOS, ACCESIBLE DESDE LA WEB[\/mk_fancy_title][mk_image src=\u00bbhttps:\/\/old.wildix.com\/wp-content\/uploads\/2018\/08\/wildix-posto-opetatore-opt.jpg\u00bb image_size=\u00bbfull\u00bb align=\u00bbcenter\u00bb margin_bottom=\u00bb30&#8243;][vc_column_text css=\u00bb.vc_custom_1558431618219{margin-bottom: 0px !important;}\u00bb]El Puesto de Trabajo individual de Wildix ofrece funciones espec\u00edficas para el control de las llamadas en ambientes muy concurridos, permite acceder a modalidades para varios usuarios, est\u00e1 disponible en 5 idiomas (italiano, ingl\u00e9s, franc\u00e9s, alem\u00e1n y espa\u00f1ol) y su interfaz es accesible desde la web.<\/p>\n<p>Es posible acceder al Puesto de Trabajo de Wildix desde cualquier navegador HTML5, sin necesidad de instalar ning\u00fan componente adicional.[\/vc_column_text][mk_padding_divider size=\u00bb30&#8243;][\/vc_column][\/vc_row][vc_row fullwidth=\u00bbtrue\u00bb fullwidth_content=\u00bbfalse\u00bb css=\u00bb.vc_custom_1534843993603{background-color: #f2f2f2 !important;}\u00bb][vc_column][mk_padding_divider size=\u00bb30&#8243;][mk_fancy_title size=\u00bb28&#8243; force_font_size=\u00bbtrue\u00bb size_smallscreen=\u00bb25&#8243; size_tablet=\u00bb25&#8243; size_phone=\u00bb20&#8243; txt_transform=\u00bbuppercase\u00bb margin_top=\u00bb20&#8243; margin_bottom=\u00bb10&#8243; font_family=\u00bbnone\u00bb align=\u00bbcenter\u00bb]CARACTER\u00cdSTICAS PRINCIPALES:[\/mk_fancy_title][mk_custom_list style=\u00bbmk-moon-circle-small\u00bb]\n<ul>\n<li>Se puede utilizar solo con el teclado num\u00e9rico<\/li>\n<li>Visualizaci\u00f3n de las llamadas no respondidas que han llegado al tel\u00e9fono y de las colas de llamadas indicadas<\/li>\n<li>Visualizaci\u00f3n de las llamadas en espera de ser transferidas o gestionadas<\/li>\n<li>Respuesta a llamadas entrantes<\/li>\n<li>Puesta en espera de llamadas<\/li>\n<li>Activaci\u00f3n de la grabaci\u00f3n de llamada<\/li>\n<li>Transferencia con\/sin consulta previa<\/li>\n<li>Trasferencia con consulta<\/li>\n<li>B\u00fasqueda inmediata de contactos para transferir por nombre\/grupo\/n\u00famero con visualizaci\u00f3n en tiempo real del estado del contacto<\/li>\n<\/ul>\n[\/mk_custom_list][mk_padding_divider size=\u00bb30&#8243;][\/vc_column][\/vc_row][vc_row][vc_column][mk_padding_divider size=\u00bb30&#8243;][mk_fancy_title size=\u00bb28&#8243; force_font_size=\u00bbtrue\u00bb size_smallscreen=\u00bb25&#8243; size_tablet=\u00bb25&#8243; size_phone=\u00bb20&#8243; txt_transform=\u00bbuppercase\u00bb margin_top=\u00bb20&#8243; margin_bottom=\u00bb10&#8243; font_family=\u00bbnone\u00bb align=\u00bbcenter\u00bb]LA SOLUCI\u00d3N PERFECTA PARA USUARIOS CON PROBLEMAS DE VISI\u00d3N:[\/mk_fancy_title][vc_column_text css=\u00bb.vc_custom_1558361791348{margin-bottom: 0px !important;}\u00bb]El Puesto de Trabajo Wildix es perfecto para integrar con el equipo (hardware\/software) adicional adecuado para trabajadores con<strong> problemas de visi\u00f3n y con problemas de motricidad en las extremidades<\/strong><strong>.<\/strong>[\/vc_column_text][\/vc_column][\/vc_row][vc_row][vc_column][mk_padding_divider size=\u00bb30&#8243;][mk_fancy_title size=\u00bb28&#8243; force_font_size=\u00bbtrue\u00bb size_smallscreen=\u00bb25&#8243; size_tablet=\u00bb25&#8243; size_phone=\u00bb20&#8243; txt_transform=\u00bbuppercase\u00bb margin_top=\u00bb20&#8243; margin_bottom=\u00bb10&#8243; font_family=\u00bbnone\u00bb align=\u00bbcenter\u00bb]EL PUESTO DE TRABAJO PARA INVIDENTES[\/mk_fancy_title][vc_column_text css=\u00bb.vc_custom_1558265553058{margin-bottom: 0px !important;}\u00bb]Crear un nuevo puesto de trabajo para personal invidente es muy sencillo. Wildix utiliza la funci\u00f3n de <strong>VoiceOver <\/strong>integrada en el sistema Apple MAC OS X que, junto al <strong>software<\/strong> <strong>Puesto de Trabajo de Wildix <\/strong>, garantiza la compatibilidad total con todos los dispositivos accesibles opcionales (pantalla braille).[\/vc_column_text][vc_row_inner][vc_column_inner width=\u00bb1\/4&#8243;][mk_padding_divider size=\u00bb30&#8243;][mk_image src=\u00bbhttps:\/\/old.wildix.com\/wp-content\/uploads\/2018\/08\/posto-operatore-non-vedenti-1.jpg\u00bb image_size=\u00bbfull\u00bb align=\u00bbcenter\u00bb margin_bottom=\u00bb30&#8243;][vc_column_text align=\u00bbcenter\u00bb css=\u00bb.vc_custom_1534844136979{margin-bottom: 0px !important;}\u00bb]Hardware[\/vc_column_text][mk_padding_divider size=\u00bb30&#8243;][\/vc_column_inner][vc_column_inner width=\u00bb1\/4&#8243;][mk_padding_divider size=\u00bb30&#8243;][mk_image src=\u00bbhttps:\/\/old.wildix.com\/wp-content\/uploads\/2018\/08\/posto-operatore-non-vedenti-2.jpg\u00bb image_size=\u00bbfull\u00bb align=\u00bbcenter\u00bb margin_bottom=\u00bb30&#8243;][vc_column_text align=\u00bbcenter\u00bb css=\u00bb.vc_custom_1558265599328{margin-bottom: 0px !important;}\u00bb]Dispositivos Braille[\/vc_column_text][mk_padding_divider size=\u00bb30&#8243;][\/vc_column_inner][vc_column_inner width=\u00bb1\/4&#8243;][mk_padding_divider size=\u00bb30&#8243;][mk_image src=\u00bbhttps:\/\/old.wildix.com\/wp-content\/uploads\/2018\/08\/posto-operatore-non-vedenti-3.jpg\u00bb image_size=\u00bbfull\u00bb align=\u00bbcenter\u00bb margin_bottom=\u00bb30&#8243;][vc_column_text align=\u00bbcenter\u00bb css=\u00bb.vc_custom_1558265612456{margin-bottom: 0px !important;}\u00bb]Soluci\u00f3n Apple<br \/>\nVoiceover integrada[\/vc_column_text][mk_padding_divider size=\u00bb30&#8243;][\/vc_column_inner][vc_column_inner width=\u00bb1\/4&#8243;][mk_padding_divider size=\u00bb30&#8243;][mk_image src=\u00bbhttps:\/\/old.wildix.com\/wp-content\/uploads\/2018\/08\/posto-operatore-non-vedenti-4.jpg\u00bb image_size=\u00bbfull\u00bb align=\u00bbcenter\u00bb margin_bottom=\u00bb30&#8243;][vc_column_text align=\u00bbcenter\u00bb css=\u00bb.vc_custom_1534844191637{margin-bottom: 0px !important;}\u00bb]Wildix Collaboration[\/vc_column_text][mk_padding_divider size=\u00bb30&#8243;][\/vc_column_inner][\/vc_row_inner][mk_custom_list style=\u00bbmk-moon-circle-small\u00bb]\n<ul>\n<li>Soluci\u00f3n<strong> Apple Voiceover integrada:<\/strong>\u00a0la funci\u00f3n de s\u00edntesis vocal ofrece la lectura autom\u00e1tica de las p\u00e1ginas web, la orden \u00abLee todo\u00bb, el resumen de la p\u00e1gina, compatibilidad con tablas web, etiquetas creadas por el usuario, verbosidad personalizable.<\/li>\n<li><strong>Dispositivo Braille<\/strong>\u00a0\/ opcional:<br \/>\nAlva \/ Optelec, APH, Baum, Eurobraille, Freedom Scientific, GW Micro, Handy Tech, HIMS, HumanWare, MDV, Ninepoint Systems, Papenmeir.<\/li>\n<\/ul>\n[\/mk_custom_list][\/vc_column][\/vc_row][vc_row][vc_column][mk_padding_divider size=\u00bb30&#8243;][mk_fancy_title size=\u00bb28&#8243; force_font_size=\u00bbtrue\u00bb size_smallscreen=\u00bb25&#8243; size_tablet=\u00bb25&#8243; size_phone=\u00bb20&#8243; txt_transform=\u00bbuppercase\u00bb margin_top=\u00bb20&#8243; margin_bottom=\u00bb10&#8243; font_family=\u00bbnone\u00bb align=\u00bbcenter\u00bb]EL PUESTO DE TRABAJO PARA PERSONAS CON PROBLEMAS DE VISI\u00d3N[\/mk_fancy_title][vc_column_text css=\u00bb.vc_custom_1558266267548{margin-bottom: 0px !important;}\u00bb]Crear un nuevo puesto de trabajo para personas con problemas de visi\u00f3n es muy sencillo. Basta con utilizar la funci\u00f3n de VoiceOver disponible en el sistema Apple MAC OS X y la lupa integrada, compatible con el Puesto de Trabajo Wildix.[\/vc_column_text][vc_row_inner][vc_column_inner width=\u00bb1\/4&#8243;][mk_padding_divider size=\u00bb30&#8243;][mk_image src=\u00bbhttps:\/\/old.wildix.com\/wp-content\/uploads\/2018\/08\/posto-operatore-non-vedenti-1.jpg\u00bb image_size=\u00bbfull\u00bb align=\u00bbcenter\u00bb margin_bottom=\u00bb30&#8243;][vc_column_text align=\u00bbcenter\u00bb css=\u00bb.vc_custom_1534844136979{margin-bottom: 0px !important;}\u00bb]Hardware[\/vc_column_text][mk_padding_divider size=\u00bb30&#8243;][\/vc_column_inner][vc_column_inner width=\u00bb1\/4&#8243;][mk_padding_divider size=\u00bb30&#8243;][mk_image src=\u00bbhttps:\/\/old.wildix.com\/wp-content\/uploads\/2018\/08\/posto-operatore-non-vedenti-2-2.jpg\u00bb image_size=\u00bbfull\u00bb align=\u00bbcenter\u00bb margin_bottom=\u00bb30&#8243;][vc_column_text align=\u00bbcenter\u00bb css=\u00bb.vc_custom_1558266295492{margin-bottom: 0px !important;}\u00bb]Funci\u00f3n Lupa[\/vc_column_text][mk_padding_divider size=\u00bb30&#8243;][\/vc_column_inner][vc_column_inner width=\u00bb1\/4&#8243;][mk_padding_divider size=\u00bb30&#8243;][mk_image src=\u00bbhttps:\/\/old.wildix.com\/wp-content\/uploads\/2018\/08\/posto-operatore-non-vedenti-3.jpg\u00bb image_size=\u00bbfull\u00bb align=\u00bbcenter\u00bb margin_bottom=\u00bb30&#8243;][vc_column_text align=\u00bbcenter\u00bb css=\u00bb.vc_custom_1558266304386{margin-bottom: 0px !important;}\u00bb]Soluci\u00f3n Apple<br \/>\nVoiceover integrada[\/vc_column_text][mk_padding_divider size=\u00bb30&#8243;][\/vc_column_inner][vc_column_inner width=\u00bb1\/4&#8243;][mk_padding_divider size=\u00bb30&#8243;][mk_image src=\u00bbhttps:\/\/old.wildix.com\/wp-content\/uploads\/2018\/08\/posto-operatore-non-vedenti-4.jpg\u00bb image_size=\u00bbfull\u00bb align=\u00bbcenter\u00bb margin_bottom=\u00bb30&#8243;][vc_column_text align=\u00bbcenter\u00bb css=\u00bb.vc_custom_1534844191637{margin-bottom: 0px !important;}\u00bb]Wildix Collaboration[\/vc_column_text][mk_padding_divider size=\u00bb30&#8243;][\/vc_column_inner][\/vc_row_inner][mk_custom_list style=\u00bbmk-moon-circle-small\u00bb]\n<ul>\n<li>Soluci\u00f3n<strong> Apple Voiceover integrada:<\/strong>\u00a0la funci\u00f3n de s\u00edntesis vocal ofrece la lectura autom\u00e1tica de las p\u00e1ginas web, la orden \u00abLee todo\u00bb, el resumen de la p\u00e1gina, compatibilidad con tablas web, etiquetas creadas por el usuario, verbosidad personalizable.<\/li>\n<li><strong>Funci\u00f3n lupa:<\/strong><br \/>\nLa funci\u00f3n lupa permite ampliar los elementos en pantalla hasta 40 veces, incluso utilizando la modalidad picture-in-picture que permite ver el \u00e1rea ampliada en una ventana, mientras la pantalla mantiene sus dimensiones originales. La ventana puede seguir el cursor o mantenerse fija en un punto y mostrar solo las secciones sobre las que se navega.<\/li>\n<\/ul>\n[\/mk_custom_list][mk_padding_divider size=\u00bb30&#8243;][\/vc_column][\/vc_row]\n<\/section>","protected":false},"excerpt":{"rendered":"<p>[mk_page_section bg_gradient=\u00bbleft_top\u00bb video_color_mask=\u00bb#003366&#8243; gr_end=\u00bb#90f3f2&#8243; video_opacity=\u00bb0.9&#8243; min_height=\u00bb250&#8243; full_width=\u00bbtrue\u00bb padding_top=\u00bb0&#8243; padding_bottom=\u00bb0&#8243; sidebar=\u00bbsidebar-1&#8243; first_page=\u00bbfalse\u00bb last_page=\u00bbfalse\u00bb][vc_column][mk_padding_divider size=\u00bb120&#8243; visibility=\u00bbhidden-sm\u00bb][mk_padding_divider size=\u00bb70&#8243; visibility=\u00bbvisible-sm\u00bb][mk_fancy_title tag_name=\u00bbh1&#8243; color=\u00bb#ffffff\u00bb size=\u00bb70&#8243; force_font_size=\u00bbtrue\u00bb size_smallscreen=\u00bb60&#8243; size_tablet=\u00bb50&#8243; size_phone=\u00bb40&#8243; font_weight=\u00bb300&#8243; font_style=\u00bbnormal\u00bb txt_transform=\u00bbnone\u00bb margin_bottom=\u00bb0&#8243; font_family=\u00bbnone\u00bb align=\u00bbcenter\u00bb]Wildix Collaboration \u2013 Puesto de Trabajo[\/mk_fancy_title][mk_fancy_title tag_name=\u00bbspan\u00bb color=\u00bb#ffffff\u00bb size=\u00bb24&#8243; force_font_size=\u00bbtrue\u00bb size_smallscreen=\u00bb22&#8243; size_tablet=\u00bb22&#8243; size_phone=\u00bb20&#8243; font_weight=\u00bb300&#8243; font_style=\u00bbnormal\u00bb txt_transform=\u00bbnone\u00bb margin_bottom=\u00bb0&#8243; font_family=\u00bbnone\u00bb align=\u00bbcenter\u00bb]TAMBI\u00c9N PARA PERSONAS CON PROBLEMAS DE VISI\u00d3N[\/mk_fancy_title][mk_padding_divider size=\u00bb30&#8243;][\/vc_column][\/mk_page_section][vc_row][vc_column][mk_padding_divider size=\u00bb30&#8243;][mk_fancy_title [&hellip;]<\/p>\n","protected":false},"author":6,"featured_media":0,"parent":0,"menu_order":0,"comment_status":"closed","ping_status":"closed","template":"","meta":{"wpupg_custom_link":[],"wpupg_custom_link_behaviour":[],"wpupg_custom_image":[],"wpupg_custom_image_id":[],"footnotes":""},"acf":[],"yoast_head":"<!-- This site is optimized with the Yoast SEO plugin v21.8 - https:\/\/yoast.com\/wordpress\/plugins\/seo\/ -->\n<title>Wildix Collaboration - Puesto de Trabajo<\/title>\n<meta name=\"description\" content=\"Wildix Puesto de Trabajo, accesible para todos: tambi\u00e9n para personas con problemas de visi\u00f3n.\" \/>\n<meta name=\"robots\" content=\"noindex, follow, max-snippet:-1, max-image-preview:large, max-video-preview:-1\" \/>\n<meta property=\"og:locale\" content=\"es_ES\" \/>\n<meta property=\"og:type\" content=\"article\" \/>\n<meta property=\"og:title\" content=\"Wildix Collaboration - Puesto de Trabajo\" \/>\n<meta property=\"og:description\" content=\"Wildix Puesto de Trabajo, accesible para todos: tambi\u00e9n para personas con problemas de visi\u00f3n.\" \/>\n<meta property=\"og:url\" content=\"https:\/\/old.wildix.com\/es\/wildix-collaboration-puesto-trabajo\/\" \/>\n<meta property=\"og:site_name\" content=\"Wildix\" \/>\n<meta property=\"article:modified_time\" content=\"2019-06-09T20:35:08+00:00\" \/>\n<meta name=\"twitter:card\" content=\"summary_large_image\" \/>\n<meta name=\"twitter:label1\" content=\"Tiempo de lectura\" \/>\n\t<meta name=\"twitter:data1\" content=\"8 minutos\" \/>\n<script type=\"application\/ld+json\" class=\"yoast-schema-graph\">{\"@context\":\"https:\/\/schema.org\",\"@graph\":[{\"@type\":\"WebPage\",\"@id\":\"https:\/\/old.wildix.com\/es\/wildix-collaboration-puesto-trabajo\/\",\"url\":\"https:\/\/old.wildix.com\/es\/wildix-collaboration-puesto-trabajo\/\",\"name\":\"Wildix Collaboration - Puesto de Trabajo\",\"isPartOf\":{\"@id\":\"https:\/\/old.wildix.com\/#website\"},\"datePublished\":\"2018-08-21T09:40:33+00:00\",\"dateModified\":\"2019-06-09T20:35:08+00:00\",\"description\":\"Wildix Puesto de Trabajo, accesible para todos: tambi\u00e9n para personas con problemas de visi\u00f3n.\",\"breadcrumb\":{\"@id\":\"https:\/\/old.wildix.com\/es\/wildix-collaboration-puesto-trabajo\/#breadcrumb\"},\"inLanguage\":\"es\",\"potentialAction\":[{\"@type\":\"ReadAction\",\"target\":[\"https:\/\/old.wildix.com\/es\/wildix-collaboration-puesto-trabajo\/\"]}]},{\"@type\":\"BreadcrumbList\",\"@id\":\"https:\/\/old.wildix.com\/es\/wildix-collaboration-puesto-trabajo\/#breadcrumb\",\"itemListElement\":[{\"@type\":\"ListItem\",\"position\":1,\"name\":\"Home\",\"item\":\"https:\/\/old.wildix.com\/\"},{\"@type\":\"ListItem\",\"position\":2,\"name\":\"Wildix Collaboration \u2013 Puesto de Trabajo\"}]},{\"@type\":\"WebSite\",\"@id\":\"https:\/\/old.wildix.com\/#website\",\"url\":\"https:\/\/old.wildix.com\/\",\"name\":\"Wildix\",\"description\":\"Wildix PBX | VoIP Solutions | Unified Communications | WebRTC\",\"publisher\":{\"@id\":\"https:\/\/old.wildix.com\/#organization\"},\"potentialAction\":[{\"@type\":\"SearchAction\",\"target\":{\"@type\":\"EntryPoint\",\"urlTemplate\":\"https:\/\/old.wildix.com\/?s={search_term_string}\"},\"query-input\":\"required name=search_term_string\"}],\"inLanguage\":\"es\"},{\"@type\":\"Organization\",\"@id\":\"https:\/\/old.wildix.com\/#organization\",\"name\":\"Wildix\",\"url\":\"https:\/\/old.wildix.com\/\",\"logo\":{\"@type\":\"ImageObject\",\"inLanguage\":\"es\",\"@id\":\"https:\/\/old.wildix.com\/#\/schema\/logo\/image\/\",\"url\":\"https:\/\/old.wildix.com\/wp-content\/uploads\/2018\/04\/wildix-logo-2.png\",\"contentUrl\":\"https:\/\/old.wildix.com\/wp-content\/uploads\/2018\/04\/wildix-logo-2.png\",\"width\":440,\"height\":200,\"caption\":\"Wildix\"},\"image\":{\"@id\":\"https:\/\/old.wildix.com\/#\/schema\/logo\/image\/\"}}]}<\/script>\n<!-- \/ Yoast SEO plugin. -->","yoast_head_json":{"title":"Wildix Collaboration - Puesto de Trabajo","description":"Wildix Puesto de Trabajo, accesible para todos: tambi\u00e9n para personas con problemas de visi\u00f3n.","robots":{"index":"noindex","follow":"follow","max-snippet":"max-snippet:-1","max-image-preview":"max-image-preview:large","max-video-preview":"max-video-preview:-1"},"og_locale":"es_ES","og_type":"article","og_title":"Wildix Collaboration - Puesto de Trabajo","og_description":"Wildix Puesto de Trabajo, accesible para todos: tambi\u00e9n para personas con problemas de visi\u00f3n.","og_url":"https:\/\/old.wildix.com\/es\/wildix-collaboration-puesto-trabajo\/","og_site_name":"Wildix","article_modified_time":"2019-06-09T20:35:08+00:00","twitter_card":"summary_large_image","twitter_misc":{"Tiempo de lectura":"8 minutos"},"schema":{"@context":"https:\/\/schema.org","@graph":[{"@type":"WebPage","@id":"https:\/\/old.wildix.com\/es\/wildix-collaboration-puesto-trabajo\/","url":"https:\/\/old.wildix.com\/es\/wildix-collaboration-puesto-trabajo\/","name":"Wildix Collaboration - Puesto de Trabajo","isPartOf":{"@id":"https:\/\/old.wildix.com\/#website"},"datePublished":"2018-08-21T09:40:33+00:00","dateModified":"2019-06-09T20:35:08+00:00","description":"Wildix Puesto de Trabajo, accesible para todos: tambi\u00e9n para personas con problemas de visi\u00f3n.","breadcrumb":{"@id":"https:\/\/old.wildix.com\/es\/wildix-collaboration-puesto-trabajo\/#breadcrumb"},"inLanguage":"es","potentialAction":[{"@type":"ReadAction","target":["https:\/\/old.wildix.com\/es\/wildix-collaboration-puesto-trabajo\/"]}]},{"@type":"BreadcrumbList","@id":"https:\/\/old.wildix.com\/es\/wildix-collaboration-puesto-trabajo\/#breadcrumb","itemListElement":[{"@type":"ListItem","position":1,"name":"Home","item":"https:\/\/old.wildix.com\/"},{"@type":"ListItem","position":2,"name":"Wildix Collaboration \u2013 Puesto de Trabajo"}]},{"@type":"WebSite","@id":"https:\/\/old.wildix.com\/#website","url":"https:\/\/old.wildix.com\/","name":"Wildix","description":"Wildix PBX | VoIP Solutions | Unified Communications | WebRTC","publisher":{"@id":"https:\/\/old.wildix.com\/#organization"},"potentialAction":[{"@type":"SearchAction","target":{"@type":"EntryPoint","urlTemplate":"https:\/\/old.wildix.com\/?s={search_term_string}"},"query-input":"required name=search_term_string"}],"inLanguage":"es"},{"@type":"Organization","@id":"https:\/\/old.wildix.com\/#organization","name":"Wildix","url":"https:\/\/old.wildix.com\/","logo":{"@type":"ImageObject","inLanguage":"es","@id":"https:\/\/old.wildix.com\/#\/schema\/logo\/image\/","url":"https:\/\/old.wildix.com\/wp-content\/uploads\/2018\/04\/wildix-logo-2.png","contentUrl":"https:\/\/old.wildix.com\/wp-content\/uploads\/2018\/04\/wildix-logo-2.png","width":440,"height":200,"caption":"Wildix"},"image":{"@id":"https:\/\/old.wildix.com\/#\/schema\/logo\/image\/"}}]}},"_links":{"self":[{"href":"https:\/\/old.wildix.com\/es\/wp-json\/wp\/v2\/pages\/7836129"}],"collection":[{"href":"https:\/\/old.wildix.com\/es\/wp-json\/wp\/v2\/pages"}],"about":[{"href":"https:\/\/old.wildix.com\/es\/wp-json\/wp\/v2\/types\/page"}],"author":[{"embeddable":true,"href":"https:\/\/old.wildix.com\/es\/wp-json\/wp\/v2\/users\/6"}],"replies":[{"embeddable":true,"href":"https:\/\/old.wildix.com\/es\/wp-json\/wp\/v2\/comments?post=7836129"}],"version-history":[{"count":0,"href":"https:\/\/old.wildix.com\/es\/wp-json\/wp\/v2\/pages\/7836129\/revisions"}],"wp:attachment":[{"href":"https:\/\/old.wildix.com\/es\/wp-json\/wp\/v2\/media?parent=7836129"}],"curies":[{"name":"wp","href":"https:\/\/api.w.org\/{rel}","templated":true}]}}