{"id":7836147,"date":"2018-04-18T07:54:10","date_gmt":"2018-04-18T07:54:10","guid":{"rendered":"https:\/\/old2.wildix.com\/?page_id=7836147"},"modified":"2021-04-13T13:08:29","modified_gmt":"2021-04-13T13:08:29","slug":"mobilidad-de-empresa","status":"publish","type":"page","link":"https:\/\/old.wildix.com\/es\/mobilidad-de-empresa\/","title":{"rendered":"Wildix Mobility Enterprise"},"content":{"rendered":"<section class=\"wpb-content-wrapper\">[mk_page_section video_color_mask=\u00bb#003366&#8243; video_opacity=\u00bb0.9&#8243; min_height=\u00bb250&#8243; full_width=\u00bbtrue\u00bb padding_top=\u00bb0&#8243; padding_bottom=\u00bb0&#8243; sidebar=\u00bbsidebar-1&#8243; first_page=\u00bbfalse\u00bb last_page=\u00bbfalse\u00bb][vc_column][mk_padding_divider size=\u00bb120&#8243; visibility=\u00bbhidden-sm\u00bb][mk_padding_divider size=\u00bb70&#8243; visibility=\u00bbvisible-sm\u00bb][mk_fancy_title tag_name=\u00bbh1&#8243; color=\u00bb#ffffff\u00bb size=\u00bb70&#8243; force_font_size=\u00bbtrue\u00bb size_smallscreen=\u00bb60&#8243; size_tablet=\u00bb50&#8243; size_phone=\u00bb40&#8243; font_weight=\u00bb300&#8243; font_style=\u00bbnormal\u00bb txt_transform=\u00bbnone\u00bb margin_bottom=\u00bb0&#8243; font_family=\u00bbnone\u00bb align=\u00bbcenter\u00bb]Wildix Mobilidad de empresa[\/mk_fancy_title][mk_fancy_title tag_name=\u00bbspan\u00bb color=\u00bb#ffffff\u00bb size=\u00bb24&#8243; force_font_size=\u00bbtrue\u00bb size_smallscreen=\u00bb22&#8243; size_tablet=\u00bb22&#8243; size_phone=\u00bb20&#8243; font_weight=\u00bb300&#8243; font_style=\u00bbnormal\u00bb txt_transform=\u00bbnone\u00bb margin_bottom=\u00bb0&#8243; font_family=\u00bbnone\u00bb align=\u00bbcenter\u00bb]Decide cu\u00e1ndo estar disponible[\/mk_fancy_title][mk_padding_divider size=\u00bb30&#8243;][\/vc_column][\/mk_page_section][vc_row][vc_column][mk_padding_divider size=\u00bb60&#8243;][\/vc_column][\/vc_row][vc_row][vc_column][vc_column_text css=\u00bb.vc_custom_1558300482612{margin-bottom: 0px !important;}\u00bb]\n<h2 style=\"text-align: center;\">\u00bfGESTIONAR TODAS LAS LLAMADAS COMO SI ESTUVIERAS EN LA OFICINA?<\/h2>\n[\/vc_column_text][vc_column_text css=\u00bb.vc_custom_1558300494069{margin-bottom: 0px !important;}\u00bb]\n<h2 style=\"text-align: center;\">S\u00cd, ES POSIBLE.<\/h2>\n[\/vc_column_text][vc_column_text css=\u00bb.vc_custom_1558432041160{margin-bottom: 0px !important;}\u00bb]Hoy en d\u00eda la <strong>movilidad<\/strong> no es una opci\u00f3n: se ha convertido en una\u00a0 <strong>obligaci\u00f3n, <\/strong>un servicio tan fundamental que se ha vuelto imprescindible.<\/p>\n<p>Wildix Mobility es un servicio<strong> programable <\/strong>y <strong>flexible<\/strong> con el que puedes decidir si:<\/p>\n<ul>\n<li>Quieres que suene tu dispositivo m\u00f3vil<strong> al mismo tiempo <\/strong>que el fijo.<\/li>\n<li>Quieres que suene tu dispositivo m\u00f3vil<strong> unos segundos despu\u00e9s <\/strong>que el fijo.<\/li>\n<li>Quieres que suene tu dispositivo m\u00f3vil en <strong>una determinada franja horaria<\/strong>.<\/li>\n<li>Quieres que suenen todos tus dispositivos m\u00f3viles al mismo tiempo o <strong>de forma consecutiva.<\/strong><\/li>\n<\/ul>\n[\/vc_column_text][\/vc_column][\/vc_row][vc_row][vc_column width=\u00bb2\/3&#8243;][vc_empty_space height=\u00bb60px\u00bb][mk_image src=\u00bbhttps:\/\/old.wildix.com\/wp-content\/uploads\/2019\/05\/wildix-administration-software-1.jpg\u00bb image_size=\u00bbfull\u00bb align=\u00bbcenter\u00bb][vc_column_text align=\u00bbcenter\u00bb css=\u00bb.vc_custom_1568018072572{margin-bottom: 0px !important;}\u00bb]\n<p style=\"text-align: center;\"><strong>EN TODAS PARTES. UN SOLO N\u00daMERO. CUALQUIER DISPOSITIVO.<\/strong><\/p>\n[\/vc_column_text][vc_empty_space][\/vc_column][vc_column width=\u00bb1\/3&#8243;][vc_empty_space height=\u00bb60px\u00bb][vc_column_text css=\u00bb.vc_custom_1568018047912{margin-bottom: 0px !important;}\u00bb]\n<h3>UN SOLO N\u00daMERO<\/h3>\n[\/vc_column_text][vc_column_text css=\u00bb.vc_custom_1568018057325{margin-bottom: 0px !important;}\u00bb]\n<ul>\n<li>Gesti\u00f3n de las llamadas en movilidad (smartphone, tel\u00e9fono fijo, ordenador port\u00e1til)<\/li>\n<li>Transferencia de llamadas<\/li>\n<li>Conferencia<\/li>\n<li>Buz\u00f3n de voz<\/li>\n<li>Agendas compartidas<\/li>\n<\/ul>\n[\/vc_column_text][\/vc_column][\/vc_row][vc_row css=\u00bb.vc_custom_1559053498750{margin-top: 0px !important;border-top-width: 0px !important;padding-top: 0px !important;}\u00bb][vc_column][mk_divider style=\u00bbthin_solid\u00bb thin_color_style=\u00bbgradient_color\u00bb thin_grandient_color_from=\u00bb#3edbd9&#8243; thin_grandient_color_to=\u00bb#5841b8&#8243; thin_gradient_color_angle=\u00bbhorizontal\u00bb thin_grandient_color_fallback=\u00bb#3edbd9&#8243; thickness=\u00bb5&#8243; margin_top=\u00bb0&#8243;][\/vc_column][\/vc_row][vc_row css=\u00bb.vc_custom_1559053745406{background-color: #ffffff !important;}\u00bb][vc_column width=\u00bb1\/6&#8243;][\/vc_column][vc_column width=\u00bb2\/6&#8243;][mk_padding_divider size=\u00bb30&#8243;][mk_button dimension=\u00bbflat\u00bb corner_style=\u00bbrounded\u00bb size=\u00bbmedium\u00bb icon=\u00bbmk-jupiter-icon-doc\u00bb icon_anim=\u00bbside\u00bb url=\u00bbhttps:\/\/manuals.wildix.com\/#mobility\u00bb target=\u00bb_blank\u00bb align=\u00bbcenter\u00bb fullwidth=\u00bbtrue\u00bb bg_color=\u00bb#3c72a2&#8243; btn_hover_txt_color=\u00bb#ffffff\u00bb]Documentaci\u00f3n[\/mk_button][mk_padding_divider size=\u00bb30&#8243;][\/vc_column][vc_column width=\u00bb2\/6&#8243;][mk_padding_divider size=\u00bb30&#8243;][mk_button dimension=\u00bbflat\u00bb corner_style=\u00bbrounded\u00bb size=\u00bbmedium\u00bb icon=\u00bbmk-moon-mobile\u00bb icon_anim=\u00bbside\u00bb url=\u00bb\/es\/ios-y-android-app-movil\/\u00bb target=\u00bb_blank\u00bb align=\u00bbcenter\u00bb fullwidth=\u00bbtrue\u00bb bg_color=\u00bb#3c72a2&#8243; btn_hover_txt_color=\u00bb#ffffff\u00bb]Collaboration Mobile App[\/mk_button][mk_padding_divider size=\u00bb30&#8243;][\/vc_column][vc_column width=\u00bb1\/6&#8243;][\/vc_column][\/vc_row][vc_row][vc_column][mk_blockquote font_family=\u00bbnone\u00bb]<strong><img decoding=\"async\" class=\"wp-image-6678 size-full alignleft\" src=\"https:\/\/old.wildix.com\/wp-content\/uploads\/2018\/04\/telefonia-alto-adige-logo.jpg\" alt=\"\" width=\"252\" height=\"98\" \/><\/strong><\/p>\n<p><strong>TeAA Networks<\/strong>, socio de Wildix y empresa<strong> l\u00edder en el sector de la telefon\u00eda<\/strong>, especializada en la instalaci\u00f3n de soluciones de voz y datos en la regi\u00f3n italiana de Trentino Alto Adige, ha obtenido incre\u00edbles resultados gracias a la soluci\u00f3n m\u00f3vil de Wildix.<\/p>\n<p>La empresa cuenta con 20 t\u00e9cnicos dotados con un tel\u00e9fono m\u00f3vil de empresa que cada d\u00eda trabajan en movilidad en distintos puntos del territorio. Gracias al sistema Wildix Mobility Enterprise, ha sido posible<strong> optimizar <\/strong>la enorme<strong> cantidad de tr\u00e1fico telef\u00f3nico <\/strong>generada por los colaboradores.<\/p>\n<h3>\u00bfC\u00d3MO?<\/h3>\n<p><strong>Limitando el tr\u00e1fico de voz <\/strong>para permitir \u00fanicamente<strong> llamadas a los n\u00fameros de la empresa<\/strong>. Cada m\u00f3vil de servicio pasa a trav\u00e9s de la red central y est\u00e1 sujeto a una serie de restricciones: cada t\u00e9cnico solo puede llamar a los n\u00fameros de tel\u00e9fono que han sido previamente guardados en las agendas y que pertenecen a los clientes.[\/mk_blockquote][vc_empty_space height=\u00bb30px\u00bb][\/vc_column][\/vc_row][vc_row fullwidth=\u00bbtrue\u00bb fullwidth_content=\u00bbfalse\u00bb css=\u00bb.vc_custom_1563980243307{background-color: #003366 !important;}\u00bb][vc_column][mk_padding_divider][vc_row_inner][vc_column_inner width=\u00bb1\/2&#8243;][mk_button dimension=\u00bbflat\u00bb corner_style=\u00bbrounded\u00bb size=\u00bblarge\u00bb icon=\u00bbmk-moon-arrow-left\u00bb icon_anim=\u00bbside\u00bb url=\u00bb\/es\/acd-stats-x-caracal\/\u00bb align=\u00bbright\u00bb button_custom_width=\u00bb200&#8243; bg_color=\u00bb#dd9933&#8243; btn_hover_txt_color=\u00bb#ffffff\u00bb]Anterior[\/mk_button][\/vc_column_inner][vc_column_inner width=\u00bb1\/2&#8243;][mk_button dimension=\u00bbflat\u00bb corner_style=\u00bbrounded\u00bb size=\u00bblarge\u00bb icon=\u00bbmk-moon-arrow-right-2&#8243; icon_anim=\u00bbside\u00bb url=\u00bb\/es\/ios-y-android-app-movil\/\u00bb button_custom_width=\u00bb200&#8243; bg_color=\u00bb#dd9933&#8243; btn_hover_txt_color=\u00bb#ffffff\u00bb]Siguiente[\/mk_button][\/vc_column_inner][\/vc_row_inner][mk_padding_divider size=\u00bb20&#8243;][\/vc_column][\/vc_row]\n<\/section>","protected":false},"excerpt":{"rendered":"<p>[mk_page_section video_color_mask=\u00bb#003366&#8243; video_opacity=\u00bb0.9&#8243; min_height=\u00bb250&#8243; full_width=\u00bbtrue\u00bb padding_top=\u00bb0&#8243; padding_bottom=\u00bb0&#8243; sidebar=\u00bbsidebar-1&#8243; first_page=\u00bbfalse\u00bb last_page=\u00bbfalse\u00bb][vc_column][mk_padding_divider size=\u00bb120&#8243; visibility=\u00bbhidden-sm\u00bb][mk_padding_divider size=\u00bb70&#8243; visibility=\u00bbvisible-sm\u00bb][mk_fancy_title tag_name=\u00bbh1&#8243; color=\u00bb#ffffff\u00bb size=\u00bb70&#8243; force_font_size=\u00bbtrue\u00bb size_smallscreen=\u00bb60&#8243; size_tablet=\u00bb50&#8243; size_phone=\u00bb40&#8243; font_weight=\u00bb300&#8243; font_style=\u00bbnormal\u00bb txt_transform=\u00bbnone\u00bb margin_bottom=\u00bb0&#8243; font_family=\u00bbnone\u00bb align=\u00bbcenter\u00bb]Wildix Mobilidad de empresa[\/mk_fancy_title][mk_fancy_title tag_name=\u00bbspan\u00bb color=\u00bb#ffffff\u00bb size=\u00bb24&#8243; force_font_size=\u00bbtrue\u00bb size_smallscreen=\u00bb22&#8243; size_tablet=\u00bb22&#8243; size_phone=\u00bb20&#8243; font_weight=\u00bb300&#8243; font_style=\u00bbnormal\u00bb txt_transform=\u00bbnone\u00bb margin_bottom=\u00bb0&#8243; font_family=\u00bbnone\u00bb align=\u00bbcenter\u00bb]Decide cu\u00e1ndo estar disponible[\/mk_fancy_title][mk_padding_divider size=\u00bb30&#8243;][\/vc_column][\/mk_page_section][vc_row][vc_column][mk_padding_divider size=\u00bb60&#8243;][\/vc_column][\/vc_row][vc_row][vc_column][vc_column_text css=\u00bb.vc_custom_1558300482612{margin-bottom: 0px !important;}\u00bb] \u00bfGESTIONAR TODAS LAS LLAMADAS [&hellip;]<\/p>\n","protected":false},"author":6,"featured_media":0,"parent":0,"menu_order":10,"comment_status":"closed","ping_status":"closed","template":"","meta":{"wpupg_custom_link":[],"wpupg_custom_link_behaviour":["default"],"wpupg_custom_image":[],"wpupg_custom_image_id":[],"footnotes":""},"acf":[],"yoast_head":"<!-- This site is optimized with the Yoast SEO plugin v21.8 - https:\/\/yoast.com\/wordpress\/plugins\/seo\/ -->\n<title>La movilidad que necesita tu negocio<\/title>\n<meta name=\"description\" content=\"Gesti\u00f3n de la comunicaci\u00f3n en movilidad con Wildix: conferencia, transferencia de llamadas, buz\u00f3n de voz con cualquier dispositivo (tel\u00e9fono m\u00f3vil, fijo, ordenador port\u00e1til),\" \/>\n<meta name=\"robots\" content=\"noindex, follow, max-snippet:-1, max-image-preview:large, max-video-preview:-1\" \/>\n<meta property=\"og:locale\" content=\"es_ES\" \/>\n<meta property=\"og:type\" content=\"article\" \/>\n<meta property=\"og:title\" content=\"La movilidad que necesita tu negocio\" \/>\n<meta property=\"og:description\" content=\"Gesti\u00f3n de la comunicaci\u00f3n en movilidad con Wildix: conferencia, transferencia de llamadas, buz\u00f3n de voz con cualquier dispositivo (tel\u00e9fono m\u00f3vil, fijo, ordenador port\u00e1til),\" \/>\n<meta property=\"og:url\" content=\"https:\/\/old.wildix.com\/es\/mobilidad-de-empresa\/\" \/>\n<meta property=\"og:site_name\" content=\"Wildix\" \/>\n<meta property=\"article:modified_time\" content=\"2021-04-13T13:08:29+00:00\" \/>\n<meta property=\"og:image\" content=\"https:\/\/old.wildix.com\/wp-content\/uploads\/2018\/04\/telefonia-alto-adige-logo.jpg\" \/>\n<meta name=\"twitter:card\" content=\"summary_large_image\" \/>\n<meta name=\"twitter:label1\" content=\"Tiempo de lectura\" \/>\n\t<meta name=\"twitter:data1\" content=\"4 minutos\" \/>\n<script type=\"application\/ld+json\" class=\"yoast-schema-graph\">{\"@context\":\"https:\/\/schema.org\",\"@graph\":[{\"@type\":\"WebPage\",\"@id\":\"https:\/\/old.wildix.com\/es\/mobilidad-de-empresa\/\",\"url\":\"https:\/\/old.wildix.com\/es\/mobilidad-de-empresa\/\",\"name\":\"La movilidad que necesita tu negocio\",\"isPartOf\":{\"@id\":\"https:\/\/old.wildix.com\/#website\"},\"datePublished\":\"2018-04-18T07:54:10+00:00\",\"dateModified\":\"2021-04-13T13:08:29+00:00\",\"description\":\"Gesti\u00f3n de la comunicaci\u00f3n en movilidad con Wildix: conferencia, transferencia de llamadas, buz\u00f3n de voz con cualquier dispositivo (tel\u00e9fono m\u00f3vil, fijo, ordenador port\u00e1til),\",\"breadcrumb\":{\"@id\":\"https:\/\/old.wildix.com\/es\/mobilidad-de-empresa\/#breadcrumb\"},\"inLanguage\":\"es\",\"potentialAction\":[{\"@type\":\"ReadAction\",\"target\":[\"https:\/\/old.wildix.com\/es\/mobilidad-de-empresa\/\"]}]},{\"@type\":\"BreadcrumbList\",\"@id\":\"https:\/\/old.wildix.com\/es\/mobilidad-de-empresa\/#breadcrumb\",\"itemListElement\":[{\"@type\":\"ListItem\",\"position\":1,\"name\":\"Home\",\"item\":\"https:\/\/old.wildix.com\/\"},{\"@type\":\"ListItem\",\"position\":2,\"name\":\"Wildix Mobility Enterprise\"}]},{\"@type\":\"WebSite\",\"@id\":\"https:\/\/old.wildix.com\/#website\",\"url\":\"https:\/\/old.wildix.com\/\",\"name\":\"Wildix\",\"description\":\"Wildix PBX | VoIP Solutions | Unified Communications | WebRTC\",\"publisher\":{\"@id\":\"https:\/\/old.wildix.com\/#organization\"},\"potentialAction\":[{\"@type\":\"SearchAction\",\"target\":{\"@type\":\"EntryPoint\",\"urlTemplate\":\"https:\/\/old.wildix.com\/?s={search_term_string}\"},\"query-input\":\"required name=search_term_string\"}],\"inLanguage\":\"es\"},{\"@type\":\"Organization\",\"@id\":\"https:\/\/old.wildix.com\/#organization\",\"name\":\"Wildix\",\"url\":\"https:\/\/old.wildix.com\/\",\"logo\":{\"@type\":\"ImageObject\",\"inLanguage\":\"es\",\"@id\":\"https:\/\/old.wildix.com\/#\/schema\/logo\/image\/\",\"url\":\"https:\/\/old.wildix.com\/wp-content\/uploads\/2018\/04\/wildix-logo-2.png\",\"contentUrl\":\"https:\/\/old.wildix.com\/wp-content\/uploads\/2018\/04\/wildix-logo-2.png\",\"width\":440,\"height\":200,\"caption\":\"Wildix\"},\"image\":{\"@id\":\"https:\/\/old.wildix.com\/#\/schema\/logo\/image\/\"}}]}<\/script>\n<!-- \/ Yoast SEO plugin. -->","yoast_head_json":{"title":"La movilidad que necesita tu negocio","description":"Gesti\u00f3n de la comunicaci\u00f3n en movilidad con Wildix: conferencia, transferencia de llamadas, buz\u00f3n de voz con cualquier dispositivo (tel\u00e9fono m\u00f3vil, fijo, ordenador port\u00e1til),","robots":{"index":"noindex","follow":"follow","max-snippet":"max-snippet:-1","max-image-preview":"max-image-preview:large","max-video-preview":"max-video-preview:-1"},"og_locale":"es_ES","og_type":"article","og_title":"La movilidad que necesita tu negocio","og_description":"Gesti\u00f3n de la comunicaci\u00f3n en movilidad con Wildix: conferencia, transferencia de llamadas, buz\u00f3n de voz con cualquier dispositivo (tel\u00e9fono m\u00f3vil, fijo, ordenador port\u00e1til),","og_url":"https:\/\/old.wildix.com\/es\/mobilidad-de-empresa\/","og_site_name":"Wildix","article_modified_time":"2021-04-13T13:08:29+00:00","og_image":[{"url":"https:\/\/old.wildix.com\/wp-content\/uploads\/2018\/04\/telefonia-alto-adige-logo.jpg"}],"twitter_card":"summary_large_image","twitter_misc":{"Tiempo de lectura":"4 minutos"},"schema":{"@context":"https:\/\/schema.org","@graph":[{"@type":"WebPage","@id":"https:\/\/old.wildix.com\/es\/mobilidad-de-empresa\/","url":"https:\/\/old.wildix.com\/es\/mobilidad-de-empresa\/","name":"La movilidad que necesita tu negocio","isPartOf":{"@id":"https:\/\/old.wildix.com\/#website"},"datePublished":"2018-04-18T07:54:10+00:00","dateModified":"2021-04-13T13:08:29+00:00","description":"Gesti\u00f3n de la comunicaci\u00f3n en movilidad con Wildix: conferencia, transferencia de llamadas, buz\u00f3n de voz con cualquier dispositivo (tel\u00e9fono m\u00f3vil, fijo, ordenador port\u00e1til),","breadcrumb":{"@id":"https:\/\/old.wildix.com\/es\/mobilidad-de-empresa\/#breadcrumb"},"inLanguage":"es","potentialAction":[{"@type":"ReadAction","target":["https:\/\/old.wildix.com\/es\/mobilidad-de-empresa\/"]}]},{"@type":"BreadcrumbList","@id":"https:\/\/old.wildix.com\/es\/mobilidad-de-empresa\/#breadcrumb","itemListElement":[{"@type":"ListItem","position":1,"name":"Home","item":"https:\/\/old.wildix.com\/"},{"@type":"ListItem","position":2,"name":"Wildix Mobility Enterprise"}]},{"@type":"WebSite","@id":"https:\/\/old.wildix.com\/#website","url":"https:\/\/old.wildix.com\/","name":"Wildix","description":"Wildix PBX | VoIP Solutions | Unified Communications | WebRTC","publisher":{"@id":"https:\/\/old.wildix.com\/#organization"},"potentialAction":[{"@type":"SearchAction","target":{"@type":"EntryPoint","urlTemplate":"https:\/\/old.wildix.com\/?s={search_term_string}"},"query-input":"required name=search_term_string"}],"inLanguage":"es"},{"@type":"Organization","@id":"https:\/\/old.wildix.com\/#organization","name":"Wildix","url":"https:\/\/old.wildix.com\/","logo":{"@type":"ImageObject","inLanguage":"es","@id":"https:\/\/old.wildix.com\/#\/schema\/logo\/image\/","url":"https:\/\/old.wildix.com\/wp-content\/uploads\/2018\/04\/wildix-logo-2.png","contentUrl":"https:\/\/old.wildix.com\/wp-content\/uploads\/2018\/04\/wildix-logo-2.png","width":440,"height":200,"caption":"Wildix"},"image":{"@id":"https:\/\/old.wildix.com\/#\/schema\/logo\/image\/"}}]}},"_links":{"self":[{"href":"https:\/\/old.wildix.com\/es\/wp-json\/wp\/v2\/pages\/7836147"}],"collection":[{"href":"https:\/\/old.wildix.com\/es\/wp-json\/wp\/v2\/pages"}],"about":[{"href":"https:\/\/old.wildix.com\/es\/wp-json\/wp\/v2\/types\/page"}],"author":[{"embeddable":true,"href":"https:\/\/old.wildix.com\/es\/wp-json\/wp\/v2\/users\/6"}],"replies":[{"embeddable":true,"href":"https:\/\/old.wildix.com\/es\/wp-json\/wp\/v2\/comments?post=7836147"}],"version-history":[{"count":0,"href":"https:\/\/old.wildix.com\/es\/wp-json\/wp\/v2\/pages\/7836147\/revisions"}],"wp:attachment":[{"href":"https:\/\/old.wildix.com\/es\/wp-json\/wp\/v2\/media?parent=7836147"}],"curies":[{"name":"wp","href":"https:\/\/api.w.org\/{rel}","templated":true}]}}