{"id":7836151,"date":"2018-04-18T14:17:09","date_gmt":"2018-04-18T14:17:09","guid":{"rendered":"https:\/\/old2.wildix.com\/?page_id=7836151"},"modified":"2022-09-05T12:49:09","modified_gmt":"2022-09-05T12:49:09","slug":"ios-y-android-app-movil","status":"publish","type":"page","link":"https:\/\/old.wildix.com\/es\/ios-y-android-app-movil\/","title":{"rendered":"App M\u00f3vil para iOS y Android"},"content":{"rendered":"<section class=\"wpb-content-wrapper\">[mk_page_section video_color_mask=\u00bb#003366&#8243; video_opacity=\u00bb0.9&#8243; min_height=\u00bb250&#8243; full_width=\u00bbtrue\u00bb padding_top=\u00bb0&#8243; padding_bottom=\u00bb0&#8243; sidebar=\u00bbsidebar-1&#8243; first_page=\u00bbfalse\u00bb last_page=\u00bbfalse\u00bb][vc_column][mk_padding_divider size=\u00bb120&#8243; visibility=\u00bbhidden-sm\u00bb][mk_padding_divider size=\u00bb70&#8243; visibility=\u00bbvisible-sm\u00bb][mk_fancy_title color=\u00bb#ffffff\u00bb size=\u00bb70&#8243; force_font_size=\u00bbtrue\u00bb size_smallscreen=\u00bb60&#8243; size_tablet=\u00bb50&#8243; size_phone=\u00bb40&#8243; font_weight=\u00bb300&#8243; font_style=\u00bbnormal\u00bb txt_transform=\u00bbnone\u00bb margin_bottom=\u00bb0&#8243; font_family=\u00bbnone\u00bb align=\u00bbcenter\u00bb]App M\u00f3vil para iOS y Android[\/mk_fancy_title][mk_fancy_title tag_name=\u00bbspan\u00bb color=\u00bb#ffffff\u00bb size=\u00bb24&#8243; force_font_size=\u00bbtrue\u00bb size_smallscreen=\u00bb22&#8243; size_tablet=\u00bb22&#8243; size_phone=\u00bb20&#8243; font_weight=\u00bb300&#8243; font_style=\u00bbnormal\u00bb txt_transform=\u00bbnone\u00bb margin_bottom=\u00bb0&#8243; font_family=\u00bbnone\u00bb align=\u00bbcenter\u00bb]Comunicaci\u00f3n Unificada desde tus dispositivos m\u00f3viles[\/mk_fancy_title][mk_padding_divider size=\u00bb30&#8243;][\/vc_column][\/mk_page_section][vc_row][vc_column][mk_padding_divider size=\u00bb60&#8243;][mk_image src=\u00bbhttps:\/\/old.wildix.com\/wp-content\/uploads\/2019\/04\/wildix-mobile-apps-2019.jpg\u00bb image_width=\u00bb1024&#8243; image_height=\u00bb300&#8243; align=\u00bbcenter\u00bb][mk_padding_divider size=\u00bb60&#8243;][\/vc_column][\/vc_row][vc_row][vc_column][vc_column_text css=\u00bb.vc_custom_1573216594919{margin-bottom: 0px !important;}\u00bb]\n<h2 style=\"text-align: center;\">WILDIX COLLABORATION M\u00d3VIL APPS<\/h2>\n[\/vc_column_text][vc_column_text css=\u00bb.vc_custom_1558301641224{margin-bottom: 0px !important;}\u00bb]\n<h2 style=\"text-align: center;\">TODAS LAS VENTAJAS DE WILDIX COLLABORATION EN <strong>IOS<\/strong> Y <strong>ANDROID<\/strong>.<\/h2>\n[\/vc_column_text][vc_empty_space][\/vc_column][\/vc_row][vc_row][vc_column width=\u00bb1\/2&#8243;][vc_column_text css=\u00bb.vc_custom_1558301701985{margin-bottom: 0px !important;}\u00bb]Wildix Collaboration Mobile se conecta al sistema PBX Wildix y pone a tu disposici\u00f3n todos los servicios de las Comunicaciones Unificadas en dispositivos iPhone, iPod Touch, iPad y Android.[\/vc_column_text][vc_column_text css=\u00bb.vc_custom_1558301719494{margin-bottom: 0px !important;}\u00bb]\n<h3>CARACTER\u00cdSTICAS<\/h3>\n[\/vc_column_text][mk_custom_list]\n<ul>\n<li>llamadas v\u00eda mobility y VoIP<\/li>\n<li>videollamadas v\u00eda VoIP con otros usuarios<\/li>\n<li>servicio de Callback GSM<\/li>\n<li>mensajes de texto<\/li>\n<li>post-It<\/li>\n<li>env\u00edo de archivos<\/li>\n<li>historial de conversaciones<\/li>\n<li>disponibilidad y geolocalizaci\u00f3n de los usuarios<\/li>\n<li>sincronizaci\u00f3n con Microsoft Exchange, Outlook, bases de datos externas, MySql, MS SQL, CRM<\/li>\n<li>cliente Mobile SIP sobre la red WiFi, 3G \u2013 UMTS, 4G \u2013 LTE, c\u00f3dec G.729 y H.264<\/li>\n<li>compatibilidad conexi\u00f3n https encriptada con el PBX<\/li>\n<li>notificaciones de Apple Watch<\/li>\n<\/ul>\n[\/mk_custom_list][\/vc_column][vc_column width=\u00bb1\/2&#8243;][vc_video link=\u00bbhttps:\/\/wildix.wistia.com\/medias\/jt19iy6rmf\u00bb][mk_padding_divider][vc_column_text css=\u00bb.vc_custom_1558301873261{margin-bottom: 0px !important;}\u00bb]\n<h3>REQUISITOS<\/h3>\n[\/vc_column_text][mk_custom_list]\n<ul>\n<li>Versi\u00f3n WMS 3.84 o superior<\/li>\n<li>Versi\u00f3n iOS 9 o superior<\/li>\n<li>iPhone 5 o modelos m\u00e1s recientes<\/li>\n<li>Android OS 4 o superior<\/li>\n<\/ul>\n[\/mk_custom_list][\/vc_column][\/vc_row][vc_row fullwidth=\u00bbtrue\u00bb fullwidth_content=\u00bbfalse\u00bb][vc_column][mk_padding_divider][vc_column_text css=\u00bb.vc_custom_1572857409709{margin-bottom: 0px !important;}\u00bb]\n<h3 style=\"text-align: center;\">\u00a1Recibe notificaciones en tu Apple Watch!<\/h3>\n[\/vc_column_text][mk_padding_divider][vc_row_inner][vc_column_inner width=\u00bb1\/6&#8243;][\/vc_column_inner][vc_column_inner width=\u00bb2\/3&#8243;][mk_gallery images=\u00bb7841242,7841241,7841240&#8243; image_size=\u00bbfull\u00bb order=\u00bbDESC\u00bb][\/vc_column_inner][vc_column_inner width=\u00bb1\/6&#8243;][\/vc_column_inner][\/vc_row_inner][mk_padding_divider][\/vc_column][\/vc_row][vc_row][vc_column][mk_testimonials style=\u00bbmodern\u00bb testimonials=\u00bb7839526&#8243;][vc_empty_space height=\u00bb40px\u00bb][\/vc_column][\/vc_row][vc_row fullwidth=\u00bbtrue\u00bb fullwidth_content=\u00bbfalse\u00bb css=\u00bb.vc_custom_1568019449562{background-color: #f6f6f6 !important;}\u00bb][vc_column][mk_padding_divider][\/vc_column][\/vc_row][vc_row fullwidth=\u00bbtrue\u00bb fullwidth_content=\u00bbfalse\u00bb css=\u00bb.vc_custom_1568019327207{background-color: #f6f6f6 !important;}\u00bb][vc_column width=\u00bb1\/4&#8243;][\/vc_column][vc_column width=\u00bb1\/4&#8243;][mk_image src=\u00bbhttps:\/\/old.wildix.com\/wp-content\/uploads\/2018\/04\/app_store_badge_en1.jpeg\u00bb image_size=\u00bbfull\u00bb link=\u00bbhttps:\/\/itunes.apple.com\/app\/cticonnect-ios\/id458185001?l=it&amp;ls=1&amp;mt=8&#8243;][\/vc_column][vc_column width=\u00bb1\/4&#8243;][mk_image src=\u00bbhttps:\/\/old.wildix.com\/wp-content\/uploads\/2018\/04\/google_play_logo.jpeg\u00bb image_size=\u00bbfull\u00bb link=\u00bbhttps:\/\/play.google.com\/store\/apps\/details?id=com.wildix&amp;feature=search_result&amp;hl=\u00bb][\/vc_column][vc_column width=\u00bb1\/4&#8243;][\/vc_column][\/vc_row][vc_row fullwidth=\u00bbtrue\u00bb fullwidth_content=\u00bbfalse\u00bb css=\u00bb.vc_custom_1568019454490{background-color: #f6f6f6 !important;}\u00bb][vc_column][mk_padding_divider size=\u00bb30&#8243;][\/vc_column][\/vc_row][mk_page_section bg_image=\u00bbhttps:\/\/old.wildix.com\/wp-content\/uploads\/2020\/03\/desk-lamp.jpg\u00bb bg_color=\u00bb#ffffff\u00bb blend_mode=\u00bbmultiply\u00bb bg_position=\u00bbcenter center\u00bb bg_repeat=\u00bbno-repeat\u00bb bg_stretch=\u00bbtrue\u00bb video_color_mask=\u00bb#ffffff\u00bb video_opacity=\u00bb0.9&#8243; el_class=\u00bbhideMe\u00bb sidebar=\u00bbsidebar-1&#8243;][vc_column][mk_padding_divider size=\u00bb50&#8243;][vc_row_inner css=\u00bb.vc_custom_1585649207739{padding-left: 0px !important;}\u00bb][vc_column_inner width=\u00bb1\/6&#8243;][\/vc_column_inner][vc_column_inner width=\u00bb2\/3&#8243; css=\u00bb.vc_custom_1585649664554{margin-right: 0px !important;margin-left: 0px !important;border-top-width: 7px !important;border-bottom-width: 7px !important;padding-top: 0px !important;padding-right: 0px !important;padding-bottom: 0px !important;padding-left: 0px !important;background-color: #ffffff !important;border-top-color: #dd9933 !important;border-top-style: solid !important;border-bottom-color: #dd9933 !important;border-bottom-style: solid !important;}\u00bb][mk_fancy_title size=\u00bb28&#8243; force_font_size=\u00bbtrue\u00bb size_smallscreen=\u00bb25&#8243; size_tablet=\u00bb25&#8243; size_phone=\u00bb23&#8243; margin_top=\u00bb40&#8243; margin_bottom=\u00bb10&#8243; font_family=\u00bbnone\u00bb align=\u00bbcenter\u00bb]Completa el formulario para recibir m\u00e1s informaci\u00f3n[\/mk_fancy_title][vc_raw_html css=\u00bb.vc_custom_1586160144285{padding-top: 0px !important;padding-right: 0px !important;padding-bottom: 0px !important;padding-left: 0px !important;}\u00bb]JTNDZGl2JTIwaWQlM0QlMjJvdXRlciUyMiUzRSUwQSUzQ2RpdiUyMGlkJTNEJTIyaW5uZXIlMjIlM0UlMEElMEElM0Nmb3JtJTIwYWNjZXB0LWNoYXJzZXQlM0QlMjJVVEYtOCUyMiUyMGFjdGlvbiUzRCUyMmh0dHBzJTNBJTJGJTJGb2wyNzUuaW5mdXNpb25zb2Z0LmNvbSUyRmFwcCUyRmZvcm0lMkZwcm9jZXNzJTJGMWZkZjlmMzZmOTY1M2UwZjQzMWJhNDliMTk2NGM2NDIlMjIlMjBjbGFzcyUzRCUyMmluZnVzaW9uLWZvcm0lMjIlMjBpZCUzRCUyMmluZl9mb3JtXzFmZGY5ZjM2Zjk2NTNlMGY0MzFiYTQ5YjE5NjRjNjQyJTIyJTIwbWV0aG9kJTNEJTIyUE9TVCUyMiUzRSUwQSUyMCUyMCUyMCUyMCUzQ2lucHV0JTIwbmFtZSUzRCUyMmluZl9mb3JtX3hpZCUyMiUyMHR5cGUlM0QlMjJoaWRkZW4lMjIlMjB2YWx1ZSUzRCUyMjFmZGY5ZjM2Zjk2NTNlMGY0MzFiYTQ5YjE5NjRjNjQyJTIyJTIwJTJGJTNFJTBBJTIwJTIwJTIwJTIwJTNDaW5wdXQlMjBuYW1lJTNEJTIyaW5mX2Zvcm1fbmFtZSUyMiUyMHR5cGUlM0QlMjJoaWRkZW4lMjIlMjB2YWx1ZSUzRCUyMldlYiUyMEZvcm0lMjBTUEFOSVNIJTIyJTIwJTJGJTNFJTBBJTIwJTIwJTIwJTIwJTNDaW5wdXQlMjBuYW1lJTNEJTIyaW5mdXNpb25zb2Z0X3ZlcnNpb24lMjIlMjB0eXBlJTNEJTIyaGlkZGVuJTIyJTIwdmFsdWUlM0QlMjIxLjcwLjAuMjAzMjkzJTIyJTIwJTJGJTNFJTBBJTIwJTIwJTIwJTIwJTNDZGl2JTIwY2xhc3MlM0QlMjJpbmZ1c2lvbi1maWVsZCUyMiUzRSUwQSUyMCUyMCUyMCUyMCUyMCUyMCUyMCUyMCUzQ2xhYmVsJTIwZm9yJTNEJTIyaW5mX2ZpZWxkX0ZpcnN0TmFtZSUyMiUzRU5vbWJyZSUyMCUyQSUzQyUyRmxhYmVsJTNFJTBBJTIwJTIwJTIwJTIwJTIwJTIwJTIwJTIwJTNDaW5wdXQlMjBjbGFzcyUzRCUyMmluZnVzaW9uLWZpZWxkLWlucHV0JTIyJTIwaWQlM0QlMjJpbmZfZmllbGRfRmlyc3ROYW1lJTIyJTIwbmFtZSUzRCUyMmluZl9maWVsZF9GaXJzdE5hbWUlMjIlMjBwbGFjZWhvbGRlciUzRCUyMk5vbWJyZSUyMCUyQSUyMiUyMHR5cGUlM0QlMjJ0ZXh0JTIyJTIwJTJGJTNFJTBBJTIwJTIwJTIwJTIwJTNDJTJGZGl2JTNFJTBBJTIwJTIwJTIwJTIwJTNDZGl2JTIwY2xhc3MlM0QlMjJpbmZ1c2lvbi1maWVsZCUyMiUzRSUwQSUyMCUyMCUyMCUyMCUyMCUyMCUyMCUyMCUzQ2xhYmVsJTIwZm9yJTNEJTIyaW5mX2ZpZWxkX0xhc3ROYW1lJTIyJTNFQXBlbGxpZG9zJTIwJTJBJTNDJTJGbGFiZWwlM0UlMEElMjAlMjAlMjAlMjAlMjAlMjAlMjAlMjAlM0NpbnB1dCUyMGNsYXNzJTNEJTIyaW5mdXNpb24tZmllbGQtaW5wdXQlMjIlMjBpZCUzRCUyMmluZl9maWVsZF9MYXN0TmFtZSUyMiUyMG5hbWUlM0QlMjJpbmZfZmllbGRfTGFzdE5hbWUlMjIlMjBwbGFjZWhvbGRlciUzRCUyMkFwZWxsaWRvcyUyMCUyQSUyMiUyMHR5cGUlM0QlMjJ0ZXh0JTIyJTIwJTJGJTNFJTBBJTIwJTIwJTIwJTIwJTNDJTJGZGl2JTNFJTBBJTIwJTIwJTIwJTIwJTNDZGl2JTIwY2xhc3MlM0QlMjJpbmZ1c2lvbi1maWVsZCUyMiUzRSUwQSUyMCUyMCUyMCUyMCUyMCUyMCUyMCUyMCUzQ2xhYmVsJTIwZm9yJTNEJTIyaW5mX2ZpZWxkX0NvbXBhbnklMjIlM0VFbXByZXNhJTIwJTJBJTNDJTJGbGFiZWwlM0UlMEElMjAlMjAlMjAlMjAlMjAlMjAlMjAlMjAlM0NpbnB1dCUyMGNsYXNzJTNEJTIyaW5mdXNpb24tZmllbGQtaW5wdXQlMjIlMjBpZCUzRCUyMmluZl9maWVsZF9Db21wYW55JTIyJTIwbmFtZSUzRCUyMmluZl9maWVsZF9Db21wYW55JTIyJTIwcGxhY2Vob2xkZXIlM0QlMjJFbXByZXNhJTIwJTJBJTIyJTIwdHlwZSUzRCUyMnRleHQlMjIlMjAlMkYlM0UlMEElMjAlMjAlMjAlMjAlM0MlMkZkaXYlM0UlMEElMjAlMjAlMjAlMjAlM0NkaXYlMjBjbGFzcyUzRCUyMmluZnVzaW9uLWZpZWxkJTIyJTNFJTBBJTIwJTIwJTIwJTIwJTIwJTIwJTIwJTIwJTNDbGFiZWwlMjBmb3IlM0QlMjJpbmZfZmllbGRfRW1haWwlMjIlM0VFbWFpbCUyMCUyQSUzQyUyRmxhYmVsJTNFJTBBJTIwJTIwJTIwJTIwJTIwJTIwJTIwJTIwJTNDaW5wdXQlMjBjbGFzcyUzRCUyMmluZnVzaW9uLWZpZWxkLWlucHV0JTIyJTIwaWQlM0QlMjJpbmZfZmllbGRfRW1haWwlMjIlMjBuYW1lJTNEJTIyaW5mX2ZpZWxkX0VtYWlsJTIyJTIwcGxhY2Vob2xkZXIlM0QlMjJFbWFpbCUyMCUyQSUyMiUyMHR5cGUlM0QlMjJ0ZXh0JTIyJTIwJTJGJTNFJTBBJTIwJTIwJTIwJTIwJTNDJTJGZGl2JTNFJTBBJTIwJTIwJTIwJTIwJTNDZGl2JTIwY2xhc3MlM0QlMjJpbmZ1c2lvbi1maWVsZCUyMiUzRSUwQSUyMCUyMCUyMCUyMCUyMCUyMCUyMCUyMCUzQ2xhYmVsJTIwZm9yJTNEJTIyaW5mX2ZpZWxkX1Bob25lMSUyMiUzRVRlbCUyNmVhY3V0ZSUzQmZvbm8lM0MlMkZsYWJlbCUzRSUwQSUyMCUyMCUyMCUyMCUyMCUyMCUyMCUyMCUzQ2lucHV0JTIwY2xhc3MlM0QlMjJpbmZ1c2lvbi1maWVsZC1pbnB1dCUyMiUyMGlkJTNEJTIyaW5mX2ZpZWxkX1Bob25lMSUyMiUyMG5hbWUlM0QlMjJpbmZfZmllbGRfUGhvbmUxJTIyJTIwcGxhY2Vob2xkZXIlM0QlMjJUZWwlMjZlYWN1dGUlM0Jmb25vJTIyJTIwdHlwZSUzRCUyMnRleHQlMjIlMjAlMkYlM0UlMEElMjAlMjAlMjAlMjAlM0MlMkZkaXYlM0UlMEElM0NkaXYlMjBjbGFzcyUzRCUyMmluZnVzaW9uLWZpZWxkJTIyJTNFJTBBJTIwJTIwJTIwJTIwJTIwJTIwJTIwJTIwJTNDbGFiZWwlMjBmb3IlM0QlMjJpbmZfbWlzY19EZXNjcmliZXR1cHJveWVjdG8lMjIlM0VEZXNjcmliZSUyMHR1JTIwcHJveWVjdG8lMjAlMkElM0MlMkZsYWJlbCUzRSUwQSUyMCUyMCUyMCUyMCUyMCUyMCUyMCUyMCUzQ3RleHRhcmVhJTIwY29scyUzRCUyMjI0JTIyJTIwaWQlM0QlMjJpbmZfbWlzY19EZXNjcmliZXR1cHJveWVjdG8lMjIlMjBuYW1lJTNEJTIyaW5mX21pc2NfRGVzY3JpYmV0dXByb3llY3RvJTIyJTIwcGxhY2Vob2xkZXIlM0QlMjJEZXNjcmliZSUyMHR1JTIwcHJveWVjdG8lMjAlMkElMjIlMjByb3dzJTNEJTIyNSUyMiUzRSUzQyUyRnRleHRhcmVhJTNFJTNDJTJGZGl2JTNFJTBBJTIwJTIwJTIwJTIwJTNDZGl2JTIwY2xhc3MlM0QlMjJpbmZ1c2lvbi1maWVsZCUyMiUzRSUwQSUyMCUyMCUyMCUyMCUyMCUyMCUyMCUyMCUzQ3NwYW4lMjBjbGFzcyUzRCUyMmluZnVzaW9uLW9wdGlvbiUyMiUzRSUwQSUyMCUyMCUyMCUyMCUyMCUyMCUyMCUyMCUyMCUyMCUyMCUyMCUzQ2lucHV0JTIwaWQlM0QlMjJpbmZfb3B0aW9uX0hlbGUlQzMlQURkb2xhUG9sJUMzJUFEdGljYWRlUHJpdmFjaWRhZCUyMiUyMG5hbWUlM0QlMjJpbmZfb3B0aW9uX0hlbGUlQzMlQURkb2xhUG9sJUMzJUFEdGljYWRlUHJpdmFjaWRhZCUyMiUyMHR5cGUlM0QlMjJjaGVja2JveCUyMiUyMHZhbHVlJTNEJTIyNjMzJTIyJTIwJTJGJTNFJTBBJTIwJTIwJTIwJTIwJTIwJTIwJTIwJTIwJTIwJTIwJTIwJTIwJTNDbGFiZWwlMjBmb3IlM0QlMjJpbmZfb3B0aW9uX0hlbGUlQzMlQURkb2xhUG9sJUMzJUFEdGljYWRlUHJpdmFjaWRhZCUyMiUzRSUyMCUyMCUyMCUyMCUyMCUyMCUyMCUyMCUyMCUyMCUyMCUyMCUyMCUyMCUyMCUyMCUzQ2ElMjBocmVmJTNEJTIyaHR0cHMlM0ElMkYlMkZ3d3cud2lsZGl4LmNvbSUyRmVzJTJGcG9saXRpY2EtZGUtcHJpdmFjaWRhZC1kZS13aWxkaXglMkYlMjIlMjBzaGFwZSUzRCUyMnJlY3QlMjIlMjB0YXJnZXQlM0QlMjJfYmxhbmslMjIlMjB0aXRsZSUzRCUyMkNsaWNrJTIwdG8lMjByZWFkJTIwdGhlJTIwUHJpdmFjeSUyMFBvbGljeSUyMiUzRUhlJTIwbGUlMjZpYWN1dGUlM0JkbyUyMGxhJTIwUG9sJTI2aWFjdXRlJTNCdGljYSUyMGRlJTIwUHJpdmFjaWRhZCUyMCUyQSUzQyUyRmElM0UlM0MlMkZsYWJlbCUzRSUwQSUyMCUyMCUyMCUyMCUyMCUyMCUyMCUyMCUzQyUyRnNwYW4lM0UlMEElMjAlMjAlMjAlMjAlM0MlMkZkaXYlM0UlMEElMjAlMjAlMjAlMjAlM0NkaXYlM0UlMEElMEElMjAlMjAlMjAlMjAlM0MlMkZkaXYlM0UlMEElMjAlMjAlMjAlMjAlM0NkaXYlM0UlMEElMjAlMjAlMjAlMjAlMjAlMjAlMjAlMjAlM0NkaXYlM0UlMjZuYnNwJTNCJTNDJTJGZGl2JTNFJTBBJTIwJTIwJTIwJTIwJTNDJTJGZGl2JTNFJTBBJTIwJTIwJTIwJTIwJTNDZGl2JTIwY2xhc3MlM0QlMjJpbmZ1c2lvbi1zdWJtaXQlMjIlM0UlMEElMjAlMjAlMjAlMjAlMjAlMjAlMjAlMjAlM0NidXR0b24lMjB0eXBlJTNEJTIyc3VibWl0JTIyJTIwc3R5bGUlM0QlMjJiYWNrZ3JvdW5kLWNvbG9yJTNBJTIwJTIzZGQ5OTMzJTNCJTIwYm9yZGVyLWNvbG9yJTNBJTIwJTIzZGQ5OTMzJTNCJTIwYm9yZGVyLXJhZGl1cyUzQSUyMDVweCUzQiUyMiUzRUVOVklBUiUzQyUyRmJ1dHRvbiUzRSUwQSUyMCUyMCUyMCUyMCUzQyUyRmRpdiUzRSUwQSUzQyUyRmZvcm0lM0UlMEElM0NzY3JpcHQlMjB0eXBlJTNEJTIydGV4dCUyRmphdmFzY3JpcHQlMjIlMjBzcmMlM0QlMjJodHRwcyUzQSUyRiUyRm9sMjc1LmluZnVzaW9uc29mdC5hcHAlMkZhcHAlMkZ3ZWJUcmFja2luZyUyRmdldFRyYWNraW5nQ29kZSUyMiUzRSUzQyUyRnNjcmlwdCUzRSUwQSUzQ3NjcmlwdCUyMHR5cGUlM0QlMjJ0ZXh0JTJGamF2YXNjcmlwdCUyMiUyMHNyYyUzRCUyMmh0dHBzJTNBJTJGJTJGb2wyNzUuaW5mdXNpb25zb2Z0LmNvbSUyRmFwcCUyRnRpbWV6b25lJTJGdGltZXpvbmVJbnB1dEpzJTNGeGlkJTNEMWZkZjlmMzZmOTY1M2UwZjQzMWJhNDliMTk2NGM2NDIlMjIlM0UlM0MlMkZzY3JpcHQlM0UlMEElMjAlM0MlMkZkaXYlM0UlMEElMjAlM0MlMkZkaXYlM0U=[\/vc_raw_html][\/vc_column_inner][vc_column_inner width=\u00bb1\/6&#8243;][\/vc_column_inner][\/vc_row_inner][mk_padding_divider size=\u00bb50&#8243;][\/vc_column][\/mk_page_section][vc_row fullwidth=\u00bbtrue\u00bb fullwidth_content=\u00bbfalse\u00bb][vc_column][mk_padding_divider size=\u00bb80&#8243;][vc_column_text css=\u00bb.vc_custom_1558432993024{margin-bottom: 0px !important;}\u00bb]\n<h3 style=\"text-align: center;\">IM\u00c1GENES DE LA APP M\u00d3VIL WILDIX COLLABORATION PARA ANDROID E IOS<\/h3>\n[\/vc_column_text][mk_padding_divider size=\u00bb50&#8243;][mk_gallery images=\u00bb7834634,7834632,7834633,7834631,7834635,7834637,7834638,7834636,7834639,7834640&#8243; column=\u00bb5&#8243; image_size=\u00bbfull\u00bb orderby=\u00bbpost__in\u00bb][mk_padding_divider size=\u00bb50&#8243;][\/vc_column][\/vc_row][vc_row css=\u00bb.vc_custom_1559053498750{margin-top: 0px !important;border-top-width: 0px !important;padding-top: 0px !important;}\u00bb][vc_column][mk_divider style=\u00bbthin_solid\u00bb thin_color_style=\u00bbgradient_color\u00bb thin_grandient_color_from=\u00bb#3edbd9&#8243; thin_grandient_color_to=\u00bb#5841b8&#8243; thin_gradient_color_angle=\u00bbhorizontal\u00bb thin_grandient_color_fallback=\u00bb#3edbd9&#8243; thickness=\u00bb5&#8243; margin_top=\u00bb0&#8243;][\/vc_column][\/vc_row][vc_row css=\u00bb.vc_custom_1559053745406{background-color: #ffffff !important;}\u00bb][vc_column width=\u00bb1\/4&#8243;][mk_padding_divider size=\u00bb30&#8243;][\/vc_column][vc_column width=\u00bb1\/4&#8243;][mk_padding_divider size=\u00bb30&#8243;][mk_button dimension=\u00bbflat\u00bb corner_style=\u00bbrounded\u00bb size=\u00bbmedium\u00bb icon=\u00bbmk-jupiter-icon-doc\u00bb icon_anim=\u00bbside\u00bb url=\u00bbhttps:\/\/wildix.atlassian.net\/wiki\/x\/3ATOAQ\u00bb target=\u00bb_blank\u00bb align=\u00bbcenter\u00bb fullwidth=\u00bbtrue\u00bb bg_color=\u00bb#3c72a2&#8243; btn_hover_txt_color=\u00bb#ffffff\u00bb]APP iOS &#038; Android[\/mk_button][\/vc_column][vc_column width=\u00bb1\/4&#8243;][mk_padding_divider size=\u00bb30&#8243;][mk_button dimension=\u00bbflat\u00bb corner_style=\u00bbrounded\u00bb size=\u00bbmedium\u00bb icon=\u00bbmk-moon-link\u00bb icon_anim=\u00bbside\u00bb url=\u00bb\/es\/mobilidad-de-empresa\/\u00bb target=\u00bb_blank\u00bb align=\u00bbcenter\u00bb fullwidth=\u00bbtrue\u00bb bg_color=\u00bb#3c72a2&#8243; btn_hover_txt_color=\u00bb#ffffff\u00bb]Mobility Enterprise[\/mk_button][mk_padding_divider size=\u00bb30&#8243;][\/vc_column][vc_column width=\u00bb1\/4&#8243;][mk_padding_divider size=\u00bb30&#8243;][\/vc_column][\/vc_row][vc_row fullwidth=\u00bbtrue\u00bb fullwidth_content=\u00bbfalse\u00bb css=\u00bb.vc_custom_1563980243307{background-color: #003366 !important;}\u00bb][vc_column][mk_padding_divider][vc_row_inner][vc_column_inner width=\u00bb1\/2&#8243;][mk_button dimension=\u00bbflat\u00bb corner_style=\u00bbrounded\u00bb size=\u00bblarge\u00bb icon=\u00bbmk-moon-arrow-left\u00bb icon_anim=\u00bbside\u00bb url=\u00bb\/es\/mobilidad-de-empresa\/\u00bb align=\u00bbright\u00bb button_custom_width=\u00bb200&#8243; bg_color=\u00bb#dd9933&#8243; btn_hover_txt_color=\u00bb#ffffff\u00bb]Anterior[\/mk_button][\/vc_column_inner][vc_column_inner width=\u00bb1\/2&#8243;][mk_button dimension=\u00bbflat\u00bb corner_style=\u00bbrounded\u00bb size=\u00bblarge\u00bb icon=\u00bbmk-moon-arrow-right-2&#8243; icon_anim=\u00bbside\u00bb url=\u00bb\/es\/integracion-tapi-y-web-api\/\u00bb button_custom_width=\u00bb200&#8243; bg_color=\u00bb#dd9933&#8243; btn_hover_txt_color=\u00bb#ffffff\u00bb]Siguiente[\/mk_button][\/vc_column_inner][\/vc_row_inner][mk_padding_divider size=\u00bb20&#8243;][\/vc_column][\/vc_row]\n<\/section>","protected":false},"excerpt":{"rendered":"<p>[mk_page_section video_color_mask=\u00bb#003366&#8243; video_opacity=\u00bb0.9&#8243; min_height=\u00bb250&#8243; full_width=\u00bbtrue\u00bb padding_top=\u00bb0&#8243; padding_bottom=\u00bb0&#8243; sidebar=\u00bbsidebar-1&#8243; first_page=\u00bbfalse\u00bb last_page=\u00bbfalse\u00bb][vc_column][mk_padding_divider size=\u00bb120&#8243; visibility=\u00bbhidden-sm\u00bb][mk_padding_divider size=\u00bb70&#8243; visibility=\u00bbvisible-sm\u00bb][mk_fancy_title color=\u00bb#ffffff\u00bb size=\u00bb70&#8243; force_font_size=\u00bbtrue\u00bb size_smallscreen=\u00bb60&#8243; size_tablet=\u00bb50&#8243; size_phone=\u00bb40&#8243; font_weight=\u00bb300&#8243; font_style=\u00bbnormal\u00bb txt_transform=\u00bbnone\u00bb margin_bottom=\u00bb0&#8243; font_family=\u00bbnone\u00bb align=\u00bbcenter\u00bb]App M\u00f3vil para iOS y Android[\/mk_fancy_title][mk_fancy_title tag_name=\u00bbspan\u00bb color=\u00bb#ffffff\u00bb size=\u00bb24&#8243; force_font_size=\u00bbtrue\u00bb size_smallscreen=\u00bb22&#8243; size_tablet=\u00bb22&#8243; size_phone=\u00bb20&#8243; font_weight=\u00bb300&#8243; font_style=\u00bbnormal\u00bb txt_transform=\u00bbnone\u00bb margin_bottom=\u00bb0&#8243; font_family=\u00bbnone\u00bb align=\u00bbcenter\u00bb]Comunicaci\u00f3n Unificada desde tus dispositivos m\u00f3viles[\/mk_fancy_title][mk_padding_divider size=\u00bb30&#8243;][\/vc_column][\/mk_page_section][vc_row][vc_column][mk_padding_divider size=\u00bb60&#8243;][mk_image src=\u00bbhttps:\/\/old.wildix.com\/wp-content\/uploads\/2019\/04\/wildix-mobile-apps-2019.jpg\u00bb image_width=\u00bb1024&#8243; image_height=\u00bb300&#8243; align=\u00bbcenter\u00bb][mk_padding_divider [&hellip;]<\/p>\n","protected":false},"author":6,"featured_media":0,"parent":0,"menu_order":0,"comment_status":"closed","ping_status":"closed","template":"","meta":{"wpupg_custom_link":[],"wpupg_custom_link_behaviour":["default"],"wpupg_custom_image":[],"wpupg_custom_image_id":[],"footnotes":""},"acf":[],"yoast_head":"<!-- This site is optimized with the Yoast SEO plugin v21.8 - https:\/\/yoast.com\/wordpress\/plugins\/seo\/ -->\n<title>iOS y Android App M\u00f3vil<\/title>\n<meta name=\"description\" content=\"Collaboration Mobile Apps: la aplicaci\u00f3n se conecta al PBX Wildix y pone a tu disposici\u00f3n todos los servicios de Comunicaci\u00f3n Unificada en dispositivos iPhone, iPod Touch, iPad o Android.\" \/>\n<meta name=\"robots\" content=\"noindex, follow, max-snippet:-1, max-image-preview:large, max-video-preview:-1\" \/>\n<meta property=\"og:locale\" content=\"es_ES\" \/>\n<meta property=\"og:type\" content=\"article\" \/>\n<meta property=\"og:title\" content=\"iOS y Android App M\u00f3vil\" \/>\n<meta property=\"og:description\" content=\"Collaboration Mobile Apps: la aplicaci\u00f3n se conecta al PBX Wildix y pone a tu disposici\u00f3n todos los servicios de Comunicaci\u00f3n Unificada en dispositivos iPhone, iPod Touch, iPad o Android.\" \/>\n<meta property=\"og:url\" content=\"https:\/\/old.wildix.com\/es\/ios-y-android-app-movil\/\" \/>\n<meta property=\"og:site_name\" content=\"Wildix\" \/>\n<meta property=\"article:modified_time\" content=\"2022-09-05T12:49:09+00:00\" \/>\n<meta name=\"twitter:card\" content=\"summary_large_image\" \/>\n<meta name=\"twitter:label1\" content=\"Tiempo de lectura\" \/>\n\t<meta name=\"twitter:data1\" content=\"2 minutos\" \/>\n<script type=\"application\/ld+json\" class=\"yoast-schema-graph\">{\"@context\":\"https:\/\/schema.org\",\"@graph\":[{\"@type\":\"WebPage\",\"@id\":\"https:\/\/old.wildix.com\/es\/ios-y-android-app-movil\/\",\"url\":\"https:\/\/old.wildix.com\/es\/ios-y-android-app-movil\/\",\"name\":\"iOS y Android App M\u00f3vil\",\"isPartOf\":{\"@id\":\"https:\/\/old.wildix.com\/#website\"},\"datePublished\":\"2018-04-18T14:17:09+00:00\",\"dateModified\":\"2022-09-05T12:49:09+00:00\",\"description\":\"Collaboration Mobile Apps: la aplicaci\u00f3n se conecta al PBX Wildix y pone a tu disposici\u00f3n todos los servicios de Comunicaci\u00f3n Unificada en dispositivos iPhone, iPod Touch, iPad o Android.\",\"breadcrumb\":{\"@id\":\"https:\/\/old.wildix.com\/es\/ios-y-android-app-movil\/#breadcrumb\"},\"inLanguage\":\"es\",\"potentialAction\":[{\"@type\":\"ReadAction\",\"target\":[\"https:\/\/old.wildix.com\/es\/ios-y-android-app-movil\/\"]}]},{\"@type\":\"BreadcrumbList\",\"@id\":\"https:\/\/old.wildix.com\/es\/ios-y-android-app-movil\/#breadcrumb\",\"itemListElement\":[{\"@type\":\"ListItem\",\"position\":1,\"name\":\"Home\",\"item\":\"https:\/\/old.wildix.com\/\"},{\"@type\":\"ListItem\",\"position\":2,\"name\":\"App M\u00f3vil para iOS y Android\"}]},{\"@type\":\"WebSite\",\"@id\":\"https:\/\/old.wildix.com\/#website\",\"url\":\"https:\/\/old.wildix.com\/\",\"name\":\"Wildix\",\"description\":\"Wildix PBX | VoIP Solutions | Unified Communications | WebRTC\",\"publisher\":{\"@id\":\"https:\/\/old.wildix.com\/#organization\"},\"potentialAction\":[{\"@type\":\"SearchAction\",\"target\":{\"@type\":\"EntryPoint\",\"urlTemplate\":\"https:\/\/old.wildix.com\/?s={search_term_string}\"},\"query-input\":\"required name=search_term_string\"}],\"inLanguage\":\"es\"},{\"@type\":\"Organization\",\"@id\":\"https:\/\/old.wildix.com\/#organization\",\"name\":\"Wildix\",\"url\":\"https:\/\/old.wildix.com\/\",\"logo\":{\"@type\":\"ImageObject\",\"inLanguage\":\"es\",\"@id\":\"https:\/\/old.wildix.com\/#\/schema\/logo\/image\/\",\"url\":\"https:\/\/old.wildix.com\/wp-content\/uploads\/2018\/04\/wildix-logo-2.png\",\"contentUrl\":\"https:\/\/old.wildix.com\/wp-content\/uploads\/2018\/04\/wildix-logo-2.png\",\"width\":440,\"height\":200,\"caption\":\"Wildix\"},\"image\":{\"@id\":\"https:\/\/old.wildix.com\/#\/schema\/logo\/image\/\"}}]}<\/script>\n<!-- \/ Yoast SEO plugin. -->","yoast_head_json":{"title":"iOS y Android App M\u00f3vil","description":"Collaboration Mobile Apps: la aplicaci\u00f3n se conecta al PBX Wildix y pone a tu disposici\u00f3n todos los servicios de Comunicaci\u00f3n Unificada en dispositivos iPhone, iPod Touch, iPad o Android.","robots":{"index":"noindex","follow":"follow","max-snippet":"max-snippet:-1","max-image-preview":"max-image-preview:large","max-video-preview":"max-video-preview:-1"},"og_locale":"es_ES","og_type":"article","og_title":"iOS y Android App M\u00f3vil","og_description":"Collaboration Mobile Apps: la aplicaci\u00f3n se conecta al PBX Wildix y pone a tu disposici\u00f3n todos los servicios de Comunicaci\u00f3n Unificada en dispositivos iPhone, iPod Touch, iPad o Android.","og_url":"https:\/\/old.wildix.com\/es\/ios-y-android-app-movil\/","og_site_name":"Wildix","article_modified_time":"2022-09-05T12:49:09+00:00","twitter_card":"summary_large_image","twitter_misc":{"Tiempo de lectura":"2 minutos"},"schema":{"@context":"https:\/\/schema.org","@graph":[{"@type":"WebPage","@id":"https:\/\/old.wildix.com\/es\/ios-y-android-app-movil\/","url":"https:\/\/old.wildix.com\/es\/ios-y-android-app-movil\/","name":"iOS y Android App M\u00f3vil","isPartOf":{"@id":"https:\/\/old.wildix.com\/#website"},"datePublished":"2018-04-18T14:17:09+00:00","dateModified":"2022-09-05T12:49:09+00:00","description":"Collaboration Mobile Apps: la aplicaci\u00f3n se conecta al PBX Wildix y pone a tu disposici\u00f3n todos los servicios de Comunicaci\u00f3n Unificada en dispositivos iPhone, iPod Touch, iPad o Android.","breadcrumb":{"@id":"https:\/\/old.wildix.com\/es\/ios-y-android-app-movil\/#breadcrumb"},"inLanguage":"es","potentialAction":[{"@type":"ReadAction","target":["https:\/\/old.wildix.com\/es\/ios-y-android-app-movil\/"]}]},{"@type":"BreadcrumbList","@id":"https:\/\/old.wildix.com\/es\/ios-y-android-app-movil\/#breadcrumb","itemListElement":[{"@type":"ListItem","position":1,"name":"Home","item":"https:\/\/old.wildix.com\/"},{"@type":"ListItem","position":2,"name":"App M\u00f3vil para iOS y Android"}]},{"@type":"WebSite","@id":"https:\/\/old.wildix.com\/#website","url":"https:\/\/old.wildix.com\/","name":"Wildix","description":"Wildix PBX | VoIP Solutions | Unified Communications | WebRTC","publisher":{"@id":"https:\/\/old.wildix.com\/#organization"},"potentialAction":[{"@type":"SearchAction","target":{"@type":"EntryPoint","urlTemplate":"https:\/\/old.wildix.com\/?s={search_term_string}"},"query-input":"required name=search_term_string"}],"inLanguage":"es"},{"@type":"Organization","@id":"https:\/\/old.wildix.com\/#organization","name":"Wildix","url":"https:\/\/old.wildix.com\/","logo":{"@type":"ImageObject","inLanguage":"es","@id":"https:\/\/old.wildix.com\/#\/schema\/logo\/image\/","url":"https:\/\/old.wildix.com\/wp-content\/uploads\/2018\/04\/wildix-logo-2.png","contentUrl":"https:\/\/old.wildix.com\/wp-content\/uploads\/2018\/04\/wildix-logo-2.png","width":440,"height":200,"caption":"Wildix"},"image":{"@id":"https:\/\/old.wildix.com\/#\/schema\/logo\/image\/"}}]}},"_links":{"self":[{"href":"https:\/\/old.wildix.com\/es\/wp-json\/wp\/v2\/pages\/7836151"}],"collection":[{"href":"https:\/\/old.wildix.com\/es\/wp-json\/wp\/v2\/pages"}],"about":[{"href":"https:\/\/old.wildix.com\/es\/wp-json\/wp\/v2\/types\/page"}],"author":[{"embeddable":true,"href":"https:\/\/old.wildix.com\/es\/wp-json\/wp\/v2\/users\/6"}],"replies":[{"embeddable":true,"href":"https:\/\/old.wildix.com\/es\/wp-json\/wp\/v2\/comments?post=7836151"}],"version-history":[{"count":0,"href":"https:\/\/old.wildix.com\/es\/wp-json\/wp\/v2\/pages\/7836151\/revisions"}],"wp:attachment":[{"href":"https:\/\/old.wildix.com\/es\/wp-json\/wp\/v2\/media?parent=7836151"}],"curies":[{"name":"wp","href":"https:\/\/api.w.org\/{rel}","templated":true}]}}