{"id":7836336,"date":"2018-04-18T09:25:12","date_gmt":"2018-04-18T09:25:12","guid":{"rendered":"https:\/\/old2.wildix.com\/?page_id=7836336"},"modified":"2019-06-14T13:35:51","modified_gmt":"2019-06-14T13:35:51","slug":"centralita-telefonica-cloud","status":"publish","type":"page","link":"https:\/\/old.wildix.com\/es\/centralita-telefonica-cloud\/","title":{"rendered":"Centralita telef\u00f3nica Cloud"},"content":{"rendered":"<section class=\"wpb-content-wrapper\">[mk_page_section bg_gradient=\u00bbleft_top\u00bb video_color_mask=\u00bb#003366&#8243; gr_end=\u00bb#90f3f2&#8243; video_opacity=\u00bb0.9&#8243; min_height=\u00bb250&#8243; full_width=\u00bbtrue\u00bb padding_top=\u00bb0&#8243; padding_bottom=\u00bb0&#8243; sidebar=\u00bbsidebar-1&#8243; first_page=\u00bbfalse\u00bb last_page=\u00bbfalse\u00bb][vc_column][mk_padding_divider size=\u00bb120&#8243; visibility=\u00bbhidden-sm\u00bb][mk_padding_divider size=\u00bb70&#8243; visibility=\u00bbvisible-sm\u00bb][mk_fancy_title tag_name=\u00bbh1&#8243; color=\u00bb#ffffff\u00bb size=\u00bb70&#8243; force_font_size=\u00bbtrue\u00bb size_smallscreen=\u00bb60&#8243; size_tablet=\u00bb50&#8243; size_phone=\u00bb40&#8243; font_weight=\u00bb300&#8243; font_style=\u00bbnormal\u00bb txt_transform=\u00bbnone\u00bb margin_bottom=\u00bb0&#8243; font_family=\u00bbnone\u00bb align=\u00bbcenter\u00bb]Centralita telef\u00f3nica Cloud[\/mk_fancy_title][mk_fancy_title tag_name=\u00bbspan\u00bb color=\u00bb#ffffff\u00bb size=\u00bb24&#8243; force_font_size=\u00bbtrue\u00bb size_smallscreen=\u00bb22&#8243; size_tablet=\u00bb22&#8243; size_phone=\u00bb20&#8243; font_weight=\u00bb300&#8243; font_style=\u00bbnormal\u00bb txt_transform=\u00bbnone\u00bb margin_bottom=\u00bb0&#8243; font_family=\u00bbnone\u00bb align=\u00bbcenter\u00bb]Lo mejor de Wildix tambi\u00e9n en Cloud[\/mk_fancy_title][mk_padding_divider size=\u00bb30&#8243;][\/vc_column][\/mk_page_section][vc_row][vc_column][mk_padding_divider size=\u00bb120&#8243;][\/vc_column][\/vc_row][vc_row][vc_column][vc_column_text align=\u00bbcenter\u00bb css=\u00bb.vc_custom_1558630675867{margin-bottom: 0px !important;}\u00bb]\n<h2 style=\"text-align: center;\">Todas las ventajas de las Comunicaciones Unificadas<br \/>\nWildix disponibles en Cloud.<\/h2>\n[\/vc_column_text][vc_column_text align=\u00bbcenter\u00bb css=\u00bb.vc_custom_1558630688987{margin-bottom: 0px !important;}\u00bb]\n<p style=\"text-align: center;\"><strong>\u00a1No nos hemos dejado nada!<br \/>\n<\/strong><\/p>\n[\/vc_column_text][mk_padding_divider][\/vc_column][\/vc_row][vc_row][vc_column width=\u00bb1\/4&#8243;][mk_font_icons icon=\u00bbmk-icon-gear\u00bb color=\u00bb#dd9933&#8243; size=\u00bbxx-large\u00bb margin_vertical=\u00bb25&#8243; circle=\u00bbtrue\u00bb circle_border_width=\u00bb2&#8243; circle_border_color=\u00bb#dd9933&#8243; align=\u00bbcenter\u00bb][vc_column_text align=\u00bbcenter\u00bb css=\u00bb.vc_custom_1524142994623{margin-bottom: 0px !important;}\u00bb]\n<h4>COMMUNICATION-ENABLED<br \/>\nBUSINESS PROCESSES<\/h4>\n[\/vc_column_text][mk_padding_divider size=\u00bb15&#8243;][vc_column_text align=\u00bbcenter\u00bb css=\u00bb.vc_custom_1558630791753{margin-bottom: 0px !important;}\u00bb]Integrar la comunicaci\u00f3n en aplicaciones (CRM, ERP) con Wildix WebAPI.[\/vc_column_text][\/vc_column][vc_column width=\u00bb1\/4&#8243;][mk_font_icons icon=\u00bbmk-moon-mobile\u00bb color=\u00bb#dd9933&#8243; size=\u00bbxx-large\u00bb margin_vertical=\u00bb25&#8243; circle=\u00bbtrue\u00bb circle_border_width=\u00bb2&#8243; circle_border_color=\u00bb#dd9933&#8243; align=\u00bbcenter\u00bb][vc_column_text align=\u00bbcenter\u00bb css=\u00bb.vc_custom_1524143339512{margin-bottom: 0px !important;}\u00bb]\n<h4>BRING YOUR OWN<br \/>\nDEVICE<\/h4>\n[\/vc_column_text][mk_padding_divider size=\u00bb15&#8243;][vc_column_text align=\u00bbcenter\u00bb css=\u00bb.vc_custom_1559040453676{margin-bottom: 0px !important;}\u00bb]APP para las Comunicaciones Unificadas en tu smartphone personal: iOS y Android.[\/vc_column_text][\/vc_column][vc_column width=\u00bb1\/4&#8243;][mk_font_icons icon=\u00bbmk-icon-pie-chart\u00bb color=\u00bb#dd9933&#8243; size=\u00bbxx-large\u00bb margin_vertical=\u00bb25&#8243; circle=\u00bbtrue\u00bb circle_border_width=\u00bb2&#8243; circle_border_color=\u00bb#dd9933&#8243; align=\u00bbcenter\u00bb][vc_column_text align=\u00bbcenter\u00bb css=\u00bb.vc_custom_1558630752120{margin-bottom: 0px !important;}\u00bb]\n<h4>SUPERVISI\u00d3N Y<br \/>\nCALL CENTER WALLBOARD<\/h4>\n[\/vc_column_text][mk_padding_divider size=\u00bb15&#8243;][vc_column_text align=\u00bbcenter\u00bb css=\u00bb.vc_custom_1559040392279{margin-bottom: 0px !important;}\u00bb]Sin an\u00e1lisis y control, no hay estrategia posible. Te ayudamos a conocer mejor tus comunicaciones.[\/vc_column_text][\/vc_column][vc_column width=\u00bb1\/4&#8243;][mk_font_icons icon=\u00bbmk-moon-phone-2&#8243; color=\u00bb#dd9933&#8243; size=\u00bbxx-large\u00bb margin_vertical=\u00bb25&#8243; circle=\u00bbtrue\u00bb circle_border_width=\u00bb2&#8243; circle_border_color=\u00bb#dd9933&#8243; align=\u00bbcenter\u00bb][vc_column_text align=\u00bbcenter\u00bb css=\u00bb.vc_custom_1558630761521{margin-bottom: 0px !important;}\u00bb]\n<h4>SISTEMAS VOIP Y<br \/>\nWMS NETWORK<\/h4>\n[\/vc_column_text][mk_padding_divider size=\u00bb15&#8243;][vc_column_text align=\u00bbcenter\u00bb css=\u00bb.vc_custom_1558630867269{margin-bottom: 0px !important;}\u00bb]Wildix es una soluci\u00f3n SIP\/XMPP y de Comunicaciones Unificadas completa y\u00a0 multisede.[\/vc_column_text][\/vc_column][\/vc_row][vc_row][vc_column][vc_empty_space height=\u00bb60px\u00bb][\/vc_column][\/vc_row][vc_row css=\u00bb.vc_custom_1531380492139{background-color: #ededed !important;border-radius: 5px !important;}\u00bb][vc_column][vc_empty_space][vc_icon icon_fontawesome=\u00bbfa fa-quote-left\u00bb color=\u00bbcustom\u00bb size=\u00bblg\u00bb custom_color=\u00bb#0e3d69&#8243; css=\u00bb.vc_custom_1524143723398{margin-top: 0px !important;margin-bottom: 0px !important;border-top-width: 0px !important;border-bottom-width: 0px !important;padding-top: 0px !important;padding-bottom: 0px !important;}\u00bb][vc_column_text css=\u00bb.vc_custom_1559040631144{margin-bottom: 0px !important;}\u00bb]\n<p style=\"padding-left: 30px; text-align: left;\"><em>La calidad de Wildix se debe, entre otras cosas, a un sistema de infraestructuras Cloud excelente.<br \/>\n<\/em><em>La posibilidad de disponer de todos los servicios en una \u00fanica soluci\u00f3n y desde cualquiera de nuestras tres sedes permite liberar al personal interno IT de diversas tareas y permite realizar otras muchas con la m\u00e1xima rapidez gracias a su portal web intuitivo completamente integrado. Su accesibilidad est\u00e1 garantizada mediante el sistema h\u00edbrido de Wildix y permite efectuar llamadas con total seguridad, incluso con problemas de acceso a Internet (utilizando la app o la web incluso desde fuera de la oficina), permitiendo en todo momento la continuidad de las operaciones comerciales de una sociedad como la nuestra, en la que las comunicaciones son una parte esencial.<\/em><\/p>\n<p style=\"text-align: right;\"><em>Fabrizio Magliocchetti<br \/>\nCAF S.p.A.<\/em><\/p>\n[\/vc_column_text][vc_empty_space][\/vc_column][\/vc_row][vc_row][vc_column][vc_empty_space height=\u00bb60px\u00bb][\/vc_column][\/vc_row][vc_row][vc_column][mk_image src=\u00bbhttps:\/\/old.wildix.com\/wp-content\/uploads\/2018\/07\/telefonia-cloud-banner.jpeg\u00bb image_size=\u00bbfull\u00bb link=\u00bbhttps:\/\/www.telefoniacloud.it\/\u00bb target=\u00bb_blank\u00bb][\/vc_column][\/vc_row][vc_row disable_element=\u00bbyes\u00bb][vc_column][mk_padding_divider][vc_zigzag color=\u00bborange\u00bb el_width=\u00bb60&#8243;][mk_padding_divider][\/vc_column][\/vc_row][vc_row][vc_column width=\u00bb1\/2&#8243;][mk_padding_divider size=\u00bb100&#8243; visibility=\u00bbvisible-dt\u00bb][vc_column_text css=\u00bb.vc_custom_1558632438042{margin-bottom: 0px !important;}\u00bb]\n<h3>EL CLOUD QUE FUNCIONA HASTA SIN INTERNET.<\/h3>\n<p>La WMS Network crea un Cloud h\u00edbrido conectando recursos locales.<br \/>\nServicio garantizado incluso con problemas de acceso a Internet.[\/vc_column_text][\/vc_column][vc_column width=\u00bb1\/2&#8243;][mk_image src=\u00bbhttps:\/\/old.wildix.com\/wp-content\/uploads\/2018\/04\/browser.png\u00bb image_width=\u00bb600&#8243; image_height=\u00bb441&#8243;][\/vc_column][\/vc_row][vc_row][vc_column][mk_content_box heading=\u00bbPARA SABER M\u00c1S&#8230;\u00bb icon=\u00bbmk-moon-search-3&#8243;][vc_column_text css=\u00bb.vc_custom_1559040744364{margin-bottom: 0px !important;}\u00bb]<strong>Si usas Cloud y te quedas sin Internet&#8230; tienes un problema<\/strong>.<\/p>\n<p>Wildix Cloud, con la Red WMS, te permite<strong> seguir trabajando. <\/strong>Es la soluci\u00f3n multisede que varios bancos, cadenas comerciales, hospitales y autopistas utilizan para garantizar el servicio a sus filiales en cualquier situaci\u00f3n, incluso en las m\u00e1s cr\u00edticas.<\/p>\n<p><b>\u00bfC\u00f3mo funciona?<\/b><\/p>\n<p>El Servidor PBX de la WMS Network est\u00e1 en la nube. Puedes conectar al Servidor todos los Clientes que quieras, donde los necesites. Los Clientes se conectan al Servidor y al resto de Clientes a los que pueden acceder.<br \/>\nLa base de datos de usuarios y las ACL (Listas de Control de Acceso o Access Control Lists) se sincronizan en toda la red.<br \/>\nLlamadas, estados, chat, v\u00eddeo,&#8230; se mueven de un Cliente a otro. Cuando la conexi\u00f3n directa no resulta posible, lo hacen utilizando el Servidor como proxy.<\/p>\n<p><b>\u00bfPara qu\u00e9 sirve?<\/b><\/p>\n<ol>\n<li>\u00bfGestionas servicios de emergencia? Con un Cliente conectado al Cloud y una l\u00ednea ISDN, los operadores pueden trabajar incluso sin Internet.<\/li>\n<li>\u00bfTienes varias sedes pero no todas tienen un buen acceso a Internet? Manteniendo l\u00edneas locales, puedes trabajar con independencia de la calidad\/disponibilidad de la conexi\u00f3n a Internet.<\/li>\n<li>\u00bfTienes sedes en el extranjero? Puedes garantizar el funcionamiento de oficinas lejanas de forma aut\u00f3noma respecto a la estructura central.<\/li>\n<\/ol>\n[\/vc_column_text][\/mk_content_box][\/vc_column][\/vc_row][vc_row][vc_column][mk_padding_divider][vc_zigzag color=\u00bborange\u00bb el_width=\u00bb60&#8243;][mk_padding_divider][\/vc_column][\/vc_row][vc_row][vc_column width=\u00bb1\/2&#8243;][mk_padding_divider size=\u00bb50&#8243; visibility=\u00bbvisible-dt\u00bb][vc_column_text align=\u00bbcenter\u00bb css=\u00bb.vc_custom_1558633574835{margin-bottom: 0px !important;}\u00bb]\n<h4>LA LIGEREZA DE LA SENCILLEZ<\/h4>\n<p><strong>Activa un Cloud PBX con un clic.<\/strong><br \/>\nCompletamente integrado en el Wildix Management Portal.[\/vc_column_text][mk_padding_divider][\/vc_column][vc_column width=\u00bb1\/2&#8243;][mk_image src=\u00bbhttps:\/\/old.wildix.com\/wp-content\/uploads\/2018\/04\/slide-cloud-new.001-1.jpg\u00bb image_size=\u00bbmedium\u00bb align=\u00bbcenter\u00bb][mk_padding_divider][\/vc_column][\/vc_row][vc_row disable_element=\u00bbyes\u00bb css=\u00bb.vc_custom_1547763876736{padding-top: 5% !important;padding-right: 5% !important;padding-bottom: 5% !important;padding-left: 5% !important;background-color: #ededed !important;border-radius: 20px !important;}\u00bb][vc_column][vc_row_inner][vc_column_inner width=\u00bb1\/2&#8243;][vc_empty_space][vc_raw_js]JTNDZGl2JTIwY2xhc3MlM0QlMjJ3aXN0aWFfcmVzcG9uc2l2ZV9wYWRkaW5nJTIyJTIwc3R5bGUlM0QlMjJwYWRkaW5nJTNBJTIwNTYuMjUlMjUlMjAwJTIwMCUyMDAlM0IlMjBwb3NpdGlvbiUzQSUyMHJlbGF0aXZlJTNCJTIyJTNFJTBBJTNDZGl2JTIwY2xhc3MlM0QlMjJ3aXN0aWFfcmVzcG9uc2l2ZV93cmFwcGVyJTIyJTIwc3R5bGUlM0QlMjJoZWlnaHQlM0ElMjAxMDAlMjUlM0IlMjBsZWZ0JTNBJTIwMCUzQiUyMHBvc2l0aW9uJTNBJTIwYWJzb2x1dGUlM0IlMjB0b3AlM0ElMjAwJTNCJTIwd2lkdGglM0ElMjAxMDAlMjUlM0IlMjIlM0UlM0NpZnJhbWUlMjBjbGFzcyUzRCUyMndpc3RpYV9lbWJlZCUyMiUyMHRpdGxlJTNEJTIyV2lzdGlhJTIwdmlkZW8lMjBwbGF5ZXIlMjIlMjBzcmMlM0QlMjJodHRwcyUzQSUyRiUyRmZhc3Qud2lzdGlhLm5ldCUyRmVtYmVkJTJGaWZyYW1lJTJGaGxmeXF0b3VyaiUzRnZpZGVvRm9hbSUzRHRydWUlMjIlMjBuYW1lJTNEJTIyd2lzdGlhX2VtYmVkJTIyJTIwd2lkdGglM0QlMjIxMDAlMjUlMjIlMjBoZWlnaHQlM0QlMjIxMDAlMjUlMjIlMjBmcmFtZWJvcmRlciUzRCUyMjAlMjIlMjBzY3JvbGxpbmclM0QlMjJubyUyMiUyMGFsbG93ZnVsbHNjcmVlbiUzRCUyMmFsbG93ZnVsbHNjcmVlbiUyMiUzRSUzQyUyRmlmcmFtZSUzRSUzQyUyRmRpdiUzRSUwQSUzQyUyRmRpdiUzRSUwQSUzQ3NjcmlwdCUyMHNyYyUzRCUyMmh0dHBzJTNBJTJGJTJGZmFzdC53aXN0aWEubmV0JTJGYXNzZXRzJTJGZXh0ZXJuYWwlMkZFLXYxLmpzJTIyJTIwYXN5bmMlM0UlM0MlMkZzY3JpcHQlM0U=[\/vc_raw_js][vc_empty_space][\/vc_column_inner][vc_column_inner width=\u00bb1\/2&#8243;][vc_empty_space][vc_column_text css=\u00bb.vc_custom_1524143824809{margin-bottom: 0px !important;}\u00bb]<strong>Se vuoi ricevere altri video, inserisci la tua email e scegli l\u2019argomento che ti interessa:<br \/>\n<\/strong>[\/vc_column_text][vc_empty_space][vc_raw_js]JTNDc2NyaXB0JTIwdHlwZSUzRCUyMnRleHQlMkZqYXZhc2NyaXB0JTIyJTIwc3JjJTNEJTIyaHR0cHMlM0ElMkYlMkZ3YjIwNC5pbmZ1c2lvbnNvZnQuY29tJTJGYXBwJTJGZm9ybSUyRmlmcmFtZSUyRmMyNWFkMGJiYWU5ZTExNzEwNzE2NWMxMDI0MTgzYWZmJTIyJTNFJTNDJTJGc2NyaXB0JTNF[\/vc_raw_js][vc_empty_space][\/vc_column_inner][\/vc_row_inner][\/vc_column][\/vc_row][mk_page_section bg_gradient=\u00bbleft_top\u00bb video_color_mask=\u00bb#90f3f2&#8243; gr_end=\u00bb#003366&#8243; video_opacity=\u00bb0.9&#8243; min_height=\u00bb200&#8243; full_width=\u00bbtrue\u00bb padding_top=\u00bb0&#8243; padding_bottom=\u00bb0&#8243; sidebar=\u00bbsidebar-1&#8243;][vc_column][vc_row_inner is_fullwidth_content=\u00bbfalse\u00bb][vc_column_inner][vc_empty_space height=\u00bb50px\u00bb][mk_font_icons icon=\u00bbmk-moon-blog\u00bb color=\u00bb#003366&#8243; size=\u00bblarge\u00bb circle=\u00bbtrue\u00bb circle_color=\u00bb#ffffff\u00bb circle_border_color=\u00bb#ffffff\u00bb align=\u00bbcenter\u00bb][vc_empty_space][mk_fancy_title tag_name=\u00bbspan\u00bb color=\u00bb#ffffff\u00bb size=\u00bb35&#8243; force_font_size=\u00bbtrue\u00bb size_smallscreen=\u00bb30&#8243; size_tablet=\u00bb30&#8243; size_phone=\u00bb25&#8243; font_weight=\u00bb600&#8243; font_style=\u00bbnormal\u00bb txt_transform=\u00bbuppercase\u00bb font_family=\u00bbnone\u00bb align=\u00bbcenter\u00bb]\n<p style=\"text-align: center;\"><a href=\"https:\/\/blog.wildix.com\/es\/wildix-cloud\/\" target=\"_blank\" rel=\"noopener\">Lee el Art\u00edculo en el Blog<\/a><\/p>\n[\/mk_fancy_title][vc_empty_space height=\u00bb50px\u00bb][\/vc_column_inner][\/vc_row_inner][\/vc_column][\/mk_page_section]\n<\/section>","protected":false},"excerpt":{"rendered":"<p>[mk_page_section bg_gradient=\u00bbleft_top\u00bb video_color_mask=\u00bb#003366&#8243; gr_end=\u00bb#90f3f2&#8243; video_opacity=\u00bb0.9&#8243; min_height=\u00bb250&#8243; full_width=\u00bbtrue\u00bb padding_top=\u00bb0&#8243; padding_bottom=\u00bb0&#8243; sidebar=\u00bbsidebar-1&#8243; first_page=\u00bbfalse\u00bb last_page=\u00bbfalse\u00bb][vc_column][mk_padding_divider size=\u00bb120&#8243; visibility=\u00bbhidden-sm\u00bb][mk_padding_divider size=\u00bb70&#8243; visibility=\u00bbvisible-sm\u00bb][mk_fancy_title tag_name=\u00bbh1&#8243; color=\u00bb#ffffff\u00bb size=\u00bb70&#8243; force_font_size=\u00bbtrue\u00bb size_smallscreen=\u00bb60&#8243; size_tablet=\u00bb50&#8243; size_phone=\u00bb40&#8243; font_weight=\u00bb300&#8243; font_style=\u00bbnormal\u00bb txt_transform=\u00bbnone\u00bb margin_bottom=\u00bb0&#8243; font_family=\u00bbnone\u00bb align=\u00bbcenter\u00bb]Centralita telef\u00f3nica Cloud[\/mk_fancy_title][mk_fancy_title tag_name=\u00bbspan\u00bb color=\u00bb#ffffff\u00bb size=\u00bb24&#8243; force_font_size=\u00bbtrue\u00bb size_smallscreen=\u00bb22&#8243; size_tablet=\u00bb22&#8243; size_phone=\u00bb20&#8243; font_weight=\u00bb300&#8243; font_style=\u00bbnormal\u00bb txt_transform=\u00bbnone\u00bb margin_bottom=\u00bb0&#8243; font_family=\u00bbnone\u00bb align=\u00bbcenter\u00bb]Lo mejor de Wildix tambi\u00e9n en Cloud[\/mk_fancy_title][mk_padding_divider size=\u00bb30&#8243;][\/vc_column][\/mk_page_section][vc_row][vc_column][mk_padding_divider size=\u00bb120&#8243;][\/vc_column][\/vc_row][vc_row][vc_column][vc_column_text align=\u00bbcenter\u00bb css=\u00bb.vc_custom_1558630675867{margin-bottom: 0px [&hellip;]<\/p>\n","protected":false},"author":6,"featured_media":0,"parent":0,"menu_order":10,"comment_status":"closed","ping_status":"closed","template":"","meta":{"wpupg_custom_link":[],"wpupg_custom_link_behaviour":[],"wpupg_custom_image":[],"wpupg_custom_image_id":[],"footnotes":""},"acf":[],"yoast_head":"<!-- This site is optimized with the Yoast SEO plugin v21.8 - https:\/\/yoast.com\/wordpress\/plugins\/seo\/ -->\n<title>La soluci\u00f3n Wildix para la comunicaci\u00f3n unificada en el Cloud<\/title>\n<meta name=\"description\" content=\"Wildix Cloud - todas las ventajas de la comunicaci\u00f3n unificada en la nube: chat, audio y v\u00eddeo, llamadas, disponibilidad, movilidad, conferencias,...\" \/>\n<meta name=\"robots\" content=\"noindex, follow, max-snippet:-1, max-image-preview:large, max-video-preview:-1\" \/>\n<meta property=\"og:locale\" content=\"es_ES\" \/>\n<meta property=\"og:type\" content=\"article\" \/>\n<meta property=\"og:title\" content=\"La soluci\u00f3n Wildix para la comunicaci\u00f3n unificada en el Cloud\" \/>\n<meta property=\"og:description\" content=\"Wildix Cloud - todas las ventajas de la comunicaci\u00f3n unificada en la nube: chat, audio y v\u00eddeo, llamadas, disponibilidad, movilidad, conferencias,...\" \/>\n<meta property=\"og:url\" content=\"https:\/\/old.wildix.com\/es\/centralita-telefonica-cloud\/\" \/>\n<meta property=\"og:site_name\" content=\"Wildix\" \/>\n<meta property=\"article:modified_time\" content=\"2019-06-14T13:35:51+00:00\" \/>\n<meta name=\"twitter:card\" content=\"summary_large_image\" \/>\n<meta name=\"twitter:label1\" content=\"Tiempo de lectura\" \/>\n\t<meta name=\"twitter:data1\" content=\"8 minutos\" \/>\n<script type=\"application\/ld+json\" class=\"yoast-schema-graph\">{\"@context\":\"https:\/\/schema.org\",\"@graph\":[{\"@type\":\"WebPage\",\"@id\":\"https:\/\/old.wildix.com\/es\/centralita-telefonica-cloud\/\",\"url\":\"https:\/\/old.wildix.com\/es\/centralita-telefonica-cloud\/\",\"name\":\"La soluci\u00f3n Wildix para la comunicaci\u00f3n unificada en el Cloud\",\"isPartOf\":{\"@id\":\"https:\/\/old.wildix.com\/#website\"},\"datePublished\":\"2018-04-18T09:25:12+00:00\",\"dateModified\":\"2019-06-14T13:35:51+00:00\",\"description\":\"Wildix Cloud - todas las ventajas de la comunicaci\u00f3n unificada en la nube: chat, audio y v\u00eddeo, llamadas, disponibilidad, movilidad, conferencias,...\",\"breadcrumb\":{\"@id\":\"https:\/\/old.wildix.com\/es\/centralita-telefonica-cloud\/#breadcrumb\"},\"inLanguage\":\"es\",\"potentialAction\":[{\"@type\":\"ReadAction\",\"target\":[\"https:\/\/old.wildix.com\/es\/centralita-telefonica-cloud\/\"]}]},{\"@type\":\"BreadcrumbList\",\"@id\":\"https:\/\/old.wildix.com\/es\/centralita-telefonica-cloud\/#breadcrumb\",\"itemListElement\":[{\"@type\":\"ListItem\",\"position\":1,\"name\":\"Home\",\"item\":\"https:\/\/old.wildix.com\/\"},{\"@type\":\"ListItem\",\"position\":2,\"name\":\"Centralita telef\u00f3nica Cloud\"}]},{\"@type\":\"WebSite\",\"@id\":\"https:\/\/old.wildix.com\/#website\",\"url\":\"https:\/\/old.wildix.com\/\",\"name\":\"Wildix\",\"description\":\"Wildix PBX | VoIP Solutions | Unified Communications | WebRTC\",\"publisher\":{\"@id\":\"https:\/\/old.wildix.com\/#organization\"},\"potentialAction\":[{\"@type\":\"SearchAction\",\"target\":{\"@type\":\"EntryPoint\",\"urlTemplate\":\"https:\/\/old.wildix.com\/?s={search_term_string}\"},\"query-input\":\"required name=search_term_string\"}],\"inLanguage\":\"es\"},{\"@type\":\"Organization\",\"@id\":\"https:\/\/old.wildix.com\/#organization\",\"name\":\"Wildix\",\"url\":\"https:\/\/old.wildix.com\/\",\"logo\":{\"@type\":\"ImageObject\",\"inLanguage\":\"es\",\"@id\":\"https:\/\/old.wildix.com\/#\/schema\/logo\/image\/\",\"url\":\"https:\/\/old.wildix.com\/wp-content\/uploads\/2018\/04\/wildix-logo-2.png\",\"contentUrl\":\"https:\/\/old.wildix.com\/wp-content\/uploads\/2018\/04\/wildix-logo-2.png\",\"width\":440,\"height\":200,\"caption\":\"Wildix\"},\"image\":{\"@id\":\"https:\/\/old.wildix.com\/#\/schema\/logo\/image\/\"}}]}<\/script>\n<!-- \/ Yoast SEO plugin. -->","yoast_head_json":{"title":"La soluci\u00f3n Wildix para la comunicaci\u00f3n unificada en el Cloud","description":"Wildix Cloud - todas las ventajas de la comunicaci\u00f3n unificada en la nube: chat, audio y v\u00eddeo, llamadas, disponibilidad, movilidad, conferencias,...","robots":{"index":"noindex","follow":"follow","max-snippet":"max-snippet:-1","max-image-preview":"max-image-preview:large","max-video-preview":"max-video-preview:-1"},"og_locale":"es_ES","og_type":"article","og_title":"La soluci\u00f3n Wildix para la comunicaci\u00f3n unificada en el Cloud","og_description":"Wildix Cloud - todas las ventajas de la comunicaci\u00f3n unificada en la nube: chat, audio y v\u00eddeo, llamadas, disponibilidad, movilidad, conferencias,...","og_url":"https:\/\/old.wildix.com\/es\/centralita-telefonica-cloud\/","og_site_name":"Wildix","article_modified_time":"2019-06-14T13:35:51+00:00","twitter_card":"summary_large_image","twitter_misc":{"Tiempo de lectura":"8 minutos"},"schema":{"@context":"https:\/\/schema.org","@graph":[{"@type":"WebPage","@id":"https:\/\/old.wildix.com\/es\/centralita-telefonica-cloud\/","url":"https:\/\/old.wildix.com\/es\/centralita-telefonica-cloud\/","name":"La soluci\u00f3n Wildix para la comunicaci\u00f3n unificada en el Cloud","isPartOf":{"@id":"https:\/\/old.wildix.com\/#website"},"datePublished":"2018-04-18T09:25:12+00:00","dateModified":"2019-06-14T13:35:51+00:00","description":"Wildix Cloud - todas las ventajas de la comunicaci\u00f3n unificada en la nube: chat, audio y v\u00eddeo, llamadas, disponibilidad, movilidad, conferencias,...","breadcrumb":{"@id":"https:\/\/old.wildix.com\/es\/centralita-telefonica-cloud\/#breadcrumb"},"inLanguage":"es","potentialAction":[{"@type":"ReadAction","target":["https:\/\/old.wildix.com\/es\/centralita-telefonica-cloud\/"]}]},{"@type":"BreadcrumbList","@id":"https:\/\/old.wildix.com\/es\/centralita-telefonica-cloud\/#breadcrumb","itemListElement":[{"@type":"ListItem","position":1,"name":"Home","item":"https:\/\/old.wildix.com\/"},{"@type":"ListItem","position":2,"name":"Centralita telef\u00f3nica Cloud"}]},{"@type":"WebSite","@id":"https:\/\/old.wildix.com\/#website","url":"https:\/\/old.wildix.com\/","name":"Wildix","description":"Wildix PBX | VoIP Solutions | Unified Communications | WebRTC","publisher":{"@id":"https:\/\/old.wildix.com\/#organization"},"potentialAction":[{"@type":"SearchAction","target":{"@type":"EntryPoint","urlTemplate":"https:\/\/old.wildix.com\/?s={search_term_string}"},"query-input":"required name=search_term_string"}],"inLanguage":"es"},{"@type":"Organization","@id":"https:\/\/old.wildix.com\/#organization","name":"Wildix","url":"https:\/\/old.wildix.com\/","logo":{"@type":"ImageObject","inLanguage":"es","@id":"https:\/\/old.wildix.com\/#\/schema\/logo\/image\/","url":"https:\/\/old.wildix.com\/wp-content\/uploads\/2018\/04\/wildix-logo-2.png","contentUrl":"https:\/\/old.wildix.com\/wp-content\/uploads\/2018\/04\/wildix-logo-2.png","width":440,"height":200,"caption":"Wildix"},"image":{"@id":"https:\/\/old.wildix.com\/#\/schema\/logo\/image\/"}}]}},"_links":{"self":[{"href":"https:\/\/old.wildix.com\/es\/wp-json\/wp\/v2\/pages\/7836336"}],"collection":[{"href":"https:\/\/old.wildix.com\/es\/wp-json\/wp\/v2\/pages"}],"about":[{"href":"https:\/\/old.wildix.com\/es\/wp-json\/wp\/v2\/types\/page"}],"author":[{"embeddable":true,"href":"https:\/\/old.wildix.com\/es\/wp-json\/wp\/v2\/users\/6"}],"replies":[{"embeddable":true,"href":"https:\/\/old.wildix.com\/es\/wp-json\/wp\/v2\/comments?post=7836336"}],"version-history":[{"count":0,"href":"https:\/\/old.wildix.com\/es\/wp-json\/wp\/v2\/pages\/7836336\/revisions"}],"wp:attachment":[{"href":"https:\/\/old.wildix.com\/es\/wp-json\/wp\/v2\/media?parent=7836336"}],"curies":[{"name":"wp","href":"https:\/\/api.w.org\/{rel}","templated":true}]}}