{"id":7836340,"date":"2018-04-18T10:10:39","date_gmt":"2018-04-18T10:10:39","guid":{"rendered":"https:\/\/old2.wildix.com\/?page_id=7836340"},"modified":"2022-09-05T13:10:31","modified_gmt":"2022-09-05T13:10:31","slug":"integracion-tapi-y-web-api","status":"publish","type":"page","link":"https:\/\/old.wildix.com\/es\/integracion-tapi-y-web-api\/","title":{"rendered":"Integraci\u00f3n TAPI y WEB API"},"content":{"rendered":"<section class=\"wpb-content-wrapper\">[mk_page_section video_color_mask=\u00bb#003366&#8243; video_opacity=\u00bb0.9&#8243; min_height=\u00bb250&#8243; full_width=\u00bbtrue\u00bb padding_top=\u00bb0&#8243; padding_bottom=\u00bb0&#8243; sidebar=\u00bbsidebar-1&#8243; first_page=\u00bbfalse\u00bb last_page=\u00bbfalse\u00bb][vc_column][mk_padding_divider size=\u00bb120&#8243; visibility=\u00bbhidden-sm\u00bb][mk_padding_divider size=\u00bb70&#8243; visibility=\u00bbvisible-sm\u00bb][mk_fancy_title tag_name=\u00bbh1&#8243; color=\u00bb#ffffff\u00bb size=\u00bb60&#8243; force_font_size=\u00bbtrue\u00bb size_smallscreen=\u00bb45&#8243; size_tablet=\u00bb35&#8243; size_phone=\u00bb35&#8243; font_weight=\u00bb300&#8243; font_style=\u00bbnormal\u00bb txt_transform=\u00bbnone\u00bb margin_bottom=\u00bb0&#8243; font_family=\u00bbnone\u00bb align=\u00bbcenter\u00bb]Integraci\u00f3n TAPI:<br \/>\nWildix TAPI y WEB API[\/mk_fancy_title][mk_fancy_title tag_name=\u00bbspan\u00bb color=\u00bb#ffffff\u00bb size=\u00bb24&#8243; force_font_size=\u00bbtrue\u00bb size_smallscreen=\u00bb22&#8243; size_tablet=\u00bb22&#8243; size_phone=\u00bb20&#8243; font_weight=\u00bb300&#8243; font_style=\u00bbnormal\u00bb txt_transform=\u00bbnone\u00bb margin_bottom=\u00bb0&#8243; font_family=\u00bbnone\u00bb align=\u00bbcenter\u00bb]Integraci\u00f3n con aplicaciones Windows y Web[\/mk_fancy_title][mk_padding_divider size=\u00bb30&#8243;][\/vc_column][\/mk_page_section][vc_row][vc_column][mk_padding_divider size=\u00bb60&#8243;][\/vc_column][\/vc_row][vc_row][vc_column][vc_column_text align=\u00bbcenter\u00bb css=\u00bb.vc_custom_1558636002326{margin-bottom: 0px !important;}\u00bb]\n<h3 style=\"text-align: center;\">W-TAPI es un componente software compatible con<br \/>\ntodos los PBX Wildix para desarrollar las integraciones TAPI.<\/h3>\n[\/vc_column_text][mk_padding_divider size=\u00bb30&#8243;][\/vc_column][\/vc_row][vc_row][vc_column][vc_column_text align=\u00bbcenter\u00bb css=\u00bb.vc_custom_1558971449994{margin-bottom: 0px !important;}\u00bb]La aplicaci\u00f3n W-TAPI permite efectuar llamadas y supervisarlas desde<br \/>\nlas aplicaciones Windows (Wildix TAPI) o desde p\u00e1ginas web (Wildix Web API).[\/vc_column_text][\/vc_column][\/vc_row][vc_row][vc_column][mk_divider style=\u00bbthin_solid\u00bb][\/vc_column][\/vc_row][vc_row equal_height=\u00bbyes\u00bb][vc_column width=\u00bb1\/2&#8243;][vc_empty_space][vc_column_text css=\u00bb.vc_custom_1524046392600{margin-bottom: 0px !important;}\u00bb]\n<h2>WILDIX TAPI<\/h2>\n[\/vc_column_text][vc_column_text css=\u00bb.vc_custom_1558971493692{margin-bottom: 0px !important;}\u00bb]Wildix TAPI\u00a0incluye todas las funciones b\u00e1sicas (<strong>llamar, responder, colgar<\/strong>) y otras funciones adicionales (<strong>espera, reanudaci\u00f3n, transferencia, conferencia<\/strong>).[\/vc_column_text][vc_empty_space][vc_column_text css=\u00bb.vc_custom_1558971508300{margin-bottom: 0px !important;}\u00bb]\n<h4>CARACTER\u00cdSTICAS W-TAPI:<\/h4>\n[\/vc_column_text][mk_custom_list icon_color=\u00bb#dd9933&#8243; align=\u00bbleft\u00bb]\n<ul>\n<li>Multil\u00ednea (para controlar varios usuarios)<\/li>\n<li>Funciones en ambientes LAN e Internet<\/li>\n<li>Utiliza un \u00fanico puerto 5060 UDP<\/li>\n<li>Compatible con protocolo SIP<\/li>\n<li>TSP es compatibile con TAPI 2.1 y TAPI 3.0<\/li>\n<li>Compatibile Windows XP y posteriores (32 y 64 bit)<\/li>\n<li>Compatible con dispositivos Wildix<\/li>\n<\/ul>\n[\/mk_custom_list][vc_empty_space][\/vc_column][vc_column width=\u00bb1\/2&#8243;][vc_empty_space][mk_image src=\u00bbhttps:\/\/old.wildix.com\/wp-content\/uploads\/2021\/03\/w-tapi-scheme.jpg\u00bb image_size=\u00bbfull\u00bb][\/vc_column][\/vc_row][vc_row][vc_column][mk_divider style=\u00bbthin_solid\u00bb][\/vc_column][\/vc_row][vc_row equal_height=\u00bbyes\u00bb][vc_column width=\u00bb1\/2&#8243;][vc_empty_space][vc_column_text css=\u00bb.vc_custom_1524047378985{margin-bottom: 0px !important;}\u00bb]\n<h2>WILDIX WEB API<\/h2>\n[\/vc_column_text][vc_column_text css=\u00bb.vc_custom_1558971564793{margin-bottom: 0px !important;}\u00bb]Wildix Web API\u00a0se integra con tus software CRM, ERP, solucioNes Fias\/Fidelio y aplicaciones Web. Gracias a Javascript Telephony API es posible gestionar los dispositivos conectados al PBX Wildix de la empresa.<br \/>\nWildix Web API ofrece la funci\u00f3n<strong> chat e informaci\u00f3n sobre la disponibilidad <\/strong>y actividad de los compa\u00f1eros. Adem\u00e1s, el uso combinado con Zero Distance permite realizar<strong> llamadas y videollamadas<\/strong>. Wildix Web API transforma cualquier p\u00e1gina web en un Puesto de Trabajo.[\/vc_column_text][vc_empty_space][\/vc_column][vc_column width=\u00bb1\/2&#8243;][vc_empty_space][mk_image src=\u00bbhttps:\/\/old.wildix.com\/wp-content\/uploads\/2021\/03\/webapi-scheme.jpg\u00bb image_size=\u00bbfull\u00bb][\/vc_column][\/vc_row][vc_row equal_height=\u00bbyes\u00bb][vc_column width=\u00bb1\/2&#8243;][vc_empty_space][vc_column_text css=\u00bb.vc_custom_1558971590757{margin-bottom: 0px !important;}\u00bb]\n<h4>CON WILDIX WEB API ES POSIBLE:<\/h4>\n[\/vc_column_text][mk_custom_list icon_color=\u00bb#dd9933&#8243; align=\u00bbleft\u00bb]\n<ul>\n<li>efectuar la llamada<\/li>\n<li>colgar<\/li>\n<li>responder una llamada<\/li>\n<li>poner en espera y reanudar una llamada<\/li>\n<li>grabar una llamada<\/li>\n<li>reenviar la llamada con transferencia ciega y asistida<\/li>\n<li>recibir notificaciones<\/li>\n<li>supervisar las llamadas en curso<\/li>\n<li>intercambiar mensajes de chat con los usuarios<\/li>\n<li>tener informaci\u00f3n sobre la disponibilidad de los usuarios y sobre su posici\u00f3n (geolocalizaci\u00f3n)<\/li>\n<li>configurar y comunicar la propia disponibilidad y ubicaci\u00f3n<\/li>\n<li>utilizar los dispositivos Wildix<\/li>\n<\/ul>\n[\/mk_custom_list][vc_empty_space][\/vc_column][vc_column width=\u00bb1\/2&#8243;][vc_empty_space][vc_column_text css=\u00bb.vc_custom_1558971603608{margin-bottom: 0px !important;}\u00bb]\n<h4>REQUISITOS PARA EL FUNCIONAMIENTO:<\/h4>\n[\/vc_column_text][vc_column_text css=\u00bb.vc_custom_1573221235697{margin-bottom: 0px !important;}\u00bb]\n<ul>\n<li>PBX disponible desde la Web<\/li>\n<li>Licencia UC-Business o UC-Premium<\/li>\n<\/ul>\n<p>Wildix Web API es compatibile con los siguientes navegadores y sus versiones superiores:<\/p>\n<ul>\n<li>Firefox 21<\/li>\n<li>Opera 12<\/li>\n<li>Google Chrome 27<\/li>\n<li>Safari 6<\/li>\n<li>IE 10<\/li>\n<\/ul>\n[\/vc_column_text][\/vc_column][\/vc_row][vc_row css=\u00bb.vc_custom_1559053498750{margin-top: 0px !important;border-top-width: 0px !important;padding-top: 0px !important;}\u00bb][vc_column][mk_divider style=\u00bbthin_solid\u00bb thin_color_style=\u00bbgradient_color\u00bb thin_grandient_color_from=\u00bb#3edbd9&#8243; thin_grandient_color_to=\u00bb#5841b8&#8243; thin_gradient_color_angle=\u00bbhorizontal\u00bb thin_grandient_color_fallback=\u00bb#3edbd9&#8243; thickness=\u00bb5&#8243; margin_top=\u00bb0&#8243;][\/vc_column][\/vc_row][vc_row css=\u00bb.vc_custom_1559053745406{background-color: #ffffff !important;}\u00bb][vc_column width=\u00bb1\/3&#8243;][mk_padding_divider size=\u00bb30&#8243;][\/vc_column][vc_column width=\u00bb1\/3&#8243;][mk_padding_divider size=\u00bb30&#8243;][mk_button dimension=\u00bbflat\u00bb corner_style=\u00bbrounded\u00bb size=\u00bbmedium\u00bb icon=\u00bbmk-moon-link\u00bb icon_anim=\u00bbside\u00bb url=\u00bbhttps:\/\/wildix.atlassian.net\/wiki\/x\/MA-OAQ\u00bb target=\u00bb_blank\u00bb align=\u00bbcenter\u00bb fullwidth=\u00bbtrue\u00bb bg_color=\u00bb#3c72a2&#8243; btn_hover_txt_color=\u00bb#ffffff\u00bb]Wildix WebAPI documentaci\u00f3n[\/mk_button][mk_padding_divider size=\u00bb30&#8243;][\/vc_column][vc_column width=\u00bb1\/3&#8243;][mk_padding_divider size=\u00bb30&#8243;][\/vc_column][\/vc_row][vc_row fullwidth=\u00bbtrue\u00bb fullwidth_content=\u00bbfalse\u00bb css=\u00bb.vc_custom_1563980243307{background-color: #003366 !important;}\u00bb][vc_column][mk_padding_divider][vc_row_inner][vc_column_inner width=\u00bb1\/2&#8243;][mk_button dimension=\u00bbflat\u00bb corner_style=\u00bbrounded\u00bb size=\u00bblarge\u00bb icon=\u00bbmk-moon-arrow-left\u00bb icon_anim=\u00bbside\u00bb url=\u00bb\/es\/ios-y-android-app-movil\/\u00bb align=\u00bbright\u00bb button_custom_width=\u00bb200&#8243; bg_color=\u00bb#dd9933&#8243; btn_hover_txt_color=\u00bb#ffffff\u00bb]Anterior[\/mk_button][\/vc_column_inner][vc_column_inner width=\u00bb1\/2&#8243;][mk_button dimension=\u00bbflat\u00bb corner_style=\u00bbrounded\u00bb size=\u00bblarge\u00bb icon=\u00bbmk-moon-arrow-right-2&#8243; icon_anim=\u00bbside\u00bb url=\u00bb\/es\/centralitas-telefonicas-voip-para-empresas\/\u00bb button_custom_width=\u00bb200&#8243; bg_color=\u00bb#dd9933&#8243; btn_hover_txt_color=\u00bb#ffffff\u00bb]Siguiente[\/mk_button][\/vc_column_inner][\/vc_row_inner][mk_padding_divider size=\u00bb20&#8243;][\/vc_column][\/vc_row]\n<\/section>","protected":false},"excerpt":{"rendered":"<p>[mk_page_section video_color_mask=\u00bb#003366&#8243; video_opacity=\u00bb0.9&#8243; min_height=\u00bb250&#8243; full_width=\u00bbtrue\u00bb padding_top=\u00bb0&#8243; padding_bottom=\u00bb0&#8243; sidebar=\u00bbsidebar-1&#8243; first_page=\u00bbfalse\u00bb last_page=\u00bbfalse\u00bb][vc_column][mk_padding_divider size=\u00bb120&#8243; visibility=\u00bbhidden-sm\u00bb][mk_padding_divider size=\u00bb70&#8243; visibility=\u00bbvisible-sm\u00bb][mk_fancy_title tag_name=\u00bbh1&#8243; color=\u00bb#ffffff\u00bb size=\u00bb60&#8243; force_font_size=\u00bbtrue\u00bb size_smallscreen=\u00bb45&#8243; size_tablet=\u00bb35&#8243; size_phone=\u00bb35&#8243; font_weight=\u00bb300&#8243; font_style=\u00bbnormal\u00bb txt_transform=\u00bbnone\u00bb margin_bottom=\u00bb0&#8243; font_family=\u00bbnone\u00bb align=\u00bbcenter\u00bb]Integraci\u00f3n TAPI: Wildix TAPI y WEB API[\/mk_fancy_title][mk_fancy_title tag_name=\u00bbspan\u00bb color=\u00bb#ffffff\u00bb size=\u00bb24&#8243; force_font_size=\u00bbtrue\u00bb size_smallscreen=\u00bb22&#8243; size_tablet=\u00bb22&#8243; size_phone=\u00bb20&#8243; font_weight=\u00bb300&#8243; font_style=\u00bbnormal\u00bb txt_transform=\u00bbnone\u00bb margin_bottom=\u00bb0&#8243; font_family=\u00bbnone\u00bb align=\u00bbcenter\u00bb]Integraci\u00f3n con aplicaciones Windows y Web[\/mk_fancy_title][mk_padding_divider size=\u00bb30&#8243;][\/vc_column][\/mk_page_section][vc_row][vc_column][mk_padding_divider size=\u00bb60&#8243;][\/vc_column][\/vc_row][vc_row][vc_column][vc_column_text align=\u00bbcenter\u00bb css=\u00bb.vc_custom_1558636002326{margin-bottom: [&hellip;]<\/p>\n","protected":false},"author":6,"featured_media":0,"parent":0,"menu_order":10,"comment_status":"closed","ping_status":"closed","template":"","meta":{"wpupg_custom_link":[],"wpupg_custom_link_behaviour":["default"],"wpupg_custom_image":[],"wpupg_custom_image_id":[],"footnotes":""},"acf":[],"yoast_head":"<!-- This site is optimized with the Yoast SEO plugin v21.8 - https:\/\/yoast.com\/wordpress\/plugins\/seo\/ -->\n<title>Integraci\u00f3n TAPI y WebAPI para aplicaciones Web<\/title>\n<meta name=\"description\" content=\"Wildix TAPI - componente software con funciones de llamada b\u00e1sicas (marcar, responder, colgar) y otras adicionales, como la opci\u00f3n de transferir llamada o conferencia.\" \/>\n<meta name=\"robots\" content=\"noindex, follow, max-snippet:-1, max-image-preview:large, max-video-preview:-1\" \/>\n<meta property=\"og:locale\" content=\"es_ES\" \/>\n<meta property=\"og:type\" content=\"article\" \/>\n<meta property=\"og:title\" content=\"Integraci\u00f3n TAPI y WebAPI para aplicaciones Web\" \/>\n<meta property=\"og:description\" content=\"Wildix TAPI - componente software con funciones de llamada b\u00e1sicas (marcar, responder, colgar) y otras adicionales, como la opci\u00f3n de transferir llamada o conferencia.\" \/>\n<meta property=\"og:url\" content=\"https:\/\/old.wildix.com\/es\/integracion-tapi-y-web-api\/\" \/>\n<meta property=\"og:site_name\" content=\"Wildix\" \/>\n<meta property=\"article:modified_time\" content=\"2022-09-05T13:10:31+00:00\" \/>\n<meta name=\"twitter:card\" content=\"summary_large_image\" \/>\n<meta name=\"twitter:label1\" content=\"Tiempo de lectura\" \/>\n\t<meta name=\"twitter:data1\" content=\"5 minutos\" \/>\n<script type=\"application\/ld+json\" class=\"yoast-schema-graph\">{\"@context\":\"https:\/\/schema.org\",\"@graph\":[{\"@type\":\"WebPage\",\"@id\":\"https:\/\/old.wildix.com\/es\/integracion-tapi-y-web-api\/\",\"url\":\"https:\/\/old.wildix.com\/es\/integracion-tapi-y-web-api\/\",\"name\":\"Integraci\u00f3n TAPI y WebAPI para aplicaciones Web\",\"isPartOf\":{\"@id\":\"https:\/\/old.wildix.com\/#website\"},\"datePublished\":\"2018-04-18T10:10:39+00:00\",\"dateModified\":\"2022-09-05T13:10:31+00:00\",\"description\":\"Wildix TAPI - componente software con funciones de llamada b\u00e1sicas (marcar, responder, colgar) y otras adicionales, como la opci\u00f3n de transferir llamada o conferencia.\",\"breadcrumb\":{\"@id\":\"https:\/\/old.wildix.com\/es\/integracion-tapi-y-web-api\/#breadcrumb\"},\"inLanguage\":\"es\",\"potentialAction\":[{\"@type\":\"ReadAction\",\"target\":[\"https:\/\/old.wildix.com\/es\/integracion-tapi-y-web-api\/\"]}]},{\"@type\":\"BreadcrumbList\",\"@id\":\"https:\/\/old.wildix.com\/es\/integracion-tapi-y-web-api\/#breadcrumb\",\"itemListElement\":[{\"@type\":\"ListItem\",\"position\":1,\"name\":\"Home\",\"item\":\"https:\/\/old.wildix.com\/\"},{\"@type\":\"ListItem\",\"position\":2,\"name\":\"Integraci\u00f3n TAPI y WEB API\"}]},{\"@type\":\"WebSite\",\"@id\":\"https:\/\/old.wildix.com\/#website\",\"url\":\"https:\/\/old.wildix.com\/\",\"name\":\"Wildix\",\"description\":\"Wildix PBX | VoIP Solutions | Unified Communications | WebRTC\",\"publisher\":{\"@id\":\"https:\/\/old.wildix.com\/#organization\"},\"potentialAction\":[{\"@type\":\"SearchAction\",\"target\":{\"@type\":\"EntryPoint\",\"urlTemplate\":\"https:\/\/old.wildix.com\/?s={search_term_string}\"},\"query-input\":\"required name=search_term_string\"}],\"inLanguage\":\"es\"},{\"@type\":\"Organization\",\"@id\":\"https:\/\/old.wildix.com\/#organization\",\"name\":\"Wildix\",\"url\":\"https:\/\/old.wildix.com\/\",\"logo\":{\"@type\":\"ImageObject\",\"inLanguage\":\"es\",\"@id\":\"https:\/\/old.wildix.com\/#\/schema\/logo\/image\/\",\"url\":\"https:\/\/old.wildix.com\/wp-content\/uploads\/2018\/04\/wildix-logo-2.png\",\"contentUrl\":\"https:\/\/old.wildix.com\/wp-content\/uploads\/2018\/04\/wildix-logo-2.png\",\"width\":440,\"height\":200,\"caption\":\"Wildix\"},\"image\":{\"@id\":\"https:\/\/old.wildix.com\/#\/schema\/logo\/image\/\"}}]}<\/script>\n<!-- \/ Yoast SEO plugin. -->","yoast_head_json":{"title":"Integraci\u00f3n TAPI y WebAPI para aplicaciones Web","description":"Wildix TAPI - componente software con funciones de llamada b\u00e1sicas (marcar, responder, colgar) y otras adicionales, como la opci\u00f3n de transferir llamada o conferencia.","robots":{"index":"noindex","follow":"follow","max-snippet":"max-snippet:-1","max-image-preview":"max-image-preview:large","max-video-preview":"max-video-preview:-1"},"og_locale":"es_ES","og_type":"article","og_title":"Integraci\u00f3n TAPI y WebAPI para aplicaciones Web","og_description":"Wildix TAPI - componente software con funciones de llamada b\u00e1sicas (marcar, responder, colgar) y otras adicionales, como la opci\u00f3n de transferir llamada o conferencia.","og_url":"https:\/\/old.wildix.com\/es\/integracion-tapi-y-web-api\/","og_site_name":"Wildix","article_modified_time":"2022-09-05T13:10:31+00:00","twitter_card":"summary_large_image","twitter_misc":{"Tiempo de lectura":"5 minutos"},"schema":{"@context":"https:\/\/schema.org","@graph":[{"@type":"WebPage","@id":"https:\/\/old.wildix.com\/es\/integracion-tapi-y-web-api\/","url":"https:\/\/old.wildix.com\/es\/integracion-tapi-y-web-api\/","name":"Integraci\u00f3n TAPI y WebAPI para aplicaciones Web","isPartOf":{"@id":"https:\/\/old.wildix.com\/#website"},"datePublished":"2018-04-18T10:10:39+00:00","dateModified":"2022-09-05T13:10:31+00:00","description":"Wildix TAPI - componente software con funciones de llamada b\u00e1sicas (marcar, responder, colgar) y otras adicionales, como la opci\u00f3n de transferir llamada o conferencia.","breadcrumb":{"@id":"https:\/\/old.wildix.com\/es\/integracion-tapi-y-web-api\/#breadcrumb"},"inLanguage":"es","potentialAction":[{"@type":"ReadAction","target":["https:\/\/old.wildix.com\/es\/integracion-tapi-y-web-api\/"]}]},{"@type":"BreadcrumbList","@id":"https:\/\/old.wildix.com\/es\/integracion-tapi-y-web-api\/#breadcrumb","itemListElement":[{"@type":"ListItem","position":1,"name":"Home","item":"https:\/\/old.wildix.com\/"},{"@type":"ListItem","position":2,"name":"Integraci\u00f3n TAPI y WEB API"}]},{"@type":"WebSite","@id":"https:\/\/old.wildix.com\/#website","url":"https:\/\/old.wildix.com\/","name":"Wildix","description":"Wildix PBX | VoIP Solutions | Unified Communications | WebRTC","publisher":{"@id":"https:\/\/old.wildix.com\/#organization"},"potentialAction":[{"@type":"SearchAction","target":{"@type":"EntryPoint","urlTemplate":"https:\/\/old.wildix.com\/?s={search_term_string}"},"query-input":"required name=search_term_string"}],"inLanguage":"es"},{"@type":"Organization","@id":"https:\/\/old.wildix.com\/#organization","name":"Wildix","url":"https:\/\/old.wildix.com\/","logo":{"@type":"ImageObject","inLanguage":"es","@id":"https:\/\/old.wildix.com\/#\/schema\/logo\/image\/","url":"https:\/\/old.wildix.com\/wp-content\/uploads\/2018\/04\/wildix-logo-2.png","contentUrl":"https:\/\/old.wildix.com\/wp-content\/uploads\/2018\/04\/wildix-logo-2.png","width":440,"height":200,"caption":"Wildix"},"image":{"@id":"https:\/\/old.wildix.com\/#\/schema\/logo\/image\/"}}]}},"_links":{"self":[{"href":"https:\/\/old.wildix.com\/es\/wp-json\/wp\/v2\/pages\/7836340"}],"collection":[{"href":"https:\/\/old.wildix.com\/es\/wp-json\/wp\/v2\/pages"}],"about":[{"href":"https:\/\/old.wildix.com\/es\/wp-json\/wp\/v2\/types\/page"}],"author":[{"embeddable":true,"href":"https:\/\/old.wildix.com\/es\/wp-json\/wp\/v2\/users\/6"}],"replies":[{"embeddable":true,"href":"https:\/\/old.wildix.com\/es\/wp-json\/wp\/v2\/comments?post=7836340"}],"version-history":[{"count":0,"href":"https:\/\/old.wildix.com\/es\/wp-json\/wp\/v2\/pages\/7836340\/revisions"}],"wp:attachment":[{"href":"https:\/\/old.wildix.com\/es\/wp-json\/wp\/v2\/media?parent=7836340"}],"curies":[{"name":"wp","href":"https:\/\/api.w.org\/{rel}","templated":true}]}}