{"id":7836352,"date":"2018-04-18T12:43:31","date_gmt":"2018-04-18T12:43:31","guid":{"rendered":"https:\/\/old2.wildix.com\/?page_id=7836352"},"modified":"2022-09-06T13:13:06","modified_gmt":"2022-09-06T13:13:06","slug":"media-gateway-sip-pa","status":"publish","type":"page","link":"https:\/\/old.wildix.com\/es\/media-gateway-sip-pa\/","title":{"rendered":"Gateways | SIP PA"},"content":{"rendered":"<section class=\"wpb-content-wrapper\">[mk_page_section video_color_mask=\u00bb#003366&#8243; video_opacity=\u00bb0.9&#8243; min_height=\u00bb250&#8243; full_width=\u00bbtrue\u00bb padding_top=\u00bb0&#8243; padding_bottom=\u00bb0&#8243; sidebar=\u00bbsidebar-1&#8243; first_page=\u00bbfalse\u00bb last_page=\u00bbfalse\u00bb][vc_column][mk_padding_divider size=\u00bb120&#8243; visibility=\u00bbhidden-sm\u00bb][mk_padding_divider size=\u00bb70&#8243; visibility=\u00bbvisible-sm\u00bb][mk_fancy_title tag_name=\u00bbh1&#8243; color=\u00bb#ffffff\u00bb size=\u00bb70&#8243; force_font_size=\u00bbtrue\u00bb size_smallscreen=\u00bb60&#8243; size_tablet=\u00bb50&#8243; size_phone=\u00bb40&#8243; font_weight=\u00bb300&#8243; font_style=\u00bbnormal\u00bb txt_transform=\u00bbnone\u00bb margin_bottom=\u00bb0&#8243; font_family=\u00bbnone\u00bb align=\u00bbcenter\u00bb]\n<p>Gateways | SIP PA<\/p>\n[\/mk_fancy_title][mk_padding_divider size=\u00bb30&#8243;][\/vc_column][\/mk_page_section][vc_row][vc_column][mk_padding_divider size=\u00bb60&#8243;][\/vc_column][\/vc_row][vc_row][vc_column][vc_column_text css=\u00bb.vc_custom_1648553862336{margin-bottom: 0px !important;}\u00bb]Wildix propone una gama completa de Pasarela de Medios o Media Gateway (<strong>FXO<\/strong>,\u00a0<strong>FXS<\/strong>,\u00a0<strong>GSM-LTE<\/strong>) para satisfacer todas las necesidades de instalaci\u00f3n.[\/vc_column_text][vc_empty_space height=\u00bb15px\u00bb][vc_column_text css=\u00bb.vc_custom_1558897074665{margin-bottom: 0px !important;}\u00bb]<strong>W-PA es un Public Announcer<\/strong> y SIP Paging Gateway completamente integrado en las Comunicaciones Unificadas. \u00a1Todo lo que necesitas![\/vc_column_text][vc_empty_space][\/vc_column][\/vc_row][vc_row disable_element=\u00bbyes\u00bb][vc_column width=\u00bb1\/3&#8243;][mk_content_box heading=\u00bbMedia Gateway BRI\u00bb][vc_column_text css=\u00bb.vc_custom_1620391996432{margin-bottom: 0px !important;}\u00bb]\n<p style=\"text-align: center;\"><strong>Media Gateway 4 puertos BRI<br \/>\n<\/strong><\/p>\n[\/vc_column_text][mk_image src=\u00bbhttps:\/\/old.wildix.com\/wp-content\/uploads\/2020\/08\/w04bri.jpg\u00bb image_size=\u00bbfull\u00bb lightbox=\u00bbtrue\u00bb align=\u00bbcenter\u00bb][vc_tta_accordion style=\u00bbmodern\u00bb shape=\u00bbsquare\u00bb c_icon=\u00bb\u00bb active_section=\u00bb\u00bb no_fill=\u00bbtrue\u00bb collapsible_all=\u00bbtrue\u00bb][vc_tta_section i_icon_fontawesome=\u00bbfa fa-search-plus\u00bb add_icon=\u00bbtrue\u00bb title=\u00bbFeatures\u00bb tab_id=\u00bb1648553807461-3c47c515-6f39&#8243;][vc_row_inner][vc_column_inner][mk_custom_list icon_color=\u00bb#dd9933&#8243;]<strong>W04BRI<\/strong>: 4 puertos BRI ISDN\/sin PoE \u2013 8 Canales de Voz[\/mk_custom_list][\/vc_column_inner][\/vc_row_inner][\/vc_tta_section][\/vc_tta_accordion][\/mk_content_box][vc_empty_space height=\u00bb60px\u00bb][\/vc_column][vc_column width=\u00bb1\/3&#8243;][mk_content_box heading=\u00bbMedia Gateway PRI\u00bb][vc_column_text css=\u00bb.vc_custom_1620392013841{margin-bottom: 0px !important;}\u00bb]\n<p style=\"text-align: center;\"><strong>Media Gateway 2 puertos PRI<br \/>\n<\/strong><\/p>\n[\/vc_column_text][mk_image src=\u00bbhttps:\/\/old.wildix.com\/wp-content\/uploads\/2020\/10\/w01pri-new.jpg\u00bb image_size=\u00bbfull\u00bb lightbox=\u00bbtrue\u00bb align=\u00bbcenter\u00bb][vc_tta_accordion style=\u00bbmodern\u00bb shape=\u00bbsquare\u00bb c_icon=\u00bb\u00bb active_section=\u00bb\u00bb no_fill=\u00bbtrue\u00bb collapsible_all=\u00bbtrue\u00bb][vc_tta_section i_icon_fontawesome=\u00bbfa fa-search-plus\u00bb add_icon=\u00bbtrue\u00bb title=\u00bbFeatures\u00bb tab_id=\u00bb1648553807639-7dbc7a93-54c9&#8243;][vc_row_inner][vc_column_inner][mk_custom_list icon_color=\u00bb#dd9933&#8243;]<strong>W02PRI<\/strong>:<br \/>\n2 puertos\u00a0ISDN PRI\/PoE \u2013 60 Canales de Voz[\/mk_custom_list][\/vc_column_inner][\/vc_row_inner][\/vc_tta_section][\/vc_tta_accordion][\/mk_content_box][vc_empty_space height=\u00bb60px\u00bb][\/vc_column][vc_column width=\u00bb1\/3&#8243;][mk_content_box heading=\u00bbMedia Gateways FXS\u00bb][vc_column_text css=\u00bb.vc_custom_1558897114870{margin-bottom: 0px !important;}\u00bb]\n<p style=\"text-align: center;\"><strong>Media Gateways\u00a02 \u2013 4 \u2013 24\u00a0puertos FXS<br \/>\n<\/strong><\/p>\n[\/vc_column_text][mk_image src=\u00bbhttps:\/\/old.wildix.com\/wp-content\/uploads\/2019\/10\/3-media-gateway-fxs.jpg\u00bb image_size=\u00bbfull\u00bb lightbox=\u00bbtrue\u00bb align=\u00bbcenter\u00bb][vc_tta_accordion style=\u00bbmodern\u00bb shape=\u00bbsquare\u00bb c_icon=\u00bb\u00bb active_section=\u00bb\u00bb no_fill=\u00bbtrue\u00bb collapsible_all=\u00bbtrue\u00bb][vc_tta_section i_icon_fontawesome=\u00bbfa fa-search-plus\u00bb add_icon=\u00bbtrue\u00bb title=\u00bbFeatures\u00bb tab_id=\u00bb1648553807801-b9e37b95-cab6&#8243;][vc_row_inner][vc_column_inner][mk_custom_list icon_color=\u00bb#dd9933&#8243;]\n<ul>\n<li><strong>W02FXS<\/strong>:<br \/>\n2 RJ11 conectores \/ PoE \u2013 2 Canales de Voz<\/li>\n<li><strong>W04FXS<\/strong>:<br \/>\n4 RJ11 conectores \/ PoE \u2013 4 Canales de Voz<\/li>\n<li><strong>W24FXS<\/strong>:<br \/>\n24 RJ11 + 1 RJ21 conectores \/ 24 Canales de Voz<\/li>\n<\/ul>\n[\/mk_custom_list][\/vc_column_inner][\/vc_row_inner][\/vc_tta_section][\/vc_tta_accordion][\/mk_content_box][vc_empty_space height=\u00bb60px\u00bb][\/vc_column][\/vc_row][vc_row][vc_column width=\u00bb1\/3&#8243;][mk_content_box heading=\u00bbMedia Gateways FXS\u00bb][vc_column_text css=\u00bb.vc_custom_1558897114870{margin-bottom: 0px !important;}\u00bb]\n<p style=\"text-align: center;\"><strong>Media Gateways\u00a02 \u2013 4 \u2013 24\u00a0puertos FXS<br \/>\n<\/strong><\/p>\n[\/vc_column_text][mk_image src=\u00bbhttps:\/\/old.wildix.com\/wp-content\/uploads\/2019\/10\/3-media-gateway-fxs.jpg\u00bb image_size=\u00bbfull\u00bb lightbox=\u00bbtrue\u00bb align=\u00bbcenter\u00bb][vc_tta_accordion style=\u00bbmodern\u00bb shape=\u00bbsquare\u00bb c_icon=\u00bb\u00bb active_section=\u00bb\u00bb no_fill=\u00bbtrue\u00bb collapsible_all=\u00bbtrue\u00bb][vc_tta_section i_icon_fontawesome=\u00bbfa fa-search-plus\u00bb add_icon=\u00bbtrue\u00bb title=\u00bbFeatures\u00bb tab_id=\u00bb1568065293506-e204d82b-d56e\u00bb][vc_row_inner][vc_column_inner][mk_custom_list icon_color=\u00bb#dd9933&#8243;]\n<ul>\n<li><strong>W02FXS<\/strong>:<br \/>\n2 RJ11 conectores \/ PoE \u2013 2 Canales de Voz<\/li>\n<li><strong>W04FXS<\/strong>:<br \/>\n4 RJ11 conectores \/ PoE \u2013 4 Canales de Voz<\/li>\n<li><strong>W24FXS<\/strong>:<br \/>\n24 RJ11 + 1 RJ21 conectores \/ 24 Canales de Voz<\/li>\n<\/ul>\n[\/mk_custom_list][vc_empty_space height=\u00bb60px\u00bb][\/vc_column_inner][\/vc_row_inner][\/vc_tta_section][\/vc_tta_accordion][\/mk_content_box][\/vc_column][vc_column width=\u00bb1\/3&#8243;][mk_content_box heading=\u00bbMedia Gateways FXO\u00bb][vc_column_text css=\u00bb.vc_custom_1558897232121{margin-bottom: 0px !important;}\u00bb]\n<p style=\"text-align: center;\"><strong>Media Gateways\u00a04 puertos FXO<br \/>\n<\/strong><\/p>\n[\/vc_column_text][mk_image src=\u00bbhttps:\/\/old.wildix.com\/wp-content\/uploads\/2020\/10\/w04fxo.jpg\u00bb image_size=\u00bbfull\u00bb lightbox=\u00bbtrue\u00bb align=\u00bbcenter\u00bb][vc_tta_accordion style=\u00bbmodern\u00bb shape=\u00bbsquare\u00bb c_icon=\u00bb\u00bb active_section=\u00bb\u00bb no_fill=\u00bbtrue\u00bb collapsible_all=\u00bbtrue\u00bb][vc_tta_section i_icon_fontawesome=\u00bbfa fa-search-plus\u00bb add_icon=\u00bbtrue\u00bb title=\u00bbFeatures\u00bb tab_id=\u00bb1568065310811-c586b581-fcfe\u00bb][vc_row_inner][vc_column_inner][mk_custom_list icon_color=\u00bb#dd9933&#8243;]\n<ul>\n<li><strong>W04FXO<\/strong>:<br \/>\n4 RJ11 conectores \/ PoE \u2013 4 Canales de Voz<\/li>\n<\/ul>\n[\/mk_custom_list][\/vc_column_inner][\/vc_row_inner][\/vc_tta_section][\/vc_tta_accordion][\/mk_content_box][vc_empty_space height=\u00bb60px\u00bb][\/vc_column][vc_column width=\u00bb1\/3&#8243;][mk_content_box heading=\u00bbMedia Gateways GSM-LTE\u00bb][vc_column_text css=\u00bb.vc_custom_1524058530120{margin-bottom: 0px !important;}\u00bb]\n<p style=\"text-align: center;\"><strong>Media Gateway\u00a01\u00a0SIM\u00a0GSM<\/strong><\/p>\n[\/vc_column_text][mk_image src=\u00bbhttps:\/\/old.wildix.com\/wp-content\/uploads\/2019\/02\/daysaver-front-3.jpg\u00bb image_size=\u00bbfull\u00bb lightbox=\u00bbtrue\u00bb align=\u00bbcenter\u00bb][vc_tta_accordion style=\u00bbmodern\u00bb shape=\u00bbsquare\u00bb c_icon=\u00bb\u00bb active_section=\u00bb\u00bb no_fill=\u00bbtrue\u00bb collapsible_all=\u00bbtrue\u00bb][vc_tta_section i_icon_fontawesome=\u00bbfa fa-search-plus\u00bb add_icon=\u00bbtrue\u00bb title=\u00bbFeatures\u00bb tab_id=\u00bb1568065316212-d3dc80c7-dff4&#8243;][vc_row_inner][vc_column_inner][mk_custom_list icon_color=\u00bb#dd9933&#8243;]\n<ul>\n<li><strong>DaySaver<\/strong>:<br \/>\n1 espacio GSM SIM; PoE<br \/>\nDos antenas &#8211; 3G \/ 4G \/ LTE<br \/>\nCompatible SMS (pr\u00f3ximamente)<br \/>\nWAN \/ LAN<\/li>\n<\/ul>\n[\/mk_custom_list][\/vc_column_inner][\/vc_row_inner][\/vc_tta_section][\/vc_tta_accordion][\/mk_content_box][vc_empty_space height=\u00bb60px\u00bb][\/vc_column][\/vc_row][vc_row][vc_column width=\u00bb1\/3&#8243;][mk_content_box heading=\u00bbSIP W-PA\u00bb][vc_column_text css=\u00bb.vc_custom_1524058605704{margin-bottom: 0px !important;}\u00bb]\n<p style=\"text-align: center;\"><strong>SIP W-PA<\/strong><\/p>\n[\/vc_column_text][mk_image src=\u00bbhttps:\/\/old.wildix.com\/wp-content\/uploads\/2018\/04\/sip-w-pa-dark-blue-2.jpg\u00bb image_size=\u00bbfull\u00bb lightbox=\u00bbtrue\u00bb align=\u00bbcenter\u00bb][vc_tta_accordion style=\u00bbmodern\u00bb shape=\u00bbsquare\u00bb c_icon=\u00bb\u00bb active_section=\u00bb\u00bb no_fill=\u00bbtrue\u00bb collapsible_all=\u00bbtrue\u00bb][vc_tta_section i_icon_fontawesome=\u00bbfa fa-search-plus\u00bb add_icon=\u00bbtrue\u00bb title=\u00bbFeatures\u00bb tab_id=\u00bb1568065315702-f25b11a1-65f5&#8243;][vc_row_inner][vc_column_inner][mk_custom_list icon_color=\u00bb#dd9933&#8243;]\n<ul>\n<li><strong>SIP W-PA<\/strong>:<br \/>\nPoE; Salida audio 10 WATT; Compatible con multicast e intracom broadcast; Compatible con timbre o rel\u00e8<\/li>\n<\/ul>\n[\/mk_custom_list][\/vc_column_inner][\/vc_row_inner][\/vc_tta_section][\/vc_tta_accordion][\/mk_content_box][vc_empty_space height=\u00bb60px\u00bb][\/vc_column][vc_column width=\u00bb1\/3&#8243;][vc_empty_space height=\u00bb60px\u00bb][\/vc_column][vc_column width=\u00bb1\/3&#8243;][vc_empty_space height=\u00bb60px\u00bb][\/vc_column][\/vc_row][vc_row][vc_column width=\u00bb1\/2&#8243;][vc_column_text css=\u00bb.vc_custom_1560499341379{margin-bottom: 0px !important;}\u00bb]Con la Gateways Wildix es posible conectar una <strong>red telef\u00f3nica tradicional<\/strong> con los servicios VoIP o\u00a0<strong>conectar tel\u00e9fonos anal\u00f3gicos <\/strong>al PBX Wildix, entre otras muchas opciones.[\/vc_column_text][vc_column_text css=\u00bb.vc_custom_1648553966249{margin-bottom: 0px !important;}\u00bb]Las Pasarelas de Medios Wildix constituyen una soluci\u00f3n flexible y modular. Es posible instalar distintos m\u00f3dulos en cualquier punto conectado a la red de Internet o a la Intranet de la empresa sin interrumpir el trabajo. <span style=\"display: none; height: 0;\">Con las Media Gateway Wildix BRI y PRI, <strong>controlar a distancia las l\u00edneas ISDN<\/strong> es posible y muy simple.<\/span>[\/vc_column_text][vc_column_text css=\u00bb.vc_custom_1558969510134{margin-bottom: 0px !important;}\u00bb]<strong>DaySaver<\/strong> es una <strong>pasarela LTE<\/strong>. Tiene dos antenas: una para la conexi\u00f3n de datos y otra para llamadas y SMS. Puede ser utilizado como<strong> backup para Cloud PBX<\/strong>, como backup para la conexi\u00f3n a Internet por cable o como \u00fanico <strong>acceso a Internet para peque\u00f1as oficinas <\/strong>o en el trascurso de eventos. Si la conexi\u00f3n a Internet se pierde, DaySaver pasa a LTE y utiliza los datos m\u00f3viles. DaySaver tambi\u00e9n es compatible con el env\u00edo y recepci\u00f3n de SMS (pr\u00f3ximamente).[\/vc_column_text][\/vc_column][vc_column width=\u00bb1\/2&#8243;][vc_column_text css=\u00bb.vc_custom_1558969523624{margin-bottom: 0px !important;}\u00bb]\n<p style=\"text-align: left;\"><span style=\"color: #48afdb;\"><strong><b>El Public Announcer est\u00e1 completamente integrado en las Comunicaciones Unificadas. \u00a1Todo lo que necesitas!<\/b><\/strong><\/span><\/p>\n[\/vc_column_text][vc_column_text css=\u00bb.vc_custom_1558969542824{margin-bottom: 0px !important;}\u00bb]<strong>W-PA Public Announcer<\/strong> difunde anuncios y comunicaciones en grandes superficies como supermercados, centros comerciales, aeropuertos, hospitales.[\/vc_column_text][vc_column_text css=\u00bb.vc_custom_1558969562217{margin-bottom: 0px !important;}\u00bb]El Public Announcer de Wildix est\u00e1 <strong>integrado al 100% en el Sistema de Comunicaci\u00f3n<\/strong>. De este modo, se garantiza la m\u00e1xima continuidad del servicio y se reduce a 0 el riesgo de desconexi\u00f3n del dispositivo.[\/vc_column_text][vc_column_text css=\u00bb.vc_custom_1558969577324{margin-bottom: 0px !important;}\u00bb]Las Media Gateway y el Public Announcer son <strong>muy f\u00e1ciles de configurar y se pueden actualizar desde la interfaz de gesti\u00f3n WMS<\/strong>.[\/vc_column_text][vc_column_text css=\u00bb.vc_custom_1558898036513{margin-bottom: 0px !important;}\u00bb]\u00a1W-PA instalado con \u00e9xito en el aparcamiento de una cl\u00ednica dental! <strong>Lee el <a title=\"W-PA Use Case\" href=\"\/it\/w-pa-use-case\/\">EJEMPLO REAL DEW-PA<\/a><\/strong>.[\/vc_column_text][\/vc_column][\/vc_row][vc_row css=\u00bb.vc_custom_1559053498750{margin-top: 0px !important;border-top-width: 0px !important;padding-top: 0px !important;}\u00bb][vc_column][mk_divider style=\u00bbthin_solid\u00bb thin_color_style=\u00bbgradient_color\u00bb thin_grandient_color_from=\u00bb#3edbd9&#8243; thin_grandient_color_to=\u00bb#5841b8&#8243; thin_gradient_color_angle=\u00bbhorizontal\u00bb thin_grandient_color_fallback=\u00bb#3edbd9&#8243; thickness=\u00bb5&#8243; margin_top=\u00bb0&#8243;][\/vc_column][\/vc_row][vc_row css=\u00bb.vc_custom_1559053745406{background-color: #ffffff !important;}\u00bb][vc_column width=\u00bb1\/2&#8243;][mk_padding_divider size=\u00bb20&#8243;][mk_button dimension=\u00bbflat\u00bb corner_style=\u00bbrounded\u00bb size=\u00bbmedium\u00bb icon=\u00bbmk-jupiter-icon-doc\u00bb icon_anim=\u00bbside\u00bb url=\u00bbhttps:\/\/wildix.atlassian.net\/wiki\/x\/QwrOAQ\u00bb target=\u00bb_blank\u00bb fullwidth=\u00bbtrue\u00bb bg_color=\u00bb#3c72a2&#8243; btn_hover_txt_color=\u00bb#ffffff\u00bb]Documentaci\u00f3n[\/mk_button][\/vc_column][vc_column width=\u00bb1\/2&#8243;][mk_padding_divider size=\u00bb20&#8243;][mk_button dimension=\u00bbflat\u00bb corner_style=\u00bbrounded\u00bb size=\u00bbmedium\u00bb icon=\u00bbmk-icon-lightbulb-o\u00bb icon_anim=\u00bbside\u00bb url=\u00bbhttps:\/\/old.wildix.com\/w-pa-use-case\/\u00bb target=\u00bb_blank\u00bb fullwidth=\u00bbtrue\u00bb bg_color=\u00bb#3c72a2&#8243; btn_hover_txt_color=\u00bb#ffffff\u00bb]W-PA USE CASE[\/mk_button][\/vc_column][\/vc_row][vc_row fullwidth=\u00bbtrue\u00bb fullwidth_content=\u00bbfalse\u00bb css=\u00bb.vc_custom_1523959005446{background-color: #f2f2f2 !important;}\u00bb][vc_column][mk_padding_divider size=\u00bb80&#8243;][vc_column_text css=\u00bb.vc_custom_1558898153414{margin-bottom: 0px !important;}\u00bb]\n<h3 style=\"text-align: center;\">GALER\u00cdA MEDIA GATEWAY<\/h3>\n[\/vc_column_text][mk_padding_divider size=\u00bb50&#8243;][mk_gallery images=\u00bb7818442,6889,7832679,7842232,7853272,7860696&#8243; column=\u00bb4&#8243; height=\u00bb200&#8243; item_spacing=\u00bb15&#8243; orderby=\u00bbrand\u00bb][mk_padding_divider size=\u00bb50&#8243;][\/vc_column][\/vc_row][vc_row fullwidth=\u00bbtrue\u00bb fullwidth_content=\u00bbfalse\u00bb css=\u00bb.vc_custom_1563980243307{background-color: #003366 !important;}\u00bb][vc_column][mk_padding_divider][vc_row_inner][vc_column_inner width=\u00bb1\/2&#8243;][mk_button dimension=\u00bbflat\u00bb corner_style=\u00bbrounded\u00bb size=\u00bblarge\u00bb icon=\u00bbmk-moon-arrow-left\u00bb icon_anim=\u00bbside\u00bb url=\u00bb\/es\/telefono-voip-dect-cordless-w-air\/\u00bb align=\u00bbright\u00bb button_custom_width=\u00bb200&#8243; bg_color=\u00bb#dd9933&#8243; btn_hover_txt_color=\u00bb#ffffff\u00bb]Anterior[\/mk_button][\/vc_column_inner][vc_column_inner width=\u00bb1\/2&#8243;][mk_button dimension=\u00bbflat\u00bb corner_style=\u00bbrounded\u00bb size=\u00bblarge\u00bb icon=\u00bbmk-moon-arrow-right-2&#8243; icon_anim=\u00bbside\u00bb url=\u00bb\/es\/wildix-switch-extender-poe\/\u00bb button_custom_width=\u00bb200&#8243; bg_color=\u00bb#dd9933&#8243; btn_hover_txt_color=\u00bb#ffffff\u00bb]Siguiente[\/mk_button][\/vc_column_inner][\/vc_row_inner][mk_padding_divider size=\u00bb20&#8243;][\/vc_column][\/vc_row]\n<\/section>","protected":false},"excerpt":{"rendered":"<p>[mk_page_section video_color_mask=\u00bb#003366&#8243; video_opacity=\u00bb0.9&#8243; min_height=\u00bb250&#8243; full_width=\u00bbtrue\u00bb padding_top=\u00bb0&#8243; padding_bottom=\u00bb0&#8243; sidebar=\u00bbsidebar-1&#8243; first_page=\u00bbfalse\u00bb last_page=\u00bbfalse\u00bb][vc_column][mk_padding_divider size=\u00bb120&#8243; visibility=\u00bbhidden-sm\u00bb][mk_padding_divider size=\u00bb70&#8243; visibility=\u00bbvisible-sm\u00bb][mk_fancy_title tag_name=\u00bbh1&#8243; color=\u00bb#ffffff\u00bb size=\u00bb70&#8243; force_font_size=\u00bbtrue\u00bb size_smallscreen=\u00bb60&#8243; size_tablet=\u00bb50&#8243; size_phone=\u00bb40&#8243; font_weight=\u00bb300&#8243; font_style=\u00bbnormal\u00bb txt_transform=\u00bbnone\u00bb margin_bottom=\u00bb0&#8243; font_family=\u00bbnone\u00bb align=\u00bbcenter\u00bb] Gateways | SIP PA [\/mk_fancy_title][mk_padding_divider size=\u00bb30&#8243;][\/vc_column][\/mk_page_section][vc_row][vc_column][mk_padding_divider size=\u00bb60&#8243;][\/vc_column][\/vc_row][vc_row][vc_column][vc_column_text css=\u00bb.vc_custom_1648553862336{margin-bottom: 0px !important;}\u00bb]Wildix propone una gama completa de Pasarela de Medios o Media Gateway (FXO,\u00a0FXS,\u00a0GSM-LTE) para satisfacer todas las necesidades de [&hellip;]<\/p>\n","protected":false},"author":6,"featured_media":0,"parent":0,"menu_order":0,"comment_status":"closed","ping_status":"closed","template":"","meta":{"wpupg_custom_link":[],"wpupg_custom_link_behaviour":["default"],"wpupg_custom_image":[],"wpupg_custom_image_id":[],"footnotes":""},"acf":[],"yoast_head":"<!-- This site is optimized with the Yoast SEO plugin v21.8 - https:\/\/yoast.com\/wordpress\/plugins\/seo\/ -->\n<title>Gateways &amp; Public Announcer<\/title>\n<meta name=\"description\" content=\"Wildix propone una oferta completa de Media Gateway (PRI, BRI, FXO, FXS, GSM) apta para satisfacer todas las necesidades de instalaci\u00f3n.\" \/>\n<meta name=\"robots\" content=\"noindex, follow, max-snippet:-1, max-image-preview:large, max-video-preview:-1\" \/>\n<meta property=\"og:locale\" content=\"es_ES\" \/>\n<meta property=\"og:type\" content=\"article\" \/>\n<meta property=\"og:title\" content=\"Gateways &amp; Public Announcer\" \/>\n<meta property=\"og:description\" content=\"Wildix propone una oferta completa de Media Gateway (PRI, BRI, FXO, FXS, GSM) apta para satisfacer todas las necesidades de instalaci\u00f3n.\" \/>\n<meta property=\"og:url\" content=\"https:\/\/old.wildix.com\/es\/media-gateway-sip-pa\/\" \/>\n<meta property=\"og:site_name\" content=\"Wildix\" \/>\n<meta property=\"article:modified_time\" content=\"2022-09-06T13:13:06+00:00\" \/>\n<meta name=\"twitter:card\" content=\"summary_large_image\" \/>\n<meta name=\"twitter:label1\" content=\"Tiempo de lectura\" \/>\n\t<meta name=\"twitter:data1\" content=\"4 minutos\" \/>\n<script type=\"application\/ld+json\" class=\"yoast-schema-graph\">{\"@context\":\"https:\/\/schema.org\",\"@graph\":[{\"@type\":\"WebPage\",\"@id\":\"https:\/\/old.wildix.com\/es\/media-gateway-sip-pa\/\",\"url\":\"https:\/\/old.wildix.com\/es\/media-gateway-sip-pa\/\",\"name\":\"Gateways & Public Announcer\",\"isPartOf\":{\"@id\":\"https:\/\/old.wildix.com\/#website\"},\"datePublished\":\"2018-04-18T12:43:31+00:00\",\"dateModified\":\"2022-09-06T13:13:06+00:00\",\"description\":\"Wildix propone una oferta completa de Media Gateway (PRI, BRI, FXO, FXS, GSM) apta para satisfacer todas las necesidades de instalaci\u00f3n.\",\"breadcrumb\":{\"@id\":\"https:\/\/old.wildix.com\/es\/media-gateway-sip-pa\/#breadcrumb\"},\"inLanguage\":\"es\",\"potentialAction\":[{\"@type\":\"ReadAction\",\"target\":[\"https:\/\/old.wildix.com\/es\/media-gateway-sip-pa\/\"]}]},{\"@type\":\"BreadcrumbList\",\"@id\":\"https:\/\/old.wildix.com\/es\/media-gateway-sip-pa\/#breadcrumb\",\"itemListElement\":[{\"@type\":\"ListItem\",\"position\":1,\"name\":\"Home\",\"item\":\"https:\/\/old.wildix.com\/\"},{\"@type\":\"ListItem\",\"position\":2,\"name\":\"Gateways | SIP PA\"}]},{\"@type\":\"WebSite\",\"@id\":\"https:\/\/old.wildix.com\/#website\",\"url\":\"https:\/\/old.wildix.com\/\",\"name\":\"Wildix\",\"description\":\"Wildix PBX | VoIP Solutions | Unified Communications | WebRTC\",\"publisher\":{\"@id\":\"https:\/\/old.wildix.com\/#organization\"},\"potentialAction\":[{\"@type\":\"SearchAction\",\"target\":{\"@type\":\"EntryPoint\",\"urlTemplate\":\"https:\/\/old.wildix.com\/?s={search_term_string}\"},\"query-input\":\"required name=search_term_string\"}],\"inLanguage\":\"es\"},{\"@type\":\"Organization\",\"@id\":\"https:\/\/old.wildix.com\/#organization\",\"name\":\"Wildix\",\"url\":\"https:\/\/old.wildix.com\/\",\"logo\":{\"@type\":\"ImageObject\",\"inLanguage\":\"es\",\"@id\":\"https:\/\/old.wildix.com\/#\/schema\/logo\/image\/\",\"url\":\"https:\/\/old.wildix.com\/wp-content\/uploads\/2018\/04\/wildix-logo-2.png\",\"contentUrl\":\"https:\/\/old.wildix.com\/wp-content\/uploads\/2018\/04\/wildix-logo-2.png\",\"width\":440,\"height\":200,\"caption\":\"Wildix\"},\"image\":{\"@id\":\"https:\/\/old.wildix.com\/#\/schema\/logo\/image\/\"}}]}<\/script>\n<!-- \/ Yoast SEO plugin. -->","yoast_head_json":{"title":"Gateways & Public Announcer","description":"Wildix propone una oferta completa de Media Gateway (PRI, BRI, FXO, FXS, GSM) apta para satisfacer todas las necesidades de instalaci\u00f3n.","robots":{"index":"noindex","follow":"follow","max-snippet":"max-snippet:-1","max-image-preview":"max-image-preview:large","max-video-preview":"max-video-preview:-1"},"og_locale":"es_ES","og_type":"article","og_title":"Gateways & Public Announcer","og_description":"Wildix propone una oferta completa de Media Gateway (PRI, BRI, FXO, FXS, GSM) apta para satisfacer todas las necesidades de instalaci\u00f3n.","og_url":"https:\/\/old.wildix.com\/es\/media-gateway-sip-pa\/","og_site_name":"Wildix","article_modified_time":"2022-09-06T13:13:06+00:00","twitter_card":"summary_large_image","twitter_misc":{"Tiempo de lectura":"4 minutos"},"schema":{"@context":"https:\/\/schema.org","@graph":[{"@type":"WebPage","@id":"https:\/\/old.wildix.com\/es\/media-gateway-sip-pa\/","url":"https:\/\/old.wildix.com\/es\/media-gateway-sip-pa\/","name":"Gateways & Public Announcer","isPartOf":{"@id":"https:\/\/old.wildix.com\/#website"},"datePublished":"2018-04-18T12:43:31+00:00","dateModified":"2022-09-06T13:13:06+00:00","description":"Wildix propone una oferta completa de Media Gateway (PRI, BRI, FXO, FXS, GSM) apta para satisfacer todas las necesidades de instalaci\u00f3n.","breadcrumb":{"@id":"https:\/\/old.wildix.com\/es\/media-gateway-sip-pa\/#breadcrumb"},"inLanguage":"es","potentialAction":[{"@type":"ReadAction","target":["https:\/\/old.wildix.com\/es\/media-gateway-sip-pa\/"]}]},{"@type":"BreadcrumbList","@id":"https:\/\/old.wildix.com\/es\/media-gateway-sip-pa\/#breadcrumb","itemListElement":[{"@type":"ListItem","position":1,"name":"Home","item":"https:\/\/old.wildix.com\/"},{"@type":"ListItem","position":2,"name":"Gateways | SIP PA"}]},{"@type":"WebSite","@id":"https:\/\/old.wildix.com\/#website","url":"https:\/\/old.wildix.com\/","name":"Wildix","description":"Wildix PBX | VoIP Solutions | Unified Communications | WebRTC","publisher":{"@id":"https:\/\/old.wildix.com\/#organization"},"potentialAction":[{"@type":"SearchAction","target":{"@type":"EntryPoint","urlTemplate":"https:\/\/old.wildix.com\/?s={search_term_string}"},"query-input":"required name=search_term_string"}],"inLanguage":"es"},{"@type":"Organization","@id":"https:\/\/old.wildix.com\/#organization","name":"Wildix","url":"https:\/\/old.wildix.com\/","logo":{"@type":"ImageObject","inLanguage":"es","@id":"https:\/\/old.wildix.com\/#\/schema\/logo\/image\/","url":"https:\/\/old.wildix.com\/wp-content\/uploads\/2018\/04\/wildix-logo-2.png","contentUrl":"https:\/\/old.wildix.com\/wp-content\/uploads\/2018\/04\/wildix-logo-2.png","width":440,"height":200,"caption":"Wildix"},"image":{"@id":"https:\/\/old.wildix.com\/#\/schema\/logo\/image\/"}}]}},"_links":{"self":[{"href":"https:\/\/old.wildix.com\/es\/wp-json\/wp\/v2\/pages\/7836352"}],"collection":[{"href":"https:\/\/old.wildix.com\/es\/wp-json\/wp\/v2\/pages"}],"about":[{"href":"https:\/\/old.wildix.com\/es\/wp-json\/wp\/v2\/types\/page"}],"author":[{"embeddable":true,"href":"https:\/\/old.wildix.com\/es\/wp-json\/wp\/v2\/users\/6"}],"replies":[{"embeddable":true,"href":"https:\/\/old.wildix.com\/es\/wp-json\/wp\/v2\/comments?post=7836352"}],"version-history":[{"count":0,"href":"https:\/\/old.wildix.com\/es\/wp-json\/wp\/v2\/pages\/7836352\/revisions"}],"wp:attachment":[{"href":"https:\/\/old.wildix.com\/es\/wp-json\/wp\/v2\/media?parent=7836352"}],"curies":[{"name":"wp","href":"https:\/\/api.w.org\/{rel}","templated":true}]}}