{"id":7836355,"date":"2018-04-18T13:51:54","date_gmt":"2018-04-18T13:51:54","guid":{"rendered":"https:\/\/old2.wildix.com\/?page_id=7836355"},"modified":"2022-09-06T13:22:25","modified_gmt":"2022-09-06T13:22:25","slug":"switch","status":"publish","type":"page","link":"https:\/\/old.wildix.com\/es\/switch\/","title":{"rendered":"Wildix Switch"},"content":{"rendered":"<section class=\"wpb-content-wrapper\">[mk_page_section bg_position=\u00bbcenter center\u00bb bg_stretch=\u00bbtrue\u00bb video_color_mask=\u00bb#003366&#8243; video_opacity=\u00bb0.9&#8243; min_height=\u00bb250&#8243; full_width=\u00bbtrue\u00bb padding_top=\u00bb0&#8243; padding_bottom=\u00bb0&#8243; sidebar=\u00bbsidebar-1&#8243; first_page=\u00bbfalse\u00bb last_page=\u00bbfalse\u00bb][vc_column][mk_padding_divider size=\u00bb120&#8243; visibility=\u00bbhidden-sm\u00bb][mk_padding_divider size=\u00bb70&#8243; visibility=\u00bbvisible-sm\u00bb][mk_fancy_title tag_name=\u00bbh1&#8243; color=\u00bb#ffffff\u00bb size=\u00bb70&#8243; force_font_size=\u00bbtrue\u00bb size_smallscreen=\u00bb60&#8243; size_tablet=\u00bb50&#8243; size_phone=\u00bb40&#8243; font_weight=\u00bb300&#8243; font_style=\u00bbnormal\u00bb txt_transform=\u00bbnone\u00bb margin_bottom=\u00bb0&#8243; font_family=\u00bbnone\u00bb align=\u00bbcenter\u00bb]\n<p>Wildix Switch<\/p>\n[\/mk_fancy_title][mk_padding_divider size=\u00bb30&#8243;][\/vc_column][\/mk_page_section][vc_row][vc_column][mk_padding_divider size=\u00bb60&#8243;][\/vc_column][\/vc_row][vc_row][vc_column][vc_column_text css=\u00bb.vc_custom_1568066891929{margin-bottom: 0px !important;}\u00bb]\n<div>\n<p>Wildix ofrece una amplia gama de switch realizados para garantizar las mejores prestaciones en las soluciones VoIP\u00a0Business para empresas:\u00a0<strong>switch\u00a0Gigabit<\/strong> y <strong>switch con puertos para fibra \u00f3ptica<\/strong>.<\/p>\n<p>Los switch Wildix son 1000 Mbps Gigabit Ethernet,\u00a0100 Mbps Fast Ethernet y 10 Mbps Ethernet.<\/p><\/div>\n[\/vc_column_text][vc_empty_space][\/vc_column][\/vc_row][vc_row][vc_column width=\u00bb1\/3&#8243;][mk_content_box heading=\u00bbWSG05POE\u00bb][vc_column_text css=\u00bb.vc_custom_1605527151123{margin-bottom: 0px !important;}\u00bb]\n<p style=\"text-align: center;\"><strong>Switch y Extender PoE Gigabit de 5 puertos (4 puertos de salida)<\/strong><\/p>\n[\/vc_column_text][mk_image src=\u00bbhttps:\/\/old.wildix.com\/wp-content\/uploads\/2020\/10\/wsg05poe-2019.jpg\u00bb image_size=\u00bbfull\u00bb lightbox=\u00bbtrue\u00bb align=\u00bbcenter\u00bb][vc_tta_accordion style=\u00bbmodern\u00bb shape=\u00bbsquare\u00bb c_icon=\u00bb\u00bb active_section=\u00bb\u00bb no_fill=\u00bbtrue\u00bb collapsible_all=\u00bbtrue\u00bb][vc_tta_section i_icon_fontawesome=\u00bbfa fa-search-plus\u00bb add_icon=\u00bbtrue\u00bb title=\u00bbFeatures\u00bb tab_id=\u00bb1568066920722-54bed9d0-6e7c\u00bb][vc_row_inner][vc_column_inner][mk_custom_list icon_color=\u00bb#dd9933&#8243;]\n<ul>\n<li>5 puertos PoE Gigabit<\/li>\n<li>Potencia m\u00e1xima: 70W<\/li>\n<\/ul>\n[\/mk_custom_list][\/vc_column_inner][\/vc_row_inner][\/vc_tta_section][\/vc_tta_accordion][\/mk_content_box][vc_empty_space height=\u00bb60px\u00bb][\/vc_column][vc_column width=\u00bb1\/3&#8243;][mk_content_box heading=\u00bbWSG08POE\u00bb][vc_column_text css=\u00bb.vc_custom_1558968415435{margin-bottom: 0px !important;}\u00bb]\n<p style=\"text-align: center;\"><strong>Switch 8-puertos PoE Gigabit No Administrable<\/strong><\/p>\n[\/vc_column_text][mk_image src=\u00bbhttps:\/\/old.wildix.com\/wp-content\/uploads\/2019\/10\/wsg08poe-mockup-2019.jpg\u00bb image_size=\u00bbfull\u00bb lightbox=\u00bbtrue\u00bb align=\u00bbcenter\u00bb][vc_tta_accordion style=\u00bbmodern\u00bb shape=\u00bbsquare\u00bb c_icon=\u00bb\u00bb active_section=\u00bb\u00bb no_fill=\u00bbtrue\u00bb collapsible_all=\u00bbtrue\u00bb][vc_tta_section i_icon_fontawesome=\u00bbfa fa-search-plus\u00bb add_icon=\u00bbtrue\u00bb title=\u00bbFeatures\u00bb tab_id=\u00bb1568066923990-8700a9dc-2fe8&#8243;][vc_row_inner][vc_column_inner][mk_custom_list icon_color=\u00bb#dd9933&#8243;]\n<ul>\n<li>8 puertos PoE Gigabit<\/li>\n<li>Green Ethernet (802.3az)<\/li>\n<li>M\u00e1x potencia: 140W<\/li>\n<li>Protecci\u00f3n contra rayos 6kV<\/li>\n<\/ul>\n[\/mk_custom_list][\/vc_column_inner][\/vc_row_inner][\/vc_tta_section][\/vc_tta_accordion][\/mk_content_box][vc_empty_space height=\u00bb60px\u00bb][\/vc_column][vc_column width=\u00bb1\/3&#8243;][mk_content_box heading=\u00bbWSG16POE\u00bb][vc_column_text css=\u00bb.vc_custom_1558898634281{margin-bottom: 0px !important;}\u00bb]\n<p style=\"text-align: center;\"><strong>Switch 16-puertos Gigabit No Administrable<br \/>\n<\/strong><\/p>\n[\/vc_column_text][mk_image src=\u00bbhttps:\/\/old.wildix.com\/wp-content\/uploads\/2019\/10\/wsg16poe-mockup-2019.jpg\u00bb image_size=\u00bbfull\u00bb lightbox=\u00bbtrue\u00bb align=\u00bbcenter\u00bb][vc_tta_accordion style=\u00bbmodern\u00bb shape=\u00bbsquare\u00bb c_icon=\u00bb\u00bb active_section=\u00bb\u00bb no_fill=\u00bbtrue\u00bb collapsible_all=\u00bbtrue\u00bb][vc_tta_section i_icon_fontawesome=\u00bbfa fa-search-plus\u00bb add_icon=\u00bbtrue\u00bb title=\u00bbFeatures\u00bb tab_id=\u00bb1561733066865-cb499ebd-37520ab4-ef33&#8243;][vc_row_inner][vc_column_inner][mk_custom_list icon_color=\u00bb#dd9933&#8243;]\n<ul>\n<li>16 puertos PoE Gigabit<\/li>\n<li>Green Ethernet (802.3az)<\/li>\n<li>M\u00e1x potencia: 260W<\/li>\n<li>Protecci\u00f3n contra rayos 6kV<\/li>\n<\/ul>\n[\/mk_custom_list][\/vc_column_inner][\/vc_row_inner][\/vc_tta_section][\/vc_tta_accordion][\/mk_content_box][vc_empty_space height=\u00bb60px\u00bb][\/vc_column][\/vc_row][vc_row][vc_column width=\u00bb1\/3&#8243;][mk_content_box heading=\u00bbWSG24POE\u00bb][vc_column_text css=\u00bb.vc_custom_1558968463261{margin-bottom: 0px !important;}\u00bb]\n<p style=\"text-align: center;\"><strong>Switch 24-puertos PoE Gigabit + 2 puertos SFP, Administrable<\/strong><\/p>\n[\/vc_column_text][mk_image src=\u00bbhttps:\/\/old.wildix.com\/wp-content\/uploads\/2019\/10\/wsg24poe-mockup-2019.jpg\u00bb image_size=\u00bbfull\u00bb lightbox=\u00bbtrue\u00bb align=\u00bbcenter\u00bb][vc_tta_accordion style=\u00bbmodern\u00bb shape=\u00bbsquare\u00bb c_icon=\u00bb\u00bb active_section=\u00bb\u00bb no_fill=\u00bbtrue\u00bb collapsible_all=\u00bbtrue\u00bb][vc_tta_section i_icon_fontawesome=\u00bbfa fa-search-plus\u00bb add_icon=\u00bbtrue\u00bb title=\u00bbFeatures\u00bb tab_id=\u00bb1568066931633-6248e0e8-75e5&#8243;][vc_row_inner][vc_column_inner][mk_custom_list icon_color=\u00bb#dd9933&#8243;]\n<ul>\n<li>24 puertos PoE Gigabit<\/li>\n<li>2 puertos SFP Gigabit<\/li>\n<li>Green Ethernet (802.3az)<\/li>\n<li>M\u00e1x potencia: 400W<\/li>\n<li>Protecci\u00f3n contra rayos 6kV<\/li>\n<\/ul>\n[\/mk_custom_list][\/vc_column_inner][\/vc_row_inner][\/vc_tta_section][\/vc_tta_accordion][\/mk_content_box][vc_empty_space height=\u00bb60px\u00bb][\/vc_column][vc_column width=\u00bb1\/3&#8243;][vc_empty_space height=\u00bb60px\u00bb][\/vc_column][vc_column width=\u00bb1\/3&#8243;][vc_empty_space height=\u00bb60px\u00bb][\/vc_column][\/vc_row][vc_row fullwidth=\u00bbtrue\u00bb fullwidth_content=\u00bbfalse\u00bb css=\u00bb.vc_custom_1605164504093{background-color: #f2f2f2 !important;}\u00bb][vc_column][mk_padding_divider size=\u00bb80&#8243;][\/vc_column][\/vc_row][vc_row fullwidth=\u00bbtrue\u00bb fullwidth_content=\u00bbfalse\u00bb css=\u00bb.vc_custom_1605164360030{background-color: #f2f2f2 !important;}\u00bb][vc_column width=\u00bb1\/2&#8243;][vc_column_text css=\u00bb.vc_custom_1605527049329{margin-bottom: 0px !important;}\u00bb]<strong>WSG05POE es un switch PoE y PoE Extender<\/strong>, dotado con 1 puerto IN y 4 puertos OUT. El switch, gracias al puerto IN, puede conectarse a otro switch PoE y recibir alimentaci\u00f3n sin necesidad de un alimentador externo; los 4 puertos OUT proporcionan la conectividad con PoE. De este modo, es posible extender la red LAN de forma muy sencilla y conectar dispositivos compatibles con PoE.<\/p>\n<p>Los switches Wildix <strong>WSG08POE<\/strong>, <strong>WSG16POE<\/strong> y <strong>WSG24POE<\/strong> <strong>y ofrecen protecci\u00f3n contra rayos 6kV<\/strong>, tienen puertos Ethernet RJ-45 <strong>10\/100\/1000 Mbps<\/strong> con <strong>Auto-negotiation<\/strong>; compatibles con el est\u00e1ndar <strong>IEEE802.3az<\/strong> \u2013 <strong>Energy-Efficient Ethernet<\/strong> (\u201cGreen Ethernet\u201d).[\/vc_column_text][vc_empty_space][\/vc_column][vc_column width=\u00bb1\/2&#8243;][vc_column_text css=\u00bb.vc_custom_1625134380592{margin-bottom: 0px !important;}\u00bb]<strong>WSG24POE <\/strong>es un switch<strong>\u00a0web managed<\/strong>\u00a0con\u00a0<strong>2 slot SFP\u00a0<\/strong>adicionales y con<strong> Consola de interfaz.<\/strong><\/p>\n<p>Los switch Wildix son de f\u00e1cil instalaci\u00f3n e integraci\u00f3n en la red arquitect\u00f3nica que gestiona el tr\u00e1fico VoiP.<\/p>\n<p>Los indicadores con LED din\u00e1micos ayudan a supervisar el estado de los switch y la actividad del tr\u00e1fico de datos sobre cada puerto en concreto.[\/vc_column_text][vc_empty_space][\/vc_column][\/vc_row][vc_row fullwidth=\u00bbtrue\u00bb fullwidth_content=\u00bbfalse\u00bb css=\u00bb.vc_custom_1605164402567{background-color: #f2f2f2 !important;}\u00bb][vc_column width=\u00bb1\/3&#8243;][\/vc_column][vc_column width=\u00bb1\/3&#8243;][mk_padding_divider size=\u00bb20&#8243;][mk_button dimension=\u00bbflat\u00bb corner_style=\u00bbrounded\u00bb size=\u00bbmedium\u00bb icon=\u00bbmk-jupiter-icon-doc\u00bb icon_anim=\u00bbside\u00bb url=\u00bb https:\/\/wildix.atlassian.net\/wiki\/x\/5APOAQ\u00bb target=\u00bb_blank\u00bb fullwidth=\u00bbtrue\u00bb bg_color=\u00bb#3c72a2&#8243; btn_hover_txt_color=\u00bb#ffffff\u00bb]Switch Documentation[\/mk_button][\/vc_column][vc_column width=\u00bb1\/3&#8243;][\/vc_column][\/vc_row][vc_row fullwidth=\u00bbtrue\u00bb fullwidth_content=\u00bbfalse\u00bb][vc_column][mk_padding_divider size=\u00bb80&#8243;][vc_column_text css=\u00bb.vc_custom_1558899189028{margin-bottom: 0px !important;}\u00bb]\n<h3 style=\"text-align: center;\">GALER\u00cdA WILDIX SWITCHES<\/h3>\n[\/vc_column_text][mk_padding_divider size=\u00bb50&#8243;][mk_gallery images=\u00bb6914,6912,6911,7860899&#8243; column=\u00bb4&#8243; image_size=\u00bblarge\u00bb item_spacing=\u00bb15&#8243; orderby=\u00bbrand\u00bb][mk_padding_divider size=\u00bb50&#8243;][\/vc_column][\/vc_row][vc_row fullwidth=\u00bbtrue\u00bb fullwidth_content=\u00bbfalse\u00bb css=\u00bb.vc_custom_1563980243307{background-color: #003366 !important;}\u00bb][vc_column][mk_padding_divider][vc_row_inner][vc_column_inner][mk_button dimension=\u00bbflat\u00bb corner_style=\u00bbrounded\u00bb size=\u00bblarge\u00bb icon=\u00bbmk-moon-arrow-left\u00bb icon_anim=\u00bbside\u00bb url=\u00bb\/es\/media-gateway-sip-pa\/\u00bb align=\u00bbcenter\u00bb button_custom_width=\u00bb200&#8243; bg_color=\u00bb#dd9933&#8243; btn_hover_txt_color=\u00bb#ffffff\u00bb]Anterior[\/mk_button][\/vc_column_inner][\/vc_row_inner][mk_padding_divider size=\u00bb20&#8243;][\/vc_column][\/vc_row]\n<\/section>","protected":false},"excerpt":{"rendered":"<p>[mk_page_section bg_position=\u00bbcenter center\u00bb bg_stretch=\u00bbtrue\u00bb video_color_mask=\u00bb#003366&#8243; video_opacity=\u00bb0.9&#8243; min_height=\u00bb250&#8243; full_width=\u00bbtrue\u00bb padding_top=\u00bb0&#8243; padding_bottom=\u00bb0&#8243; sidebar=\u00bbsidebar-1&#8243; first_page=\u00bbfalse\u00bb last_page=\u00bbfalse\u00bb][vc_column][mk_padding_divider size=\u00bb120&#8243; visibility=\u00bbhidden-sm\u00bb][mk_padding_divider size=\u00bb70&#8243; visibility=\u00bbvisible-sm\u00bb][mk_fancy_title tag_name=\u00bbh1&#8243; color=\u00bb#ffffff\u00bb size=\u00bb70&#8243; force_font_size=\u00bbtrue\u00bb size_smallscreen=\u00bb60&#8243; size_tablet=\u00bb50&#8243; size_phone=\u00bb40&#8243; font_weight=\u00bb300&#8243; font_style=\u00bbnormal\u00bb txt_transform=\u00bbnone\u00bb margin_bottom=\u00bb0&#8243; font_family=\u00bbnone\u00bb align=\u00bbcenter\u00bb] Wildix Switch [\/mk_fancy_title][mk_padding_divider size=\u00bb30&#8243;][\/vc_column][\/mk_page_section][vc_row][vc_column][mk_padding_divider size=\u00bb60&#8243;][\/vc_column][\/vc_row][vc_row][vc_column][vc_column_text css=\u00bb.vc_custom_1568066891929{margin-bottom: 0px !important;}\u00bb] Wildix ofrece una amplia gama de switch realizados para garantizar las mejores prestaciones en las soluciones VoIP\u00a0Business [&hellip;]<\/p>\n","protected":false},"author":6,"featured_media":0,"parent":0,"menu_order":0,"comment_status":"closed","ping_status":"closed","template":"","meta":{"wpupg_custom_link":[],"wpupg_custom_link_behaviour":["default"],"wpupg_custom_image":[],"wpupg_custom_image_id":[],"footnotes":""},"acf":[],"yoast_head":"<!-- This site is optimized with the Yoast SEO plugin v21.8 - https:\/\/yoast.com\/wordpress\/plugins\/seo\/ -->\n<title>Wildix Switch<\/title>\n<meta name=\"description\" content=\"Wildix ofrece una amplia gama de switch realizados para garantizar las mejores prestaciones en las soluciones VoIP Business para empresas: switch Gigabit y switch con puertos para fibra \u00f3ptica.\" \/>\n<meta name=\"robots\" content=\"noindex, follow, max-snippet:-1, max-image-preview:large, max-video-preview:-1\" \/>\n<meta property=\"og:locale\" content=\"es_ES\" \/>\n<meta property=\"og:type\" content=\"article\" \/>\n<meta property=\"og:title\" content=\"Wildix Switch\" \/>\n<meta property=\"og:description\" content=\"Wildix ofrece una amplia gama de switch realizados para garantizar las mejores prestaciones en las soluciones VoIP Business para empresas: switch Gigabit y switch con puertos para fibra \u00f3ptica.\" \/>\n<meta property=\"og:url\" content=\"https:\/\/old.wildix.com\/es\/switch\/\" \/>\n<meta property=\"og:site_name\" content=\"Wildix\" \/>\n<meta property=\"article:modified_time\" content=\"2022-09-06T13:22:25+00:00\" \/>\n<meta name=\"twitter:card\" content=\"summary_large_image\" \/>\n<meta name=\"twitter:label1\" content=\"Tiempo de lectura\" \/>\n\t<meta name=\"twitter:data1\" content=\"3 minutos\" \/>\n<script type=\"application\/ld+json\" class=\"yoast-schema-graph\">{\"@context\":\"https:\/\/schema.org\",\"@graph\":[{\"@type\":\"WebPage\",\"@id\":\"https:\/\/old.wildix.com\/es\/switch\/\",\"url\":\"https:\/\/old.wildix.com\/es\/switch\/\",\"name\":\"Wildix Switch\",\"isPartOf\":{\"@id\":\"https:\/\/old.wildix.com\/#website\"},\"datePublished\":\"2018-04-18T13:51:54+00:00\",\"dateModified\":\"2022-09-06T13:22:25+00:00\",\"description\":\"Wildix ofrece una amplia gama de switch realizados para garantizar las mejores prestaciones en las soluciones VoIP Business para empresas: switch Gigabit y switch con puertos para fibra \u00f3ptica.\",\"breadcrumb\":{\"@id\":\"https:\/\/old.wildix.com\/es\/switch\/#breadcrumb\"},\"inLanguage\":\"es\",\"potentialAction\":[{\"@type\":\"ReadAction\",\"target\":[\"https:\/\/old.wildix.com\/es\/switch\/\"]}]},{\"@type\":\"BreadcrumbList\",\"@id\":\"https:\/\/old.wildix.com\/es\/switch\/#breadcrumb\",\"itemListElement\":[{\"@type\":\"ListItem\",\"position\":1,\"name\":\"Home\",\"item\":\"https:\/\/old.wildix.com\/\"},{\"@type\":\"ListItem\",\"position\":2,\"name\":\"Wildix Switch\"}]},{\"@type\":\"WebSite\",\"@id\":\"https:\/\/old.wildix.com\/#website\",\"url\":\"https:\/\/old.wildix.com\/\",\"name\":\"Wildix\",\"description\":\"Wildix PBX | VoIP Solutions | Unified Communications | WebRTC\",\"publisher\":{\"@id\":\"https:\/\/old.wildix.com\/#organization\"},\"potentialAction\":[{\"@type\":\"SearchAction\",\"target\":{\"@type\":\"EntryPoint\",\"urlTemplate\":\"https:\/\/old.wildix.com\/?s={search_term_string}\"},\"query-input\":\"required name=search_term_string\"}],\"inLanguage\":\"es\"},{\"@type\":\"Organization\",\"@id\":\"https:\/\/old.wildix.com\/#organization\",\"name\":\"Wildix\",\"url\":\"https:\/\/old.wildix.com\/\",\"logo\":{\"@type\":\"ImageObject\",\"inLanguage\":\"es\",\"@id\":\"https:\/\/old.wildix.com\/#\/schema\/logo\/image\/\",\"url\":\"https:\/\/old.wildix.com\/wp-content\/uploads\/2018\/04\/wildix-logo-2.png\",\"contentUrl\":\"https:\/\/old.wildix.com\/wp-content\/uploads\/2018\/04\/wildix-logo-2.png\",\"width\":440,\"height\":200,\"caption\":\"Wildix\"},\"image\":{\"@id\":\"https:\/\/old.wildix.com\/#\/schema\/logo\/image\/\"}}]}<\/script>\n<!-- \/ Yoast SEO plugin. -->","yoast_head_json":{"title":"Wildix Switch","description":"Wildix ofrece una amplia gama de switch realizados para garantizar las mejores prestaciones en las soluciones VoIP Business para empresas: switch Gigabit y switch con puertos para fibra \u00f3ptica.","robots":{"index":"noindex","follow":"follow","max-snippet":"max-snippet:-1","max-image-preview":"max-image-preview:large","max-video-preview":"max-video-preview:-1"},"og_locale":"es_ES","og_type":"article","og_title":"Wildix Switch","og_description":"Wildix ofrece una amplia gama de switch realizados para garantizar las mejores prestaciones en las soluciones VoIP Business para empresas: switch Gigabit y switch con puertos para fibra \u00f3ptica.","og_url":"https:\/\/old.wildix.com\/es\/switch\/","og_site_name":"Wildix","article_modified_time":"2022-09-06T13:22:25+00:00","twitter_card":"summary_large_image","twitter_misc":{"Tiempo de lectura":"3 minutos"},"schema":{"@context":"https:\/\/schema.org","@graph":[{"@type":"WebPage","@id":"https:\/\/old.wildix.com\/es\/switch\/","url":"https:\/\/old.wildix.com\/es\/switch\/","name":"Wildix Switch","isPartOf":{"@id":"https:\/\/old.wildix.com\/#website"},"datePublished":"2018-04-18T13:51:54+00:00","dateModified":"2022-09-06T13:22:25+00:00","description":"Wildix ofrece una amplia gama de switch realizados para garantizar las mejores prestaciones en las soluciones VoIP Business para empresas: switch Gigabit y switch con puertos para fibra \u00f3ptica.","breadcrumb":{"@id":"https:\/\/old.wildix.com\/es\/switch\/#breadcrumb"},"inLanguage":"es","potentialAction":[{"@type":"ReadAction","target":["https:\/\/old.wildix.com\/es\/switch\/"]}]},{"@type":"BreadcrumbList","@id":"https:\/\/old.wildix.com\/es\/switch\/#breadcrumb","itemListElement":[{"@type":"ListItem","position":1,"name":"Home","item":"https:\/\/old.wildix.com\/"},{"@type":"ListItem","position":2,"name":"Wildix Switch"}]},{"@type":"WebSite","@id":"https:\/\/old.wildix.com\/#website","url":"https:\/\/old.wildix.com\/","name":"Wildix","description":"Wildix PBX | VoIP Solutions | Unified Communications | WebRTC","publisher":{"@id":"https:\/\/old.wildix.com\/#organization"},"potentialAction":[{"@type":"SearchAction","target":{"@type":"EntryPoint","urlTemplate":"https:\/\/old.wildix.com\/?s={search_term_string}"},"query-input":"required name=search_term_string"}],"inLanguage":"es"},{"@type":"Organization","@id":"https:\/\/old.wildix.com\/#organization","name":"Wildix","url":"https:\/\/old.wildix.com\/","logo":{"@type":"ImageObject","inLanguage":"es","@id":"https:\/\/old.wildix.com\/#\/schema\/logo\/image\/","url":"https:\/\/old.wildix.com\/wp-content\/uploads\/2018\/04\/wildix-logo-2.png","contentUrl":"https:\/\/old.wildix.com\/wp-content\/uploads\/2018\/04\/wildix-logo-2.png","width":440,"height":200,"caption":"Wildix"},"image":{"@id":"https:\/\/old.wildix.com\/#\/schema\/logo\/image\/"}}]}},"_links":{"self":[{"href":"https:\/\/old.wildix.com\/es\/wp-json\/wp\/v2\/pages\/7836355"}],"collection":[{"href":"https:\/\/old.wildix.com\/es\/wp-json\/wp\/v2\/pages"}],"about":[{"href":"https:\/\/old.wildix.com\/es\/wp-json\/wp\/v2\/types\/page"}],"author":[{"embeddable":true,"href":"https:\/\/old.wildix.com\/es\/wp-json\/wp\/v2\/users\/6"}],"replies":[{"embeddable":true,"href":"https:\/\/old.wildix.com\/es\/wp-json\/wp\/v2\/comments?post=7836355"}],"version-history":[{"count":0,"href":"https:\/\/old.wildix.com\/es\/wp-json\/wp\/v2\/pages\/7836355\/revisions"}],"wp:attachment":[{"href":"https:\/\/old.wildix.com\/es\/wp-json\/wp\/v2\/media?parent=7836355"}],"curies":[{"name":"wp","href":"https:\/\/api.w.org\/{rel}","templated":true}]}}