{"id":7836587,"date":"2018-07-23T06:30:34","date_gmt":"2018-07-23T06:30:34","guid":{"rendered":"https:\/\/old2.wildix.com\/?page_id=7836587"},"modified":"2022-01-06T13:56:39","modified_gmt":"2022-01-06T13:56:39","slug":"try","status":"publish","type":"page","link":"https:\/\/old.wildix.com\/es\/try\/","title":{"rendered":"Reserva una demo"},"content":{"rendered":"<section class=\"wpb-content-wrapper\">[mk_page_section bg_gradient=\u00bbleft_top\u00bb video_color_mask=\u00bb#003366&#8243; gr_end=\u00bb#90f3f2&#8243; video_opacity=\u00bb0.9&#8243; min_height=\u00bb250&#8243; full_width=\u00bbtrue\u00bb padding_top=\u00bb0&#8243; padding_bottom=\u00bb0&#8243; sidebar=\u00bbsidebar-1&#8243; first_page=\u00bbfalse\u00bb last_page=\u00bbfalse\u00bb][vc_column][mk_padding_divider size=\u00bb120&#8243;][mk_fancy_title tag_name=\u00bbh1&#8243; color=\u00bb#ffffff\u00bb size=\u00bb70&#8243; force_font_size=\u00bbtrue\u00bb size_smallscreen=\u00bb60&#8243; size_tablet=\u00bb40&#8243; size_phone=\u00bb24&#8243; font_weight=\u00bb300&#8243; font_style=\u00bbnormal\u00bb txt_transform=\u00bbnone\u00bb margin_bottom=\u00bb0&#8243; font_family=\u00bbnone\u00bb align=\u00bbcenter\u00bb]DEMO ONLINE[\/mk_fancy_title][mk_fancy_title color=\u00bb#ffffff\u00bb size=\u00bb24&#8243; force_font_size=\u00bbtrue\u00bb size_smallscreen=\u00bb22&#8243; size_tablet=\u00bb20&#8243; size_phone=\u00bb18&#8243; font_weight=\u00bb400&#8243; font_style=\u00bbnormal\u00bb txt_transform=\u00bbnone\u00bb margin_bottom=\u00bb0&#8243; font_family=\u00bbnone\u00bb align=\u00bbcenter\u00bb]\n<p style=\"text-align: center;\">Reserva una Demo Online Ahora<\/p>\n[\/mk_fancy_title][mk_padding_divider size=\u00bb30&#8243;][\/vc_column][\/mk_page_section][vc_row][vc_column][mk_fancy_title size=\u00bb28&#8243; force_font_size=\u00bbtrue\u00bb size_smallscreen=\u00bb25&#8243; size_tablet=\u00bb25&#8243; size_phone=\u00bb20&#8243; margin_top=\u00bb40&#8243; font_family=\u00bbnone\u00bb align=\u00bbcenter\u00bb]Ya nadie quiere una PBX[\/mk_fancy_title][vc_column_text css=\u00bb.vc_custom_1620657046687{margin-bottom: 0px !important;}\u00bb]Has llegado hasta aqu\u00ed porque necesitas algo diferente e innovador. Algo que puedas conseguir en el mercado que dinamice tu negocio de la forma m\u00e1s segura posible.<br \/>\n<strong>Descubre el sistema de Comunicaciones Unificadas de Wildix:<\/strong> completa el siguiente formulario y descubre c\u00f3mo las comunicaciones empresariales de Wildix pueden transformar tus operaciones diarias.[\/vc_column_text][mk_padding_divider size=\u00bb20&#8243;][\/vc_column][\/vc_row][mk_page_section bg_image=\u00bbhttps:\/\/old.wildix.com\/wp-content\/uploads\/2018\/07\/demo.jpg\u00bb bg_color=\u00bb#003366&#8243; enable_3d=\u00bbtrue\u00bb bg_gradient=\u00bbleft_top\u00bb video_color_mask=\u00bb#000000&#8243; gr_end=\u00bb#000000&#8243; video_opacity=\u00bb0.8&#8243; min_height=\u00bb250&#8243; full_width=\u00bbtrue\u00bb padding_top=\u00bb0&#8243; padding_bottom=\u00bb0&#8243; sidebar=\u00bbsidebar-1&#8243; first_page=\u00bbfalse\u00bb last_page=\u00bbfalse\u00bb][vc_column][mk_padding_divider visibility=\u00bbhidden-sm\u00bb][vc_row_inner is_fullwidth_content=\u00bbfalse\u00bb][vc_column_inner width=\u00bb1\/2&#8243;][mk_padding_divider size=\u00bb50&#8243;][mk_fancy_title color=\u00bb#ffffff\u00bb size=\u00bb28&#8243; force_font_size=\u00bbtrue\u00bb size_smallscreen=\u00bb25&#8243; size_tablet=\u00bb25&#8243; size_phone=\u00bb20&#8243; font_weight=\u00bb500&#8243; margin_top=\u00bb\u00bb margin_bottom=\u00bb\u00bb font_family=\u00bbnone\u00bb visibility=\u00bbhidden-sm\u00bb]Wildix trae al presente tu futuro.[\/mk_fancy_title][mk_fancy_title tag_name=\u00bbspan\u00bb color=\u00bb#ffffff\u00bb size=\u00bb20&#8243; force_font_size=\u00bbtrue\u00bb size_smallscreen=\u00bb22&#8243; size_tablet=\u00bb22&#8243; size_phone=\u00bb20&#8243; line_height=\u00bb140&#8243; font_weight=\u00bb300&#8243; font_style=\u00bbnormal\u00bb margin_bottom=\u00bb0&#8243; font_family=\u00bbnone\u00bb visibility=\u00bbhidden-sm\u00bb]Reserva ahora una Demo Online y descubre c\u00f3mo las soluciones de Comunicaci\u00f3n y Colaboraci\u00f3n Unificadas de Wildix pueden:<\/p>\n<ul>\n<li>Incrementar tu negocio hasta en un 52%<\/li>\n<li>Hacer que tu empresa ahora 2 horas por empleado en sus operaciones diarias<\/li>\n<li>Ahorre dinero en aplicaciones de seguridad porque Wildix es Secure-by-Design<\/li>\n<\/ul>\n[\/mk_fancy_title][mk_fancy_title tag_name=\u00bbspan\u00bb color=\u00bb#dd9933&#8243; size=\u00bb20&#8243; force_font_size=\u00bbtrue\u00bb size_smallscreen=\u00bb22&#8243; size_tablet=\u00bb22&#8243; size_phone=\u00bb20&#8243; line_height=\u00bb140&#8243; font_weight=\u00bb500&#8243; font_style=\u00bbnormal\u00bb margin_bottom=\u00bb0&#8243; font_family=\u00bbnone\u00bb visibility=\u00bbhidden-sm\u00bb]<span style=\"font-weight: 400;\">\u00a1Descubre c\u00f3mo WebRTC impulsar\u00e1 las comunicaciones hacia el futuro!<\/span>[\/mk_fancy_title][vc_column_text align=\u00bbcenter\u00bb css=\u00bb.vc_custom_1542603339592{margin-bottom: 0px !important;}\u00bb]\n[\/vc_column_text][\/vc_column_inner][vc_column_inner width=\u00bb1\/2&#8243; css=\u00bb.vc_custom_1640081644013{border-top-width: 1px !important;border-right-width: 1px !important;border-bottom-width: 1px !important;border-left-width: 1px !important;padding-right: 0px !important;padding-left: 0px !important;background-color: #ffffff !important;border-left-color: #003366 !important;border-left-style: solid !important;border-right-color: #003366 !important;border-right-style: solid !important;border-top-color: #003366 !important;border-top-style: solid !important;border-bottom-color: #003366 !important;border-bottom-style: solid !important;border-radius: 10px !important;}\u00bb][mk_padding_divider size=\u00bb15&#8243; visibility=\u00bbhidden-sm\u00bb][mk_fancy_title color=\u00bb#dd9933&#8243; size=\u00bb28&#8243; force_font_size=\u00bbtrue\u00bb size_smallscreen=\u00bb25&#8243; size_tablet=\u00bb25&#8243; size_phone=\u00bb20&#8243; margin_top=\u00bb\u00bb margin_bottom=\u00bb\u00bb font_family=\u00bbnone\u00bb align=\u00bbcenter\u00bb]Rellena el Formulario para Solicitar una<br \/>\nDemo Online[\/mk_fancy_title][vc_raw_html css=\u00bb.vc_custom_1640005387484{padding-right: 10% !important;padding-left: 10% !important;}\u00bb]JTNDaWZyYW1lJTIwc3JjJTNEJTIyaHR0cHMlM0ElMkYlMkZnby53aWxkaXguY29tJTJGbCUyRjkyMDExMyUyRjIwMjEtMDctMDElMkY1Nm45JTIyJTIwd2lkdGglM0QlMjIxMDAlMjUlMjIlMjBoZWlnaHQlM0QlMjI1MDAlMjIlMjB0eXBlJTNEJTIydGV4dCUyRmh0bWwlMjIlMjBmcmFtZWJvcmRlciUzRCUyMjAlMjIlMjBhbGxvd1RyYW5zcGFyZW5jeSUzRCUyMnRydWUlMjIlMjBzdHlsZSUzRCUyMmJvcmRlciUzQSUyMDAlMjIlM0UlM0MlMkZpZnJhbWUlM0U=[\/vc_raw_html][mk_padding_divider size=\u00bb15&#8243;][\/vc_column_inner][\/vc_row_inner][mk_padding_divider size=\u00bb30&#8243; visibility=\u00bbvisible-sm\u00bb][mk_fancy_title color=\u00bb#ffffff\u00bb size=\u00bb28&#8243; force_font_size=\u00bbtrue\u00bb size_smallscreen=\u00bb25&#8243; size_tablet=\u00bb25&#8243; size_phone=\u00bb20&#8243; font_weight=\u00bb500&#8243; margin_top=\u00bb\u00bb margin_bottom=\u00bb\u00bb font_family=\u00bbnone\u00bb visibility=\u00bbvisible-sm\u00bb]Wildix trae al presente tu futuro.[\/mk_fancy_title][mk_fancy_title color=\u00bb#ffffff\u00bb size=\u00bb28&#8243; force_font_size=\u00bbtrue\u00bb size_smallscreen=\u00bb25&#8243; size_tablet=\u00bb25&#8243; size_phone=\u00bb20&#8243; margin_top=\u00bb\u00bb margin_bottom=\u00bb\u00bb font_family=\u00bbnone\u00bb responsive_align=\u00bbleft\u00bb visibility=\u00bbvisible-sm\u00bb]Reserva ahora una Demo Online y descubre c\u00f3mo las soluciones de Comunicaci\u00f3n y Colaboraci\u00f3n Unificadas de Wildix pueden:<\/p>\n<ul>\n<li>Incrementar tu negocio hasta en un 52%<\/li>\n<li>Hacer que tu empresa ahora 2 horas por empleado en sus operaciones diarias<\/li>\n<li>Ahorre dinero en aplicaciones de seguridad porque Wildix es Secure-by-Design<\/li>\n<\/ul>\n[\/mk_fancy_title][mk_fancy_title color=\u00bb#ffffff\u00bb size=\u00bb28&#8243; force_font_size=\u00bbtrue\u00bb size_smallscreen=\u00bb25&#8243; size_tablet=\u00bb25&#8243; size_phone=\u00bb20&#8243; margin_top=\u00bb\u00bb margin_bottom=\u00bb\u00bb font_family=\u00bbnone\u00bb visibility=\u00bbvisible-sm\u00bb]<span style=\"font-weight: 400;\">\u00a1Descubre c\u00f3mo WebRTC impulsar\u00e1 las comunicaciones hacia el futuro!<\/span>[\/mk_fancy_title][mk_padding_divider size=\u00bb50&#8243;][\/vc_column][\/mk_page_section][mk_page_section bg_color=\u00bb#ededed\u00bb video_opacity=\u00bb0.9&#8243; min_height=\u00bb200&#8243; full_width=\u00bbtrue\u00bb padding_top=\u00bb0&#8243; padding_bottom=\u00bb0&#8243; sidebar=\u00bbsidebar-1&#8243;][vc_column width=\u00bb1\/4&#8243;][\/vc_column][vc_column width=\u00bb1\/2&#8243;][vc_empty_space height=\u00bb50px\u00bb][vc_column_text align=\u00bbcenter\u00bb css=\u00bb.vc_custom_1620657681589{margin-bottom: 0px !important;}\u00bb]<span style=\"color: #003366;\">\u00bfTienes alguna pregunta? Estamos aqu\u00ed para ayudarte<\/span>[\/vc_column_text][vc_raw_html]JTNDcCUyMHN0eWxlJTNEJTIydGV4dC1hbGlnbiUzQSUyMGNlbnRlciUzQiUyMGZvbnQtc2l6ZSUzQSUyMDIwcHglM0IlMjBmb250LXdlaWdodCUzQTYwMCUyMiUzRSUzQ2ElMjBocmVmJTNEJTIyaHR0cHMlM0ElMkYlMkZraXRlLndpbGRpeC5jb20lMkZ1Y2l0JTJGMTA5JTIyJTIwJTBBJTIwJTIwdGFyZ2V0JTNEJTIycG9wdXAlMjIlMjAlMEElMjAlMjBvbmNsaWNrJTNEJTIyd2luZG93Lm9wZW4lMjglMjdodHRwcyUzQSUyRiUyRmtpdGUud2lsZGl4LmNvbSUyRnVjaXQlMkYxMDklMjclMkMlMjdwb3B1cCUyNyUyQyUyN3dpZHRoJTNENjAwJTJDaGVpZ2h0JTNENjAwJTI3JTI5JTNCJTIwcmV0dXJuJTIwZmFsc2UlM0IlMjIlM0UlMEElMjAlMjAlMjBBY2NlZGVyJTIwYSUyMExpdmUlMjBDaGF0JTBBJTNDJTJGYSUzRSUzQyUyRnAlM0U=[\/vc_raw_html][\/vc_column][vc_column width=\u00bb1\/4&#8243;][\/vc_column][\/mk_page_section]\n<\/section>","protected":false},"excerpt":{"rendered":"<p>[mk_page_section bg_gradient=\u00bbleft_top\u00bb video_color_mask=\u00bb#003366&#8243; gr_end=\u00bb#90f3f2&#8243; video_opacity=\u00bb0.9&#8243; min_height=\u00bb250&#8243; full_width=\u00bbtrue\u00bb padding_top=\u00bb0&#8243; padding_bottom=\u00bb0&#8243; sidebar=\u00bbsidebar-1&#8243; first_page=\u00bbfalse\u00bb last_page=\u00bbfalse\u00bb][vc_column][mk_padding_divider size=\u00bb120&#8243;][mk_fancy_title tag_name=\u00bbh1&#8243; color=\u00bb#ffffff\u00bb size=\u00bb70&#8243; force_font_size=\u00bbtrue\u00bb size_smallscreen=\u00bb60&#8243; size_tablet=\u00bb40&#8243; size_phone=\u00bb24&#8243; font_weight=\u00bb300&#8243; font_style=\u00bbnormal\u00bb txt_transform=\u00bbnone\u00bb margin_bottom=\u00bb0&#8243; font_family=\u00bbnone\u00bb align=\u00bbcenter\u00bb]DEMO ONLINE[\/mk_fancy_title][mk_fancy_title color=\u00bb#ffffff\u00bb size=\u00bb24&#8243; force_font_size=\u00bbtrue\u00bb size_smallscreen=\u00bb22&#8243; size_tablet=\u00bb20&#8243; size_phone=\u00bb18&#8243; font_weight=\u00bb400&#8243; font_style=\u00bbnormal\u00bb txt_transform=\u00bbnone\u00bb margin_bottom=\u00bb0&#8243; font_family=\u00bbnone\u00bb align=\u00bbcenter\u00bb] Reserva una Demo Online Ahora [\/mk_fancy_title][mk_padding_divider size=\u00bb30&#8243;][\/vc_column][\/mk_page_section][vc_row][vc_column][mk_fancy_title size=\u00bb28&#8243; force_font_size=\u00bbtrue\u00bb size_smallscreen=\u00bb25&#8243; size_tablet=\u00bb25&#8243; size_phone=\u00bb20&#8243; margin_top=\u00bb40&#8243; font_family=\u00bbnone\u00bb align=\u00bbcenter\u00bb]Ya nadie [&hellip;]<\/p>\n","protected":false},"author":6,"featured_media":0,"parent":0,"menu_order":0,"comment_status":"closed","ping_status":"closed","template":"","meta":{"wpupg_custom_link":[],"wpupg_custom_link_behaviour":["default"],"wpupg_custom_image":[],"wpupg_custom_image_id":[],"footnotes":""},"acf":[],"yoast_head":"<!-- This site is optimized with the Yoast SEO plugin v21.8 - https:\/\/yoast.com\/wordpress\/plugins\/seo\/ -->\n<title>Demo Online - Reserva ya tu demo online | Wildix<\/title>\n<meta name=\"description\" content=\"Descubre C\u00f3mo Funciona - Reserva una Demo Online de 15\u2032 con uno de nuestros agentes para descubrir las soluciones de Comunicaciones Unificadas y Colaboraci\u00f3n (UC&amp;C) Wildix.\" \/>\n<meta name=\"robots\" content=\"noindex, follow, max-snippet:-1, max-image-preview:large, max-video-preview:-1\" \/>\n<meta property=\"og:locale\" content=\"es_ES\" \/>\n<meta property=\"og:type\" content=\"article\" \/>\n<meta property=\"og:title\" content=\"Demo Online - Reserva ya tu demo online | Wildix\" \/>\n<meta property=\"og:description\" content=\"Descubre C\u00f3mo Funciona - Reserva una Demo Online de 15\u2032 con uno de nuestros agentes para descubrir las soluciones de Comunicaciones Unificadas y Colaboraci\u00f3n (UC&amp;C) Wildix.\" \/>\n<meta property=\"og:url\" content=\"https:\/\/old.wildix.com\/es\/try\/\" \/>\n<meta property=\"og:site_name\" content=\"Wildix\" \/>\n<meta property=\"article:modified_time\" content=\"2022-01-06T13:56:39+00:00\" \/>\n<meta name=\"twitter:card\" content=\"summary_large_image\" \/>\n<meta name=\"twitter:label1\" content=\"Tiempo de lectura\" \/>\n\t<meta name=\"twitter:data1\" content=\"2 minutos\" \/>\n<script type=\"application\/ld+json\" class=\"yoast-schema-graph\">{\"@context\":\"https:\/\/schema.org\",\"@graph\":[{\"@type\":\"WebPage\",\"@id\":\"https:\/\/old.wildix.com\/es\/try\/\",\"url\":\"https:\/\/old.wildix.com\/es\/try\/\",\"name\":\"Demo Online - Reserva ya tu demo online | Wildix\",\"isPartOf\":{\"@id\":\"https:\/\/old.wildix.com\/#website\"},\"datePublished\":\"2018-07-23T06:30:34+00:00\",\"dateModified\":\"2022-01-06T13:56:39+00:00\",\"description\":\"Descubre C\u00f3mo Funciona - Reserva una Demo Online de 15\u2032 con uno de nuestros agentes para descubrir las soluciones de Comunicaciones Unificadas y Colaboraci\u00f3n (UC&C) Wildix.\",\"breadcrumb\":{\"@id\":\"https:\/\/old.wildix.com\/es\/try\/#breadcrumb\"},\"inLanguage\":\"es\",\"potentialAction\":[{\"@type\":\"ReadAction\",\"target\":[\"https:\/\/old.wildix.com\/es\/try\/\"]}]},{\"@type\":\"BreadcrumbList\",\"@id\":\"https:\/\/old.wildix.com\/es\/try\/#breadcrumb\",\"itemListElement\":[{\"@type\":\"ListItem\",\"position\":1,\"name\":\"Home\",\"item\":\"https:\/\/old.wildix.com\/\"},{\"@type\":\"ListItem\",\"position\":2,\"name\":\"Reserva una demo\"}]},{\"@type\":\"WebSite\",\"@id\":\"https:\/\/old.wildix.com\/#website\",\"url\":\"https:\/\/old.wildix.com\/\",\"name\":\"Wildix\",\"description\":\"Wildix PBX | VoIP Solutions | Unified Communications | WebRTC\",\"publisher\":{\"@id\":\"https:\/\/old.wildix.com\/#organization\"},\"potentialAction\":[{\"@type\":\"SearchAction\",\"target\":{\"@type\":\"EntryPoint\",\"urlTemplate\":\"https:\/\/old.wildix.com\/?s={search_term_string}\"},\"query-input\":\"required name=search_term_string\"}],\"inLanguage\":\"es\"},{\"@type\":\"Organization\",\"@id\":\"https:\/\/old.wildix.com\/#organization\",\"name\":\"Wildix\",\"url\":\"https:\/\/old.wildix.com\/\",\"logo\":{\"@type\":\"ImageObject\",\"inLanguage\":\"es\",\"@id\":\"https:\/\/old.wildix.com\/#\/schema\/logo\/image\/\",\"url\":\"https:\/\/old.wildix.com\/wp-content\/uploads\/2018\/04\/wildix-logo-2.png\",\"contentUrl\":\"https:\/\/old.wildix.com\/wp-content\/uploads\/2018\/04\/wildix-logo-2.png\",\"width\":440,\"height\":200,\"caption\":\"Wildix\"},\"image\":{\"@id\":\"https:\/\/old.wildix.com\/#\/schema\/logo\/image\/\"}}]}<\/script>\n<!-- \/ Yoast SEO plugin. -->","yoast_head_json":{"title":"Demo Online - Reserva ya tu demo online | Wildix","description":"Descubre C\u00f3mo Funciona - Reserva una Demo Online de 15\u2032 con uno de nuestros agentes para descubrir las soluciones de Comunicaciones Unificadas y Colaboraci\u00f3n (UC&C) Wildix.","robots":{"index":"noindex","follow":"follow","max-snippet":"max-snippet:-1","max-image-preview":"max-image-preview:large","max-video-preview":"max-video-preview:-1"},"og_locale":"es_ES","og_type":"article","og_title":"Demo Online - Reserva ya tu demo online | Wildix","og_description":"Descubre C\u00f3mo Funciona - Reserva una Demo Online de 15\u2032 con uno de nuestros agentes para descubrir las soluciones de Comunicaciones Unificadas y Colaboraci\u00f3n (UC&C) Wildix.","og_url":"https:\/\/old.wildix.com\/es\/try\/","og_site_name":"Wildix","article_modified_time":"2022-01-06T13:56:39+00:00","twitter_card":"summary_large_image","twitter_misc":{"Tiempo de lectura":"2 minutos"},"schema":{"@context":"https:\/\/schema.org","@graph":[{"@type":"WebPage","@id":"https:\/\/old.wildix.com\/es\/try\/","url":"https:\/\/old.wildix.com\/es\/try\/","name":"Demo Online - Reserva ya tu demo online | Wildix","isPartOf":{"@id":"https:\/\/old.wildix.com\/#website"},"datePublished":"2018-07-23T06:30:34+00:00","dateModified":"2022-01-06T13:56:39+00:00","description":"Descubre C\u00f3mo Funciona - Reserva una Demo Online de 15\u2032 con uno de nuestros agentes para descubrir las soluciones de Comunicaciones Unificadas y Colaboraci\u00f3n (UC&C) Wildix.","breadcrumb":{"@id":"https:\/\/old.wildix.com\/es\/try\/#breadcrumb"},"inLanguage":"es","potentialAction":[{"@type":"ReadAction","target":["https:\/\/old.wildix.com\/es\/try\/"]}]},{"@type":"BreadcrumbList","@id":"https:\/\/old.wildix.com\/es\/try\/#breadcrumb","itemListElement":[{"@type":"ListItem","position":1,"name":"Home","item":"https:\/\/old.wildix.com\/"},{"@type":"ListItem","position":2,"name":"Reserva una demo"}]},{"@type":"WebSite","@id":"https:\/\/old.wildix.com\/#website","url":"https:\/\/old.wildix.com\/","name":"Wildix","description":"Wildix PBX | VoIP Solutions | Unified Communications | WebRTC","publisher":{"@id":"https:\/\/old.wildix.com\/#organization"},"potentialAction":[{"@type":"SearchAction","target":{"@type":"EntryPoint","urlTemplate":"https:\/\/old.wildix.com\/?s={search_term_string}"},"query-input":"required name=search_term_string"}],"inLanguage":"es"},{"@type":"Organization","@id":"https:\/\/old.wildix.com\/#organization","name":"Wildix","url":"https:\/\/old.wildix.com\/","logo":{"@type":"ImageObject","inLanguage":"es","@id":"https:\/\/old.wildix.com\/#\/schema\/logo\/image\/","url":"https:\/\/old.wildix.com\/wp-content\/uploads\/2018\/04\/wildix-logo-2.png","contentUrl":"https:\/\/old.wildix.com\/wp-content\/uploads\/2018\/04\/wildix-logo-2.png","width":440,"height":200,"caption":"Wildix"},"image":{"@id":"https:\/\/old.wildix.com\/#\/schema\/logo\/image\/"}}]}},"_links":{"self":[{"href":"https:\/\/old.wildix.com\/es\/wp-json\/wp\/v2\/pages\/7836587"}],"collection":[{"href":"https:\/\/old.wildix.com\/es\/wp-json\/wp\/v2\/pages"}],"about":[{"href":"https:\/\/old.wildix.com\/es\/wp-json\/wp\/v2\/types\/page"}],"author":[{"embeddable":true,"href":"https:\/\/old.wildix.com\/es\/wp-json\/wp\/v2\/users\/6"}],"replies":[{"embeddable":true,"href":"https:\/\/old.wildix.com\/es\/wp-json\/wp\/v2\/comments?post=7836587"}],"version-history":[{"count":0,"href":"https:\/\/old.wildix.com\/es\/wp-json\/wp\/v2\/pages\/7836587\/revisions"}],"wp:attachment":[{"href":"https:\/\/old.wildix.com\/es\/wp-json\/wp\/v2\/media?parent=7836587"}],"curies":[{"name":"wp","href":"https:\/\/api.w.org\/{rel}","templated":true}]}}