{"id":7837218,"date":"2018-06-20T11:03:59","date_gmt":"2018-06-20T11:03:59","guid":{"rendered":"https:\/\/old2.wildix.com\/?page_id=7837218"},"modified":"2022-07-26T09:23:52","modified_gmt":"2022-07-26T09:23:52","slug":"activacion-de-la-garantia","status":"publish","type":"page","link":"https:\/\/old.wildix.com\/es\/activacion-de-la-garantia\/","title":{"rendered":"Wildix Management Portal &#8211; Activa garant\u00eda de 5 a\u00f1os"},"content":{"rendered":"<section class=\"wpb-content-wrapper\">[mk_page_section bg_gradient=\u00bbleft_top\u00bb video_color_mask=\u00bb#003366&#8243; gr_end=\u00bb#90f3f2&#8243; video_opacity=\u00bb0.9&#8243; min_height=\u00bb250&#8243; full_width=\u00bbtrue\u00bb padding_top=\u00bb0&#8243; padding_bottom=\u00bb0&#8243; sidebar=\u00bbsidebar-1&#8243; first_page=\u00bbfalse\u00bb last_page=\u00bbfalse\u00bb][vc_column][mk_padding_divider size=\u00bb120&#8243; visibility=\u00bbhidden-sm\u00bb][mk_padding_divider size=\u00bb70&#8243; visibility=\u00bbvisible-sm\u00bb][mk_fancy_title color=\u00bb#ffffff\u00bb size=\u00bb70&#8243; force_font_size=\u00bbtrue\u00bb size_smallscreen=\u00bb60&#8243; size_tablet=\u00bb50&#8243; size_phone=\u00bb30&#8243; font_weight=\u00bb300&#8243; font_style=\u00bbnormal\u00bb txt_transform=\u00bbnone\u00bb margin_bottom=\u00bb0&#8243; font_family=\u00bbnone\u00bb align=\u00bbcenter\u00bb]Wildix Management Portal<br \/>\nActivaci\u00f3n de la garant\u00eda de 5 a\u00f1os[\/mk_fancy_title][mk_fancy_title tag_name=\u00bbspan\u00bb color=\u00bb#ffffff\u00bb size=\u00bb24&#8243; force_font_size=\u00bbtrue\u00bb size_smallscreen=\u00bb22&#8243; size_tablet=\u00bb22&#8243; size_phone=\u00bb20&#8243; font_weight=\u00bb300&#8243; font_style=\u00bbnormal\u00bb txt_transform=\u00bbnone\u00bb margin_bottom=\u00bb0&#8243; font_family=\u00bbnone\u00bb align=\u00bbcenter\u00bb][\/mk_fancy_title][mk_padding_divider size=\u00bb30&#8243;][\/vc_column][\/mk_page_section][vc_row fullwidth=\u00bbtrue\u00bb fullwidth_content=\u00bbfalse\u00bb css=\u00bb.vc_custom_1547542324708{background-image: url(https:\/\/old.wildix.com\/wp-content\/uploads\/2019\/01\/wildix-warranty-back.jpg?id=7832132) !important;background-position: center !important;background-repeat: no-repeat !important;background-size: cover !important;}\u00bb][vc_column][mk_padding_divider size=\u00bb55&#8243;][mk_button dimension=\u00bboutline\u00bb corner_style=\u00bbfull_rounded\u00bb size=\u00bbx-large\u00bb icon=\u00bbmk-icon-crosshairs\u00bb url=\u00bbhttps:\/\/old.wildix.com\/portal\/\u00bb align=\u00bbcenter\u00bb outline_skin=\u00bbcustom\u00bb outline_active_color=\u00bb#dd9933&#8243; outline_active_text_color=\u00bb#dd9933&#8243; outline_hover_bg_color=\u00bb#dd9933&#8243; outline_hover_color=\u00bb#ffffff\u00bb]Accede al Portal Wildix para hacer tus pedidos[\/mk_button][mk_padding_divider size=\u00bb35&#8243;][vc_row_inner][vc_column_inner width=\u00bb1\/2&#8243; css=\u00bb.vc_custom_1547541970977{padding-right: 5% !important;padding-left: 5% !important;}\u00bb][mk_fancy_title color=\u00bb#ffffff\u00bb size=\u00bb28&#8243; force_font_size=\u00bbtrue\u00bb size_smallscreen=\u00bb25&#8243; size_tablet=\u00bb25&#8243; size_phone=\u00bb20&#8243; margin_top=\u00bb\u00bb margin_bottom=\u00bb10&#8243; font_family=\u00bbnone\u00bb align=\u00bbcenter\u00bb visibility=\u00bbhidden-sm\u00bb]Garant\u00eda de 5 a\u00f1os en todos los productos Wildix + Servicio T\u00e9cnico 24&#215;7*[\/mk_fancy_title][vc_column_text visibility=\u00bbhidden-sm\u00bb css=\u00bb.vc_custom_1658753606674{margin-bottom: 0px !important;}\u00bb]<img decoding=\"async\" class=\"alignleft size-full wp-image-7768634\" src=\"https:\/\/old.wildix.com\/wp-content\/uploads\/2018\/06\/wildix-5-year-warranty.png\" alt=\"Wildix 5 years Warranty\" width=\"150\" height=\"151\" \/><\/p>\n<p style=\"color: #ffffff; text-align: left;\">\u00a1Los productos Wildix adquiridos como CapEx antes del 1 de julio de 2022 a\u00fan pueden disfrutar de la garant\u00eda de 5 a\u00f1os!<\/p>\n<p style=\"color: #ffffff; text-align: left;\">Aseg\u00farate de registrar estos productos CaPex dentro de un a\u00f1o para aprovechar al m\u00e1ximo nuestra garant\u00eda l\u00edder en\u00a0la\u00a0industria.<\/p>\n<hr style=\"color: #ffffff;\" \/>\n<p style=\"color: #ffffff; text-align: justify;\"><em><strong style=\"color: #ffffff;\">Nota: <\/strong>Invitamos a nuestros clientes a enviar una copia del m\u00f3dulo para activar la garant\u00eda, rellenado y con los datos adjuntos solicitados, a:<a title=\"undefined\" href=\"mailto:warranty@wildix.com\">\u00a0warranty@wildix.com<\/a><\/em><\/p>\n<p><em style=\"color: #ffffff;\">Para validar la activaci\u00f3n, recomendamos encarecidamente a los clientes que dejen una rese\u00f1a en la plataforma Gartner Peer Insights. El Partner deber\u00e1 seguir estas instrucciones para validar el procedimiento de activaci\u00f3n:<\/em><\/p>\n<ul>\n<li><em style=\"color: #ffffff;\">Informar a los clientes sobre la rese\u00f1a<\/em><\/li>\n<li><em style=\"color: #ffffff;\">Compartir con ellos este <a href=\"https:\/\/www.gartner.com\/reviews\/market\/unified-communications-service\/vendor\/wildix\/product\/wildix\" target=\"_blank\" rel=\"noopener noreferrer\">enlace<\/a><\/em><\/li>\n<li><em style=\"color: #ffffff;\">Solicita a tus clientes que te reenv\u00eden el correo electr\u00f3nico de confirmaci\u00f3n que recibir\u00e1n despu\u00e9s de dejar la rese\u00f1a<\/em><\/li>\n<li><em style=\"color: #ffffff;\">Enviar el correo electr\u00f3nico a Wildix: <a title=\"undefined\" href=\"mailto:marketing@wildix.com\">marketing@wildix.com<\/a><\/em><\/li>\n<\/ul>\n<hr style=\"color: #ffffff; weight: 1px;\" \/>\n<p><em style=\"color: #ffffff;\">*Solo licencias recurrentes<\/em>[\/vc_column_text][mk_padding_divider size=\u00bb20&#8243; visibility=\u00bbhidden-sm\u00bb][\/vc_column_inner][vc_column_inner width=\u00bb1\/2&#8243; css=\u00bb.vc_custom_1547540864241{border-top-width: 1px !important;border-right-width: 1px !important;border-bottom-width: 1px !important;border-left-width: 1px !important;background-color: #ffffff !important;border-left-color: #003366 !important;border-right-color: #003366 !important;border-top-color: #003366 !important;border-bottom-color: #003366 !important;border-radius: 10px !important;}\u00bb][mk_padding_divider size=\u00bb20&#8243;][vc_column_text align=\u00bbcenter\u00bb css=\u00bb.vc_custom_1560412993103{margin-bottom: 0px !important;}\u00bb]<strong style=\"color: #003366;\">Introduce tus datos para descargar<br \/>\nla documentaci\u00f3n y registrar los productos<\/strong><strong style=\"color: #003366;\">:<\/strong>[\/vc_column_text][vc_raw_html]JTNDZGl2JTIwaWQlM0QlMjJvdXRlciUyMiUzRSUwQSUyMCUyMCUzQ2RpdiUyMGlkJTNEJTIyaW5uZXIlMjIlM0UlMEElM0NpZnJhbWUlMjBzcmMlM0QlMjJodHRwcyUzQSUyRiUyRmdvLndpbGRpeC5jb20lMkZsJTJGOTIwMTEzJTJGMjAyMS0xMi0yOCUyRmhoZzVxJTIyJTIwd2lkdGglM0QlMjIxMDAlMjUlMjIlMjBoZWlnaHQlM0QlMjIzNDUlMjIlMjB0eXBlJTNEJTIydGV4dCUyRmh0bWwlMjIlMjBmcmFtZWJvcmRlciUzRCUyMjAlMjIlMjBhbGxvd1RyYW5zcGFyZW5jeSUzRCUyMnRydWUlMjIlMjBzdHlsZSUzRCUyMmJvcmRlciUzQSUyMDAlMjIlM0UlM0MlMkZpZnJhbWUlM0UlMEElMjAlMjAlMjAlMjAlM0MlMkZkaXYlM0UlMEElMjAlMjAlMjAlMjAlM0MlMkZkaXYlM0U=[\/vc_raw_html][\/vc_column_inner][\/vc_row_inner][mk_padding_divider size=\u00bb70&#8243;][\/vc_column][\/vc_row][vc_row][vc_column visibility=\u00bbvisible-sm\u00bb][mk_fancy_title size=\u00bb28&#8243; force_font_size=\u00bbtrue\u00bb size_smallscreen=\u00bb25&#8243; size_tablet=\u00bb25&#8243; size_phone=\u00bb20&#8243; margin_top=\u00bb20&#8243; margin_bottom=\u00bb10&#8243; font_family=\u00bbnone\u00bb align=\u00bbcenter\u00bb]Garant\u00eda de 5 a\u00f1os en todos los productos Wildix + Servicio T\u00e9cnico 24&#215;7*[\/mk_fancy_title][mk_image src=\u00bbhttps:\/\/old.wildix.com\/wp-content\/uploads\/2018\/06\/wildix-5-year-warranty.png\u00bb image_size=\u00bbfull\u00bb align=\u00bbcenter\u00bb][vc_column_text css=\u00bb.vc_custom_1593527940493{margin-bottom: 0px !important;}\u00bb]Todos los productos Wildix han sido pensados para mantenerse actualizados en el tiempo, para adaptarse a los cambios del panorama inform\u00e1tico.<\/p>\n<p>Por este motivo, Wildix se preocupa por garantizar el perfecto funcionamiento del hardware y la actualizaci\u00f3n del software durante al menos 5 a\u00f1os desde la fecha de compra.<\/p>\n<hr \/>\n<p style=\"text-align: justify;\"><em><strong>Nota: <\/strong>Invitamos a nuestros clientes a enviar una copia del m\u00f3dulo para activar la garant\u00eda, rellenado y con los datos adjuntos solicitados, a:<a title=\"undefined\" href=\"mailto:warranty@wildix.com\">\u00a0warranty@wildix.com<\/a><\/em><\/p>\n<p><em>Para validar la activaci\u00f3n, recomendamos encarecidamente a los clientes que dejen una rese\u00f1a en la plataforma Gartner Peer Insights. El Partner deber\u00e1 seguir estas instrucciones para validar el procedimiento de activaci\u00f3n:<\/em><\/p>\n<ul>\n<li><em>Informar a los clientes sobre la rese\u00f1a<\/em><\/li>\n<li><em>Compartir con ellos este <a href=\"https:\/\/www.gartner.com\/reviews\/market\/unified-communications-service\/vendor\/wildix\/product\/wildix\" target=\"_blank\" rel=\"noopener noreferrer\">enlace<\/a><\/em><\/li>\n<li><em>Solicita a tus clientes que te reenv\u00eden el correo electr\u00f3nico de confirmaci\u00f3n que recibir\u00e1n despu\u00e9s de dejar la rese\u00f1a<\/em><\/li>\n<li><em>Enviar el correo electr\u00f3nico a Wildix: <a title=\"undefined\" href=\"mailto:marketing@wildix.com\">marketing@wildix.com<\/a><\/em><\/li>\n<\/ul>\n<hr style=\"weight: 1px;\" \/>\n<p><em>*Solo licencias recurrentes<\/em>[\/vc_column_text][mk_padding_divider size=\u00bb20&#8243;][\/vc_column][\/vc_row]\n<\/section>","protected":false},"excerpt":{"rendered":"<p>[mk_page_section bg_gradient=\u00bbleft_top\u00bb video_color_mask=\u00bb#003366&#8243; gr_end=\u00bb#90f3f2&#8243; video_opacity=\u00bb0.9&#8243; min_height=\u00bb250&#8243; full_width=\u00bbtrue\u00bb padding_top=\u00bb0&#8243; padding_bottom=\u00bb0&#8243; sidebar=\u00bbsidebar-1&#8243; first_page=\u00bbfalse\u00bb last_page=\u00bbfalse\u00bb][vc_column][mk_padding_divider size=\u00bb120&#8243; visibility=\u00bbhidden-sm\u00bb][mk_padding_divider size=\u00bb70&#8243; visibility=\u00bbvisible-sm\u00bb][mk_fancy_title color=\u00bb#ffffff\u00bb size=\u00bb70&#8243; force_font_size=\u00bbtrue\u00bb size_smallscreen=\u00bb60&#8243; size_tablet=\u00bb50&#8243; size_phone=\u00bb30&#8243; font_weight=\u00bb300&#8243; font_style=\u00bbnormal\u00bb txt_transform=\u00bbnone\u00bb margin_bottom=\u00bb0&#8243; font_family=\u00bbnone\u00bb align=\u00bbcenter\u00bb]Wildix Management Portal Activaci\u00f3n de la garant\u00eda de 5 a\u00f1os[\/mk_fancy_title][mk_fancy_title tag_name=\u00bbspan\u00bb color=\u00bb#ffffff\u00bb size=\u00bb24&#8243; force_font_size=\u00bbtrue\u00bb size_smallscreen=\u00bb22&#8243; size_tablet=\u00bb22&#8243; size_phone=\u00bb20&#8243; font_weight=\u00bb300&#8243; font_style=\u00bbnormal\u00bb txt_transform=\u00bbnone\u00bb margin_bottom=\u00bb0&#8243; font_family=\u00bbnone\u00bb align=\u00bbcenter\u00bb][\/mk_fancy_title][mk_padding_divider size=\u00bb30&#8243;][\/vc_column][\/mk_page_section][vc_row fullwidth=\u00bbtrue\u00bb fullwidth_content=\u00bbfalse\u00bb css=\u00bb.vc_custom_1547542324708{background-image: url(https:\/\/old.wildix.com\/wp-content\/uploads\/2019\/01\/wildix-warranty-back.jpg?id=7832132) [&hellip;]<\/p>\n","protected":false},"author":6,"featured_media":0,"parent":0,"menu_order":0,"comment_status":"closed","ping_status":"closed","template":"","meta":{"wpupg_custom_link":[],"wpupg_custom_link_behaviour":["default"],"wpupg_custom_image":[],"wpupg_custom_image_id":[],"footnotes":""},"acf":[],"yoast_head":"<!-- This site is optimized with the Yoast SEO plugin v21.8 - https:\/\/yoast.com\/wordpress\/plugins\/seo\/ -->\n<title>GARANT\u00cdA 5 A\u00d1OS EN TODOS LOS PRODUCTOS WILDIX<\/title>\n<meta name=\"description\" content=\"Todos los productos Wildix han sido pensados para mantenerse actualizados en el tiempo.Por este motivo, Wildix se preocupa por garantizar el perfecto funcionamiento del hardware y la actualizaci\u00f3n del software durante al menos 5 a\u00f1os desde la fecha de compra.\" \/>\n<meta name=\"robots\" content=\"noindex, follow, max-snippet:-1, max-image-preview:large, max-video-preview:-1\" \/>\n<meta property=\"og:locale\" content=\"es_ES\" \/>\n<meta property=\"og:type\" content=\"article\" \/>\n<meta property=\"og:title\" content=\"GARANT\u00cdA 5 A\u00d1OS EN TODOS LOS PRODUCTOS WILDIX\" \/>\n<meta property=\"og:description\" content=\"Todos los productos Wildix han sido pensados para mantenerse actualizados en el tiempo.Por este motivo, Wildix se preocupa por garantizar el perfecto funcionamiento del hardware y la actualizaci\u00f3n del software durante al menos 5 a\u00f1os desde la fecha de compra.\" \/>\n<meta property=\"og:url\" content=\"https:\/\/old.wildix.com\/es\/activacion-de-la-garantia\/\" \/>\n<meta property=\"og:site_name\" content=\"Wildix\" \/>\n<meta property=\"article:modified_time\" content=\"2022-07-26T09:23:52+00:00\" \/>\n<meta property=\"og:image\" content=\"https:\/\/old.wildix.com\/wp-content\/uploads\/2018\/06\/wildix-5-year-warranty.png\" \/>\n<meta name=\"twitter:card\" content=\"summary_large_image\" \/>\n<meta name=\"twitter:label1\" content=\"Tiempo de lectura\" \/>\n\t<meta name=\"twitter:data1\" content=\"3 minutos\" \/>\n<script type=\"application\/ld+json\" class=\"yoast-schema-graph\">{\"@context\":\"https:\/\/schema.org\",\"@graph\":[{\"@type\":\"WebPage\",\"@id\":\"https:\/\/old.wildix.com\/es\/activacion-de-la-garantia\/\",\"url\":\"https:\/\/old.wildix.com\/es\/activacion-de-la-garantia\/\",\"name\":\"GARANT\u00cdA 5 A\u00d1OS EN TODOS LOS PRODUCTOS WILDIX\",\"isPartOf\":{\"@id\":\"https:\/\/old.wildix.com\/#website\"},\"datePublished\":\"2018-06-20T11:03:59+00:00\",\"dateModified\":\"2022-07-26T09:23:52+00:00\",\"description\":\"Todos los productos Wildix han sido pensados para mantenerse actualizados en el tiempo.Por este motivo, Wildix se preocupa por garantizar el perfecto funcionamiento del hardware y la actualizaci\u00f3n del software durante al menos 5 a\u00f1os desde la fecha de compra.\",\"breadcrumb\":{\"@id\":\"https:\/\/old.wildix.com\/es\/activacion-de-la-garantia\/#breadcrumb\"},\"inLanguage\":\"es\",\"potentialAction\":[{\"@type\":\"ReadAction\",\"target\":[\"https:\/\/old.wildix.com\/es\/activacion-de-la-garantia\/\"]}]},{\"@type\":\"BreadcrumbList\",\"@id\":\"https:\/\/old.wildix.com\/es\/activacion-de-la-garantia\/#breadcrumb\",\"itemListElement\":[{\"@type\":\"ListItem\",\"position\":1,\"name\":\"Home\",\"item\":\"https:\/\/old.wildix.com\/\"},{\"@type\":\"ListItem\",\"position\":2,\"name\":\"Wildix Management Portal &#8211; Activa garant\u00eda de 5 a\u00f1os\"}]},{\"@type\":\"WebSite\",\"@id\":\"https:\/\/old.wildix.com\/#website\",\"url\":\"https:\/\/old.wildix.com\/\",\"name\":\"Wildix\",\"description\":\"Wildix PBX | VoIP Solutions | Unified Communications | WebRTC\",\"publisher\":{\"@id\":\"https:\/\/old.wildix.com\/#organization\"},\"potentialAction\":[{\"@type\":\"SearchAction\",\"target\":{\"@type\":\"EntryPoint\",\"urlTemplate\":\"https:\/\/old.wildix.com\/?s={search_term_string}\"},\"query-input\":\"required name=search_term_string\"}],\"inLanguage\":\"es\"},{\"@type\":\"Organization\",\"@id\":\"https:\/\/old.wildix.com\/#organization\",\"name\":\"Wildix\",\"url\":\"https:\/\/old.wildix.com\/\",\"logo\":{\"@type\":\"ImageObject\",\"inLanguage\":\"es\",\"@id\":\"https:\/\/old.wildix.com\/#\/schema\/logo\/image\/\",\"url\":\"https:\/\/old.wildix.com\/wp-content\/uploads\/2018\/04\/wildix-logo-2.png\",\"contentUrl\":\"https:\/\/old.wildix.com\/wp-content\/uploads\/2018\/04\/wildix-logo-2.png\",\"width\":440,\"height\":200,\"caption\":\"Wildix\"},\"image\":{\"@id\":\"https:\/\/old.wildix.com\/#\/schema\/logo\/image\/\"}}]}<\/script>\n<!-- \/ Yoast SEO plugin. -->","yoast_head_json":{"title":"GARANT\u00cdA 5 A\u00d1OS EN TODOS LOS PRODUCTOS WILDIX","description":"Todos los productos Wildix han sido pensados para mantenerse actualizados en el tiempo.Por este motivo, Wildix se preocupa por garantizar el perfecto funcionamiento del hardware y la actualizaci\u00f3n del software durante al menos 5 a\u00f1os desde la fecha de compra.","robots":{"index":"noindex","follow":"follow","max-snippet":"max-snippet:-1","max-image-preview":"max-image-preview:large","max-video-preview":"max-video-preview:-1"},"og_locale":"es_ES","og_type":"article","og_title":"GARANT\u00cdA 5 A\u00d1OS EN TODOS LOS PRODUCTOS WILDIX","og_description":"Todos los productos Wildix han sido pensados para mantenerse actualizados en el tiempo.Por este motivo, Wildix se preocupa por garantizar el perfecto funcionamiento del hardware y la actualizaci\u00f3n del software durante al menos 5 a\u00f1os desde la fecha de compra.","og_url":"https:\/\/old.wildix.com\/es\/activacion-de-la-garantia\/","og_site_name":"Wildix","article_modified_time":"2022-07-26T09:23:52+00:00","og_image":[{"url":"https:\/\/old.wildix.com\/wp-content\/uploads\/2018\/06\/wildix-5-year-warranty.png"}],"twitter_card":"summary_large_image","twitter_misc":{"Tiempo de lectura":"3 minutos"},"schema":{"@context":"https:\/\/schema.org","@graph":[{"@type":"WebPage","@id":"https:\/\/old.wildix.com\/es\/activacion-de-la-garantia\/","url":"https:\/\/old.wildix.com\/es\/activacion-de-la-garantia\/","name":"GARANT\u00cdA 5 A\u00d1OS EN TODOS LOS PRODUCTOS WILDIX","isPartOf":{"@id":"https:\/\/old.wildix.com\/#website"},"datePublished":"2018-06-20T11:03:59+00:00","dateModified":"2022-07-26T09:23:52+00:00","description":"Todos los productos Wildix han sido pensados para mantenerse actualizados en el tiempo.Por este motivo, Wildix se preocupa por garantizar el perfecto funcionamiento del hardware y la actualizaci\u00f3n del software durante al menos 5 a\u00f1os desde la fecha de compra.","breadcrumb":{"@id":"https:\/\/old.wildix.com\/es\/activacion-de-la-garantia\/#breadcrumb"},"inLanguage":"es","potentialAction":[{"@type":"ReadAction","target":["https:\/\/old.wildix.com\/es\/activacion-de-la-garantia\/"]}]},{"@type":"BreadcrumbList","@id":"https:\/\/old.wildix.com\/es\/activacion-de-la-garantia\/#breadcrumb","itemListElement":[{"@type":"ListItem","position":1,"name":"Home","item":"https:\/\/old.wildix.com\/"},{"@type":"ListItem","position":2,"name":"Wildix Management Portal &#8211; Activa garant\u00eda de 5 a\u00f1os"}]},{"@type":"WebSite","@id":"https:\/\/old.wildix.com\/#website","url":"https:\/\/old.wildix.com\/","name":"Wildix","description":"Wildix PBX | VoIP Solutions | Unified Communications | WebRTC","publisher":{"@id":"https:\/\/old.wildix.com\/#organization"},"potentialAction":[{"@type":"SearchAction","target":{"@type":"EntryPoint","urlTemplate":"https:\/\/old.wildix.com\/?s={search_term_string}"},"query-input":"required name=search_term_string"}],"inLanguage":"es"},{"@type":"Organization","@id":"https:\/\/old.wildix.com\/#organization","name":"Wildix","url":"https:\/\/old.wildix.com\/","logo":{"@type":"ImageObject","inLanguage":"es","@id":"https:\/\/old.wildix.com\/#\/schema\/logo\/image\/","url":"https:\/\/old.wildix.com\/wp-content\/uploads\/2018\/04\/wildix-logo-2.png","contentUrl":"https:\/\/old.wildix.com\/wp-content\/uploads\/2018\/04\/wildix-logo-2.png","width":440,"height":200,"caption":"Wildix"},"image":{"@id":"https:\/\/old.wildix.com\/#\/schema\/logo\/image\/"}}]}},"_links":{"self":[{"href":"https:\/\/old.wildix.com\/es\/wp-json\/wp\/v2\/pages\/7837218"}],"collection":[{"href":"https:\/\/old.wildix.com\/es\/wp-json\/wp\/v2\/pages"}],"about":[{"href":"https:\/\/old.wildix.com\/es\/wp-json\/wp\/v2\/types\/page"}],"author":[{"embeddable":true,"href":"https:\/\/old.wildix.com\/es\/wp-json\/wp\/v2\/users\/6"}],"replies":[{"embeddable":true,"href":"https:\/\/old.wildix.com\/es\/wp-json\/wp\/v2\/comments?post=7837218"}],"version-history":[{"count":0,"href":"https:\/\/old.wildix.com\/es\/wp-json\/wp\/v2\/pages\/7837218\/revisions"}],"wp:attachment":[{"href":"https:\/\/old.wildix.com\/es\/wp-json\/wp\/v2\/media?parent=7837218"}],"curies":[{"name":"wp","href":"https:\/\/api.w.org\/{rel}","templated":true}]}}