{"id":7839156,"date":"2019-07-18T13:40:10","date_gmt":"2019-07-18T13:40:10","guid":{"rendered":"https:\/\/old2.wildix.com\/?page_id=7839156"},"modified":"2022-09-06T13:29:43","modified_gmt":"2022-09-06T13:29:43","slug":"hwaas","status":"publish","type":"page","link":"https:\/\/old.wildix.com\/es\/hwaas\/","title":{"rendered":"Hardware as a Service"},"content":{"rendered":"<section class=\"wpb-content-wrapper\">[mk_page_section bg_image=\u00bbhttps:\/\/old.wildix.com\/wp-content\/uploads\/2019\/01\/wildix-warranty-back.jpg\u00bb bg_position=\u00bbcenter top\u00bb bg_stretch=\u00bbtrue\u00bb video_mask=\u00bbtrue\u00bb bg_gradient=\u00bbleft_top\u00bb video_color_mask=\u00bb#003366&#8243; gr_end=\u00bb#90f3f2&#8243; video_opacity=\u00bb0.7&#8243; min_height=\u00bb250&#8243; full_width=\u00bbtrue\u00bb padding_top=\u00bb0&#8243; padding_bottom=\u00bb0&#8243; sidebar=\u00bbsidebar-1&#8243; first_page=\u00bbfalse\u00bb last_page=\u00bbfalse\u00bb][vc_column][mk_padding_divider size=\u00bb120&#8243; visibility=\u00bbhidden-sm\u00bb][mk_padding_divider size=\u00bb70&#8243; visibility=\u00bbvisible-sm\u00bb][mk_fancy_title tag_name=\u00bbh1&#8243; color=\u00bb#ffffff\u00bb size=\u00bb70&#8243; force_font_size=\u00bbtrue\u00bb size_smallscreen=\u00bb60&#8243; size_tablet=\u00bb50&#8243; size_phone=\u00bb40&#8243; font_weight=\u00bb300&#8243; font_style=\u00bbnormal\u00bb txt_transform=\u00bbnone\u00bb margin_bottom=\u00bb0&#8243; font_family=\u00bbnone\u00bb align=\u00bbcenter\u00bb]Hardware as a Service[\/mk_fancy_title][mk_padding_divider size=\u00bb50&#8243;][\/vc_column][\/mk_page_section][vc_row][vc_column][mk_padding_divider size=\u00bb50&#8243;][vc_column_text el_class=\u00bbjustify\u00bb css=\u00bb.vc_custom_1612791406138{margin-bottom: 0px !important;}\u00bb]\n<p style=\"text-align: center;\">Wildix es el primer proveedor de Comunicaciones Unificadas que ofrece un <strong>sistema completo de hardware y software As-a-service<\/strong>. Adem\u00e1s, gracias a la f\u00f3rmula Wildix HWaaS, <strong>tus clientes pueden aprovechar un sistema completamente garantizado y productos que siempre est\u00e1n actualizados<\/strong>.<\/p>\n[\/vc_column_text][mk_padding_divider size=\u00bb15&#8243;][\/vc_column][\/vc_row][vc_row fullwidth=\u00bbtrue\u00bb fullwidth_content=\u00bbfalse\u00bb css=\u00bb.vc_custom_1563796829778{background-color: #ededed !important;}\u00bb][vc_column width=\u00bb1\/4&#8243;][\/vc_column][vc_column width=\u00bb1\/2&#8243;][mk_padding_divider][vc_column_text el_class=\u00bbjustify\u00bb css=\u00bb.vc_custom_1612791422739{margin-bottom: 0px !important;}\u00bb]\n<p style=\"text-align: center;\"><strong>Para ti, Partner Wildix<\/strong><\/p>\n[\/vc_column_text][mk_fancy_title size=\u00bb28&#8243; force_font_size=\u00bbtrue\u00bb size_smallscreen=\u00bb25&#8243; size_tablet=\u00bb25&#8243; size_phone=\u00bb20&#8243; margin_top=\u00bb\u00bb margin_bottom=\u00bb\u00bb font_family=\u00bbnone\u00bb align=\u00bbcenter\u00bb]\u00bfQuieres saltar al mundo HWaaS?[\/mk_fancy_title][mk_padding_divider size=\u00bb15&#8243;][mk_button dimension=\u00bbflat\u00bb corner_style=\u00bbfull_rounded\u00bb size=\u00bblarge\u00bb icon=\u00bbmk-icon-external-link-square\u00bb icon_anim=\u00bbside\u00bb url=\u00bbhttps:\/\/wildix.atlassian.net\/wiki\/x\/QAPOAQ\u00bb target=\u00bb_blank\u00bb align=\u00bbcenter\u00bb bg_color=\u00bb#dd9933&#8243; btn_hover_txt_color=\u00bb#ffffff\u00bb]Ver Procedimiento[\/mk_button][mk_padding_divider size=\u00bb30&#8243;][\/vc_column][vc_column width=\u00bb1\/4&#8243;][\/vc_column][\/vc_row][vc_row fullwidth=\u00bbtrue\u00bb fullwidth_content=\u00bbfalse\u00bb][vc_column][mk_padding_divider size=\u00bb20&#8243;][vc_row_inner][vc_column_inner width=\u00bb1\/3&#8243;][mk_fancy_title size=\u00bb23&#8243; force_font_size=\u00bbtrue\u00bb size_smallscreen=\u00bb23&#8243; size_tablet=\u00bb23&#8243; size_phone=\u00bb20&#8243; font_weight=\u00bb400&#8243; margin_top=\u00bb20&#8243; margin_bottom=\u00bb10&#8243; font_family=\u00bbnone\u00bb]\u00bfQu\u00e9 significa hardware As-a-Service (HWaaS)?[\/mk_fancy_title][\/vc_column_inner][vc_column_inner width=\u00bb2\/3&#8243;][mk_padding_divider size=\u00bb20&#8243;][vc_column_text el_class=\u00bbjust\u00bb css=\u00bb.vc_custom_1612791558276{margin-bottom: 0px !important;}\u00bb]<span class=\"just\">HWaaS es el modelo de consumo del futuro que permite a tus clientes obtener <strong>la soluci\u00f3n que necesitan, sin tener que comprarla<\/strong>. No se pierden inversi\u00f3n, no tienen que preocuparse por mantener los productos actualizados, sin v\u00ednculos con el equipo f\u00edsico.<\/span>[\/vc_column_text][mk_padding_divider size=\u00bb20&#8243;][vc_separator border_width=\u00bb2&#8243;][\/vc_column_inner][\/vc_row_inner][vc_row_inner][vc_column_inner width=\u00bb1\/3&#8243;][mk_fancy_title size=\u00bb23&#8243; force_font_size=\u00bbtrue\u00bb size_smallscreen=\u00bb23&#8243; size_tablet=\u00bb23&#8243; size_phone=\u00bb20&#8243; font_weight=\u00bb400&#8243; margin_top=\u00bb20&#8243; margin_bottom=\u00bb10&#8243; font_family=\u00bbnone\u00bb]Tus clientes deben poseer la soluci\u00f3n, no las herramientas.[\/mk_fancy_title][\/vc_column_inner][vc_column_inner width=\u00bb2\/3&#8243;][mk_padding_divider size=\u00bb20&#8243;][vc_column_text el_class=\u00bbjustify\u00bb css=\u00bb.vc_custom_1612791601053{margin-bottom: 0px !important;}\u00bb]<strong>Libres para cambiar sus objetivos y probar nuevas soluciones<\/strong>, sin tener que recurrir a hardware y software obsoletos; sin perder su inversi\u00f3n.[\/vc_column_text][mk_padding_divider size=\u00bb20&#8243;][vc_separator border_width=\u00bb2&#8243;][\/vc_column_inner][\/vc_row_inner][vc_row_inner][vc_column_inner width=\u00bb1\/3&#8243;][mk_fancy_title size=\u00bb23&#8243; force_font_size=\u00bbtrue\u00bb size_smallscreen=\u00bb23&#8243; size_tablet=\u00bb23&#8243; size_phone=\u00bb20&#8243; font_weight=\u00bb400&#8243; margin_top=\u00bb20&#8243; margin_bottom=\u00bb10&#8243; font_family=\u00bbnone\u00bb]VALOR para tus clientes[\/mk_fancy_title][\/vc_column_inner][vc_column_inner width=\u00bb2\/3&#8243;][mk_padding_divider size=\u00bb20&#8243;][vc_column_text css=\u00bb.vc_custom_1612791644451{margin-bottom: 0px !important;}\u00bb]<strong>1 No m\u00e1s corbatas &#8211; Libertad<\/strong><br \/>\nUn acuerdo claro, sin obligaci\u00f3n de comprar art\u00edculos f\u00edsicos destinados a envejecer en 5 a\u00f1os, o incluso menos. Pueden cambiar de opini\u00f3n en cualquier momento porque se trata de una suscripci\u00f3n a un servicio.[\/vc_column_text][vc_column_text css=\u00bb.vc_custom_1612791662647{margin-bottom: 0px !important;}\u00bb]<strong>2 Tecnolog\u00eda siempre actualizada &#8211; Actualizaciones<\/strong><br \/>\nWildix asegura a tus clientes los productos m\u00e1s actualizados en el mercado. Todo est\u00e1 incluido en el servicio al que se suscriben.[\/vc_column_text][vc_column_text css=\u00bb.vc_custom_1612791686984{margin-bottom: 0px !important;}\u00bb]<strong>3 Garant\u00eda incondicional &#8211; Seguridad<\/strong><br \/>\nLa p\u00f3liza de seguro incluida en el contrato cubre todo lo que podr\u00eda da\u00f1ar su inversi\u00f3n. Por lo tanto, tus clientes pueden dejar de preocuparse por el hardware en su empresa y, finalmente, utilizarlo.[\/vc_column_text][mk_padding_divider size=\u00bb20&#8243;][\/vc_column_inner][\/vc_row_inner][mk_padding_divider size=\u00bb20&#8243;][\/vc_column][\/vc_row]\n<\/section>","protected":false},"excerpt":{"rendered":"<p>[mk_page_section bg_image=\u00bbhttps:\/\/old.wildix.com\/wp-content\/uploads\/2019\/01\/wildix-warranty-back.jpg\u00bb bg_position=\u00bbcenter top\u00bb bg_stretch=\u00bbtrue\u00bb video_mask=\u00bbtrue\u00bb bg_gradient=\u00bbleft_top\u00bb video_color_mask=\u00bb#003366&#8243; gr_end=\u00bb#90f3f2&#8243; video_opacity=\u00bb0.7&#8243; min_height=\u00bb250&#8243; full_width=\u00bbtrue\u00bb padding_top=\u00bb0&#8243; padding_bottom=\u00bb0&#8243; sidebar=\u00bbsidebar-1&#8243; first_page=\u00bbfalse\u00bb last_page=\u00bbfalse\u00bb][vc_column][mk_padding_divider size=\u00bb120&#8243; visibility=\u00bbhidden-sm\u00bb][mk_padding_divider size=\u00bb70&#8243; visibility=\u00bbvisible-sm\u00bb][mk_fancy_title tag_name=\u00bbh1&#8243; color=\u00bb#ffffff\u00bb size=\u00bb70&#8243; force_font_size=\u00bbtrue\u00bb size_smallscreen=\u00bb60&#8243; size_tablet=\u00bb50&#8243; size_phone=\u00bb40&#8243; font_weight=\u00bb300&#8243; font_style=\u00bbnormal\u00bb txt_transform=\u00bbnone\u00bb margin_bottom=\u00bb0&#8243; font_family=\u00bbnone\u00bb align=\u00bbcenter\u00bb]Hardware as a Service[\/mk_fancy_title][mk_padding_divider size=\u00bb50&#8243;][\/vc_column][\/mk_page_section][vc_row][vc_column][mk_padding_divider size=\u00bb50&#8243;][vc_column_text el_class=\u00bbjustify\u00bb css=\u00bb.vc_custom_1612791406138{margin-bottom: 0px !important;}\u00bb] Wildix es el primer proveedor de Comunicaciones Unificadas que ofrece un sistema [&hellip;]<\/p>\n","protected":false},"author":6,"featured_media":0,"parent":0,"menu_order":0,"comment_status":"closed","ping_status":"closed","template":"","meta":{"wpupg_custom_link":[],"wpupg_custom_link_behaviour":["default"],"wpupg_custom_image":[],"wpupg_custom_image_id":[],"footnotes":""},"acf":[],"yoast_head":"<!-- This site is optimized with the Yoast SEO plugin v21.8 - https:\/\/yoast.com\/wordpress\/plugins\/seo\/ -->\n<title>Hardware as a Service - Wildix Services<\/title>\n<meta name=\"description\" content=\"Adem\u00e1s, gracias a la f\u00f3rmula Wildix HWaaS, puedes aprovechar un sistema completamente garantizado y productos que siempre est\u00e1n actualizados.\" \/>\n<meta name=\"robots\" content=\"noindex, follow, max-snippet:-1, max-image-preview:large, max-video-preview:-1\" \/>\n<meta property=\"og:locale\" content=\"es_ES\" \/>\n<meta property=\"og:type\" content=\"article\" \/>\n<meta property=\"og:title\" content=\"Hardware as a Service - Wildix Services\" \/>\n<meta property=\"og:description\" content=\"Adem\u00e1s, gracias a la f\u00f3rmula Wildix HWaaS, puedes aprovechar un sistema completamente garantizado y productos que siempre est\u00e1n actualizados.\" \/>\n<meta property=\"og:url\" content=\"https:\/\/old.wildix.com\/es\/hwaas\/\" \/>\n<meta property=\"og:site_name\" content=\"Wildix\" \/>\n<meta property=\"article:modified_time\" content=\"2022-09-06T13:29:43+00:00\" \/>\n<meta name=\"twitter:card\" content=\"summary_large_image\" \/>\n<meta name=\"twitter:label1\" content=\"Tiempo de lectura\" \/>\n\t<meta name=\"twitter:data1\" content=\"2 minutos\" \/>\n<script type=\"application\/ld+json\" class=\"yoast-schema-graph\">{\"@context\":\"https:\/\/schema.org\",\"@graph\":[{\"@type\":\"WebPage\",\"@id\":\"https:\/\/old.wildix.com\/es\/hwaas\/\",\"url\":\"https:\/\/old.wildix.com\/es\/hwaas\/\",\"name\":\"Hardware as a Service - Wildix Services\",\"isPartOf\":{\"@id\":\"https:\/\/old.wildix.com\/#website\"},\"datePublished\":\"2019-07-18T13:40:10+00:00\",\"dateModified\":\"2022-09-06T13:29:43+00:00\",\"description\":\"Adem\u00e1s, gracias a la f\u00f3rmula Wildix HWaaS, puedes aprovechar un sistema completamente garantizado y productos que siempre est\u00e1n actualizados.\",\"breadcrumb\":{\"@id\":\"https:\/\/old.wildix.com\/es\/hwaas\/#breadcrumb\"},\"inLanguage\":\"es\",\"potentialAction\":[{\"@type\":\"ReadAction\",\"target\":[\"https:\/\/old.wildix.com\/es\/hwaas\/\"]}]},{\"@type\":\"BreadcrumbList\",\"@id\":\"https:\/\/old.wildix.com\/es\/hwaas\/#breadcrumb\",\"itemListElement\":[{\"@type\":\"ListItem\",\"position\":1,\"name\":\"Home\",\"item\":\"https:\/\/old.wildix.com\/\"},{\"@type\":\"ListItem\",\"position\":2,\"name\":\"Hardware as a Service\"}]},{\"@type\":\"WebSite\",\"@id\":\"https:\/\/old.wildix.com\/#website\",\"url\":\"https:\/\/old.wildix.com\/\",\"name\":\"Wildix\",\"description\":\"Wildix PBX | VoIP Solutions | Unified Communications | WebRTC\",\"publisher\":{\"@id\":\"https:\/\/old.wildix.com\/#organization\"},\"potentialAction\":[{\"@type\":\"SearchAction\",\"target\":{\"@type\":\"EntryPoint\",\"urlTemplate\":\"https:\/\/old.wildix.com\/?s={search_term_string}\"},\"query-input\":\"required name=search_term_string\"}],\"inLanguage\":\"es\"},{\"@type\":\"Organization\",\"@id\":\"https:\/\/old.wildix.com\/#organization\",\"name\":\"Wildix\",\"url\":\"https:\/\/old.wildix.com\/\",\"logo\":{\"@type\":\"ImageObject\",\"inLanguage\":\"es\",\"@id\":\"https:\/\/old.wildix.com\/#\/schema\/logo\/image\/\",\"url\":\"https:\/\/old.wildix.com\/wp-content\/uploads\/2018\/04\/wildix-logo-2.png\",\"contentUrl\":\"https:\/\/old.wildix.com\/wp-content\/uploads\/2018\/04\/wildix-logo-2.png\",\"width\":440,\"height\":200,\"caption\":\"Wildix\"},\"image\":{\"@id\":\"https:\/\/old.wildix.com\/#\/schema\/logo\/image\/\"}}]}<\/script>\n<!-- \/ Yoast SEO plugin. -->","yoast_head_json":{"title":"Hardware as a Service - Wildix Services","description":"Adem\u00e1s, gracias a la f\u00f3rmula Wildix HWaaS, puedes aprovechar un sistema completamente garantizado y productos que siempre est\u00e1n actualizados.","robots":{"index":"noindex","follow":"follow","max-snippet":"max-snippet:-1","max-image-preview":"max-image-preview:large","max-video-preview":"max-video-preview:-1"},"og_locale":"es_ES","og_type":"article","og_title":"Hardware as a Service - Wildix Services","og_description":"Adem\u00e1s, gracias a la f\u00f3rmula Wildix HWaaS, puedes aprovechar un sistema completamente garantizado y productos que siempre est\u00e1n actualizados.","og_url":"https:\/\/old.wildix.com\/es\/hwaas\/","og_site_name":"Wildix","article_modified_time":"2022-09-06T13:29:43+00:00","twitter_card":"summary_large_image","twitter_misc":{"Tiempo de lectura":"2 minutos"},"schema":{"@context":"https:\/\/schema.org","@graph":[{"@type":"WebPage","@id":"https:\/\/old.wildix.com\/es\/hwaas\/","url":"https:\/\/old.wildix.com\/es\/hwaas\/","name":"Hardware as a Service - Wildix Services","isPartOf":{"@id":"https:\/\/old.wildix.com\/#website"},"datePublished":"2019-07-18T13:40:10+00:00","dateModified":"2022-09-06T13:29:43+00:00","description":"Adem\u00e1s, gracias a la f\u00f3rmula Wildix HWaaS, puedes aprovechar un sistema completamente garantizado y productos que siempre est\u00e1n actualizados.","breadcrumb":{"@id":"https:\/\/old.wildix.com\/es\/hwaas\/#breadcrumb"},"inLanguage":"es","potentialAction":[{"@type":"ReadAction","target":["https:\/\/old.wildix.com\/es\/hwaas\/"]}]},{"@type":"BreadcrumbList","@id":"https:\/\/old.wildix.com\/es\/hwaas\/#breadcrumb","itemListElement":[{"@type":"ListItem","position":1,"name":"Home","item":"https:\/\/old.wildix.com\/"},{"@type":"ListItem","position":2,"name":"Hardware as a Service"}]},{"@type":"WebSite","@id":"https:\/\/old.wildix.com\/#website","url":"https:\/\/old.wildix.com\/","name":"Wildix","description":"Wildix PBX | VoIP Solutions | Unified Communications | WebRTC","publisher":{"@id":"https:\/\/old.wildix.com\/#organization"},"potentialAction":[{"@type":"SearchAction","target":{"@type":"EntryPoint","urlTemplate":"https:\/\/old.wildix.com\/?s={search_term_string}"},"query-input":"required name=search_term_string"}],"inLanguage":"es"},{"@type":"Organization","@id":"https:\/\/old.wildix.com\/#organization","name":"Wildix","url":"https:\/\/old.wildix.com\/","logo":{"@type":"ImageObject","inLanguage":"es","@id":"https:\/\/old.wildix.com\/#\/schema\/logo\/image\/","url":"https:\/\/old.wildix.com\/wp-content\/uploads\/2018\/04\/wildix-logo-2.png","contentUrl":"https:\/\/old.wildix.com\/wp-content\/uploads\/2018\/04\/wildix-logo-2.png","width":440,"height":200,"caption":"Wildix"},"image":{"@id":"https:\/\/old.wildix.com\/#\/schema\/logo\/image\/"}}]}},"_links":{"self":[{"href":"https:\/\/old.wildix.com\/es\/wp-json\/wp\/v2\/pages\/7839156"}],"collection":[{"href":"https:\/\/old.wildix.com\/es\/wp-json\/wp\/v2\/pages"}],"about":[{"href":"https:\/\/old.wildix.com\/es\/wp-json\/wp\/v2\/types\/page"}],"author":[{"embeddable":true,"href":"https:\/\/old.wildix.com\/es\/wp-json\/wp\/v2\/users\/6"}],"replies":[{"embeddable":true,"href":"https:\/\/old.wildix.com\/es\/wp-json\/wp\/v2\/comments?post=7839156"}],"version-history":[{"count":0,"href":"https:\/\/old.wildix.com\/es\/wp-json\/wp\/v2\/pages\/7839156\/revisions"}],"wp:attachment":[{"href":"https:\/\/old.wildix.com\/es\/wp-json\/wp\/v2\/media?parent=7839156"}],"curies":[{"name":"wp","href":"https:\/\/api.w.org\/{rel}","templated":true}]}}