{"id":7850404,"date":"2020-02-21T15:13:37","date_gmt":"2020-02-21T15:13:37","guid":{"rendered":"https:\/\/old2.wildix.com\/?page_id=7850404"},"modified":"2022-05-05T10:42:45","modified_gmt":"2022-05-05T10:42:45","slug":"webinar","status":"publish","type":"page","link":"https:\/\/old.wildix.com\/es\/webinar\/","title":{"rendered":"Wildix Webinar"},"content":{"rendered":"<section class=\"wpb-content-wrapper\">[mk_page_section bg_image=\u00bbhttps:\/\/old.wildix.com\/wp-content\/uploads\/2021\/01\/wizywebinar-background.jpg\u00bb bg_position=\u00bbcenter center\u00bb bg_repeat=\u00bbno-repeat\u00bb bg_stretch=\u00bbtrue\u00bb bg_gradient=\u00bbleft_top\u00bb video_color_mask=\u00bb#003366&#8243; gr_end=\u00bb#90f3f2&#8243; video_opacity=\u00bb0.95&#8243; full_width=\u00bbtrue\u00bb padding_top=\u00bb0&#8243; padding_bottom=\u00bb0&#8243; sidebar=\u00bbsidebar-1&#8243; first_page=\u00bbfalse\u00bb last_page=\u00bbfalse\u00bb][vc_column][mk_padding_divider size=\u00bb125&#8243; visibility=\u00bbhidden-sm\u00bb][mk_padding_divider visibility=\u00bbvisible-sm\u00bb][mk_fancy_title tag_name=\u00bbh1&#8243; color=\u00bb#ffffff\u00bb size=\u00bb50&#8243; force_font_size=\u00bbtrue\u00bb size_smallscreen=\u00bb50&#8243; size_tablet=\u00bb50&#8243; size_phone=\u00bb40&#8243; font_weight=\u00bb300&#8243; font_style=\u00bbnormal\u00bb txt_transform=\u00bbnone\u00bb margin_bottom=\u00bb0&#8243; font_family=\u00bbnone\u00bb align=\u00bbcenter\u00bb]\n<p>Wildix Webinars<\/p>\n[\/mk_fancy_title][mk_fancy_title tag_name=\u00bbspan\u00bb color=\u00bb#ffffff\u00bb size=\u00bb24&#8243; force_font_size=\u00bbtrue\u00bb size_smallscreen=\u00bb22&#8243; size_tablet=\u00bb22&#8243; size_phone=\u00bb20&#8243; font_weight=\u00bb300&#8243; font_style=\u00bbnormal\u00bb txt_transform=\u00bbnone\u00bb margin_bottom=\u00bb0&#8243; font_family=\u00bbnone\u00bb align=\u00bbcenter\u00bb]\u00a1El conocimiento es poder![\/mk_fancy_title][mk_padding_divider size=\u00bb30&#8243; visibility=\u00bbhidden-sm\u00bb][mk_padding_divider size=\u00bb10&#8243; visibility=\u00bbvisible-sm\u00bb][\/vc_column][\/mk_page_section][vc_row fullwidth=\u00bbtrue\u00bb][vc_column][mk_padding_divider size=\u00bb50&#8243; visibility=\u00bbhidden-sm\u00bb][\/vc_column][\/vc_row][vc_row fullwidth=\u00bbtrue\u00bb fullwidth_content=\u00bbfalse\u00bb][vc_column width=\u00bb1\/2&#8243; css=\u00bb.vc_custom_1612756301216{padding-right: 3% !important;}\u00bb][mk_padding_divider size=\u00bb41&#8243;][vc_column_text css=\u00bb.vc_custom_1614235882253{margin-bottom: 0px !important;}\u00bb]\n<p style=\"text-align: left; color: #55595c;\"><strong>Wildix cree firmemente en el aprendizaje sin fin para una mejora continua.<\/strong><\/p>\n<p style=\"text-align: left; color: #55595c;\">A continuaci\u00f3n, encontrar\u00e1s un archivo completo con todos los Webinars relacionados a las Ventas, Tecnolog\u00eda y Marketing que Wildix ha organizado para apoyar a sus Partners:<br \/>\n<a href=\"https:\/\/manuals.wildix.com\/\" target=\"_blank\" rel=\"noopener noreferrer\">Wildix E-learning Platform<\/a>.<\/p>\n[\/vc_column_text][mk_padding_divider size=\u00bb42&#8243;][mk_image src=\u00bbhttps:\/\/old.wildix.com\/wp-content\/uploads\/2020\/04\/wildix-e-learning-platform.jpg\u00bb image_size=\u00bbfull\u00bb link=\u00bbhttps:\/\/manuals.wildix.com\/\u00bb align=\u00bbcenter\u00bb margin_bottom=\u00bb30&#8243;][mk_padding_divider size=\u00bb20&#8243; visibility=\u00bbvisible-sm\u00bb][\/vc_column][vc_column width=\u00bb1\/2&#8243; css=\u00bb.vc_custom_1612338585272{padding-right: 5% !important;padding-left: 5% !important;background-color: #f7f7f7 !important;}\u00bb][mk_padding_divider][mk_fancy_title color=\u00bb#54595f\u00bb size=\u00bb24&#8243; force_font_size=\u00bbtrue\u00bb size_smallscreen=\u00bb25&#8243; size_tablet=\u00bb25&#8243; size_phone=\u00bb20&#8243; margin_bottom=\u00bb0&#8243; font_family=\u00bbnone\u00bb align=\u00bbcenter\u00bb]\u00bfTe gustar\u00eda participar en nuestros pr\u00f3ximos Webinars?[\/mk_fancy_title][vc_column_text css=\u00bb.vc_custom_1614235913525{margin-bottom: 0px !important;border-bottom-width: 0px !important;padding-bottom: 0px !important;}\u00bb]\n<p style=\"color: #55595c; text-align: center;\"><strong>Por favor rellena este formulario y recibir\u00e1s toda la informaci\u00f3n.<\/strong><\/p>\n[\/vc_column_text][contact-form-7 id=\u00bb7866903&#8243;][mk_padding_divider size=\u00bb15&#8243;][\/vc_column][\/vc_row][vc_row fullwidth=\u00bbtrue\u00bb][vc_column][mk_padding_divider size=\u00bb30&#8243;][\/vc_column][\/vc_row][vc_row][vc_column][mk_divider style=\u00bbthin_solid\u00bb thin_color_style=\u00bbgradient_color\u00bb thin_grandient_color_from=\u00bb#ededed\u00bb thin_grandient_color_to=\u00bb#ffffff\u00bb thin_gradient_color_style=\u00bbradial\u00bb thin_gradient_color_angle=\u00bbhorizontal\u00bb visibility=\u00bbhidden-sm\u00bb][mk_padding_divider size=\u00bb20&#8243; visibility=\u00bbhidden-sm\u00bb][\/vc_column][\/vc_row][vc_row][vc_column][mk_fancy_title size=\u00bb28&#8243; force_font_size=\u00bbtrue\u00bb size_smallscreen=\u00bb25&#8243; size_tablet=\u00bb25&#8243; size_phone=\u00bb20&#8243; margin_top=\u00bb20&#8243; margin_bottom=\u00bb10&#8243; font_family=\u00bbnone\u00bb align=\u00bbcenter\u00bb]\u00bfEst\u00e1s interesado en Webinars para aumentar tus ventas?[\/mk_fancy_title][mk_padding_divider size=\u00bb20&#8243;][\/vc_column][\/vc_row][vc_row][vc_column width=\u00bb1\/2&#8243;][mk_image_switch src_first=\u00bbhttps:\/\/old.wildix.com\/wp-content\/uploads\/2020\/12\/wildix-wizyconf-the-first-professional-easy-to-use-video-conference-2.jpg\u00bb src_second=\u00bbhttps:\/\/old.wildix.com\/wp-content\/uploads\/2020\/10\/wildix-wizyconf-the-first-professional-easy-to-use-video-conference.jpg\u00bb hover_animation=\u00bbfading\u00bb image_width=\u00bb550&#8243; image_height=\u00bb300&#8243; margin_bottom=\u00bb0&#8243;][\/vc_column][vc_column width=\u00bb1\/2&#8243;][mk_padding_divider size=\u00bb20&#8243; visibility=\u00bbhidden-sm\u00bb][mk_image src=\u00bbhttps:\/\/old.wildix.com\/wp-content\/uploads\/2021\/01\/wizywebinar-logo-transparent.png\u00bb image_size=\u00bbfull\u00bb align=\u00bbcenter\u00bb][vc_column_text css=\u00bb.vc_custom_1614235947970{margin-bottom: 0px !important;}\u00bb]\n<p style=\"color: #55595c; text-align: center;\">Descubre el primer estudio de cine automatizado para Webinars creado por Wildix para impulsar tu negocio.<\/p>\n[\/vc_column_text][mk_button dimension=\u00bboutline\u00bb corner_style=\u00bbrounded\u00bb size=\u00bblarge\u00bb letter_spacing=\u00bb1&#8243; url=\u00bbhttps:\/\/old.wildix.com\/es\/wizywebinar-platform\/\u00bb align=\u00bbcenter\u00bb margin_right=\u00bb\u00bb outline_skin=\u00bbcustom\u00bb outline_active_color=\u00bb#dd9933&#8243; outline_active_text_color=\u00bb#dd9933&#8243; outline_hover_bg_color=\u00bb#dd9933&#8243; outline_hover_color=\u00bb#ffffff\u00bb]Haz clic aqu\u00ed para Wizywebinar[\/mk_button][\/vc_column][\/vc_row][vc_row][vc_column][mk_padding_divider size=\u00bb20&#8243;][mk_padding_divider][\/vc_column][\/vc_row]\n<\/section>","protected":false},"excerpt":{"rendered":"<p>[mk_page_section bg_image=\u00bbhttps:\/\/old.wildix.com\/wp-content\/uploads\/2021\/01\/wizywebinar-background.jpg\u00bb bg_position=\u00bbcenter center\u00bb bg_repeat=\u00bbno-repeat\u00bb bg_stretch=\u00bbtrue\u00bb bg_gradient=\u00bbleft_top\u00bb video_color_mask=\u00bb#003366&#8243; gr_end=\u00bb#90f3f2&#8243; video_opacity=\u00bb0.95&#8243; full_width=\u00bbtrue\u00bb padding_top=\u00bb0&#8243; padding_bottom=\u00bb0&#8243; sidebar=\u00bbsidebar-1&#8243; first_page=\u00bbfalse\u00bb last_page=\u00bbfalse\u00bb][vc_column][mk_padding_divider size=\u00bb125&#8243; visibility=\u00bbhidden-sm\u00bb][mk_padding_divider visibility=\u00bbvisible-sm\u00bb][mk_fancy_title tag_name=\u00bbh1&#8243; color=\u00bb#ffffff\u00bb size=\u00bb50&#8243; force_font_size=\u00bbtrue\u00bb size_smallscreen=\u00bb50&#8243; size_tablet=\u00bb50&#8243; size_phone=\u00bb40&#8243; font_weight=\u00bb300&#8243; font_style=\u00bbnormal\u00bb txt_transform=\u00bbnone\u00bb margin_bottom=\u00bb0&#8243; font_family=\u00bbnone\u00bb align=\u00bbcenter\u00bb] Wildix Webinars [\/mk_fancy_title][mk_fancy_title tag_name=\u00bbspan\u00bb color=\u00bb#ffffff\u00bb size=\u00bb24&#8243; force_font_size=\u00bbtrue\u00bb size_smallscreen=\u00bb22&#8243; size_tablet=\u00bb22&#8243; size_phone=\u00bb20&#8243; font_weight=\u00bb300&#8243; font_style=\u00bbnormal\u00bb txt_transform=\u00bbnone\u00bb margin_bottom=\u00bb0&#8243; font_family=\u00bbnone\u00bb align=\u00bbcenter\u00bb]\u00a1El conocimiento es poder![\/mk_fancy_title][mk_padding_divider size=\u00bb30&#8243; visibility=\u00bbhidden-sm\u00bb][mk_padding_divider size=\u00bb10&#8243; visibility=\u00bbvisible-sm\u00bb][\/vc_column][\/mk_page_section][vc_row [&hellip;]<\/p>\n","protected":false},"author":1,"featured_media":7872188,"parent":0,"menu_order":0,"comment_status":"closed","ping_status":"closed","template":"","meta":{"wpupg_custom_link":[],"wpupg_custom_link_behaviour":["default"],"wpupg_custom_image":[],"wpupg_custom_image_id":[],"footnotes":""},"acf":[],"yoast_head":"<!-- This site is optimized with the Yoast SEO plugin v21.8 - https:\/\/yoast.com\/wordpress\/plugins\/seo\/ -->\n<title>Soluciones de Videoconferencias Wizywebinar | Wildix<\/title>\n<meta name=\"description\" content=\"La soluci\u00f3n de Webinars en la web y videoconferencias son cruciales para aquellas empresas que necesitan comunicar ideas a sus clientes. Obt\u00e9n m\u00e1s informaci\u00f3n sobre las herramientas disponibles de Wildix.\" \/>\n<meta name=\"robots\" content=\"noindex, nofollow\" \/>\n<meta property=\"og:locale\" content=\"es_ES\" \/>\n<meta property=\"og:type\" content=\"article\" \/>\n<meta property=\"og:title\" content=\"Soluciones de Videoconferencias Wizywebinar | Wildix\" \/>\n<meta property=\"og:description\" content=\"La soluci\u00f3n de Webinars en la web y videoconferencias son cruciales para aquellas empresas que necesitan comunicar ideas a sus clientes. Obt\u00e9n m\u00e1s informaci\u00f3n sobre las herramientas disponibles de Wildix.\" \/>\n<meta property=\"og:url\" content=\"https:\/\/old.wildix.com\/es\/webinar\/\" \/>\n<meta property=\"og:site_name\" content=\"Wildix\" \/>\n<meta property=\"article:modified_time\" content=\"2022-05-05T10:42:45+00:00\" \/>\n<meta property=\"og:image\" content=\"https:\/\/old.wildix.com\/wp-content\/uploads\/2021\/04\/wildix-wizywebinar-3.jpeg\" \/>\n\t<meta property=\"og:image:width\" content=\"800\" \/>\n\t<meta property=\"og:image:height\" content=\"500\" \/>\n\t<meta property=\"og:image:type\" content=\"image\/jpeg\" \/>\n<meta name=\"twitter:card\" content=\"summary_large_image\" \/>\n<meta name=\"twitter:image\" content=\"https:\/\/old.wildix.com\/wp-content\/uploads\/2021\/04\/wildix-wizywebinar-3.jpeg\" \/>\n<meta name=\"twitter:label1\" content=\"Tiempo de lectura\" \/>\n\t<meta name=\"twitter:data1\" content=\"2 minutos\" \/>\n<script type=\"application\/ld+json\" class=\"yoast-schema-graph\">{\"@context\":\"https:\/\/schema.org\",\"@graph\":[{\"@type\":\"WebPage\",\"@id\":\"https:\/\/old.wildix.com\/es\/webinar\/\",\"url\":\"https:\/\/old.wildix.com\/es\/webinar\/\",\"name\":\"Soluciones de Videoconferencias Wizywebinar | Wildix\",\"isPartOf\":{\"@id\":\"https:\/\/old.wildix.com\/#website\"},\"datePublished\":\"2020-02-21T15:13:37+00:00\",\"dateModified\":\"2022-05-05T10:42:45+00:00\",\"description\":\"La soluci\u00f3n de Webinars en la web y videoconferencias son cruciales para aquellas empresas que necesitan comunicar ideas a sus clientes. Obt\u00e9n m\u00e1s informaci\u00f3n sobre las herramientas disponibles de Wildix.\",\"breadcrumb\":{\"@id\":\"https:\/\/old.wildix.com\/es\/webinar\/#breadcrumb\"},\"inLanguage\":\"es\",\"potentialAction\":[{\"@type\":\"ReadAction\",\"target\":[\"https:\/\/old.wildix.com\/es\/webinar\/\"]}]},{\"@type\":\"BreadcrumbList\",\"@id\":\"https:\/\/old.wildix.com\/es\/webinar\/#breadcrumb\",\"itemListElement\":[{\"@type\":\"ListItem\",\"position\":1,\"name\":\"Home\",\"item\":\"https:\/\/old.wildix.com\/\"},{\"@type\":\"ListItem\",\"position\":2,\"name\":\"Wildix Webinar\"}]},{\"@type\":\"WebSite\",\"@id\":\"https:\/\/old.wildix.com\/#website\",\"url\":\"https:\/\/old.wildix.com\/\",\"name\":\"Wildix\",\"description\":\"Wildix PBX | VoIP Solutions | Unified Communications | WebRTC\",\"publisher\":{\"@id\":\"https:\/\/old.wildix.com\/#organization\"},\"potentialAction\":[{\"@type\":\"SearchAction\",\"target\":{\"@type\":\"EntryPoint\",\"urlTemplate\":\"https:\/\/old.wildix.com\/?s={search_term_string}\"},\"query-input\":\"required name=search_term_string\"}],\"inLanguage\":\"es\"},{\"@type\":\"Organization\",\"@id\":\"https:\/\/old.wildix.com\/#organization\",\"name\":\"Wildix\",\"url\":\"https:\/\/old.wildix.com\/\",\"logo\":{\"@type\":\"ImageObject\",\"inLanguage\":\"es\",\"@id\":\"https:\/\/old.wildix.com\/#\/schema\/logo\/image\/\",\"url\":\"https:\/\/old.wildix.com\/wp-content\/uploads\/2018\/04\/wildix-logo-2.png\",\"contentUrl\":\"https:\/\/old.wildix.com\/wp-content\/uploads\/2018\/04\/wildix-logo-2.png\",\"width\":440,\"height\":200,\"caption\":\"Wildix\"},\"image\":{\"@id\":\"https:\/\/old.wildix.com\/#\/schema\/logo\/image\/\"}}]}<\/script>\n<!-- \/ Yoast SEO plugin. -->","yoast_head_json":{"title":"Soluciones de Videoconferencias Wizywebinar | Wildix","description":"La soluci\u00f3n de Webinars en la web y videoconferencias son cruciales para aquellas empresas que necesitan comunicar ideas a sus clientes. Obt\u00e9n m\u00e1s informaci\u00f3n sobre las herramientas disponibles de Wildix.","robots":{"index":"noindex","follow":"nofollow"},"og_locale":"es_ES","og_type":"article","og_title":"Soluciones de Videoconferencias Wizywebinar | Wildix","og_description":"La soluci\u00f3n de Webinars en la web y videoconferencias son cruciales para aquellas empresas que necesitan comunicar ideas a sus clientes. Obt\u00e9n m\u00e1s informaci\u00f3n sobre las herramientas disponibles de Wildix.","og_url":"https:\/\/old.wildix.com\/es\/webinar\/","og_site_name":"Wildix","article_modified_time":"2022-05-05T10:42:45+00:00","og_image":[{"width":800,"height":500,"url":"https:\/\/old.wildix.com\/wp-content\/uploads\/2021\/04\/wildix-wizywebinar-3.jpeg","type":"image\/jpeg"}],"twitter_card":"summary_large_image","twitter_image":"https:\/\/old.wildix.com\/wp-content\/uploads\/2021\/04\/wildix-wizywebinar-3.jpeg","twitter_misc":{"Tiempo de lectura":"2 minutos"},"schema":{"@context":"https:\/\/schema.org","@graph":[{"@type":"WebPage","@id":"https:\/\/old.wildix.com\/es\/webinar\/","url":"https:\/\/old.wildix.com\/es\/webinar\/","name":"Soluciones de Videoconferencias Wizywebinar | Wildix","isPartOf":{"@id":"https:\/\/old.wildix.com\/#website"},"datePublished":"2020-02-21T15:13:37+00:00","dateModified":"2022-05-05T10:42:45+00:00","description":"La soluci\u00f3n de Webinars en la web y videoconferencias son cruciales para aquellas empresas que necesitan comunicar ideas a sus clientes. Obt\u00e9n m\u00e1s informaci\u00f3n sobre las herramientas disponibles de Wildix.","breadcrumb":{"@id":"https:\/\/old.wildix.com\/es\/webinar\/#breadcrumb"},"inLanguage":"es","potentialAction":[{"@type":"ReadAction","target":["https:\/\/old.wildix.com\/es\/webinar\/"]}]},{"@type":"BreadcrumbList","@id":"https:\/\/old.wildix.com\/es\/webinar\/#breadcrumb","itemListElement":[{"@type":"ListItem","position":1,"name":"Home","item":"https:\/\/old.wildix.com\/"},{"@type":"ListItem","position":2,"name":"Wildix Webinar"}]},{"@type":"WebSite","@id":"https:\/\/old.wildix.com\/#website","url":"https:\/\/old.wildix.com\/","name":"Wildix","description":"Wildix PBX | VoIP Solutions | Unified Communications | WebRTC","publisher":{"@id":"https:\/\/old.wildix.com\/#organization"},"potentialAction":[{"@type":"SearchAction","target":{"@type":"EntryPoint","urlTemplate":"https:\/\/old.wildix.com\/?s={search_term_string}"},"query-input":"required name=search_term_string"}],"inLanguage":"es"},{"@type":"Organization","@id":"https:\/\/old.wildix.com\/#organization","name":"Wildix","url":"https:\/\/old.wildix.com\/","logo":{"@type":"ImageObject","inLanguage":"es","@id":"https:\/\/old.wildix.com\/#\/schema\/logo\/image\/","url":"https:\/\/old.wildix.com\/wp-content\/uploads\/2018\/04\/wildix-logo-2.png","contentUrl":"https:\/\/old.wildix.com\/wp-content\/uploads\/2018\/04\/wildix-logo-2.png","width":440,"height":200,"caption":"Wildix"},"image":{"@id":"https:\/\/old.wildix.com\/#\/schema\/logo\/image\/"}}]}},"_links":{"self":[{"href":"https:\/\/old.wildix.com\/es\/wp-json\/wp\/v2\/pages\/7850404"}],"collection":[{"href":"https:\/\/old.wildix.com\/es\/wp-json\/wp\/v2\/pages"}],"about":[{"href":"https:\/\/old.wildix.com\/es\/wp-json\/wp\/v2\/types\/page"}],"author":[{"embeddable":true,"href":"https:\/\/old.wildix.com\/es\/wp-json\/wp\/v2\/users\/1"}],"replies":[{"embeddable":true,"href":"https:\/\/old.wildix.com\/es\/wp-json\/wp\/v2\/comments?post=7850404"}],"version-history":[{"count":0,"href":"https:\/\/old.wildix.com\/es\/wp-json\/wp\/v2\/pages\/7850404\/revisions"}],"wp:featuredmedia":[{"embeddable":true,"href":"https:\/\/old.wildix.com\/es\/wp-json\/wp\/v2\/media\/7872188"}],"wp:attachment":[{"href":"https:\/\/old.wildix.com\/es\/wp-json\/wp\/v2\/media?parent=7850404"}],"curies":[{"name":"wp","href":"https:\/\/api.w.org\/{rel}","templated":true}]}}