{"id":7918272,"date":"2022-04-18T11:41:30","date_gmt":"2022-04-18T11:41:30","guid":{"rendered":"https:\/\/old2.wildix.com\/wildix-values\/"},"modified":"2022-06-27T12:52:15","modified_gmt":"2022-06-27T12:52:15","slug":"valores-de-wildix","status":"publish","type":"page","link":"https:\/\/old.wildix.com\/es\/valores-de-wildix\/","title":{"rendered":"Valores de Wildix"},"content":{"rendered":"\t\t<div data-elementor-type=\"wp-page\" data-elementor-id=\"7918272\" class=\"elementor elementor-7918272 elementor-7905337\">\n\t\t\t\t\t\t\t\t\t<section data-particle_enable=\"false\" data-particle-mobile-disabled=\"false\" class=\"elementor-section elementor-top-section elementor-element elementor-element-95a7eb7 elementor-section-boxed elementor-section-height-default elementor-section-height-default\" data-id=\"95a7eb7\" data-element_type=\"section\" data-settings=\"{&quot;background_background&quot;:&quot;classic&quot;,&quot;shape_divider_bottom&quot;:&quot;waves&quot;,&quot;shape_divider_bottom_negative&quot;:&quot;yes&quot;}\">\n\t\t\t\t\t\t\t<div class=\"elementor-background-overlay\"><\/div>\n\t\t\t\t\t\t<div class=\"elementor-shape elementor-shape-bottom\" data-negative=\"true\">\n\t\t\t<svg xmlns=\"http:\/\/www.w3.org\/2000\/svg\" viewBox=\"0 0 1000 100\" preserveAspectRatio=\"none\">\n\t<path class=\"elementor-shape-fill\" d=\"M790.5,93.1c-59.3-5.3-116.8-18-192.6-50c-29.6-12.7-76.9-31-100.5-35.9c-23.6-4.9-52.6-7.8-75.5-5.3\n\tc-10.2,1.1-22.6,1.4-50.1,7.4c-27.2,6.3-58.2,16.6-79.4,24.7c-41.3,15.9-94.9,21.9-134,22.6C72,58.2,0,25.8,0,25.8V100h1000V65.3\n\tc0,0-51.5,19.4-106.2,25.7C839.5,97,814.1,95.2,790.5,93.1z\"\/>\n<\/svg>\t\t<\/div>\n\t\t\t\t\t<div class=\"elementor-container elementor-column-gap-default\">\n\t\t\t\t\t<div class=\"elementor-column elementor-col-100 elementor-top-column elementor-element elementor-element-4f8239e\" data-id=\"4f8239e\" data-element_type=\"column\">\n\t\t\t<div class=\"elementor-widget-wrap elementor-element-populated\">\n\t\t\t\t\t\t\t\t<div class=\"elementor-element elementor-element-d48b2c1 elementor-widget elementor-widget-text-editor\" data-id=\"d48b2c1\" data-element_type=\"widget\" data-widget_type=\"text-editor.default\">\n\t\t\t\t<div class=\"elementor-widget-container\">\n\t\t\t\t\t\t\tValores de Wildix\t\t\t\t\t\t<\/div>\n\t\t\t\t<\/div>\n\t\t\t\t\t<\/div>\n\t\t<\/div>\n\t\t\t\t\t\t\t<\/div>\n\t\t<\/section>\n\t\t\t\t<section data-particle_enable=\"false\" data-particle-mobile-disabled=\"false\" class=\"elementor-section elementor-top-section elementor-element elementor-element-b3995cf elementor-section-boxed elementor-section-height-default elementor-section-height-default\" data-id=\"b3995cf\" data-element_type=\"section\">\n\t\t\t\t\t\t<div class=\"elementor-container elementor-column-gap-default\">\n\t\t\t\t\t<div class=\"elementor-column elementor-col-50 elementor-top-column elementor-element elementor-element-f6bd938\" data-id=\"f6bd938\" data-element_type=\"column\">\n\t\t\t<div class=\"elementor-widget-wrap elementor-element-populated\">\n\t\t\t\t\t\t\t\t<div class=\"elementor-element elementor-element-278dd15 elementor-widget elementor-widget-text-editor\" data-id=\"278dd15\" data-element_type=\"widget\" data-widget_type=\"text-editor.default\">\n\t\t\t\t<div class=\"elementor-widget-container\">\n\t\t\t\t\t\t\tEn Wildix, la comunicaci\u00f3n es lo nuestro. Dise\u00f1amos soluciones para mejorar la comunicaci\u00f3n entre las empresas, pero no nos olvidamos de la importancia de la comunicaci\u00f3n entre las personas. \n<\/br><\/br>\nBuscamos formas innovadoras de comunicaci\u00f3n pensando siempre a lo grande. Eso s\u00ed: sin perder de vista a los que trabajan para nosotros. La comunicaci\u00f3n solo es buena si es efectiva, comprensiva, respetuosa y \u00fatil. Esta es la comunicaci\u00f3n realmente valiosa. \n\t\t\t\t\t\t<\/div>\n\t\t\t\t<\/div>\n\t\t\t\t\t<\/div>\n\t\t<\/div>\n\t\t\t\t<div class=\"elementor-column elementor-col-50 elementor-top-column elementor-element elementor-element-9e61fbb\" data-id=\"9e61fbb\" data-element_type=\"column\">\n\t\t\t<div class=\"elementor-widget-wrap elementor-element-populated\">\n\t\t\t\t\t\t\t\t<div class=\"elementor-element elementor-element-3aafcdc elementor-widget elementor-widget-image\" data-id=\"3aafcdc\" data-element_type=\"widget\" data-widget_type=\"image.default\">\n\t\t\t\t<div class=\"elementor-widget-container\">\n\t\t\t\t\t\t\t\t\t\t\t\t\t\t\t<img decoding=\"async\" src=\"https:\/\/old.wildix.com\/wp-content\/uploads\/2022\/04\/wildix-team-4.jpeg\" title=\"Wildix team\" alt=\"wildix team\" loading=\"lazy\" \/>\t\t\t\t\t\t\t\t\t\t\t\t\t\t\t<\/div>\n\t\t\t\t<\/div>\n\t\t\t\t\t<\/div>\n\t\t<\/div>\n\t\t\t\t\t\t\t<\/div>\n\t\t<\/section>\n\t\t\t\t<section data-particle_enable=\"false\" data-particle-mobile-disabled=\"false\" class=\"elementor-section elementor-top-section elementor-element elementor-element-0633abb elementor-reverse-mobile elementor-section-boxed elementor-section-height-default elementor-section-height-default\" data-id=\"0633abb\" data-element_type=\"section\">\n\t\t\t\t\t\t<div class=\"elementor-container elementor-column-gap-default\">\n\t\t\t\t\t<div class=\"elementor-column elementor-col-50 elementor-top-column elementor-element elementor-element-797a635\" data-id=\"797a635\" data-element_type=\"column\">\n\t\t\t<div class=\"elementor-widget-wrap elementor-element-populated\">\n\t\t\t\t\t\t\t\t<div class=\"elementor-element elementor-element-e2d46f9 elementor-widget elementor-widget-image\" data-id=\"e2d46f9\" data-element_type=\"widget\" data-widget_type=\"image.default\">\n\t\t\t\t<div class=\"elementor-widget-container\">\n\t\t\t\t\t\t\t\t\t\t\t\t\t\t\t<img decoding=\"async\" src=\"https:\/\/old.wildix.com\/wp-content\/uploads\/2021\/02\/mobile-apps-2.jpg\" title=\"Mobile Apps\" alt=\"Mobile Apps\" loading=\"lazy\" \/>\t\t\t\t\t\t\t\t\t\t\t\t\t\t\t<\/div>\n\t\t\t\t<\/div>\n\t\t\t\t\t<\/div>\n\t\t<\/div>\n\t\t\t\t<div class=\"elementor-column elementor-col-50 elementor-top-column elementor-element elementor-element-15790f6\" data-id=\"15790f6\" data-element_type=\"column\">\n\t\t\t<div class=\"elementor-widget-wrap elementor-element-populated\">\n\t\t\t\t\t\t\t\t<div class=\"elementor-element elementor-element-c5f8321 elementor-widget elementor-widget-text-editor\" data-id=\"c5f8321\" data-element_type=\"widget\" data-widget_type=\"text-editor.default\">\n\t\t\t\t<div class=\"elementor-widget-container\">\n\t\t\t\t\t\t\tTeniendo todo esto en cuenta, hemos creado nuestro ecosistema azul, lo que llamamos Blue Ecosystem: la forma en la que Partners, usuarios, empresa y empleados se comunican entre ellos. Todos trabajamos juntos para mejorar la comunicaci\u00f3n y la vida de los dem\u00e1s.\n<\/br><\/br>\nA fin de cuentas, este es el n\u00facleo de la misi\u00f3n de Wildix. \n\t\t\t\t\t\t<\/div>\n\t\t\t\t<\/div>\n\t\t\t\t\t<\/div>\n\t\t<\/div>\n\t\t\t\t\t\t\t<\/div>\n\t\t<\/section>\n\t\t\t\t<section data-particle_enable=\"false\" data-particle-mobile-disabled=\"false\" class=\"elementor-section elementor-top-section elementor-element elementor-element-38d697d elementor-section-boxed elementor-section-height-default elementor-section-height-default\" data-id=\"38d697d\" data-element_type=\"section\">\n\t\t\t\t\t\t<div class=\"elementor-container elementor-column-gap-default\">\n\t\t\t\t\t<div class=\"elementor-column elementor-col-100 elementor-top-column elementor-element elementor-element-63a3e2d\" data-id=\"63a3e2d\" data-element_type=\"column\">\n\t\t\t<div class=\"elementor-widget-wrap elementor-element-populated\">\n\t\t\t\t\t\t\t\t<div class=\"elementor-element elementor-element-4fa9a3f elementor-widget elementor-widget-text-editor\" data-id=\"4fa9a3f\" data-element_type=\"widget\" data-widget_type=\"text-editor.default\">\n\t\t\t\t<div class=\"elementor-widget-container\">\n\t\t\t\t\t\t\tComunicaci\u00f3n y \u00e9tica\t\t\t\t\t\t<\/div>\n\t\t\t\t<\/div>\n\t\t\t\t<div class=\"elementor-element elementor-element-29a0086 elementor-widget elementor-widget-text-editor\" data-id=\"29a0086\" data-element_type=\"widget\" data-widget_type=\"text-editor.default\">\n\t\t\t\t<div class=\"elementor-widget-container\">\n\t\t\t\t\t\t\tUn gran poder conlleva una gran responsabilidad\u2026 Un aforismo repetido durante milenios con distintas palabras.<\/br>\nEn Wildix, tenemos algo que a\u00f1adir: hacen falta valores muy s\u00f3lidos para crear valor.\t\t\t\t\t\t<\/div>\n\t\t\t\t<\/div>\n\t\t\t\t<div class=\"elementor-element elementor-element-6b110fd elementor-widget elementor-widget-eael-content-timeline\" data-id=\"6b110fd\" data-element_type=\"widget\" data-widget_type=\"eael-content-timeline.default\">\n\t\t\t\t<div class=\"elementor-widget-container\">\n\t\t\t\t\t<div id=\"eael-content-timeline-6b110fd\" class=\"content-timeline-layout-right date-position-outside horizontal-timeline-wrapper\" data-slide_to_scroll=\"{&quot;desktop&quot;:1,&quot;tablet&quot;:1,&quot;mobile&quot;:1}\">\n\t\t\t<div class=\"eael-content-timeline-container\">\n\t\t\t\t<div class=\"eael-content-timeline-container\">\n\t\t\t\t\t\t\t\t\t\t\t\t\t\t\t\t\t\t\t\t\t\t\t<div class=\"eael-content-timeline-block\">\n    <div class=\"eael-content-timeline-line\">\n        <div class=\"eael-content-timeline-inner\"><\/div>\n    <\/div>\n    <div class=\"eael-content-timeline-img eael-picture \"><i class=\"fas fa-angle-down\"><\/i><\/div><div class=\"eael-content-timeline-content\"><span class=\"eael-timeline-title\"><a href=\"\">Integridad:<\/a><\/span><span style=\"font-weight: 400\">\u00bfD\u00f3nde vamos sin integridad? En pocas palabras, nuestros Partners y usuarios finales esperan que sus comunicaciones funcionen sin problemas y que sus datos no corran riesgos. Por nuestra parte, esperamos que los empleados y los Partners act\u00faen de buena fe y sean honestos.<\/span><span class=\"eael-date\"><\/span><\/div><\/div>\t\t\t\t\t\t\t\t\t\t\t\t\t\t\t\t\t\t<div class=\"eael-content-timeline-block\">\n    <div class=\"eael-content-timeline-line\">\n        <div class=\"eael-content-timeline-inner\"><\/div>\n    <\/div>\n    <div class=\"eael-content-timeline-img eael-picture \"><i class=\"fas fa-angle-down\"><\/i><\/div><div class=\"eael-content-timeline-content\"><span class=\"eael-timeline-title\"><a href=\"\">Transparencia:<\/a><\/span><span style=\"font-weight: 400\">Queremos alcanzar la mayor transparencia posible, respetando el equilibrio con la necesidad de proteger los datos y el mantenimiento de nuestra actividad comercial. Confiamos en los dem\u00e1s y somos claros sobre nuestros objetivos y valoraciones.<\/span><span class=\"eael-date\"><\/span><\/div><\/div>\t\t\t\t\t\t\t\t\t\t\t\t\t\t\t\t\t\t<div class=\"eael-content-timeline-block\">\n    <div class=\"eael-content-timeline-line\">\n        <div class=\"eael-content-timeline-inner\"><\/div>\n    <\/div>\n    <div class=\"eael-content-timeline-img eael-picture \"><i class=\"fas fa-angle-down\"><\/i><\/div><div class=\"eael-content-timeline-content\"><span class=\"eael-timeline-title\"><a href=\"\">Aprendizaje constante:<\/a><\/span><span style=\"font-weight: 400\">La tecnolog\u00eda se mueve muy r\u00e1pido. Aquellos que no se mueven para saber m\u00e1s cada d\u00eda no tardan en quedarse atr\u00e1s. Animamos a todo el mundo a seguir aprendiendo sobre lo que m\u00e1s les interese, ampliar su conocimiento sobre sus tareas profesionales y avanzar en su desarrollo personal.<\/span><span class=\"eael-date\"><\/span><\/div><\/div>\t\t\t\t\t\t\t\t\t\t\t\t\t\t\t\t\t\t<div class=\"eael-content-timeline-block\">\n    <div class=\"eael-content-timeline-line\">\n        <div class=\"eael-content-timeline-inner\"><\/div>\n    <\/div>\n    <div class=\"eael-content-timeline-img eael-picture \"><i class=\"fas fa-angle-down\"><\/i><\/div><div class=\"eael-content-timeline-content\"><span class=\"eael-timeline-title\"><a href=\"\">Mente abierta:<\/a><\/span><span style=\"font-weight: 400\">Todos somos personas. Todos somos diferentes. Teniendo esto en cuenta, es importante ser justos, tratar a cada persona con respeto y ser leal con los dem\u00e1s. Esto implica esforzarse por comprender y valorar las diferencias que nos hacen m\u00e1s fuertes. <\/span><span class=\"eael-date\"><\/span><\/div><\/div>\t\t\t\t\t\t\t\t\t\t\t\t\t\t\t\t\t\t<div class=\"eael-content-timeline-block\">\n    <div class=\"eael-content-timeline-line\">\n        <div class=\"eael-content-timeline-inner\"><\/div>\n    <\/div>\n    <div class=\"eael-content-timeline-img eael-picture \"><i class=\"fas fa-angle-down\"><\/i><\/div><div class=\"eael-content-timeline-content\"><span class=\"eael-timeline-title\"><a href=\"\">Pasi\u00f3n:<\/a><\/span><span style=\"font-weight: 400\">Por \u00faltimo, todos estamos aqu\u00ed porque queremos aportar algo. En este punto entra en juego la pasi\u00f3n. Las buenas comunicaciones tienen el poder de cambiar la forma en que la gente vive y trabaja. Y ese cambio puede ser para mejor. <\/span><span class=\"eael-date\"><\/span><\/div><\/div>\t\t\t\t<\/div>\n\t\t\t<\/div>\n\t\t<\/div>\n\t\t\t<\/div>\n\t\t\t\t<\/div>\n\t\t\t\t\t<\/div>\n\t\t<\/div>\n\t\t\t\t\t\t\t<\/div>\n\t\t<\/section>\n\t\t\t\t\t\t\t<\/div>\n\t\t","protected":false},"excerpt":{"rendered":"<p>Valores de WildixEn Wildix, la comunicaci\u00f3n es lo nuestro. Dise\u00f1amos soluciones para mejorar la comunicaci\u00f3n entre las empresas, pero no nos olvidamos de la importancia de la comunicaci\u00f3n entre las personas. Buscamos formas innovadoras de comunicaci\u00f3n pensando siempre a lo grande. Eso s\u00ed: sin perder de vista a los que trabajan para nosotros. La comunicaci\u00f3n [&hellip;]<\/p>\n","protected":false},"author":46,"featured_media":0,"parent":0,"menu_order":0,"comment_status":"closed","ping_status":"closed","template":"elementor_header_footer","meta":{"wpupg_custom_link":[],"wpupg_custom_link_behaviour":["default"],"wpupg_custom_image":[],"wpupg_custom_image_id":[],"footnotes":""},"acf":[],"yoast_head":"<!-- This site is optimized with the Yoast SEO plugin v21.8 - https:\/\/yoast.com\/wordpress\/plugins\/seo\/ -->\n<title>Valores de Wildix | Wildix<\/title>\n<meta name=\"description\" content=\"Apoyamos a los miembros de nuestro equipo y les animamos a ser responsables y \u00e9ticos. Nuestros valores: crear un ambiente justo y seguro para las personas con las que trabajamos.\" \/>\n<meta name=\"robots\" content=\"noindex, follow, max-snippet:-1, max-image-preview:large, max-video-preview:-1\" \/>\n<meta property=\"og:locale\" content=\"es_ES\" \/>\n<meta property=\"og:type\" content=\"article\" \/>\n<meta property=\"og:title\" content=\"Valores de Wildix | Wildix\" \/>\n<meta property=\"og:description\" content=\"Apoyamos a los miembros de nuestro equipo y les animamos a ser responsables y \u00e9ticos. Nuestros valores: crear un ambiente justo y seguro para las personas con las que trabajamos.\" \/>\n<meta property=\"og:url\" content=\"https:\/\/old.wildix.com\/wildix-values\/\" \/>\n<meta property=\"og:site_name\" content=\"Wildix\" \/>\n<meta property=\"article:modified_time\" content=\"2022-06-27T12:52:15+00:00\" \/>\n<meta property=\"og:image\" content=\"https:\/\/old.wildix.com\/wp-content\/uploads\/2022\/04\/wildix-team-4.jpeg\" \/>\n<meta name=\"twitter:card\" content=\"summary_large_image\" \/>\n<meta name=\"twitter:label1\" content=\"Tiempo de lectura\" \/>\n\t<meta name=\"twitter:data1\" content=\"3 minutos\" \/>\n<script type=\"application\/ld+json\" class=\"yoast-schema-graph\">{\"@context\":\"https:\/\/schema.org\",\"@graph\":[{\"@type\":\"WebPage\",\"@id\":\"https:\/\/old.wildix.com\/wildix-values\/\",\"url\":\"https:\/\/old.wildix.com\/wildix-values\/\",\"name\":\"Valores de Wildix | Wildix\",\"isPartOf\":{\"@id\":\"https:\/\/old.wildix.com\/#website\"},\"datePublished\":\"2022-04-18T11:41:30+00:00\",\"dateModified\":\"2022-06-27T12:52:15+00:00\",\"description\":\"Apoyamos a los miembros de nuestro equipo y les animamos a ser responsables y \u00e9ticos. Nuestros valores: crear un ambiente justo y seguro para las personas con las que trabajamos.\",\"breadcrumb\":{\"@id\":\"https:\/\/old.wildix.com\/wildix-values\/#breadcrumb\"},\"inLanguage\":\"es\",\"potentialAction\":[{\"@type\":\"ReadAction\",\"target\":[\"https:\/\/old.wildix.com\/wildix-values\/\"]}]},{\"@type\":\"BreadcrumbList\",\"@id\":\"https:\/\/old.wildix.com\/wildix-values\/#breadcrumb\",\"itemListElement\":[{\"@type\":\"ListItem\",\"position\":1,\"name\":\"Home\",\"item\":\"https:\/\/old.wildix.com\/\"},{\"@type\":\"ListItem\",\"position\":2,\"name\":\"Valores de Wildix\"}]},{\"@type\":\"WebSite\",\"@id\":\"https:\/\/old.wildix.com\/#website\",\"url\":\"https:\/\/old.wildix.com\/\",\"name\":\"Wildix\",\"description\":\"Wildix PBX | VoIP Solutions | Unified Communications | WebRTC\",\"publisher\":{\"@id\":\"https:\/\/old.wildix.com\/#organization\"},\"potentialAction\":[{\"@type\":\"SearchAction\",\"target\":{\"@type\":\"EntryPoint\",\"urlTemplate\":\"https:\/\/old.wildix.com\/?s={search_term_string}\"},\"query-input\":\"required name=search_term_string\"}],\"inLanguage\":\"es\"},{\"@type\":\"Organization\",\"@id\":\"https:\/\/old.wildix.com\/#organization\",\"name\":\"Wildix\",\"url\":\"https:\/\/old.wildix.com\/\",\"logo\":{\"@type\":\"ImageObject\",\"inLanguage\":\"es\",\"@id\":\"https:\/\/old.wildix.com\/#\/schema\/logo\/image\/\",\"url\":\"https:\/\/old.wildix.com\/wp-content\/uploads\/2018\/04\/wildix-logo-2.png\",\"contentUrl\":\"https:\/\/old.wildix.com\/wp-content\/uploads\/2018\/04\/wildix-logo-2.png\",\"width\":440,\"height\":200,\"caption\":\"Wildix\"},\"image\":{\"@id\":\"https:\/\/old.wildix.com\/#\/schema\/logo\/image\/\"}}]}<\/script>\n<!-- \/ Yoast SEO plugin. -->","yoast_head_json":{"title":"Valores de Wildix | Wildix","description":"Apoyamos a los miembros de nuestro equipo y les animamos a ser responsables y \u00e9ticos. Nuestros valores: crear un ambiente justo y seguro para las personas con las que trabajamos.","robots":{"index":"noindex","follow":"follow","max-snippet":"max-snippet:-1","max-image-preview":"max-image-preview:large","max-video-preview":"max-video-preview:-1"},"og_locale":"es_ES","og_type":"article","og_title":"Valores de Wildix | Wildix","og_description":"Apoyamos a los miembros de nuestro equipo y les animamos a ser responsables y \u00e9ticos. Nuestros valores: crear un ambiente justo y seguro para las personas con las que trabajamos.","og_url":"https:\/\/old.wildix.com\/wildix-values\/","og_site_name":"Wildix","article_modified_time":"2022-06-27T12:52:15+00:00","og_image":[{"url":"https:\/\/old.wildix.com\/wp-content\/uploads\/2022\/04\/wildix-team-4.jpeg"}],"twitter_card":"summary_large_image","twitter_misc":{"Tiempo de lectura":"3 minutos"},"schema":{"@context":"https:\/\/schema.org","@graph":[{"@type":"WebPage","@id":"https:\/\/old.wildix.com\/wildix-values\/","url":"https:\/\/old.wildix.com\/wildix-values\/","name":"Valores de Wildix | Wildix","isPartOf":{"@id":"https:\/\/old.wildix.com\/#website"},"datePublished":"2022-04-18T11:41:30+00:00","dateModified":"2022-06-27T12:52:15+00:00","description":"Apoyamos a los miembros de nuestro equipo y les animamos a ser responsables y \u00e9ticos. Nuestros valores: crear un ambiente justo y seguro para las personas con las que trabajamos.","breadcrumb":{"@id":"https:\/\/old.wildix.com\/wildix-values\/#breadcrumb"},"inLanguage":"es","potentialAction":[{"@type":"ReadAction","target":["https:\/\/old.wildix.com\/wildix-values\/"]}]},{"@type":"BreadcrumbList","@id":"https:\/\/old.wildix.com\/wildix-values\/#breadcrumb","itemListElement":[{"@type":"ListItem","position":1,"name":"Home","item":"https:\/\/old.wildix.com\/"},{"@type":"ListItem","position":2,"name":"Valores de Wildix"}]},{"@type":"WebSite","@id":"https:\/\/old.wildix.com\/#website","url":"https:\/\/old.wildix.com\/","name":"Wildix","description":"Wildix PBX | VoIP Solutions | Unified Communications | WebRTC","publisher":{"@id":"https:\/\/old.wildix.com\/#organization"},"potentialAction":[{"@type":"SearchAction","target":{"@type":"EntryPoint","urlTemplate":"https:\/\/old.wildix.com\/?s={search_term_string}"},"query-input":"required name=search_term_string"}],"inLanguage":"es"},{"@type":"Organization","@id":"https:\/\/old.wildix.com\/#organization","name":"Wildix","url":"https:\/\/old.wildix.com\/","logo":{"@type":"ImageObject","inLanguage":"es","@id":"https:\/\/old.wildix.com\/#\/schema\/logo\/image\/","url":"https:\/\/old.wildix.com\/wp-content\/uploads\/2018\/04\/wildix-logo-2.png","contentUrl":"https:\/\/old.wildix.com\/wp-content\/uploads\/2018\/04\/wildix-logo-2.png","width":440,"height":200,"caption":"Wildix"},"image":{"@id":"https:\/\/old.wildix.com\/#\/schema\/logo\/image\/"}}]}},"_links":{"self":[{"href":"https:\/\/old.wildix.com\/es\/wp-json\/wp\/v2\/pages\/7918272"}],"collection":[{"href":"https:\/\/old.wildix.com\/es\/wp-json\/wp\/v2\/pages"}],"about":[{"href":"https:\/\/old.wildix.com\/es\/wp-json\/wp\/v2\/types\/page"}],"author":[{"embeddable":true,"href":"https:\/\/old.wildix.com\/es\/wp-json\/wp\/v2\/users\/46"}],"replies":[{"embeddable":true,"href":"https:\/\/old.wildix.com\/es\/wp-json\/wp\/v2\/comments?post=7918272"}],"version-history":[{"count":0,"href":"https:\/\/old.wildix.com\/es\/wp-json\/wp\/v2\/pages\/7918272\/revisions"}],"wp:attachment":[{"href":"https:\/\/old.wildix.com\/es\/wp-json\/wp\/v2\/media?parent=7918272"}],"curies":[{"name":"wp","href":"https:\/\/api.w.org\/{rel}","templated":true}]}}