{"id":7919244,"date":"2022-06-23T10:03:43","date_gmt":"2022-06-23T10:03:43","guid":{"rendered":"https:\/\/old2.wildix.com\/?page_id=7919244"},"modified":"2022-11-03T09:23:27","modified_gmt":"2022-11-03T09:23:27","slug":"promo","status":"publish","type":"page","link":"https:\/\/old.wildix.com\/es\/promo\/","title":{"rendered":"Wildix Promo_ES"},"content":{"rendered":"\t\t<div data-elementor-type=\"wp-page\" data-elementor-id=\"7919244\" class=\"elementor elementor-7919244 elementor-7917771\">\n\t\t\t\t\t\t\t\t\t<section data-particle_enable=\"false\" data-particle-mobile-disabled=\"false\" class=\"elementor-section elementor-top-section elementor-element elementor-element-b060e68 elementor-section-boxed elementor-section-height-default elementor-section-height-default\" data-id=\"b060e68\" data-element_type=\"section\" data-settings=\"{&quot;background_background&quot;:&quot;classic&quot;,&quot;sticky&quot;:&quot;top&quot;,&quot;sticky_on&quot;:[&quot;desktop&quot;,&quot;tablet&quot;,&quot;mobile&quot;],&quot;sticky_offset&quot;:0,&quot;sticky_effects_offset&quot;:0}\">\n\t\t\t\t\t\t<div class=\"elementor-container elementor-column-gap-default\">\n\t\t\t\t\t<div class=\"elementor-column elementor-col-50 elementor-top-column elementor-element elementor-element-63f708d8\" data-id=\"63f708d8\" data-element_type=\"column\">\n\t\t\t<div class=\"elementor-widget-wrap elementor-element-populated\">\n\t\t\t\t\t\t\t\t<div class=\"elementor-element elementor-element-3e12d116 elementor-widget elementor-widget-image\" data-id=\"3e12d116\" data-element_type=\"widget\" data-widget_type=\"image.default\">\n\t\t\t\t<div class=\"elementor-widget-container\">\n\t\t\t\t\t\t\t\t\t\t\t\t\t\t\t<img fetchpriority=\"high\" decoding=\"async\" width=\"681\" height=\"144\" src=\"https:\/\/old.wildix.com\/wp-content\/uploads\/2022\/04\/frame-110.png\" class=\"attachment-full size-full wp-image-7900536\" alt=\"\" srcset=\"https:\/\/old.wildix.com\/wp-content\/uploads\/2022\/04\/frame-110.png 681w, https:\/\/old.wildix.com\/wp-content\/uploads\/2022\/04\/frame-110-300x63.png 300w\" sizes=\"(max-width: 681px) 100vw, 681px\" \/>\t\t\t\t\t\t\t\t\t\t\t\t\t\t\t<\/div>\n\t\t\t\t<\/div>\n\t\t\t\t\t<\/div>\n\t\t<\/div>\n\t\t\t\t<div class=\"elementor-column elementor-col-50 elementor-top-column elementor-element elementor-element-222a6100\" data-id=\"222a6100\" data-element_type=\"column\">\n\t\t\t<div class=\"elementor-widget-wrap elementor-element-populated\">\n\t\t\t\t\t\t\t\t<div class=\"elementor-element elementor-element-4763225f elementor-widget elementor-widget-wpml-language-switcher\" data-id=\"4763225f\" data-element_type=\"widget\" id=\"switcher\" data-widget_type=\"wpml-language-switcher.default\">\n\t\t\t\t<div class=\"elementor-widget-container\">\n\t\t\t<div class=\"wpml-elementor-ls\">\n<div class=\"wpml-ls-statics-shortcode_actions wpml-ls wpml-ls-legacy-list-horizontal\">\n\t<ul><li class=\"wpml-ls-slot-shortcode_actions wpml-ls-item wpml-ls-item-en wpml-ls-first-item wpml-ls-item-legacy-list-horizontal\">\n\t\t\t\t<a href=\"https:\/\/old.wildix.com\" class=\"wpml-ls-link\">\n                    <span class=\"wpml-ls-display\">ENG<\/span><\/a>\n\t\t\t<\/li><li class=\"wpml-ls-slot-shortcode_actions wpml-ls-item wpml-ls-item-us wpml-ls-item-legacy-list-horizontal\">\n\t\t\t\t<a href=\"https:\/\/old.wildix.com\/us\/\" class=\"wpml-ls-link\">\n                    <span class=\"wpml-ls-display\">US<\/span><\/a>\n\t\t\t<\/li><li class=\"wpml-ls-slot-shortcode_actions wpml-ls-item wpml-ls-item-de wpml-ls-item-legacy-list-horizontal\">\n\t\t\t\t<a href=\"https:\/\/old.wildix.com\/de\/\" class=\"wpml-ls-link\">\n                    <span class=\"wpml-ls-display\">DEU<\/span><\/a>\n\t\t\t<\/li><li class=\"wpml-ls-slot-shortcode_actions wpml-ls-item wpml-ls-item-it wpml-ls-item-legacy-list-horizontal\">\n\t\t\t\t<a href=\"https:\/\/old.wildix.com\/it\/\" class=\"wpml-ls-link\">\n                    <span class=\"wpml-ls-display\">ITA<\/span><\/a>\n\t\t\t<\/li><li class=\"wpml-ls-slot-shortcode_actions wpml-ls-item wpml-ls-item-fr wpml-ls-item-legacy-list-horizontal\">\n\t\t\t\t<a href=\"https:\/\/old.wildix.com\/fr\/\" class=\"wpml-ls-link\">\n                    <span class=\"wpml-ls-display\">FRA<\/span><\/a>\n\t\t\t<\/li><li class=\"wpml-ls-slot-shortcode_actions wpml-ls-item wpml-ls-item-es wpml-ls-current-language wpml-ls-item-legacy-list-horizontal\">\n\t\t\t\t<a href=\"https:\/\/old.wildix.com\/es\/\" class=\"wpml-ls-link\">\n                    <span class=\"wpml-ls-native\">SPA<\/span><\/a>\n\t\t\t<\/li><li class=\"wpml-ls-slot-shortcode_actions wpml-ls-item wpml-ls-item-sv wpml-ls-last-item wpml-ls-item-legacy-list-horizontal\">\n\t\t\t\t<a href=\"https:\/\/old.wildix.com\/sv\/\" class=\"wpml-ls-link\">\n                    <span class=\"wpml-ls-display\">SWE<\/span><\/a>\n\t\t\t<\/li><\/ul>\n<\/div>\n<\/div>\t\t<\/div>\n\t\t\t\t<\/div>\n\t\t\t\t\t<\/div>\n\t\t<\/div>\n\t\t\t\t\t\t\t<\/div>\n\t\t<\/section>\n\t\t\t\t<section data-particle_enable=\"false\" data-particle-mobile-disabled=\"false\" class=\"elementor-section elementor-top-section elementor-element elementor-element-bf59410 elementor-section-boxed elementor-section-height-default elementor-section-height-default\" data-id=\"bf59410\" data-element_type=\"section\" data-settings=\"{&quot;background_background&quot;:&quot;classic&quot;}\">\n\t\t\t\t\t\t<div class=\"elementor-container elementor-column-gap-default\">\n\t\t\t\t\t<div class=\"elementor-column elementor-col-100 elementor-top-column elementor-element elementor-element-66e3714b\" data-id=\"66e3714b\" data-element_type=\"column\">\n\t\t\t<div class=\"elementor-widget-wrap elementor-element-populated\">\n\t\t\t\t\t\t\t\t<div class=\"elementor-element elementor-element-1f0f22da elementor-widget elementor-widget-heading\" data-id=\"1f0f22da\" data-element_type=\"widget\" data-widget_type=\"heading.default\">\n\t\t\t\t<div class=\"elementor-widget-container\">\n\t\t\t<h2 class=\"elementor-heading-title elementor-size-default\">WILDIX PROMOS<\/h2>\t\t<\/div>\n\t\t\t\t<\/div>\n\t\t\t\t<div class=\"elementor-element elementor-element-35a3aeeb elementor-widget elementor-widget-text-editor\" data-id=\"35a3aeeb\" data-element_type=\"widget\" data-widget_type=\"text-editor.default\">\n\t\t\t\t<div class=\"elementor-widget-container\">\n\t\t\t\t\t\t\tActualmente no hay promociones activas.<br\/>\nSe te notificar\u00e1 por correo electr\u00f3nico tan pronto como surjan nuevas oportunidades.\t\t\t\t\t\t<\/div>\n\t\t\t\t<\/div>\n\t\t\t\t\t<\/div>\n\t\t<\/div>\n\t\t\t\t\t\t\t<\/div>\n\t\t<\/section>\n\t\t\t\t<section data-particle_enable=\"false\" data-particle-mobile-disabled=\"false\" class=\"elementor-section elementor-top-section elementor-element elementor-element-6db94da1 elementor-section-boxed elementor-section-height-default elementor-section-height-default\" data-id=\"6db94da1\" data-element_type=\"section\">\n\t\t\t\t\t\t<div class=\"elementor-container elementor-column-gap-default\">\n\t\t\t\t\t<div class=\"elementor-column elementor-col-50 elementor-top-column elementor-element elementor-element-62aa1dc9\" data-id=\"62aa1dc9\" data-element_type=\"column\">\n\t\t\t<div class=\"elementor-widget-wrap elementor-element-populated\">\n\t\t\t\t\t\t\t\t<div class=\"elementor-element elementor-element-4d54132 elementor-widget elementor-widget-text-editor\" data-id=\"4d54132\" data-element_type=\"widget\" data-widget_type=\"text-editor.default\">\n\t\t\t\t<div class=\"elementor-widget-container\">\n\t\t\t\t\t\t\tMientras tanto, <br\/>\nmantente al d\u00eda con nuestros\nv\u00eddeos de ventas y tecnolog\u00eda disponibles en<br\/>\n<span style=\"color: #00adef;\"><a style=\"color: #00adef;\" href=\"https:\/\/training.wildix.com\/opt-in-form\/?_gl=1*1hk0ax1*_ga*MTE1NjU4Mjg0LjE2NDgyOTUyMjM.*_ga_GC87MX254S*MTY1MjcwMjk3OC4xMzQuMS4xNjUyNzEzMDQ0LjA.\" target=\"_blank\" rel=\"noopener noreferrer\">Wildix E-Learning platform<\/a><\/span>\t\t\t\t\t\t<\/div>\n\t\t\t\t<\/div>\n\t\t\t\t\t<\/div>\n\t\t<\/div>\n\t\t\t\t<div class=\"elementor-column elementor-col-50 elementor-top-column elementor-element elementor-element-172b1a56\" data-id=\"172b1a56\" data-element_type=\"column\">\n\t\t\t<div class=\"elementor-widget-wrap elementor-element-populated\">\n\t\t\t\t\t\t\t\t<div class=\"elementor-element elementor-element-2bfa0ca6 elementor-widget elementor-widget-image\" data-id=\"2bfa0ca6\" data-element_type=\"widget\" data-widget_type=\"image.default\">\n\t\t\t\t<div class=\"elementor-widget-container\">\n\t\t\t\t\t\t\t\t\t\t\t\t\t\t\t\t<a href=\"https:\/\/training.wildix.com\/opt-in-form\/?_gl=1*1qpms2x*_ga*MTE1NjU4Mjg0LjE2NDgyOTUyMjM.*_ga_GC87MX254S*MTY1Mjc3MjkyMi4xMzcuMS4xNjUyNzcyOTI2LjA.\" target=\"_blank\">\n\t\t\t\t\t\t\t<img decoding=\"async\" width=\"1094\" height=\"622\" src=\"https:\/\/old.wildix.com\/wp-content\/uploads\/2022\/05\/2022-05-17-10.41.53.png\" class=\"attachment-full size-full wp-image-7911840\" alt=\"screen e-Learning\" srcset=\"https:\/\/old.wildix.com\/wp-content\/uploads\/2022\/05\/2022-05-17-10.41.53.png 1094w, https:\/\/old.wildix.com\/wp-content\/uploads\/2022\/05\/2022-05-17-10.41.53-300x171.png 300w, https:\/\/old.wildix.com\/wp-content\/uploads\/2022\/05\/2022-05-17-10.41.53-1024x582.png 1024w, https:\/\/old.wildix.com\/wp-content\/uploads\/2022\/05\/2022-05-17-10.41.53-768x437.png 768w\" sizes=\"(max-width: 1094px) 100vw, 1094px\" \/>\t\t\t\t\t\t\t\t<\/a>\n\t\t\t\t\t\t\t\t\t\t\t\t\t\t\t<\/div>\n\t\t\t\t<\/div>\n\t\t\t\t\t<\/div>\n\t\t<\/div>\n\t\t\t\t\t\t\t<\/div>\n\t\t<\/section>\n\t\t\t\t\t\t\t<\/div>\n\t\t","protected":false},"excerpt":{"rendered":"<p>ENG US DEU ITA FRA SPA SWE WILDIX PROMOS Actualmente no hay promociones activas. Se te notificar\u00e1 por correo electr\u00f3nico tan pronto como surjan nuevas oportunidades.Mientras tanto, mantente al d\u00eda con nuestros v\u00eddeos de ventas y tecnolog\u00eda disponibles en Wildix E-Learning platform<\/p>\n","protected":false},"author":46,"featured_media":0,"parent":0,"menu_order":0,"comment_status":"closed","ping_status":"closed","template":"elementor_header_footer","meta":{"wpupg_custom_link":[],"wpupg_custom_link_behaviour":["default"],"wpupg_custom_image":[],"wpupg_custom_image_id":[],"footnotes":""},"acf":[],"yoast_head":"<!-- This site is optimized with the Yoast SEO plugin v21.8 - https:\/\/yoast.com\/wordpress\/plugins\/seo\/ -->\n<title>Wildix Promo_ES &#8226; Wildix<\/title>\n<meta name=\"robots\" content=\"noindex, follow, max-snippet:-1, max-image-preview:large, max-video-preview:-1\" \/>\n<meta property=\"og:locale\" content=\"es_ES\" \/>\n<meta property=\"og:type\" content=\"article\" \/>\n<meta property=\"og:title\" content=\"Wildix Promo_ES &#8226; Wildix\" \/>\n<meta property=\"og:description\" content=\"ENG US DEU ITA FRA SPA SWE WILDIX PROMOS Actualmente no hay promociones activas. Se te notificar\u00e1 por correo electr\u00f3nico tan pronto como surjan nuevas oportunidades.Mientras tanto, mantente al d\u00eda con nuestros v\u00eddeos de ventas y tecnolog\u00eda disponibles en Wildix E-Learning platform\" \/>\n<meta property=\"og:url\" content=\"https:\/\/old.wildix.com\/promo\/\" \/>\n<meta property=\"og:site_name\" content=\"Wildix\" \/>\n<meta property=\"article:modified_time\" content=\"2022-11-03T09:23:27+00:00\" \/>\n<meta property=\"og:image\" content=\"https:\/\/old.wildix.com\/wp-content\/uploads\/2022\/04\/frame-110.png\" \/>\n<meta name=\"twitter:card\" content=\"summary_large_image\" \/>\n<meta name=\"twitter:label1\" content=\"Tiempo de lectura\" \/>\n\t<meta name=\"twitter:data1\" content=\"1 minuto\" \/>\n<script type=\"application\/ld+json\" class=\"yoast-schema-graph\">{\"@context\":\"https:\/\/schema.org\",\"@graph\":[{\"@type\":\"WebPage\",\"@id\":\"https:\/\/old.wildix.com\/promo\/\",\"url\":\"https:\/\/old.wildix.com\/promo\/\",\"name\":\"Wildix Promo_ES &#8226; Wildix\",\"isPartOf\":{\"@id\":\"https:\/\/old.wildix.com\/#website\"},\"datePublished\":\"2022-06-23T10:03:43+00:00\",\"dateModified\":\"2022-11-03T09:23:27+00:00\",\"breadcrumb\":{\"@id\":\"https:\/\/old.wildix.com\/promo\/#breadcrumb\"},\"inLanguage\":\"es\",\"potentialAction\":[{\"@type\":\"ReadAction\",\"target\":[\"https:\/\/old.wildix.com\/promo\/\"]}]},{\"@type\":\"BreadcrumbList\",\"@id\":\"https:\/\/old.wildix.com\/promo\/#breadcrumb\",\"itemListElement\":[{\"@type\":\"ListItem\",\"position\":1,\"name\":\"Home\",\"item\":\"https:\/\/old.wildix.com\/\"},{\"@type\":\"ListItem\",\"position\":2,\"name\":\"Wildix Promo_ES\"}]},{\"@type\":\"WebSite\",\"@id\":\"https:\/\/old.wildix.com\/#website\",\"url\":\"https:\/\/old.wildix.com\/\",\"name\":\"Wildix\",\"description\":\"Wildix PBX | VoIP Solutions | Unified Communications | WebRTC\",\"publisher\":{\"@id\":\"https:\/\/old.wildix.com\/#organization\"},\"potentialAction\":[{\"@type\":\"SearchAction\",\"target\":{\"@type\":\"EntryPoint\",\"urlTemplate\":\"https:\/\/old.wildix.com\/?s={search_term_string}\"},\"query-input\":\"required name=search_term_string\"}],\"inLanguage\":\"es\"},{\"@type\":\"Organization\",\"@id\":\"https:\/\/old.wildix.com\/#organization\",\"name\":\"Wildix\",\"url\":\"https:\/\/old.wildix.com\/\",\"logo\":{\"@type\":\"ImageObject\",\"inLanguage\":\"es\",\"@id\":\"https:\/\/old.wildix.com\/#\/schema\/logo\/image\/\",\"url\":\"https:\/\/old.wildix.com\/wp-content\/uploads\/2018\/04\/wildix-logo-2.png\",\"contentUrl\":\"https:\/\/old.wildix.com\/wp-content\/uploads\/2018\/04\/wildix-logo-2.png\",\"width\":440,\"height\":200,\"caption\":\"Wildix\"},\"image\":{\"@id\":\"https:\/\/old.wildix.com\/#\/schema\/logo\/image\/\"}}]}<\/script>\n<!-- \/ Yoast SEO plugin. -->","yoast_head_json":{"title":"Wildix Promo_ES &#8226; Wildix","robots":{"index":"noindex","follow":"follow","max-snippet":"max-snippet:-1","max-image-preview":"max-image-preview:large","max-video-preview":"max-video-preview:-1"},"og_locale":"es_ES","og_type":"article","og_title":"Wildix Promo_ES &#8226; Wildix","og_description":"ENG US DEU ITA FRA SPA SWE WILDIX PROMOS Actualmente no hay promociones activas. Se te notificar\u00e1 por correo electr\u00f3nico tan pronto como surjan nuevas oportunidades.Mientras tanto, mantente al d\u00eda con nuestros v\u00eddeos de ventas y tecnolog\u00eda disponibles en Wildix E-Learning platform","og_url":"https:\/\/old.wildix.com\/promo\/","og_site_name":"Wildix","article_modified_time":"2022-11-03T09:23:27+00:00","og_image":[{"url":"https:\/\/old.wildix.com\/wp-content\/uploads\/2022\/04\/frame-110.png"}],"twitter_card":"summary_large_image","twitter_misc":{"Tiempo de lectura":"1 minuto"},"schema":{"@context":"https:\/\/schema.org","@graph":[{"@type":"WebPage","@id":"https:\/\/old.wildix.com\/promo\/","url":"https:\/\/old.wildix.com\/promo\/","name":"Wildix Promo_ES &#8226; Wildix","isPartOf":{"@id":"https:\/\/old.wildix.com\/#website"},"datePublished":"2022-06-23T10:03:43+00:00","dateModified":"2022-11-03T09:23:27+00:00","breadcrumb":{"@id":"https:\/\/old.wildix.com\/promo\/#breadcrumb"},"inLanguage":"es","potentialAction":[{"@type":"ReadAction","target":["https:\/\/old.wildix.com\/promo\/"]}]},{"@type":"BreadcrumbList","@id":"https:\/\/old.wildix.com\/promo\/#breadcrumb","itemListElement":[{"@type":"ListItem","position":1,"name":"Home","item":"https:\/\/old.wildix.com\/"},{"@type":"ListItem","position":2,"name":"Wildix Promo_ES"}]},{"@type":"WebSite","@id":"https:\/\/old.wildix.com\/#website","url":"https:\/\/old.wildix.com\/","name":"Wildix","description":"Wildix PBX | VoIP Solutions | Unified Communications | WebRTC","publisher":{"@id":"https:\/\/old.wildix.com\/#organization"},"potentialAction":[{"@type":"SearchAction","target":{"@type":"EntryPoint","urlTemplate":"https:\/\/old.wildix.com\/?s={search_term_string}"},"query-input":"required name=search_term_string"}],"inLanguage":"es"},{"@type":"Organization","@id":"https:\/\/old.wildix.com\/#organization","name":"Wildix","url":"https:\/\/old.wildix.com\/","logo":{"@type":"ImageObject","inLanguage":"es","@id":"https:\/\/old.wildix.com\/#\/schema\/logo\/image\/","url":"https:\/\/old.wildix.com\/wp-content\/uploads\/2018\/04\/wildix-logo-2.png","contentUrl":"https:\/\/old.wildix.com\/wp-content\/uploads\/2018\/04\/wildix-logo-2.png","width":440,"height":200,"caption":"Wildix"},"image":{"@id":"https:\/\/old.wildix.com\/#\/schema\/logo\/image\/"}}]}},"_links":{"self":[{"href":"https:\/\/old.wildix.com\/es\/wp-json\/wp\/v2\/pages\/7919244"}],"collection":[{"href":"https:\/\/old.wildix.com\/es\/wp-json\/wp\/v2\/pages"}],"about":[{"href":"https:\/\/old.wildix.com\/es\/wp-json\/wp\/v2\/types\/page"}],"author":[{"embeddable":true,"href":"https:\/\/old.wildix.com\/es\/wp-json\/wp\/v2\/users\/46"}],"replies":[{"embeddable":true,"href":"https:\/\/old.wildix.com\/es\/wp-json\/wp\/v2\/comments?post=7919244"}],"version-history":[{"count":0,"href":"https:\/\/old.wildix.com\/es\/wp-json\/wp\/v2\/pages\/7919244\/revisions"}],"wp:attachment":[{"href":"https:\/\/old.wildix.com\/es\/wp-json\/wp\/v2\/media?parent=7919244"}],"curies":[{"name":"wp","href":"https:\/\/api.w.org\/{rel}","templated":true}]}}