{"id":6673,"date":"2018-04-18T07:54:10","date_gmt":"2018-04-18T07:54:10","guid":{"rendered":"https:\/\/old2.wildix.com\/?page_id=6673"},"modified":"2021-04-13T12:30:54","modified_gmt":"2021-04-13T12:30:54","slug":"mobility","status":"publish","type":"page","link":"https:\/\/old.wildix.com\/fr\/mobility\/","title":{"rendered":"Mobilit\u00e9 d\u2019Entreprise Wildix"},"content":{"rendered":"<section class=\"wpb-content-wrapper\">[mk_page_section bg_color=\u00a0\u00bb#003366&Prime; video_color_mask=\u00a0\u00bb#003366&Prime; video_opacity=\u00a0\u00bb0.9&Prime; min_height=\u00a0\u00bb250&Prime; full_width=\u00a0\u00bbtrue\u00a0\u00bb padding_top=\u00a0\u00bb0&Prime; padding_bottom=\u00a0\u00bb0&Prime; sidebar=\u00a0\u00bbsidebar-1&Prime; first_page=\u00a0\u00bbfalse\u00a0\u00bb last_page=\u00a0\u00bbfalse\u00a0\u00bb][vc_column][mk_padding_divider size=\u00a0\u00bb120&Prime; visibility=\u00a0\u00bbhidden-sm\u00a0\u00bb][mk_padding_divider size=\u00a0\u00bb70&Prime; visibility=\u00a0\u00bbvisible-sm\u00a0\u00bb][mk_fancy_title tag_name=\u00a0\u00bbh1&Prime; color=\u00a0\u00bb#ffffff\u00a0\u00bb size=\u00a0\u00bb70&Prime; force_font_size=\u00a0\u00bbtrue\u00a0\u00bb size_smallscreen=\u00a0\u00bb60&Prime; size_tablet=\u00a0\u00bb50&Prime; size_phone=\u00a0\u00bb40&Prime; font_weight=\u00a0\u00bb300&Prime; font_style=\u00a0\u00bbnormal\u00a0\u00bb txt_transform=\u00a0\u00bbnone\u00a0\u00bb margin_bottom=\u00a0\u00bb0&Prime; font_family=\u00a0\u00bbnone\u00a0\u00bb align=\u00a0\u00bbcenter\u00a0\u00bb]Mobilit\u00e9 d\u2019Entreprise Wildix[\/mk_fancy_title][mk_fancy_title tag_name=\u00a0\u00bbspan\u00a0\u00bb color=\u00a0\u00bb#ffffff\u00a0\u00bb size=\u00a0\u00bb24&Prime; force_font_size=\u00a0\u00bbtrue\u00a0\u00bb size_smallscreen=\u00a0\u00bb22&Prime; size_tablet=\u00a0\u00bb22&Prime; size_phone=\u00a0\u00bb20&Prime; font_weight=\u00a0\u00bb300&Prime; font_style=\u00a0\u00bbnormal\u00a0\u00bb txt_transform=\u00a0\u00bbnone\u00a0\u00bb margin_bottom=\u00a0\u00bb0&Prime; font_family=\u00a0\u00bbnone\u00a0\u00bb align=\u00a0\u00bbcenter\u00a0\u00bb]Votre t\u00e9l\u00e9phone mobile devient une extension de votre PBX.<\/p>\n[\/mk_fancy_title][mk_padding_divider size=\u00a0\u00bb30&Prime;][\/vc_column][\/mk_page_section][vc_row][vc_column][mk_padding_divider size=\u00a0\u00bb50&Prime;][\/vc_column][\/vc_row][vc_row][vc_column][vc_column_text css=\u00a0\u00bb.vc_custom_1564475294979{margin-bottom: 0px !important;}\u00a0\u00bb]\n<h2 style=\"text-align: center;\">G\u00c9RER LES APPELS COMME SI VOUS \u00c9TIEZ DANS VOTRE BUREAU ?<\/h2>\n[\/vc_column_text][vc_column_text css=\u00a0\u00bb.vc_custom_1564475307771{margin-bottom: 0px !important;}\u00a0\u00bb]\n<h2 style=\"text-align: center;\">C\u2019EST POSSIBLE .<\/h2>\n[\/vc_column_text][vc_empty_space][\/vc_column][\/vc_row][vc_row][vc_column][vc_column_text css=\u00a0\u00bb.vc_custom_1564475339411{margin-bottom: 0px !important;}\u00a0\u00bb]Le service de mobilit\u00e9 n\u2019est plus une option : il est devenu un service de base.<br \/>\nGr\u00e2ce au service de Mobilit\u00e9 Wildix, les collaborateurs peuvent \u00eatre\u00a0<strong>joignables via\u00a0un seul num\u00e9ro de t\u00e9l\u00e9phone<\/strong>, o\u00f9 qu\u2019ils se trouvent et quel que soit l\u2019\u00e9quipement qu\u2019ils utilisent (t\u00e9l\u00e9phone fixe ou t\u00e9l\u00e9phone mobile)<\/p>\n<p>La solution de Mobilit\u00e9 Wildix est un service\u00a0<strong>programmable et flexible<\/strong>\u00a0qui vous permet de d\u00e9cider si :<\/p>\n<ul>\n<li>Vous faites sonner votre dispositif mobile\u00a0<strong>simultan\u00e9ment<\/strong>\u00a0avec votre t\u00e9l\u00e9phone fixe.<\/li>\n<li>Vous faites sonner votre dispositif mobile\u00a0<strong>au bout de quelques secondes<\/strong>\u00a0par rapport au t\u00e9l\u00e9phone fixe.<\/li>\n<li>Vous faites sonner votre dispositif mobile\u00a0<strong>selon des plages horaires<\/strong>\u00a0particuli\u00e8res<\/li>\n<li>Vous faites sonner tous vos dispositifs\u00a0<strong>simultan\u00e9ment ou l\u2019un apr\u00e8s l\u2019autre<\/strong>.<\/li>\n<\/ul>\n[\/vc_column_text][\/vc_column][\/vc_row][vc_row][vc_column width=\u00a0\u00bb2\/3&Prime;][vc_empty_space height=\u00a0\u00bb60px\u00a0\u00bb][mk_image src=\u00a0\u00bbhttps:\/\/old.wildix.com\/wp-content\/uploads\/2019\/05\/wildix-administration-software-1.jpg\u00a0\u00bb image_size=\u00a0\u00bbfull\u00a0\u00bb align=\u00a0\u00bbcenter\u00a0\u00bb][vc_column_text align=\u00a0\u00bbcenter\u00a0\u00bb css=\u00a0\u00bb.vc_custom_1564475373628{margin-bottom: 0px !important;}\u00a0\u00bb]\n<p style=\"text-align: center;\"><strong>PARTOUT. UN SEUL NUM\u00c9RO. QU\u2019IMPORTE L\u2019APPAREIL.<\/strong><\/p>\n[\/vc_column_text][\/vc_column][vc_column width=\u00a0\u00bb1\/3&Prime;][vc_empty_space height=\u00a0\u00bb60px\u00a0\u00bb][vc_column_text css=\u00a0\u00bb.vc_custom_1524037784527{margin-bottom: 0px !important;}\u00a0\u00bb]\n<h3>ONE NUMBER<\/h3>\n[\/vc_column_text][vc_column_text css=\u00a0\u00bb.vc_custom_1564475355626{margin-bottom: 0px !important;}\u00a0\u00bb]\n<ul>\n<li>Gestion des appels pour la mobilit\u00e9 (smartphone, t\u00e9l\u00e9phone de bureau, DECT, ordinateur portable)<\/li>\n<li>Transfert d\u2019appel<\/li>\n<li>Conf\u00e9rence<\/li>\n<li>Messagerie vocale<\/li>\n<li>Annuaires partag\u00e9s<\/li>\n<\/ul>\n[\/vc_column_text][\/vc_column][\/vc_row][vc_row][vc_column][vc_empty_space height=\u00a0\u00bb40px\u00a0\u00bb][\/vc_column][\/vc_row][vc_row][vc_column][mk_divider style=\u00a0\u00bbthin_solid\u00a0\u00bb thin_color_style=\u00a0\u00bbgradient_color\u00a0\u00bb thin_grandient_color_from=\u00a0\u00bb#3edbd9&Prime; thin_grandient_color_to=\u00a0\u00bb#5841b8&Prime; thin_gradient_color_angle=\u00a0\u00bbhorizontal\u00a0\u00bb thin_grandient_color_fallback=\u00a0\u00bb#3edbd9&Prime; thickness=\u00a0\u00bb5&Prime; margin_top=\u00a0\u00bb0&Prime;][\/vc_column][\/vc_row][vc_row css=\u00a0\u00bb.vc_custom_1559053745406{background-color: #ffffff !important;}\u00a0\u00bb][vc_column width=\u00a0\u00bb1\/4&Prime;][\/vc_column][vc_column width=\u00a0\u00bb1\/4&Prime;][mk_padding_divider size=\u00a0\u00bb30&Prime;][mk_button dimension=\u00a0\u00bbflat\u00a0\u00bb corner_style=\u00a0\u00bbrounded\u00a0\u00bb size=\u00a0\u00bbmedium\u00a0\u00bb icon=\u00a0\u00bbmk-jupiter-icon-doc\u00a0\u00bb icon_anim=\u00a0\u00bbside\u00a0\u00bb url=\u00a0\u00bbhttps:\/\/drive.google.com\/drive\/u\/1\/folders\/1lCvEuQnfDLlJ-xWT76JeNyxGm43pcQeF\u00a0\u00bb target=\u00a0\u00bb_blank\u00a0\u00bb align=\u00a0\u00bbcenter\u00a0\u00bb fullwidth=\u00a0\u00bbtrue\u00a0\u00bb bg_color=\u00a0\u00bb#3c72a2&Prime; btn_hover_txt_color=\u00a0\u00bb#ffffff\u00a0\u00bb]Documentation[\/mk_button][mk_padding_divider size=\u00a0\u00bb30&Prime;][\/vc_column][vc_column width=\u00a0\u00bb1\/4&Prime;][mk_padding_divider size=\u00a0\u00bb30&Prime;][mk_button dimension=\u00a0\u00bbflat\u00a0\u00bb corner_style=\u00a0\u00bbrounded\u00a0\u00bb size=\u00a0\u00bbmedium\u00a0\u00bb icon=\u00a0\u00bbmk-li-phone\u00a0\u00bb icon_anim=\u00a0\u00bbside\u00a0\u00bb url=\u00a0\u00bbhttps:\/\/old.wildix.com\/fr\/mobile-apps\/\u00a0\u00bb target=\u00a0\u00bb_blank\u00a0\u00bb fullwidth=\u00a0\u00bbtrue\u00a0\u00bb bg_color=\u00a0\u00bb#3c72a2&Prime; btn_hover_txt_color=\u00a0\u00bb#ffffff\u00a0\u00bb]Collaboration Mobile App[\/mk_button][mk_padding_divider size=\u00a0\u00bb30&Prime;][\/vc_column][vc_column width=\u00a0\u00bb1\/4&Prime;][\/vc_column][\/vc_row][vc_row][vc_column][mk_blockquote font_family=\u00a0\u00bbnone\u00a0\u00bb]<strong><img decoding=\"async\" class=\"wp-image-6678 size-full alignleft\" src=\"https:\/\/old.wildix.com\/wp-content\/uploads\/2018\/04\/telefonia-alto-adige-logo.jpg\" alt=\"\" width=\"252\" height=\"98\" \/><\/strong><\/p>\n<p><strong>TEAA Networks est<\/strong>\u00a0un partenaire \u00a0Wildix et\u00a0<strong>l\u2019un des leaders de l\u2019industrie de la t\u00e9l\u00e9phonie dans la r\u00e9gion d\u2019Alto Adige<\/strong>, sp\u00e9cialis\u00e9 dans les solutions vocales et de donn\u00e9es, a obtenu d\u2019excellents r\u00e9sultats avec l\u2019aide de la solution de mobilit\u00e9 d\u2019entreprise Wildix.<\/p>\n<p>La soci\u00e9t\u00e9 compte 20 techniciens qui travaillent en dehors du bureau , chacun d\u2019eux a un t\u00e9l\u00e9phone mobile. Gr\u00e2ce \u00e0 la solution Wildix Mobilit\u00e9, la soci\u00e9t\u00e9 a\u00a0<strong>consid\u00e9rablement optimis\u00e9 les communications\u00a0<\/strong>entre les employ\u00e9s.<\/p>\n<h3><\/h3>\n<h3><strong>DE QUELLE MANI\u00c8RE ?<\/strong><\/h3>\n<p><strong>En assignant un unique num\u00e9ro \u00e0 chaque employ\u00e9 mais joignable sur diff\u00e9rents dispositifs.\u00a0\u00a0<\/strong>Chaque appel passe par le PBX de la soci\u00e9t\u00e9 et est soumis aux r\u00e8gles du plan de num\u00e9rotation, qui permet aux utilisateurs de n\u2019appeler que les num\u00e9ros qui existent dans les annuaires de la soci\u00e9t\u00e9 et n\u2019appartenant qu\u2019aux clients.[\/mk_blockquote][vc_empty_space height=\u00a0\u00bb30px\u00a0\u00bb][\/vc_column][\/vc_row][vc_row fullwidth=\u00a0\u00bbtrue\u00a0\u00bb fullwidth_content=\u00a0\u00bbfalse\u00a0\u00bb css=\u00a0\u00bb.vc_custom_1563980243307{background-color: #003366 !important;}\u00a0\u00bb][vc_column][mk_padding_divider][vc_row_inner][vc_column_inner width=\u00a0\u00bb1\/2&Prime;][mk_button dimension=\u00a0\u00bbflat\u00a0\u00bb corner_style=\u00a0\u00bbrounded\u00a0\u00bb size=\u00a0\u00bblarge\u00a0\u00bb icon=\u00a0\u00bbmk-moon-arrow-left\u00a0\u00bb icon_anim=\u00a0\u00bbside\u00a0\u00bb url=\u00a0\u00bb\/fr\/acd-stats-x-caracal\/\u00a0\u00bb align=\u00a0\u00bbright\u00a0\u00bb button_custom_width=\u00a0\u00bb200&Prime; bg_color=\u00a0\u00bb#dd9933&Prime; btn_hover_txt_color=\u00a0\u00bb#ffffff\u00a0\u00bb] Pr\u00e9c\u00e9dent[\/mk_button][\/vc_column_inner][vc_column_inner width=\u00a0\u00bb1\/2&Prime;][mk_button dimension=\u00a0\u00bbflat\u00a0\u00bb corner_style=\u00a0\u00bbrounded\u00a0\u00bb size=\u00a0\u00bblarge\u00a0\u00bb icon=\u00a0\u00bbmk-moon-arrow-right-2&Prime; icon_anim=\u00a0\u00bbside\u00a0\u00bb url=\u00a0\u00bb\/fr\/mobile-apps\/\u00a0\u00bb button_custom_width=\u00a0\u00bb200&Prime; bg_color=\u00a0\u00bb#dd9933&Prime; btn_hover_txt_color=\u00a0\u00bb#ffffff\u00a0\u00bb]Suivant[\/mk_button][\/vc_column_inner][\/vc_row_inner][mk_padding_divider size=\u00a0\u00bb20&Prime;][\/vc_column][\/vc_row]\n<\/section>","protected":false},"excerpt":{"rendered":"<p>[mk_page_section bg_color=\u00a0\u00bb#003366&Prime; video_color_mask=\u00a0\u00bb#003366&Prime; video_opacity=\u00a0\u00bb0.9&Prime; min_height=\u00a0\u00bb250&Prime; full_width=\u00a0\u00bbtrue\u00a0\u00bb padding_top=\u00a0\u00bb0&Prime; padding_bottom=\u00a0\u00bb0&Prime; sidebar=\u00a0\u00bbsidebar-1&Prime; first_page=\u00a0\u00bbfalse\u00a0\u00bb last_page=\u00a0\u00bbfalse\u00a0\u00bb][vc_column][mk_padding_divider size=\u00a0\u00bb120&Prime; visibility=\u00a0\u00bbhidden-sm\u00a0\u00bb][mk_padding_divider size=\u00a0\u00bb70&Prime; visibility=\u00a0\u00bbvisible-sm\u00a0\u00bb][mk_fancy_title tag_name=\u00a0\u00bbh1&Prime; color=\u00a0\u00bb#ffffff\u00a0\u00bb size=\u00a0\u00bb70&Prime; force_font_size=\u00a0\u00bbtrue\u00a0\u00bb size_smallscreen=\u00a0\u00bb60&Prime; size_tablet=\u00a0\u00bb50&Prime; size_phone=\u00a0\u00bb40&Prime; font_weight=\u00a0\u00bb300&Prime; font_style=\u00a0\u00bbnormal\u00a0\u00bb txt_transform=\u00a0\u00bbnone\u00a0\u00bb margin_bottom=\u00a0\u00bb0&Prime; font_family=\u00a0\u00bbnone\u00a0\u00bb align=\u00a0\u00bbcenter\u00a0\u00bb]Mobilit\u00e9 d\u2019Entreprise Wildix[\/mk_fancy_title][mk_fancy_title tag_name=\u00a0\u00bbspan\u00a0\u00bb color=\u00a0\u00bb#ffffff\u00a0\u00bb size=\u00a0\u00bb24&Prime; force_font_size=\u00a0\u00bbtrue\u00a0\u00bb size_smallscreen=\u00a0\u00bb22&Prime; size_tablet=\u00a0\u00bb22&Prime; size_phone=\u00a0\u00bb20&Prime; font_weight=\u00a0\u00bb300&Prime; font_style=\u00a0\u00bbnormal\u00a0\u00bb txt_transform=\u00a0\u00bbnone\u00a0\u00bb margin_bottom=\u00a0\u00bb0&Prime; font_family=\u00a0\u00bbnone\u00a0\u00bb align=\u00a0\u00bbcenter\u00a0\u00bb]Votre t\u00e9l\u00e9phone mobile devient une extension de votre PBX. [\/mk_fancy_title][mk_padding_divider size=\u00a0\u00bb30&Prime;][\/vc_column][\/mk_page_section][vc_row][vc_column][mk_padding_divider size=\u00a0\u00bb50&Prime;][\/vc_column][\/vc_row][vc_row][vc_column][vc_column_text css=\u00a0\u00bb.vc_custom_1564475294979{margin-bottom: [&hellip;]<\/p>\n","protected":false},"author":1,"featured_media":0,"parent":0,"menu_order":10,"comment_status":"closed","ping_status":"closed","template":"","meta":{"wpupg_custom_link":[],"wpupg_custom_link_behaviour":["default"],"wpupg_custom_image":[],"wpupg_custom_image_id":[],"footnotes":""},"acf":[],"yoast_head":"<!-- This site is optimized with the Yoast SEO plugin v21.8 - https:\/\/yoast.com\/wordpress\/plugins\/seo\/ -->\n<title>Mobilit\u00e9 d\u2019Entreprise Wildix<\/title>\n<meta name=\"description\" content=\"G\u00c9RER LES APPELS COMME SI VOUS \u00c9TIEZ DANS VOTRE BUREAU ? C\u2019EST POSSIBLE.\" \/>\n<meta name=\"robots\" content=\"noindex, follow, max-snippet:-1, max-image-preview:large, max-video-preview:-1\" \/>\n<meta property=\"og:locale\" content=\"fr_FR\" \/>\n<meta property=\"og:type\" content=\"article\" \/>\n<meta property=\"og:title\" content=\"Mobilit\u00e9 d\u2019Entreprise Wildix\" \/>\n<meta property=\"og:description\" content=\"G\u00c9RER LES APPELS COMME SI VOUS \u00c9TIEZ DANS VOTRE BUREAU ? C\u2019EST POSSIBLE.\" \/>\n<meta property=\"og:url\" content=\"https:\/\/old.wildix.com\/fr\/mobility\/\" \/>\n<meta property=\"og:site_name\" content=\"Wildix\" \/>\n<meta property=\"article:modified_time\" content=\"2021-04-13T12:30:54+00:00\" \/>\n<meta property=\"og:image\" content=\"https:\/\/old.wildix.com\/wp-content\/uploads\/2018\/04\/telefonia-alto-adige-logo.jpg\" \/>\n<meta name=\"twitter:card\" content=\"summary_large_image\" \/>\n<meta name=\"twitter:label1\" content=\"Dur\u00e9e de lecture estim\u00e9e\" \/>\n\t<meta name=\"twitter:data1\" content=\"5 minutes\" \/>\n<script type=\"application\/ld+json\" class=\"yoast-schema-graph\">{\"@context\":\"https:\/\/schema.org\",\"@graph\":[{\"@type\":\"WebPage\",\"@id\":\"https:\/\/old.wildix.com\/fr\/mobility\/\",\"url\":\"https:\/\/old.wildix.com\/fr\/mobility\/\",\"name\":\"Mobilit\u00e9 d\u2019Entreprise Wildix\",\"isPartOf\":{\"@id\":\"https:\/\/old.wildix.com\/#website\"},\"datePublished\":\"2018-04-18T07:54:10+00:00\",\"dateModified\":\"2021-04-13T12:30:54+00:00\",\"description\":\"G\u00c9RER LES APPELS COMME SI VOUS \u00c9TIEZ DANS VOTRE BUREAU ? C\u2019EST POSSIBLE.\",\"breadcrumb\":{\"@id\":\"https:\/\/old.wildix.com\/fr\/mobility\/#breadcrumb\"},\"inLanguage\":\"fr-FR\",\"potentialAction\":[{\"@type\":\"ReadAction\",\"target\":[\"https:\/\/old.wildix.com\/fr\/mobility\/\"]}]},{\"@type\":\"BreadcrumbList\",\"@id\":\"https:\/\/old.wildix.com\/fr\/mobility\/#breadcrumb\",\"itemListElement\":[{\"@type\":\"ListItem\",\"position\":1,\"name\":\"Home\",\"item\":\"https:\/\/old.wildix.com\/\"},{\"@type\":\"ListItem\",\"position\":2,\"name\":\"Mobilit\u00e9 d\u2019Entreprise Wildix\"}]},{\"@type\":\"WebSite\",\"@id\":\"https:\/\/old.wildix.com\/#website\",\"url\":\"https:\/\/old.wildix.com\/\",\"name\":\"Wildix\",\"description\":\"Wildix PBX | VoIP Solutions | Unified Communications | WebRTC\",\"publisher\":{\"@id\":\"https:\/\/old.wildix.com\/#organization\"},\"potentialAction\":[{\"@type\":\"SearchAction\",\"target\":{\"@type\":\"EntryPoint\",\"urlTemplate\":\"https:\/\/old.wildix.com\/?s={search_term_string}\"},\"query-input\":\"required name=search_term_string\"}],\"inLanguage\":\"fr-FR\"},{\"@type\":\"Organization\",\"@id\":\"https:\/\/old.wildix.com\/#organization\",\"name\":\"Wildix\",\"url\":\"https:\/\/old.wildix.com\/\",\"logo\":{\"@type\":\"ImageObject\",\"inLanguage\":\"fr-FR\",\"@id\":\"https:\/\/old.wildix.com\/#\/schema\/logo\/image\/\",\"url\":\"https:\/\/old.wildix.com\/wp-content\/uploads\/2018\/04\/wildix-logo-2.png\",\"contentUrl\":\"https:\/\/old.wildix.com\/wp-content\/uploads\/2018\/04\/wildix-logo-2.png\",\"width\":440,\"height\":200,\"caption\":\"Wildix\"},\"image\":{\"@id\":\"https:\/\/old.wildix.com\/#\/schema\/logo\/image\/\"}}]}<\/script>\n<!-- \/ Yoast SEO plugin. -->","yoast_head_json":{"title":"Mobilit\u00e9 d\u2019Entreprise Wildix","description":"G\u00c9RER LES APPELS COMME SI VOUS \u00c9TIEZ DANS VOTRE BUREAU ? C\u2019EST POSSIBLE.","robots":{"index":"noindex","follow":"follow","max-snippet":"max-snippet:-1","max-image-preview":"max-image-preview:large","max-video-preview":"max-video-preview:-1"},"og_locale":"fr_FR","og_type":"article","og_title":"Mobilit\u00e9 d\u2019Entreprise Wildix","og_description":"G\u00c9RER LES APPELS COMME SI VOUS \u00c9TIEZ DANS VOTRE BUREAU ? C\u2019EST POSSIBLE.","og_url":"https:\/\/old.wildix.com\/fr\/mobility\/","og_site_name":"Wildix","article_modified_time":"2021-04-13T12:30:54+00:00","og_image":[{"url":"https:\/\/old.wildix.com\/wp-content\/uploads\/2018\/04\/telefonia-alto-adige-logo.jpg"}],"twitter_card":"summary_large_image","twitter_misc":{"Dur\u00e9e de lecture estim\u00e9e":"5 minutes"},"schema":{"@context":"https:\/\/schema.org","@graph":[{"@type":"WebPage","@id":"https:\/\/old.wildix.com\/fr\/mobility\/","url":"https:\/\/old.wildix.com\/fr\/mobility\/","name":"Mobilit\u00e9 d\u2019Entreprise Wildix","isPartOf":{"@id":"https:\/\/old.wildix.com\/#website"},"datePublished":"2018-04-18T07:54:10+00:00","dateModified":"2021-04-13T12:30:54+00:00","description":"G\u00c9RER LES APPELS COMME SI VOUS \u00c9TIEZ DANS VOTRE BUREAU ? C\u2019EST POSSIBLE.","breadcrumb":{"@id":"https:\/\/old.wildix.com\/fr\/mobility\/#breadcrumb"},"inLanguage":"fr-FR","potentialAction":[{"@type":"ReadAction","target":["https:\/\/old.wildix.com\/fr\/mobility\/"]}]},{"@type":"BreadcrumbList","@id":"https:\/\/old.wildix.com\/fr\/mobility\/#breadcrumb","itemListElement":[{"@type":"ListItem","position":1,"name":"Home","item":"https:\/\/old.wildix.com\/"},{"@type":"ListItem","position":2,"name":"Mobilit\u00e9 d\u2019Entreprise Wildix"}]},{"@type":"WebSite","@id":"https:\/\/old.wildix.com\/#website","url":"https:\/\/old.wildix.com\/","name":"Wildix","description":"Wildix PBX | VoIP Solutions | Unified Communications | WebRTC","publisher":{"@id":"https:\/\/old.wildix.com\/#organization"},"potentialAction":[{"@type":"SearchAction","target":{"@type":"EntryPoint","urlTemplate":"https:\/\/old.wildix.com\/?s={search_term_string}"},"query-input":"required name=search_term_string"}],"inLanguage":"fr-FR"},{"@type":"Organization","@id":"https:\/\/old.wildix.com\/#organization","name":"Wildix","url":"https:\/\/old.wildix.com\/","logo":{"@type":"ImageObject","inLanguage":"fr-FR","@id":"https:\/\/old.wildix.com\/#\/schema\/logo\/image\/","url":"https:\/\/old.wildix.com\/wp-content\/uploads\/2018\/04\/wildix-logo-2.png","contentUrl":"https:\/\/old.wildix.com\/wp-content\/uploads\/2018\/04\/wildix-logo-2.png","width":440,"height":200,"caption":"Wildix"},"image":{"@id":"https:\/\/old.wildix.com\/#\/schema\/logo\/image\/"}}]}},"_links":{"self":[{"href":"https:\/\/old.wildix.com\/fr\/wp-json\/wp\/v2\/pages\/6673"}],"collection":[{"href":"https:\/\/old.wildix.com\/fr\/wp-json\/wp\/v2\/pages"}],"about":[{"href":"https:\/\/old.wildix.com\/fr\/wp-json\/wp\/v2\/types\/page"}],"author":[{"embeddable":true,"href":"https:\/\/old.wildix.com\/fr\/wp-json\/wp\/v2\/users\/1"}],"replies":[{"embeddable":true,"href":"https:\/\/old.wildix.com\/fr\/wp-json\/wp\/v2\/comments?post=6673"}],"version-history":[{"count":0,"href":"https:\/\/old.wildix.com\/fr\/wp-json\/wp\/v2\/pages\/6673\/revisions"}],"wp:attachment":[{"href":"https:\/\/old.wildix.com\/fr\/wp-json\/wp\/v2\/media?parent=6673"}],"curies":[{"name":"wp","href":"https:\/\/api.w.org\/{rel}","templated":true}]}}