{"id":6792,"date":"2018-04-18T10:10:39","date_gmt":"2018-04-18T10:10:39","guid":{"rendered":"https:\/\/old2.wildix.com\/?page_id=6792"},"modified":"2022-09-05T13:17:54","modified_gmt":"2022-09-05T13:17:54","slug":"integrations-tapi","status":"publish","type":"page","link":"https:\/\/old.wildix.com\/fr\/integrations-tapi\/","title":{"rendered":"Integrations TAPI et Web API"},"content":{"rendered":"<section class=\"wpb-content-wrapper\">[mk_page_section bg_color=\u00a0\u00bb#003366&Prime; video_color_mask=\u00a0\u00bb#003366&Prime; video_opacity=\u00a0\u00bb0.9&Prime; min_height=\u00a0\u00bb250&Prime; full_width=\u00a0\u00bbtrue\u00a0\u00bb padding_top=\u00a0\u00bb0&Prime; padding_bottom=\u00a0\u00bb0&Prime; sidebar=\u00a0\u00bbsidebar-1&Prime; first_page=\u00a0\u00bbfalse\u00a0\u00bb last_page=\u00a0\u00bbfalse\u00a0\u00bb][vc_column][mk_padding_divider size=\u00a0\u00bb120&Prime; visibility=\u00a0\u00bbhidden-sm\u00a0\u00bb][mk_padding_divider size=\u00a0\u00bb70&Prime; visibility=\u00a0\u00bbvisible-sm\u00a0\u00bb][mk_fancy_title tag_name=\u00a0\u00bbh1&Prime; color=\u00a0\u00bb#ffffff\u00a0\u00bb size=\u00a0\u00bb60&Prime; force_font_size=\u00a0\u00bbtrue\u00a0\u00bb size_smallscreen=\u00a0\u00bb45&Prime; size_tablet=\u00a0\u00bb35&Prime; size_phone=\u00a0\u00bb35&Prime; font_weight=\u00a0\u00bb300&Prime; font_style=\u00a0\u00bbnormal\u00a0\u00bb txt_transform=\u00a0\u00bbnone\u00a0\u00bb margin_bottom=\u00a0\u00bb0&Prime; font_family=\u00a0\u00bbnone\u00a0\u00bb align=\u00a0\u00bbcenter\u00a0\u00bb]Integrations TAPI et Web API[\/mk_fancy_title][mk_fancy_title tag_name=\u00a0\u00bbspan\u00a0\u00bb color=\u00a0\u00bb#ffffff\u00a0\u00bb size=\u00a0\u00bb24&Prime; force_font_size=\u00a0\u00bbtrue\u00a0\u00bb size_smallscreen=\u00a0\u00bb22&Prime; size_tablet=\u00a0\u00bb22&Prime; size_phone=\u00a0\u00bb20&Prime; font_weight=\u00a0\u00bb300&Prime; font_style=\u00a0\u00bbnormal\u00a0\u00bb txt_transform=\u00a0\u00bbnone\u00a0\u00bb margin_bottom=\u00a0\u00bb0&Prime; font_family=\u00a0\u00bbnone\u00a0\u00bb align=\u00a0\u00bbcenter\u00a0\u00bb]L\u2019int\u00e9gration avec les applications Windows et Web[\/mk_fancy_title][mk_padding_divider size=\u00a0\u00bb30&Prime;][\/vc_column][\/mk_page_section][vc_row][vc_column][mk_padding_divider size=\u00a0\u00bb50&Prime;][\/vc_column][\/vc_row][vc_row][vc_column][vc_column_text align=\u00a0\u00bbcenter\u00a0\u00bb css=\u00a0\u00bb.vc_custom_1566307611926{margin-bottom: 0px !important;}\u00a0\u00bb]\n<h3 style=\"text-align: center;\">W-TAPI EST UN COMPOSANT LOGICIEL COMPATIBLE AVEC TOUS LES IPBXS WILDIX POUR L\u2019INT\u00c9GRATION DE TAPI.<\/h3>\n[\/vc_column_text][mk_padding_divider size=\u00a0\u00bb50&Prime;][\/vc_column][\/vc_row][vc_row][vc_column][vc_column_text align=\u00a0\u00bbcenter\u00a0\u00bb css=\u00a0\u00bb.vc_custom_1566307622048{margin-bottom: 0px !important;}\u00a0\u00bb]L\u2019application W-TAPI vous permet d\u2019effectuer et de contr\u00f4ler les appels \u00e0 travers les diff\u00e9rentes applications Windows (<strong>Wildix TAPI<\/strong>) ou les pages web (<strong>Wildix Web API<\/strong>).[\/vc_column_text][\/vc_column][\/vc_row][vc_row fullwidth=\u00a0\u00bbtrue\u00a0\u00bb][vc_column][mk_divider style=\u00a0\u00bbthin_solid\u00a0\u00bb][\/vc_column][\/vc_row][vc_row equal_height=\u00a0\u00bbyes\u00a0\u00bb][vc_column width=\u00a0\u00bb1\/2&Prime;][vc_empty_space][vc_column_text css=\u00a0\u00bb.vc_custom_1524046392600{margin-bottom: 0px !important;}\u00a0\u00bb]\n<h2>WILDIX TAPI<\/h2>\n[\/vc_column_text][vc_column_text css=\u00a0\u00bb.vc_custom_1566307640827{margin-bottom: 0px !important;}\u00a0\u00bb]<strong>Wildix TAPI<\/strong>\u00a0inclus les fonctions de base, comme :\u00a0<strong>appeler, r\u00e9pondre, raccrocher<\/strong>, et les fonctions compl\u00e9mentaires comme :\u00a0<strong>mettre un appel en attente, reprendre, transf\u00e9rer un appel, conf\u00e9rence.<\/strong>[\/vc_column_text][vc_empty_space][vc_column_text css=\u00a0\u00bb.vc_custom_1566307717287{margin-bottom: 0px !important;}\u00a0\u00bb]\n<h4>W-TAPI CARACT\u00c9RISTIQUES :<\/h4>\n<div class=\" vc_custom_1524145505573\">\n<div id=\"text-block-22\" class=\"mk-text-block \">\n<div class=\"clearboth\"><\/div>\n<\/div>\n<\/div>\n<div id=\"list-23\" class=\"mk-list-styles mk-align-left clear\" data-charcode=\"mk-icon-check\" data-family=\"\"><\/div>\n[\/vc_column_text][mk_custom_list icon_color=\u00a0\u00bb#dd9933&Prime; align=\u00a0\u00bbleft\u00a0\u00bb]\n<ul>\n<li>Multi-ligne (pour le contr\u00f4le de plusieurs utilisateurs)<\/li>\n<li>Fonctionne dans les environnements LAN et Internet<\/li>\n<li>Utilise un simple port 5060 UDP<\/li>\n<li>Support le protocol SIP<\/li>\n<li>TSP est compatible avec TAPI 2.1 et TAPI 3.0<\/li>\n<li>Compatible avec Windows XP et sup\u00e9rieur (32 et 64 bit)<\/li>\n<li>Tous les produits Wildix sont pris en charge<\/li>\n<\/ul>\n[\/mk_custom_list][vc_empty_space][\/vc_column][vc_column width=\u00a0\u00bb1\/2&Prime;][vc_empty_space][mk_image src=\u00a0\u00bbhttps:\/\/old.wildix.com\/wp-content\/uploads\/2021\/03\/w-tapi-scheme.jpg\u00a0\u00bb image_size=\u00a0\u00bbfull\u00a0\u00bb][\/vc_column][\/vc_row][vc_row fullwidth=\u00a0\u00bbtrue\u00a0\u00bb][vc_column][mk_divider style=\u00a0\u00bbthin_solid\u00a0\u00bb][\/vc_column][\/vc_row][vc_row equal_height=\u00a0\u00bbyes\u00a0\u00bb][vc_column width=\u00a0\u00bb1\/2&Prime;][vc_empty_space][vc_column_text css=\u00a0\u00bb.vc_custom_1524047378985{margin-bottom: 0px !important;}\u00a0\u00bb]\n<h2>WILDIX WEB API<\/h2>\n[\/vc_column_text][vc_column_text css=\u00a0\u00bb.vc_custom_1566307967801{margin-bottom: 0px !important;}\u00a0\u00bb]<strong>Wildix Web API<\/strong>\u00a0s\u2019int\u00e8gre avec les softwares CRM, ERP, les solutions Fias\/Fidelio et bien d\u2019autres applications Web. L\u2019API Javascript de t\u00e9l\u00e9phonie vous permet de contr\u00f4ler les dispositifs connect\u00e9s au PBX Wildix central.<br \/>\nWildix Web API offre la fonction de\u00a0<strong>chat<\/strong>\u00a0et vous donne les informations sur le statut de\u00a0<strong>pr\u00e9sence<\/strong>\u00a0et d\u2019activit\u00e9 de vos coll\u00e8gues. Les\u00a0<strong>appels vid\u00e9os<\/strong>\u00a0sont pris en charge avec l\u2019application Z\u00e9ro Distance activ\u00e9e sur le PBX.\u00a0<strong>Wildix Web API<\/strong>\u00a0transforme toute page web en Poste Op\u00e9rateur.[\/vc_column_text][vc_empty_space][\/vc_column][vc_column width=\u00a0\u00bb1\/2&Prime;][vc_empty_space][mk_image src=\u00a0\u00bbhttps:\/\/old.wildix.com\/wp-content\/uploads\/2021\/03\/webapi-scheme.jpg\u00a0\u00bb image_size=\u00a0\u00bbfull\u00a0\u00bb][\/vc_column][\/vc_row][vc_row equal_height=\u00a0\u00bbyes\u00a0\u00bb][vc_column width=\u00a0\u00bb1\/2&Prime;][vc_empty_space][vc_column_text css=\u00a0\u00bb.vc_custom_1566383160652{margin-bottom: 0px !important;}\u00a0\u00bb]\n<h4>FONCTIONS DE WILDIX WEB API<\/h4>\n[\/vc_column_text][mk_custom_list icon_color=\u00a0\u00bb#dd9933&Prime; align=\u00a0\u00bbleft\u00a0\u00bb]\n<ul>\n<li>effectuer un appel<\/li>\n<li>raccrocher<\/li>\n<li>r\u00e9pondre \u00e0 un appel<\/li>\n<li>mettre un appel en attente et le reprendre<\/li>\n<li>enregistrer un appel<\/li>\n<li>effectuer des transferts d\u2019appels aveugles et assist\u00e9s<\/li>\n<li>recevoir les notifications<\/li>\n<li>contr\u00f4ler les appels en cours<\/li>\n<li>\u00e9changer les messages instantan\u00e9s avec les utilisateurs<\/li>\n<li>recevoir les informations sur le statut de pr\u00e9sence des utilisateurs et leur position (g\u00e9olocalisation)<\/li>\n<li>installer et afficher les statuts et positions des utilisateurs<\/li>\n<li>contr\u00f4ler les dispositifs Wildix<\/li>\n<\/ul>\n[\/mk_custom_list][vc_empty_space][\/vc_column][vc_column width=\u00a0\u00bb1\/2&Prime;][vc_empty_space][vc_column_text css=\u00a0\u00bb.vc_custom_1566308285451{margin-bottom: 0px !important;}\u00a0\u00bb]\n<h4>EXIGENCES :<\/h4>\n[\/vc_column_text][vc_column_text css=\u00a0\u00bb.vc_custom_1573163391090{margin-bottom: 0px !important;}\u00a0\u00bb]\n<ul>\n<li>PBX accessible via le Web<\/li>\n<li>Licence UC-Business ou UC-Premium<\/li>\n<\/ul>\n<p>Wildix Web API est compatible avec les navigateurs suivants et sup\u00e9rieurs:<\/p>\n<ul>\n<li>Firefox 21<\/li>\n<li>Op\u00e9ra 12<\/li>\n<li>Google Chrome 27<\/li>\n<li>Safari 6<\/li>\n<li>IE 10<\/li>\n<\/ul>\n[\/vc_column_text][\/vc_column][\/vc_row][vc_row css=\u00a0\u00bb.vc_custom_1559053498750{margin-top: 0px !important;border-top-width: 0px !important;padding-top: 0px !important;}\u00a0\u00bb][vc_column][mk_divider style=\u00a0\u00bbthin_solid\u00a0\u00bb thin_color_style=\u00a0\u00bbgradient_color\u00a0\u00bb thin_grandient_color_from=\u00a0\u00bb#3edbd9&Prime; thin_grandient_color_to=\u00a0\u00bb#5841b8&Prime; thin_gradient_color_angle=\u00a0\u00bbhorizontal\u00a0\u00bb thin_grandient_color_fallback=\u00a0\u00bb#3edbd9&Prime; thickness=\u00a0\u00bb5&Prime; margin_top=\u00a0\u00bb0&Prime;][\/vc_column][\/vc_row][vc_row css=\u00a0\u00bb.vc_custom_1559053745406{background-color: #ffffff !important;}\u00a0\u00bb][vc_column width=\u00a0\u00bb1\/3&Prime;][\/vc_column][vc_column width=\u00a0\u00bb1\/3&Prime;][mk_padding_divider][mk_button dimension=\u00a0\u00bbflat\u00a0\u00bb corner_style=\u00a0\u00bbrounded\u00a0\u00bb size=\u00a0\u00bbmedium\u00a0\u00bb icon=\u00a0\u00bbmk-jupiter-icon-doc\u00a0\u00bb icon_anim=\u00a0\u00bbside\u00a0\u00bb url=\u00a0\u00bbhttps:\/\/wildix.atlassian.net\/wiki\/x\/MA-OAQ\u00a0\u00bb target=\u00a0\u00bb_blank\u00a0\u00bb fullwidth=\u00a0\u00bbtrue\u00a0\u00bb bg_color=\u00a0\u00bb#3c72a2&Prime; btn_hover_txt_color=\u00a0\u00bb#ffffff\u00a0\u00bb]Wildix Web API documentation[\/mk_button][mk_padding_divider size=\u00a0\u00bb20&Prime;][\/vc_column][vc_column width=\u00a0\u00bb1\/3&Prime;][\/vc_column][\/vc_row][vc_row fullwidth=\u00a0\u00bbtrue\u00a0\u00bb fullwidth_content=\u00a0\u00bbfalse\u00a0\u00bb css=\u00a0\u00bb.vc_custom_1563980243307{background-color: #003366 !important;}\u00a0\u00bb][vc_column][mk_padding_divider][vc_row_inner][vc_column_inner width=\u00a0\u00bb1\/2&Prime;][mk_button dimension=\u00a0\u00bbflat\u00a0\u00bb corner_style=\u00a0\u00bbrounded\u00a0\u00bb size=\u00a0\u00bblarge\u00a0\u00bb icon=\u00a0\u00bbmk-moon-arrow-left\u00a0\u00bb icon_anim=\u00a0\u00bbside\u00a0\u00bb url=\u00a0\u00bb\/fr\/mobile-apps\/\u00a0\u00bb align=\u00a0\u00bbright\u00a0\u00bb button_custom_width=\u00a0\u00bb200&Prime; bg_color=\u00a0\u00bb#dd9933&Prime; btn_hover_txt_color=\u00a0\u00bb#ffffff\u00a0\u00bb]Pr\u00e9c\u00e9dent[\/mk_button][\/vc_column_inner][vc_column_inner width=\u00a0\u00bb1\/2&Prime;][mk_button dimension=\u00a0\u00bbflat\u00a0\u00bb corner_style=\u00a0\u00bbrounded\u00a0\u00bb size=\u00a0\u00bblarge\u00a0\u00bb icon=\u00a0\u00bbmk-moon-arrow-right-2&Prime; icon_anim=\u00a0\u00bbside\u00a0\u00bb url=\u00a0\u00bb\/fr\/cloud-voip-pbx\/\u00a0\u00bb button_custom_width=\u00a0\u00bb200&Prime; bg_color=\u00a0\u00bb#dd9933&Prime; btn_hover_txt_color=\u00a0\u00bb#ffffff\u00a0\u00bb]Suivant[\/mk_button][\/vc_column_inner][\/vc_row_inner][mk_padding_divider size=\u00a0\u00bb20&Prime;][\/vc_column][\/vc_row]\n<\/section>","protected":false},"excerpt":{"rendered":"<p>[mk_page_section bg_color=\u00a0\u00bb#003366&Prime; video_color_mask=\u00a0\u00bb#003366&Prime; video_opacity=\u00a0\u00bb0.9&Prime; min_height=\u00a0\u00bb250&Prime; full_width=\u00a0\u00bbtrue\u00a0\u00bb padding_top=\u00a0\u00bb0&Prime; padding_bottom=\u00a0\u00bb0&Prime; sidebar=\u00a0\u00bbsidebar-1&Prime; first_page=\u00a0\u00bbfalse\u00a0\u00bb last_page=\u00a0\u00bbfalse\u00a0\u00bb][vc_column][mk_padding_divider size=\u00a0\u00bb120&Prime; visibility=\u00a0\u00bbhidden-sm\u00a0\u00bb][mk_padding_divider size=\u00a0\u00bb70&Prime; visibility=\u00a0\u00bbvisible-sm\u00a0\u00bb][mk_fancy_title tag_name=\u00a0\u00bbh1&Prime; color=\u00a0\u00bb#ffffff\u00a0\u00bb size=\u00a0\u00bb60&Prime; force_font_size=\u00a0\u00bbtrue\u00a0\u00bb size_smallscreen=\u00a0\u00bb45&Prime; size_tablet=\u00a0\u00bb35&Prime; size_phone=\u00a0\u00bb35&Prime; font_weight=\u00a0\u00bb300&Prime; font_style=\u00a0\u00bbnormal\u00a0\u00bb txt_transform=\u00a0\u00bbnone\u00a0\u00bb margin_bottom=\u00a0\u00bb0&Prime; font_family=\u00a0\u00bbnone\u00a0\u00bb align=\u00a0\u00bbcenter\u00a0\u00bb]Integrations TAPI et Web API[\/mk_fancy_title][mk_fancy_title tag_name=\u00a0\u00bbspan\u00a0\u00bb color=\u00a0\u00bb#ffffff\u00a0\u00bb size=\u00a0\u00bb24&Prime; force_font_size=\u00a0\u00bbtrue\u00a0\u00bb size_smallscreen=\u00a0\u00bb22&Prime; size_tablet=\u00a0\u00bb22&Prime; size_phone=\u00a0\u00bb20&Prime; font_weight=\u00a0\u00bb300&Prime; font_style=\u00a0\u00bbnormal\u00a0\u00bb txt_transform=\u00a0\u00bbnone\u00a0\u00bb margin_bottom=\u00a0\u00bb0&Prime; font_family=\u00a0\u00bbnone\u00a0\u00bb align=\u00a0\u00bbcenter\u00a0\u00bb]L\u2019int\u00e9gration avec les applications Windows et Web[\/mk_fancy_title][mk_padding_divider size=\u00a0\u00bb30&Prime;][\/vc_column][\/mk_page_section][vc_row][vc_column][mk_padding_divider size=\u00a0\u00bb50&Prime;][\/vc_column][\/vc_row][vc_row][vc_column][vc_column_text align=\u00a0\u00bbcenter\u00a0\u00bb css=\u00a0\u00bb.vc_custom_1566307611926{margin-bottom: [&hellip;]<\/p>\n","protected":false},"author":1,"featured_media":0,"parent":0,"menu_order":10,"comment_status":"closed","ping_status":"closed","template":"","meta":{"wpupg_custom_link":[],"wpupg_custom_link_behaviour":["default"],"wpupg_custom_image":[],"wpupg_custom_image_id":[],"footnotes":""},"acf":[],"yoast_head":"<!-- This site is optimized with the Yoast SEO plugin v21.8 - https:\/\/yoast.com\/wordpress\/plugins\/seo\/ -->\n<title>Integrations TAPI<\/title>\n<meta name=\"description\" content=\"W-TAPI est un composant logiciel pour l\u2019integration de TAPI. W-TAPI vous permet d\u2019effectuer les appels \u00e0 travers les applications Windows ou les pages web\" \/>\n<meta name=\"robots\" content=\"noindex, follow, max-snippet:-1, max-image-preview:large, max-video-preview:-1\" \/>\n<meta property=\"og:locale\" content=\"fr_FR\" \/>\n<meta property=\"og:type\" content=\"article\" \/>\n<meta property=\"og:title\" content=\"Integrations TAPI\" \/>\n<meta property=\"og:description\" content=\"W-TAPI est un composant logiciel pour l\u2019integration de TAPI. W-TAPI vous permet d\u2019effectuer les appels \u00e0 travers les applications Windows ou les pages web\" \/>\n<meta property=\"og:url\" content=\"https:\/\/old.wildix.com\/fr\/integrations-tapi\/\" \/>\n<meta property=\"og:site_name\" content=\"Wildix\" \/>\n<meta property=\"article:modified_time\" content=\"2022-09-05T13:17:54+00:00\" \/>\n<meta name=\"twitter:card\" content=\"summary_large_image\" \/>\n<meta name=\"twitter:label1\" content=\"Dur\u00e9e de lecture estim\u00e9e\" \/>\n\t<meta name=\"twitter:data1\" content=\"5 minutes\" \/>\n<script type=\"application\/ld+json\" class=\"yoast-schema-graph\">{\"@context\":\"https:\/\/schema.org\",\"@graph\":[{\"@type\":\"WebPage\",\"@id\":\"https:\/\/old.wildix.com\/fr\/integrations-tapi\/\",\"url\":\"https:\/\/old.wildix.com\/fr\/integrations-tapi\/\",\"name\":\"Integrations TAPI\",\"isPartOf\":{\"@id\":\"https:\/\/old.wildix.com\/#website\"},\"datePublished\":\"2018-04-18T10:10:39+00:00\",\"dateModified\":\"2022-09-05T13:17:54+00:00\",\"description\":\"W-TAPI est un composant logiciel pour l\u2019integration de TAPI. W-TAPI vous permet d\u2019effectuer les appels \u00e0 travers les applications Windows ou les pages web\",\"breadcrumb\":{\"@id\":\"https:\/\/old.wildix.com\/fr\/integrations-tapi\/#breadcrumb\"},\"inLanguage\":\"fr-FR\",\"potentialAction\":[{\"@type\":\"ReadAction\",\"target\":[\"https:\/\/old.wildix.com\/fr\/integrations-tapi\/\"]}]},{\"@type\":\"BreadcrumbList\",\"@id\":\"https:\/\/old.wildix.com\/fr\/integrations-tapi\/#breadcrumb\",\"itemListElement\":[{\"@type\":\"ListItem\",\"position\":1,\"name\":\"Home\",\"item\":\"https:\/\/old.wildix.com\/\"},{\"@type\":\"ListItem\",\"position\":2,\"name\":\"Integrations TAPI et Web API\"}]},{\"@type\":\"WebSite\",\"@id\":\"https:\/\/old.wildix.com\/#website\",\"url\":\"https:\/\/old.wildix.com\/\",\"name\":\"Wildix\",\"description\":\"Wildix PBX | VoIP Solutions | Unified Communications | WebRTC\",\"publisher\":{\"@id\":\"https:\/\/old.wildix.com\/#organization\"},\"potentialAction\":[{\"@type\":\"SearchAction\",\"target\":{\"@type\":\"EntryPoint\",\"urlTemplate\":\"https:\/\/old.wildix.com\/?s={search_term_string}\"},\"query-input\":\"required name=search_term_string\"}],\"inLanguage\":\"fr-FR\"},{\"@type\":\"Organization\",\"@id\":\"https:\/\/old.wildix.com\/#organization\",\"name\":\"Wildix\",\"url\":\"https:\/\/old.wildix.com\/\",\"logo\":{\"@type\":\"ImageObject\",\"inLanguage\":\"fr-FR\",\"@id\":\"https:\/\/old.wildix.com\/#\/schema\/logo\/image\/\",\"url\":\"https:\/\/old.wildix.com\/wp-content\/uploads\/2018\/04\/wildix-logo-2.png\",\"contentUrl\":\"https:\/\/old.wildix.com\/wp-content\/uploads\/2018\/04\/wildix-logo-2.png\",\"width\":440,\"height\":200,\"caption\":\"Wildix\"},\"image\":{\"@id\":\"https:\/\/old.wildix.com\/#\/schema\/logo\/image\/\"}}]}<\/script>\n<!-- \/ Yoast SEO plugin. -->","yoast_head_json":{"title":"Integrations TAPI","description":"W-TAPI est un composant logiciel pour l\u2019integration de TAPI. W-TAPI vous permet d\u2019effectuer les appels \u00e0 travers les applications Windows ou les pages web","robots":{"index":"noindex","follow":"follow","max-snippet":"max-snippet:-1","max-image-preview":"max-image-preview:large","max-video-preview":"max-video-preview:-1"},"og_locale":"fr_FR","og_type":"article","og_title":"Integrations TAPI","og_description":"W-TAPI est un composant logiciel pour l\u2019integration de TAPI. W-TAPI vous permet d\u2019effectuer les appels \u00e0 travers les applications Windows ou les pages web","og_url":"https:\/\/old.wildix.com\/fr\/integrations-tapi\/","og_site_name":"Wildix","article_modified_time":"2022-09-05T13:17:54+00:00","twitter_card":"summary_large_image","twitter_misc":{"Dur\u00e9e de lecture estim\u00e9e":"5 minutes"},"schema":{"@context":"https:\/\/schema.org","@graph":[{"@type":"WebPage","@id":"https:\/\/old.wildix.com\/fr\/integrations-tapi\/","url":"https:\/\/old.wildix.com\/fr\/integrations-tapi\/","name":"Integrations TAPI","isPartOf":{"@id":"https:\/\/old.wildix.com\/#website"},"datePublished":"2018-04-18T10:10:39+00:00","dateModified":"2022-09-05T13:17:54+00:00","description":"W-TAPI est un composant logiciel pour l\u2019integration de TAPI. W-TAPI vous permet d\u2019effectuer les appels \u00e0 travers les applications Windows ou les pages web","breadcrumb":{"@id":"https:\/\/old.wildix.com\/fr\/integrations-tapi\/#breadcrumb"},"inLanguage":"fr-FR","potentialAction":[{"@type":"ReadAction","target":["https:\/\/old.wildix.com\/fr\/integrations-tapi\/"]}]},{"@type":"BreadcrumbList","@id":"https:\/\/old.wildix.com\/fr\/integrations-tapi\/#breadcrumb","itemListElement":[{"@type":"ListItem","position":1,"name":"Home","item":"https:\/\/old.wildix.com\/"},{"@type":"ListItem","position":2,"name":"Integrations TAPI et Web API"}]},{"@type":"WebSite","@id":"https:\/\/old.wildix.com\/#website","url":"https:\/\/old.wildix.com\/","name":"Wildix","description":"Wildix PBX | VoIP Solutions | Unified Communications | WebRTC","publisher":{"@id":"https:\/\/old.wildix.com\/#organization"},"potentialAction":[{"@type":"SearchAction","target":{"@type":"EntryPoint","urlTemplate":"https:\/\/old.wildix.com\/?s={search_term_string}"},"query-input":"required name=search_term_string"}],"inLanguage":"fr-FR"},{"@type":"Organization","@id":"https:\/\/old.wildix.com\/#organization","name":"Wildix","url":"https:\/\/old.wildix.com\/","logo":{"@type":"ImageObject","inLanguage":"fr-FR","@id":"https:\/\/old.wildix.com\/#\/schema\/logo\/image\/","url":"https:\/\/old.wildix.com\/wp-content\/uploads\/2018\/04\/wildix-logo-2.png","contentUrl":"https:\/\/old.wildix.com\/wp-content\/uploads\/2018\/04\/wildix-logo-2.png","width":440,"height":200,"caption":"Wildix"},"image":{"@id":"https:\/\/old.wildix.com\/#\/schema\/logo\/image\/"}}]}},"_links":{"self":[{"href":"https:\/\/old.wildix.com\/fr\/wp-json\/wp\/v2\/pages\/6792"}],"collection":[{"href":"https:\/\/old.wildix.com\/fr\/wp-json\/wp\/v2\/pages"}],"about":[{"href":"https:\/\/old.wildix.com\/fr\/wp-json\/wp\/v2\/types\/page"}],"author":[{"embeddable":true,"href":"https:\/\/old.wildix.com\/fr\/wp-json\/wp\/v2\/users\/1"}],"replies":[{"embeddable":true,"href":"https:\/\/old.wildix.com\/fr\/wp-json\/wp\/v2\/comments?post=6792"}],"version-history":[{"count":0,"href":"https:\/\/old.wildix.com\/fr\/wp-json\/wp\/v2\/pages\/6792\/revisions"}],"wp:attachment":[{"href":"https:\/\/old.wildix.com\/fr\/wp-json\/wp\/v2\/media?parent=6792"}],"curies":[{"name":"wp","href":"https:\/\/api.w.org\/{rel}","templated":true}]}}