{"id":7059,"date":"2018-04-17T14:03:57","date_gmt":"2018-04-17T14:03:57","guid":{"rendered":"https:\/\/old2.wildix.com\/?page_id=7059"},"modified":"2022-09-08T16:08:31","modified_gmt":"2022-09-08T16:08:31","slug":"webrtc-kite","status":"publish","type":"page","link":"https:\/\/old.wildix.com\/fr\/webrtc-kite\/","title":{"rendered":"Wildix WebRTC Kite"},"content":{"rendered":"<section class=\"wpb-content-wrapper\">\t\t<div data-elementor-type=\"wp-page\" data-elementor-id=\"7059\" class=\"elementor elementor-7059 elementor-6599\">\n\t\t\t\t\t\t\t\t\t<section data-particle_enable=\"false\" data-particle-mobile-disabled=\"false\" class=\"elementor-section elementor-top-section elementor-element elementor-element-137e8b0 elementor-section-boxed elementor-section-height-default elementor-section-height-default\" data-id=\"137e8b0\" data-element_type=\"section\">\n\t\t\t\t\t\t<div class=\"elementor-container elementor-column-gap-default\">\n\t\t\t\t\t<div class=\"elementor-column elementor-col-100 elementor-top-column elementor-element elementor-element-c4b8198\" data-id=\"c4b8198\" data-element_type=\"column\">\n\t\t\t<div class=\"elementor-widget-wrap elementor-element-populated\">\n\t\t\t\t\t\t\t\t<div class=\"elementor-element elementor-element-cb0eb23 elementor-widget elementor-widget-html\" data-id=\"cb0eb23\" data-element_type=\"widget\" data-widget_type=\"html.default\">\n\t\t\t\t<div class=\"elementor-widget-container\">\n\t\t\t[mk_page_section bg_color=\"#003366\" bg_position=\"center center\" video_color_mask=\"#003366\" video_opacity=\"0.9\" min_height=\"250\" full_width=\"true\" padding_top=\"0\" padding_bottom=\"0\" sidebar=\"sidebar-1\" first_page=\"false\" last_page=\"false\"][vc_column][mk_padding_divider size=\"120\" visibility=\"hidden-sm\"][mk_padding_divider size=\"70\" visibility=\"visible-sm\"][mk_fancy_title tag_name=\"h1\" color=\"#ffffff\" size=\"70\" force_font_size=\"true\" size_smallscreen=\"60\" size_tablet=\"50\" size_phone=\"40\" font_weight=\"300\" font_style=\"normal\" txt_transform=\"none\" margin_bottom=\"0\" font_family=\"none\" align=\"center\"]Wildix WebRTC Kite[\/mk_fancy_title][mk_fancy_title tag_name=\"span\" color=\"#ffffff\" size=\"24\" force_font_size=\"true\" size_smallscreen=\"22\" size_tablet=\"22\" size_phone=\"20\" font_weight=\"300\" font_style=\"normal\" txt_transform=\"none\" margin_bottom=\"0\" font_family=\"none\" align=\"center\"]Communications unifi\u00e9es pour les services \u00e0 la client\u00e8le[\/mk_fancy_title][mk_padding_divider size=\"30\"][\/vc_column][\/mk_page_section][vc_row fullwidth=\"true\" fullwidth_content=\"false\"][vc_column][mk_padding_divider size=\"50\"][\/vc_column][\/vc_row][vc_row][vc_column][vc_column_text css=\".vc_custom_1562841064949{margin-bottom: 0px !important;}\"]\n<p style=\"text-align: center;\">Kite est une solution professionnelle, d\u00e9di\u00e9e \u00e0 la communication d\u2019entreprise,\n<strong>bas\u00e9e sur la technologie WebRTC<\/strong>.<\/p>\n[\/vc_column_text][vc_row_inner css=\".vc_custom_1523975037512{padding-top: 25px !important;padding-right: 25px !important;padding-bottom: 25px !important;padding-left: 25px !important;}\"][vc_column_inner width=\"1\/2\" css=\".vc_custom_1523976268094{margin: 0px !important;border-width: 0px !important;padding: 0px !important;}\"][vc_column_text css=\".vc_custom_1562841103760{margin-bottom: 0px !important;}\"]Kite r\u00e9unit le <strong>chat<\/strong>, l\u2019<strong>appel vid\u00e9o<\/strong>, le <strong>partage d\u2019\u00e9cran<\/strong>, le <strong>transfert de fichiers<\/strong>, la <strong>visioconf\u00e9rence<\/strong> depuis une seule et unique page web.[\/vc_column_text][mk_image src=\"https:\/\/old.wildix.com\/wp-content\/uploads\/2019\/06\/kite-functions-700x135.png\" image_width=\"352\" image_height=\"68\" align=\"center\"][vc_column_text css=\".vc_custom_1562841166701{margin-bottom: 0px !important;}\"]Kite s\u2019ave\u0300re e\u0302tre un outil de marketing efficace.\nKite est une solution base\u0301e sur la technologie WebRTC, une partie standard du code HTML5 qui permet l\u2019e\u0301change de donne\u0301es de communication via un navigateur. Son inte\u0301gration ne ne\u0301cessite que peu de temps.[\/vc_column_text][\/vc_column_inner][vc_column_inner width=\"1\/2\"][vc_video title=\"VIDEO - What is Kite?\" link=\"https:\/\/youtu.be\/RGiuUdYF6b4\" custom_thumbnail=\"true\" play_icon_color=\"#dd9933\" thumbnail_image=\"7838267\"][\/vc_column_inner][\/vc_row_inner][mk_blockquote font_family=\"none\"]...L\u2019inte\u0301gration de Kite a permi a\u0300 nos e\u0301tudiants ou futurs e\u0301tudiants de contacter l\u2019universite\u0301 depuis leur maison ou la bibliothe\u0300que en un seul clic. Ainsi depuis la page web Contact de notre site internet, ils peuvent connai\u0302tre la disponibilite\u0301 des membres du corps professoral. Autant d\u2019outils qui permettent un acce\u0300s rapide et une meilleure circulation de l\u2019information.\n<p style=\"text-align: right;\">Emiliano De Rossi,\nTelephony and UC Manager at <strong>Roma TRE University<\/strong> (Italy)\n<a href=\"https:\/\/www.uniroma3.it\/\" target=\"_blank\" rel=\"noopener noreferrer\">www.uniroma3.it<\/a><\/p>\n[\/mk_blockquote][\/vc_column][\/vc_row][vc_row][vc_column][mk_padding_divider size=\"20\"][\/vc_column][\/vc_row][vc_row fullwidth=\"true\" fullwidth_content=\"false\" disable_element=\"yes\"][vc_column width=\"1\/6\"][\/vc_column][vc_column width=\"2\/6\"][vc_column_text css=\".vc_custom_1561630289838{margin-bottom: 0px !important;}\"]\n<p style=\"text-align: center;\"><strong>WebRTC Kite Desktop sharing<\/strong><\/p>\n[\/vc_column_text][vc_video link=\"https:\/\/youtu.be\/TA2rLYx6Iz4\" custom_thumbnail=\"true\" play_icon_color=\"#dd9933\" thumbnail_image=\"7838267\"][\/vc_column][vc_column width=\"2\/6\"][vc_column_text css=\".vc_custom_1561630314576{margin-bottom: 0px !important;}\"]\n<p style=\"text-align: center;\"><strong>WebRTC Kite features<\/strong><\/p>\n[\/vc_column_text][vc_video link=\"https:\/\/youtu.be\/UfZjNqoaEmU\" custom_thumbnail=\"true\" play_icon_color=\"#dd9933\" thumbnail_image=\"7838267\"][\/vc_column][vc_column width=\"1\/6\"][\/vc_column][\/vc_row][vc_row][vc_column][mk_padding_divider size=\"20\"][mk_divider style=\"thin_solid\" thin_color_style=\"gradient_color\" thin_grandient_color_from=\"#3edbd9\" thin_grandient_color_to=\"#5841b8\" thin_gradient_color_angle=\"horizontal\" thin_grandient_color_fallback=\"#3edbd9\" thickness=\"5\" margin_top=\"0\"][\/vc_column][\/vc_row][vc_row css=\".vc_custom_1559053745406{background-color: #ffffff !important;}\"][vc_column width=\"1\/3\"][mk_padding_divider size=\"30\"][mk_button dimension=\"flat\" corner_style=\"rounded\" size=\"medium\" icon=\"mk-jupiter-icon-doc\" icon_anim=\"side\" url=\"https:\/\/wildix.atlassian.net\/wiki\/x\/EBvOAQ\" target=\"_blank\" align=\"center\" fullwidth=\"true\" bg_color=\"#3c72a2\" btn_hover_txt_color=\"#ffffff\"]Documentation[\/mk_button][\/vc_column][vc_column width=\"1\/3\"][mk_padding_divider size=\"30\"][mk_button dimension=\"flat\" corner_style=\"rounded\" size=\"medium\" icon=\"mk-jupiter-icon-doc\" icon_anim=\"side\" url=\"https:\/\/old.wildix.com?wpdmdl=7855371&amp;ind=1599118547662\" target=\"_blank\" align=\"center\" fullwidth=\"true\" bg_color=\"#3c72a2\" btn_hover_txt_color=\"#ffffff\"]KITE Brochure[\/mk_button][\/vc_column][vc_column width=\"1\/3\"][mk_padding_divider size=\"30\"][mk_button dimension=\"flat\" corner_style=\"rounded\" size=\"medium\" icon=\"mk-moon-bubble-video-chat\" icon_anim=\"side\" url=\"https:\/\/kite.wildix.com\/ucit\/80\" target=\"_blank\" align=\"center\" fullwidth=\"true\" bg_color=\"#dd3333\" btn_hover_txt_color=\"#ffffff\"]KITE Demo[\/mk_button][\/vc_column][\/vc_row][vc_row][vc_column][mk_padding_divider size=\"30\"][\/vc_column][\/vc_row][vc_row fullwidth=\"true\" fullwidth_content=\"false\" css=\".vc_custom_1523976244079{background-color: #f2f2f2 !important;}\"][vc_column][mk_padding_divider size=\"70\"][vc_column_text css=\".vc_custom_1524113090270{margin-bottom: 0px !important;}\"]\n<h3 style=\"text-align: center;\">UN MOD\u00c8LE HTML ENTI\u00c8REMENT PERSONNALISABLE<\/h3>\n<ul>\n \t<li>Vous souhaitez s\u00e9lectionner les informations \u00e0 afficher sur votre page web :\u00a0<strong>image utilisateur, statut de pr\u00e9sence, g\u00e9olocalisation\n<\/strong><\/li>\n \t<li>Vous souhaitez que l\u2019utilisateur externe s\u2019identifie avant de pouvoir acc\u00e9der au service KITE ou qu\u2019il acc\u00e8de au service KITE directement sans identification.<\/li>\n \t<li>Kite peut \u00eatre int\u00e9gr\u00e9 dans une page de votre site web comme une\u00a0<strong>touche de contact<\/strong>, dans votre\u00a0<strong>signature email<\/strong>, ou bien comme un\u00a0<strong>Widget<\/strong>\u00a0qui reste ouvert durant toute la navigation du client sur votre site<\/li>\n<\/ul>\n[\/vc_column_text][mk_padding_divider size=\"50\"][mk_image heading_title=\"KITE AVEC AUTORISATION\" src=\"https:\/\/old.wildix.com\/wp-content\/uploads\/2018\/07\/wildix-kite-authorization.jpeg\" image_size=\"full\" lightbox=\"true\" align=\"center\"][mk_custom_list style=\"mk-moon-download-7\" icon_color=\"#dd9933\" margin_bottom=\"60\"]\n<ul>\n \t<li><a href=\"https:\/\/confluence.wildix.com\/x\/3AY8AQ\" target=\"_blank\" rel=\"noopener noreferrer\">T\u00e9l\u00e9charger le mod\u00e8le HTML du bouton Kite.<\/a><\/li>\n<\/ul>\n[\/mk_custom_list][mk_padding_divider size=\"50\"][mk_image heading_title=\"KITE SANS AUTORISATION\" src=\"https:\/\/old.wildix.com\/wp-content\/uploads\/2018\/07\/kite-no-auth.jpg\" image_size=\"full\" lightbox=\"true\" align=\"center\"][mk_custom_list style=\"mk-moon-link\" icon_color=\"#dd9933\" margin_bottom=\"60\"]<strong>Super, j\u2019ai adopt\u00e9 Kite mais comment faire pour supprimer la demande d\u2019autorisation ?<\/strong>\n<ul>\n \t<li><a href=\"https:\/\/wildix.atlassian.net\/wiki\/x\/EBvOAQ\" target=\"_blank\" rel=\"noopener noreferrer\">Cliquez ici, pour acc\u00e9der \u00e0 la documentation technique.<\/a><\/li>\n<\/ul>\n[\/mk_custom_list][mk_padding_divider size=\"50\"][mk_image heading_title=\"SIGNATURE HTML\" src=\"https:\/\/old.wildix.com\/wp-content\/uploads\/2018\/07\/wildix-kite-email-signature.jpeg\" image_size=\"full\" lightbox=\"true\" align=\"center\"][mk_custom_list style=\"mk-moon-link\" icon_color=\"#dd9933\" margin_bottom=\"60\"]<strong>Super, j\u2019ai adopt\u00e9 Kite mais o\u00f9 puis-je cr\u00e9er ma signature ?<\/strong>\n<ul>\n \t<li><a href=\"https:\/\/manuals.wildix.com\/kite\/signature.html\" target=\"_blank\" rel=\"noopener noreferrer\">Cr\u00e9ez votre signature en cliquant sur ce lien<\/a><\/li>\n<\/ul>\n[\/mk_custom_list][mk_padding_divider size=\"100\"][mk_image heading_title=\"WIDGET KITE (AVEC OU SANS AUTORISATION)\" src=\"https:\/\/old.wildix.com\/wp-content\/uploads\/2018\/07\/wildix-kite-website.jpeg\" image_size=\"full\" lightbox=\"true\" align=\"center\"][mk_custom_list style=\"mk-moon-link\" icon_color=\"#dd9933\" margin_bottom=\"60\"]<strong>O\u00f9 puis-je g\u00e9n\u00e9rer le code du Widget ?<\/strong>\n<ul>\n \t<li><a href=\"https:\/\/kite.wildix.com\/pages\/widget\/\" target=\"_blank\" rel=\"noopener noreferrer\">Juste ici ! Cliquez sur ce lien, cela vous prendra quelques secondes.<\/a><\/li>\n<\/ul>\n[\/mk_custom_list][\/vc_column][\/vc_row][vc_row][vc_column][mk_padding_divider size=\"50\"][\/vc_column][\/vc_row][vc_row][vc_column][mk_fancy_title size=\"28\" force_font_size=\"true\" size_smallscreen=\"25\" size_tablet=\"25\" size_phone=\"20\" txt_transform=\"uppercase\" margin_top=\"20\" margin_bottom=\"10\" font_family=\"none\"]CES ENTREPRISES ONT AM\u00c9LIOR\u00c9 LEURS VENTES AVEC KITE[\/mk_fancy_title][vc_row_inner][vc_column_inner width=\"1\/2\"][vc_column_text css=\".vc_custom_1548340522821{margin-bottom: 0px !important;}\"]<strong>La soci\u00e9t\u00e9 immobili\u00e8re MyLeane<\/strong>\u00a0poss\u00e8de une succursale \u00e0 Thonon-les-Bains, au bord du lac L\u00e9man et une seconde \u00e0 Louhans, en Bourgogne (deux endroits totalement merveilleux).\nLes directeurs des ventes de cette soci\u00e9t\u00e9 ne voulaient pas manquer une \u00e9ventuelle demande de leurs clients potentiels sur leur site web.\nC\u2019est pour cette raison qu\u2019ils ont ajout\u00e9\u00a0<strong>Kite<\/strong>\u00a0sur leur page d\u2019accueil. Les clients peuvent d\u00e9sormais discuter, appeler, passer des appels vid\u00e9os avec la soci\u00e9t\u00e9, et pourquoi pas, vivre une exp\u00e9rience de visite virtuelle.[\/vc_column_text][\/vc_column_inner][vc_column_inner width=\"1\/2\"][mk_image src=\"https:\/\/old.wildix.com\/wp-content\/uploads\/2018\/07\/companies-have-already-increased-their-sales-with-kite.jpg\" image_size=\"full\" align=\"center\" margin_bottom=\"30\"][\/vc_column_inner][\/vc_row_inner][vc_zigzag color=\"orange\" css=\".vc_custom_1532349568187{padding-top: 40px !important;padding-bottom: 50px !important;}\"][vc_row_inner][vc_column_inner width=\"1\/2\"][vc_column_text css=\".vc_custom_1548340785669{margin-bottom: 0px !important;}\"]<strong>Agrieuro<\/strong>\u00a0est le portail le plus important en Italie pour s'\u00e9quiper en \u00e9quipement agricole et en jardinage. La soci\u00e9t\u00e9 a choisi Kite pour offrir un\u00a0<strong>service fiable et complet<\/strong>\u00a0\u00e0 ses clients, incluant tous les membres du personnel. Les clients peuvent \u00e9galement choisir la langue qu\u2019ils pr\u00e9f\u00e8rent pour le service clients.\nLa vente, l\u2019exp\u00e9dition et le bureau administratif offrent ainsi un service facile \u00e0 utiliser et efficace.[\/vc_column_text][\/vc_column_inner][vc_column_inner width=\"1\/2\"][mk_image src=\"https:\/\/old.wildix.com\/wp-content\/uploads\/2018\/07\/agrieuro-increase-sales-using-kite.jpg\" image_size=\"full\" align=\"center\" margin_bottom=\"30\"][\/vc_column_inner][\/vc_row_inner][vc_zigzag color=\"orange\" css=\".vc_custom_1532349568187{padding-top: 40px !important;padding-bottom: 50px !important;}\"][vc_row_inner][vc_column_inner width=\"1\/2\"][vc_column_text css=\".vc_custom_1548340979872{margin-bottom: 0px !important;}\"]C'est bien connu, l\u2019Italie est le pays de la mode, du design et de la qualit\u00e9 de l\u2019artisanat.\nLe\u00a0<strong>Groupe Tirabasso<\/strong>\u00a0est leader en Europe pour la production de chapeaux de haute qualit\u00e9.\nAfin de moderniser son site Web, l\u2019entreprise a install\u00e9\u00a0<strong>Kite<\/strong>, offrant ainsi aux clients italiens (et \u00e9trangers) une\u00a0<strong>mani\u00e8re directe et simple de contacter la soci\u00e9t\u00e9.<\/strong>\nLes clients peuvent trouver facilement leWidget Kite sur chaque page du site. Kite est \u00e9galement int\u00e9gr\u00e9 sur la page contact du site internet, ce qui permet aux visiteurs de visualiser l\u2019\u00e9tat de pr\u00e9sence (disponible ou occup\u00e9) de toute l\u2019\u00e9quipe.[\/vc_column_text][\/vc_column_inner][vc_column_inner width=\"1\/2\"][mk_image src=\"https:\/\/old.wildix.com\/wp-content\/uploads\/2018\/07\/increase-sales-via-kite.jpg\" image_size=\"full\" align=\"center\" margin_bottom=\"30\"][\/vc_column_inner][\/vc_row_inner][\/vc_column][\/vc_row][vc_row][vc_column][mk_padding_divider][\/vc_column][\/vc_row][vc_row fullwidth=\"true\" fullwidth_content=\"false\" css=\".vc_custom_1563980243307{background-color: #003366 !important;}\"][vc_column][mk_padding_divider][vc_row_inner][vc_column_inner width=\"1\/2\"][mk_button dimension=\"flat\" corner_style=\"rounded\" size=\"large\" icon=\"mk-moon-arrow-left\" icon_anim=\"side\" url=\"\/fr\/collaboration\/\" align=\"right\" button_custom_width=\"200\" bg_color=\"#dd9933\" btn_hover_txt_color=\"#ffffff\"] Pr\u00e9c\u00e9dent[\/mk_button][\/vc_column_inner][vc_column_inner width=\"1\/2\"][mk_button dimension=\"flat\" corner_style=\"rounded\" size=\"large\" icon=\"mk-moon-arrow-right-2\" icon_anim=\"side\" url=\"\/fr\/wizyconf-professional-videoconference\/\" button_custom_width=\"200\" bg_color=\"#dd9933\" btn_hover_txt_color=\"#ffffff\"]Suivant[\/mk_button][\/vc_column_inner][\/vc_row_inner][mk_padding_divider size=\"20\"][\/vc_column][\/vc_row]\t\t<\/div>\n\t\t\t\t<\/div>\n\t\t\t\t\t<\/div>\n\t\t<\/div>\n\t\t\t\t\t\t\t<\/div>\n\t\t<\/section>\n\t\t\t\t\t\t\t<\/div>\n\t\t<\/section>","protected":false},"excerpt":{"rendered":"<p>[mk_page_section bg_color=\u00a0\u00bb#003366&Prime; bg_position=\u00a0\u00bbcenter center\u00a0\u00bb video_color_mask=\u00a0\u00bb#003366&Prime; video_opacity=\u00a0\u00bb0.9&Prime; min_height=\u00a0\u00bb250&Prime; full_width=\u00a0\u00bbtrue\u00a0\u00bb padding_top=\u00a0\u00bb0&Prime; padding_bottom=\u00a0\u00bb0&Prime; sidebar=\u00a0\u00bbsidebar-1&Prime; first_page=\u00a0\u00bbfalse\u00a0\u00bb last_page=\u00a0\u00bbfalse\u00a0\u00bb][vc_column][mk_padding_divider size=\u00a0\u00bb120&Prime; visibility=\u00a0\u00bbhidden-sm\u00a0\u00bb][mk_padding_divider size=\u00a0\u00bb70&Prime; visibility=\u00a0\u00bbvisible-sm\u00a0\u00bb][mk_fancy_title tag_name=\u00a0\u00bbh1&Prime; color=\u00a0\u00bb#ffffff\u00a0\u00bb size=\u00a0\u00bb70&Prime; force_font_size=\u00a0\u00bbtrue\u00a0\u00bb size_smallscreen=\u00a0\u00bb60&Prime; size_tablet=\u00a0\u00bb50&Prime; size_phone=\u00a0\u00bb40&Prime; font_weight=\u00a0\u00bb300&Prime; font_style=\u00a0\u00bbnormal\u00a0\u00bb txt_transform=\u00a0\u00bbnone\u00a0\u00bb margin_bottom=\u00a0\u00bb0&Prime; font_family=\u00a0\u00bbnone\u00a0\u00bb align=\u00a0\u00bbcenter\u00a0\u00bb]Wildix WebRTC Kite[\/mk_fancy_title][mk_fancy_title tag_name=\u00a0\u00bbspan\u00a0\u00bb color=\u00a0\u00bb#ffffff\u00a0\u00bb size=\u00a0\u00bb24&Prime; force_font_size=\u00a0\u00bbtrue\u00a0\u00bb size_smallscreen=\u00a0\u00bb22&Prime; size_tablet=\u00a0\u00bb22&Prime; size_phone=\u00a0\u00bb20&Prime; font_weight=\u00a0\u00bb300&Prime; font_style=\u00a0\u00bbnormal\u00a0\u00bb txt_transform=\u00a0\u00bbnone\u00a0\u00bb margin_bottom=\u00a0\u00bb0&Prime; font_family=\u00a0\u00bbnone\u00a0\u00bb align=\u00a0\u00bbcenter\u00a0\u00bb]Communications unifi\u00e9es pour les services \u00e0 la client\u00e8le[\/mk_fancy_title][mk_padding_divider size=\u00a0\u00bb30&Prime;][\/vc_column][\/mk_page_section][vc_row fullwidth=\u00a0\u00bbtrue\u00a0\u00bb fullwidth_content=\u00a0\u00bbfalse\u00a0\u00bb][vc_column][mk_padding_divider [&hellip;]<\/p>\n","protected":false},"author":1,"featured_media":0,"parent":0,"menu_order":0,"comment_status":"closed","ping_status":"closed","template":"","meta":{"wpupg_custom_link":[],"wpupg_custom_link_behaviour":["default"],"wpupg_custom_image":[],"wpupg_custom_image_id":[],"footnotes":""},"acf":[],"yoast_head":"<!-- This site is optimized with the Yoast SEO plugin v21.8 - https:\/\/yoast.com\/wordpress\/plugins\/seo\/ -->\n<title>Wildix WebRTC Kite<\/title>\n<meta name=\"description\" content=\"Wildix Kite est une solution professionnelle pour la communication d\u2019entreprise bas\u00e9e sur la technologie WebRTC.\" \/>\n<meta name=\"robots\" content=\"noindex, follow, max-snippet:-1, max-image-preview:large, max-video-preview:-1\" \/>\n<meta property=\"og:locale\" content=\"fr_FR\" \/>\n<meta property=\"og:type\" content=\"article\" \/>\n<meta property=\"og:title\" content=\"Wildix WebRTC Kite\" \/>\n<meta property=\"og:description\" content=\"Wildix Kite est une solution professionnelle pour la communication d\u2019entreprise bas\u00e9e sur la technologie WebRTC.\" \/>\n<meta property=\"og:url\" content=\"https:\/\/old.wildix.com\/fr\/webrtc-kite\/\" \/>\n<meta property=\"og:site_name\" content=\"Wildix\" \/>\n<meta property=\"article:modified_time\" content=\"2022-09-08T16:08:31+00:00\" \/>\n<meta name=\"twitter:card\" content=\"summary_large_image\" \/>\n<meta name=\"twitter:label1\" content=\"Dur\u00e9e de lecture estim\u00e9e\" \/>\n\t<meta name=\"twitter:data1\" content=\"5 minutes\" \/>\n<script type=\"application\/ld+json\" class=\"yoast-schema-graph\">{\"@context\":\"https:\/\/schema.org\",\"@graph\":[{\"@type\":\"WebPage\",\"@id\":\"https:\/\/old.wildix.com\/fr\/webrtc-kite\/\",\"url\":\"https:\/\/old.wildix.com\/fr\/webrtc-kite\/\",\"name\":\"Wildix WebRTC Kite\",\"isPartOf\":{\"@id\":\"https:\/\/old.wildix.com\/#website\"},\"datePublished\":\"2018-04-17T14:03:57+00:00\",\"dateModified\":\"2022-09-08T16:08:31+00:00\",\"description\":\"Wildix Kite est une solution professionnelle pour la communication d\u2019entreprise bas\u00e9e sur la technologie WebRTC.\",\"breadcrumb\":{\"@id\":\"https:\/\/old.wildix.com\/fr\/webrtc-kite\/#breadcrumb\"},\"inLanguage\":\"fr-FR\",\"potentialAction\":[{\"@type\":\"ReadAction\",\"target\":[\"https:\/\/old.wildix.com\/fr\/webrtc-kite\/\"]}]},{\"@type\":\"BreadcrumbList\",\"@id\":\"https:\/\/old.wildix.com\/fr\/webrtc-kite\/#breadcrumb\",\"itemListElement\":[{\"@type\":\"ListItem\",\"position\":1,\"name\":\"Home\",\"item\":\"https:\/\/old.wildix.com\/\"},{\"@type\":\"ListItem\",\"position\":2,\"name\":\"Wildix WebRTC Kite\"}]},{\"@type\":\"WebSite\",\"@id\":\"https:\/\/old.wildix.com\/#website\",\"url\":\"https:\/\/old.wildix.com\/\",\"name\":\"Wildix\",\"description\":\"Wildix PBX | VoIP Solutions | Unified Communications | WebRTC\",\"publisher\":{\"@id\":\"https:\/\/old.wildix.com\/#organization\"},\"potentialAction\":[{\"@type\":\"SearchAction\",\"target\":{\"@type\":\"EntryPoint\",\"urlTemplate\":\"https:\/\/old.wildix.com\/?s={search_term_string}\"},\"query-input\":\"required name=search_term_string\"}],\"inLanguage\":\"fr-FR\"},{\"@type\":\"Organization\",\"@id\":\"https:\/\/old.wildix.com\/#organization\",\"name\":\"Wildix\",\"url\":\"https:\/\/old.wildix.com\/\",\"logo\":{\"@type\":\"ImageObject\",\"inLanguage\":\"fr-FR\",\"@id\":\"https:\/\/old.wildix.com\/#\/schema\/logo\/image\/\",\"url\":\"https:\/\/old.wildix.com\/wp-content\/uploads\/2018\/04\/wildix-logo-2.png\",\"contentUrl\":\"https:\/\/old.wildix.com\/wp-content\/uploads\/2018\/04\/wildix-logo-2.png\",\"width\":440,\"height\":200,\"caption\":\"Wildix\"},\"image\":{\"@id\":\"https:\/\/old.wildix.com\/#\/schema\/logo\/image\/\"}}]}<\/script>\n<!-- \/ Yoast SEO plugin. -->","yoast_head_json":{"title":"Wildix WebRTC Kite","description":"Wildix Kite est une solution professionnelle pour la communication d\u2019entreprise bas\u00e9e sur la technologie WebRTC.","robots":{"index":"noindex","follow":"follow","max-snippet":"max-snippet:-1","max-image-preview":"max-image-preview:large","max-video-preview":"max-video-preview:-1"},"og_locale":"fr_FR","og_type":"article","og_title":"Wildix WebRTC Kite","og_description":"Wildix Kite est une solution professionnelle pour la communication d\u2019entreprise bas\u00e9e sur la technologie WebRTC.","og_url":"https:\/\/old.wildix.com\/fr\/webrtc-kite\/","og_site_name":"Wildix","article_modified_time":"2022-09-08T16:08:31+00:00","twitter_card":"summary_large_image","twitter_misc":{"Dur\u00e9e de lecture estim\u00e9e":"5 minutes"},"schema":{"@context":"https:\/\/schema.org","@graph":[{"@type":"WebPage","@id":"https:\/\/old.wildix.com\/fr\/webrtc-kite\/","url":"https:\/\/old.wildix.com\/fr\/webrtc-kite\/","name":"Wildix WebRTC Kite","isPartOf":{"@id":"https:\/\/old.wildix.com\/#website"},"datePublished":"2018-04-17T14:03:57+00:00","dateModified":"2022-09-08T16:08:31+00:00","description":"Wildix Kite est une solution professionnelle pour la communication d\u2019entreprise bas\u00e9e sur la technologie WebRTC.","breadcrumb":{"@id":"https:\/\/old.wildix.com\/fr\/webrtc-kite\/#breadcrumb"},"inLanguage":"fr-FR","potentialAction":[{"@type":"ReadAction","target":["https:\/\/old.wildix.com\/fr\/webrtc-kite\/"]}]},{"@type":"BreadcrumbList","@id":"https:\/\/old.wildix.com\/fr\/webrtc-kite\/#breadcrumb","itemListElement":[{"@type":"ListItem","position":1,"name":"Home","item":"https:\/\/old.wildix.com\/"},{"@type":"ListItem","position":2,"name":"Wildix WebRTC Kite"}]},{"@type":"WebSite","@id":"https:\/\/old.wildix.com\/#website","url":"https:\/\/old.wildix.com\/","name":"Wildix","description":"Wildix PBX | VoIP Solutions | Unified Communications | WebRTC","publisher":{"@id":"https:\/\/old.wildix.com\/#organization"},"potentialAction":[{"@type":"SearchAction","target":{"@type":"EntryPoint","urlTemplate":"https:\/\/old.wildix.com\/?s={search_term_string}"},"query-input":"required name=search_term_string"}],"inLanguage":"fr-FR"},{"@type":"Organization","@id":"https:\/\/old.wildix.com\/#organization","name":"Wildix","url":"https:\/\/old.wildix.com\/","logo":{"@type":"ImageObject","inLanguage":"fr-FR","@id":"https:\/\/old.wildix.com\/#\/schema\/logo\/image\/","url":"https:\/\/old.wildix.com\/wp-content\/uploads\/2018\/04\/wildix-logo-2.png","contentUrl":"https:\/\/old.wildix.com\/wp-content\/uploads\/2018\/04\/wildix-logo-2.png","width":440,"height":200,"caption":"Wildix"},"image":{"@id":"https:\/\/old.wildix.com\/#\/schema\/logo\/image\/"}}]}},"_links":{"self":[{"href":"https:\/\/old.wildix.com\/fr\/wp-json\/wp\/v2\/pages\/7059"}],"collection":[{"href":"https:\/\/old.wildix.com\/fr\/wp-json\/wp\/v2\/pages"}],"about":[{"href":"https:\/\/old.wildix.com\/fr\/wp-json\/wp\/v2\/types\/page"}],"author":[{"embeddable":true,"href":"https:\/\/old.wildix.com\/fr\/wp-json\/wp\/v2\/users\/1"}],"replies":[{"embeddable":true,"href":"https:\/\/old.wildix.com\/fr\/wp-json\/wp\/v2\/comments?post=7059"}],"version-history":[{"count":0,"href":"https:\/\/old.wildix.com\/fr\/wp-json\/wp\/v2\/pages\/7059\/revisions"}],"wp:attachment":[{"href":"https:\/\/old.wildix.com\/fr\/wp-json\/wp\/v2\/media?parent=7059"}],"curies":[{"name":"wp","href":"https:\/\/api.w.org\/{rel}","templated":true}]}}