{"id":7811910,"date":"2018-04-18T13:51:54","date_gmt":"2018-04-18T13:51:54","guid":{"rendered":"https:\/\/old2.wildix.com\/?page_id=7811910"},"modified":"2022-09-06T13:23:57","modified_gmt":"2022-09-06T13:23:57","slug":"switch","status":"publish","type":"page","link":"https:\/\/old.wildix.com\/fr\/switch\/","title":{"rendered":"Wildix Switch"},"content":{"rendered":"<section class=\"wpb-content-wrapper\">[mk_page_section bg_color=\u00a0\u00bb#003366&Prime; bg_position=\u00a0\u00bbcenter center\u00a0\u00bb bg_stretch=\u00a0\u00bbtrue\u00a0\u00bb video_color_mask=\u00a0\u00bb#003366&Prime; video_opacity=\u00a0\u00bb0.9&Prime; min_height=\u00a0\u00bb250&Prime; full_width=\u00a0\u00bbtrue\u00a0\u00bb padding_top=\u00a0\u00bb0&Prime; padding_bottom=\u00a0\u00bb0&Prime; sidebar=\u00a0\u00bbsidebar-1&Prime; first_page=\u00a0\u00bbfalse\u00a0\u00bb last_page=\u00a0\u00bbfalse\u00a0\u00bb][vc_column][mk_padding_divider size=\u00a0\u00bb120&Prime; visibility=\u00a0\u00bbhidden-sm\u00a0\u00bb][mk_padding_divider size=\u00a0\u00bb70&Prime; visibility=\u00a0\u00bbvisible-sm\u00a0\u00bb][mk_fancy_title tag_name=\u00a0\u00bbh1&Prime; color=\u00a0\u00bb#ffffff\u00a0\u00bb size=\u00a0\u00bb70&Prime; force_font_size=\u00a0\u00bbtrue\u00a0\u00bb size_smallscreen=\u00a0\u00bb60&Prime; size_tablet=\u00a0\u00bb50&Prime; size_phone=\u00a0\u00bb40&Prime; font_weight=\u00a0\u00bb300&Prime; font_style=\u00a0\u00bbnormal\u00a0\u00bb txt_transform=\u00a0\u00bbnone\u00a0\u00bb margin_bottom=\u00a0\u00bb0&Prime; font_family=\u00a0\u00bbnone\u00a0\u00bb align=\u00a0\u00bbcenter\u00a0\u00bb]Switches[\/mk_fancy_title][mk_padding_divider size=\u00a0\u00bb30&Prime;][\/vc_column][\/mk_page_section][vc_row][vc_column][mk_padding_divider size=\u00a0\u00bb50&Prime;][\/vc_column][\/vc_row][vc_row][vc_column][vc_column_text css=\u00a0\u00bb.vc_custom_1566384031468{margin-bottom: 0px !important;}\u00a0\u00bb]Wildix offre une grande vari\u00e9t\u00e9 de Switches qui assure un r\u00e9seau VoiP d\u2019entreprise performant, compos\u00e9e de<strong>\u00a0Switches PoE Gigabit<\/strong>\u00a0et\u00a0<strong>Switches port fibres.<\/strong>[\/vc_column_text][vc_empty_space][\/vc_column][\/vc_row][vc_row][vc_column width=\u00a0\u00bb1\/3&Prime;][mk_content_box heading=\u00a0\u00bbWSG05POE\u00a0\u00bb][vc_column_text css=\u00a0\u00bb.vc_custom_1605598853397{margin-bottom: 0px !important;}\u00a0\u00bb]\n<p style=\"text-align: center;\"><strong>5-port (4 OUT ports) PoE Gigabit Switch &amp; Extender<\/strong><\/p>\n[\/vc_column_text][mk_image src=\u00a0\u00bbhttps:\/\/old.wildix.com\/wp-content\/uploads\/2020\/10\/wsg05poe-2019.jpg\u00a0\u00bb image_size=\u00a0\u00bbfull\u00a0\u00bb lightbox=\u00a0\u00bbtrue\u00a0\u00bb align=\u00a0\u00bbcenter\u00a0\u00bb][vc_tta_accordion style=\u00a0\u00bbmodern\u00a0\u00bb shape=\u00a0\u00bbsquare\u00a0\u00bb c_icon=\u00a0\u00bb\u00a0\u00bb active_section=\u00a0\u00bb\u00a0\u00bb no_fill=\u00a0\u00bbtrue\u00a0\u00bb collapsible_all=\u00a0\u00bbtrue\u00a0\u00bb][vc_tta_section i_icon_fontawesome=\u00a0\u00bbfa fa-search-plus\u00a0\u00bb add_icon=\u00a0\u00bbtrue\u00a0\u00bb title=\u00a0\u00bbCARACT\u00c9RISTIQUES\u00a0\u00bb tab_id=\u00a0\u00bb1562578567644-11275f77-51f6&Prime;][mk_custom_list icon_color=\u00a0\u00bb#dd9933&Prime;]\n<ul>\n<li>5 ports PoE Gigabit<\/li>\n<li>Puissance maximale : 70W<\/li>\n<\/ul>\n[\/mk_custom_list][\/vc_tta_section][\/vc_tta_accordion][\/mk_content_box][vc_empty_space height=\u00a0\u00bb60px\u00a0\u00bb][\/vc_column][vc_column width=\u00a0\u00bb1\/3&Prime;][mk_content_box heading=\u00a0\u00bbWSG08POE\u00a0\u00bb][vc_column_text css=\u00a0\u00bb.vc_custom_1524059614931{margin-bottom: 0px !important;}\u00a0\u00bb]\n<p style=\"text-align: center;\"><strong>8-port\u00a0PoE Gigabit Unmanaged Switch<\/strong><\/p>\n[\/vc_column_text][mk_image src=\u00a0\u00bbhttps:\/\/old.wildix.com\/wp-content\/uploads\/2019\/10\/wsg08poe-mockup-2019.jpg\u00a0\u00bb image_size=\u00a0\u00bbfull\u00a0\u00bb lightbox=\u00a0\u00bbtrue\u00a0\u00bb align=\u00a0\u00bbcenter\u00a0\u00bb][vc_tta_accordion style=\u00a0\u00bbmodern\u00a0\u00bb shape=\u00a0\u00bbsquare\u00a0\u00bb c_icon=\u00a0\u00bb\u00a0\u00bb active_section=\u00a0\u00bb\u00a0\u00bb no_fill=\u00a0\u00bbtrue\u00a0\u00bb collapsible_all=\u00a0\u00bbtrue\u00a0\u00bb][vc_tta_section i_icon_fontawesome=\u00a0\u00bbfa fa-search-plus\u00a0\u00bb add_icon=\u00a0\u00bbtrue\u00a0\u00bb title=\u00a0\u00bbCARACT\u00c9RISTIQUES\u00a0\u00bb tab_id=\u00a0\u00bb1562578579690-7eb97b2a-41c3&Prime;][mk_custom_list icon_color=\u00a0\u00bb#dd9933&Prime;]\n<ul>\n<li>8 ports PoE Gigabit<\/li>\n<li>Green Ethernet (802.3az)<\/li>\n<li>Alimentation PoE : 140W<\/li>\n<li>Protection contre la foudre 6kV<\/li>\n<\/ul>\n[\/mk_custom_list][\/vc_tta_section][\/vc_tta_accordion][\/mk_content_box][vc_empty_space height=\u00a0\u00bb60px\u00a0\u00bb][\/vc_column][vc_column width=\u00a0\u00bb1\/3&Prime;][mk_content_box heading=\u00a0\u00bbWSG16POE\u00a0\u00bb][vc_column_text css=\u00a0\u00bb.vc_custom_1524059668465{margin-bottom: 0px !important;}\u00a0\u00bb]\n<p style=\"text-align: center;\"><strong>16-port\u00a0Gigabit Unmanaged Switch<\/strong><\/p>\n[\/vc_column_text][mk_image src=\u00a0\u00bbhttps:\/\/old.wildix.com\/wp-content\/uploads\/2019\/10\/wsg16poe-mockup-2019.jpg\u00a0\u00bb image_size=\u00a0\u00bbfull\u00a0\u00bb lightbox=\u00a0\u00bbtrue\u00a0\u00bb align=\u00a0\u00bbcenter\u00a0\u00bb][vc_tta_accordion style=\u00a0\u00bbmodern\u00a0\u00bb shape=\u00a0\u00bbsquare\u00a0\u00bb c_icon=\u00a0\u00bb\u00a0\u00bb active_section=\u00a0\u00bb\u00a0\u00bb no_fill=\u00a0\u00bbtrue\u00a0\u00bb collapsible_all=\u00a0\u00bbtrue\u00a0\u00bb][vc_tta_section i_icon_fontawesome=\u00a0\u00bbfa fa-search-plus\u00a0\u00bb add_icon=\u00a0\u00bbtrue\u00a0\u00bb title=\u00a0\u00bbCARACT\u00c9RISTIQUES\u00a0\u00bb tab_id=\u00a0\u00bb1562577180288-053d53d1-64b0&Prime;][mk_custom_list icon_color=\u00a0\u00bb#dd9933&Prime;]\n<ul>\n<li>16 ports PoE Gigabit<\/li>\n<li>Green Ethernet (802.3az)<\/li>\n<li>Alimentation PoE : 260W<\/li>\n<li>Protection contre la foudre 6kV<\/li>\n<\/ul>\n[\/mk_custom_list][\/vc_tta_section][\/vc_tta_accordion][\/mk_content_box][vc_empty_space height=\u00a0\u00bb60px\u00a0\u00bb][\/vc_column][\/vc_row][vc_row][vc_column width=\u00a0\u00bb1\/3&Prime;][mk_content_box heading=\u00a0\u00bbWSG24POE\u00a0\u00bb][vc_column_text css=\u00a0\u00bb.vc_custom_1524059888408{margin-bottom: 0px !important;}\u00a0\u00bb]\n<p style=\"text-align: center;\"><strong>24-port\u00a0PoE Gigabit Switch + 2 SFP ports, managed<\/strong><\/p>\n[\/vc_column_text][mk_image src=\u00a0\u00bbhttps:\/\/old.wildix.com\/wp-content\/uploads\/2019\/10\/wsg24poe-mockup-2019.jpg\u00a0\u00bb image_size=\u00a0\u00bbfull\u00a0\u00bb lightbox=\u00a0\u00bbtrue\u00a0\u00bb align=\u00a0\u00bbcenter\u00a0\u00bb][vc_tta_accordion style=\u00a0\u00bbmodern\u00a0\u00bb shape=\u00a0\u00bbsquare\u00a0\u00bb c_icon=\u00a0\u00bb\u00a0\u00bb active_section=\u00a0\u00bb\u00a0\u00bb no_fill=\u00a0\u00bbtrue\u00a0\u00bb collapsible_all=\u00a0\u00bbtrue\u00a0\u00bb][vc_tta_section i_icon_fontawesome=\u00a0\u00bbfa fa-search-plus\u00a0\u00bb add_icon=\u00a0\u00bbtrue\u00a0\u00bb title=\u00a0\u00bbCARACT\u00c9RISTIQUES\u00a0\u00bb tab_id=\u00a0\u00bb1562578602816-3b449cdd-eb15&Prime;][mk_custom_list icon_color=\u00a0\u00bb#dd9933&Prime;]\n<ul>\n<li>24 ports PoE Gigabit<\/li>\n<li>2 ports SFP Gigabit<\/li>\n<li>Green Ethernet (802.3az)<\/li>\n<li>Alimentation PoE : 400W<\/li>\n<li>Protection contre la foudre 6kV<\/li>\n<\/ul>\n[\/mk_custom_list][\/vc_tta_section][\/vc_tta_accordion][\/mk_content_box][vc_empty_space height=\u00a0\u00bb60px\u00a0\u00bb][\/vc_column][vc_column width=\u00a0\u00bb1\/3&Prime;][vc_empty_space height=\u00a0\u00bb60px\u00a0\u00bb][\/vc_column][vc_column width=\u00a0\u00bb1\/3&Prime;][vc_empty_space height=\u00a0\u00bb60px\u00a0\u00bb][\/vc_column][\/vc_row][vc_row fullwidth=\u00a0\u00bbtrue\u00a0\u00bb fullwidth_content=\u00a0\u00bbfalse\u00a0\u00bb css=\u00a0\u00bb.vc_custom_1605163714453{background-color: #f2f2f2 !important;}\u00a0\u00bb][vc_column][mk_padding_divider size=\u00a0\u00bb60&Prime;][\/vc_column][\/vc_row][vc_row fullwidth=\u00a0\u00bbtrue\u00a0\u00bb fullwidth_content=\u00a0\u00bbfalse\u00a0\u00bb css=\u00a0\u00bb.vc_custom_1605163720839{background-color: #f2f2f2 !important;}\u00a0\u00bb][vc_column width=\u00a0\u00bb1\/2&Prime;][vc_column_text css=\u00a0\u00bb.vc_custom_1605602352329{margin-bottom: 0px !important;}\u00a0\u00bb]\n<p><strong>WSG05POE est un Switch r\u00e9seau Gigabit PoE et en m\u00eame temps un Extender PoE<\/strong>, ce qui permet d\u2019\u00e9tendre le r\u00e9seau sur des distances plus longues. Il a un port IN pour connexion au switch PoE et 4 ports OUT pour connecter les dispositifs PoE.<\/p>\n<p>Les Switches r\u00e9seaux <strong>WSG08POE<\/strong>, <strong>WSG16POE<\/strong> et <strong>WSG24POE<\/strong>, dot\u00e9s d&rsquo;une <strong>protection contre la foudre 6kV<\/strong>, disposent de ports Ethernet RJ45 auto-n\u00e9gociation 10\/100\/1000Mbps et supportent la norme \u00e9conomie d\u2019\u00e9nergie \u201cGreen Ethernet\u201d IEEE802.3az.<\/p>\n[\/vc_column_text][\/vc_column][vc_column width=\u00a0\u00bb1\/2&Prime;][vc_column_text css=\u00a0\u00bb.vc_custom_1625134496558{margin-bottom: 0px !important;}\u00a0\u00bb]Le Switch\u00a0<strong>WSG24POE<\/strong>\u00a0web manageable se caract\u00e9rise par le support de 2 SFP Slots et une grande facilit\u00e9 de gestion gr\u00e2ce \u00e0 une interface sp\u00e9cifique.<\/p>\n<p>Les Switches Wildix sont simples \u00e0 installer et \u00e0 utiliser. Des LED permettent de surveiller le statut du Switch ainsi que l\u2019activit\u00e9 des liens de chacun des ports.[\/vc_column_text][\/vc_column][\/vc_row][vc_row fullwidth=\u00a0\u00bbtrue\u00a0\u00bb fullwidth_content=\u00a0\u00bbfalse\u00a0\u00bb css=\u00a0\u00bb.vc_custom_1605163729562{background-color: #f2f2f2 !important;}\u00a0\u00bb][vc_column width=\u00a0\u00bb1\/3&Prime;][\/vc_column][vc_column width=\u00a0\u00bb1\/3&Prime;][mk_padding_divider size=\u00a0\u00bb20&Prime;][mk_button dimension=\u00a0\u00bbflat\u00a0\u00bb corner_style=\u00a0\u00bbrounded\u00a0\u00bb size=\u00a0\u00bbmedium\u00a0\u00bb icon=\u00a0\u00bbmk-jupiter-icon-doc\u00a0\u00bb icon_anim=\u00a0\u00bbside\u00a0\u00bb url=\u00a0\u00bb https:\/\/wildix.atlassian.net\/wiki\/x\/5APOAQ\u00a0\u00bb target=\u00a0\u00bb_blank\u00a0\u00bb fullwidth=\u00a0\u00bbtrue\u00a0\u00bb bg_color=\u00a0\u00bb#3c72a2&Prime; btn_hover_txt_color=\u00a0\u00bb#ffffff\u00a0\u00bb]Switch Documentation[\/mk_button][\/vc_column][vc_column width=\u00a0\u00bb1\/3&Prime;][\/vc_column][\/vc_row][vc_row fullwidth=\u00a0\u00bbtrue\u00a0\u00bb fullwidth_content=\u00a0\u00bbfalse\u00a0\u00bb][vc_column][mk_padding_divider size=\u00a0\u00bb80&Prime;][vc_column_text css=\u00a0\u00bb.vc_custom_1566384764305{margin-bottom: 0px !important;}\u00a0\u00bb]\n<h3 style=\"text-align: center;\">GALERIE SWITCHES WILDIX<\/h3>\n[\/vc_column_text][mk_padding_divider size=\u00a0\u00bb50&Prime;][mk_gallery images=\u00a0\u00bb6914,6912,6911,7860899&Prime; column=\u00a0\u00bb4&Prime; image_size=\u00a0\u00bblarge\u00a0\u00bb item_spacing=\u00a0\u00bb15&Prime; orderby=\u00a0\u00bbrand\u00a0\u00bb][mk_padding_divider size=\u00a0\u00bb50&Prime;][\/vc_column][\/vc_row][vc_row fullwidth=\u00a0\u00bbtrue\u00a0\u00bb fullwidth_content=\u00a0\u00bbfalse\u00a0\u00bb css=\u00a0\u00bb.vc_custom_1563980243307{background-color: #003366 !important;}\u00a0\u00bb][vc_column][mk_padding_divider][vc_row_inner][vc_column_inner][mk_button dimension=\u00a0\u00bbflat\u00a0\u00bb corner_style=\u00a0\u00bbrounded\u00a0\u00bb size=\u00a0\u00bblarge\u00a0\u00bb icon=\u00a0\u00bbmk-moon-arrow-left\u00a0\u00bb icon_anim=\u00a0\u00bbside\u00a0\u00bb url=\u00a0\u00bb\/fr\/passerelles-voip\/\u00a0\u00bb align=\u00a0\u00bbcenter\u00a0\u00bb button_custom_width=\u00a0\u00bb200&Prime; bg_color=\u00a0\u00bb#dd9933&Prime; btn_hover_txt_color=\u00a0\u00bb#ffffff\u00a0\u00bb] Pr\u00e9c\u00e9dent[\/mk_button][\/vc_column_inner][\/vc_row_inner][mk_padding_divider size=\u00a0\u00bb20&Prime;][\/vc_column][\/vc_row]\n<\/section>","protected":false},"excerpt":{"rendered":"<p>[mk_page_section bg_color=\u00a0\u00bb#003366&Prime; bg_position=\u00a0\u00bbcenter center\u00a0\u00bb bg_stretch=\u00a0\u00bbtrue\u00a0\u00bb video_color_mask=\u00a0\u00bb#003366&Prime; video_opacity=\u00a0\u00bb0.9&Prime; min_height=\u00a0\u00bb250&Prime; full_width=\u00a0\u00bbtrue\u00a0\u00bb padding_top=\u00a0\u00bb0&Prime; padding_bottom=\u00a0\u00bb0&Prime; sidebar=\u00a0\u00bbsidebar-1&Prime; first_page=\u00a0\u00bbfalse\u00a0\u00bb last_page=\u00a0\u00bbfalse\u00a0\u00bb][vc_column][mk_padding_divider size=\u00a0\u00bb120&Prime; visibility=\u00a0\u00bbhidden-sm\u00a0\u00bb][mk_padding_divider size=\u00a0\u00bb70&Prime; visibility=\u00a0\u00bbvisible-sm\u00a0\u00bb][mk_fancy_title tag_name=\u00a0\u00bbh1&Prime; color=\u00a0\u00bb#ffffff\u00a0\u00bb size=\u00a0\u00bb70&Prime; force_font_size=\u00a0\u00bbtrue\u00a0\u00bb size_smallscreen=\u00a0\u00bb60&Prime; size_tablet=\u00a0\u00bb50&Prime; size_phone=\u00a0\u00bb40&Prime; font_weight=\u00a0\u00bb300&Prime; font_style=\u00a0\u00bbnormal\u00a0\u00bb txt_transform=\u00a0\u00bbnone\u00a0\u00bb margin_bottom=\u00a0\u00bb0&Prime; font_family=\u00a0\u00bbnone\u00a0\u00bb align=\u00a0\u00bbcenter\u00a0\u00bb]Switches[\/mk_fancy_title][mk_padding_divider size=\u00a0\u00bb30&Prime;][\/vc_column][\/mk_page_section][vc_row][vc_column][mk_padding_divider size=\u00a0\u00bb50&Prime;][\/vc_column][\/vc_row][vc_row][vc_column][vc_column_text css=\u00a0\u00bb.vc_custom_1566384031468{margin-bottom: 0px !important;}\u00a0\u00bb]Wildix offre une grande vari\u00e9t\u00e9 de Switches qui assure un r\u00e9seau VoiP d\u2019entreprise performant, compos\u00e9e de\u00a0Switches PoE Gigabit\u00a0et\u00a0Switches port fibres.[\/vc_column_text][vc_empty_space][\/vc_column][\/vc_row][vc_row][vc_column [&hellip;]<\/p>\n","protected":false},"author":1,"featured_media":0,"parent":0,"menu_order":0,"comment_status":"closed","ping_status":"closed","template":"","meta":{"wpupg_custom_link":[],"wpupg_custom_link_behaviour":["default"],"wpupg_custom_image":[],"wpupg_custom_image_id":[],"footnotes":""},"acf":[],"yoast_head":"<!-- This site is optimized with the Yoast SEO plugin v21.8 - https:\/\/yoast.com\/wordpress\/plugins\/seo\/ -->\n<title>Wildix Switch<\/title>\n<meta name=\"description\" content=\"Wildix offre une grande vari\u00e9t\u00e9 de Switches qui assure un r\u00e9seau VoiP d\u2019entreprise performant, compos\u00e9e de Switches PoE Gigabit et Switches port fibres.\" \/>\n<meta name=\"robots\" content=\"noindex, follow, max-snippet:-1, max-image-preview:large, max-video-preview:-1\" \/>\n<meta property=\"og:locale\" content=\"fr_FR\" \/>\n<meta property=\"og:type\" content=\"article\" \/>\n<meta property=\"og:title\" content=\"Wildix Switch\" \/>\n<meta property=\"og:description\" content=\"Wildix offre une grande vari\u00e9t\u00e9 de Switches qui assure un r\u00e9seau VoiP d\u2019entreprise performant, compos\u00e9e de Switches PoE Gigabit et Switches port fibres.\" \/>\n<meta property=\"og:url\" content=\"https:\/\/old.wildix.com\/fr\/switch\/\" \/>\n<meta property=\"og:site_name\" content=\"Wildix\" \/>\n<meta property=\"article:modified_time\" content=\"2022-09-06T13:23:57+00:00\" \/>\n<meta name=\"twitter:card\" content=\"summary_large_image\" \/>\n<meta name=\"twitter:label1\" content=\"Dur\u00e9e de lecture estim\u00e9e\" \/>\n\t<meta name=\"twitter:data1\" content=\"2 minutes\" \/>\n<script type=\"application\/ld+json\" class=\"yoast-schema-graph\">{\"@context\":\"https:\/\/schema.org\",\"@graph\":[{\"@type\":\"WebPage\",\"@id\":\"https:\/\/old.wildix.com\/fr\/switch\/\",\"url\":\"https:\/\/old.wildix.com\/fr\/switch\/\",\"name\":\"Wildix Switch\",\"isPartOf\":{\"@id\":\"https:\/\/old.wildix.com\/#website\"},\"datePublished\":\"2018-04-18T13:51:54+00:00\",\"dateModified\":\"2022-09-06T13:23:57+00:00\",\"description\":\"Wildix offre une grande vari\u00e9t\u00e9 de Switches qui assure un r\u00e9seau VoiP d\u2019entreprise performant, compos\u00e9e de Switches PoE Gigabit et Switches port fibres.\",\"breadcrumb\":{\"@id\":\"https:\/\/old.wildix.com\/fr\/switch\/#breadcrumb\"},\"inLanguage\":\"fr-FR\",\"potentialAction\":[{\"@type\":\"ReadAction\",\"target\":[\"https:\/\/old.wildix.com\/fr\/switch\/\"]}]},{\"@type\":\"BreadcrumbList\",\"@id\":\"https:\/\/old.wildix.com\/fr\/switch\/#breadcrumb\",\"itemListElement\":[{\"@type\":\"ListItem\",\"position\":1,\"name\":\"Home\",\"item\":\"https:\/\/old.wildix.com\/\"},{\"@type\":\"ListItem\",\"position\":2,\"name\":\"Wildix Switch\"}]},{\"@type\":\"WebSite\",\"@id\":\"https:\/\/old.wildix.com\/#website\",\"url\":\"https:\/\/old.wildix.com\/\",\"name\":\"Wildix\",\"description\":\"Wildix PBX | VoIP Solutions | Unified Communications | WebRTC\",\"publisher\":{\"@id\":\"https:\/\/old.wildix.com\/#organization\"},\"potentialAction\":[{\"@type\":\"SearchAction\",\"target\":{\"@type\":\"EntryPoint\",\"urlTemplate\":\"https:\/\/old.wildix.com\/?s={search_term_string}\"},\"query-input\":\"required name=search_term_string\"}],\"inLanguage\":\"fr-FR\"},{\"@type\":\"Organization\",\"@id\":\"https:\/\/old.wildix.com\/#organization\",\"name\":\"Wildix\",\"url\":\"https:\/\/old.wildix.com\/\",\"logo\":{\"@type\":\"ImageObject\",\"inLanguage\":\"fr-FR\",\"@id\":\"https:\/\/old.wildix.com\/#\/schema\/logo\/image\/\",\"url\":\"https:\/\/old.wildix.com\/wp-content\/uploads\/2018\/04\/wildix-logo-2.png\",\"contentUrl\":\"https:\/\/old.wildix.com\/wp-content\/uploads\/2018\/04\/wildix-logo-2.png\",\"width\":440,\"height\":200,\"caption\":\"Wildix\"},\"image\":{\"@id\":\"https:\/\/old.wildix.com\/#\/schema\/logo\/image\/\"}}]}<\/script>\n<!-- \/ Yoast SEO plugin. -->","yoast_head_json":{"title":"Wildix Switch","description":"Wildix offre une grande vari\u00e9t\u00e9 de Switches qui assure un r\u00e9seau VoiP d\u2019entreprise performant, compos\u00e9e de Switches PoE Gigabit et Switches port fibres.","robots":{"index":"noindex","follow":"follow","max-snippet":"max-snippet:-1","max-image-preview":"max-image-preview:large","max-video-preview":"max-video-preview:-1"},"og_locale":"fr_FR","og_type":"article","og_title":"Wildix Switch","og_description":"Wildix offre une grande vari\u00e9t\u00e9 de Switches qui assure un r\u00e9seau VoiP d\u2019entreprise performant, compos\u00e9e de Switches PoE Gigabit et Switches port fibres.","og_url":"https:\/\/old.wildix.com\/fr\/switch\/","og_site_name":"Wildix","article_modified_time":"2022-09-06T13:23:57+00:00","twitter_card":"summary_large_image","twitter_misc":{"Dur\u00e9e de lecture estim\u00e9e":"2 minutes"},"schema":{"@context":"https:\/\/schema.org","@graph":[{"@type":"WebPage","@id":"https:\/\/old.wildix.com\/fr\/switch\/","url":"https:\/\/old.wildix.com\/fr\/switch\/","name":"Wildix Switch","isPartOf":{"@id":"https:\/\/old.wildix.com\/#website"},"datePublished":"2018-04-18T13:51:54+00:00","dateModified":"2022-09-06T13:23:57+00:00","description":"Wildix offre une grande vari\u00e9t\u00e9 de Switches qui assure un r\u00e9seau VoiP d\u2019entreprise performant, compos\u00e9e de Switches PoE Gigabit et Switches port fibres.","breadcrumb":{"@id":"https:\/\/old.wildix.com\/fr\/switch\/#breadcrumb"},"inLanguage":"fr-FR","potentialAction":[{"@type":"ReadAction","target":["https:\/\/old.wildix.com\/fr\/switch\/"]}]},{"@type":"BreadcrumbList","@id":"https:\/\/old.wildix.com\/fr\/switch\/#breadcrumb","itemListElement":[{"@type":"ListItem","position":1,"name":"Home","item":"https:\/\/old.wildix.com\/"},{"@type":"ListItem","position":2,"name":"Wildix Switch"}]},{"@type":"WebSite","@id":"https:\/\/old.wildix.com\/#website","url":"https:\/\/old.wildix.com\/","name":"Wildix","description":"Wildix PBX | VoIP Solutions | Unified Communications | WebRTC","publisher":{"@id":"https:\/\/old.wildix.com\/#organization"},"potentialAction":[{"@type":"SearchAction","target":{"@type":"EntryPoint","urlTemplate":"https:\/\/old.wildix.com\/?s={search_term_string}"},"query-input":"required name=search_term_string"}],"inLanguage":"fr-FR"},{"@type":"Organization","@id":"https:\/\/old.wildix.com\/#organization","name":"Wildix","url":"https:\/\/old.wildix.com\/","logo":{"@type":"ImageObject","inLanguage":"fr-FR","@id":"https:\/\/old.wildix.com\/#\/schema\/logo\/image\/","url":"https:\/\/old.wildix.com\/wp-content\/uploads\/2018\/04\/wildix-logo-2.png","contentUrl":"https:\/\/old.wildix.com\/wp-content\/uploads\/2018\/04\/wildix-logo-2.png","width":440,"height":200,"caption":"Wildix"},"image":{"@id":"https:\/\/old.wildix.com\/#\/schema\/logo\/image\/"}}]}},"_links":{"self":[{"href":"https:\/\/old.wildix.com\/fr\/wp-json\/wp\/v2\/pages\/7811910"}],"collection":[{"href":"https:\/\/old.wildix.com\/fr\/wp-json\/wp\/v2\/pages"}],"about":[{"href":"https:\/\/old.wildix.com\/fr\/wp-json\/wp\/v2\/types\/page"}],"author":[{"embeddable":true,"href":"https:\/\/old.wildix.com\/fr\/wp-json\/wp\/v2\/users\/1"}],"replies":[{"embeddable":true,"href":"https:\/\/old.wildix.com\/fr\/wp-json\/wp\/v2\/comments?post=7811910"}],"version-history":[{"count":0,"href":"https:\/\/old.wildix.com\/fr\/wp-json\/wp\/v2\/pages\/7811910\/revisions"}],"wp:attachment":[{"href":"https:\/\/old.wildix.com\/fr\/wp-json\/wp\/v2\/media?parent=7811910"}],"curies":[{"name":"wp","href":"https:\/\/api.w.org\/{rel}","templated":true}]}}