{"id":7815221,"date":"2018-06-20T11:03:59","date_gmt":"2018-06-20T11:03:59","guid":{"rendered":"https:\/\/old2.wildix.com\/?page_id=7815221"},"modified":"2022-07-26T09:32:14","modified_gmt":"2022-07-26T09:32:14","slug":"activation-de-la-garantie","status":"publish","type":"page","link":"https:\/\/old.wildix.com\/fr\/activation-de-la-garantie\/","title":{"rendered":"Wildix Management Portal &#8211; 5 ANS DE GARANTIE SUR LES PRODUITS WILDIX"},"content":{"rendered":"<section class=\"wpb-content-wrapper\">[mk_page_section bg_gradient=\u00a0\u00bbleft_top\u00a0\u00bb video_color_mask=\u00a0\u00bb#003366&Prime; gr_end=\u00a0\u00bb#90f3f2&Prime; video_opacity=\u00a0\u00bb0.9&Prime; min_height=\u00a0\u00bb250&Prime; full_width=\u00a0\u00bbtrue\u00a0\u00bb padding_top=\u00a0\u00bb0&Prime; padding_bottom=\u00a0\u00bb0&Prime; sidebar=\u00a0\u00bbsidebar-1&Prime; first_page=\u00a0\u00bbfalse\u00a0\u00bb last_page=\u00a0\u00bbfalse\u00a0\u00bb][vc_column][mk_padding_divider size=\u00a0\u00bb120&Prime; visibility=\u00a0\u00bbhidden-sm\u00a0\u00bb][mk_padding_divider size=\u00a0\u00bb70&Prime; visibility=\u00a0\u00bbvisible-sm\u00a0\u00bb][mk_fancy_title color=\u00a0\u00bb#ffffff\u00a0\u00bb size=\u00a0\u00bb70&Prime; force_font_size=\u00a0\u00bbtrue\u00a0\u00bb size_smallscreen=\u00a0\u00bb60&Prime; size_tablet=\u00a0\u00bb50&Prime; size_phone=\u00a0\u00bb30&Prime; font_weight=\u00a0\u00bb300&Prime; font_style=\u00a0\u00bbnormal\u00a0\u00bb txt_transform=\u00a0\u00bbnone\u00a0\u00bb margin_bottom=\u00a0\u00bb0&Prime; font_family=\u00a0\u00bbnone\u00a0\u00bb align=\u00a0\u00bbcenter\u00a0\u00bb]Wildix Management Portal<br \/>\n5 ans de garantie sur les produits Wildix[\/mk_fancy_title][mk_fancy_title tag_name=\u00a0\u00bbspan\u00a0\u00bb color=\u00a0\u00bb#ffffff\u00a0\u00bb size=\u00a0\u00bb24&Prime; force_font_size=\u00a0\u00bbtrue\u00a0\u00bb size_smallscreen=\u00a0\u00bb22&Prime; size_tablet=\u00a0\u00bb22&Prime; size_phone=\u00a0\u00bb20&Prime; font_weight=\u00a0\u00bb300&Prime; font_style=\u00a0\u00bbnormal\u00a0\u00bb txt_transform=\u00a0\u00bbnone\u00a0\u00bb margin_bottom=\u00a0\u00bb0&Prime; font_family=\u00a0\u00bbnone\u00a0\u00bb align=\u00a0\u00bbcenter\u00a0\u00bb][\/mk_fancy_title][mk_padding_divider size=\u00a0\u00bb30&Prime;][\/vc_column][\/mk_page_section][vc_row fullwidth=\u00a0\u00bbtrue\u00a0\u00bb fullwidth_content=\u00a0\u00bbfalse\u00a0\u00bb css=\u00a0\u00bb.vc_custom_1547544468124{background-image: url(https:\/\/old.wildix.com\/wp-content\/uploads\/2019\/01\/wildix-warranty-back.jpg?id=7832132) !important;background-position: center !important;background-repeat: no-repeat !important;background-size: cover !important;}\u00a0\u00bb][vc_column][mk_padding_divider size=\u00a0\u00bb55&Prime;][mk_button dimension=\u00a0\u00bboutline\u00a0\u00bb corner_style=\u00a0\u00bbfull_rounded\u00a0\u00bb size=\u00a0\u00bbx-large\u00a0\u00bb icon=\u00a0\u00bbmk-icon-crosshairs\u00a0\u00bb url=\u00a0\u00bbhttps:\/\/old.wildix.com\/portal\/\u00a0\u00bb align=\u00a0\u00bbcenter\u00a0\u00bb outline_skin=\u00a0\u00bbcustom\u00a0\u00bb outline_active_color=\u00a0\u00bb#dd9933&Prime; outline_active_text_color=\u00a0\u00bb#dd9933&Prime; outline_hover_bg_color=\u00a0\u00bb#dd9933&Prime; outline_hover_color=\u00a0\u00bb#ffffff\u00a0\u00bb]Acc\u00e8der au portail pour passer votre commande[\/mk_button][mk_padding_divider size=\u00a0\u00bb35&Prime;][vc_row_inner][vc_column_inner width=\u00a0\u00bb1\/2&Prime; css=\u00a0\u00bb.vc_custom_1547543567813{padding-right: 5% !important;padding-left: 5% !important;}\u00a0\u00bb][mk_fancy_title color=\u00a0\u00bb#ffffff\u00a0\u00bb size=\u00a0\u00bb28&Prime; force_font_size=\u00a0\u00bbtrue\u00a0\u00bb size_smallscreen=\u00a0\u00bb25&Prime; size_tablet=\u00a0\u00bb25&Prime; size_phone=\u00a0\u00bb20&Prime; margin_top=\u00a0\u00bb\u00a0\u00bb margin_bottom=\u00a0\u00bb10&Prime; font_family=\u00a0\u00bbnone\u00a0\u00bb align=\u00a0\u00bbcenter\u00a0\u00bb visibility=\u00a0\u00bbhidden-sm\u00a0\u00bb]5 ans de Garantie sur les produits Wildix<br \/>\n+ Support 24\/24 et 7j\/7*[\/mk_fancy_title][vc_column_text visibility=\u00a0\u00bbhidden-sm\u00a0\u00bb css=\u00a0\u00bb.vc_custom_1658753236136{margin-bottom: 0px !important;}\u00a0\u00bb]\n<p><img decoding=\"async\" class=\"alignleft size-full wp-image-7768634\" src=\"https:\/\/old.wildix.com\/wp-content\/uploads\/2018\/06\/wildix-5-year-warranty.png\" alt=\"Wildix 5 years Warranty\" width=\"150\" height=\"151\" \/><\/p>\n<p style=\"color: #ffffff; text-align: left;\">Les produits Wildix achet\u00e9s en CapEx avant le 1er juillet 2022 peuvent toujours b\u00e9n\u00e9ficier de la garantie de 5 ans !<\/p>\n<p style=\"color: #ffffff; text-align: left;\">Assurez-vous d&rsquo;enregistrer ces produits CapEx dans un d\u00e9lai d&rsquo;un an pour b\u00e9n\u00e9ficier de tous les avantages de notre garantie.<\/p>\n<hr style=\"color: #ffffff; weight: 1px;\" \/>\n<p style=\"color: #ffffff; text-align: justify;\"><em><strong style=\"color: #ffffff;\">Note:<\/strong> les clients sont invit\u00e9s \u00e0 envoyer une copie du formulaire d\u2019activation d\u00fbment compl\u00e9t\u00e9 et accompagn\u00e9 des pi\u00e8ces jointes requises, \u00e0 l\u2019adresse suivante <a title=\"undefined\" href=\"mailto:warranty@wildix.com\">warranty@wildix.com<\/a><\/em><\/p>\n<p><em style=\"color: #ffffff;\">Afin de valider l&rsquo;activation, les clients devront laisser un commentaire sur la plateforme Gartner Peer Insights. Le Partenaire devra suivre les instructions suivantes pour finaliser la proc\u00e9dure d\u2019activation :<\/em><\/p>\n<ul>\n<li><em style=\"color: #ffffff;\">Informer les clients de l\u2019avis<\/em><\/li>\n<li><em style=\"color: #ffffff;\">Partager avec eux ce <a href=\"https:\/\/www.gartner.com\/reviews\/market\/unified-communications-service\/vendor\/wildix\/product\/wildix\" target=\"_blank\" rel=\"noopener noreferrer\">lien<\/a><\/em><\/li>\n<li><em style=\"color: #ffffff;\">Leur demander de leur renvoyer l\u2019e-mail de confirmation une fois l\u2019avis laiss\u00e9<\/em><\/li>\n<li><em style=\"color: #ffffff;\">Transf\u00e9rer \u00e0 Wildix cet e-mail \u00e0 <a title=\"undefined\" href=\"mailto:marketing@wildix.com\">marketing@wildix.com<\/a><\/em><\/li>\n<\/ul>\n<hr style=\"color: #ffffff; weight: 1px;\" \/>\n<p><em style=\"color: #ffffff;\">*Licence r\u00e9currente seulement<\/em><\/p>\n[\/vc_column_text][\/vc_column_inner][vc_column_inner width=\u00a0\u00bb1\/2&Prime; css=\u00a0\u00bb.vc_custom_1547543545535{background-color: #ffffff !important;border-radius: 10px !important;}\u00a0\u00bb][mk_padding_divider size=\u00a0\u00bb20&Prime;][vc_column_text align=\u00a0\u00bbcenter\u00a0\u00bb css=\u00a0\u00bb.vc_custom_1547543747821{margin-bottom: 0px !important;padding-right: 3% !important;padding-left: 3% !important;}\u00a0\u00bb]<strong style=\"color: #003366;\">Merci de renseigner les informations suivantes ainsi que votre email pour recevoir les documents n\u00e9cessaires \u00e0 l&rsquo;enregistrement de votre produit:<\/strong>[\/vc_column_text][vc_raw_html]JTNDZGl2JTIwaWQlM0QlMjJvdXRlciUyMiUzRSUwQSUzQ2RpdiUyMGlkJTNEJTIyaW5uZXIlMjIlM0UlMEElMEElM0NpZnJhbWUlMjBzcmMlM0QlMjJodHRwcyUzQSUyRiUyRmdvLndpbGRpeC5jb20lMkZsJTJGOTIwMTEzJTJGMjAyMS0xMi0yOCUyRmhoZzU2JTIyJTIwd2lkdGglM0QlMjIxMDAlMjUlMjIlMjBoZWlnaHQlM0QlMjIzNjAlMjIlMjB0eXBlJTNEJTIydGV4dCUyRmh0bWwlMjIlMjBmcmFtZWJvcmRlciUzRCUyMjAlMjIlMjBhbGxvd1RyYW5zcGFyZW5jeSUzRCUyMnRydWUlMjIlMjBzdHlsZSUzRCUyMmJvcmRlciUzQSUyMDAlMjIlM0UlM0MlMkZpZnJhbWUlM0UlMEElMEElM0MlMkZkaXYlM0UlMEElM0MlMkZkaXYlM0U=[\/vc_raw_html][\/vc_column_inner][\/vc_row_inner][mk_padding_divider size=\u00a0\u00bb70&Prime;][\/vc_column][\/vc_row][vc_row][vc_column visibility=\u00a0\u00bbvisible-sm\u00a0\u00bb][mk_fancy_title size=\u00a0\u00bb28&Prime; force_font_size=\u00a0\u00bbtrue\u00a0\u00bb size_smallscreen=\u00a0\u00bb25&Prime; size_tablet=\u00a0\u00bb25&Prime; size_phone=\u00a0\u00bb20&Prime; margin_top=\u00a0\u00bb30&Prime; margin_bottom=\u00a0\u00bb10&Prime; font_family=\u00a0\u00bbnone\u00a0\u00bb align=\u00a0\u00bbcenter\u00a0\u00bb]5 ans de Garantie sur les produits Wildix<br \/>\n+ Support 24\/24 et 7j\/7*[\/mk_fancy_title][mk_image src=\u00a0\u00bbhttps:\/\/old.wildix.com\/wp-content\/uploads\/2018\/06\/wildix-5-year-warranty.png\u00a0\u00bb image_size=\u00a0\u00bbfull\u00a0\u00bb align=\u00a0\u00bbcenter\u00a0\u00bb][vc_column_text css=\u00a0\u00bb.vc_custom_1593159997236{margin-bottom: 0px !important;}\u00a0\u00bb]Ayant toute confiance en la qualit\u00e9 de nos produits et pour le d\u00e9montrer \u00e0 nos partenaires et clients finaux, Wildix a decid\u00e9 de porter la garantie de son mat\u00e9riel \u00e0 5 ans. Pour activer cette garantie il vous suffit de nous fournir le d\u00e9tail des produits achet\u00e9s (nom du produit, num\u00e9ro de s\u00e9rie, adresse MAC..) accompagn\u00e9 des preuves d\u2019achat dans un d\u00e9lai de 6 mois.<\/p>\n<hr style=\"weight: 1px;\" \/>\n<p style=\"text-align: justify;\"><em><strong>Note:<\/strong> les clients sont invit\u00e9s \u00e0 envoyer une copie du formulaire d\u2019activation d\u00fbment compl\u00e9t\u00e9 et accompagn\u00e9 des pi\u00e8ces jointes requises, \u00e0 l\u2019adresse suivante <a title=\"undefined\" href=\"mailto:warranty@wildix.com\">warranty@wildix.com<\/a><\/em><\/p>\n<p><em>Afin de valider l&rsquo;activation, les clients devront laisser un commentaire sur la plateforme Gartner Peer Insights. Le Partenaire devra suivre les instructions suivantes pour finaliser la proc\u00e9dure d\u2019activation :<\/em><\/p>\n<ul>\n<li><em>Informer les clients de l\u2019avis<\/em><\/li>\n<li><em>Partager avec eux ce <a href=\"https:\/\/www.gartner.com\/reviews\/market\/unified-communications-service\/vendor\/wildix\/product\/wildix\" target=\"_blank\" rel=\"noopener noreferrer\">lien<\/a><\/em><\/li>\n<li><em>Leur demander de leur renvoyer l\u2019e-mail de confirmation une fois l\u2019avis laiss\u00e9<\/em><\/li>\n<li><em>Transf\u00e9rer \u00e0 Wildix cet e-mail \u00e0 <a title=\"undefined\" href=\"mailto:marketing@wildix.com\">marketing@wildix.com<\/a><\/em><\/li>\n<\/ul>\n<hr style=\"weight: 1px;\" \/>\n<p><em>*Licence r\u00e9currente seulement<\/em>[\/vc_column_text][mk_padding_divider size=\u00a0\u00bb20&Prime;][\/vc_column][\/vc_row]\n<\/section>","protected":false},"excerpt":{"rendered":"<p>[mk_page_section bg_gradient=\u00a0\u00bbleft_top\u00a0\u00bb video_color_mask=\u00a0\u00bb#003366&Prime; gr_end=\u00a0\u00bb#90f3f2&Prime; video_opacity=\u00a0\u00bb0.9&Prime; min_height=\u00a0\u00bb250&Prime; full_width=\u00a0\u00bbtrue\u00a0\u00bb padding_top=\u00a0\u00bb0&Prime; padding_bottom=\u00a0\u00bb0&Prime; sidebar=\u00a0\u00bbsidebar-1&Prime; first_page=\u00a0\u00bbfalse\u00a0\u00bb last_page=\u00a0\u00bbfalse\u00a0\u00bb][vc_column][mk_padding_divider size=\u00a0\u00bb120&Prime; visibility=\u00a0\u00bbhidden-sm\u00a0\u00bb][mk_padding_divider size=\u00a0\u00bb70&Prime; visibility=\u00a0\u00bbvisible-sm\u00a0\u00bb][mk_fancy_title color=\u00a0\u00bb#ffffff\u00a0\u00bb size=\u00a0\u00bb70&Prime; force_font_size=\u00a0\u00bbtrue\u00a0\u00bb size_smallscreen=\u00a0\u00bb60&Prime; size_tablet=\u00a0\u00bb50&Prime; size_phone=\u00a0\u00bb30&Prime; font_weight=\u00a0\u00bb300&Prime; font_style=\u00a0\u00bbnormal\u00a0\u00bb txt_transform=\u00a0\u00bbnone\u00a0\u00bb margin_bottom=\u00a0\u00bb0&Prime; font_family=\u00a0\u00bbnone\u00a0\u00bb align=\u00a0\u00bbcenter\u00a0\u00bb]Wildix Management Portal 5 ans de garantie sur les produits Wildix[\/mk_fancy_title][mk_fancy_title tag_name=\u00a0\u00bbspan\u00a0\u00bb color=\u00a0\u00bb#ffffff\u00a0\u00bb size=\u00a0\u00bb24&Prime; force_font_size=\u00a0\u00bbtrue\u00a0\u00bb size_smallscreen=\u00a0\u00bb22&Prime; size_tablet=\u00a0\u00bb22&Prime; size_phone=\u00a0\u00bb20&Prime; font_weight=\u00a0\u00bb300&Prime; font_style=\u00a0\u00bbnormal\u00a0\u00bb txt_transform=\u00a0\u00bbnone\u00a0\u00bb margin_bottom=\u00a0\u00bb0&Prime; font_family=\u00a0\u00bbnone\u00a0\u00bb align=\u00a0\u00bbcenter\u00a0\u00bb][\/mk_fancy_title][mk_padding_divider size=\u00a0\u00bb30&Prime;][\/vc_column][\/mk_page_section][vc_row fullwidth=\u00a0\u00bbtrue\u00a0\u00bb fullwidth_content=\u00a0\u00bbfalse\u00a0\u00bb css=\u00a0\u00bb.vc_custom_1547544468124{background-image: [&hellip;]<\/p>\n","protected":false},"author":1,"featured_media":0,"parent":0,"menu_order":0,"comment_status":"closed","ping_status":"closed","template":"","meta":{"wpupg_custom_link":[],"wpupg_custom_link_behaviour":["default"],"wpupg_custom_image":[],"wpupg_custom_image_id":[],"footnotes":""},"acf":[],"yoast_head":"<!-- This site is optimized with the Yoast SEO plugin v21.8 - https:\/\/yoast.com\/wordpress\/plugins\/seo\/ -->\n<title>5 ANS DE GARANTIE SUR LES PRODUITS WILDIX<\/title>\n<meta name=\"description\" content=\"Ayant toute confiance en la qualit\u00e9 de nos produits et pour le d\u00e9montrer \u00e0 nos partenaires et clients finaux, Wildix a decid\u00e9 de porter la garantie de son mat\u00e9riel \u00e0 5 ans.\" \/>\n<meta name=\"robots\" content=\"noindex, follow, max-snippet:-1, max-image-preview:large, max-video-preview:-1\" \/>\n<meta property=\"og:locale\" content=\"fr_FR\" \/>\n<meta property=\"og:type\" content=\"article\" \/>\n<meta property=\"og:title\" content=\"5 ANS DE GARANTIE SUR LES PRODUITS WILDIX\" \/>\n<meta property=\"og:description\" content=\"Ayant toute confiance en la qualit\u00e9 de nos produits et pour le d\u00e9montrer \u00e0 nos partenaires et clients finaux, Wildix a decid\u00e9 de porter la garantie de son mat\u00e9riel \u00e0 5 ans.\" \/>\n<meta property=\"og:url\" content=\"https:\/\/old.wildix.com\/fr\/activation-de-la-garantie\/\" \/>\n<meta property=\"og:site_name\" content=\"Wildix\" \/>\n<meta property=\"article:modified_time\" content=\"2022-07-26T09:32:14+00:00\" \/>\n<meta property=\"og:image\" content=\"https:\/\/old.wildix.com\/wp-content\/uploads\/2018\/06\/wildix-5-year-warranty.png\" \/>\n<meta name=\"twitter:card\" content=\"summary_large_image\" \/>\n<meta name=\"twitter:label1\" content=\"Dur\u00e9e de lecture estim\u00e9e\" \/>\n\t<meta name=\"twitter:data1\" content=\"3 minutes\" \/>\n<script type=\"application\/ld+json\" class=\"yoast-schema-graph\">{\"@context\":\"https:\/\/schema.org\",\"@graph\":[{\"@type\":\"WebPage\",\"@id\":\"https:\/\/old.wildix.com\/fr\/activation-de-la-garantie\/\",\"url\":\"https:\/\/old.wildix.com\/fr\/activation-de-la-garantie\/\",\"name\":\"5 ANS DE GARANTIE SUR LES PRODUITS WILDIX\",\"isPartOf\":{\"@id\":\"https:\/\/old.wildix.com\/#website\"},\"datePublished\":\"2018-06-20T11:03:59+00:00\",\"dateModified\":\"2022-07-26T09:32:14+00:00\",\"description\":\"Ayant toute confiance en la qualit\u00e9 de nos produits et pour le d\u00e9montrer \u00e0 nos partenaires et clients finaux, Wildix a decid\u00e9 de porter la garantie de son mat\u00e9riel \u00e0 5 ans.\",\"breadcrumb\":{\"@id\":\"https:\/\/old.wildix.com\/fr\/activation-de-la-garantie\/#breadcrumb\"},\"inLanguage\":\"fr-FR\",\"potentialAction\":[{\"@type\":\"ReadAction\",\"target\":[\"https:\/\/old.wildix.com\/fr\/activation-de-la-garantie\/\"]}]},{\"@type\":\"BreadcrumbList\",\"@id\":\"https:\/\/old.wildix.com\/fr\/activation-de-la-garantie\/#breadcrumb\",\"itemListElement\":[{\"@type\":\"ListItem\",\"position\":1,\"name\":\"Home\",\"item\":\"https:\/\/old.wildix.com\/\"},{\"@type\":\"ListItem\",\"position\":2,\"name\":\"Wildix Management Portal &#8211; 5 ANS DE GARANTIE SUR LES PRODUITS WILDIX\"}]},{\"@type\":\"WebSite\",\"@id\":\"https:\/\/old.wildix.com\/#website\",\"url\":\"https:\/\/old.wildix.com\/\",\"name\":\"Wildix\",\"description\":\"Wildix PBX | VoIP Solutions | Unified Communications | WebRTC\",\"publisher\":{\"@id\":\"https:\/\/old.wildix.com\/#organization\"},\"potentialAction\":[{\"@type\":\"SearchAction\",\"target\":{\"@type\":\"EntryPoint\",\"urlTemplate\":\"https:\/\/old.wildix.com\/?s={search_term_string}\"},\"query-input\":\"required name=search_term_string\"}],\"inLanguage\":\"fr-FR\"},{\"@type\":\"Organization\",\"@id\":\"https:\/\/old.wildix.com\/#organization\",\"name\":\"Wildix\",\"url\":\"https:\/\/old.wildix.com\/\",\"logo\":{\"@type\":\"ImageObject\",\"inLanguage\":\"fr-FR\",\"@id\":\"https:\/\/old.wildix.com\/#\/schema\/logo\/image\/\",\"url\":\"https:\/\/old.wildix.com\/wp-content\/uploads\/2018\/04\/wildix-logo-2.png\",\"contentUrl\":\"https:\/\/old.wildix.com\/wp-content\/uploads\/2018\/04\/wildix-logo-2.png\",\"width\":440,\"height\":200,\"caption\":\"Wildix\"},\"image\":{\"@id\":\"https:\/\/old.wildix.com\/#\/schema\/logo\/image\/\"}}]}<\/script>\n<!-- \/ Yoast SEO plugin. -->","yoast_head_json":{"title":"5 ANS DE GARANTIE SUR LES PRODUITS WILDIX","description":"Ayant toute confiance en la qualit\u00e9 de nos produits et pour le d\u00e9montrer \u00e0 nos partenaires et clients finaux, Wildix a decid\u00e9 de porter la garantie de son mat\u00e9riel \u00e0 5 ans.","robots":{"index":"noindex","follow":"follow","max-snippet":"max-snippet:-1","max-image-preview":"max-image-preview:large","max-video-preview":"max-video-preview:-1"},"og_locale":"fr_FR","og_type":"article","og_title":"5 ANS DE GARANTIE SUR LES PRODUITS WILDIX","og_description":"Ayant toute confiance en la qualit\u00e9 de nos produits et pour le d\u00e9montrer \u00e0 nos partenaires et clients finaux, Wildix a decid\u00e9 de porter la garantie de son mat\u00e9riel \u00e0 5 ans.","og_url":"https:\/\/old.wildix.com\/fr\/activation-de-la-garantie\/","og_site_name":"Wildix","article_modified_time":"2022-07-26T09:32:14+00:00","og_image":[{"url":"https:\/\/old.wildix.com\/wp-content\/uploads\/2018\/06\/wildix-5-year-warranty.png"}],"twitter_card":"summary_large_image","twitter_misc":{"Dur\u00e9e de lecture estim\u00e9e":"3 minutes"},"schema":{"@context":"https:\/\/schema.org","@graph":[{"@type":"WebPage","@id":"https:\/\/old.wildix.com\/fr\/activation-de-la-garantie\/","url":"https:\/\/old.wildix.com\/fr\/activation-de-la-garantie\/","name":"5 ANS DE GARANTIE SUR LES PRODUITS WILDIX","isPartOf":{"@id":"https:\/\/old.wildix.com\/#website"},"datePublished":"2018-06-20T11:03:59+00:00","dateModified":"2022-07-26T09:32:14+00:00","description":"Ayant toute confiance en la qualit\u00e9 de nos produits et pour le d\u00e9montrer \u00e0 nos partenaires et clients finaux, Wildix a decid\u00e9 de porter la garantie de son mat\u00e9riel \u00e0 5 ans.","breadcrumb":{"@id":"https:\/\/old.wildix.com\/fr\/activation-de-la-garantie\/#breadcrumb"},"inLanguage":"fr-FR","potentialAction":[{"@type":"ReadAction","target":["https:\/\/old.wildix.com\/fr\/activation-de-la-garantie\/"]}]},{"@type":"BreadcrumbList","@id":"https:\/\/old.wildix.com\/fr\/activation-de-la-garantie\/#breadcrumb","itemListElement":[{"@type":"ListItem","position":1,"name":"Home","item":"https:\/\/old.wildix.com\/"},{"@type":"ListItem","position":2,"name":"Wildix Management Portal &#8211; 5 ANS DE GARANTIE SUR LES PRODUITS WILDIX"}]},{"@type":"WebSite","@id":"https:\/\/old.wildix.com\/#website","url":"https:\/\/old.wildix.com\/","name":"Wildix","description":"Wildix PBX | VoIP Solutions | Unified Communications | WebRTC","publisher":{"@id":"https:\/\/old.wildix.com\/#organization"},"potentialAction":[{"@type":"SearchAction","target":{"@type":"EntryPoint","urlTemplate":"https:\/\/old.wildix.com\/?s={search_term_string}"},"query-input":"required name=search_term_string"}],"inLanguage":"fr-FR"},{"@type":"Organization","@id":"https:\/\/old.wildix.com\/#organization","name":"Wildix","url":"https:\/\/old.wildix.com\/","logo":{"@type":"ImageObject","inLanguage":"fr-FR","@id":"https:\/\/old.wildix.com\/#\/schema\/logo\/image\/","url":"https:\/\/old.wildix.com\/wp-content\/uploads\/2018\/04\/wildix-logo-2.png","contentUrl":"https:\/\/old.wildix.com\/wp-content\/uploads\/2018\/04\/wildix-logo-2.png","width":440,"height":200,"caption":"Wildix"},"image":{"@id":"https:\/\/old.wildix.com\/#\/schema\/logo\/image\/"}}]}},"_links":{"self":[{"href":"https:\/\/old.wildix.com\/fr\/wp-json\/wp\/v2\/pages\/7815221"}],"collection":[{"href":"https:\/\/old.wildix.com\/fr\/wp-json\/wp\/v2\/pages"}],"about":[{"href":"https:\/\/old.wildix.com\/fr\/wp-json\/wp\/v2\/types\/page"}],"author":[{"embeddable":true,"href":"https:\/\/old.wildix.com\/fr\/wp-json\/wp\/v2\/users\/1"}],"replies":[{"embeddable":true,"href":"https:\/\/old.wildix.com\/fr\/wp-json\/wp\/v2\/comments?post=7815221"}],"version-history":[{"count":0,"href":"https:\/\/old.wildix.com\/fr\/wp-json\/wp\/v2\/pages\/7815221\/revisions"}],"wp:attachment":[{"href":"https:\/\/old.wildix.com\/fr\/wp-json\/wp\/v2\/media?parent=7815221"}],"curies":[{"name":"wp","href":"https:\/\/api.w.org\/{rel}","templated":true}]}}