{"id":7824340,"date":"2018-07-23T06:30:34","date_gmt":"2018-07-23T06:30:34","guid":{"rendered":"https:\/\/old2.wildix.com\/?page_id=7824340"},"modified":"2021-12-21T10:13:42","modified_gmt":"2021-12-21T10:13:42","slug":"try","status":"publish","type":"page","link":"https:\/\/old.wildix.com\/fr\/try\/","title":{"rendered":"Book a Demo"},"content":{"rendered":"<section class=\"wpb-content-wrapper\">[mk_page_section bg_gradient=\u00a0\u00bbleft_top\u00a0\u00bb video_color_mask=\u00a0\u00bb#003366&Prime; gr_end=\u00a0\u00bb#90f3f2&Prime; video_opacity=\u00a0\u00bb0.9&Prime; min_height=\u00a0\u00bb250&Prime; full_width=\u00a0\u00bbtrue\u00a0\u00bb padding_top=\u00a0\u00bb0&Prime; padding_bottom=\u00a0\u00bb0&Prime; sidebar=\u00a0\u00bbsidebar-1&Prime; first_page=\u00a0\u00bbfalse\u00a0\u00bb last_page=\u00a0\u00bbfalse\u00a0\u00bb][vc_column][mk_padding_divider size=\u00a0\u00bb120&Prime; visibility=\u00a0\u00bbhidden-sm\u00a0\u00bb][mk_padding_divider size=\u00a0\u00bb70&Prime; visibility=\u00a0\u00bbvisible-sm\u00a0\u00bb][mk_fancy_title tag_name=\u00a0\u00bbh1&Prime; color=\u00a0\u00bb#ffffff\u00a0\u00bb size=\u00a0\u00bb70&Prime; force_font_size=\u00a0\u00bbtrue\u00a0\u00bb size_smallscreen=\u00a0\u00bb60&Prime; size_tablet=\u00a0\u00bb50&Prime; size_phone=\u00a0\u00bb40&Prime; font_weight=\u00a0\u00bb300&Prime; font_style=\u00a0\u00bbnormal\u00a0\u00bb txt_transform=\u00a0\u00bbnone\u00a0\u00bb margin_bottom=\u00a0\u00bb0&Prime; font_family=\u00a0\u00bbnone\u00a0\u00bb align=\u00a0\u00bbcenter\u00a0\u00bb]D\u00e9mo en ligne[\/mk_fancy_title][mk_fancy_title tag_name=\u00a0\u00bbspan\u00a0\u00bb color=\u00a0\u00bb#ffffff\u00a0\u00bb size=\u00a0\u00bb24&Prime; force_font_size=\u00a0\u00bbtrue\u00a0\u00bb size_smallscreen=\u00a0\u00bb22&Prime; size_tablet=\u00a0\u00bb22&Prime; size_phone=\u00a0\u00bb20&Prime; font_weight=\u00a0\u00bb300&Prime; font_style=\u00a0\u00bbnormal\u00a0\u00bb txt_transform=\u00a0\u00bbnone\u00a0\u00bb margin_bottom=\u00a0\u00bb0&Prime; font_family=\u00a0\u00bbnone\u00a0\u00bb align=\u00a0\u00bbcenter\u00a0\u00bb]Demande ta d\u00e9mo en ligne maintenant[\/mk_fancy_title][mk_padding_divider size=\u00a0\u00bb30&Prime;][\/vc_column][\/mk_page_section][vc_row fullwidth=\u00a0\u00bbtrue\u00a0\u00bb fullwidth_content=\u00a0\u00bbfalse\u00a0\u00bb][vc_column css=\u00a0\u00bb.vc_custom_1569486537771{padding-right: 5% !important;padding-left: 5% !important;}\u00a0\u00bb][mk_padding_divider size=\u00a0\u00bb20&Prime;][mk_fancy_title size=\u00a0\u00bb28&Prime; force_font_size=\u00a0\u00bbtrue\u00a0\u00bb size_smallscreen=\u00a0\u00bb25&Prime; size_tablet=\u00a0\u00bb25&Prime; size_phone=\u00a0\u00bb20&Prime; margin_top=\u00a0\u00bb20&Prime; margin_bottom=\u00a0\u00bb10&Prime; font_family=\u00a0\u00bbnone\u00a0\u00bb align=\u00a0\u00bbcenter\u00a0\u00bb]Plus personne ne veut d\u2019un PBX[\/mk_fancy_title][vc_column_text css=\u00a0\u00bb.vc_custom_1569486688404{margin-bottom: 0px !important;padding-right: 5% !important;padding-left: 5% !important;}\u00a0\u00bb]Vous \u00eates ici parce que vous avez besoin de quelque chose de diff\u00e9rent. Quelque chose que vous pouvez obtenir sur le march\u00e9 et qui dynamise votre entreprise de la mani\u00e8re la plus s\u00fbre qu\u2019il soit.<\/p>\n<p><strong>D\u00e9couvrez<\/strong> le fonctionnement du syst\u00e8me UC&amp;C de Wildix : remplissez le formulaire et observez comment les solutions de communication professionnelles de Wildix transforment votre routine quotidienne.[\/vc_column_text][mk_padding_divider size=\u00a0\u00bb20&Prime;][\/vc_column][\/vc_row][mk_page_section bg_image=\u00a0\u00bbhttps:\/\/old.wildix.com\/wp-content\/uploads\/2018\/07\/demo.jpg\u00a0\u00bb bg_color=\u00a0\u00bb#003366&Prime; enable_3d=\u00a0\u00bbtrue\u00a0\u00bb bg_gradient=\u00a0\u00bbleft_top\u00a0\u00bb video_color_mask=\u00a0\u00bb#000000&Prime; gr_end=\u00a0\u00bb#000000&Prime; video_opacity=\u00a0\u00bb0.8&Prime; min_height=\u00a0\u00bb250&Prime; full_width=\u00a0\u00bbtrue\u00a0\u00bb padding_top=\u00a0\u00bb0&Prime; padding_bottom=\u00a0\u00bb0&Prime; sidebar=\u00a0\u00bbsidebar-1&Prime; first_page=\u00a0\u00bbfalse\u00a0\u00bb last_page=\u00a0\u00bbfalse\u00a0\u00bb][vc_column][vc_row_inner is_fullwidth_content=\u00a0\u00bbfalse\u00a0\u00bb disable_element=\u00a0\u00bbyes\u00a0\u00bb css=\u00a0\u00bb.vc_custom_1542619377388{background-color: #003366 !important;}\u00a0\u00bb el_class=\u00a0\u00bbblue-background\u00a0\u00bb][vc_column_inner width=\u00a0\u00bb1\/4&Prime;][mk_padding_divider size=\u00a0\u00bb20&Prime; visibility=\u00a0\u00bbhidden-sm\u00a0\u00bb][mk_image src=\u00a0\u00bbhttps:\/\/old.wildix.com\/wp-content\/uploads\/2018\/08\/wildix-logo-job-offers.png\u00a0\u00bb image_width=\u00a0\u00bb180&Prime; image_height=\u00a0\u00bb70&Prime; margin_bottom=\u00a0\u00bb\u00a0\u00bb][\/vc_column_inner][vc_column_inner width=\u00a0\u00bb3\/4&Prime;][mk_padding_divider size=\u00a0\u00bb20&Prime; visibility=\u00a0\u00bbhidden-sm\u00a0\u00bb][\/vc_column_inner][\/vc_row_inner][mk_padding_divider visibility=\u00a0\u00bbhidden-sm\u00a0\u00bb][vc_row_inner is_fullwidth_content=\u00a0\u00bbfalse\u00a0\u00bb][vc_column_inner width=\u00a0\u00bb1\/2&Prime; css=\u00a0\u00bb.vc_custom_1569485858904{padding-right: 5% !important;padding-left: 5% !important;}\u00a0\u00bb][mk_padding_divider size=\u00a0\u00bb30&Prime;][mk_fancy_title color=\u00a0\u00bb#ffffff\u00a0\u00bb size=\u00a0\u00bb28&Prime; force_font_size=\u00a0\u00bbtrue\u00a0\u00bb size_smallscreen=\u00a0\u00bb25&Prime; size_tablet=\u00a0\u00bb25&Prime; size_phone=\u00a0\u00bb20&Prime; font_weight=\u00a0\u00bb500&Prime; margin_top=\u00a0\u00bb\u00a0\u00bb margin_bottom=\u00a0\u00bb\u00a0\u00bb font_family=\u00a0\u00bbnone\u00a0\u00bb align=\u00a0\u00bbcenter\u00a0\u00bb visibility=\u00a0\u00bbhidden-sm\u00a0\u00bb]Wildix rend votre futur proche et accessible.[\/mk_fancy_title][mk_fancy_title tag_name=\u00a0\u00bbspan\u00a0\u00bb color=\u00a0\u00bb#ffffff\u00a0\u00bb size=\u00a0\u00bb20&Prime; force_font_size=\u00a0\u00bbtrue\u00a0\u00bb size_smallscreen=\u00a0\u00bb22&Prime; size_tablet=\u00a0\u00bb22&Prime; size_phone=\u00a0\u00bb20&Prime; line_height=\u00a0\u00bb140&Prime; font_weight=\u00a0\u00bb300&Prime; font_style=\u00a0\u00bbnormal\u00a0\u00bb margin_bottom=\u00a0\u00bb0&Prime; font_family=\u00a0\u00bbnone\u00a0\u00bb visibility=\u00a0\u00bbhidden-sm\u00a0\u00bb]Fa\u00eetes votre demande de d\u00e9mo en un clic et d\u00e9couvrez comment les solutions de Communication et de Collaboration Unifi\u00e9es peuvent :<\/p>\n<ul>\n<li>Augmenter votre business jusqu\u2019\u00e0 52%<\/li>\n<li>Faire que votre entreprise \u00e9conomise 2 heures par employ\u00e9 dans les op\u00e9rations quotidiennes<\/li>\n<li>Vous faire \u00e9conomiser de l&rsquo;argent sur les applications de s\u00e9curit\u00e9, car le syst\u00e8me Wildix est secure-by-design\u00a0: vous n\u2019avez pas besoin d\u2019installer quoi que ce soit.<\/li>\n<\/ul>\n[\/mk_fancy_title][mk_fancy_title tag_name=\u00a0\u00bbspan\u00a0\u00bb color=\u00a0\u00bb#dd9933&Prime; size=\u00a0\u00bb20&Prime; force_font_size=\u00a0\u00bbtrue\u00a0\u00bb size_smallscreen=\u00a0\u00bb22&Prime; size_tablet=\u00a0\u00bb22&Prime; size_phone=\u00a0\u00bb20&Prime; line_height=\u00a0\u00bb140&Prime; font_weight=\u00a0\u00bb400&Prime; font_style=\u00a0\u00bbnormal\u00a0\u00bb margin_bottom=\u00a0\u00bb0&Prime; font_family=\u00a0\u00bbnone\u00a0\u00bb visibility=\u00a0\u00bbhidden-sm\u00a0\u00bb]\n<p style=\"color: #dd9933;\">D\u00e9couvrez comment le WebRTC pilotera vos communications futures !<\/p>\n[\/mk_fancy_title][vc_column_text align=\u00a0\u00bbcenter\u00a0\u00bb css=\u00a0\u00bb.vc_custom_1542603339592{margin-bottom: 0px !important;}\u00a0\u00bb]\n[\/vc_column_text][\/vc_column_inner][vc_column_inner width=\u00a0\u00bb1\/2&Prime; css=\u00a0\u00bb.vc_custom_1640081618824{border-top-width: 1px !important;border-right-width: 1px !important;border-bottom-width: 1px !important;border-left-width: 1px !important;padding-right: 0px !important;padding-left: 0px !important;background-color: #ffffff !important;border-left-color: #003366 !important;border-left-style: solid !important;border-right-color: #003366 !important;border-right-style: solid !important;border-top-color: #003366 !important;border-top-style: solid !important;border-bottom-color: #003366 !important;border-bottom-style: solid !important;border-radius: 10px !important;}\u00a0\u00bb][mk_padding_divider size=\u00a0\u00bb15&Prime; visibility=\u00a0\u00bbhidden-sm\u00a0\u00bb][mk_fancy_title color=\u00a0\u00bb#dd9933&Prime; size=\u00a0\u00bb28&Prime; force_font_size=\u00a0\u00bbtrue\u00a0\u00bb size_smallscreen=\u00a0\u00bb25&Prime; size_tablet=\u00a0\u00bb25&Prime; size_phone=\u00a0\u00bb20&Prime; margin_top=\u00a0\u00bb\u00a0\u00bb margin_bottom=\u00a0\u00bb\u00a0\u00bb font_family=\u00a0\u00bbnone\u00a0\u00bb align=\u00a0\u00bbcenter\u00a0\u00bb]Merci de remplir le formulaire<br \/>\nde demande de d\u00e9mo[\/mk_fancy_title][vc_raw_html css=\u00a0\u00bb.vc_custom_1640005316872{padding-right: 10% !important;padding-left: 10% !important;}\u00a0\u00bb]JTNDaWZyYW1lJTIwc3JjJTNEJTIyaHR0cHMlM0ElMkYlMkZnby53aWxkaXguY29tJTJGbCUyRjkyMDExMyUyRjIwMjEtMDctMDElMkY1NnJwJTIyJTIwd2lkdGglM0QlMjIxMDAlMjUlMjIlMjBoZWlnaHQlM0QlMjI1MDAlMjIlMjB0eXBlJTNEJTIydGV4dCUyRmh0bWwlMjIlMjBmcmFtZWJvcmRlciUzRCUyMjAlMjIlMjBhbGxvd1RyYW5zcGFyZW5jeSUzRCUyMnRydWUlMjIlMjBzdHlsZSUzRCUyMmJvcmRlciUzQSUyMDAlMjIlM0UlM0MlMkZpZnJhbWUlM0U=[\/vc_raw_html][mk_padding_divider size=\u00a0\u00bb15&Prime;][\/vc_column_inner][\/vc_row_inner][mk_padding_divider size=\u00a0\u00bb30&Prime; visibility=\u00a0\u00bbvisible-sm\u00a0\u00bb][mk_fancy_title color=\u00a0\u00bb#ffffff\u00a0\u00bb size=\u00a0\u00bb28&Prime; force_font_size=\u00a0\u00bbtrue\u00a0\u00bb size_smallscreen=\u00a0\u00bb25&Prime; size_tablet=\u00a0\u00bb25&Prime; size_phone=\u00a0\u00bb20&Prime; font_weight=\u00a0\u00bb500&Prime; margin_top=\u00a0\u00bb20&Prime; margin_bottom=\u00a0\u00bb10&Prime; font_family=\u00a0\u00bbnone\u00a0\u00bb align=\u00a0\u00bbcenter\u00a0\u00bb visibility=\u00a0\u00bbvisible-sm\u00a0\u00bb]Wildix rend votre futur proche et accessible.[\/mk_fancy_title][mk_fancy_title color=\u00a0\u00bb#ffffff\u00a0\u00bb size=\u00a0\u00bb18&Prime; margin_top=\u00a0\u00bb20&Prime; margin_bottom=\u00a0\u00bb10&Prime; font_family=\u00a0\u00bbnone\u00a0\u00bb responsive_align=\u00a0\u00bbleft\u00a0\u00bb visibility=\u00a0\u00bbvisible-sm\u00a0\u00bb]Fa\u00eetes votre demande de d\u00e9mo en un clic et d\u00e9couvrez comment les solutions de Communication et de Collaboration Unifi\u00e9es peuvent :<\/p>\n<ul>\n<li>Augmenter votre business jusqu\u2019\u00e0 52%<\/li>\n<li>Faire que votre entreprise \u00e9conomise 2 heures par employ\u00e9 dans les op\u00e9rations quotidiennes<\/li>\n<li>Vous faire \u00e9conomiser de l&rsquo;argent sur les applications de s\u00e9curit\u00e9, car le syst\u00e8me Wildix est secure-by-design\u00a0: vous n\u2019avez pas besoin d\u2019installer quoi que ce soit.<\/li>\n<\/ul>\n[\/mk_fancy_title][mk_fancy_title color=\u00a0\u00bb#dd9933&Prime; size=\u00a0\u00bb28&Prime; force_font_size=\u00a0\u00bbtrue\u00a0\u00bb size_smallscreen=\u00a0\u00bb25&Prime; size_tablet=\u00a0\u00bb25&Prime; size_phone=\u00a0\u00bb20&Prime; font_weight=\u00a0\u00bb500&Prime; margin_top=\u00a0\u00bb20&Prime; margin_bottom=\u00a0\u00bb10&Prime; font_family=\u00a0\u00bbnone\u00a0\u00bb align=\u00a0\u00bbcenter\u00a0\u00bb visibility=\u00a0\u00bbvisible-sm\u00a0\u00bb]\n<p style=\"color: #dd9933;\">D\u00e9couvrez comment le WebRTC pilotera vos communications futures !<\/p>\n[\/mk_fancy_title][mk_padding_divider size=\u00a0\u00bb50&Prime;][\/vc_column][\/mk_page_section][mk_page_section bg_color=\u00a0\u00bb#ededed\u00a0\u00bb video_opacity=\u00a0\u00bb0.9&Prime; min_height=\u00a0\u00bb200&Prime; full_width=\u00a0\u00bbtrue\u00a0\u00bb padding_top=\u00a0\u00bb0&Prime; padding_bottom=\u00a0\u00bb0&Prime; sidebar=\u00a0\u00bbsidebar-1&Prime;][vc_column width=\u00a0\u00bb1\/4&Prime;][\/vc_column][vc_column width=\u00a0\u00bb1\/2&Prime;][vc_empty_space height=\u00a0\u00bb50px\u00a0\u00bb][vc_column_text align=\u00a0\u00bbcenter\u00a0\u00bb css=\u00a0\u00bb.vc_custom_1542638381145{margin-bottom: 0px !important;}\u00a0\u00bb]<span style=\"color: #003366;\">Tu as des questions ? Nous sommes disponibles pour t\u2019aider.<\/span>[\/vc_column_text][vc_raw_html]JTNDcCUyMHN0eWxlJTNEJTIydGV4dC1hbGlnbiUzQSUyMGNlbnRlciUzQiUyMGZvbnQtc2l6ZSUzQSUyMDIwcHglM0IlMjBmb250LXdlaWdodCUzQTYwMCUyMiUzRSUzQ2ElMjBocmVmJTNEJTIyaHR0cHMlM0ElMkYlMkZraXRlLndpbGRpeC5jb20lMkZ1Y2l0JTJGODAlMjIlMjAlMEElMjAlMjB0YXJnZXQlM0QlMjJwb3B1cCUyMiUyMCUwQSUyMCUyMG9uY2xpY2slM0QlMjJ3aW5kb3cub3BlbiUyOCUyN2h0dHBzJTNBJTJGJTJGa2l0ZS53aWxkaXguY29tJTJGdWNpdCUyRjgwJTI3JTJDJTI3cG9wdXAlMjclMkMlMjd3aWR0aCUzRDYwMCUyQ2hlaWdodCUzRDYwMCUyNyUyOSUzQiUyMHJldHVybiUyMGZhbHNlJTNCJTIyJTNFJTBBJTIwJTIwJTIwJTIwQ2hhdCUyMGVuJTIwbGlnbmUlMEElM0MlMkZhJTNFJTNDJTJGcCUzRQ==[\/vc_raw_html][\/vc_column][vc_column width=\u00a0\u00bb1\/4&Prime;][\/vc_column][\/mk_page_section]\n<\/section>","protected":false},"excerpt":{"rendered":"<p>[mk_page_section bg_gradient=\u00a0\u00bbleft_top\u00a0\u00bb video_color_mask=\u00a0\u00bb#003366&Prime; gr_end=\u00a0\u00bb#90f3f2&Prime; video_opacity=\u00a0\u00bb0.9&Prime; min_height=\u00a0\u00bb250&Prime; full_width=\u00a0\u00bbtrue\u00a0\u00bb padding_top=\u00a0\u00bb0&Prime; padding_bottom=\u00a0\u00bb0&Prime; sidebar=\u00a0\u00bbsidebar-1&Prime; first_page=\u00a0\u00bbfalse\u00a0\u00bb last_page=\u00a0\u00bbfalse\u00a0\u00bb][vc_column][mk_padding_divider size=\u00a0\u00bb120&Prime; visibility=\u00a0\u00bbhidden-sm\u00a0\u00bb][mk_padding_divider size=\u00a0\u00bb70&Prime; visibility=\u00a0\u00bbvisible-sm\u00a0\u00bb][mk_fancy_title tag_name=\u00a0\u00bbh1&Prime; color=\u00a0\u00bb#ffffff\u00a0\u00bb size=\u00a0\u00bb70&Prime; force_font_size=\u00a0\u00bbtrue\u00a0\u00bb size_smallscreen=\u00a0\u00bb60&Prime; size_tablet=\u00a0\u00bb50&Prime; size_phone=\u00a0\u00bb40&Prime; font_weight=\u00a0\u00bb300&Prime; font_style=\u00a0\u00bbnormal\u00a0\u00bb txt_transform=\u00a0\u00bbnone\u00a0\u00bb margin_bottom=\u00a0\u00bb0&Prime; font_family=\u00a0\u00bbnone\u00a0\u00bb align=\u00a0\u00bbcenter\u00a0\u00bb]D\u00e9mo en ligne[\/mk_fancy_title][mk_fancy_title tag_name=\u00a0\u00bbspan\u00a0\u00bb color=\u00a0\u00bb#ffffff\u00a0\u00bb size=\u00a0\u00bb24&Prime; force_font_size=\u00a0\u00bbtrue\u00a0\u00bb size_smallscreen=\u00a0\u00bb22&Prime; size_tablet=\u00a0\u00bb22&Prime; size_phone=\u00a0\u00bb20&Prime; font_weight=\u00a0\u00bb300&Prime; font_style=\u00a0\u00bbnormal\u00a0\u00bb txt_transform=\u00a0\u00bbnone\u00a0\u00bb margin_bottom=\u00a0\u00bb0&Prime; font_family=\u00a0\u00bbnone\u00a0\u00bb align=\u00a0\u00bbcenter\u00a0\u00bb]Demande ta d\u00e9mo en ligne maintenant[\/mk_fancy_title][mk_padding_divider size=\u00a0\u00bb30&Prime;][\/vc_column][\/mk_page_section][vc_row fullwidth=\u00a0\u00bbtrue\u00a0\u00bb fullwidth_content=\u00a0\u00bbfalse\u00a0\u00bb][vc_column css=\u00a0\u00bb.vc_custom_1569486537771{padding-right: 5% !important;padding-left: [&hellip;]<\/p>\n","protected":false},"author":1,"featured_media":0,"parent":0,"menu_order":0,"comment_status":"closed","ping_status":"closed","template":"","meta":{"wpupg_custom_link":[],"wpupg_custom_link_behaviour":["default"],"wpupg_custom_image":[],"wpupg_custom_image_id":[],"footnotes":""},"acf":[],"yoast_head":"<!-- This site is optimized with the Yoast SEO plugin v21.8 - https:\/\/yoast.com\/wordpress\/plugins\/seo\/ -->\n<title>D\u00e9mo en ligne - Demande ta d\u00e9mo en ligne maintenant | Wildix<\/title>\n<meta name=\"description\" content=\"D\u00e9couvre comment \u00e7a fonctionne - R\u00e9serve une d\u00e9mo en ligne d\u2019une quinzainede minutes avec l\u2019un de nos collaborateurs pour d\u00e9couvrirles solutions de Communication Unifi\u00e9e &amp; Collaboration Wildix\" \/>\n<meta name=\"robots\" content=\"noindex, follow, max-snippet:-1, max-image-preview:large, max-video-preview:-1\" \/>\n<meta property=\"og:locale\" content=\"fr_FR\" \/>\n<meta property=\"og:type\" content=\"article\" \/>\n<meta property=\"og:title\" content=\"D\u00e9mo en ligne - Demande ta d\u00e9mo en ligne maintenant | Wildix\" \/>\n<meta property=\"og:description\" content=\"D\u00e9couvre comment \u00e7a fonctionne - R\u00e9serve une d\u00e9mo en ligne d\u2019une quinzainede minutes avec l\u2019un de nos collaborateurs pour d\u00e9couvrirles solutions de Communication Unifi\u00e9e &amp; Collaboration Wildix\" \/>\n<meta property=\"og:url\" content=\"https:\/\/old.wildix.com\/fr\/try\/\" \/>\n<meta property=\"og:site_name\" content=\"Wildix\" \/>\n<meta property=\"article:modified_time\" content=\"2021-12-21T10:13:42+00:00\" \/>\n<meta name=\"twitter:card\" content=\"summary_large_image\" \/>\n<meta name=\"twitter:label1\" content=\"Dur\u00e9e de lecture estim\u00e9e\" \/>\n\t<meta name=\"twitter:data1\" content=\"3 minutes\" \/>\n<script type=\"application\/ld+json\" class=\"yoast-schema-graph\">{\"@context\":\"https:\/\/schema.org\",\"@graph\":[{\"@type\":\"WebPage\",\"@id\":\"https:\/\/old.wildix.com\/fr\/try\/\",\"url\":\"https:\/\/old.wildix.com\/fr\/try\/\",\"name\":\"D\u00e9mo en ligne - Demande ta d\u00e9mo en ligne maintenant | Wildix\",\"isPartOf\":{\"@id\":\"https:\/\/old.wildix.com\/#website\"},\"datePublished\":\"2018-07-23T06:30:34+00:00\",\"dateModified\":\"2021-12-21T10:13:42+00:00\",\"description\":\"D\u00e9couvre comment \u00e7a fonctionne - R\u00e9serve une d\u00e9mo en ligne d\u2019une quinzainede minutes avec l\u2019un de nos collaborateurs pour d\u00e9couvrirles solutions de Communication Unifi\u00e9e & Collaboration Wildix\",\"breadcrumb\":{\"@id\":\"https:\/\/old.wildix.com\/fr\/try\/#breadcrumb\"},\"inLanguage\":\"fr-FR\",\"potentialAction\":[{\"@type\":\"ReadAction\",\"target\":[\"https:\/\/old.wildix.com\/fr\/try\/\"]}]},{\"@type\":\"BreadcrumbList\",\"@id\":\"https:\/\/old.wildix.com\/fr\/try\/#breadcrumb\",\"itemListElement\":[{\"@type\":\"ListItem\",\"position\":1,\"name\":\"Home\",\"item\":\"https:\/\/old.wildix.com\/\"},{\"@type\":\"ListItem\",\"position\":2,\"name\":\"Book a Demo\"}]},{\"@type\":\"WebSite\",\"@id\":\"https:\/\/old.wildix.com\/#website\",\"url\":\"https:\/\/old.wildix.com\/\",\"name\":\"Wildix\",\"description\":\"Wildix PBX | VoIP Solutions | Unified Communications | WebRTC\",\"publisher\":{\"@id\":\"https:\/\/old.wildix.com\/#organization\"},\"potentialAction\":[{\"@type\":\"SearchAction\",\"target\":{\"@type\":\"EntryPoint\",\"urlTemplate\":\"https:\/\/old.wildix.com\/?s={search_term_string}\"},\"query-input\":\"required name=search_term_string\"}],\"inLanguage\":\"fr-FR\"},{\"@type\":\"Organization\",\"@id\":\"https:\/\/old.wildix.com\/#organization\",\"name\":\"Wildix\",\"url\":\"https:\/\/old.wildix.com\/\",\"logo\":{\"@type\":\"ImageObject\",\"inLanguage\":\"fr-FR\",\"@id\":\"https:\/\/old.wildix.com\/#\/schema\/logo\/image\/\",\"url\":\"https:\/\/old.wildix.com\/wp-content\/uploads\/2018\/04\/wildix-logo-2.png\",\"contentUrl\":\"https:\/\/old.wildix.com\/wp-content\/uploads\/2018\/04\/wildix-logo-2.png\",\"width\":440,\"height\":200,\"caption\":\"Wildix\"},\"image\":{\"@id\":\"https:\/\/old.wildix.com\/#\/schema\/logo\/image\/\"}}]}<\/script>\n<!-- \/ Yoast SEO plugin. -->","yoast_head_json":{"title":"D\u00e9mo en ligne - Demande ta d\u00e9mo en ligne maintenant | Wildix","description":"D\u00e9couvre comment \u00e7a fonctionne - R\u00e9serve une d\u00e9mo en ligne d\u2019une quinzainede minutes avec l\u2019un de nos collaborateurs pour d\u00e9couvrirles solutions de Communication Unifi\u00e9e & Collaboration Wildix","robots":{"index":"noindex","follow":"follow","max-snippet":"max-snippet:-1","max-image-preview":"max-image-preview:large","max-video-preview":"max-video-preview:-1"},"og_locale":"fr_FR","og_type":"article","og_title":"D\u00e9mo en ligne - Demande ta d\u00e9mo en ligne maintenant | Wildix","og_description":"D\u00e9couvre comment \u00e7a fonctionne - R\u00e9serve une d\u00e9mo en ligne d\u2019une quinzainede minutes avec l\u2019un de nos collaborateurs pour d\u00e9couvrirles solutions de Communication Unifi\u00e9e & Collaboration Wildix","og_url":"https:\/\/old.wildix.com\/fr\/try\/","og_site_name":"Wildix","article_modified_time":"2021-12-21T10:13:42+00:00","twitter_card":"summary_large_image","twitter_misc":{"Dur\u00e9e de lecture estim\u00e9e":"3 minutes"},"schema":{"@context":"https:\/\/schema.org","@graph":[{"@type":"WebPage","@id":"https:\/\/old.wildix.com\/fr\/try\/","url":"https:\/\/old.wildix.com\/fr\/try\/","name":"D\u00e9mo en ligne - Demande ta d\u00e9mo en ligne maintenant | Wildix","isPartOf":{"@id":"https:\/\/old.wildix.com\/#website"},"datePublished":"2018-07-23T06:30:34+00:00","dateModified":"2021-12-21T10:13:42+00:00","description":"D\u00e9couvre comment \u00e7a fonctionne - R\u00e9serve une d\u00e9mo en ligne d\u2019une quinzainede minutes avec l\u2019un de nos collaborateurs pour d\u00e9couvrirles solutions de Communication Unifi\u00e9e & Collaboration Wildix","breadcrumb":{"@id":"https:\/\/old.wildix.com\/fr\/try\/#breadcrumb"},"inLanguage":"fr-FR","potentialAction":[{"@type":"ReadAction","target":["https:\/\/old.wildix.com\/fr\/try\/"]}]},{"@type":"BreadcrumbList","@id":"https:\/\/old.wildix.com\/fr\/try\/#breadcrumb","itemListElement":[{"@type":"ListItem","position":1,"name":"Home","item":"https:\/\/old.wildix.com\/"},{"@type":"ListItem","position":2,"name":"Book a Demo"}]},{"@type":"WebSite","@id":"https:\/\/old.wildix.com\/#website","url":"https:\/\/old.wildix.com\/","name":"Wildix","description":"Wildix PBX | VoIP Solutions | Unified Communications | WebRTC","publisher":{"@id":"https:\/\/old.wildix.com\/#organization"},"potentialAction":[{"@type":"SearchAction","target":{"@type":"EntryPoint","urlTemplate":"https:\/\/old.wildix.com\/?s={search_term_string}"},"query-input":"required name=search_term_string"}],"inLanguage":"fr-FR"},{"@type":"Organization","@id":"https:\/\/old.wildix.com\/#organization","name":"Wildix","url":"https:\/\/old.wildix.com\/","logo":{"@type":"ImageObject","inLanguage":"fr-FR","@id":"https:\/\/old.wildix.com\/#\/schema\/logo\/image\/","url":"https:\/\/old.wildix.com\/wp-content\/uploads\/2018\/04\/wildix-logo-2.png","contentUrl":"https:\/\/old.wildix.com\/wp-content\/uploads\/2018\/04\/wildix-logo-2.png","width":440,"height":200,"caption":"Wildix"},"image":{"@id":"https:\/\/old.wildix.com\/#\/schema\/logo\/image\/"}}]}},"_links":{"self":[{"href":"https:\/\/old.wildix.com\/fr\/wp-json\/wp\/v2\/pages\/7824340"}],"collection":[{"href":"https:\/\/old.wildix.com\/fr\/wp-json\/wp\/v2\/pages"}],"about":[{"href":"https:\/\/old.wildix.com\/fr\/wp-json\/wp\/v2\/types\/page"}],"author":[{"embeddable":true,"href":"https:\/\/old.wildix.com\/fr\/wp-json\/wp\/v2\/users\/1"}],"replies":[{"embeddable":true,"href":"https:\/\/old.wildix.com\/fr\/wp-json\/wp\/v2\/comments?post=7824340"}],"version-history":[{"count":0,"href":"https:\/\/old.wildix.com\/fr\/wp-json\/wp\/v2\/pages\/7824340\/revisions"}],"wp:attachment":[{"href":"https:\/\/old.wildix.com\/fr\/wp-json\/wp\/v2\/media?parent=7824340"}],"curies":[{"name":"wp","href":"https:\/\/api.w.org\/{rel}","templated":true}]}}