{"id":7831873,"date":"2018-08-28T08:45:34","date_gmt":"2018-08-28T08:45:34","guid":{"rendered":"https:\/\/old2.wildix.com\/?page_id=7831873"},"modified":"2018-12-26T12:44:43","modified_gmt":"2018-12-26T12:44:43","slug":"w-pa-use-case","status":"publish","type":"page","link":"https:\/\/old.wildix.com\/fr\/w-pa-use-case\/","title":{"rendered":"W-PA USE CASE"},"content":{"rendered":"<section class=\"wpb-content-wrapper\">[mk_page_section bg_gradient=\u00a0\u00bbleft_top\u00a0\u00bb video_color_mask=\u00a0\u00bb#003366&Prime; gr_end=\u00a0\u00bb#90f3f2&Prime; video_opacity=\u00a0\u00bb0.9&Prime; min_height=\u00a0\u00bb250&Prime; full_width=\u00a0\u00bbtrue\u00a0\u00bb padding_top=\u00a0\u00bb0&Prime; padding_bottom=\u00a0\u00bb0&Prime; sidebar=\u00a0\u00bbsidebar-1&Prime; first_page=\u00a0\u00bbfalse\u00a0\u00bb last_page=\u00a0\u00bbfalse\u00a0\u00bb][vc_column][mk_padding_divider size=\u00a0\u00bb120&Prime; visibility=\u00a0\u00bbhidden-sm\u00a0\u00bb][mk_padding_divider size=\u00a0\u00bb70&Prime; visibility=\u00a0\u00bbvisible-sm\u00a0\u00bb][mk_fancy_title tag_name=\u00a0\u00bbh1&Prime; color=\u00a0\u00bb#ffffff\u00a0\u00bb size=\u00a0\u00bb70&Prime; force_font_size=\u00a0\u00bbtrue\u00a0\u00bb size_smallscreen=\u00a0\u00bb60&Prime; size_tablet=\u00a0\u00bb50&Prime; size_phone=\u00a0\u00bb40&Prime; font_weight=\u00a0\u00bb300&Prime; font_style=\u00a0\u00bbnormal\u00a0\u00bb txt_transform=\u00a0\u00bbnone\u00a0\u00bb margin_bottom=\u00a0\u00bb0&Prime; font_family=\u00a0\u00bbnone\u00a0\u00bb align=\u00a0\u00bbcenter\u00a0\u00bb]W-PA USE CASE[\/mk_fancy_title][mk_fancy_title tag_name=\u00a0\u00bbspan\u00a0\u00bb color=\u00a0\u00bb#ffffff\u00a0\u00bb size=\u00a0\u00bb24&Prime; force_font_size=\u00a0\u00bbtrue\u00a0\u00bb size_smallscreen=\u00a0\u00bb22&Prime; size_tablet=\u00a0\u00bb22&Prime; size_phone=\u00a0\u00bb20&Prime; font_weight=\u00a0\u00bb300&Prime; font_style=\u00a0\u00bbnormal\u00a0\u00bb txt_transform=\u00a0\u00bbnone\u00a0\u00bb margin_bottom=\u00a0\u00bb0&Prime; font_family=\u00a0\u00bbnone\u00a0\u00bb align=\u00a0\u00bbcenter\u00a0\u00bb]Le W-PA adapt\u00e9 aux grandes mais aussi aux petites structures:<br \/>\nENECOM nous explique comment le W-PA a r\u00e9pondu \u00e0 la probl\u00e9matique d&rsquo;un cabinet dentaire[\/mk_fancy_title][mk_padding_divider size=\u00a0\u00bb30&Prime;][\/vc_column][\/mk_page_section][vc_row][vc_column width=\u00a0\u00bb1\/2&Prime;][mk_padding_divider size=\u00a0\u00bb80&Prime;][vc_column_text css=\u00a0\u00bb.vc_custom_1545828148185{margin-bottom: 0px !important;}\u00a0\u00bb]L&rsquo;annonceur public Wildix a \u00e9t\u00e9 cr\u00e9\u00e9 pour diffuser les annonces et les communications dans les grands environnements tels que les supermarch\u00e9s, les a\u00e9roports et les h\u00f4pitaux.<\/p>\n<p>Mais le W-PA est un produit tellement polyvalent qu&rsquo;il fonctionne m\u00eame dans des environnements plus petits, comme le montre l&rsquo;exemple d&rsquo;utilisation suivant.<\/p>\n<p>Le partenaire Wildix <strong>Enecom<\/strong> a install\u00e9 avec succ\u00e8s un W-PA dans <strong>le garage du cabinet dentaire Gabriella Grassi<\/strong>. Le prestigieux cabinet (une pi\u00e8ce de plus de 500 m\u00e8tres carr\u00e9s) est situ\u00e9 dans un immeuble en copropri\u00e9t\u00e9 dans le centre historique de Potenza, o\u00f9 les possibilit\u00e9s de stationnement sont r\u00e9duites.<\/p>\n<p>Enecom a con\u00e7u l&rsquo;ensemble du syst\u00e8me de communication client pour le rendre efficace sous tous ses aspects. <strong>L&rsquo;\u00e9l\u00e9gant visiophone Vision pour la r\u00e9ception et les bureaux, le W-AIR sans fil permet la mobilit\u00e9 des dentistes et des aides-fauteuils au sein du studio. Un interphone vid\u00e9o a \u00e9galement \u00e9t\u00e9 install\u00e9 \u00e0 l&rsquo;entr\u00e9e.<\/strong><\/p>\n<p>Pour les clients arrivant en voiture, Enecom a mis au point un syst\u00e8me encore plus efficace: le dispositif W-PA, connect\u00e9 \u00e0 deux haut-parleurs, permet de g\u00e9rer le registre du garage r\u00e9serv\u00e9 aux utilisateurs du cabinet \u00e0 distance.<\/p>\n<p>La solution permet au studio de v\u00e9rifier l\u2019identit\u00e9 des clients via le visiophone et via le W-PA, d\u2019ouvrir le portail du garage et de transmettre des messages vocaux, en indiquant notamment comment atteindre le studio depuis le garage ou d\u00e9placer la voiture afin de ne pas bloquer le passage.<\/p>\n<p>Enecom a donc am\u00e9lior\u00e9 la communication, et pas seulement au sein du cabinet dentaire, car gr\u00e2ce au dispositif W-PA, elle peut facilement g\u00e9rer \u00e0 la fois le registre du garage souterrain et les communications vocales avec les clients nouvellement arriv\u00e9s dans le garage, tout en leur garantissant une assistance \u00e0 360 degr\u00e9s.[\/vc_column_text][mk_padding_divider][\/vc_column][vc_column width=\u00a0\u00bb1\/2&Prime;][mk_gallery images=\u00a0\u00bb7818422,7826701,7826706&Prime; column=\u00a0\u00bb1&Prime; image_size=\u00a0\u00bbfull\u00a0\u00bb][mk_padding_divider][\/vc_column][\/vc_row]\n<\/section>","protected":false},"excerpt":{"rendered":"<p>[mk_page_section bg_gradient=\u00a0\u00bbleft_top\u00a0\u00bb video_color_mask=\u00a0\u00bb#003366&Prime; gr_end=\u00a0\u00bb#90f3f2&Prime; video_opacity=\u00a0\u00bb0.9&Prime; min_height=\u00a0\u00bb250&Prime; full_width=\u00a0\u00bbtrue\u00a0\u00bb padding_top=\u00a0\u00bb0&Prime; padding_bottom=\u00a0\u00bb0&Prime; sidebar=\u00a0\u00bbsidebar-1&Prime; first_page=\u00a0\u00bbfalse\u00a0\u00bb last_page=\u00a0\u00bbfalse\u00a0\u00bb][vc_column][mk_padding_divider size=\u00a0\u00bb120&Prime; visibility=\u00a0\u00bbhidden-sm\u00a0\u00bb][mk_padding_divider size=\u00a0\u00bb70&Prime; visibility=\u00a0\u00bbvisible-sm\u00a0\u00bb][mk_fancy_title tag_name=\u00a0\u00bbh1&Prime; color=\u00a0\u00bb#ffffff\u00a0\u00bb size=\u00a0\u00bb70&Prime; force_font_size=\u00a0\u00bbtrue\u00a0\u00bb size_smallscreen=\u00a0\u00bb60&Prime; size_tablet=\u00a0\u00bb50&Prime; size_phone=\u00a0\u00bb40&Prime; font_weight=\u00a0\u00bb300&Prime; font_style=\u00a0\u00bbnormal\u00a0\u00bb txt_transform=\u00a0\u00bbnone\u00a0\u00bb margin_bottom=\u00a0\u00bb0&Prime; font_family=\u00a0\u00bbnone\u00a0\u00bb align=\u00a0\u00bbcenter\u00a0\u00bb]W-PA USE CASE[\/mk_fancy_title][mk_fancy_title tag_name=\u00a0\u00bbspan\u00a0\u00bb color=\u00a0\u00bb#ffffff\u00a0\u00bb size=\u00a0\u00bb24&Prime; force_font_size=\u00a0\u00bbtrue\u00a0\u00bb size_smallscreen=\u00a0\u00bb22&Prime; size_tablet=\u00a0\u00bb22&Prime; size_phone=\u00a0\u00bb20&Prime; font_weight=\u00a0\u00bb300&Prime; font_style=\u00a0\u00bbnormal\u00a0\u00bb txt_transform=\u00a0\u00bbnone\u00a0\u00bb margin_bottom=\u00a0\u00bb0&Prime; font_family=\u00a0\u00bbnone\u00a0\u00bb align=\u00a0\u00bbcenter\u00a0\u00bb]Le W-PA adapt\u00e9 aux grandes mais aussi aux petites structures: ENECOM nous [&hellip;]<\/p>\n","protected":false},"author":6,"featured_media":0,"parent":0,"menu_order":0,"comment_status":"closed","ping_status":"closed","template":"","meta":{"wpupg_custom_link":[],"wpupg_custom_link_behaviour":[],"wpupg_custom_image":[],"wpupg_custom_image_id":[],"footnotes":""},"acf":[],"yoast_head":"<!-- This site is optimized with the Yoast SEO plugin v21.8 - https:\/\/yoast.com\/wordpress\/plugins\/seo\/ -->\n<title>W-PA: ENECOM nous explique comment le W-PA a r\u00e9pondu \u00e0 la probl\u00e9matique d&#039;un cabinet dentaire<\/title>\n<meta name=\"description\" content=\"Enecom a mis au point un syst\u00e8me encore plus efficace: le dispositif W-PA, connect\u00e9 \u00e0 deux haut-parleurs, permet de g\u00e9rer le registre du garage r\u00e9serv\u00e9 aux utilisateurs du cabinet \u00e0 distance.\" \/>\n<meta name=\"robots\" content=\"noindex, follow, max-snippet:-1, max-image-preview:large, max-video-preview:-1\" \/>\n<meta property=\"og:locale\" content=\"fr_FR\" \/>\n<meta property=\"og:type\" content=\"article\" \/>\n<meta property=\"og:title\" content=\"W-PA: ENECOM nous explique comment le W-PA a r\u00e9pondu \u00e0 la probl\u00e9matique d&#039;un cabinet dentaire\" \/>\n<meta property=\"og:description\" content=\"Enecom a mis au point un syst\u00e8me encore plus efficace: le dispositif W-PA, connect\u00e9 \u00e0 deux haut-parleurs, permet de g\u00e9rer le registre du garage r\u00e9serv\u00e9 aux utilisateurs du cabinet \u00e0 distance.\" \/>\n<meta property=\"og:url\" content=\"https:\/\/old.wildix.com\/fr\/w-pa-use-case\/\" \/>\n<meta property=\"og:site_name\" content=\"Wildix\" \/>\n<meta property=\"article:modified_time\" content=\"2018-12-26T12:44:43+00:00\" \/>\n<meta name=\"twitter:card\" content=\"summary_large_image\" \/>\n<meta name=\"twitter:label1\" content=\"Dur\u00e9e de lecture estim\u00e9e\" \/>\n\t<meta name=\"twitter:data1\" content=\"3 minutes\" \/>\n<script type=\"application\/ld+json\" class=\"yoast-schema-graph\">{\"@context\":\"https:\/\/schema.org\",\"@graph\":[{\"@type\":\"WebPage\",\"@id\":\"https:\/\/old.wildix.com\/fr\/w-pa-use-case\/\",\"url\":\"https:\/\/old.wildix.com\/fr\/w-pa-use-case\/\",\"name\":\"W-PA: ENECOM nous explique comment le W-PA a r\u00e9pondu \u00e0 la probl\u00e9matique d'un cabinet dentaire\",\"isPartOf\":{\"@id\":\"https:\/\/old.wildix.com\/#website\"},\"datePublished\":\"2018-08-28T08:45:34+00:00\",\"dateModified\":\"2018-12-26T12:44:43+00:00\",\"description\":\"Enecom a mis au point un syst\u00e8me encore plus efficace: le dispositif W-PA, connect\u00e9 \u00e0 deux haut-parleurs, permet de g\u00e9rer le registre du garage r\u00e9serv\u00e9 aux utilisateurs du cabinet \u00e0 distance.\",\"breadcrumb\":{\"@id\":\"https:\/\/old.wildix.com\/fr\/w-pa-use-case\/#breadcrumb\"},\"inLanguage\":\"fr-FR\",\"potentialAction\":[{\"@type\":\"ReadAction\",\"target\":[\"https:\/\/old.wildix.com\/fr\/w-pa-use-case\/\"]}]},{\"@type\":\"BreadcrumbList\",\"@id\":\"https:\/\/old.wildix.com\/fr\/w-pa-use-case\/#breadcrumb\",\"itemListElement\":[{\"@type\":\"ListItem\",\"position\":1,\"name\":\"Home\",\"item\":\"https:\/\/old.wildix.com\/\"},{\"@type\":\"ListItem\",\"position\":2,\"name\":\"W-PA USE CASE\"}]},{\"@type\":\"WebSite\",\"@id\":\"https:\/\/old.wildix.com\/#website\",\"url\":\"https:\/\/old.wildix.com\/\",\"name\":\"Wildix\",\"description\":\"Wildix PBX | VoIP Solutions | Unified Communications | WebRTC\",\"publisher\":{\"@id\":\"https:\/\/old.wildix.com\/#organization\"},\"potentialAction\":[{\"@type\":\"SearchAction\",\"target\":{\"@type\":\"EntryPoint\",\"urlTemplate\":\"https:\/\/old.wildix.com\/?s={search_term_string}\"},\"query-input\":\"required name=search_term_string\"}],\"inLanguage\":\"fr-FR\"},{\"@type\":\"Organization\",\"@id\":\"https:\/\/old.wildix.com\/#organization\",\"name\":\"Wildix\",\"url\":\"https:\/\/old.wildix.com\/\",\"logo\":{\"@type\":\"ImageObject\",\"inLanguage\":\"fr-FR\",\"@id\":\"https:\/\/old.wildix.com\/#\/schema\/logo\/image\/\",\"url\":\"https:\/\/old.wildix.com\/wp-content\/uploads\/2018\/04\/wildix-logo-2.png\",\"contentUrl\":\"https:\/\/old.wildix.com\/wp-content\/uploads\/2018\/04\/wildix-logo-2.png\",\"width\":440,\"height\":200,\"caption\":\"Wildix\"},\"image\":{\"@id\":\"https:\/\/old.wildix.com\/#\/schema\/logo\/image\/\"}}]}<\/script>\n<!-- \/ Yoast SEO plugin. -->","yoast_head_json":{"title":"W-PA: ENECOM nous explique comment le W-PA a r\u00e9pondu \u00e0 la probl\u00e9matique d'un cabinet dentaire","description":"Enecom a mis au point un syst\u00e8me encore plus efficace: le dispositif W-PA, connect\u00e9 \u00e0 deux haut-parleurs, permet de g\u00e9rer le registre du garage r\u00e9serv\u00e9 aux utilisateurs du cabinet \u00e0 distance.","robots":{"index":"noindex","follow":"follow","max-snippet":"max-snippet:-1","max-image-preview":"max-image-preview:large","max-video-preview":"max-video-preview:-1"},"og_locale":"fr_FR","og_type":"article","og_title":"W-PA: ENECOM nous explique comment le W-PA a r\u00e9pondu \u00e0 la probl\u00e9matique d'un cabinet dentaire","og_description":"Enecom a mis au point un syst\u00e8me encore plus efficace: le dispositif W-PA, connect\u00e9 \u00e0 deux haut-parleurs, permet de g\u00e9rer le registre du garage r\u00e9serv\u00e9 aux utilisateurs du cabinet \u00e0 distance.","og_url":"https:\/\/old.wildix.com\/fr\/w-pa-use-case\/","og_site_name":"Wildix","article_modified_time":"2018-12-26T12:44:43+00:00","twitter_card":"summary_large_image","twitter_misc":{"Dur\u00e9e de lecture estim\u00e9e":"3 minutes"},"schema":{"@context":"https:\/\/schema.org","@graph":[{"@type":"WebPage","@id":"https:\/\/old.wildix.com\/fr\/w-pa-use-case\/","url":"https:\/\/old.wildix.com\/fr\/w-pa-use-case\/","name":"W-PA: ENECOM nous explique comment le W-PA a r\u00e9pondu \u00e0 la probl\u00e9matique d'un cabinet dentaire","isPartOf":{"@id":"https:\/\/old.wildix.com\/#website"},"datePublished":"2018-08-28T08:45:34+00:00","dateModified":"2018-12-26T12:44:43+00:00","description":"Enecom a mis au point un syst\u00e8me encore plus efficace: le dispositif W-PA, connect\u00e9 \u00e0 deux haut-parleurs, permet de g\u00e9rer le registre du garage r\u00e9serv\u00e9 aux utilisateurs du cabinet \u00e0 distance.","breadcrumb":{"@id":"https:\/\/old.wildix.com\/fr\/w-pa-use-case\/#breadcrumb"},"inLanguage":"fr-FR","potentialAction":[{"@type":"ReadAction","target":["https:\/\/old.wildix.com\/fr\/w-pa-use-case\/"]}]},{"@type":"BreadcrumbList","@id":"https:\/\/old.wildix.com\/fr\/w-pa-use-case\/#breadcrumb","itemListElement":[{"@type":"ListItem","position":1,"name":"Home","item":"https:\/\/old.wildix.com\/"},{"@type":"ListItem","position":2,"name":"W-PA USE CASE"}]},{"@type":"WebSite","@id":"https:\/\/old.wildix.com\/#website","url":"https:\/\/old.wildix.com\/","name":"Wildix","description":"Wildix PBX | VoIP Solutions | Unified Communications | WebRTC","publisher":{"@id":"https:\/\/old.wildix.com\/#organization"},"potentialAction":[{"@type":"SearchAction","target":{"@type":"EntryPoint","urlTemplate":"https:\/\/old.wildix.com\/?s={search_term_string}"},"query-input":"required name=search_term_string"}],"inLanguage":"fr-FR"},{"@type":"Organization","@id":"https:\/\/old.wildix.com\/#organization","name":"Wildix","url":"https:\/\/old.wildix.com\/","logo":{"@type":"ImageObject","inLanguage":"fr-FR","@id":"https:\/\/old.wildix.com\/#\/schema\/logo\/image\/","url":"https:\/\/old.wildix.com\/wp-content\/uploads\/2018\/04\/wildix-logo-2.png","contentUrl":"https:\/\/old.wildix.com\/wp-content\/uploads\/2018\/04\/wildix-logo-2.png","width":440,"height":200,"caption":"Wildix"},"image":{"@id":"https:\/\/old.wildix.com\/#\/schema\/logo\/image\/"}}]}},"_links":{"self":[{"href":"https:\/\/old.wildix.com\/fr\/wp-json\/wp\/v2\/pages\/7831873"}],"collection":[{"href":"https:\/\/old.wildix.com\/fr\/wp-json\/wp\/v2\/pages"}],"about":[{"href":"https:\/\/old.wildix.com\/fr\/wp-json\/wp\/v2\/types\/page"}],"author":[{"embeddable":true,"href":"https:\/\/old.wildix.com\/fr\/wp-json\/wp\/v2\/users\/6"}],"replies":[{"embeddable":true,"href":"https:\/\/old.wildix.com\/fr\/wp-json\/wp\/v2\/comments?post=7831873"}],"version-history":[{"count":0,"href":"https:\/\/old.wildix.com\/fr\/wp-json\/wp\/v2\/pages\/7831873\/revisions"}],"wp:attachment":[{"href":"https:\/\/old.wildix.com\/fr\/wp-json\/wp\/v2\/media?parent=7831873"}],"curies":[{"name":"wp","href":"https:\/\/api.w.org\/{rel}","templated":true}]}}