{"id":7839142,"date":"2019-07-18T13:40:10","date_gmt":"2019-07-18T13:40:10","guid":{"rendered":"https:\/\/old2.wildix.com\/?page_id=7839142"},"modified":"2022-09-06T14:07:36","modified_gmt":"2022-09-06T14:07:36","slug":"hwaas","status":"publish","type":"page","link":"https:\/\/old.wildix.com\/fr\/hwaas\/","title":{"rendered":"Hardware as a Service"},"content":{"rendered":"<section class=\"wpb-content-wrapper\">[mk_page_section bg_image=\u00a0\u00bbhttps:\/\/old.wildix.com\/wp-content\/uploads\/2019\/01\/wildix-warranty-back.jpg\u00a0\u00bb bg_position=\u00a0\u00bbcenter top\u00a0\u00bb bg_stretch=\u00a0\u00bbtrue\u00a0\u00bb video_mask=\u00a0\u00bbtrue\u00a0\u00bb bg_gradient=\u00a0\u00bbleft_top\u00a0\u00bb video_color_mask=\u00a0\u00bb#003366&Prime; gr_end=\u00a0\u00bb#90f3f2&Prime; video_opacity=\u00a0\u00bb0.7&Prime; min_height=\u00a0\u00bb250&Prime; full_width=\u00a0\u00bbtrue\u00a0\u00bb padding_top=\u00a0\u00bb0&Prime; padding_bottom=\u00a0\u00bb0&Prime; sidebar=\u00a0\u00bbsidebar-1&Prime; first_page=\u00a0\u00bbfalse\u00a0\u00bb last_page=\u00a0\u00bbfalse\u00a0\u00bb][vc_column][mk_padding_divider size=\u00a0\u00bb120&Prime; visibility=\u00a0\u00bbhidden-sm\u00a0\u00bb][mk_padding_divider size=\u00a0\u00bb70&Prime; visibility=\u00a0\u00bbvisible-sm\u00a0\u00bb][mk_fancy_title tag_name=\u00a0\u00bbh1&Prime; color=\u00a0\u00bb#ffffff\u00a0\u00bb size=\u00a0\u00bb70&Prime; force_font_size=\u00a0\u00bbtrue\u00a0\u00bb size_smallscreen=\u00a0\u00bb60&Prime; size_tablet=\u00a0\u00bb50&Prime; size_phone=\u00a0\u00bb40&Prime; font_weight=\u00a0\u00bb300&Prime; font_style=\u00a0\u00bbnormal\u00a0\u00bb txt_transform=\u00a0\u00bbnone\u00a0\u00bb margin_bottom=\u00a0\u00bb0&Prime; font_family=\u00a0\u00bbnone\u00a0\u00bb align=\u00a0\u00bbcenter\u00a0\u00bb]Hardware as a Service[\/mk_fancy_title][mk_padding_divider size=\u00a0\u00bb50&Prime;][\/vc_column][\/mk_page_section][vc_row][vc_column][mk_padding_divider size=\u00a0\u00bb50&Prime;][vc_column_text el_class=\u00a0\u00bbjustify\u00a0\u00bb css=\u00a0\u00bb.vc_custom_1564406524251{margin-bottom: 0px !important;}\u00a0\u00bb]\n<p style=\"text-align: center;\">Wildix est le premier fournisseur de Communications Unifi\u00e9es \u00e0 proposer <strong>un syst\u00e8me mat\u00e9riel et logiciel complet en tant que service<\/strong>. Ainsi, gr\u00e2ce \u00e0 la formule Wildix HWaaS, <strong>vos clients peuvent b\u00e9n\u00e9ficier d&rsquo;un syst\u00e8me enti\u00e8rement garanti et des derniers produits toujours mis \u00e0 jour<\/strong>.<\/p>\n[\/vc_column_text][mk_padding_divider size=\u00a0\u00bb15&Prime;][\/vc_column][\/vc_row][vc_row fullwidth=\u00a0\u00bbtrue\u00a0\u00bb fullwidth_content=\u00a0\u00bbfalse\u00a0\u00bb css=\u00a0\u00bb.vc_custom_1563796829778{background-color: #ededed !important;}\u00a0\u00bb][vc_column width=\u00a0\u00bb1\/4&Prime;][\/vc_column][vc_column width=\u00a0\u00bb1\/2&Prime;][mk_padding_divider][vc_column_text el_class=\u00a0\u00bbjustify\u00a0\u00bb css=\u00a0\u00bb.vc_custom_1564406674527{margin-bottom: 0px !important;}\u00a0\u00bb]\n<p style=\"text-align: center;\"><strong>Toi, Partenaire Wildix<\/strong><\/p>\n[\/vc_column_text][mk_fancy_title size=\u00a0\u00bb28&Prime; force_font_size=\u00a0\u00bbtrue\u00a0\u00bb size_smallscreen=\u00a0\u00bb25&Prime; size_tablet=\u00a0\u00bb25&Prime; size_phone=\u00a0\u00bb20&Prime; margin_top=\u00a0\u00bb\u00a0\u00bb margin_bottom=\u00a0\u00bb\u00a0\u00bb font_family=\u00a0\u00bbnone\u00a0\u00bb align=\u00a0\u00bbcenter\u00a0\u00bb]Es-tu pr\u00eat \u00e0 plonger dans le monde HWaaS?[\/mk_fancy_title][mk_padding_divider size=\u00a0\u00bb15&Prime;][mk_button dimension=\u00a0\u00bbflat\u00a0\u00bb corner_style=\u00a0\u00bbfull_rounded\u00a0\u00bb size=\u00a0\u00bblarge\u00a0\u00bb icon=\u00a0\u00bbmk-icon-external-link-square\u00a0\u00bb icon_anim=\u00a0\u00bbside\u00a0\u00bb url=\u00a0\u00bbhttps:\/\/wildix.atlassian.net\/wiki\/x\/QAPOAQ\u00a0\u00bb target=\u00a0\u00bb_blank\u00a0\u00bb align=\u00a0\u00bbcenter\u00a0\u00bb bg_color=\u00a0\u00bb#dd9933&Prime; btn_hover_txt_color=\u00a0\u00bb#ffffff\u00a0\u00bb]Voir la proc\u00e9dure[\/mk_button][mk_padding_divider size=\u00a0\u00bb30&Prime;][\/vc_column][vc_column width=\u00a0\u00bb1\/4&Prime;][\/vc_column][\/vc_row][vc_row fullwidth=\u00a0\u00bbtrue\u00a0\u00bb fullwidth_content=\u00a0\u00bbfalse\u00a0\u00bb][vc_column][mk_padding_divider size=\u00a0\u00bb20&Prime;][vc_row_inner][vc_column_inner width=\u00a0\u00bb1\/3&Prime;][mk_fancy_title size=\u00a0\u00bb23&Prime; force_font_size=\u00a0\u00bbtrue\u00a0\u00bb size_smallscreen=\u00a0\u00bb23&Prime; size_tablet=\u00a0\u00bb23&Prime; size_phone=\u00a0\u00bb20&Prime; font_weight=\u00a0\u00bb400&Prime; margin_top=\u00a0\u00bb20&Prime; margin_bottom=\u00a0\u00bb10&Prime; font_family=\u00a0\u00bbnone\u00a0\u00bb]Que signifie Hardware As A Service (HWaaS)?[\/mk_fancy_title][\/vc_column_inner][vc_column_inner width=\u00a0\u00bb2\/3&Prime;][mk_padding_divider size=\u00a0\u00bb20&Prime;][vc_column_text el_class=\u00a0\u00bbjust\u00a0\u00bb css=\u00a0\u00bb.vc_custom_1566915800829{margin-bottom: 0px !important;}\u00a0\u00bb]HWaaS est le mod\u00e8le de consommation du futur. Il permet \u00e0 tes clients d&rsquo;obtenir <strong>la solution dont ils ont besoin, sans les contraintes d&rsquo;achat et sans sentiment d\u2019attache ou d\u2019obligation<\/strong>. Pas de gaspillage d&rsquo;investissements, pas de soucis pour garder leur syst\u00e8me \u00e0 jour, ils se sentent libres et en s\u00e9curit\u00e9.[\/vc_column_text][mk_padding_divider size=\u00a0\u00bb20&Prime;][vc_separator border_width=\u00a0\u00bb2&Prime;][\/vc_column_inner][\/vc_row_inner][vc_row_inner][vc_column_inner width=\u00a0\u00bb1\/3&Prime;][mk_fancy_title size=\u00a0\u00bb23&Prime; force_font_size=\u00a0\u00bbtrue\u00a0\u00bb size_smallscreen=\u00a0\u00bb23&Prime; size_tablet=\u00a0\u00bb23&Prime; size_phone=\u00a0\u00bb20&Prime; font_weight=\u00a0\u00bb400&Prime; margin_top=\u00a0\u00bb20&Prime; margin_bottom=\u00a0\u00bb10&Prime; font_family=\u00a0\u00bbnone\u00a0\u00bb]M\u00eame s\u2019ils le peuvent, ils n\u2019auront aucune raison de vous quitter.[\/mk_fancy_title][\/vc_column_inner][vc_column_inner width=\u00a0\u00bb2\/3&Prime;][mk_padding_divider size=\u00a0\u00bb20&Prime;][vc_column_text el_class=\u00a0\u00bbjustify\u00a0\u00bb css=\u00a0\u00bb.vc_custom_1566915870000{margin-bottom: 0px !important;}\u00a0\u00bb]Tes clients doivent poss\u00e9der la solution, pas les outils. Ils sont libres de modifier leur architecture et d&rsquo;essayer de nouvelles solutions, sans \u00eatre coinc\u00e9s avec du mat\u00e9riel et des logiciels obsol\u00e8tes et ce, sans le sentiment d\u2019avoir gaspill\u00e9 leur argent.[\/vc_column_text][mk_padding_divider size=\u00a0\u00bb20&Prime;][vc_separator border_width=\u00a0\u00bb2&Prime;][\/vc_column_inner][\/vc_row_inner][vc_row_inner][vc_column_inner width=\u00a0\u00bb1\/3&Prime;][mk_fancy_title size=\u00a0\u00bb23&Prime; force_font_size=\u00a0\u00bbtrue\u00a0\u00bb size_smallscreen=\u00a0\u00bb23&Prime; size_tablet=\u00a0\u00bb23&Prime; size_phone=\u00a0\u00bb20&Prime; font_weight=\u00a0\u00bb400&Prime; margin_top=\u00a0\u00bb20&Prime; margin_bottom=\u00a0\u00bb10&Prime; font_family=\u00a0\u00bbnone\u00a0\u00bb]La valeur du mod\u00e8le HWaaS pour votre client ![\/mk_fancy_title][\/vc_column_inner][vc_column_inner width=\u00a0\u00bb2\/3&Prime;][mk_padding_divider size=\u00a0\u00bb20&Prime;][vc_column_text css=\u00a0\u00bb.vc_custom_1566915983270{margin-bottom: 0px !important;}\u00a0\u00bb]<strong>1. Un sentiment de libert\u00e9 ma\u00eetris\u00e9<\/strong><br \/>\nUn accord clair, plus aucune obligation d\u2019achat d\u2019objets physiques vou\u00e9s \u00e0 \u00eatre obsol\u00e8tes d&rsquo;ici \u00e0 5 ans. Tes clients peuvent profiter du meilleur des technologies et innovations que le syst\u00e8me Wildix peut procurer gr\u00e2ce \u00e0 un simple abonnement. Ils ne se sentent plus rattach\u00e9s, pieds et poings li\u00e9s, \u00e0 un vieux syst\u00e8me qu\u2019ils te reprocheront mais pourront appr\u00e9cier toute ton expertise au travers d\u2019une longue collaboration.[\/vc_column_text][vc_column_text css=\u00a0\u00bb.vc_custom_1566916009373{margin-bottom: 0px !important;}\u00a0\u00bb]<strong>2. Toujours \u00e0 la pointe de la technologie &#8211; Mises \u00e0 jour<\/strong><br \/>\nWildix t&rsquo;assure d\u2019avoir les produits les plus \u00e0 jour sur le march\u00e9. Tout est inclus dans le service auquel tu t&rsquo;abonnes.[\/vc_column_text][vc_column_text css=\u00a0\u00bb.vc_custom_1566916032567{margin-bottom: 0px !important;}\u00a0\u00bb]<strong>3. Garantie inconditionnelle &#8211; S\u00e9curit\u00e9<\/strong><br \/>\nLa police d&rsquo;assurance incluse dans le contrat couvre tous les dommages que tes clients pourraient causer \u00e0 leurs \u00e9quipements. Ils peuvent arr\u00eater de se soucier du mat\u00e9riel de leur entreprise et simplement l\u2019utiliser.[\/vc_column_text][mk_padding_divider size=\u00a0\u00bb20&Prime;][\/vc_column_inner][\/vc_row_inner][mk_padding_divider size=\u00a0\u00bb20&Prime;][\/vc_column][\/vc_row]\n<\/section>","protected":false},"excerpt":{"rendered":"<p>[mk_page_section bg_image=\u00a0\u00bbhttps:\/\/old.wildix.com\/wp-content\/uploads\/2019\/01\/wildix-warranty-back.jpg\u00a0\u00bb bg_position=\u00a0\u00bbcenter top\u00a0\u00bb bg_stretch=\u00a0\u00bbtrue\u00a0\u00bb video_mask=\u00a0\u00bbtrue\u00a0\u00bb bg_gradient=\u00a0\u00bbleft_top\u00a0\u00bb video_color_mask=\u00a0\u00bb#003366&Prime; gr_end=\u00a0\u00bb#90f3f2&Prime; video_opacity=\u00a0\u00bb0.7&Prime; min_height=\u00a0\u00bb250&Prime; full_width=\u00a0\u00bbtrue\u00a0\u00bb padding_top=\u00a0\u00bb0&Prime; padding_bottom=\u00a0\u00bb0&Prime; sidebar=\u00a0\u00bbsidebar-1&Prime; first_page=\u00a0\u00bbfalse\u00a0\u00bb last_page=\u00a0\u00bbfalse\u00a0\u00bb][vc_column][mk_padding_divider size=\u00a0\u00bb120&Prime; visibility=\u00a0\u00bbhidden-sm\u00a0\u00bb][mk_padding_divider size=\u00a0\u00bb70&Prime; visibility=\u00a0\u00bbvisible-sm\u00a0\u00bb][mk_fancy_title tag_name=\u00a0\u00bbh1&Prime; color=\u00a0\u00bb#ffffff\u00a0\u00bb size=\u00a0\u00bb70&Prime; force_font_size=\u00a0\u00bbtrue\u00a0\u00bb size_smallscreen=\u00a0\u00bb60&Prime; size_tablet=\u00a0\u00bb50&Prime; size_phone=\u00a0\u00bb40&Prime; font_weight=\u00a0\u00bb300&Prime; font_style=\u00a0\u00bbnormal\u00a0\u00bb txt_transform=\u00a0\u00bbnone\u00a0\u00bb margin_bottom=\u00a0\u00bb0&Prime; font_family=\u00a0\u00bbnone\u00a0\u00bb align=\u00a0\u00bbcenter\u00a0\u00bb]Hardware as a Service[\/mk_fancy_title][mk_padding_divider size=\u00a0\u00bb50&Prime;][\/vc_column][\/mk_page_section][vc_row][vc_column][mk_padding_divider size=\u00a0\u00bb50&Prime;][vc_column_text el_class=\u00a0\u00bbjustify\u00a0\u00bb css=\u00a0\u00bb.vc_custom_1564406524251{margin-bottom: 0px !important;}\u00a0\u00bb] Wildix est le premier fournisseur de Communications Unifi\u00e9es \u00e0 proposer un syst\u00e8me [&hellip;]<\/p>\n","protected":false},"author":6,"featured_media":0,"parent":0,"menu_order":0,"comment_status":"closed","ping_status":"closed","template":"","meta":{"wpupg_custom_link":[],"wpupg_custom_link_behaviour":["default"],"wpupg_custom_image":[],"wpupg_custom_image_id":[],"footnotes":""},"acf":[],"yoast_head":"<!-- This site is optimized with the Yoast SEO plugin v21.8 - https:\/\/yoast.com\/wordpress\/plugins\/seo\/ -->\n<title>Hardware as a Service - Wildix Services<\/title>\n<meta name=\"description\" content=\"Gr\u00e2ce \u00e0 la formule Wildix HWaaS, vous pouvez b\u00e9n\u00e9ficier d&#039;un syst\u00e8me enti\u00e8rement garanti et des derniers produits toujours mis \u00e0 jour.\" \/>\n<meta name=\"robots\" content=\"noindex, follow, max-snippet:-1, max-image-preview:large, max-video-preview:-1\" \/>\n<meta property=\"og:locale\" content=\"fr_FR\" \/>\n<meta property=\"og:type\" content=\"article\" \/>\n<meta property=\"og:title\" content=\"Hardware as a Service - Wildix Services\" \/>\n<meta property=\"og:description\" content=\"Gr\u00e2ce \u00e0 la formule Wildix HWaaS, vous pouvez b\u00e9n\u00e9ficier d&#039;un syst\u00e8me enti\u00e8rement garanti et des derniers produits toujours mis \u00e0 jour.\" \/>\n<meta property=\"og:url\" content=\"https:\/\/old.wildix.com\/fr\/hwaas\/\" \/>\n<meta property=\"og:site_name\" content=\"Wildix\" \/>\n<meta property=\"article:modified_time\" content=\"2022-09-06T14:07:36+00:00\" \/>\n<meta name=\"twitter:card\" content=\"summary_large_image\" \/>\n<meta name=\"twitter:label1\" content=\"Dur\u00e9e de lecture estim\u00e9e\" \/>\n\t<meta name=\"twitter:data1\" content=\"4 minutes\" \/>\n<script type=\"application\/ld+json\" class=\"yoast-schema-graph\">{\"@context\":\"https:\/\/schema.org\",\"@graph\":[{\"@type\":\"WebPage\",\"@id\":\"https:\/\/old.wildix.com\/fr\/hwaas\/\",\"url\":\"https:\/\/old.wildix.com\/fr\/hwaas\/\",\"name\":\"Hardware as a Service - Wildix Services\",\"isPartOf\":{\"@id\":\"https:\/\/old.wildix.com\/#website\"},\"datePublished\":\"2019-07-18T13:40:10+00:00\",\"dateModified\":\"2022-09-06T14:07:36+00:00\",\"description\":\"Gr\u00e2ce \u00e0 la formule Wildix HWaaS, vous pouvez b\u00e9n\u00e9ficier d'un syst\u00e8me enti\u00e8rement garanti et des derniers produits toujours mis \u00e0 jour.\",\"breadcrumb\":{\"@id\":\"https:\/\/old.wildix.com\/fr\/hwaas\/#breadcrumb\"},\"inLanguage\":\"fr-FR\",\"potentialAction\":[{\"@type\":\"ReadAction\",\"target\":[\"https:\/\/old.wildix.com\/fr\/hwaas\/\"]}]},{\"@type\":\"BreadcrumbList\",\"@id\":\"https:\/\/old.wildix.com\/fr\/hwaas\/#breadcrumb\",\"itemListElement\":[{\"@type\":\"ListItem\",\"position\":1,\"name\":\"Home\",\"item\":\"https:\/\/old.wildix.com\/\"},{\"@type\":\"ListItem\",\"position\":2,\"name\":\"Hardware as a Service\"}]},{\"@type\":\"WebSite\",\"@id\":\"https:\/\/old.wildix.com\/#website\",\"url\":\"https:\/\/old.wildix.com\/\",\"name\":\"Wildix\",\"description\":\"Wildix PBX | VoIP Solutions | Unified Communications | WebRTC\",\"publisher\":{\"@id\":\"https:\/\/old.wildix.com\/#organization\"},\"potentialAction\":[{\"@type\":\"SearchAction\",\"target\":{\"@type\":\"EntryPoint\",\"urlTemplate\":\"https:\/\/old.wildix.com\/?s={search_term_string}\"},\"query-input\":\"required name=search_term_string\"}],\"inLanguage\":\"fr-FR\"},{\"@type\":\"Organization\",\"@id\":\"https:\/\/old.wildix.com\/#organization\",\"name\":\"Wildix\",\"url\":\"https:\/\/old.wildix.com\/\",\"logo\":{\"@type\":\"ImageObject\",\"inLanguage\":\"fr-FR\",\"@id\":\"https:\/\/old.wildix.com\/#\/schema\/logo\/image\/\",\"url\":\"https:\/\/old.wildix.com\/wp-content\/uploads\/2018\/04\/wildix-logo-2.png\",\"contentUrl\":\"https:\/\/old.wildix.com\/wp-content\/uploads\/2018\/04\/wildix-logo-2.png\",\"width\":440,\"height\":200,\"caption\":\"Wildix\"},\"image\":{\"@id\":\"https:\/\/old.wildix.com\/#\/schema\/logo\/image\/\"}}]}<\/script>\n<!-- \/ Yoast SEO plugin. -->","yoast_head_json":{"title":"Hardware as a Service - Wildix Services","description":"Gr\u00e2ce \u00e0 la formule Wildix HWaaS, vous pouvez b\u00e9n\u00e9ficier d'un syst\u00e8me enti\u00e8rement garanti et des derniers produits toujours mis \u00e0 jour.","robots":{"index":"noindex","follow":"follow","max-snippet":"max-snippet:-1","max-image-preview":"max-image-preview:large","max-video-preview":"max-video-preview:-1"},"og_locale":"fr_FR","og_type":"article","og_title":"Hardware as a Service - Wildix Services","og_description":"Gr\u00e2ce \u00e0 la formule Wildix HWaaS, vous pouvez b\u00e9n\u00e9ficier d'un syst\u00e8me enti\u00e8rement garanti et des derniers produits toujours mis \u00e0 jour.","og_url":"https:\/\/old.wildix.com\/fr\/hwaas\/","og_site_name":"Wildix","article_modified_time":"2022-09-06T14:07:36+00:00","twitter_card":"summary_large_image","twitter_misc":{"Dur\u00e9e de lecture estim\u00e9e":"4 minutes"},"schema":{"@context":"https:\/\/schema.org","@graph":[{"@type":"WebPage","@id":"https:\/\/old.wildix.com\/fr\/hwaas\/","url":"https:\/\/old.wildix.com\/fr\/hwaas\/","name":"Hardware as a Service - Wildix Services","isPartOf":{"@id":"https:\/\/old.wildix.com\/#website"},"datePublished":"2019-07-18T13:40:10+00:00","dateModified":"2022-09-06T14:07:36+00:00","description":"Gr\u00e2ce \u00e0 la formule Wildix HWaaS, vous pouvez b\u00e9n\u00e9ficier d'un syst\u00e8me enti\u00e8rement garanti et des derniers produits toujours mis \u00e0 jour.","breadcrumb":{"@id":"https:\/\/old.wildix.com\/fr\/hwaas\/#breadcrumb"},"inLanguage":"fr-FR","potentialAction":[{"@type":"ReadAction","target":["https:\/\/old.wildix.com\/fr\/hwaas\/"]}]},{"@type":"BreadcrumbList","@id":"https:\/\/old.wildix.com\/fr\/hwaas\/#breadcrumb","itemListElement":[{"@type":"ListItem","position":1,"name":"Home","item":"https:\/\/old.wildix.com\/"},{"@type":"ListItem","position":2,"name":"Hardware as a Service"}]},{"@type":"WebSite","@id":"https:\/\/old.wildix.com\/#website","url":"https:\/\/old.wildix.com\/","name":"Wildix","description":"Wildix PBX | VoIP Solutions | Unified Communications | WebRTC","publisher":{"@id":"https:\/\/old.wildix.com\/#organization"},"potentialAction":[{"@type":"SearchAction","target":{"@type":"EntryPoint","urlTemplate":"https:\/\/old.wildix.com\/?s={search_term_string}"},"query-input":"required name=search_term_string"}],"inLanguage":"fr-FR"},{"@type":"Organization","@id":"https:\/\/old.wildix.com\/#organization","name":"Wildix","url":"https:\/\/old.wildix.com\/","logo":{"@type":"ImageObject","inLanguage":"fr-FR","@id":"https:\/\/old.wildix.com\/#\/schema\/logo\/image\/","url":"https:\/\/old.wildix.com\/wp-content\/uploads\/2018\/04\/wildix-logo-2.png","contentUrl":"https:\/\/old.wildix.com\/wp-content\/uploads\/2018\/04\/wildix-logo-2.png","width":440,"height":200,"caption":"Wildix"},"image":{"@id":"https:\/\/old.wildix.com\/#\/schema\/logo\/image\/"}}]}},"_links":{"self":[{"href":"https:\/\/old.wildix.com\/fr\/wp-json\/wp\/v2\/pages\/7839142"}],"collection":[{"href":"https:\/\/old.wildix.com\/fr\/wp-json\/wp\/v2\/pages"}],"about":[{"href":"https:\/\/old.wildix.com\/fr\/wp-json\/wp\/v2\/types\/page"}],"author":[{"embeddable":true,"href":"https:\/\/old.wildix.com\/fr\/wp-json\/wp\/v2\/users\/6"}],"replies":[{"embeddable":true,"href":"https:\/\/old.wildix.com\/fr\/wp-json\/wp\/v2\/comments?post=7839142"}],"version-history":[{"count":0,"href":"https:\/\/old.wildix.com\/fr\/wp-json\/wp\/v2\/pages\/7839142\/revisions"}],"wp:attachment":[{"href":"https:\/\/old.wildix.com\/fr\/wp-json\/wp\/v2\/media?parent=7839142"}],"curies":[{"name":"wp","href":"https:\/\/api.w.org\/{rel}","templated":true}]}}