{"id":7868442,"date":"2020-02-21T15:13:37","date_gmt":"2020-02-21T15:13:37","guid":{"rendered":"https:\/\/old2.wildix.com\/webinar\/"},"modified":"2022-05-16T11:10:49","modified_gmt":"2022-05-16T11:10:49","slug":"webinar","status":"publish","type":"page","link":"https:\/\/old.wildix.com\/fr\/webinar\/","title":{"rendered":"Wildix Webinar"},"content":{"rendered":"<section class=\"wpb-content-wrapper\">[mk_page_section bg_image=\u00a0\u00bbhttps:\/\/old.wildix.com\/wp-content\/uploads\/2021\/01\/wizywebinar-background.jpg\u00a0\u00bb bg_position=\u00a0\u00bbcenter center\u00a0\u00bb bg_repeat=\u00a0\u00bbno-repeat\u00a0\u00bb bg_stretch=\u00a0\u00bbtrue\u00a0\u00bb bg_gradient=\u00a0\u00bbleft_top\u00a0\u00bb video_color_mask=\u00a0\u00bb#003366&Prime; gr_end=\u00a0\u00bb#90f3f2&Prime; video_opacity=\u00a0\u00bb0.95&Prime; full_width=\u00a0\u00bbtrue\u00a0\u00bb padding_top=\u00a0\u00bb0&Prime; padding_bottom=\u00a0\u00bb0&Prime; sidebar=\u00a0\u00bbsidebar-1&Prime; first_page=\u00a0\u00bbfalse\u00a0\u00bb last_page=\u00a0\u00bbfalse\u00a0\u00bb][vc_column][mk_padding_divider size=\u00a0\u00bb125&Prime; visibility=\u00a0\u00bbhidden-sm\u00a0\u00bb][mk_padding_divider visibility=\u00a0\u00bbvisible-sm\u00a0\u00bb][mk_fancy_title tag_name=\u00a0\u00bbh1&Prime; color=\u00a0\u00bb#ffffff\u00a0\u00bb size=\u00a0\u00bb50&Prime; force_font_size=\u00a0\u00bbtrue\u00a0\u00bb size_smallscreen=\u00a0\u00bb50&Prime; size_tablet=\u00a0\u00bb50&Prime; size_phone=\u00a0\u00bb40&Prime; font_weight=\u00a0\u00bb300&Prime; font_style=\u00a0\u00bbnormal\u00a0\u00bb txt_transform=\u00a0\u00bbnone\u00a0\u00bb margin_bottom=\u00a0\u00bb0&Prime; font_family=\u00a0\u00bbnone\u00a0\u00bb align=\u00a0\u00bbcenter\u00a0\u00bb]\n<p>Wildix Webinars<\/p>\n[\/mk_fancy_title][mk_fancy_title tag_name=\u00a0\u00bbspan\u00a0\u00bb color=\u00a0\u00bb#ffffff\u00a0\u00bb size=\u00a0\u00bb24&Prime; force_font_size=\u00a0\u00bbtrue\u00a0\u00bb size_smallscreen=\u00a0\u00bb22&Prime; size_tablet=\u00a0\u00bb22&Prime; size_phone=\u00a0\u00bb20&Prime; font_weight=\u00a0\u00bb300&Prime; font_style=\u00a0\u00bbnormal\u00a0\u00bb txt_transform=\u00a0\u00bbnone\u00a0\u00bb margin_bottom=\u00a0\u00bb0&Prime; font_family=\u00a0\u00bbnone\u00a0\u00bb align=\u00a0\u00bbcenter\u00a0\u00bb]La connaissance, c&rsquo;est le pouvoir ![\/mk_fancy_title][mk_padding_divider size=\u00a0\u00bb30&Prime; visibility=\u00a0\u00bbhidden-sm\u00a0\u00bb][mk_padding_divider size=\u00a0\u00bb10&Prime; visibility=\u00a0\u00bbvisible-sm\u00a0\u00bb][\/vc_column][\/mk_page_section][vc_row fullwidth=\u00a0\u00bbtrue\u00a0\u00bb][vc_column][mk_padding_divider size=\u00a0\u00bb50&Prime; visibility=\u00a0\u00bbhidden-sm\u00a0\u00bb][\/vc_column][\/vc_row][vc_row fullwidth=\u00a0\u00bbtrue\u00a0\u00bb fullwidth_content=\u00a0\u00bbfalse\u00a0\u00bb][vc_column width=\u00a0\u00bb1\/2&Prime; css=\u00a0\u00bb.vc_custom_1612756301216{padding-right: 3% !important;}\u00a0\u00bb][mk_padding_divider size=\u00a0\u00bb41&Prime;][vc_column_text css=\u00a0\u00bb.vc_custom_1614238085962{margin-bottom: 0px !important;}\u00a0\u00bb]\n<p style=\"text-align: left; color: #55595c;\"><strong>Wildix croit fermement en l&rsquo;apprentissage sans fin pour une am\u00e9lioration continue.<\/strong><\/p>\n<p style=\"text-align: left; color: #55595c;\">Vous trouverez ici les archives compl\u00e8tes de tous les webinars que Wildix a organis\u00e9s pour soutenir ses partenaires dans les domaines de la technologie, des ventes et du marketing:<br \/>\n<a href=\"https:\/\/manuals.wildix.com\/\" target=\"_blank\" rel=\"noopener noreferrer\">Wildix E-learning Platform<\/a>.<\/p>\n[\/vc_column_text][mk_padding_divider size=\u00a0\u00bb42&Prime;][mk_image src=\u00a0\u00bbhttps:\/\/old.wildix.com\/wp-content\/uploads\/2020\/04\/wildix-e-learning-platform.jpg\u00a0\u00bb image_size=\u00a0\u00bbfull\u00a0\u00bb link=\u00a0\u00bbhttps:\/\/manuals.wildix.com\/\u00a0\u00bb align=\u00a0\u00bbcenter\u00a0\u00bb margin_bottom=\u00a0\u00bb30&Prime;][mk_padding_divider size=\u00a0\u00bb20&Prime; visibility=\u00a0\u00bbvisible-sm\u00a0\u00bb][\/vc_column][vc_column width=\u00a0\u00bb1\/2&Prime; css=\u00a0\u00bb.vc_custom_1612338585272{padding-right: 5% !important;padding-left: 5% !important;background-color: #f7f7f7 !important;}\u00a0\u00bb][mk_padding_divider][mk_fancy_title color=\u00a0\u00bb#54595f\u00a0\u00bb size=\u00a0\u00bb24&Prime; force_font_size=\u00a0\u00bbtrue\u00a0\u00bb size_smallscreen=\u00a0\u00bb25&Prime; size_tablet=\u00a0\u00bb25&Prime; size_phone=\u00a0\u00bb20&Prime; margin_bottom=\u00a0\u00bb0&Prime; font_family=\u00a0\u00bbnone\u00a0\u00bb align=\u00a0\u00bbcenter\u00a0\u00bb]Vous souhaitez participer \u00e0 nos prochains webinars ? [\/mk_fancy_title][vc_column_text css=\u00a0\u00bb.vc_custom_1614238109733{margin-bottom: 0px !important;border-bottom-width: 0px !important;padding-bottom: 0px !important;}\u00a0\u00bb]\n<p style=\"color: #55595c; text-align: center;\"><strong>Merci de remplir ce formulaire pour recevoir toutes les informations.<\/strong><\/p>\n[\/vc_column_text][contact-form-7 id=\u00a0\u00bb7866903&Prime;][mk_padding_divider size=\u00a0\u00bb15&Prime;][\/vc_column][\/vc_row][vc_row fullwidth=\u00a0\u00bbtrue\u00a0\u00bb][vc_column][mk_padding_divider size=\u00a0\u00bb30&Prime;][\/vc_column][\/vc_row][vc_row][vc_column][mk_divider style=\u00a0\u00bbthin_solid\u00a0\u00bb thin_color_style=\u00a0\u00bbgradient_color\u00a0\u00bb thin_grandient_color_from=\u00a0\u00bb#ededed\u00a0\u00bb thin_grandient_color_to=\u00a0\u00bb#ffffff\u00a0\u00bb thin_gradient_color_style=\u00a0\u00bbradial\u00a0\u00bb thin_gradient_color_angle=\u00a0\u00bbhorizontal\u00a0\u00bb visibility=\u00a0\u00bbhidden-sm\u00a0\u00bb][mk_padding_divider size=\u00a0\u00bb20&Prime; visibility=\u00a0\u00bbhidden-sm\u00a0\u00bb][\/vc_column][\/vc_row][vc_row][vc_column][mk_fancy_title size=\u00a0\u00bb28&Prime; force_font_size=\u00a0\u00bbtrue\u00a0\u00bb size_smallscreen=\u00a0\u00bb25&Prime; size_tablet=\u00a0\u00bb25&Prime; size_phone=\u00a0\u00bb20&Prime; margin_top=\u00a0\u00bb20&Prime; margin_bottom=\u00a0\u00bb10&Prime; font_family=\u00a0\u00bbnone\u00a0\u00bb align=\u00a0\u00bbcenter\u00a0\u00bb]Vous \u00eates int\u00e9ress\u00e9 par les webinars pour augmenter vos ventes ?[\/mk_fancy_title][mk_padding_divider size=\u00a0\u00bb20&Prime;][\/vc_column][\/vc_row][vc_row][vc_column width=\u00a0\u00bb1\/2&Prime;][mk_image_switch src_first=\u00a0\u00bbhttps:\/\/old.wildix.com\/wp-content\/uploads\/2020\/12\/wildix-wizyconf-the-first-professional-easy-to-use-video-conference-2.jpg\u00a0\u00bb src_second=\u00a0\u00bbhttps:\/\/old.wildix.com\/wp-content\/uploads\/2020\/10\/wildix-wizyconf-the-first-professional-easy-to-use-video-conference.jpg\u00a0\u00bb hover_animation=\u00a0\u00bbfading\u00a0\u00bb image_width=\u00a0\u00bb550&Prime; image_height=\u00a0\u00bb300&Prime; margin_bottom=\u00a0\u00bb0&Prime;][\/vc_column][vc_column width=\u00a0\u00bb1\/2&Prime;][mk_padding_divider size=\u00a0\u00bb20&Prime; visibility=\u00a0\u00bbhidden-sm\u00a0\u00bb][mk_image src=\u00a0\u00bbhttps:\/\/old.wildix.com\/wp-content\/uploads\/2021\/01\/wizywebinar-logo-transparent.png\u00a0\u00bb image_size=\u00a0\u00bbfull\u00a0\u00bb align=\u00a0\u00bbcenter\u00a0\u00bb][vc_column_text css=\u00a0\u00bb.vc_custom_1614238141050{margin-bottom: 0px !important;}\u00a0\u00bb]\n<p style=\"color: #55595c; text-align: center;\">D\u00e9couvrez le premier studio de cin\u00e9ma automatis\u00e9 pour webinars cr\u00e9\u00e9 par Wildix pour dynamiser votre activit\u00e9.<\/p>\n[\/vc_column_text][mk_button dimension=\u00a0\u00bboutline\u00a0\u00bb corner_style=\u00a0\u00bbrounded\u00a0\u00bb size=\u00a0\u00bblarge\u00a0\u00bb letter_spacing=\u00a0\u00bb1&Prime; url=\u00a0\u00bbhttps:\/\/old.wildix.com\/fr\/wizywebinar-platform\/\u00a0\u00bb align=\u00a0\u00bbcenter\u00a0\u00bb margin_right=\u00a0\u00bb\u00a0\u00bb outline_skin=\u00a0\u00bbcustom\u00a0\u00bb outline_active_color=\u00a0\u00bb#dd9933&Prime; outline_active_text_color=\u00a0\u00bb#dd9933&Prime; outline_hover_bg_color=\u00a0\u00bb#dd9933&Prime; outline_hover_color=\u00a0\u00bb#ffffff\u00a0\u00bb]Cliquez ici pour d\u00e9couvrir Wizywebinar[\/mk_button][\/vc_column][\/vc_row][vc_row][vc_column][mk_padding_divider size=\u00a0\u00bb20&Prime;][mk_padding_divider][\/vc_column][\/vc_row]\n<\/section>","protected":false},"excerpt":{"rendered":"<p>[mk_page_section bg_image=\u00a0\u00bbhttps:\/\/old.wildix.com\/wp-content\/uploads\/2021\/01\/wizywebinar-background.jpg\u00a0\u00bb bg_position=\u00a0\u00bbcenter center\u00a0\u00bb bg_repeat=\u00a0\u00bbno-repeat\u00a0\u00bb bg_stretch=\u00a0\u00bbtrue\u00a0\u00bb bg_gradient=\u00a0\u00bbleft_top\u00a0\u00bb video_color_mask=\u00a0\u00bb#003366&Prime; gr_end=\u00a0\u00bb#90f3f2&Prime; video_opacity=\u00a0\u00bb0.95&Prime; full_width=\u00a0\u00bbtrue\u00a0\u00bb padding_top=\u00a0\u00bb0&Prime; padding_bottom=\u00a0\u00bb0&Prime; sidebar=\u00a0\u00bbsidebar-1&Prime; first_page=\u00a0\u00bbfalse\u00a0\u00bb last_page=\u00a0\u00bbfalse\u00a0\u00bb][vc_column][mk_padding_divider size=\u00a0\u00bb125&Prime; visibility=\u00a0\u00bbhidden-sm\u00a0\u00bb][mk_padding_divider visibility=\u00a0\u00bbvisible-sm\u00a0\u00bb][mk_fancy_title tag_name=\u00a0\u00bbh1&Prime; color=\u00a0\u00bb#ffffff\u00a0\u00bb size=\u00a0\u00bb50&Prime; force_font_size=\u00a0\u00bbtrue\u00a0\u00bb size_smallscreen=\u00a0\u00bb50&Prime; size_tablet=\u00a0\u00bb50&Prime; size_phone=\u00a0\u00bb40&Prime; font_weight=\u00a0\u00bb300&Prime; font_style=\u00a0\u00bbnormal\u00a0\u00bb txt_transform=\u00a0\u00bbnone\u00a0\u00bb margin_bottom=\u00a0\u00bb0&Prime; font_family=\u00a0\u00bbnone\u00a0\u00bb align=\u00a0\u00bbcenter\u00a0\u00bb] Wildix Webinars [\/mk_fancy_title][mk_fancy_title tag_name=\u00a0\u00bbspan\u00a0\u00bb color=\u00a0\u00bb#ffffff\u00a0\u00bb size=\u00a0\u00bb24&Prime; force_font_size=\u00a0\u00bbtrue\u00a0\u00bb size_smallscreen=\u00a0\u00bb22&Prime; size_tablet=\u00a0\u00bb22&Prime; size_phone=\u00a0\u00bb20&Prime; font_weight=\u00a0\u00bb300&Prime; font_style=\u00a0\u00bbnormal\u00a0\u00bb txt_transform=\u00a0\u00bbnone\u00a0\u00bb margin_bottom=\u00a0\u00bb0&Prime; font_family=\u00a0\u00bbnone\u00a0\u00bb align=\u00a0\u00bbcenter\u00a0\u00bb]La connaissance, c&rsquo;est le pouvoir ![\/mk_fancy_title][mk_padding_divider size=\u00a0\u00bb30&Prime; visibility=\u00a0\u00bbhidden-sm\u00a0\u00bb][mk_padding_divider [&hellip;]<\/p>\n","protected":false},"author":1,"featured_media":7872188,"parent":0,"menu_order":0,"comment_status":"closed","ping_status":"closed","template":"","meta":{"wpupg_custom_link":[],"wpupg_custom_link_behaviour":["default"],"wpupg_custom_image":[],"wpupg_custom_image_id":[],"footnotes":""},"acf":[],"yoast_head":"<!-- This site is optimized with the Yoast SEO plugin v21.8 - https:\/\/yoast.com\/wordpress\/plugins\/seo\/ -->\n<title>Solutions de Vid\u00e9oconf\u00e9rence Wizywebinar | Wildix<\/title>\n<meta name=\"description\" content=\"Les webinaires et les solutions de vid\u00e9oconf\u00e9rence sont essentiels aux entreprises ayant besoin de communiquer des id\u00e9es \u00e0 leurs clients. Apprenez-en plus sur les outils Wildix d\u00e8s \u00e0 pr\u00e9sent.\" \/>\n<meta name=\"robots\" content=\"noindex, nofollow\" \/>\n<meta property=\"og:locale\" content=\"fr_FR\" \/>\n<meta property=\"og:type\" content=\"article\" \/>\n<meta property=\"og:title\" content=\"Solutions de Vid\u00e9oconf\u00e9rence Wizywebinar | Wildix\" \/>\n<meta property=\"og:description\" content=\"Les webinaires et les solutions de vid\u00e9oconf\u00e9rence sont essentiels aux entreprises ayant besoin de communiquer des id\u00e9es \u00e0 leurs clients. Apprenez-en plus sur les outils Wildix d\u00e8s \u00e0 pr\u00e9sent.\" \/>\n<meta property=\"og:url\" content=\"https:\/\/old.wildix.com\/fr\/webinar\/\" \/>\n<meta property=\"og:site_name\" content=\"Wildix\" \/>\n<meta property=\"article:modified_time\" content=\"2022-05-16T11:10:49+00:00\" \/>\n<meta property=\"og:image\" content=\"https:\/\/old.wildix.com\/wp-content\/uploads\/2021\/04\/wildix-wizywebinar-3.jpeg\" \/>\n\t<meta property=\"og:image:width\" content=\"800\" \/>\n\t<meta property=\"og:image:height\" content=\"500\" \/>\n\t<meta property=\"og:image:type\" content=\"image\/jpeg\" \/>\n<meta name=\"twitter:card\" content=\"summary_large_image\" \/>\n<meta name=\"twitter:image\" content=\"https:\/\/old.wildix.com\/wp-content\/uploads\/2021\/04\/wildix-wizywebinar-3.jpeg\" \/>\n<meta name=\"twitter:label1\" content=\"Dur\u00e9e de lecture estim\u00e9e\" \/>\n\t<meta name=\"twitter:data1\" content=\"2 minutes\" \/>\n<script type=\"application\/ld+json\" class=\"yoast-schema-graph\">{\"@context\":\"https:\/\/schema.org\",\"@graph\":[{\"@type\":\"WebPage\",\"@id\":\"https:\/\/old.wildix.com\/fr\/webinar\/\",\"url\":\"https:\/\/old.wildix.com\/fr\/webinar\/\",\"name\":\"Solutions de Vid\u00e9oconf\u00e9rence Wizywebinar | Wildix\",\"isPartOf\":{\"@id\":\"https:\/\/old.wildix.com\/#website\"},\"datePublished\":\"2020-02-21T15:13:37+00:00\",\"dateModified\":\"2022-05-16T11:10:49+00:00\",\"description\":\"Les webinaires et les solutions de vid\u00e9oconf\u00e9rence sont essentiels aux entreprises ayant besoin de communiquer des id\u00e9es \u00e0 leurs clients. Apprenez-en plus sur les outils Wildix d\u00e8s \u00e0 pr\u00e9sent.\",\"breadcrumb\":{\"@id\":\"https:\/\/old.wildix.com\/fr\/webinar\/#breadcrumb\"},\"inLanguage\":\"fr-FR\",\"potentialAction\":[{\"@type\":\"ReadAction\",\"target\":[\"https:\/\/old.wildix.com\/fr\/webinar\/\"]}]},{\"@type\":\"BreadcrumbList\",\"@id\":\"https:\/\/old.wildix.com\/fr\/webinar\/#breadcrumb\",\"itemListElement\":[{\"@type\":\"ListItem\",\"position\":1,\"name\":\"Home\",\"item\":\"https:\/\/old.wildix.com\/\"},{\"@type\":\"ListItem\",\"position\":2,\"name\":\"Wildix Webinar\"}]},{\"@type\":\"WebSite\",\"@id\":\"https:\/\/old.wildix.com\/#website\",\"url\":\"https:\/\/old.wildix.com\/\",\"name\":\"Wildix\",\"description\":\"Wildix PBX | VoIP Solutions | Unified Communications | WebRTC\",\"publisher\":{\"@id\":\"https:\/\/old.wildix.com\/#organization\"},\"potentialAction\":[{\"@type\":\"SearchAction\",\"target\":{\"@type\":\"EntryPoint\",\"urlTemplate\":\"https:\/\/old.wildix.com\/?s={search_term_string}\"},\"query-input\":\"required name=search_term_string\"}],\"inLanguage\":\"fr-FR\"},{\"@type\":\"Organization\",\"@id\":\"https:\/\/old.wildix.com\/#organization\",\"name\":\"Wildix\",\"url\":\"https:\/\/old.wildix.com\/\",\"logo\":{\"@type\":\"ImageObject\",\"inLanguage\":\"fr-FR\",\"@id\":\"https:\/\/old.wildix.com\/#\/schema\/logo\/image\/\",\"url\":\"https:\/\/old.wildix.com\/wp-content\/uploads\/2018\/04\/wildix-logo-2.png\",\"contentUrl\":\"https:\/\/old.wildix.com\/wp-content\/uploads\/2018\/04\/wildix-logo-2.png\",\"width\":440,\"height\":200,\"caption\":\"Wildix\"},\"image\":{\"@id\":\"https:\/\/old.wildix.com\/#\/schema\/logo\/image\/\"}}]}<\/script>\n<!-- \/ Yoast SEO plugin. -->","yoast_head_json":{"title":"Solutions de Vid\u00e9oconf\u00e9rence Wizywebinar | Wildix","description":"Les webinaires et les solutions de vid\u00e9oconf\u00e9rence sont essentiels aux entreprises ayant besoin de communiquer des id\u00e9es \u00e0 leurs clients. Apprenez-en plus sur les outils Wildix d\u00e8s \u00e0 pr\u00e9sent.","robots":{"index":"noindex","follow":"nofollow"},"og_locale":"fr_FR","og_type":"article","og_title":"Solutions de Vid\u00e9oconf\u00e9rence Wizywebinar | Wildix","og_description":"Les webinaires et les solutions de vid\u00e9oconf\u00e9rence sont essentiels aux entreprises ayant besoin de communiquer des id\u00e9es \u00e0 leurs clients. Apprenez-en plus sur les outils Wildix d\u00e8s \u00e0 pr\u00e9sent.","og_url":"https:\/\/old.wildix.com\/fr\/webinar\/","og_site_name":"Wildix","article_modified_time":"2022-05-16T11:10:49+00:00","og_image":[{"width":800,"height":500,"url":"https:\/\/old.wildix.com\/wp-content\/uploads\/2021\/04\/wildix-wizywebinar-3.jpeg","type":"image\/jpeg"}],"twitter_card":"summary_large_image","twitter_image":"https:\/\/old.wildix.com\/wp-content\/uploads\/2021\/04\/wildix-wizywebinar-3.jpeg","twitter_misc":{"Dur\u00e9e de lecture estim\u00e9e":"2 minutes"},"schema":{"@context":"https:\/\/schema.org","@graph":[{"@type":"WebPage","@id":"https:\/\/old.wildix.com\/fr\/webinar\/","url":"https:\/\/old.wildix.com\/fr\/webinar\/","name":"Solutions de Vid\u00e9oconf\u00e9rence Wizywebinar | Wildix","isPartOf":{"@id":"https:\/\/old.wildix.com\/#website"},"datePublished":"2020-02-21T15:13:37+00:00","dateModified":"2022-05-16T11:10:49+00:00","description":"Les webinaires et les solutions de vid\u00e9oconf\u00e9rence sont essentiels aux entreprises ayant besoin de communiquer des id\u00e9es \u00e0 leurs clients. Apprenez-en plus sur les outils Wildix d\u00e8s \u00e0 pr\u00e9sent.","breadcrumb":{"@id":"https:\/\/old.wildix.com\/fr\/webinar\/#breadcrumb"},"inLanguage":"fr-FR","potentialAction":[{"@type":"ReadAction","target":["https:\/\/old.wildix.com\/fr\/webinar\/"]}]},{"@type":"BreadcrumbList","@id":"https:\/\/old.wildix.com\/fr\/webinar\/#breadcrumb","itemListElement":[{"@type":"ListItem","position":1,"name":"Home","item":"https:\/\/old.wildix.com\/"},{"@type":"ListItem","position":2,"name":"Wildix Webinar"}]},{"@type":"WebSite","@id":"https:\/\/old.wildix.com\/#website","url":"https:\/\/old.wildix.com\/","name":"Wildix","description":"Wildix PBX | VoIP Solutions | Unified Communications | WebRTC","publisher":{"@id":"https:\/\/old.wildix.com\/#organization"},"potentialAction":[{"@type":"SearchAction","target":{"@type":"EntryPoint","urlTemplate":"https:\/\/old.wildix.com\/?s={search_term_string}"},"query-input":"required name=search_term_string"}],"inLanguage":"fr-FR"},{"@type":"Organization","@id":"https:\/\/old.wildix.com\/#organization","name":"Wildix","url":"https:\/\/old.wildix.com\/","logo":{"@type":"ImageObject","inLanguage":"fr-FR","@id":"https:\/\/old.wildix.com\/#\/schema\/logo\/image\/","url":"https:\/\/old.wildix.com\/wp-content\/uploads\/2018\/04\/wildix-logo-2.png","contentUrl":"https:\/\/old.wildix.com\/wp-content\/uploads\/2018\/04\/wildix-logo-2.png","width":440,"height":200,"caption":"Wildix"},"image":{"@id":"https:\/\/old.wildix.com\/#\/schema\/logo\/image\/"}}]}},"_links":{"self":[{"href":"https:\/\/old.wildix.com\/fr\/wp-json\/wp\/v2\/pages\/7868442"}],"collection":[{"href":"https:\/\/old.wildix.com\/fr\/wp-json\/wp\/v2\/pages"}],"about":[{"href":"https:\/\/old.wildix.com\/fr\/wp-json\/wp\/v2\/types\/page"}],"author":[{"embeddable":true,"href":"https:\/\/old.wildix.com\/fr\/wp-json\/wp\/v2\/users\/1"}],"replies":[{"embeddable":true,"href":"https:\/\/old.wildix.com\/fr\/wp-json\/wp\/v2\/comments?post=7868442"}],"version-history":[{"count":0,"href":"https:\/\/old.wildix.com\/fr\/wp-json\/wp\/v2\/pages\/7868442\/revisions"}],"wp:featuredmedia":[{"embeddable":true,"href":"https:\/\/old.wildix.com\/fr\/wp-json\/wp\/v2\/media\/7872188"}],"wp:attachment":[{"href":"https:\/\/old.wildix.com\/fr\/wp-json\/wp\/v2\/media?parent=7868442"}],"curies":[{"name":"wp","href":"https:\/\/api.w.org\/{rel}","templated":true}]}}