{"id":7869636,"date":"2020-08-13T10:16:28","date_gmt":"2020-08-13T10:16:28","guid":{"rendered":"https:\/\/old2.wildix.com\/meet\/"},"modified":"2021-03-18T14:07:53","modified_gmt":"2021-03-18T14:07:53","slug":"meet","status":"publish","type":"page","link":"https:\/\/old.wildix.com\/fr\/meet\/","title":{"rendered":"Swipe and Shine Feedback"},"content":{"rendered":"<section class=\"wpb-content-wrapper\">[mk_page_section bg_image=\u00a0\u00bbhttps:\/\/old.wildix.com\/wp-content\/uploads\/2020\/05\/call-your-sales-rep-to-plan-your-growth-with-this-promo.jpg\u00a0\u00bb bg_position=\u00a0\u00bbcenter center\u00a0\u00bb bg_stretch=\u00a0\u00bbtrue\u00a0\u00bb video_mask=\u00a0\u00bbtrue\u00a0\u00bb video_color_mask=\u00a0\u00bb#003366&Prime; video_opacity=\u00a0\u00bb0.8&Prime; min_height=\u00a0\u00bb80&Prime; full_width=\u00a0\u00bbtrue\u00a0\u00bb top_shape_style=\u00a0\u00bbspeech-top\u00a0\u00bb bottom_shape_size=\u00a0\u00bbsmall\u00a0\u00bb bottom_shape_color=\u00a0\u00bb#ffffff\u00a0\u00bb section_id=\u00a0\u00bbpromohardware\u00a0\u00bb sidebar=\u00a0\u00bbsidebar-1&Prime;][vc_column][mk_padding_divider size=\u00a0\u00bb50&Prime;][vc_row_inner is_fullwidth_content=\u00a0\u00bbfalse\u00a0\u00bb][vc_column_inner width=\u00a0\u00bb1\/2&Prime; css=\u00a0\u00bb.vc_custom_1596439079277{padding-right: 5% !important;padding-left: 5% !important;}\u00a0\u00bb][mk_fancy_title tag_name=\u00a0\u00bbspan\u00a0\u00bb color=\u00a0\u00bb#00adef\u00a0\u00bb size=\u00a0\u00bb50&Prime; force_font_size=\u00a0\u00bbtrue\u00a0\u00bb size_tablet=\u00a0\u00bb25&Prime; size_phone=\u00a0\u00bb33&Prime; font_weight=\u00a0\u00bbbold\u00a0\u00bb margin_top=\u00a0\u00bb20&Prime; margin_bottom=\u00a0\u00bb0&Prime; font_family=\u00a0\u00bbMS Serif, New York, sans-serif\u00a0\u00bb font_type=\u00a0\u00bbsafefont\u00a0\u00bb]Heureux de vous voir<br \/>\nsur cette page ![\/mk_fancy_title][vc_column_text align=\u00a0\u00bbcenter\u00a0\u00bb visibility=\u00a0\u00bbhidden-sm\u00a0\u00bb css=\u00a0\u00bb.vc_custom_1615979989394{margin-bottom: 0px !important;}\u00a0\u00bb]\n<p style=\"color: #ffffff;\">Vous \u00eates ici parce que vous avez re\u00e7u une carte vous recommandant de suivre un chemin \u00e0 emprunter simple et imm\u00e9diat vers la croissance de votre entreprise. Les b\u00e9n\u00e9fices pr\u00e9sents sur votre bilan comptable sont dissimul\u00e9s dans un outil de travail quotidien : votre syst\u00e8me de communication, un puissant moteur pour votre entreprise !<\/p>\n<p style=\"color: #ffffff;\"><strong style=\"color: #ffffff;\">D\u00e9couvrez Wildix, la premi\u00e8re solution de communication unifi\u00e9e con\u00e7ue pour augmenter vos ventes de mani\u00e8re 100% s\u00e9curis\u00e9e.<br \/>\n<\/strong><\/p>\n<p style=\"color: #ffffff;\">Des milliers d&rsquo;entreprises \u00e0 travers le monde ont d\u00e9j\u00e0 choisi de dynamiser leurs activit\u00e9s avec Wildix.<\/p>\n[\/vc_column_text][vc_column_text align=\u00a0\u00bbcenter\u00a0\u00bb visibility=\u00a0\u00bbvisible-sm\u00a0\u00bb css=\u00a0\u00bb.vc_custom_1596444799052{margin-bottom: 0px !important;}\u00a0\u00bb]\n<p style=\"color: #ffffff; font-size: 14px;\">Ti trovi qui perch\u00e9 hai ricevuto una cartolina che raccomanda al tuo business una via di crescita semplice e immediata. Il segno + nel tuo bilancio si nasconde in uno strumento di lavoro quotidiano: il tuo sistema di comunicazione \u00e8 un potente volano per i tuoi affari!<\/p>\n<p style=\"color: #ffffff; font-size: 14px;\"><strong style=\"color: #ffffff;\">Scopri Wildix, la prima soluzione di comunicazione unificata pensata per incrementare le tue vendite in modo 100% sicuro.<\/strong><\/p>\n<p style=\"color: #ffffff; font-size: 14px;\">Migliaia di aziende in tutto il mondo hanno gi\u00e0 scelto di potenziare il proprio business grazie a Wildix.<\/p>\n[\/vc_column_text][\/vc_column_inner][vc_column_inner width=\u00a0\u00bb1\/2&Prime; css=\u00a0\u00bb.vc_custom_1601477599913{margin-right: 0px !important;margin-left: 0px !important;border-top-width: 1px !important;border-right-width: 1px !important;border-bottom-width: 1px !important;border-left-width: 1px !important;background-color: #ffffff !important;border-left-color: #f2f2f2 !important;border-left-style: solid !important;border-right-color: #f2f2f2 !important;border-right-style: solid !important;border-top-color: #f2f2f2 !important;border-top-style: solid !important;border-bottom-color: #f2f2f2 !important;border-bottom-style: solid !important;border-radius: 5px !important;}\u00a0\u00bb][mk_fancy_title size=\u00a0\u00bb23&Prime; force_font_size=\u00a0\u00bbtrue\u00a0\u00bb size_smallscreen=\u00a0\u00bb25&Prime; size_tablet=\u00a0\u00bb25&Prime; size_phone=\u00a0\u00bb16&Prime; margin_top=\u00a0\u00bb20&Prime; margin_bottom=\u00a0\u00bb\u00a0\u00bb font_family=\u00a0\u00bbnone\u00a0\u00bb align=\u00a0\u00bbcenter\u00a0\u00bb]Remplissez le formulaire pour savoir<br \/>\ndans quelle mesure votre entreprise<br \/>\npeut se d\u00e9velopper avec Wildix<br \/>\n[\/mk_fancy_title][vc_raw_html]JTNDZGl2JTIwaWQlM0QlMjJvdXRlciUyMiUzRSUwQSUzQ2RpdiUyMGlkJTNEJTIyaW5uZXIlMjIlM0UlMEElMDklM0Nmb3JtJTIwYWNjZXB0LWNoYXJzZXQlM0QlMjJVVEYtOCUyMiUyMGFjdGlvbiUzRCUyMmh0dHBzJTNBJTJGJTJGd3IyMDQuaW5mdXNpb25zb2Z0LmNvbSUyRmFwcCUyRmZvcm0lMkZwcm9jZXNzJTJGMmZhYWU2N2Y5ZjljZWViNmIxYjVjZmFiOTIzNzQwMTElMjIlMjBjbGFzcyUzRCUyMmluZnVzaW9uLWZvcm0lMjIlMjBpZCUzRCUyMmluZl9mb3JtXzJmYWFlNjdmOWY5Y2VlYjZiMWI1Y2ZhYjkyMzc0MDExJTIyJTIwbWV0aG9kJTNEJTIyUE9TVCUyMiUzRSUwQSUyMCUyMCUyMCUyMCUzQ2lucHV0JTIwbmFtZSUzRCUyMmluZl9mb3JtX3hpZCUyMiUyMHR5cGUlM0QlMjJoaWRkZW4lMjIlMjB2YWx1ZSUzRCUyMjJmYWFlNjdmOWY5Y2VlYjZiMWI1Y2ZhYjkyMzc0MDExJTIyJTIwJTJGJTNFJTBBJTIwJTIwJTIwJTIwJTNDaW5wdXQlMjBuYW1lJTNEJTIyaW5mX2Zvcm1fbmFtZSUyMiUyMHR5cGUlM0QlMjJoaWRkZW4lMjIlMjB2YWx1ZSUzRCUyMlN3aXBlJTIwJTI2JTIwU2hpbmUlMjAtJTIwTFAlMjAtJTIwMiUyMC0lMjBGcmllbmQlMjIlMjAlMkYlM0UlMEElMjAlMjAlMjAlMjAlM0NpbnB1dCUyMG5hbWUlM0QlMjJpbmZ1c2lvbnNvZnRfdmVyc2lvbiUyMiUyMHR5cGUlM0QlMjJoaWRkZW4lMjIlMjB2YWx1ZSUzRCUyMjEuNzAuMC4zMzYxODklMjIlMjAlMkYlM0UlMEElMjAlMjAlMjAlMjAlM0NkaXYlMjBjbGFzcyUzRCUyMmluZnVzaW9uLWZpZWxkJTIyJTNFJTBBJTIwJTIwJTIwJTIwJTIwJTIwJTIwJTIwJTNDbGFiZWwlMjBmb3IlM0QlMjJpbmZfZmllbGRfRmlyc3ROYW1lJTIyJTNFUHIlMjZlYWN1dGUlM0Jub20lMjAlMkElM0MlMkZsYWJlbCUzRSUwQSUyMCUyMCUyMCUyMCUyMCUyMCUyMCUyMCUzQ2lucHV0JTIwaWQlM0QlMjJpbmZfZmllbGRfRmlyc3ROYW1lJTIyJTIwbmFtZSUzRCUyMmluZl9maWVsZF9GaXJzdE5hbWUlMjIlMjBwbGFjZWhvbGRlciUzRCUyMlByJTI2ZWFjdXRlJTNCbm9tJTIwJTJBJTIyJTIwdHlwZSUzRCUyMnRleHQlMjIlMjAlMkYlM0UlMEElMjAlMjAlMjAlMjAlM0MlMkZkaXYlM0UlMEElMjAlMjAlMjAlMjAlM0NkaXYlMjBjbGFzcyUzRCUyMmluZnVzaW9uLWZpZWxkJTIyJTNFJTBBJTIwJTIwJTIwJTIwJTIwJTIwJTIwJTIwJTNDbGFiZWwlMjBmb3IlM0QlMjJpbmZfZmllbGRfTGFzdE5hbWUlMjIlM0VOb20lMjAlMkElM0MlMkZsYWJlbCUzRSUwQSUyMCUyMCUyMCUyMCUyMCUyMCUyMCUyMCUzQ2lucHV0JTIwaWQlM0QlMjJpbmZfZmllbGRfTGFzdE5hbWUlMjIlMjBuYW1lJTNEJTIyaW5mX2ZpZWxkX0xhc3ROYW1lJTIyJTIwcGxhY2Vob2xkZXIlM0QlMjJOb20lMjAlMkElMjIlMjB0eXBlJTNEJTIydGV4dCUyMiUyMCUyRiUzRSUwQSUyMCUyMCUyMCUyMCUzQyUyRmRpdiUzRSUwQSUyMCUyMCUyMCUyMCUzQ2RpdiUyMGNsYXNzJTNEJTIyaW5mdXNpb24tZmllbGQlMjIlM0UlMEElMjAlMjAlMjAlMjAlMjAlMjAlMjAlMjAlM0NsYWJlbCUyMGZvciUzRCUyMmluZl9maWVsZF9FbWFpbCUyMiUzRUVtYWlsJTIwJTJBJTNDJTJGbGFiZWwlM0UlMEElMjAlMjAlMjAlMjAlMjAlMjAlMjAlMjAlM0NpbnB1dCUyMGlkJTNEJTIyaW5mX2ZpZWxkX0VtYWlsJTIyJTIwbmFtZSUzRCUyMmluZl9maWVsZF9FbWFpbCUyMiUyMHBsYWNlaG9sZGVyJTNEJTIyRW1haWwlMjAlMkElMjIlMjB0eXBlJTNEJTIydGV4dCUyMiUyMCUyRiUzRSUwQSUyMCUyMCUyMCUyMCUzQyUyRmRpdiUzRSUwQSUyMCUzQ2RpdiUyMGNsYXNzJTNEJTIyaW5mdXNpb24tZmllbGQlMjIlM0UlMEElMjAlMjAlMjAlMjAlMjAlMjAlMjAlMjAlM0NsYWJlbCUyMGZvciUzRCUyMmluZl9maWVsZF9QaG9uZTElMjIlM0VUJTI2ZWFjdXRlJTNCbCUyNmVhY3V0ZSUzQnBob25lJTIwJTJBJTNDJTJGbGFiZWwlM0UlMEElMjAlMjAlMjAlMjAlMjAlMjAlMjAlMjAlM0NpbnB1dCUyMGlkJTNEJTIyaW5mX2ZpZWxkX1Bob25lMSUyMiUyMG5hbWUlM0QlMjJpbmZfZmllbGRfUGhvbmUxJTIyJTIwcGxhY2Vob2xkZXIlM0QlMjJUJTI2ZWFjdXRlJTNCbCUyNmVhY3V0ZSUzQnBob25lJTIwJTJBJTIyJTIwdHlwZSUzRCUyMnRleHQlMjIlMjAlMkYlM0UlMEElMjAlMjAlMjAlMjAlM0MlMkZkaXYlM0UlMEElMjAlMjAlMjAlMjAlM0NkaXYlMjBjbGFzcyUzRCUyMmluZnVzaW9uLWZpZWxkJTIyJTNFJTBBJTIwJTIwJTIwJTIwJTIwJTIwJTIwJTIwJTNDbGFiZWwlMjBmb3IlM0QlMjJpbmZfZmllbGRfQ29tcGFueSUyMiUzRU5vbSUyMGRlJTIwbGElMjBzb2NpJTI2ZWFjdXRlJTNCdCUyNmVhY3V0ZSUzQiUyMCUyQSUzQyUyRmxhYmVsJTNFJTBBJTIwJTIwJTIwJTIwJTIwJTIwJTIwJTIwJTNDaW5wdXQlMjBpZCUzRCUyMmluZl9maWVsZF9Db21wYW55JTIyJTIwbmFtZSUzRCUyMmluZl9maWVsZF9Db21wYW55JTIyJTIwcGxhY2Vob2xkZXIlM0QlMjJOb20lMjBkZSUyMGxhJTIwc29jaSUyNmVhY3V0ZSUzQnQlMjZlYWN1dGUlM0IlMjAlMkElMjIlMjB0eXBlJTNEJTIydGV4dCUyMiUyMCUyRiUzRSUwQSUyMCUyMCUyMCUyMCUzQyUyRmRpdiUzRSUwQSUyMCUyMCUyMCUyMCUzQ2RpdiUyMGNsYXNzJTNEJTIyaW5mdXNpb24tZmllbGQlMjIlM0UlMEElMjAlMjAlMjAlMjAlMjAlMjAlMjAlMjAlM0NsYWJlbCUyMGZvciUzRCUyMmluZl9taXNjX0luZGlxdWV6bGVub21kZWxlbnRyZXByaXNlcXVpdm91c2FyZW1pc2xhY2FydGVwb3N0YWxlJTIyJTIwc3R5bGUlM0QlMjJjb2xvciUzQSUyMCUyMzAwMzM2NiUzQiUyMGZvbnQtd2VpZ2h0JTNBJTIwNTAwJTNCJTIwZm9udC1zaXplJTNBJTIwMTRweCUzQiUyMiUzRUluZGlxdWV6JTIwbGUlMjBub20lMjBkZSUyMGwlMjdlbnRyZXByaXNlJTIwcXVpJTIwdm91cyUyMGElMjByZW1pcyUyMGxhJTIwY2FydGUlMjBwb3N0YWxlJTIwJTJBJTNDJTJGbGFiZWwlM0UlMEElMjAlMjAlMjAlMjAlMjAlMjAlMjAlMjAlM0N0ZXh0YXJlYSUyMGNvbHMlM0QlMjIyNCUyMiUyMGlkJTNEJTIyaW5mX21pc2NfSW5kaXF1ZXpsZW5vbWRlbGVudHJlcHJpc2VxdWl2b3VzYXJlbWlzbGFjYXJ0ZXBvc3RhbGUlMjIlMjBuYW1lJTNEJTIyaW5mX21pc2NfSW5kaXF1ZXpsZW5vbWRlbGVudHJlcHJpc2VxdWl2b3VzYXJlbWlzbGFjYXJ0ZXBvc3RhbGUlMjIlMjBwbGFjZWhvbGRlciUzRCUyMkluZGlxdWV6JTIwbGUlMjBub20lMjBkZSUyMGwlMjdlbnRyZXByaXNlJTIwcXVpJTIwdm91cyUyMGElMjByZW1pcyUyMGxhJTIwY2FydGUlMjBwb3N0YWxlJTIwJTJBJTIyJTIwcm93cyUzRCUyMjUlMjIlM0UlM0MlMkZ0ZXh0YXJlYSUzRSUzQyUyRmRpdiUzRSUwQSUyMCUyMCUyMCUyMCUzQ2RpdiUyMGNsYXNzJTNEJTIyaW5mdXNpb24tZmllbGQlMjIlM0UlMEElMjAlMjAlMjAlMjAlMjAlMjAlMjAlMjAlM0NzcGFuJTIwY2xhc3MlM0QlMjJpbmZ1c2lvbi1jaGVja2JveCUyMiUzRSUwQSUyMCUyMCUyMCUyMCUyMCUyMCUyMCUyMCUyMCUyMCUyMCUyMCUzQ2lucHV0JTIwaWQlM0QlMjJpbmZfb3B0aW9uX091aWphaWx1ZXRqYWNjZXB0ZWxhUG9saXRpcXVlZGVjb25maWRlbnRpYWxpdCVDMyVBOWh0dHBzd3d3aXViZW5kYWNvbXByaXZhY3lwb2xpY3k1MjMxNjg4MyUyMiUyMGlzLXJlcXVpcmVkJTNEJTIydHJ1ZSUyMiUyMG5hbWUlM0QlMjJpbmZfb3B0aW9uX091aWphaWx1ZXRqYWNjZXB0ZWxhUG9saXRpcXVlZGVjb25maWRlbnRpYWxpdCVDMyVBOWh0dHBzd3d3aXViZW5kYWNvbXByaXZhY3lwb2xpY3k1MjMxNjg4MyUyMiUyMHR5cGUlM0QlMjJjaGVja2JveCUyMiUyMHZhbHVlJTNEJTIyNDAxMCUyMiUyMCUyRiUzRSUwQSUyMCUyMCUyMCUyMCUyMCUyMCUyMCUyMCUyMCUyMCUyMCUyMCUzQ2xhYmVsJTIwY2xhc3MlM0QlMjJpbmZ1c2lvbi1maWVsZC1sYWJlbC1jb250YWluZXIlMjBpbmZ1c2lvbi1sYWJlbC1jaGVja2JveCUyMiUyMGZvciUzRCUyMmluZl9vcHRpb25fT3VpamFpbHVldGphY2NlcHRlbGFQb2xpdGlxdWVkZWNvbmZpZGVudGlhbGl0JUMzJUE5aHR0cHN3d3dpdWJlbmRhY29tcHJpdmFjeXBvbGljeTUyMzE2ODgzJTIyJTIwc3R5bGUlM0QlMjJjb2xvciUzQSUyMCUyMzAwMzM2NiUzQiUyMGZvbnQtd2VpZ2h0JTNBJTIwNTAwJTNCJTIwZm9udC1zaXplJTNBJTIwMTRweCUzQiUyMiUzRU91aSUyQyUyMGolMjdhaSUyMGx1JTIwZXQlMjBqJTI3YWNjZXB0ZSUyMGxhJTIwJTNDJTJGbGFiZWwlM0UlM0NhJTIwc3R5bGUlM0QlMjJmb250LXdlaWdodCUzQSUyMDUwMCUzQiUyMGZvbnQtc2l6ZSUzQSUyMDE0cHglM0IlMjIlMjBocmVmJTNEJTIyaHR0cHMlM0ElMkYlMkZ3d3cuaXViZW5kYS5jb20lMkZwcml2YWN5LXBvbGljeSUyRjUyMzE2ODgzJTIyJTIwdGFyZ2V0JTNEJTIyX2JsYW5rJTIyJTNFUG9saXRpcXVlJTIwZGUlMjBjb25maWRlbnRpYWxpdCUyNmVhY3V0ZSUzQiUzQyUyRmElM0UlMjZuYnNwJTNCJTNDc3R5bGUlM0QlMjJjb2xvciUzQSUyMCUyMzAwMzM2NiUzQiUyMGZvbnQtd2VpZ2h0JTNBJTIwNTAwJTNCJTIwZm9udC1zaXplJTNBJTIwMTRweCUzQiUyMiUyMHNwYW4lM0UlMkElM0MlMkZzcGFuJTNFJTBBJTIwJTIwJTIwJTIwJTIwJTIwJTIwJTIwJTNDJTJGc3BhbiUzRSUwQSUyMCUyMCUyMCUyMCUzQyUyRmRpdiUzRSUwQSUyMCUyMCUyMCUyMCUzQ2RpdiUzRSUwQSUyMCUyMCUyMCUyMCUyMCUyMCUyMCUyMCUzQ2RpdiUzRSUyNm5ic3AlM0IlM0MlMkZkaXYlM0UlMEElMjAlMjAlMjAlMjAlM0MlMkZkaXYlM0UlMEElMjAlMjAlMjAlMjAlM0NkaXYlMjBjbGFzcyUzRCUyMmluZnVzaW9uLXN1Ym1pdCUyMiUzRSUwQSUyMCUyMCUyMCUyMCUyMCUyMCUyMCUyMCUzQ2J1dHRvbiUyMGNsYXNzJTNEJTIyaW5mdXNpb24tcmVjYXB0Y2hhJTIyJTIwaWQlM0QlMjJyZWNhcHRjaGFfMmZhYWU2N2Y5ZjljZWViNmIxYjVjZmFiOTIzNzQwMTElMjIlMjB0eXBlJTNEJTIyc3VibWl0JTIyJTNFRW52b3llciUzQyUyRmJ1dHRvbiUzRSUwQSUyMCUyMCUyMCUyMCUzQyUyRmRpdiUzRSUwQSUzQyUyRmZvcm0lM0UlMEElM0NzY3JpcHQlMjB0eXBlJTNEJTIydGV4dCUyRmphdmFzY3JpcHQlMjIlMjBzcmMlM0QlMjJodHRwcyUzQSUyRiUyRndyMjA0LmluZnVzaW9uc29mdC5hcHAlMkZhcHAlMkZ3ZWJUcmFja2luZyUyRmdldFRyYWNraW5nQ29kZSUyMiUzRSUzQyUyRnNjcmlwdCUzRSUwQSUzQ3NjcmlwdCUyMHR5cGUlM0QlMjJ0ZXh0JTJGamF2YXNjcmlwdCUyMiUyMHNyYyUzRCUyMmh0dHBzJTNBJTJGJTJGd3IyMDQuaW5mdXNpb25zb2Z0LmNvbSUyRnJlc291cmNlcyUyRmV4dGVybmFsJTJGcmVjYXB0Y2hhJTJGcHJvZHVjdGlvbiUyRnJlY2FwdGNoYS5qcyUzRmIlM0QxLjcwLjAuMzM2MTg5LWhmLTIwMjEwMzA5MDUwNyUyMiUzRSUzQyUyRnNjcmlwdCUzRSUwQSUzQ3NjcmlwdCUyMHNyYyUzRCUyMmh0dHBzJTNBJTJGJTJGd3d3Lmdvb2dsZS5jb20lMkZyZWNhcHRjaGElMkZhcGkuanMlM0ZvbmxvYWQlM0RvbmxvYWRJbmZ1c2lvblJlY2FwdGNoYUNhbGxiYWNrJTI2cmVuZGVyJTNEZXhwbGljaXQlMjIlMjBhc3luYyUzRCUyMmFzeW5jJTIyJTIwZGVmZXIlM0QlMjJkZWZlciUyMiUzRSUzQyUyRnNjcmlwdCUzRSUwQSUzQ3NjcmlwdCUyMHR5cGUlM0QlMjJ0ZXh0JTJGamF2YXNjcmlwdCUyMiUyMHNyYyUzRCUyMmh0dHBzJTNBJTJGJTJGd3IyMDQuaW5mdXNpb25zb2Z0LmNvbSUyRmFwcCUyRnRpbWV6b25lJTJGdGltZXpvbmVJbnB1dEpzJTNGeGlkJTNEMmZhYWU2N2Y5ZjljZWViNmIxYjVjZmFiOTIzNzQwMTElMjIlM0UlM0MlMkZzY3JpcHQlM0UlM0NzY3JpcHQlMjB0eXBlJTNEJTIydGV4dCUyRmphdmFzY3JpcHQlMjIlMjBzcmMlM0QlMjJodHRwcyUzQSUyRiUyRndyMjA0LmluZnVzaW9uc29mdC5hcHAlMkZhcHAlMkZ3ZWJmb3JtJTJGb3ZlcndyaXRlUmVmZXJlckpzJTIyJTNFJTNDJTJGc2NyaXB0JTNFJTBBJTA5JTNDJTJGZGl2JTNFJTNDJTJGZGl2JTNF[\/vc_raw_html][\/vc_column_inner][\/vc_row_inner][mk_padding_divider size=\u00a0\u00bb50&Prime; visibility=\u00a0\u00bbhidden-sm\u00a0\u00bb][mk_padding_divider size=\u00a0\u00bb20&Prime; visibility=\u00a0\u00bbvisible-sm\u00a0\u00bb][\/vc_column][\/mk_page_section][vc_row fullwidth=\u00a0\u00bbtrue\u00a0\u00bb fullwidth_content=\u00a0\u00bbfalse\u00a0\u00bb][vc_column][mk_padding_divider][mk_fancy_title tag_name=\u00a0\u00bbspan\u00a0\u00bb color=\u00a0\u00bb#003366&Prime; size=\u00a0\u00bb40&Prime; force_font_size=\u00a0\u00bbtrue\u00a0\u00bb size_tablet=\u00a0\u00bb25&Prime; size_phone=\u00a0\u00bb33&Prime; font_weight=\u00a0\u00bbbold\u00a0\u00bb margin_top=\u00a0\u00bb20&Prime; margin_bottom=\u00a0\u00bb0&Prime; font_family=\u00a0\u00bbMS Serif, New York, sans-serif\u00a0\u00bb font_type=\u00a0\u00bbsafefont\u00a0\u00bb align=\u00a0\u00bbcenter\u00a0\u00bb]Avec Wildix, vous b\u00e9n\u00e9ficierez de :[\/mk_fancy_title][\/vc_column][\/vc_row][vc_row fullwidth=\u00a0\u00bbtrue\u00a0\u00bb fullwidth_content=\u00a0\u00bbfalse\u00a0\u00bb][vc_column width=\u00a0\u00bb1\/3&Prime;][mk_padding_divider size=\u00a0\u00bb50&Prime; visibility=\u00a0\u00bbhidden-sm\u00a0\u00bb][mk_milestone icon=\u00a0\u00bbmk-icon-line-chart\u00a0\u00bb icon_size=\u00a0\u00bbmedium\u00a0\u00bb align=\u00a0\u00bbcenter\u00a0\u00bb icon_color=\u00a0\u00bb#00adef\u00a0\u00bb start=\u00a0\u00bb1&Prime; stop=\u00a0\u00bb52&Prime; prefix=\u00a0\u00bb+\u00a0\u00bb suffix=\u00a0\u00bb%\u00a0\u00bb text=\u00a0\u00bbde ventes en plus gr\u00e2ce \u00e0 la connexion imm\u00e9diate entre vous et votre client ou client potentiel\u00a0\u00bb text_color=\u00a0\u00bb#003366&Prime; text_size=\u00a0\u00bb50&Prime; font_family=\u00a0\u00bbRoboto\u00a0\u00bb font_type=\u00a0\u00bbgoogle\u00a0\u00bb font_weight=\u00a0\u00bb400&Prime; desc_size=\u00a0\u00bb20&Prime;][\/vc_column][vc_column width=\u00a0\u00bb1\/3&Prime;][mk_padding_divider size=\u00a0\u00bb50&Prime; visibility=\u00a0\u00bbhidden-sm\u00a0\u00bb][mk_milestone icon=\u00a0\u00bbmk-moon-clock\u00a0\u00bb icon_size=\u00a0\u00bbmedium\u00a0\u00bb align=\u00a0\u00bbcenter\u00a0\u00bb icon_color=\u00a0\u00bb#00adef\u00a0\u00bb stop=\u00a0\u00bb25&Prime; prefix=\u00a0\u00bb-\u00a0\u00bb suffix=\u00a0\u00bb%\u00a0\u00bb text=\u00a0\u00bbde temps en moins consacr\u00e9 aux t\u00e2ches de routine telles que la gestion des appels t\u00e9l\u00e9phoniques, la communication avec les coll\u00e8gues\u00a0\u00bb text_color=\u00a0\u00bb#003366&Prime; text_size=\u00a0\u00bb50&Prime; font_family=\u00a0\u00bbRoboto\u00a0\u00bb font_type=\u00a0\u00bbgoogle\u00a0\u00bb font_weight=\u00a0\u00bb400&Prime; desc_size=\u00a0\u00bb20&Prime;][\/vc_column][vc_column width=\u00a0\u00bb1\/3&Prime;][mk_padding_divider size=\u00a0\u00bb50&Prime; visibility=\u00a0\u00bbhidden-sm\u00a0\u00bb][mk_milestone icon=\u00a0\u00bbmk-moon-lock-2&Prime; icon_size=\u00a0\u00bbmedium\u00a0\u00bb align=\u00a0\u00bbcenter\u00a0\u00bb icon_color=\u00a0\u00bb#00adef\u00a0\u00bb suffix=\u00a0\u00bb%\u00a0\u00bb text=\u00a0\u00bbUne s\u00e9curit\u00e9 \u00e0 100% sans pare-feu suppl\u00e9mentaire\u00a0\u00bb text_color=\u00a0\u00bb#003366&Prime; text_size=\u00a0\u00bb50&Prime; font_family=\u00a0\u00bbRoboto\u00a0\u00bb font_type=\u00a0\u00bbgoogle\u00a0\u00bb font_weight=\u00a0\u00bb400&Prime; desc_size=\u00a0\u00bb20&Prime;][\/vc_column][\/vc_row]\n<\/section>","protected":false},"excerpt":{"rendered":"<p>[mk_page_section bg_image=\u00a0\u00bbhttps:\/\/old.wildix.com\/wp-content\/uploads\/2020\/05\/call-your-sales-rep-to-plan-your-growth-with-this-promo.jpg\u00a0\u00bb bg_position=\u00a0\u00bbcenter center\u00a0\u00bb bg_stretch=\u00a0\u00bbtrue\u00a0\u00bb video_mask=\u00a0\u00bbtrue\u00a0\u00bb video_color_mask=\u00a0\u00bb#003366&Prime; video_opacity=\u00a0\u00bb0.8&Prime; min_height=\u00a0\u00bb80&Prime; full_width=\u00a0\u00bbtrue\u00a0\u00bb top_shape_style=\u00a0\u00bbspeech-top\u00a0\u00bb bottom_shape_size=\u00a0\u00bbsmall\u00a0\u00bb bottom_shape_color=\u00a0\u00bb#ffffff\u00a0\u00bb section_id=\u00a0\u00bbpromohardware\u00a0\u00bb sidebar=\u00a0\u00bbsidebar-1&Prime;][vc_column][mk_padding_divider size=\u00a0\u00bb50&Prime;][vc_row_inner is_fullwidth_content=\u00a0\u00bbfalse\u00a0\u00bb][vc_column_inner width=\u00a0\u00bb1\/2&Prime; css=\u00a0\u00bb.vc_custom_1596439079277{padding-right: 5% !important;padding-left: 5% !important;}\u00a0\u00bb][mk_fancy_title tag_name=\u00a0\u00bbspan\u00a0\u00bb color=\u00a0\u00bb#00adef\u00a0\u00bb size=\u00a0\u00bb50&Prime; force_font_size=\u00a0\u00bbtrue\u00a0\u00bb size_tablet=\u00a0\u00bb25&Prime; size_phone=\u00a0\u00bb33&Prime; font_weight=\u00a0\u00bbbold\u00a0\u00bb margin_top=\u00a0\u00bb20&Prime; margin_bottom=\u00a0\u00bb0&Prime; font_family=\u00a0\u00bbMS Serif, New York, sans-serif\u00a0\u00bb font_type=\u00a0\u00bbsafefont\u00a0\u00bb]Heureux de vous voir sur cette page ![\/mk_fancy_title][vc_column_text align=\u00a0\u00bbcenter\u00a0\u00bb visibility=\u00a0\u00bbhidden-sm\u00a0\u00bb css=\u00a0\u00bb.vc_custom_1615979989394{margin-bottom: 0px !important;}\u00a0\u00bb] Vous \u00eates ici parce que [&hellip;]<\/p>\n","protected":false},"author":1,"featured_media":0,"parent":0,"menu_order":0,"comment_status":"closed","ping_status":"closed","template":"","meta":{"wpupg_custom_link":[],"wpupg_custom_link_behaviour":["default"],"wpupg_custom_image":[],"wpupg_custom_image_id":[],"footnotes":""},"acf":[],"yoast_head":"<!-- This site is optimized with the Yoast SEO plugin v21.8 - https:\/\/yoast.com\/wordpress\/plugins\/seo\/ -->\n<title>Swipe and Shine Feedback &#8226; Wildix<\/title>\n<meta name=\"robots\" content=\"noindex, follow, max-snippet:-1, max-image-preview:large, max-video-preview:-1\" \/>\n<meta property=\"og:locale\" content=\"fr_FR\" \/>\n<meta property=\"og:type\" content=\"article\" \/>\n<meta property=\"og:title\" content=\"Swipe and Shine Feedback &#8226; Wildix\" \/>\n<meta property=\"og:description\" content=\"[mk_page_section bg_image=\u00a0\u00bbhttps:\/\/old.wildix.com\/wp-content\/uploads\/2020\/05\/call-your-sales-rep-to-plan-your-growth-with-this-promo.jpg\u00a0\u00bb bg_position=\u00a0\u00bbcenter center\u00a0\u00bb bg_stretch=\u00a0\u00bbtrue\u00a0\u00bb video_mask=\u00a0\u00bbtrue\u00a0\u00bb video_color_mask=\u00a0\u00bb#003366&Prime; video_opacity=\u00a0\u00bb0.8&Prime; min_height=\u00a0\u00bb80&Prime; full_width=\u00a0\u00bbtrue\u00a0\u00bb top_shape_style=\u00a0\u00bbspeech-top\u00a0\u00bb bottom_shape_size=\u00a0\u00bbsmall\u00a0\u00bb bottom_shape_color=\u00a0\u00bb#ffffff\u00a0\u00bb section_id=\u00a0\u00bbpromohardware\u00a0\u00bb sidebar=\u00a0\u00bbsidebar-1&Prime;][vc_column][mk_padding_divider size=\u00a0\u00bb50&Prime;][vc_row_inner is_fullwidth_content=\u00a0\u00bbfalse\u00a0\u00bb][vc_column_inner width=\u00a0\u00bb1\/2&Prime; css=\u00a0\u00bb.vc_custom_1596439079277{padding-right: 5% !important;padding-left: 5% !important;}\u00a0\u00bb][mk_fancy_title tag_name=\u00a0\u00bbspan\u00a0\u00bb color=\u00a0\u00bb#00adef\u00a0\u00bb size=\u00a0\u00bb50&Prime; force_font_size=\u00a0\u00bbtrue\u00a0\u00bb size_tablet=\u00a0\u00bb25&Prime; size_phone=\u00a0\u00bb33&Prime; font_weight=\u00a0\u00bbbold\u00a0\u00bb margin_top=\u00a0\u00bb20&Prime; margin_bottom=\u00a0\u00bb0&Prime; font_family=\u00a0\u00bbMS Serif, New York, sans-serif\u00a0\u00bb font_type=\u00a0\u00bbsafefont\u00a0\u00bb]Heureux de vous voir sur cette page ![\/mk_fancy_title][vc_column_text align=\u00a0\u00bbcenter\u00a0\u00bb visibility=\u00a0\u00bbhidden-sm\u00a0\u00bb css=\u00a0\u00bb.vc_custom_1615979989394{margin-bottom: 0px !important;}\u00a0\u00bb] Vous \u00eates ici parce que [&hellip;]\" \/>\n<meta property=\"og:url\" content=\"https:\/\/old.wildix.com\/fr\/meet\/\" \/>\n<meta property=\"og:site_name\" content=\"Wildix\" \/>\n<meta property=\"article:modified_time\" content=\"2021-03-18T14:07:53+00:00\" \/>\n<meta name=\"twitter:card\" content=\"summary_large_image\" \/>\n<meta name=\"twitter:label1\" content=\"Dur\u00e9e de lecture estim\u00e9e\" \/>\n\t<meta name=\"twitter:data1\" content=\"2 minutes\" \/>\n<script type=\"application\/ld+json\" class=\"yoast-schema-graph\">{\"@context\":\"https:\/\/schema.org\",\"@graph\":[{\"@type\":\"WebPage\",\"@id\":\"https:\/\/old.wildix.com\/fr\/meet\/\",\"url\":\"https:\/\/old.wildix.com\/fr\/meet\/\",\"name\":\"Swipe and Shine Feedback &#8226; Wildix\",\"isPartOf\":{\"@id\":\"https:\/\/old.wildix.com\/#website\"},\"datePublished\":\"2020-08-13T10:16:28+00:00\",\"dateModified\":\"2021-03-18T14:07:53+00:00\",\"breadcrumb\":{\"@id\":\"https:\/\/old.wildix.com\/fr\/meet\/#breadcrumb\"},\"inLanguage\":\"fr-FR\",\"potentialAction\":[{\"@type\":\"ReadAction\",\"target\":[\"https:\/\/old.wildix.com\/fr\/meet\/\"]}]},{\"@type\":\"BreadcrumbList\",\"@id\":\"https:\/\/old.wildix.com\/fr\/meet\/#breadcrumb\",\"itemListElement\":[{\"@type\":\"ListItem\",\"position\":1,\"name\":\"Home\",\"item\":\"https:\/\/old.wildix.com\/\"},{\"@type\":\"ListItem\",\"position\":2,\"name\":\"Swipe and Shine Feedback\"}]},{\"@type\":\"WebSite\",\"@id\":\"https:\/\/old.wildix.com\/#website\",\"url\":\"https:\/\/old.wildix.com\/\",\"name\":\"Wildix\",\"description\":\"Wildix PBX | VoIP Solutions | Unified Communications | WebRTC\",\"publisher\":{\"@id\":\"https:\/\/old.wildix.com\/#organization\"},\"potentialAction\":[{\"@type\":\"SearchAction\",\"target\":{\"@type\":\"EntryPoint\",\"urlTemplate\":\"https:\/\/old.wildix.com\/?s={search_term_string}\"},\"query-input\":\"required name=search_term_string\"}],\"inLanguage\":\"fr-FR\"},{\"@type\":\"Organization\",\"@id\":\"https:\/\/old.wildix.com\/#organization\",\"name\":\"Wildix\",\"url\":\"https:\/\/old.wildix.com\/\",\"logo\":{\"@type\":\"ImageObject\",\"inLanguage\":\"fr-FR\",\"@id\":\"https:\/\/old.wildix.com\/#\/schema\/logo\/image\/\",\"url\":\"https:\/\/old.wildix.com\/wp-content\/uploads\/2018\/04\/wildix-logo-2.png\",\"contentUrl\":\"https:\/\/old.wildix.com\/wp-content\/uploads\/2018\/04\/wildix-logo-2.png\",\"width\":440,\"height\":200,\"caption\":\"Wildix\"},\"image\":{\"@id\":\"https:\/\/old.wildix.com\/#\/schema\/logo\/image\/\"}}]}<\/script>\n<!-- \/ Yoast SEO plugin. -->","yoast_head_json":{"title":"Swipe and Shine Feedback &#8226; Wildix","robots":{"index":"noindex","follow":"follow","max-snippet":"max-snippet:-1","max-image-preview":"max-image-preview:large","max-video-preview":"max-video-preview:-1"},"og_locale":"fr_FR","og_type":"article","og_title":"Swipe and Shine Feedback &#8226; Wildix","og_description":"[mk_page_section bg_image=\u00a0\u00bbhttps:\/\/old.wildix.com\/wp-content\/uploads\/2020\/05\/call-your-sales-rep-to-plan-your-growth-with-this-promo.jpg\u00a0\u00bb bg_position=\u00a0\u00bbcenter center\u00a0\u00bb bg_stretch=\u00a0\u00bbtrue\u00a0\u00bb video_mask=\u00a0\u00bbtrue\u00a0\u00bb video_color_mask=\u00a0\u00bb#003366&Prime; video_opacity=\u00a0\u00bb0.8&Prime; min_height=\u00a0\u00bb80&Prime; full_width=\u00a0\u00bbtrue\u00a0\u00bb top_shape_style=\u00a0\u00bbspeech-top\u00a0\u00bb bottom_shape_size=\u00a0\u00bbsmall\u00a0\u00bb bottom_shape_color=\u00a0\u00bb#ffffff\u00a0\u00bb section_id=\u00a0\u00bbpromohardware\u00a0\u00bb sidebar=\u00a0\u00bbsidebar-1&Prime;][vc_column][mk_padding_divider size=\u00a0\u00bb50&Prime;][vc_row_inner is_fullwidth_content=\u00a0\u00bbfalse\u00a0\u00bb][vc_column_inner width=\u00a0\u00bb1\/2&Prime; css=\u00a0\u00bb.vc_custom_1596439079277{padding-right: 5% !important;padding-left: 5% !important;}\u00a0\u00bb][mk_fancy_title tag_name=\u00a0\u00bbspan\u00a0\u00bb color=\u00a0\u00bb#00adef\u00a0\u00bb size=\u00a0\u00bb50&Prime; force_font_size=\u00a0\u00bbtrue\u00a0\u00bb size_tablet=\u00a0\u00bb25&Prime; size_phone=\u00a0\u00bb33&Prime; font_weight=\u00a0\u00bbbold\u00a0\u00bb margin_top=\u00a0\u00bb20&Prime; margin_bottom=\u00a0\u00bb0&Prime; font_family=\u00a0\u00bbMS Serif, New York, sans-serif\u00a0\u00bb font_type=\u00a0\u00bbsafefont\u00a0\u00bb]Heureux de vous voir sur cette page ![\/mk_fancy_title][vc_column_text align=\u00a0\u00bbcenter\u00a0\u00bb visibility=\u00a0\u00bbhidden-sm\u00a0\u00bb css=\u00a0\u00bb.vc_custom_1615979989394{margin-bottom: 0px !important;}\u00a0\u00bb] Vous \u00eates ici parce que [&hellip;]","og_url":"https:\/\/old.wildix.com\/fr\/meet\/","og_site_name":"Wildix","article_modified_time":"2021-03-18T14:07:53+00:00","twitter_card":"summary_large_image","twitter_misc":{"Dur\u00e9e de lecture estim\u00e9e":"2 minutes"},"schema":{"@context":"https:\/\/schema.org","@graph":[{"@type":"WebPage","@id":"https:\/\/old.wildix.com\/fr\/meet\/","url":"https:\/\/old.wildix.com\/fr\/meet\/","name":"Swipe and Shine Feedback &#8226; Wildix","isPartOf":{"@id":"https:\/\/old.wildix.com\/#website"},"datePublished":"2020-08-13T10:16:28+00:00","dateModified":"2021-03-18T14:07:53+00:00","breadcrumb":{"@id":"https:\/\/old.wildix.com\/fr\/meet\/#breadcrumb"},"inLanguage":"fr-FR","potentialAction":[{"@type":"ReadAction","target":["https:\/\/old.wildix.com\/fr\/meet\/"]}]},{"@type":"BreadcrumbList","@id":"https:\/\/old.wildix.com\/fr\/meet\/#breadcrumb","itemListElement":[{"@type":"ListItem","position":1,"name":"Home","item":"https:\/\/old.wildix.com\/"},{"@type":"ListItem","position":2,"name":"Swipe and Shine Feedback"}]},{"@type":"WebSite","@id":"https:\/\/old.wildix.com\/#website","url":"https:\/\/old.wildix.com\/","name":"Wildix","description":"Wildix PBX | VoIP Solutions | Unified Communications | WebRTC","publisher":{"@id":"https:\/\/old.wildix.com\/#organization"},"potentialAction":[{"@type":"SearchAction","target":{"@type":"EntryPoint","urlTemplate":"https:\/\/old.wildix.com\/?s={search_term_string}"},"query-input":"required name=search_term_string"}],"inLanguage":"fr-FR"},{"@type":"Organization","@id":"https:\/\/old.wildix.com\/#organization","name":"Wildix","url":"https:\/\/old.wildix.com\/","logo":{"@type":"ImageObject","inLanguage":"fr-FR","@id":"https:\/\/old.wildix.com\/#\/schema\/logo\/image\/","url":"https:\/\/old.wildix.com\/wp-content\/uploads\/2018\/04\/wildix-logo-2.png","contentUrl":"https:\/\/old.wildix.com\/wp-content\/uploads\/2018\/04\/wildix-logo-2.png","width":440,"height":200,"caption":"Wildix"},"image":{"@id":"https:\/\/old.wildix.com\/#\/schema\/logo\/image\/"}}]}},"_links":{"self":[{"href":"https:\/\/old.wildix.com\/fr\/wp-json\/wp\/v2\/pages\/7869636"}],"collection":[{"href":"https:\/\/old.wildix.com\/fr\/wp-json\/wp\/v2\/pages"}],"about":[{"href":"https:\/\/old.wildix.com\/fr\/wp-json\/wp\/v2\/types\/page"}],"author":[{"embeddable":true,"href":"https:\/\/old.wildix.com\/fr\/wp-json\/wp\/v2\/users\/1"}],"replies":[{"embeddable":true,"href":"https:\/\/old.wildix.com\/fr\/wp-json\/wp\/v2\/comments?post=7869636"}],"version-history":[{"count":0,"href":"https:\/\/old.wildix.com\/fr\/wp-json\/wp\/v2\/pages\/7869636\/revisions"}],"wp:attachment":[{"href":"https:\/\/old.wildix.com\/fr\/wp-json\/wp\/v2\/media?parent=7869636"}],"curies":[{"name":"wp","href":"https:\/\/api.w.org\/{rel}","templated":true}]}}