{"id":7917639,"date":"2022-04-18T11:41:30","date_gmt":"2022-04-18T11:41:30","guid":{"rendered":"https:\/\/old2.wildix.com\/wildix-values\/"},"modified":"2022-06-24T12:01:02","modified_gmt":"2022-06-24T12:01:02","slug":"les-valeurs-de-wildix","status":"publish","type":"page","link":"https:\/\/old.wildix.com\/fr\/les-valeurs-de-wildix\/","title":{"rendered":"Les valeurs de Wildix"},"content":{"rendered":"\t\t<div data-elementor-type=\"wp-page\" data-elementor-id=\"7917639\" class=\"elementor elementor-7917639 elementor-7905337\">\n\t\t\t\t\t\t\t\t\t<section data-particle_enable=\"false\" data-particle-mobile-disabled=\"false\" class=\"elementor-section elementor-top-section elementor-element elementor-element-95a7eb7 elementor-section-boxed elementor-section-height-default elementor-section-height-default\" data-id=\"95a7eb7\" data-element_type=\"section\" data-settings=\"{&quot;background_background&quot;:&quot;classic&quot;,&quot;shape_divider_bottom&quot;:&quot;waves&quot;,&quot;shape_divider_bottom_negative&quot;:&quot;yes&quot;}\">\n\t\t\t\t\t\t\t<div class=\"elementor-background-overlay\"><\/div>\n\t\t\t\t\t\t<div class=\"elementor-shape elementor-shape-bottom\" data-negative=\"true\">\n\t\t\t<svg xmlns=\"http:\/\/www.w3.org\/2000\/svg\" viewBox=\"0 0 1000 100\" preserveAspectRatio=\"none\">\n\t<path class=\"elementor-shape-fill\" d=\"M790.5,93.1c-59.3-5.3-116.8-18-192.6-50c-29.6-12.7-76.9-31-100.5-35.9c-23.6-4.9-52.6-7.8-75.5-5.3\n\tc-10.2,1.1-22.6,1.4-50.1,7.4c-27.2,6.3-58.2,16.6-79.4,24.7c-41.3,15.9-94.9,21.9-134,22.6C72,58.2,0,25.8,0,25.8V100h1000V65.3\n\tc0,0-51.5,19.4-106.2,25.7C839.5,97,814.1,95.2,790.5,93.1z\"\/>\n<\/svg>\t\t<\/div>\n\t\t\t\t\t<div class=\"elementor-container elementor-column-gap-default\">\n\t\t\t\t\t<div class=\"elementor-column elementor-col-100 elementor-top-column elementor-element elementor-element-4f8239e\" data-id=\"4f8239e\" data-element_type=\"column\">\n\t\t\t<div class=\"elementor-widget-wrap elementor-element-populated\">\n\t\t\t\t\t\t\t\t<div class=\"elementor-element elementor-element-d48b2c1 elementor-widget elementor-widget-text-editor\" data-id=\"d48b2c1\" data-element_type=\"widget\" data-widget_type=\"text-editor.default\">\n\t\t\t\t<div class=\"elementor-widget-container\">\n\t\t\t\t\t\t\tLes valeurs de Wildix\t\t\t\t\t\t<\/div>\n\t\t\t\t<\/div>\n\t\t\t\t\t<\/div>\n\t\t<\/div>\n\t\t\t\t\t\t\t<\/div>\n\t\t<\/section>\n\t\t\t\t<section data-particle_enable=\"false\" data-particle-mobile-disabled=\"false\" class=\"elementor-section elementor-top-section elementor-element elementor-element-b3995cf elementor-section-boxed elementor-section-height-default elementor-section-height-default\" data-id=\"b3995cf\" data-element_type=\"section\">\n\t\t\t\t\t\t<div class=\"elementor-container elementor-column-gap-default\">\n\t\t\t\t\t<div class=\"elementor-column elementor-col-50 elementor-top-column elementor-element elementor-element-f6bd938\" data-id=\"f6bd938\" data-element_type=\"column\">\n\t\t\t<div class=\"elementor-widget-wrap elementor-element-populated\">\n\t\t\t\t\t\t\t\t<div class=\"elementor-element elementor-element-278dd15 elementor-widget elementor-widget-text-editor\" data-id=\"278dd15\" data-element_type=\"widget\" data-widget_type=\"text-editor.default\">\n\t\t\t\t<div class=\"elementor-widget-container\">\n\t\t\t\t\t\t\tChez Wildix, nous sommes sp\u00e9cialis\u00e9s dans la communication. Nous concevons des moyens d&rsquo;am\u00e9liorer la communication entre les entreprises, mais nous n&rsquo;oublions pas la communication entre nous.\n<\/br><\/br>\n\nNous recherchons des moyens innovants de communiquer et nous pensons grand tout en agissant. Mais nous ne perdons pas non plus de vue les personnes qui travaillent pour nous. La communication n&rsquo;est bonne que si elle est efficace, compatissante, respectueuse et utile, et ce type de communication est vraiment pr\u00e9cieux. \n\t\t\t\t\t\t<\/div>\n\t\t\t\t<\/div>\n\t\t\t\t\t<\/div>\n\t\t<\/div>\n\t\t\t\t<div class=\"elementor-column elementor-col-50 elementor-top-column elementor-element elementor-element-9e61fbb\" data-id=\"9e61fbb\" data-element_type=\"column\">\n\t\t\t<div class=\"elementor-widget-wrap elementor-element-populated\">\n\t\t\t\t\t\t\t\t<div class=\"elementor-element elementor-element-3aafcdc elementor-widget elementor-widget-image\" data-id=\"3aafcdc\" data-element_type=\"widget\" data-widget_type=\"image.default\">\n\t\t\t\t<div class=\"elementor-widget-container\">\n\t\t\t\t\t\t\t\t\t\t\t\t\t\t\t<img decoding=\"async\" src=\"https:\/\/old.wildix.com\/wp-content\/uploads\/2022\/04\/wildix-team-4.jpeg\" title=\"Wildix team\" alt=\"wildix team\" loading=\"lazy\" \/>\t\t\t\t\t\t\t\t\t\t\t\t\t\t\t<\/div>\n\t\t\t\t<\/div>\n\t\t\t\t\t<\/div>\n\t\t<\/div>\n\t\t\t\t\t\t\t<\/div>\n\t\t<\/section>\n\t\t\t\t<section data-particle_enable=\"false\" data-particle-mobile-disabled=\"false\" class=\"elementor-section elementor-top-section elementor-element elementor-element-0633abb elementor-reverse-mobile elementor-section-boxed elementor-section-height-default elementor-section-height-default\" data-id=\"0633abb\" data-element_type=\"section\">\n\t\t\t\t\t\t<div class=\"elementor-container elementor-column-gap-default\">\n\t\t\t\t\t<div class=\"elementor-column elementor-col-50 elementor-top-column elementor-element elementor-element-797a635\" data-id=\"797a635\" data-element_type=\"column\">\n\t\t\t<div class=\"elementor-widget-wrap elementor-element-populated\">\n\t\t\t\t\t\t\t\t<div class=\"elementor-element elementor-element-e2d46f9 elementor-widget elementor-widget-image\" data-id=\"e2d46f9\" data-element_type=\"widget\" data-widget_type=\"image.default\">\n\t\t\t\t<div class=\"elementor-widget-container\">\n\t\t\t\t\t\t\t\t\t\t\t\t\t\t\t<img decoding=\"async\" src=\"https:\/\/old.wildix.com\/wp-content\/uploads\/2021\/02\/mobile-apps-2.jpg\" title=\"Mobile Apps\" alt=\"Mobile Apps\" loading=\"lazy\" \/>\t\t\t\t\t\t\t\t\t\t\t\t\t\t\t<\/div>\n\t\t\t\t<\/div>\n\t\t\t\t\t<\/div>\n\t\t<\/div>\n\t\t\t\t<div class=\"elementor-column elementor-col-50 elementor-top-column elementor-element elementor-element-15790f6\" data-id=\"15790f6\" data-element_type=\"column\">\n\t\t\t<div class=\"elementor-widget-wrap elementor-element-populated\">\n\t\t\t\t\t\t\t\t<div class=\"elementor-element elementor-element-c5f8321 elementor-widget elementor-widget-text-editor\" data-id=\"c5f8321\" data-element_type=\"widget\" data-widget_type=\"text-editor.default\">\n\t\t\t\t<div class=\"elementor-widget-container\">\n\t\t\t\t\t\t\tAvec tout cela \u00e0 l&rsquo;esprit, nous avons cr\u00e9\u00e9 ce que nous appelons <strong>l&rsquo;\u00c9cosyst\u00e8me bleu<\/strong> : la fa\u00e7on dont les partenaires, les utilisateurs finaux, l&rsquo;entreprise et ses employ\u00e9s communiquent entre eux. Nous travaillons tous ensemble pour am\u00e9liorer la communication et pour am\u00e9liorer la vie de chacun.\n<\/br><\/br>\n\nEn fin de compte, cela constitue le c\u0153ur de la mission de Wildix. \n\t\t\t\t\t\t<\/div>\n\t\t\t\t<\/div>\n\t\t\t\t\t<\/div>\n\t\t<\/div>\n\t\t\t\t\t\t\t<\/div>\n\t\t<\/section>\n\t\t\t\t<section data-particle_enable=\"false\" data-particle-mobile-disabled=\"false\" class=\"elementor-section elementor-top-section elementor-element elementor-element-38d697d elementor-section-boxed elementor-section-height-default elementor-section-height-default\" data-id=\"38d697d\" data-element_type=\"section\">\n\t\t\t\t\t\t<div class=\"elementor-container elementor-column-gap-default\">\n\t\t\t\t\t<div class=\"elementor-column elementor-col-100 elementor-top-column elementor-element elementor-element-63a3e2d\" data-id=\"63a3e2d\" data-element_type=\"column\">\n\t\t\t<div class=\"elementor-widget-wrap elementor-element-populated\">\n\t\t\t\t\t\t\t\t<div class=\"elementor-element elementor-element-4fa9a3f elementor-widget elementor-widget-text-editor\" data-id=\"4fa9a3f\" data-element_type=\"widget\" data-widget_type=\"text-editor.default\">\n\t\t\t\t<div class=\"elementor-widget-container\">\n\t\t\t\t\t\t\tCommunication et \u00c9thique\t\t\t\t\t\t<\/div>\n\t\t\t\t<\/div>\n\t\t\t\t<div class=\"elementor-element elementor-element-29a0086 elementor-widget elementor-widget-text-editor\" data-id=\"29a0086\" data-element_type=\"widget\" data-widget_type=\"text-editor.default\">\n\t\t\t\t<div class=\"elementor-widget-container\">\n\t\t\t\t\t\t\tUn grand pouvoir implique de grandes responsabilit\u00e9s, un aphorisme utilis\u00e9 depuis des mill\u00e9naires sous diverses formes. Nous le compl\u00e9tons en disant que des valeurs fortes sont n\u00e9cessaires pour cr\u00e9er de la valeur. \t\t\t\t\t\t<\/div>\n\t\t\t\t<\/div>\n\t\t\t\t<div class=\"elementor-element elementor-element-6b110fd elementor-widget elementor-widget-eael-content-timeline\" data-id=\"6b110fd\" data-element_type=\"widget\" data-widget_type=\"eael-content-timeline.default\">\n\t\t\t\t<div class=\"elementor-widget-container\">\n\t\t\t\t\t<div id=\"eael-content-timeline-6b110fd\" class=\"content-timeline-layout-right date-position-outside horizontal-timeline-wrapper\" data-slide_to_scroll=\"{&quot;desktop&quot;:1,&quot;tablet&quot;:1,&quot;mobile&quot;:1}\">\n\t\t\t<div class=\"eael-content-timeline-container\">\n\t\t\t\t<div class=\"eael-content-timeline-container\">\n\t\t\t\t\t\t\t\t\t\t\t\t\t\t\t\t\t\t\t\t\t\t\t<div class=\"eael-content-timeline-block\">\n    <div class=\"eael-content-timeline-line\">\n        <div class=\"eael-content-timeline-inner\"><\/div>\n    <\/div>\n    <div class=\"eael-content-timeline-img eael-picture \"><i class=\"fas fa-angle-down\"><\/i><\/div><div class=\"eael-content-timeline-content\"><span class=\"eael-timeline-title\"><a href=\"\">Int\u00e9grit\u00e9:<\/a><\/span><span style=\"font-weight: 400\">O\u00f9 en sommes-nous sans int\u00e9grit\u00e9 ? En termes simples, nos partenaires et utilisateurs finaux attendent de leurs communications qu'elles fonctionnent de mani\u00e8re transparente et sans compromettre leurs donn\u00e9es. De m\u00eame, nous attendons de nos employ\u00e9s et de nos partenaires qu'ils agissent de bonne foi et soient honn\u00eates. <\/span><span class=\"eael-date\"><\/span><\/div><\/div>\t\t\t\t\t\t\t\t\t\t\t\t\t\t\t\t\t\t<div class=\"eael-content-timeline-block\">\n    <div class=\"eael-content-timeline-line\">\n        <div class=\"eael-content-timeline-inner\"><\/div>\n    <\/div>\n    <div class=\"eael-content-timeline-img eael-picture \"><i class=\"fas fa-angle-down\"><\/i><\/div><div class=\"eael-content-timeline-content\"><span class=\"eael-timeline-title\"><a href=\"\">Transparence:<\/a><\/span><span style=\"font-weight: 400\">Nous nous effor\u00e7ons d'\u00eatre aussi transparents que possible tout en trouvant un \u00e9quilibre entre la n\u00e9cessit\u00e9 de s\u00e9curiser les donn\u00e9es et de garantir le maintien des op\u00e9rations commerciales. Nous nous faisons confiance pour \u00eatre ouverts sur nos objectifs et nos feedbacks.<\/span><span class=\"eael-date\"><\/span><\/div><\/div>\t\t\t\t\t\t\t\t\t\t\t\t\t\t\t\t\t\t<div class=\"eael-content-timeline-block\">\n    <div class=\"eael-content-timeline-line\">\n        <div class=\"eael-content-timeline-inner\"><\/div>\n    <\/div>\n    <div class=\"eael-content-timeline-img eael-picture \"><i class=\"fas fa-angle-down\"><\/i><\/div><div class=\"eael-content-timeline-content\"><span class=\"eael-timeline-title\"><a href=\"\">Un apprentissage continu:<\/a><\/span><span style=\"font-weight: 400\">La technologie \u00e9volue rapidement et ceux qui ne cherchent pas \u00e0 \u00e9largir leurs connaissances se retrouvent \u00e0 la tra\u00eene. Nous encourageons chacun \u00e0 s'informer en permanence sur ses centres d'int\u00e9r\u00eat, \u00e0 \u00e9largir sa compr\u00e9hension de son poste et \u00e0 s\u2019impliquer dans son propre d\u00e9veloppement.<\/span><span class=\"eael-date\"><\/span><\/div><\/div>\t\t\t\t\t\t\t\t\t\t\t\t\t\t\t\t\t\t<div class=\"eael-content-timeline-block\">\n    <div class=\"eael-content-timeline-line\">\n        <div class=\"eael-content-timeline-inner\"><\/div>\n    <\/div>\n    <div class=\"eael-content-timeline-img eael-picture \"><i class=\"fas fa-angle-down\"><\/i><\/div><div class=\"eael-content-timeline-content\"><span class=\"eael-timeline-title\"><a href=\"\">Ouverture d'esprit:<\/a><\/span><span style=\"font-weight: 400\">Nous sommes tous des individus. Nous sommes tous diff\u00e9rents. Et avec cela, nous devrions tous chercher \u00e0 \u00eatre justes, \u00e0 nous traiter mutuellement avec respect et \u00e0 \u00eatre loyaux les uns envers les autres. Cela signifie s'efforcer de comprendre et d'appr\u00e9cier les diff\u00e9rences qui nous rendent tous plus forts. <\/span><span class=\"eael-date\"><\/span><\/div><\/div>\t\t\t\t\t\t\t\t\t\t\t\t\t\t\t\t\t\t<div class=\"eael-content-timeline-block\">\n    <div class=\"eael-content-timeline-line\">\n        <div class=\"eael-content-timeline-inner\"><\/div>\n    <\/div>\n    <div class=\"eael-content-timeline-img eael-picture \"><i class=\"fas fa-angle-down\"><\/i><\/div><div class=\"eael-content-timeline-content\"><span class=\"eael-timeline-title\"><a href=\"\">Passion:<\/a><\/span><span style=\"font-weight: 400\">En d\u00e9finitive, nous sommes tous ici parce que nous voulons faire la diff\u00e9rence, et c'est l\u00e0 que la passion entre en jeu. Les bonnes communications ont le pouvoir de changer la fa\u00e7on dont les individus travaillent et vivent, et ce changement peut \u00eatre positif.<\/span><span class=\"eael-date\"><\/span><\/div><\/div>\t\t\t\t<\/div>\n\t\t\t<\/div>\n\t\t<\/div>\n\t\t\t<\/div>\n\t\t\t\t<\/div>\n\t\t\t\t\t<\/div>\n\t\t<\/div>\n\t\t\t\t\t\t\t<\/div>\n\t\t<\/section>\n\t\t\t\t\t\t\t<\/div>\n\t\t","protected":false},"excerpt":{"rendered":"<p>Les valeurs de WildixChez Wildix, nous sommes sp\u00e9cialis\u00e9s dans la communication. Nous concevons des moyens d&rsquo;am\u00e9liorer la communication entre les entreprises, mais nous n&rsquo;oublions pas la communication entre nous. Nous recherchons des moyens innovants de communiquer et nous pensons grand tout en agissant. Mais nous ne perdons pas non plus de vue les personnes qui [&hellip;]<\/p>\n","protected":false},"author":46,"featured_media":0,"parent":0,"menu_order":0,"comment_status":"closed","ping_status":"closed","template":"elementor_header_footer","meta":{"wpupg_custom_link":[],"wpupg_custom_link_behaviour":["default"],"wpupg_custom_image":[],"wpupg_custom_image_id":[],"footnotes":""},"acf":[],"yoast_head":"<!-- This site is optimized with the Yoast SEO plugin v21.8 - https:\/\/yoast.com\/wordpress\/plugins\/seo\/ -->\n<title>Les Valeurs de Wildix | Wildix<\/title>\n<meta name=\"description\" content=\"Nous soutenons les membres de notre \u00e9quipe tout en nous comportant de mani\u00e8re responsable et \u00e9thique. Nos valeurs garantissent que toutes les personnes avec et pour lesquelles nous travaillons b\u00e9n\u00e9ficient d&#039;un environnement \u00e9quitable et s\u00fbr.\" \/>\n<meta name=\"robots\" content=\"noindex, follow, max-snippet:-1, max-image-preview:large, max-video-preview:-1\" \/>\n<meta property=\"og:locale\" content=\"fr_FR\" \/>\n<meta property=\"og:type\" content=\"article\" \/>\n<meta property=\"og:title\" content=\"Les Valeurs de Wildix | Wildix\" \/>\n<meta property=\"og:description\" content=\"Nous soutenons les membres de notre \u00e9quipe tout en nous comportant de mani\u00e8re responsable et \u00e9thique. Nos valeurs garantissent que toutes les personnes avec et pour lesquelles nous travaillons b\u00e9n\u00e9ficient d&#039;un environnement \u00e9quitable et s\u00fbr.\" \/>\n<meta property=\"og:url\" content=\"https:\/\/old.wildix.com\/fr\/les-valeurs-de-wildix\/\" \/>\n<meta property=\"og:site_name\" content=\"Wildix\" \/>\n<meta property=\"article:modified_time\" content=\"2022-06-24T12:01:02+00:00\" \/>\n<meta property=\"og:image\" content=\"https:\/\/old.wildix.com\/wp-content\/uploads\/2022\/04\/wildix-team-4.jpeg\" \/>\n<meta name=\"twitter:card\" content=\"summary_large_image\" \/>\n<meta name=\"twitter:label1\" content=\"Dur\u00e9e de lecture estim\u00e9e\" \/>\n\t<meta name=\"twitter:data1\" content=\"3 minutes\" \/>\n<script type=\"application\/ld+json\" class=\"yoast-schema-graph\">{\"@context\":\"https:\/\/schema.org\",\"@graph\":[{\"@type\":\"WebPage\",\"@id\":\"https:\/\/old.wildix.com\/fr\/les-valeurs-de-wildix\/\",\"url\":\"https:\/\/old.wildix.com\/fr\/les-valeurs-de-wildix\/\",\"name\":\"Les Valeurs de Wildix | Wildix\",\"isPartOf\":{\"@id\":\"https:\/\/old.wildix.com\/#website\"},\"datePublished\":\"2022-04-18T11:41:30+00:00\",\"dateModified\":\"2022-06-24T12:01:02+00:00\",\"description\":\"Nous soutenons les membres de notre \u00e9quipe tout en nous comportant de mani\u00e8re responsable et \u00e9thique. Nos valeurs garantissent que toutes les personnes avec et pour lesquelles nous travaillons b\u00e9n\u00e9ficient d'un environnement \u00e9quitable et s\u00fbr.\",\"breadcrumb\":{\"@id\":\"https:\/\/old.wildix.com\/fr\/les-valeurs-de-wildix\/#breadcrumb\"},\"inLanguage\":\"fr-FR\",\"potentialAction\":[{\"@type\":\"ReadAction\",\"target\":[\"https:\/\/old.wildix.com\/fr\/les-valeurs-de-wildix\/\"]}]},{\"@type\":\"BreadcrumbList\",\"@id\":\"https:\/\/old.wildix.com\/fr\/les-valeurs-de-wildix\/#breadcrumb\",\"itemListElement\":[{\"@type\":\"ListItem\",\"position\":1,\"name\":\"Home\",\"item\":\"https:\/\/old.wildix.com\/\"},{\"@type\":\"ListItem\",\"position\":2,\"name\":\"Les valeurs de Wildix\"}]},{\"@type\":\"WebSite\",\"@id\":\"https:\/\/old.wildix.com\/#website\",\"url\":\"https:\/\/old.wildix.com\/\",\"name\":\"Wildix\",\"description\":\"Wildix PBX | VoIP Solutions | Unified Communications | WebRTC\",\"publisher\":{\"@id\":\"https:\/\/old.wildix.com\/#organization\"},\"potentialAction\":[{\"@type\":\"SearchAction\",\"target\":{\"@type\":\"EntryPoint\",\"urlTemplate\":\"https:\/\/old.wildix.com\/?s={search_term_string}\"},\"query-input\":\"required name=search_term_string\"}],\"inLanguage\":\"fr-FR\"},{\"@type\":\"Organization\",\"@id\":\"https:\/\/old.wildix.com\/#organization\",\"name\":\"Wildix\",\"url\":\"https:\/\/old.wildix.com\/\",\"logo\":{\"@type\":\"ImageObject\",\"inLanguage\":\"fr-FR\",\"@id\":\"https:\/\/old.wildix.com\/#\/schema\/logo\/image\/\",\"url\":\"https:\/\/old.wildix.com\/wp-content\/uploads\/2018\/04\/wildix-logo-2.png\",\"contentUrl\":\"https:\/\/old.wildix.com\/wp-content\/uploads\/2018\/04\/wildix-logo-2.png\",\"width\":440,\"height\":200,\"caption\":\"Wildix\"},\"image\":{\"@id\":\"https:\/\/old.wildix.com\/#\/schema\/logo\/image\/\"}}]}<\/script>\n<!-- \/ Yoast SEO plugin. -->","yoast_head_json":{"title":"Les Valeurs de Wildix | Wildix","description":"Nous soutenons les membres de notre \u00e9quipe tout en nous comportant de mani\u00e8re responsable et \u00e9thique. Nos valeurs garantissent que toutes les personnes avec et pour lesquelles nous travaillons b\u00e9n\u00e9ficient d'un environnement \u00e9quitable et s\u00fbr.","robots":{"index":"noindex","follow":"follow","max-snippet":"max-snippet:-1","max-image-preview":"max-image-preview:large","max-video-preview":"max-video-preview:-1"},"og_locale":"fr_FR","og_type":"article","og_title":"Les Valeurs de Wildix | Wildix","og_description":"Nous soutenons les membres de notre \u00e9quipe tout en nous comportant de mani\u00e8re responsable et \u00e9thique. Nos valeurs garantissent que toutes les personnes avec et pour lesquelles nous travaillons b\u00e9n\u00e9ficient d'un environnement \u00e9quitable et s\u00fbr.","og_url":"https:\/\/old.wildix.com\/fr\/les-valeurs-de-wildix\/","og_site_name":"Wildix","article_modified_time":"2022-06-24T12:01:02+00:00","og_image":[{"url":"https:\/\/old.wildix.com\/wp-content\/uploads\/2022\/04\/wildix-team-4.jpeg"}],"twitter_card":"summary_large_image","twitter_misc":{"Dur\u00e9e de lecture estim\u00e9e":"3 minutes"},"schema":{"@context":"https:\/\/schema.org","@graph":[{"@type":"WebPage","@id":"https:\/\/old.wildix.com\/fr\/les-valeurs-de-wildix\/","url":"https:\/\/old.wildix.com\/fr\/les-valeurs-de-wildix\/","name":"Les Valeurs de Wildix | Wildix","isPartOf":{"@id":"https:\/\/old.wildix.com\/#website"},"datePublished":"2022-04-18T11:41:30+00:00","dateModified":"2022-06-24T12:01:02+00:00","description":"Nous soutenons les membres de notre \u00e9quipe tout en nous comportant de mani\u00e8re responsable et \u00e9thique. Nos valeurs garantissent que toutes les personnes avec et pour lesquelles nous travaillons b\u00e9n\u00e9ficient d'un environnement \u00e9quitable et s\u00fbr.","breadcrumb":{"@id":"https:\/\/old.wildix.com\/fr\/les-valeurs-de-wildix\/#breadcrumb"},"inLanguage":"fr-FR","potentialAction":[{"@type":"ReadAction","target":["https:\/\/old.wildix.com\/fr\/les-valeurs-de-wildix\/"]}]},{"@type":"BreadcrumbList","@id":"https:\/\/old.wildix.com\/fr\/les-valeurs-de-wildix\/#breadcrumb","itemListElement":[{"@type":"ListItem","position":1,"name":"Home","item":"https:\/\/old.wildix.com\/"},{"@type":"ListItem","position":2,"name":"Les valeurs de Wildix"}]},{"@type":"WebSite","@id":"https:\/\/old.wildix.com\/#website","url":"https:\/\/old.wildix.com\/","name":"Wildix","description":"Wildix PBX | VoIP Solutions | Unified Communications | WebRTC","publisher":{"@id":"https:\/\/old.wildix.com\/#organization"},"potentialAction":[{"@type":"SearchAction","target":{"@type":"EntryPoint","urlTemplate":"https:\/\/old.wildix.com\/?s={search_term_string}"},"query-input":"required name=search_term_string"}],"inLanguage":"fr-FR"},{"@type":"Organization","@id":"https:\/\/old.wildix.com\/#organization","name":"Wildix","url":"https:\/\/old.wildix.com\/","logo":{"@type":"ImageObject","inLanguage":"fr-FR","@id":"https:\/\/old.wildix.com\/#\/schema\/logo\/image\/","url":"https:\/\/old.wildix.com\/wp-content\/uploads\/2018\/04\/wildix-logo-2.png","contentUrl":"https:\/\/old.wildix.com\/wp-content\/uploads\/2018\/04\/wildix-logo-2.png","width":440,"height":200,"caption":"Wildix"},"image":{"@id":"https:\/\/old.wildix.com\/#\/schema\/logo\/image\/"}}]}},"_links":{"self":[{"href":"https:\/\/old.wildix.com\/fr\/wp-json\/wp\/v2\/pages\/7917639"}],"collection":[{"href":"https:\/\/old.wildix.com\/fr\/wp-json\/wp\/v2\/pages"}],"about":[{"href":"https:\/\/old.wildix.com\/fr\/wp-json\/wp\/v2\/types\/page"}],"author":[{"embeddable":true,"href":"https:\/\/old.wildix.com\/fr\/wp-json\/wp\/v2\/users\/46"}],"replies":[{"embeddable":true,"href":"https:\/\/old.wildix.com\/fr\/wp-json\/wp\/v2\/comments?post=7917639"}],"version-history":[{"count":0,"href":"https:\/\/old.wildix.com\/fr\/wp-json\/wp\/v2\/pages\/7917639\/revisions"}],"wp:attachment":[{"href":"https:\/\/old.wildix.com\/fr\/wp-json\/wp\/v2\/media?parent=7917639"}],"curies":[{"name":"wp","href":"https:\/\/api.w.org\/{rel}","templated":true}]}}