{"id":7917652,"date":"2022-04-18T15:46:15","date_gmt":"2022-04-18T15:46:15","guid":{"rendered":"https:\/\/old2.wildix.com\/why-wildix\/"},"modified":"2022-06-24T12:01:06","modified_gmt":"2022-06-24T12:01:06","slug":"pourquoi-wildix","status":"publish","type":"page","link":"https:\/\/old.wildix.com\/fr\/pourquoi-wildix\/","title":{"rendered":"Pourquoi Wildix ?"},"content":{"rendered":"\t\t<div data-elementor-type=\"wp-page\" data-elementor-id=\"7917652\" class=\"elementor elementor-7917652 elementor-7905501\">\n\t\t\t\t\t\t\t\t\t<section data-particle_enable=\"false\" data-particle-mobile-disabled=\"false\" class=\"elementor-section elementor-top-section elementor-element elementor-element-05e6749 elementor-section-boxed elementor-section-height-default elementor-section-height-default\" data-id=\"05e6749\" data-element_type=\"section\" data-settings=\"{&quot;background_background&quot;:&quot;classic&quot;,&quot;shape_divider_bottom&quot;:&quot;waves&quot;,&quot;shape_divider_bottom_negative&quot;:&quot;yes&quot;}\">\n\t\t\t\t\t\t\t<div class=\"elementor-background-overlay\"><\/div>\n\t\t\t\t\t\t<div class=\"elementor-shape elementor-shape-bottom\" data-negative=\"true\">\n\t\t\t<svg xmlns=\"http:\/\/www.w3.org\/2000\/svg\" viewBox=\"0 0 1000 100\" preserveAspectRatio=\"none\">\n\t<path class=\"elementor-shape-fill\" d=\"M790.5,93.1c-59.3-5.3-116.8-18-192.6-50c-29.6-12.7-76.9-31-100.5-35.9c-23.6-4.9-52.6-7.8-75.5-5.3\n\tc-10.2,1.1-22.6,1.4-50.1,7.4c-27.2,6.3-58.2,16.6-79.4,24.7c-41.3,15.9-94.9,21.9-134,22.6C72,58.2,0,25.8,0,25.8V100h1000V65.3\n\tc0,0-51.5,19.4-106.2,25.7C839.5,97,814.1,95.2,790.5,93.1z\"\/>\n<\/svg>\t\t<\/div>\n\t\t\t\t\t<div class=\"elementor-container elementor-column-gap-default\">\n\t\t\t\t\t<div class=\"elementor-column elementor-col-100 elementor-top-column elementor-element elementor-element-d90fc73\" data-id=\"d90fc73\" data-element_type=\"column\">\n\t\t\t<div class=\"elementor-widget-wrap elementor-element-populated\">\n\t\t\t\t\t\t\t\t<div class=\"elementor-element elementor-element-b6b9b8d elementor-widget elementor-widget-text-editor\" data-id=\"b6b9b8d\" data-element_type=\"widget\" data-widget_type=\"text-editor.default\">\n\t\t\t\t<div class=\"elementor-widget-container\">\n\t\t\t\t\t\t\tPourquoi Wildix ?\t\t\t\t\t\t<\/div>\n\t\t\t\t<\/div>\n\t\t\t\t\t<\/div>\n\t\t<\/div>\n\t\t\t\t\t\t\t<\/div>\n\t\t<\/section>\n\t\t\t\t<section data-particle_enable=\"false\" data-particle-mobile-disabled=\"false\" class=\"elementor-section elementor-top-section elementor-element elementor-element-635b319 elementor-section-boxed elementor-section-height-default elementor-section-height-default\" data-id=\"635b319\" data-element_type=\"section\">\n\t\t\t\t\t\t<div class=\"elementor-container elementor-column-gap-default\">\n\t\t\t\t\t<div class=\"elementor-column elementor-col-50 elementor-top-column elementor-element elementor-element-4a34642\" data-id=\"4a34642\" data-element_type=\"column\">\n\t\t\t<div class=\"elementor-widget-wrap elementor-element-populated\">\n\t\t\t\t\t\t\t\t<div class=\"elementor-element elementor-element-8ac0254 elementor-widget elementor-widget-text-editor\" data-id=\"8ac0254\" data-element_type=\"widget\" data-widget_type=\"text-editor.default\">\n\t\t\t\t<div class=\"elementor-widget-container\">\n\t\t\t\t\t\t\t<strong>Travailler avec Wildix signifie \u00eatre \u00e0 l&rsquo;avant-garde des communications mondiales modernes.<\/strong> Nous fournissons l&rsquo;un des meilleurs syst\u00e8mes de communication du march\u00e9 avec des produits que m\u00eame nos rivaux reconnaissent comme une menace pour leurs \u00e9cosyst\u00e8mes. \t\t\t\t\t\t<\/div>\n\t\t\t\t<\/div>\n\t\t\t\t<div class=\"elementor-element elementor-element-4558370 elementor-widget elementor-widget-text-editor\" data-id=\"4558370\" data-element_type=\"widget\" data-widget_type=\"text-editor.default\">\n\t\t\t\t<div class=\"elementor-widget-container\">\n\t\t\t\t\t\t\tEt c&rsquo;est g\u00e9nial de travailler avec nous. \nNous recherchons l&rsquo;innovation. Nous visons la haute performance. Nous relevons des d\u00e9fis. \n\t\t\t\t\t\t<\/div>\n\t\t\t\t<\/div>\n\t\t\t\t<div class=\"elementor-element elementor-element-885861d elementor-widget elementor-widget-text-editor\" data-id=\"885861d\" data-element_type=\"widget\" data-widget_type=\"text-editor.default\">\n\t\t\t\t<div class=\"elementor-widget-container\">\n\t\t\t\t\t\t\tMais nous reconnaissons qu&rsquo;il y a un c\u00f4t\u00e9 humain chez nos employ\u00e9s. Les individus prennent des d\u00e9cisions. Ils prennent des risques qui ne sont pas toujours payants. Et ils \u00e9chouent parfois de mani\u00e8re spectaculaire. \t\t\t\t\t\t<\/div>\n\t\t\t\t<\/div>\n\t\t\t\t<div class=\"elementor-element elementor-element-3b1749c elementor-widget elementor-widget-text-editor\" data-id=\"3b1749c\" data-element_type=\"widget\" data-widget_type=\"text-editor.default\">\n\t\t\t\t<div class=\"elementor-widget-container\">\n\t\t\t\t\t\t\tEt ce n&rsquo;est pas grave ! \t\t\t\t\t\t<\/div>\n\t\t\t\t<\/div>\n\t\t\t\t<div class=\"elementor-element elementor-element-016dd57 elementor-widget elementor-widget-text-editor\" data-id=\"016dd57\" data-element_type=\"widget\" data-widget_type=\"text-editor.default\">\n\t\t\t\t<div class=\"elementor-widget-container\">\n\t\t\t\t\t\t\tTant que nous agissons de bonne foi, en accord avec nos valeurs, vous aurez une grande libert\u00e9 de travail dans le cadre de votre poste. Et vous aurez acc\u00e8s \u00e0 l&rsquo;un des meilleurs logiciels de communication et de collaboration &#8211; sans surprise &#8211; pour travailler. \t\t\t\t\t\t<\/div>\n\t\t\t\t<\/div>\n\t\t\t\t\t<\/div>\n\t\t<\/div>\n\t\t\t\t<div class=\"elementor-column elementor-col-50 elementor-top-column elementor-element elementor-element-6a64a54\" data-id=\"6a64a54\" data-element_type=\"column\" data-settings=\"{&quot;background_background&quot;:&quot;classic&quot;}\">\n\t\t\t<div class=\"elementor-widget-wrap elementor-element-populated\">\n\t\t\t\t\t\t\t\t<section data-particle_enable=\"false\" data-particle-mobile-disabled=\"false\" class=\"elementor-section elementor-inner-section elementor-element elementor-element-631ea69 elementor-section-boxed elementor-section-height-default elementor-section-height-default\" data-id=\"631ea69\" data-element_type=\"section\">\n\t\t\t\t\t\t<div class=\"elementor-container elementor-column-gap-default\">\n\t\t\t\t\t<div class=\"elementor-column elementor-col-50 elementor-inner-column elementor-element elementor-element-d7aafdb\" data-id=\"d7aafdb\" data-element_type=\"column\" data-settings=\"{&quot;background_background&quot;:&quot;classic&quot;}\">\n\t\t\t<div class=\"elementor-widget-wrap elementor-element-populated\">\n\t\t\t\t\t\t\t\t<div class=\"elementor-element elementor-element-406fd5e elementor-position-top elementor-widget elementor-widget-image-box\" data-id=\"406fd5e\" data-element_type=\"widget\" data-widget_type=\"image-box.default\">\n\t\t\t\t<div class=\"elementor-widget-container\">\n\t\t\t<div class=\"elementor-image-box-wrapper\"><figure class=\"elementor-image-box-img\"><img decoding=\"async\" width=\"150\" height=\"150\" src=\"https:\/\/old.wildix.com\/wp-content\/uploads\/2022\/05\/learning.png\" class=\"attachment-full size-full wp-image-7914406\" alt=\"\" srcset=\"https:\/\/old.wildix.com\/wp-content\/uploads\/2022\/05\/learning.png 150w, https:\/\/old.wildix.com\/wp-content\/uploads\/2022\/05\/learning-300x300.png 300w\" sizes=\"(max-width: 150px) 100vw, 150px\" \/><\/figure><div class=\"elementor-image-box-content\"><h3 class=\"elementor-image-box-title\">Nous encourageons <br\/> l'apprentissage<\/h3><\/div><\/div>\t\t<\/div>\n\t\t\t\t<\/div>\n\t\t\t\t\t<\/div>\n\t\t<\/div>\n\t\t\t\t<div class=\"elementor-column elementor-col-50 elementor-inner-column elementor-element elementor-element-f9bf5ed\" data-id=\"f9bf5ed\" data-element_type=\"column\" data-settings=\"{&quot;background_background&quot;:&quot;classic&quot;}\">\n\t\t\t<div class=\"elementor-widget-wrap elementor-element-populated\">\n\t\t\t\t\t\t\t\t<div class=\"elementor-element elementor-element-21baed3 elementor-position-top elementor-widget elementor-widget-image-box\" data-id=\"21baed3\" data-element_type=\"widget\" data-widget_type=\"image-box.default\">\n\t\t\t\t<div class=\"elementor-widget-container\">\n\t\t\t<div class=\"elementor-image-box-wrapper\"><figure class=\"elementor-image-box-img\"><img decoding=\"async\" width=\"150\" height=\"150\" src=\"https:\/\/old.wildix.com\/wp-content\/uploads\/2022\/05\/passion.png\" class=\"attachment-full size-full wp-image-7914408\" alt=\"\" srcset=\"https:\/\/old.wildix.com\/wp-content\/uploads\/2022\/05\/passion.png 150w, https:\/\/old.wildix.com\/wp-content\/uploads\/2022\/05\/passion-300x300.png 300w\" sizes=\"(max-width: 150px) 100vw, 150px\" \/><\/figure><div class=\"elementor-image-box-content\"><h3 class=\"elementor-image-box-title\">Nous encourageons<br\/> la passion<\/h3><\/div><\/div>\t\t<\/div>\n\t\t\t\t<\/div>\n\t\t\t\t\t<\/div>\n\t\t<\/div>\n\t\t\t\t\t\t\t<\/div>\n\t\t<\/section>\n\t\t\t\t<section data-particle_enable=\"false\" data-particle-mobile-disabled=\"false\" class=\"elementor-section elementor-inner-section elementor-element elementor-element-f89d3c4 elementor-section-boxed elementor-section-height-default elementor-section-height-default\" data-id=\"f89d3c4\" data-element_type=\"section\">\n\t\t\t\t\t\t<div class=\"elementor-container elementor-column-gap-default\">\n\t\t\t\t\t<div class=\"elementor-column elementor-col-100 elementor-inner-column elementor-element elementor-element-cab9742\" data-id=\"cab9742\" data-element_type=\"column\" data-settings=\"{&quot;background_background&quot;:&quot;classic&quot;}\">\n\t\t\t<div class=\"elementor-widget-wrap elementor-element-populated\">\n\t\t\t\t\t\t\t\t<div class=\"elementor-element elementor-element-2c1f043 elementor-position-top elementor-widget elementor-widget-image-box\" data-id=\"2c1f043\" data-element_type=\"widget\" data-widget_type=\"image-box.default\">\n\t\t\t\t<div class=\"elementor-widget-container\">\n\t\t\t<div class=\"elementor-image-box-wrapper\"><figure class=\"elementor-image-box-img\"><img decoding=\"async\" width=\"150\" height=\"150\" src=\"https:\/\/old.wildix.com\/wp-content\/uploads\/2022\/05\/development.png\" class=\"attachment-full size-full wp-image-7914412\" alt=\"\" srcset=\"https:\/\/old.wildix.com\/wp-content\/uploads\/2022\/05\/development.png 150w, https:\/\/old.wildix.com\/wp-content\/uploads\/2022\/05\/development-300x300.png 300w\" sizes=\"(max-width: 150px) 100vw, 150px\" \/><\/figure><div class=\"elementor-image-box-content\"><h3 class=\"elementor-image-box-title\">Nous encourageons <br\/>le d\u00e9veloppement<\/h3><\/div><\/div>\t\t<\/div>\n\t\t\t\t<\/div>\n\t\t\t\t\t<\/div>\n\t\t<\/div>\n\t\t\t\t\t\t\t<\/div>\n\t\t<\/section>\n\t\t\t\t\t<\/div>\n\t\t<\/div>\n\t\t\t\t\t\t\t<\/div>\n\t\t<\/section>\n\t\t\t\t<section data-particle_enable=\"false\" data-particle-mobile-disabled=\"false\" class=\"elementor-section elementor-top-section elementor-element elementor-element-b23c96f elementor-section-boxed elementor-section-height-default elementor-section-height-default\" data-id=\"b23c96f\" data-element_type=\"section\" data-settings=\"{&quot;background_background&quot;:&quot;classic&quot;}\">\n\t\t\t\t\t\t<div class=\"elementor-container elementor-column-gap-default\">\n\t\t\t\t\t<div class=\"elementor-column elementor-col-100 elementor-top-column elementor-element elementor-element-ee43d03\" data-id=\"ee43d03\" data-element_type=\"column\">\n\t\t\t<div class=\"elementor-widget-wrap elementor-element-populated\">\n\t\t\t\t\t\t\t\t<div class=\"elementor-element elementor-element-b539cc6 elementor-widget elementor-widget-text-editor\" data-id=\"b539cc6\" data-element_type=\"widget\" data-widget_type=\"text-editor.default\">\n\t\t\t\t<div class=\"elementor-widget-container\">\n\t\t\t\t\t\t\t<span style=\"font-weight: 600;\">Au fur et \u00e0 mesure de notre croissance, vous grandirez avec nous.<\/span>\t\t\t\t\t\t<\/div>\n\t\t\t\t<\/div>\n\t\t\t\t<div class=\"elementor-element elementor-element-7a48ba1 elementor-widget elementor-widget-text-editor\" data-id=\"7a48ba1\" data-element_type=\"widget\" data-widget_type=\"text-editor.default\">\n\t\t\t\t<div class=\"elementor-widget-container\">\n\t\t\t\t\t\t\t<span style=\"font-weight: 400;\">Nous avons des employ\u00e9s qui sont pass\u00e9s d&rsquo;un poste de d\u00e9butant au management de leur propre service, et il y en a d&rsquo;autres qui ont commenc\u00e9 en tant que partenaires et ont \u00e9t\u00e9 amen\u00e9s \u00e0 travailler pour Wildix dans le but de fournir des connaissances primordiales dans leurs domaines de comp\u00e9tences. <\/span>\t\t\t\t\t\t<\/div>\n\t\t\t\t<\/div>\n\t\t\t\t\t<\/div>\n\t\t<\/div>\n\t\t\t\t\t\t\t<\/div>\n\t\t<\/section>\n\t\t\t\t<section data-particle_enable=\"false\" data-particle-mobile-disabled=\"false\" class=\"elementor-section elementor-top-section elementor-element elementor-element-22cc3d3 elementor-section-boxed elementor-section-height-default elementor-section-height-default\" data-id=\"22cc3d3\" data-element_type=\"section\">\n\t\t\t\t\t\t<div class=\"elementor-container elementor-column-gap-default\">\n\t\t\t\t\t<div class=\"elementor-column elementor-col-50 elementor-top-column elementor-element elementor-element-9cb7a1a\" data-id=\"9cb7a1a\" data-element_type=\"column\">\n\t\t\t<div class=\"elementor-widget-wrap elementor-element-populated\">\n\t\t\t\t\t\t\t\t<div class=\"elementor-element elementor-element-b88b19e elementor-widget elementor-widget-image\" data-id=\"b88b19e\" data-element_type=\"widget\" data-widget_type=\"image.default\">\n\t\t\t\t<div class=\"elementor-widget-container\">\n\t\t\t\t\t\t\t\t\t\t\t\t\t\t\t<img loading=\"lazy\" decoding=\"async\" width=\"1000\" height=\"667\" src=\"https:\/\/old.wildix.com\/wp-content\/uploads\/2022\/04\/video-conference-1-1-min.jpg\" class=\"attachment-full size-full wp-image-7906205\" alt=\"wildix team\" srcset=\"https:\/\/old.wildix.com\/wp-content\/uploads\/2022\/04\/video-conference-1-1-min.jpg 1000w, https:\/\/old.wildix.com\/wp-content\/uploads\/2022\/04\/video-conference-1-1-min-300x200.jpg 300w, https:\/\/old.wildix.com\/wp-content\/uploads\/2022\/04\/video-conference-1-1-min-768x512.jpg 768w\" sizes=\"(max-width: 1000px) 100vw, 1000px\" \/>\t\t\t\t\t\t\t\t\t\t\t\t\t\t\t<\/div>\n\t\t\t\t<\/div>\n\t\t\t\t\t<\/div>\n\t\t<\/div>\n\t\t\t\t<div class=\"elementor-column elementor-col-50 elementor-top-column elementor-element elementor-element-6ddea9f\" data-id=\"6ddea9f\" data-element_type=\"column\">\n\t\t\t<div class=\"elementor-widget-wrap elementor-element-populated\">\n\t\t\t\t\t\t\t\t<div class=\"elementor-element elementor-element-a882eb5 elementor-widget elementor-widget-text-editor\" data-id=\"a882eb5\" data-element_type=\"widget\" data-widget_type=\"text-editor.default\">\n\t\t\t\t<div class=\"elementor-widget-container\">\n\t\t\t\t\t\t\tEt nous appliquons les principes de l&rsquo;\u00e9galit\u00e9 des chances \u00e0 notre strat\u00e9gie de recrutement, en interdisant toute discrimination fond\u00e9e sur le syst\u00e8me de croyances, la race, l&rsquo;origine ethnique, le sexe, l&rsquo;\u00e2ge ou la pr\u00e9f\u00e9rence sexuelle, entre autres.\t\t\t\t\t\t<\/div>\n\t\t\t\t<\/div>\n\t\t\t\t<div class=\"elementor-element elementor-element-d985afb elementor-widget elementor-widget-text-editor\" data-id=\"d985afb\" data-element_type=\"widget\" data-widget_type=\"text-editor.default\">\n\t\t\t\t<div class=\"elementor-widget-container\">\n\t\t\t\t\t\t\tLes possibilit\u00e9s sont presque infinies. <span style=\"font-weight: 400;\">Et les avantages sociaux sont \u00e9galement tr\u00e8s int\u00e9ressants, avec des formules comp\u00e9titives en fonction de l&rsquo;endroit o\u00f9 vous vous trouvez et de votre poste. <\/span>\n<\/br><\/br>\n\n<a href=\"https:\/\/old.wildix.com\/fr\/careers\/\" target=\"_blank\" rel=\"noopener\"><span style=\"text-decoration: underline;\"><strong>Alors, qu\u2019attendez-vous ?<\/strong><\/span><\/a>\t\t\t\t\t\t<\/div>\n\t\t\t\t<\/div>\n\t\t\t\t\t<\/div>\n\t\t<\/div>\n\t\t\t\t\t\t\t<\/div>\n\t\t<\/section>\n\t\t\t\t\t\t\t<\/div>\n\t\t","protected":false},"excerpt":{"rendered":"<p>Pourquoi Wildix ?Travailler avec Wildix signifie \u00eatre \u00e0 l&rsquo;avant-garde des communications mondiales modernes. Nous fournissons l&rsquo;un des meilleurs syst\u00e8mes de communication du march\u00e9 avec des produits que m\u00eame nos rivaux reconnaissent comme une menace pour leurs \u00e9cosyst\u00e8mes. Et c&rsquo;est g\u00e9nial de travailler avec nous. Nous recherchons l&rsquo;innovation. Nous visons la haute performance. Nous relevons des [&hellip;]<\/p>\n","protected":false},"author":46,"featured_media":0,"parent":0,"menu_order":0,"comment_status":"closed","ping_status":"closed","template":"elementor_header_footer","meta":{"wpupg_custom_link":[],"wpupg_custom_link_behaviour":["default"],"wpupg_custom_image":[],"wpupg_custom_image_id":[],"footnotes":""},"acf":[],"yoast_head":"<!-- This site is optimized with the Yoast SEO plugin v21.8 - https:\/\/yoast.com\/wordpress\/plugins\/seo\/ -->\n<title>Pourquoi Wildix ? | Wildix<\/title>\n<meta name=\"description\" content=\"Wildix offre un large \u00e9ventail d&#039;opportunit\u00e9s et un endroit o\u00f9 il fait bon travailler. D\u00e9couvrez pourquoi vous devriez envisager de travailler avec nous aujourd&#039;hui.\" \/>\n<meta name=\"robots\" content=\"noindex, follow, max-snippet:-1, max-image-preview:large, max-video-preview:-1\" \/>\n<meta property=\"og:locale\" content=\"fr_FR\" \/>\n<meta property=\"og:type\" content=\"article\" \/>\n<meta property=\"og:title\" content=\"Pourquoi Wildix ? | Wildix\" \/>\n<meta property=\"og:description\" content=\"Wildix offre un large \u00e9ventail d&#039;opportunit\u00e9s et un endroit o\u00f9 il fait bon travailler. D\u00e9couvrez pourquoi vous devriez envisager de travailler avec nous aujourd&#039;hui.\" \/>\n<meta property=\"og:url\" content=\"https:\/\/old.wildix.com\/fr\/pourquoi-wildix\/\" \/>\n<meta property=\"og:site_name\" content=\"Wildix\" \/>\n<meta property=\"article:modified_time\" content=\"2022-06-24T12:01:06+00:00\" \/>\n<meta property=\"og:image\" content=\"https:\/\/old.wildix.com\/wp-content\/uploads\/2022\/05\/learning.png\" \/>\n<meta name=\"twitter:card\" content=\"summary_large_image\" \/>\n<meta name=\"twitter:label1\" content=\"Dur\u00e9e de lecture estim\u00e9e\" \/>\n\t<meta name=\"twitter:data1\" content=\"3 minutes\" \/>\n<script type=\"application\/ld+json\" class=\"yoast-schema-graph\">{\"@context\":\"https:\/\/schema.org\",\"@graph\":[{\"@type\":\"WebPage\",\"@id\":\"https:\/\/old.wildix.com\/fr\/pourquoi-wildix\/\",\"url\":\"https:\/\/old.wildix.com\/fr\/pourquoi-wildix\/\",\"name\":\"Pourquoi Wildix ? | Wildix\",\"isPartOf\":{\"@id\":\"https:\/\/old.wildix.com\/#website\"},\"datePublished\":\"2022-04-18T15:46:15+00:00\",\"dateModified\":\"2022-06-24T12:01:06+00:00\",\"description\":\"Wildix offre un large \u00e9ventail d'opportunit\u00e9s et un endroit o\u00f9 il fait bon travailler. D\u00e9couvrez pourquoi vous devriez envisager de travailler avec nous aujourd'hui.\",\"breadcrumb\":{\"@id\":\"https:\/\/old.wildix.com\/fr\/pourquoi-wildix\/#breadcrumb\"},\"inLanguage\":\"fr-FR\",\"potentialAction\":[{\"@type\":\"ReadAction\",\"target\":[\"https:\/\/old.wildix.com\/fr\/pourquoi-wildix\/\"]}]},{\"@type\":\"BreadcrumbList\",\"@id\":\"https:\/\/old.wildix.com\/fr\/pourquoi-wildix\/#breadcrumb\",\"itemListElement\":[{\"@type\":\"ListItem\",\"position\":1,\"name\":\"Home\",\"item\":\"https:\/\/old.wildix.com\/\"},{\"@type\":\"ListItem\",\"position\":2,\"name\":\"Pourquoi Wildix ?\"}]},{\"@type\":\"WebSite\",\"@id\":\"https:\/\/old.wildix.com\/#website\",\"url\":\"https:\/\/old.wildix.com\/\",\"name\":\"Wildix\",\"description\":\"Wildix PBX | VoIP Solutions | Unified Communications | WebRTC\",\"publisher\":{\"@id\":\"https:\/\/old.wildix.com\/#organization\"},\"potentialAction\":[{\"@type\":\"SearchAction\",\"target\":{\"@type\":\"EntryPoint\",\"urlTemplate\":\"https:\/\/old.wildix.com\/?s={search_term_string}\"},\"query-input\":\"required name=search_term_string\"}],\"inLanguage\":\"fr-FR\"},{\"@type\":\"Organization\",\"@id\":\"https:\/\/old.wildix.com\/#organization\",\"name\":\"Wildix\",\"url\":\"https:\/\/old.wildix.com\/\",\"logo\":{\"@type\":\"ImageObject\",\"inLanguage\":\"fr-FR\",\"@id\":\"https:\/\/old.wildix.com\/#\/schema\/logo\/image\/\",\"url\":\"https:\/\/old.wildix.com\/wp-content\/uploads\/2018\/04\/wildix-logo-2.png\",\"contentUrl\":\"https:\/\/old.wildix.com\/wp-content\/uploads\/2018\/04\/wildix-logo-2.png\",\"width\":440,\"height\":200,\"caption\":\"Wildix\"},\"image\":{\"@id\":\"https:\/\/old.wildix.com\/#\/schema\/logo\/image\/\"}}]}<\/script>\n<!-- \/ Yoast SEO plugin. -->","yoast_head_json":{"title":"Pourquoi Wildix ? | Wildix","description":"Wildix offre un large \u00e9ventail d'opportunit\u00e9s et un endroit o\u00f9 il fait bon travailler. D\u00e9couvrez pourquoi vous devriez envisager de travailler avec nous aujourd'hui.","robots":{"index":"noindex","follow":"follow","max-snippet":"max-snippet:-1","max-image-preview":"max-image-preview:large","max-video-preview":"max-video-preview:-1"},"og_locale":"fr_FR","og_type":"article","og_title":"Pourquoi Wildix ? | Wildix","og_description":"Wildix offre un large \u00e9ventail d'opportunit\u00e9s et un endroit o\u00f9 il fait bon travailler. D\u00e9couvrez pourquoi vous devriez envisager de travailler avec nous aujourd'hui.","og_url":"https:\/\/old.wildix.com\/fr\/pourquoi-wildix\/","og_site_name":"Wildix","article_modified_time":"2022-06-24T12:01:06+00:00","og_image":[{"url":"https:\/\/old.wildix.com\/wp-content\/uploads\/2022\/05\/learning.png"}],"twitter_card":"summary_large_image","twitter_misc":{"Dur\u00e9e de lecture estim\u00e9e":"3 minutes"},"schema":{"@context":"https:\/\/schema.org","@graph":[{"@type":"WebPage","@id":"https:\/\/old.wildix.com\/fr\/pourquoi-wildix\/","url":"https:\/\/old.wildix.com\/fr\/pourquoi-wildix\/","name":"Pourquoi Wildix ? | Wildix","isPartOf":{"@id":"https:\/\/old.wildix.com\/#website"},"datePublished":"2022-04-18T15:46:15+00:00","dateModified":"2022-06-24T12:01:06+00:00","description":"Wildix offre un large \u00e9ventail d'opportunit\u00e9s et un endroit o\u00f9 il fait bon travailler. D\u00e9couvrez pourquoi vous devriez envisager de travailler avec nous aujourd'hui.","breadcrumb":{"@id":"https:\/\/old.wildix.com\/fr\/pourquoi-wildix\/#breadcrumb"},"inLanguage":"fr-FR","potentialAction":[{"@type":"ReadAction","target":["https:\/\/old.wildix.com\/fr\/pourquoi-wildix\/"]}]},{"@type":"BreadcrumbList","@id":"https:\/\/old.wildix.com\/fr\/pourquoi-wildix\/#breadcrumb","itemListElement":[{"@type":"ListItem","position":1,"name":"Home","item":"https:\/\/old.wildix.com\/"},{"@type":"ListItem","position":2,"name":"Pourquoi Wildix ?"}]},{"@type":"WebSite","@id":"https:\/\/old.wildix.com\/#website","url":"https:\/\/old.wildix.com\/","name":"Wildix","description":"Wildix PBX | VoIP Solutions | Unified Communications | WebRTC","publisher":{"@id":"https:\/\/old.wildix.com\/#organization"},"potentialAction":[{"@type":"SearchAction","target":{"@type":"EntryPoint","urlTemplate":"https:\/\/old.wildix.com\/?s={search_term_string}"},"query-input":"required name=search_term_string"}],"inLanguage":"fr-FR"},{"@type":"Organization","@id":"https:\/\/old.wildix.com\/#organization","name":"Wildix","url":"https:\/\/old.wildix.com\/","logo":{"@type":"ImageObject","inLanguage":"fr-FR","@id":"https:\/\/old.wildix.com\/#\/schema\/logo\/image\/","url":"https:\/\/old.wildix.com\/wp-content\/uploads\/2018\/04\/wildix-logo-2.png","contentUrl":"https:\/\/old.wildix.com\/wp-content\/uploads\/2018\/04\/wildix-logo-2.png","width":440,"height":200,"caption":"Wildix"},"image":{"@id":"https:\/\/old.wildix.com\/#\/schema\/logo\/image\/"}}]}},"_links":{"self":[{"href":"https:\/\/old.wildix.com\/fr\/wp-json\/wp\/v2\/pages\/7917652"}],"collection":[{"href":"https:\/\/old.wildix.com\/fr\/wp-json\/wp\/v2\/pages"}],"about":[{"href":"https:\/\/old.wildix.com\/fr\/wp-json\/wp\/v2\/types\/page"}],"author":[{"embeddable":true,"href":"https:\/\/old.wildix.com\/fr\/wp-json\/wp\/v2\/users\/46"}],"replies":[{"embeddable":true,"href":"https:\/\/old.wildix.com\/fr\/wp-json\/wp\/v2\/comments?post=7917652"}],"version-history":[{"count":0,"href":"https:\/\/old.wildix.com\/fr\/wp-json\/wp\/v2\/pages\/7917652\/revisions"}],"wp:attachment":[{"href":"https:\/\/old.wildix.com\/fr\/wp-json\/wp\/v2\/media?parent=7917652"}],"curies":[{"name":"wp","href":"https:\/\/api.w.org\/{rel}","templated":true}]}}