{"id":7812356,"date":"2018-04-26T13:20:50","date_gmt":"2018-04-26T13:20:50","guid":{"rendered":"https:\/\/old2.wildix.com\/?page_id=7812356"},"modified":"2022-06-24T13:29:48","modified_gmt":"2022-06-24T13:29:48","slug":"lavora-con-noi-old","status":"publish","type":"page","link":"https:\/\/old.wildix.com\/it\/lavora-con-noi-old\/","title":{"rendered":"Lavora con noi"},"content":{"rendered":"<section class=\"wpb-content-wrapper\">[mk_page_section bg_gradient=&#8221;left_top&#8221; video_color_mask=&#8221;#003366&#8243; gr_end=&#8221;#90f3f2&#8243; video_opacity=&#8221;0.9&#8243; min_height=&#8221;250&#8243; full_width=&#8221;true&#8221; padding_top=&#8221;0&#8243; padding_bottom=&#8221;0&#8243; sidebar=&#8221;sidebar-1&#8243; first_page=&#8221;false&#8221; last_page=&#8221;false&#8221;][vc_column][mk_padding_divider size=&#8221;120&#8243; visibility=&#8221;hidden-sm&#8221;][mk_padding_divider size=&#8221;70&#8243; visibility=&#8221;visible-sm&#8221;][mk_fancy_title tag_name=&#8221;h1&#8243; color=&#8221;#ffffff&#8221; size=&#8221;70&#8243; force_font_size=&#8221;true&#8221; size_smallscreen=&#8221;60&#8243; size_tablet=&#8221;50&#8243; size_phone=&#8221;40&#8243; font_weight=&#8221;300&#8243; font_style=&#8221;normal&#8221; txt_transform=&#8221;none&#8221; margin_bottom=&#8221;0&#8243; font_family=&#8221;none&#8221; align=&#8221;center&#8221;]Lavora con noi[\/mk_fancy_title][mk_fancy_title tag_name=&#8221;span&#8221; color=&#8221;#ffffff&#8221; size=&#8221;24&#8243; force_font_size=&#8221;true&#8221; size_smallscreen=&#8221;22&#8243; size_tablet=&#8221;22&#8243; size_phone=&#8221;20&#8243; font_weight=&#8221;300&#8243; font_style=&#8221;normal&#8221; txt_transform=&#8221;none&#8221; margin_bottom=&#8221;0&#8243; font_family=&#8221;none&#8221; align=&#8221;center&#8221;]Opportunit\u00e0 lavorative aperte[\/mk_fancy_title][mk_padding_divider size=&#8221;30&#8243;][\/vc_column][\/mk_page_section][vc_row fullwidth=&#8221;true&#8221; fullwidth_content=&#8221;false&#8221; css=&#8221;.vc_custom_1602066522051{background-color: #f2f2f2 !important;}&#8221;][vc_column][mk_padding_divider size=&#8221;50&#8243;][\/vc_column][\/vc_row][vc_row fullwidth=&#8221;true&#8221; fullwidth_content=&#8221;false&#8221; css=&#8221;.vc_custom_1602066537959{background-color: #f2f2f2 !important;}&#8221;][vc_column css=&#8221;.vc_custom_1634194066489{padding-right: 5% !important;padding-left: 5% !important;}&#8221;][vc_column_text css=&#8221;.vc_custom_1634194207334{margin-bottom: 0px !important;padding-right: 5% !important;padding-left: 5% !important;}&#8221;]Dal 2005 Wildix aiuta le imprese (da 50 a 1000 utenti) a sviluppare il proprio business attraverso le UC&amp;C, creando il primo centralino UC&amp;C web-based e VoIP PBX. Wildix \u00e8 un&#8217;azienda multinazionale dinamica e in forte crescita e conta ad oggi pi\u00f9 di 120 dipendenti presenti in Italia, Francia, UK, Germania, Spagna, Ucraina, Estonia, Nordics, Stati Uniti.<\/p>\n<p><strong>Se sei interessato lavorare con noi, inviaci il tuo curriculum vitae all\u2019indirizzo: <a href=\"mailto:job@wildix.com\">job@wildix.com<\/a><\/strong>[\/vc_column_text][mk_padding_divider size=&#8221;30&#8243;][\/vc_column][\/vc_row][vc_row][vc_column][mk_padding_divider][vc_raw_html]JTNDZGl2JTIwaWQlM0QlMjJCYW1ib29IUiUyMiUyMGRhdGEtZG9tYWluJTNEJTIyd2lsZGl4LmJhbWJvb2hyLmNvbSUyMiUyMGRhdGEtdmVyc2lvbiUzRCUyMjEuMC4wJTIyJTIwZGF0YS1kZXBhcnRtZW50SWQlM0QlMjIlMjIlM0UlM0MlMkZkaXYlM0UlM0NzY3JpcHQlMjBzcmMlM0QlMjJodHRwcyUzQSUyRiUyRndpbGRpeC5iYW1ib29oci5jb20lMkZqcyUyRmVtYmVkLmpzJTIyJTIwdHlwZSUzRCUyMnRleHQlMkZqYXZhc2NyaXB0JTIyJTIwYXN5bmMlMjBkZWZlciUzRSUzQyUyRnNjcmlwdCUzRQ==[\/vc_raw_html][mk_padding_divider size=&#8221;10&#8243;][\/vc_column][\/vc_row][vc_row fullwidth=&#8221;true&#8221; fullwidth_content=&#8221;false&#8221; column_padding=&#8221;5&#8243; disable_element=&#8221;yes&#8221; css=&#8221;.vc_custom_1634193945373{padding-top: 3% !important;padding-right: 2% !important;padding-left: 2% !important;}&#8221;][vc_column width=&#8221;1\/2&#8243;][mk_padding_divider size=&#8221;30&#8243;][mk_fancy_title color=&#8221;#777777&#8243; size=&#8221;28&#8243; force_font_size=&#8221;true&#8221; size_smallscreen=&#8221;25&#8243; size_tablet=&#8221;25&#8243; size_phone=&#8221;20&#8243; margin_bottom=&#8221;0&#8243; font_family=&#8221;none&#8221;]United Kingdom[\/mk_fancy_title][mk_divider style=&#8221;thin_solid&#8221; margin_top=&#8221;5&#8243;][mk_custom_list style=&#8221;&#8221; icon_color=&#8221;#c4c4c4&#8243; el_class=&#8221;non-padding&#8221;]\n<ul style=\"list-style-type: none;\">\n<li><a href=\"\/senior-copywriter-eng\/\" target=\"_blank\" rel=\"noopener noreferrer\">Senior Copywriter ENG<\/a><\/li>\n<li><a href=\"\/channel-sales-executive\/\" target=\"_blank\" rel=\"noopener noreferrer\">Channel Sales Executive<\/a><\/li>\n<\/ul>\n[\/mk_custom_list][\/vc_column][vc_column width=&#8221;1\/2&#8243;][mk_padding_divider size=&#8221;30&#8243;][mk_fancy_title color=&#8221;#777777&#8243; size=&#8221;28&#8243; force_font_size=&#8221;true&#8221; size_smallscreen=&#8221;25&#8243; size_tablet=&#8221;25&#8243; size_phone=&#8221;20&#8243; margin_bottom=&#8221;0&#8243; font_family=&#8221;none&#8221;]Italy[\/mk_fancy_title][mk_divider style=&#8221;thin_solid&#8221; margin_top=&#8221;5&#8243;][mk_custom_list style=&#8221;&#8221; el_class=&#8221;non-padding&#8221;]\n<ul>\n<li><a title=\"Senior VoIP Engineer (Italian market)\" href=\"\/it\/senior-voip-engineer\/\" target=\"_blank\" rel=\"noopener noreferrer\">Senior VoIP Engineer (Italian market)<\/a><\/li>\n<\/ul>\n[\/mk_custom_list][\/vc_column][\/vc_row][vc_row fullwidth=&#8221;true&#8221; fullwidth_content=&#8221;false&#8221; column_padding=&#8221;5&#8243; disable_element=&#8221;yes&#8221; css=&#8221;.vc_custom_1634193949976{padding-right: 2% !important;padding-left: 2% !important;}&#8221;][vc_column width=&#8221;1\/2&#8243;][mk_fancy_title color=&#8221;#777777&#8243; size=&#8221;28&#8243; force_font_size=&#8221;true&#8221; size_smallscreen=&#8221;25&#8243; size_tablet=&#8221;25&#8243; size_phone=&#8221;20&#8243; margin_bottom=&#8221;0&#8243; font_family=&#8221;none&#8221;]USA[\/mk_fancy_title][mk_divider style=&#8221;thin_solid&#8221; margin_top=&#8221;5&#8243;][mk_custom_list style=&#8221;&#8221; icon_color=&#8221;#c4c4c4&#8243; el_class=&#8221;non-padding&#8221;]\n<ul>\n<li><a href=\"\/us\/regional-channel-manager-central-region\/\" target=\"_blank\" rel=\"noopener noreferrer\">Regional Channel Manager \/ Central Region<\/a><\/li>\n<li><a href=\"\/us\/human-resources-administrative-officer\/\" target=\"_blank\" rel=\"noopener noreferrer\">Human Resources Administrative Officer<\/a><\/li>\n<li><a href=\"\/us\/country-manager-us-market\/\" target=\"_blank\" rel=\"noopener noreferrer\">Country Manager<\/a><\/li>\n<li><a href=\"\/us\/partner-development-manager\/\" target=\"_blank\" rel=\"noopener noreferrer\">Partner Development Manager \u2013 US Eastern or Western Region<\/a><\/li>\n<\/ul>\n[\/mk_custom_list][\/vc_column][vc_column width=&#8221;1\/2&#8243;][mk_fancy_title color=&#8221;#777777&#8243; size=&#8221;28&#8243; force_font_size=&#8221;true&#8221; size_smallscreen=&#8221;25&#8243; size_tablet=&#8221;25&#8243; size_phone=&#8221;20&#8243; margin_bottom=&#8221;0&#8243; font_family=&#8221;none&#8221;]France[\/mk_fancy_title][mk_divider style=&#8221;thin_solid&#8221; margin_top=&#8221;5&#8243;][mk_custom_list style=&#8221;&#8221; el_class=&#8221;non-padding&#8221;]\n<ul>\n<li><a title=\"Senior VoIP System Engineer \u2013 Team leader\" href=\"https:\/\/old.wildix.com\/fr\/senior-voip-system-engineer-team-leader\/\">Senior VoIP System Engineer \u2013 Team leader<\/a><\/li>\n<li><a title=\"System Engineer VoIP\" href=\"https:\/\/old.wildix.com\/fr\/system-engineer-voip\/\">System Engineer VoIP<\/a><\/li>\n<\/ul>\n[\/mk_custom_list][\/vc_column][\/vc_row][vc_row fullwidth=&#8221;true&#8221; fullwidth_content=&#8221;false&#8221; column_padding=&#8221;5&#8243; disable_element=&#8221;yes&#8221; css=&#8221;.vc_custom_1634193954731{padding-right: 2% !important;padding-bottom: 3% !important;padding-left: 2% !important;}&#8221;][vc_column width=&#8221;1\/2&#8243;][mk_fancy_title color=&#8221;#777777&#8243; size=&#8221;28&#8243; force_font_size=&#8221;true&#8221; size_smallscreen=&#8221;25&#8243; size_tablet=&#8221;25&#8243; size_phone=&#8221;20&#8243; margin_bottom=&#8221;0&#8243; font_family=&#8221;none&#8221;]R&amp;D Odessa[\/mk_fancy_title][mk_divider style=&#8221;thin_solid&#8221; margin_top=&#8221;5&#8243;][mk_custom_list style=&#8221;&#8221; el_class=&#8221;non-padding&#8221;]\n<ul style=\"list-style-type: none;\">\n<li><a title=\"Salesforce Business Analyst\" href=\"https:\/\/old.wildix.com\/ua\/salesforce-business-analyst\/\" target=\"_blank\" rel=\"noopener noreferrer\">Salesforce Business Analyst<\/a><\/li>\n<li><a title=\"Marketing Specialist (Italian Market)\" href=\"https:\/\/old.wildix.com\/ua\/marketing-specialist-italian-market\/\" target=\"_blank\" rel=\"noopener noreferrer\">Marketing Specialist (Italian Market)<\/a><\/li>\n<li><a title=\"HR Specialist\" href=\"https:\/\/old.wildix.com\/ua\/hr-manager\/\" target=\"_blank\" rel=\"noopener noreferrer\">HR Specialist<\/a><\/li>\n<li><a title=\"Marketing Executive (US market)\" href=\"https:\/\/old.wildix.com\/ua\/marketing-executive-us-market\/\" target=\"_blank\" rel=\"noopener noreferrer\">Marketing Executive (US market)<\/a><\/li>\n<li><a title=\"Middle QA Engineer\" href=\"https:\/\/old.wildix.com\/ua\/middle-qa\/\" target=\"_blank\" rel=\"noopener noreferrer\">Middle QA Engineer<\/a><\/li>\n<li><a title=\"Middle\/Senior React Developer\" href=\"https:\/\/old.wildix.com\/ua\/react-developer\/\" target=\"_blank\" rel=\"noopener noreferrer\">Middle\/Senior React Developer<\/a><\/li>\n<li><a title=\"Sales Specialist (UK Market)\" href=\"https:\/\/old.wildix.com\/sales-specialist-uk-market\/\" target=\"_blank\" rel=\"noopener noreferrer\">Sales Specialist (UK Market)<\/a><\/li>\n<\/ul>\n[\/mk_custom_list][\/vc_column][vc_column width=&#8221;1\/2&#8243;][mk_fancy_title color=&#8221;#777777&#8243; size=&#8221;28&#8243; force_font_size=&#8221;true&#8221; size_smallscreen=&#8221;25&#8243; size_tablet=&#8221;25&#8243; size_phone=&#8221;20&#8243; margin_bottom=&#8221;0&#8243; font_family=&#8221;none&#8221;]Spain[\/mk_fancy_title][mk_divider style=&#8221;thin_solid&#8221; margin_top=&#8221;5&#8243;][mk_custom_list style=&#8221;&#8221; el_class=&#8221;non-padding&#8221;]\n<ul>\n<li><a href=\"https:\/\/old.wildix.com\/es\/sales-country-manager-spain\/\">Sales Country Manager<\/a><\/li>\n<\/ul>\n[\/mk_custom_list][\/vc_column][\/vc_row][vc_row][vc_column][mk_padding_divider size=&#8221;50&#8243;][\/vc_column][\/vc_row][mk_page_section bg_gradient=&#8221;left_top&#8221; video_color_mask=&#8221;#90f3f2&#8243; gr_end=&#8221;#003366&#8243; video_opacity=&#8221;0.9&#8243; min_height=&#8221;200&#8243; full_width=&#8221;true&#8221; sidebar=&#8221;sidebar-1&#8243;][vc_column][vc_empty_space height=&#8221;50px&#8221;][vc_row_inner][vc_column_inner][mk_icon_box icon=&#8221;mk-li-mail&#8221; title=&#8221;job@wildix.com&#8221; text_size=&#8221;26&#8243; font_weight=&#8221;400&#8243; read_more_url=&#8221;mailto:job@wildix.com&#8221; style=&#8221;simple_ultimate&#8221; icon_size=&#8221;x-large&#8221; rounded_circle=&#8221;true&#8221; icon_location=&#8221;top&#8221; icon_color=&#8221;&#8221; title_color=&#8221;#ffffff&#8221; txt_color=&#8221;#ffffff&#8221; txt_link_color=&#8221;#ffffff&#8221;]Se sei interessato lavorare con noi, inviaci il tuo curriculum vitae all\u2019indirizzo[\/mk_icon_box][\/vc_column_inner][\/vc_row_inner][\/vc_column][\/mk_page_section]\n<\/section>","protected":false},"excerpt":{"rendered":"<p>[mk_page_section bg_gradient=&#8221;left_top&#8221; video_color_mask=&#8221;#003366&#8243; gr_end=&#8221;#90f3f2&#8243; video_opacity=&#8221;0.9&#8243; min_height=&#8221;250&#8243; full_width=&#8221;true&#8221; padding_top=&#8221;0&#8243; padding_bottom=&#8221;0&#8243; sidebar=&#8221;sidebar-1&#8243; first_page=&#8221;false&#8221; last_page=&#8221;false&#8221;][vc_column][mk_padding_divider size=&#8221;120&#8243; visibility=&#8221;hidden-sm&#8221;][mk_padding_divider size=&#8221;70&#8243; visibility=&#8221;visible-sm&#8221;][mk_fancy_title tag_name=&#8221;h1&#8243; color=&#8221;#ffffff&#8221; size=&#8221;70&#8243; force_font_size=&#8221;true&#8221; size_smallscreen=&#8221;60&#8243; size_tablet=&#8221;50&#8243; size_phone=&#8221;40&#8243; font_weight=&#8221;300&#8243; font_style=&#8221;normal&#8221; txt_transform=&#8221;none&#8221; margin_bottom=&#8221;0&#8243; font_family=&#8221;none&#8221; align=&#8221;center&#8221;]Lavora con noi[\/mk_fancy_title][mk_fancy_title tag_name=&#8221;span&#8221; color=&#8221;#ffffff&#8221; size=&#8221;24&#8243; force_font_size=&#8221;true&#8221; size_smallscreen=&#8221;22&#8243; size_tablet=&#8221;22&#8243; size_phone=&#8221;20&#8243; font_weight=&#8221;300&#8243; font_style=&#8221;normal&#8221; txt_transform=&#8221;none&#8221; margin_bottom=&#8221;0&#8243; font_family=&#8221;none&#8221; align=&#8221;center&#8221;]Opportunit\u00e0 lavorative aperte[\/mk_fancy_title][mk_padding_divider size=&#8221;30&#8243;][\/vc_column][\/mk_page_section][vc_row fullwidth=&#8221;true&#8221; fullwidth_content=&#8221;false&#8221; css=&#8221;.vc_custom_1602066522051{background-color: #f2f2f2 !important;}&#8221;][vc_column][mk_padding_divider size=&#8221;50&#8243;][\/vc_column][\/vc_row][vc_row fullwidth=&#8221;true&#8221; fullwidth_content=&#8221;false&#8221; [&hellip;]<\/p>\n","protected":false},"author":1,"featured_media":0,"parent":0,"menu_order":0,"comment_status":"closed","ping_status":"closed","template":"","meta":{"wpupg_custom_link":[],"wpupg_custom_link_behaviour":["default"],"wpupg_custom_image":[],"wpupg_custom_image_id":[],"footnotes":""},"acf":[],"yoast_head":"<!-- This site is optimized with the Yoast SEO plugin v21.8 - https:\/\/yoast.com\/wordpress\/plugins\/seo\/ -->\n<title>Lavora con noi | Opportunit\u00e0 lavorative aperte<\/title>\n<meta name=\"description\" content=\"Wildix \u00e8 alla ricerca di candidati predisposti a lavorare in team, con forti capacit\u00e0 di problem-solving. Scopri le opportunit\u00e0 lavorative aperte.\" \/>\n<meta name=\"robots\" content=\"noindex, follow, max-snippet:-1, max-image-preview:large, max-video-preview:-1\" \/>\n<meta property=\"og:locale\" content=\"it_IT\" \/>\n<meta property=\"og:type\" content=\"article\" \/>\n<meta property=\"og:title\" content=\"Lavora con noi | Opportunit\u00e0 lavorative aperte\" \/>\n<meta property=\"og:description\" content=\"Wildix \u00e8 alla ricerca di candidati predisposti a lavorare in team, con forti capacit\u00e0 di problem-solving. Scopri le opportunit\u00e0 lavorative aperte.\" \/>\n<meta property=\"og:url\" content=\"https:\/\/old.wildix.com\/it\/lavora-con-noi-old\/\" \/>\n<meta property=\"og:site_name\" content=\"Wildix\" \/>\n<meta property=\"article:modified_time\" content=\"2022-06-24T13:29:48+00:00\" \/>\n<meta name=\"twitter:card\" content=\"summary_large_image\" \/>\n<meta name=\"twitter:label1\" content=\"Tempo di lettura stimato\" \/>\n\t<meta name=\"twitter:data1\" content=\"2 minuti\" \/>\n<script type=\"application\/ld+json\" class=\"yoast-schema-graph\">{\"@context\":\"https:\/\/schema.org\",\"@graph\":[{\"@type\":\"WebPage\",\"@id\":\"https:\/\/old.wildix.com\/it\/lavora-con-noi-old\/\",\"url\":\"https:\/\/old.wildix.com\/it\/lavora-con-noi-old\/\",\"name\":\"Lavora con noi | Opportunit\u00e0 lavorative aperte\",\"isPartOf\":{\"@id\":\"https:\/\/old.wildix.com\/#website\"},\"datePublished\":\"2018-04-26T13:20:50+00:00\",\"dateModified\":\"2022-06-24T13:29:48+00:00\",\"description\":\"Wildix \u00e8 alla ricerca di candidati predisposti a lavorare in team, con forti capacit\u00e0 di problem-solving. Scopri le opportunit\u00e0 lavorative aperte.\",\"breadcrumb\":{\"@id\":\"https:\/\/old.wildix.com\/it\/lavora-con-noi-old\/#breadcrumb\"},\"inLanguage\":\"it-IT\",\"potentialAction\":[{\"@type\":\"ReadAction\",\"target\":[\"https:\/\/old.wildix.com\/it\/lavora-con-noi-old\/\"]}]},{\"@type\":\"BreadcrumbList\",\"@id\":\"https:\/\/old.wildix.com\/it\/lavora-con-noi-old\/#breadcrumb\",\"itemListElement\":[{\"@type\":\"ListItem\",\"position\":1,\"name\":\"Home\",\"item\":\"https:\/\/old.wildix.com\/\"},{\"@type\":\"ListItem\",\"position\":2,\"name\":\"Lavora con noi\"}]},{\"@type\":\"WebSite\",\"@id\":\"https:\/\/old.wildix.com\/#website\",\"url\":\"https:\/\/old.wildix.com\/\",\"name\":\"Wildix\",\"description\":\"Wildix PBX | VoIP Solutions | Unified Communications | WebRTC\",\"publisher\":{\"@id\":\"https:\/\/old.wildix.com\/#organization\"},\"potentialAction\":[{\"@type\":\"SearchAction\",\"target\":{\"@type\":\"EntryPoint\",\"urlTemplate\":\"https:\/\/old.wildix.com\/?s={search_term_string}\"},\"query-input\":\"required name=search_term_string\"}],\"inLanguage\":\"it-IT\"},{\"@type\":\"Organization\",\"@id\":\"https:\/\/old.wildix.com\/#organization\",\"name\":\"Wildix\",\"url\":\"https:\/\/old.wildix.com\/\",\"logo\":{\"@type\":\"ImageObject\",\"inLanguage\":\"it-IT\",\"@id\":\"https:\/\/old.wildix.com\/#\/schema\/logo\/image\/\",\"url\":\"https:\/\/old.wildix.com\/wp-content\/uploads\/2018\/04\/wildix-logo-2.png\",\"contentUrl\":\"https:\/\/old.wildix.com\/wp-content\/uploads\/2018\/04\/wildix-logo-2.png\",\"width\":440,\"height\":200,\"caption\":\"Wildix\"},\"image\":{\"@id\":\"https:\/\/old.wildix.com\/#\/schema\/logo\/image\/\"}}]}<\/script>\n<!-- \/ Yoast SEO plugin. -->","yoast_head_json":{"title":"Lavora con noi | Opportunit\u00e0 lavorative aperte","description":"Wildix \u00e8 alla ricerca di candidati predisposti a lavorare in team, con forti capacit\u00e0 di problem-solving. Scopri le opportunit\u00e0 lavorative aperte.","robots":{"index":"noindex","follow":"follow","max-snippet":"max-snippet:-1","max-image-preview":"max-image-preview:large","max-video-preview":"max-video-preview:-1"},"og_locale":"it_IT","og_type":"article","og_title":"Lavora con noi | Opportunit\u00e0 lavorative aperte","og_description":"Wildix \u00e8 alla ricerca di candidati predisposti a lavorare in team, con forti capacit\u00e0 di problem-solving. Scopri le opportunit\u00e0 lavorative aperte.","og_url":"https:\/\/old.wildix.com\/it\/lavora-con-noi-old\/","og_site_name":"Wildix","article_modified_time":"2022-06-24T13:29:48+00:00","twitter_card":"summary_large_image","twitter_misc":{"Tempo di lettura stimato":"2 minuti"},"schema":{"@context":"https:\/\/schema.org","@graph":[{"@type":"WebPage","@id":"https:\/\/old.wildix.com\/it\/lavora-con-noi-old\/","url":"https:\/\/old.wildix.com\/it\/lavora-con-noi-old\/","name":"Lavora con noi | Opportunit\u00e0 lavorative aperte","isPartOf":{"@id":"https:\/\/old.wildix.com\/#website"},"datePublished":"2018-04-26T13:20:50+00:00","dateModified":"2022-06-24T13:29:48+00:00","description":"Wildix \u00e8 alla ricerca di candidati predisposti a lavorare in team, con forti capacit\u00e0 di problem-solving. Scopri le opportunit\u00e0 lavorative aperte.","breadcrumb":{"@id":"https:\/\/old.wildix.com\/it\/lavora-con-noi-old\/#breadcrumb"},"inLanguage":"it-IT","potentialAction":[{"@type":"ReadAction","target":["https:\/\/old.wildix.com\/it\/lavora-con-noi-old\/"]}]},{"@type":"BreadcrumbList","@id":"https:\/\/old.wildix.com\/it\/lavora-con-noi-old\/#breadcrumb","itemListElement":[{"@type":"ListItem","position":1,"name":"Home","item":"https:\/\/old.wildix.com\/"},{"@type":"ListItem","position":2,"name":"Lavora con noi"}]},{"@type":"WebSite","@id":"https:\/\/old.wildix.com\/#website","url":"https:\/\/old.wildix.com\/","name":"Wildix","description":"Wildix PBX | VoIP Solutions | Unified Communications | WebRTC","publisher":{"@id":"https:\/\/old.wildix.com\/#organization"},"potentialAction":[{"@type":"SearchAction","target":{"@type":"EntryPoint","urlTemplate":"https:\/\/old.wildix.com\/?s={search_term_string}"},"query-input":"required name=search_term_string"}],"inLanguage":"it-IT"},{"@type":"Organization","@id":"https:\/\/old.wildix.com\/#organization","name":"Wildix","url":"https:\/\/old.wildix.com\/","logo":{"@type":"ImageObject","inLanguage":"it-IT","@id":"https:\/\/old.wildix.com\/#\/schema\/logo\/image\/","url":"https:\/\/old.wildix.com\/wp-content\/uploads\/2018\/04\/wildix-logo-2.png","contentUrl":"https:\/\/old.wildix.com\/wp-content\/uploads\/2018\/04\/wildix-logo-2.png","width":440,"height":200,"caption":"Wildix"},"image":{"@id":"https:\/\/old.wildix.com\/#\/schema\/logo\/image\/"}}]}},"_links":{"self":[{"href":"https:\/\/old.wildix.com\/it\/wp-json\/wp\/v2\/pages\/7812356"}],"collection":[{"href":"https:\/\/old.wildix.com\/it\/wp-json\/wp\/v2\/pages"}],"about":[{"href":"https:\/\/old.wildix.com\/it\/wp-json\/wp\/v2\/types\/page"}],"author":[{"embeddable":true,"href":"https:\/\/old.wildix.com\/it\/wp-json\/wp\/v2\/users\/1"}],"replies":[{"embeddable":true,"href":"https:\/\/old.wildix.com\/it\/wp-json\/wp\/v2\/comments?post=7812356"}],"version-history":[{"count":0,"href":"https:\/\/old.wildix.com\/it\/wp-json\/wp\/v2\/pages\/7812356\/revisions"}],"wp:attachment":[{"href":"https:\/\/old.wildix.com\/it\/wp-json\/wp\/v2\/media?parent=7812356"}],"curies":[{"name":"wp","href":"https:\/\/api.w.org\/{rel}","templated":true}]}}