{"id":7826250,"date":"2018-08-21T08:32:23","date_gmt":"2018-08-21T08:32:23","guid":{"rendered":"https:\/\/old2.wildix.com\/?page_id=7826250"},"modified":"2018-08-21T08:42:18","modified_gmt":"2018-08-21T08:42:18","slug":"gartner","status":"publish","type":"page","link":"https:\/\/old.wildix.com\/it\/gartner\/","title":{"rendered":"Gartner"},"content":{"rendered":"<section class=\"wpb-content-wrapper\">[mk_page_section bg_gradient=&#8221;left_top&#8221; video_color_mask=&#8221;#003366&#8243; gr_end=&#8221;#90f3f2&#8243; video_opacity=&#8221;0.9&#8243; min_height=&#8221;250&#8243; full_width=&#8221;true&#8221; padding_top=&#8221;0&#8243; padding_bottom=&#8221;0&#8243; sidebar=&#8221;sidebar-1&#8243; first_page=&#8221;false&#8221; last_page=&#8221;false&#8221;][vc_column][mk_padding_divider size=&#8221;120&#8243; visibility=&#8221;hidden-sm&#8221;][mk_padding_divider size=&#8221;70&#8243; visibility=&#8221;visible-sm&#8221;][mk_fancy_title tag_name=&#8221;h1&#8243; color=&#8221;#ffffff&#8221; size=&#8221;70&#8243; force_font_size=&#8221;true&#8221; size_smallscreen=&#8221;60&#8243; size_tablet=&#8221;50&#8243; size_phone=&#8221;40&#8243; font_weight=&#8221;300&#8243; font_style=&#8221;normal&#8221; txt_transform=&#8221;none&#8221; margin_bottom=&#8221;0&#8243; font_family=&#8221;none&#8221; align=&#8221;center&#8221;]Gartner[\/mk_fancy_title][mk_padding_divider size=&#8221;30&#8243;][\/vc_column][\/mk_page_section][vc_row][vc_column width=&#8221;1\/3&#8243;][mk_padding_divider size=&#8221;50&#8243;][mk_image src=&#8221;https:\/\/old.wildix.com\/wp-content\/uploads\/2018\/08\/gartner-logo.jpg&#8221; image_size=&#8221;full&#8221; frame_style=&#8221;single_line&#8221; align=&#8221;center&#8221; margin_bottom=&#8221;30&#8243;][mk_padding_divider size=&#8221;30&#8243; visibility=&#8221;hidden-sm&#8221;][\/vc_column][vc_column width=&#8221;2\/3&#8243;][mk_padding_divider size=&#8221;30&#8243;][mk_fancy_title size=&#8221;28&#8243; force_font_size=&#8221;true&#8221; size_smallscreen=&#8221;25&#8243; size_tablet=&#8221;25&#8243; size_phone=&#8221;20&#8243; txt_transform=&#8221;uppercase&#8221; margin_top=&#8221;20&#8243; margin_bottom=&#8221;10&#8243; font_family=&#8221;none&#8221;]GARTNER \u00c8 LA PRIMA SOCIET\u00c0 DI IT ADVISORY E RICERCA IN CAMPO INTERNAZIONALE. IL SUO CORE BUSINESS SI BASA SU UNA COMUNIT\u00c0 DI 900 ANALISTI.[\/mk_fancy_title][vc_column_text css=&#8221;.vc_custom_1534840890616{margin-bottom: 0px !important;}&#8221;]Wildix si avvale della collaborazione di Gartner per allineare la propria vision a quella della comunit\u00e0 dei suoi analisti.[\/vc_column_text][mk_padding_divider size=&#8221;30&#8243;][\/vc_column][\/vc_row]\n<\/section>","protected":false},"excerpt":{"rendered":"<p>[mk_page_section bg_gradient=&#8221;left_top&#8221; video_color_mask=&#8221;#003366&#8243; gr_end=&#8221;#90f3f2&#8243; video_opacity=&#8221;0.9&#8243; min_height=&#8221;250&#8243; full_width=&#8221;true&#8221; padding_top=&#8221;0&#8243; padding_bottom=&#8221;0&#8243; sidebar=&#8221;sidebar-1&#8243; first_page=&#8221;false&#8221; last_page=&#8221;false&#8221;][vc_column][mk_padding_divider size=&#8221;120&#8243; visibility=&#8221;hidden-sm&#8221;][mk_padding_divider size=&#8221;70&#8243; visibility=&#8221;visible-sm&#8221;][mk_fancy_title tag_name=&#8221;h1&#8243; color=&#8221;#ffffff&#8221; size=&#8221;70&#8243; force_font_size=&#8221;true&#8221; size_smallscreen=&#8221;60&#8243; size_tablet=&#8221;50&#8243; size_phone=&#8221;40&#8243; font_weight=&#8221;300&#8243; font_style=&#8221;normal&#8221; txt_transform=&#8221;none&#8221; margin_bottom=&#8221;0&#8243; font_family=&#8221;none&#8221; align=&#8221;center&#8221;]Gartner[\/mk_fancy_title][mk_padding_divider size=&#8221;30&#8243;][\/vc_column][\/mk_page_section][vc_row][vc_column width=&#8221;1\/3&#8243;][mk_padding_divider size=&#8221;50&#8243;][mk_image src=&#8221;https:\/\/old.wildix.com\/wp-content\/uploads\/2018\/08\/gartner-logo.jpg&#8221; image_size=&#8221;full&#8221; frame_style=&#8221;single_line&#8221; align=&#8221;center&#8221; margin_bottom=&#8221;30&#8243;][mk_padding_divider size=&#8221;30&#8243; visibility=&#8221;hidden-sm&#8221;][\/vc_column][vc_column width=&#8221;2\/3&#8243;][mk_padding_divider size=&#8221;30&#8243;][mk_fancy_title size=&#8221;28&#8243; force_font_size=&#8221;true&#8221; size_smallscreen=&#8221;25&#8243; size_tablet=&#8221;25&#8243; size_phone=&#8221;20&#8243; txt_transform=&#8221;uppercase&#8221; margin_top=&#8221;20&#8243; margin_bottom=&#8221;10&#8243; font_family=&#8221;none&#8221;]GARTNER \u00c8 LA PRIMA SOCIET\u00c0 DI [&hellip;]<\/p>\n","protected":false},"author":6,"featured_media":0,"parent":0,"menu_order":0,"comment_status":"closed","ping_status":"closed","template":"","meta":{"wpupg_custom_link":[],"wpupg_custom_link_behaviour":[],"wpupg_custom_image":[],"wpupg_custom_image_id":[],"footnotes":""},"acf":[],"yoast_head":"<!-- This site is optimized with the Yoast SEO plugin v21.8 - https:\/\/yoast.com\/wordpress\/plugins\/seo\/ -->\n<title>Gartner - Wildix<\/title>\n<meta name=\"description\" content=\"Wildix si avvale della collaborazione di Gartner per allineare la propria vision a quella della comunit\u00e0 dei suoi analisti.\" \/>\n<meta name=\"robots\" content=\"noindex, follow, max-snippet:-1, max-image-preview:large, max-video-preview:-1\" \/>\n<meta property=\"og:locale\" content=\"it_IT\" \/>\n<meta property=\"og:type\" content=\"article\" \/>\n<meta property=\"og:title\" content=\"Gartner - Wildix\" \/>\n<meta property=\"og:description\" content=\"Wildix si avvale della collaborazione di Gartner per allineare la propria vision a quella della comunit\u00e0 dei suoi analisti.\" \/>\n<meta property=\"og:url\" content=\"https:\/\/old.wildix.com\/it\/gartner\/\" \/>\n<meta property=\"og:site_name\" content=\"Wildix\" \/>\n<meta property=\"article:modified_time\" content=\"2018-08-21T08:42:18+00:00\" \/>\n<meta name=\"twitter:card\" content=\"summary_large_image\" \/>\n<meta name=\"twitter:label1\" content=\"Tempo di lettura stimato\" \/>\n\t<meta name=\"twitter:data1\" content=\"1 minuto\" \/>\n<script type=\"application\/ld+json\" class=\"yoast-schema-graph\">{\"@context\":\"https:\/\/schema.org\",\"@graph\":[{\"@type\":\"WebPage\",\"@id\":\"https:\/\/old.wildix.com\/it\/gartner\/\",\"url\":\"https:\/\/old.wildix.com\/it\/gartner\/\",\"name\":\"Gartner - Wildix\",\"isPartOf\":{\"@id\":\"https:\/\/old.wildix.com\/#website\"},\"datePublished\":\"2018-08-21T08:32:23+00:00\",\"dateModified\":\"2018-08-21T08:42:18+00:00\",\"description\":\"Wildix si avvale della collaborazione di Gartner per allineare la propria vision a quella della comunit\u00e0 dei suoi analisti.\",\"breadcrumb\":{\"@id\":\"https:\/\/old.wildix.com\/it\/gartner\/#breadcrumb\"},\"inLanguage\":\"it-IT\",\"potentialAction\":[{\"@type\":\"ReadAction\",\"target\":[\"https:\/\/old.wildix.com\/it\/gartner\/\"]}]},{\"@type\":\"BreadcrumbList\",\"@id\":\"https:\/\/old.wildix.com\/it\/gartner\/#breadcrumb\",\"itemListElement\":[{\"@type\":\"ListItem\",\"position\":1,\"name\":\"Home\",\"item\":\"https:\/\/old.wildix.com\/\"},{\"@type\":\"ListItem\",\"position\":2,\"name\":\"Gartner\"}]},{\"@type\":\"WebSite\",\"@id\":\"https:\/\/old.wildix.com\/#website\",\"url\":\"https:\/\/old.wildix.com\/\",\"name\":\"Wildix\",\"description\":\"Wildix PBX | VoIP Solutions | Unified Communications | WebRTC\",\"publisher\":{\"@id\":\"https:\/\/old.wildix.com\/#organization\"},\"potentialAction\":[{\"@type\":\"SearchAction\",\"target\":{\"@type\":\"EntryPoint\",\"urlTemplate\":\"https:\/\/old.wildix.com\/?s={search_term_string}\"},\"query-input\":\"required name=search_term_string\"}],\"inLanguage\":\"it-IT\"},{\"@type\":\"Organization\",\"@id\":\"https:\/\/old.wildix.com\/#organization\",\"name\":\"Wildix\",\"url\":\"https:\/\/old.wildix.com\/\",\"logo\":{\"@type\":\"ImageObject\",\"inLanguage\":\"it-IT\",\"@id\":\"https:\/\/old.wildix.com\/#\/schema\/logo\/image\/\",\"url\":\"https:\/\/old.wildix.com\/wp-content\/uploads\/2018\/04\/wildix-logo-2.png\",\"contentUrl\":\"https:\/\/old.wildix.com\/wp-content\/uploads\/2018\/04\/wildix-logo-2.png\",\"width\":440,\"height\":200,\"caption\":\"Wildix\"},\"image\":{\"@id\":\"https:\/\/old.wildix.com\/#\/schema\/logo\/image\/\"}}]}<\/script>\n<!-- \/ Yoast SEO plugin. -->","yoast_head_json":{"title":"Gartner - Wildix","description":"Wildix si avvale della collaborazione di Gartner per allineare la propria vision a quella della comunit\u00e0 dei suoi analisti.","robots":{"index":"noindex","follow":"follow","max-snippet":"max-snippet:-1","max-image-preview":"max-image-preview:large","max-video-preview":"max-video-preview:-1"},"og_locale":"it_IT","og_type":"article","og_title":"Gartner - Wildix","og_description":"Wildix si avvale della collaborazione di Gartner per allineare la propria vision a quella della comunit\u00e0 dei suoi analisti.","og_url":"https:\/\/old.wildix.com\/it\/gartner\/","og_site_name":"Wildix","article_modified_time":"2018-08-21T08:42:18+00:00","twitter_card":"summary_large_image","twitter_misc":{"Tempo di lettura stimato":"1 minuto"},"schema":{"@context":"https:\/\/schema.org","@graph":[{"@type":"WebPage","@id":"https:\/\/old.wildix.com\/it\/gartner\/","url":"https:\/\/old.wildix.com\/it\/gartner\/","name":"Gartner - Wildix","isPartOf":{"@id":"https:\/\/old.wildix.com\/#website"},"datePublished":"2018-08-21T08:32:23+00:00","dateModified":"2018-08-21T08:42:18+00:00","description":"Wildix si avvale della collaborazione di Gartner per allineare la propria vision a quella della comunit\u00e0 dei suoi analisti.","breadcrumb":{"@id":"https:\/\/old.wildix.com\/it\/gartner\/#breadcrumb"},"inLanguage":"it-IT","potentialAction":[{"@type":"ReadAction","target":["https:\/\/old.wildix.com\/it\/gartner\/"]}]},{"@type":"BreadcrumbList","@id":"https:\/\/old.wildix.com\/it\/gartner\/#breadcrumb","itemListElement":[{"@type":"ListItem","position":1,"name":"Home","item":"https:\/\/old.wildix.com\/"},{"@type":"ListItem","position":2,"name":"Gartner"}]},{"@type":"WebSite","@id":"https:\/\/old.wildix.com\/#website","url":"https:\/\/old.wildix.com\/","name":"Wildix","description":"Wildix PBX | VoIP Solutions | Unified Communications | WebRTC","publisher":{"@id":"https:\/\/old.wildix.com\/#organization"},"potentialAction":[{"@type":"SearchAction","target":{"@type":"EntryPoint","urlTemplate":"https:\/\/old.wildix.com\/?s={search_term_string}"},"query-input":"required name=search_term_string"}],"inLanguage":"it-IT"},{"@type":"Organization","@id":"https:\/\/old.wildix.com\/#organization","name":"Wildix","url":"https:\/\/old.wildix.com\/","logo":{"@type":"ImageObject","inLanguage":"it-IT","@id":"https:\/\/old.wildix.com\/#\/schema\/logo\/image\/","url":"https:\/\/old.wildix.com\/wp-content\/uploads\/2018\/04\/wildix-logo-2.png","contentUrl":"https:\/\/old.wildix.com\/wp-content\/uploads\/2018\/04\/wildix-logo-2.png","width":440,"height":200,"caption":"Wildix"},"image":{"@id":"https:\/\/old.wildix.com\/#\/schema\/logo\/image\/"}}]}},"_links":{"self":[{"href":"https:\/\/old.wildix.com\/it\/wp-json\/wp\/v2\/pages\/7826250"}],"collection":[{"href":"https:\/\/old.wildix.com\/it\/wp-json\/wp\/v2\/pages"}],"about":[{"href":"https:\/\/old.wildix.com\/it\/wp-json\/wp\/v2\/types\/page"}],"author":[{"embeddable":true,"href":"https:\/\/old.wildix.com\/it\/wp-json\/wp\/v2\/users\/6"}],"replies":[{"embeddable":true,"href":"https:\/\/old.wildix.com\/it\/wp-json\/wp\/v2\/comments?post=7826250"}],"version-history":[{"count":0,"href":"https:\/\/old.wildix.com\/it\/wp-json\/wp\/v2\/pages\/7826250\/revisions"}],"wp:attachment":[{"href":"https:\/\/old.wildix.com\/it\/wp-json\/wp\/v2\/media?parent=7826250"}],"curies":[{"name":"wp","href":"https:\/\/api.w.org\/{rel}","templated":true}]}}