{"id":7826700,"date":"2018-08-28T08:45:34","date_gmt":"2018-08-28T08:45:34","guid":{"rendered":"https:\/\/old2.wildix.com\/?page_id=7826700"},"modified":"2018-08-28T13:29:39","modified_gmt":"2018-08-28T13:29:39","slug":"w-pa-use-case","status":"publish","type":"page","link":"https:\/\/old.wildix.com\/it\/w-pa-use-case\/","title":{"rendered":"W-PA USE CASE"},"content":{"rendered":"<section class=\"wpb-content-wrapper\">[mk_page_section bg_gradient=&#8221;left_top&#8221; video_color_mask=&#8221;#003366&#8243; gr_end=&#8221;#90f3f2&#8243; video_opacity=&#8221;0.9&#8243; min_height=&#8221;250&#8243; full_width=&#8221;true&#8221; padding_top=&#8221;0&#8243; padding_bottom=&#8221;0&#8243; sidebar=&#8221;sidebar-1&#8243; first_page=&#8221;false&#8221; last_page=&#8221;false&#8221;][vc_column][mk_padding_divider size=&#8221;120&#8243; visibility=&#8221;hidden-sm&#8221;][mk_padding_divider size=&#8221;70&#8243; visibility=&#8221;visible-sm&#8221;][mk_fancy_title tag_name=&#8221;h1&#8243; color=&#8221;#ffffff&#8221; size=&#8221;70&#8243; force_font_size=&#8221;true&#8221; size_smallscreen=&#8221;60&#8243; size_tablet=&#8221;50&#8243; size_phone=&#8221;40&#8243; font_weight=&#8221;300&#8243; font_style=&#8221;normal&#8221; txt_transform=&#8221;none&#8221; margin_bottom=&#8221;0&#8243; font_family=&#8221;none&#8221; align=&#8221;center&#8221;]W-PA USE CASE[\/mk_fancy_title][mk_fancy_title tag_name=&#8221;span&#8221; color=&#8221;#ffffff&#8221; size=&#8221;24&#8243; force_font_size=&#8221;true&#8221; size_smallscreen=&#8221;22&#8243; size_tablet=&#8221;22&#8243; size_phone=&#8221;20&#8243; font_weight=&#8221;300&#8243; font_style=&#8221;normal&#8221; txt_transform=&#8221;none&#8221; margin_bottom=&#8221;0&#8243; font_family=&#8221;none&#8221; align=&#8221;center&#8221;]Non solo aeroporti, ospedali o supermercati:<br \/>\nscopri come si pu\u00f2 usare il W-PA anche in ambienti pi\u00f9 piccoli![\/mk_fancy_title][mk_padding_divider size=&#8221;30&#8243;][\/vc_column][\/mk_page_section][vc_row][vc_column width=&#8221;1\/2&#8243;][mk_padding_divider size=&#8221;80&#8243;][vc_column_text css=&#8221;.vc_custom_1535462864115{margin-bottom: 0px !important;}&#8221;]Il <b>Wildix Public Announcer<\/b> \u00e8 stato creato per diffondere annunci e comunicazioni in grandi ambienti come supermercati, aeroporti, ospedali.<\/p>\n<p>Ma il W-PA \u00e8 un prodotto cos\u00ec versatile che funziona anche in ambienti pi\u00f9 piccoli, come rivela il seguente esempio di utilizzo.<\/p>\n<p>Il partner Wildix Enecom ha installato con successo un W-PA nel garage dello <b>studio dentistico Gabriella Grassi.<\/b><\/p>\n<p>Il prestigioso studio (un locale di oltre 500 metri quadri) si trova in un condominio del centro storico di Potenza, dove le possibilit\u00e0 di parcheggio sono ridotte.<\/p>\n<p>Enecom ha progettato tutto il sistema di comunicazione del cliente per renderlo efficiente in ogni suo aspetto. Gli eleganti videotelefoni Vision per la reception e gli uffici, il cordless W-AIR per consentire la mobilit\u00e0 di dentisti e assistenti di poltrona all\u2019interno dello studio. All\u2019ingresso \u00e8 stato installato anche un videocitofono.<\/p>\n<p><b>Per i clienti che arrivano in auto Enecom ha perfezionato un sistema ancora pi\u00f9 efficiente: il dispositivo W-PA infatti aziona la serranda del garage riservato agli utenti dello studio dentistico \u00a0e nello stesso tempo \u00e8 collegato a due casse acustiche.<\/b><\/p>\n<p>La soluzione permette allo studio di verificare tramite il videocitofono l\u2019identit\u00e0 dei clienti e tramite il W-PA di aprire la serranda del garage e trasmettere messaggi vocali, come ad esempio dare indicazioni su come raggiungere lo studio dal garage oppure su dove spostare l&#8217;automobile per non ostruire il passaggio.<\/p>\n<p>Enecom ha potenziato quindi la comunicazione non solo all\u2019interno dello studio dentistico, che grazie al dispositivo W-PA pu\u00f2 gestire agilmente sia la serranda del piano sotterraneo sia le comunicazioni vocali con i clienti appena arrivati in garage, garantendo loro un\u2019assistenza a 360\u00b0.[\/vc_column_text][mk_padding_divider][\/vc_column][vc_column width=&#8221;1\/2&#8243;][mk_gallery images=&#8221;7818422,7826701,7826706&#8243; column=&#8221;1&#8243; image_size=&#8221;full&#8221;][mk_padding_divider][\/vc_column][\/vc_row]\n<\/section>","protected":false},"excerpt":{"rendered":"<p>[mk_page_section bg_gradient=&#8221;left_top&#8221; video_color_mask=&#8221;#003366&#8243; gr_end=&#8221;#90f3f2&#8243; video_opacity=&#8221;0.9&#8243; min_height=&#8221;250&#8243; full_width=&#8221;true&#8221; padding_top=&#8221;0&#8243; padding_bottom=&#8221;0&#8243; sidebar=&#8221;sidebar-1&#8243; first_page=&#8221;false&#8221; last_page=&#8221;false&#8221;][vc_column][mk_padding_divider size=&#8221;120&#8243; visibility=&#8221;hidden-sm&#8221;][mk_padding_divider size=&#8221;70&#8243; visibility=&#8221;visible-sm&#8221;][mk_fancy_title tag_name=&#8221;h1&#8243; color=&#8221;#ffffff&#8221; size=&#8221;70&#8243; force_font_size=&#8221;true&#8221; size_smallscreen=&#8221;60&#8243; size_tablet=&#8221;50&#8243; size_phone=&#8221;40&#8243; font_weight=&#8221;300&#8243; font_style=&#8221;normal&#8221; txt_transform=&#8221;none&#8221; margin_bottom=&#8221;0&#8243; font_family=&#8221;none&#8221; align=&#8221;center&#8221;]W-PA USE CASE[\/mk_fancy_title][mk_fancy_title tag_name=&#8221;span&#8221; color=&#8221;#ffffff&#8221; size=&#8221;24&#8243; force_font_size=&#8221;true&#8221; size_smallscreen=&#8221;22&#8243; size_tablet=&#8221;22&#8243; size_phone=&#8221;20&#8243; font_weight=&#8221;300&#8243; font_style=&#8221;normal&#8221; txt_transform=&#8221;none&#8221; margin_bottom=&#8221;0&#8243; font_family=&#8221;none&#8221; align=&#8221;center&#8221;]Non solo aeroporti, ospedali o supermercati: scopri come si pu\u00f2 usare il [&hellip;]<\/p>\n","protected":false},"author":6,"featured_media":0,"parent":0,"menu_order":0,"comment_status":"closed","ping_status":"closed","template":"","meta":{"wpupg_custom_link":[],"wpupg_custom_link_behaviour":[],"wpupg_custom_image":[],"wpupg_custom_image_id":[],"footnotes":""},"acf":[],"yoast_head":"<!-- This site is optimized with the Yoast SEO plugin v21.8 - https:\/\/yoast.com\/wordpress\/plugins\/seo\/ -->\n<title>W-PA Use Case - Wildix<\/title>\n<meta name=\"description\" content=\"Non solo aeroporti, ospedali o supermercati:scopri come si pu\u00f2 usare il W-PA anche in ambienti pi\u00f9 piccoli!\" \/>\n<meta name=\"robots\" content=\"noindex, follow, max-snippet:-1, max-image-preview:large, max-video-preview:-1\" \/>\n<meta property=\"og:locale\" content=\"it_IT\" \/>\n<meta property=\"og:type\" content=\"article\" \/>\n<meta property=\"og:title\" content=\"W-PA Use Case - Wildix\" \/>\n<meta property=\"og:description\" content=\"Non solo aeroporti, ospedali o supermercati:scopri come si pu\u00f2 usare il W-PA anche in ambienti pi\u00f9 piccoli!\" \/>\n<meta property=\"og:url\" content=\"https:\/\/old.wildix.com\/it\/w-pa-use-case\/\" \/>\n<meta property=\"og:site_name\" content=\"Wildix\" \/>\n<meta property=\"article:modified_time\" content=\"2018-08-28T13:29:39+00:00\" \/>\n<meta name=\"twitter:card\" content=\"summary_large_image\" \/>\n<meta name=\"twitter:label1\" content=\"Tempo di lettura stimato\" \/>\n\t<meta name=\"twitter:data1\" content=\"2 minuti\" \/>\n<script type=\"application\/ld+json\" class=\"yoast-schema-graph\">{\"@context\":\"https:\/\/schema.org\",\"@graph\":[{\"@type\":\"WebPage\",\"@id\":\"https:\/\/old.wildix.com\/it\/w-pa-use-case\/\",\"url\":\"https:\/\/old.wildix.com\/it\/w-pa-use-case\/\",\"name\":\"W-PA Use Case - Wildix\",\"isPartOf\":{\"@id\":\"https:\/\/old.wildix.com\/#website\"},\"datePublished\":\"2018-08-28T08:45:34+00:00\",\"dateModified\":\"2018-08-28T13:29:39+00:00\",\"description\":\"Non solo aeroporti, ospedali o supermercati:scopri come si pu\u00f2 usare il W-PA anche in ambienti pi\u00f9 piccoli!\",\"breadcrumb\":{\"@id\":\"https:\/\/old.wildix.com\/it\/w-pa-use-case\/#breadcrumb\"},\"inLanguage\":\"it-IT\",\"potentialAction\":[{\"@type\":\"ReadAction\",\"target\":[\"https:\/\/old.wildix.com\/it\/w-pa-use-case\/\"]}]},{\"@type\":\"BreadcrumbList\",\"@id\":\"https:\/\/old.wildix.com\/it\/w-pa-use-case\/#breadcrumb\",\"itemListElement\":[{\"@type\":\"ListItem\",\"position\":1,\"name\":\"Home\",\"item\":\"https:\/\/old.wildix.com\/\"},{\"@type\":\"ListItem\",\"position\":2,\"name\":\"W-PA USE CASE\"}]},{\"@type\":\"WebSite\",\"@id\":\"https:\/\/old.wildix.com\/#website\",\"url\":\"https:\/\/old.wildix.com\/\",\"name\":\"Wildix\",\"description\":\"Wildix PBX | VoIP Solutions | Unified Communications | WebRTC\",\"publisher\":{\"@id\":\"https:\/\/old.wildix.com\/#organization\"},\"potentialAction\":[{\"@type\":\"SearchAction\",\"target\":{\"@type\":\"EntryPoint\",\"urlTemplate\":\"https:\/\/old.wildix.com\/?s={search_term_string}\"},\"query-input\":\"required name=search_term_string\"}],\"inLanguage\":\"it-IT\"},{\"@type\":\"Organization\",\"@id\":\"https:\/\/old.wildix.com\/#organization\",\"name\":\"Wildix\",\"url\":\"https:\/\/old.wildix.com\/\",\"logo\":{\"@type\":\"ImageObject\",\"inLanguage\":\"it-IT\",\"@id\":\"https:\/\/old.wildix.com\/#\/schema\/logo\/image\/\",\"url\":\"https:\/\/old.wildix.com\/wp-content\/uploads\/2018\/04\/wildix-logo-2.png\",\"contentUrl\":\"https:\/\/old.wildix.com\/wp-content\/uploads\/2018\/04\/wildix-logo-2.png\",\"width\":440,\"height\":200,\"caption\":\"Wildix\"},\"image\":{\"@id\":\"https:\/\/old.wildix.com\/#\/schema\/logo\/image\/\"}}]}<\/script>\n<!-- \/ Yoast SEO plugin. -->","yoast_head_json":{"title":"W-PA Use Case - Wildix","description":"Non solo aeroporti, ospedali o supermercati:scopri come si pu\u00f2 usare il W-PA anche in ambienti pi\u00f9 piccoli!","robots":{"index":"noindex","follow":"follow","max-snippet":"max-snippet:-1","max-image-preview":"max-image-preview:large","max-video-preview":"max-video-preview:-1"},"og_locale":"it_IT","og_type":"article","og_title":"W-PA Use Case - Wildix","og_description":"Non solo aeroporti, ospedali o supermercati:scopri come si pu\u00f2 usare il W-PA anche in ambienti pi\u00f9 piccoli!","og_url":"https:\/\/old.wildix.com\/it\/w-pa-use-case\/","og_site_name":"Wildix","article_modified_time":"2018-08-28T13:29:39+00:00","twitter_card":"summary_large_image","twitter_misc":{"Tempo di lettura stimato":"2 minuti"},"schema":{"@context":"https:\/\/schema.org","@graph":[{"@type":"WebPage","@id":"https:\/\/old.wildix.com\/it\/w-pa-use-case\/","url":"https:\/\/old.wildix.com\/it\/w-pa-use-case\/","name":"W-PA Use Case - Wildix","isPartOf":{"@id":"https:\/\/old.wildix.com\/#website"},"datePublished":"2018-08-28T08:45:34+00:00","dateModified":"2018-08-28T13:29:39+00:00","description":"Non solo aeroporti, ospedali o supermercati:scopri come si pu\u00f2 usare il W-PA anche in ambienti pi\u00f9 piccoli!","breadcrumb":{"@id":"https:\/\/old.wildix.com\/it\/w-pa-use-case\/#breadcrumb"},"inLanguage":"it-IT","potentialAction":[{"@type":"ReadAction","target":["https:\/\/old.wildix.com\/it\/w-pa-use-case\/"]}]},{"@type":"BreadcrumbList","@id":"https:\/\/old.wildix.com\/it\/w-pa-use-case\/#breadcrumb","itemListElement":[{"@type":"ListItem","position":1,"name":"Home","item":"https:\/\/old.wildix.com\/"},{"@type":"ListItem","position":2,"name":"W-PA USE CASE"}]},{"@type":"WebSite","@id":"https:\/\/old.wildix.com\/#website","url":"https:\/\/old.wildix.com\/","name":"Wildix","description":"Wildix PBX | VoIP Solutions | Unified Communications | WebRTC","publisher":{"@id":"https:\/\/old.wildix.com\/#organization"},"potentialAction":[{"@type":"SearchAction","target":{"@type":"EntryPoint","urlTemplate":"https:\/\/old.wildix.com\/?s={search_term_string}"},"query-input":"required name=search_term_string"}],"inLanguage":"it-IT"},{"@type":"Organization","@id":"https:\/\/old.wildix.com\/#organization","name":"Wildix","url":"https:\/\/old.wildix.com\/","logo":{"@type":"ImageObject","inLanguage":"it-IT","@id":"https:\/\/old.wildix.com\/#\/schema\/logo\/image\/","url":"https:\/\/old.wildix.com\/wp-content\/uploads\/2018\/04\/wildix-logo-2.png","contentUrl":"https:\/\/old.wildix.com\/wp-content\/uploads\/2018\/04\/wildix-logo-2.png","width":440,"height":200,"caption":"Wildix"},"image":{"@id":"https:\/\/old.wildix.com\/#\/schema\/logo\/image\/"}}]}},"_links":{"self":[{"href":"https:\/\/old.wildix.com\/it\/wp-json\/wp\/v2\/pages\/7826700"}],"collection":[{"href":"https:\/\/old.wildix.com\/it\/wp-json\/wp\/v2\/pages"}],"about":[{"href":"https:\/\/old.wildix.com\/it\/wp-json\/wp\/v2\/types\/page"}],"author":[{"embeddable":true,"href":"https:\/\/old.wildix.com\/it\/wp-json\/wp\/v2\/users\/6"}],"replies":[{"embeddable":true,"href":"https:\/\/old.wildix.com\/it\/wp-json\/wp\/v2\/comments?post=7826700"}],"version-history":[{"count":0,"href":"https:\/\/old.wildix.com\/it\/wp-json\/wp\/v2\/pages\/7826700\/revisions"}],"wp:attachment":[{"href":"https:\/\/old.wildix.com\/it\/wp-json\/wp\/v2\/media?parent=7826700"}],"curies":[{"name":"wp","href":"https:\/\/api.w.org\/{rel}","templated":true}]}}