{"id":7917396,"date":"2022-04-18T11:41:30","date_gmt":"2022-04-18T11:41:30","guid":{"rendered":"https:\/\/old2.wildix.com\/wildix-values\/"},"modified":"2022-06-27T07:18:20","modified_gmt":"2022-06-27T07:18:20","slug":"i-valori-di-wildix","status":"publish","type":"page","link":"https:\/\/old.wildix.com\/it\/i-valori-di-wildix\/","title":{"rendered":"I Valori di Wildix"},"content":{"rendered":"\t\t<div data-elementor-type=\"wp-page\" data-elementor-id=\"7917396\" class=\"elementor elementor-7917396 elementor-7905337\">\n\t\t\t\t\t\t\t\t\t<section data-particle_enable=\"false\" data-particle-mobile-disabled=\"false\" class=\"elementor-section elementor-top-section elementor-element elementor-element-95a7eb7 elementor-section-boxed elementor-section-height-default elementor-section-height-default\" data-id=\"95a7eb7\" data-element_type=\"section\" data-settings=\"{&quot;background_background&quot;:&quot;classic&quot;,&quot;shape_divider_bottom&quot;:&quot;waves&quot;,&quot;shape_divider_bottom_negative&quot;:&quot;yes&quot;}\">\n\t\t\t\t\t\t\t<div class=\"elementor-background-overlay\"><\/div>\n\t\t\t\t\t\t<div class=\"elementor-shape elementor-shape-bottom\" data-negative=\"true\">\n\t\t\t<svg xmlns=\"http:\/\/www.w3.org\/2000\/svg\" viewBox=\"0 0 1000 100\" preserveAspectRatio=\"none\">\n\t<path class=\"elementor-shape-fill\" d=\"M790.5,93.1c-59.3-5.3-116.8-18-192.6-50c-29.6-12.7-76.9-31-100.5-35.9c-23.6-4.9-52.6-7.8-75.5-5.3\n\tc-10.2,1.1-22.6,1.4-50.1,7.4c-27.2,6.3-58.2,16.6-79.4,24.7c-41.3,15.9-94.9,21.9-134,22.6C72,58.2,0,25.8,0,25.8V100h1000V65.3\n\tc0,0-51.5,19.4-106.2,25.7C839.5,97,814.1,95.2,790.5,93.1z\"\/>\n<\/svg>\t\t<\/div>\n\t\t\t\t\t<div class=\"elementor-container elementor-column-gap-default\">\n\t\t\t\t\t<div class=\"elementor-column elementor-col-100 elementor-top-column elementor-element elementor-element-4f8239e\" data-id=\"4f8239e\" data-element_type=\"column\">\n\t\t\t<div class=\"elementor-widget-wrap elementor-element-populated\">\n\t\t\t\t\t\t\t\t<div class=\"elementor-element elementor-element-d48b2c1 elementor-widget elementor-widget-text-editor\" data-id=\"d48b2c1\" data-element_type=\"widget\" data-widget_type=\"text-editor.default\">\n\t\t\t\t<div class=\"elementor-widget-container\">\n\t\t\t\t\t\t\tI Valori di Wildix\t\t\t\t\t\t<\/div>\n\t\t\t\t<\/div>\n\t\t\t\t\t<\/div>\n\t\t<\/div>\n\t\t\t\t\t\t\t<\/div>\n\t\t<\/section>\n\t\t\t\t<section data-particle_enable=\"false\" data-particle-mobile-disabled=\"false\" class=\"elementor-section elementor-top-section elementor-element elementor-element-b3995cf elementor-section-boxed elementor-section-height-default elementor-section-height-default\" data-id=\"b3995cf\" data-element_type=\"section\">\n\t\t\t\t\t\t<div class=\"elementor-container elementor-column-gap-default\">\n\t\t\t\t\t<div class=\"elementor-column elementor-col-50 elementor-top-column elementor-element elementor-element-f6bd938\" data-id=\"f6bd938\" data-element_type=\"column\">\n\t\t\t<div class=\"elementor-widget-wrap elementor-element-populated\">\n\t\t\t\t\t\t\t\t<div class=\"elementor-element elementor-element-278dd15 elementor-widget elementor-widget-text-editor\" data-id=\"278dd15\" data-element_type=\"widget\" data-widget_type=\"text-editor.default\">\n\t\t\t\t<div class=\"elementor-widget-container\">\n\t\t\t\t\t\t\tIn Wildix ci occupiamo di comunicazione. Progettiamo modi per migliorare questo aspetto tra le aziende, ma non dimentichiamo l\u2019importanza di comunicare tra di noi.\n<\/br><\/br>\nCerchiamo modi innovativi di comunicare e, nel fare questo, pensiamo in grande, ma non perdiamo di vista le persone che lavorano per noi. La comunicazione funziona solo se \u00e8 efficace, empatica, rispettosa e utile: questo \u00e8 ci\u00f2 che la rende preziosa. \n\t\t\t\t\t\t<\/div>\n\t\t\t\t<\/div>\n\t\t\t\t\t<\/div>\n\t\t<\/div>\n\t\t\t\t<div class=\"elementor-column elementor-col-50 elementor-top-column elementor-element elementor-element-9e61fbb\" data-id=\"9e61fbb\" data-element_type=\"column\">\n\t\t\t<div class=\"elementor-widget-wrap elementor-element-populated\">\n\t\t\t\t\t\t\t\t<div class=\"elementor-element elementor-element-3aafcdc elementor-widget elementor-widget-image\" data-id=\"3aafcdc\" data-element_type=\"widget\" data-widget_type=\"image.default\">\n\t\t\t\t<div class=\"elementor-widget-container\">\n\t\t\t\t\t\t\t\t\t\t\t\t\t\t\t<img decoding=\"async\" src=\"https:\/\/old.wildix.com\/wp-content\/uploads\/2022\/04\/wildix-team-4.jpeg\" title=\"Wildix team\" alt=\"wildix team\" loading=\"lazy\" \/>\t\t\t\t\t\t\t\t\t\t\t\t\t\t\t<\/div>\n\t\t\t\t<\/div>\n\t\t\t\t\t<\/div>\n\t\t<\/div>\n\t\t\t\t\t\t\t<\/div>\n\t\t<\/section>\n\t\t\t\t<section data-particle_enable=\"false\" data-particle-mobile-disabled=\"false\" class=\"elementor-section elementor-top-section elementor-element elementor-element-0633abb elementor-reverse-mobile elementor-section-boxed elementor-section-height-default elementor-section-height-default\" data-id=\"0633abb\" data-element_type=\"section\">\n\t\t\t\t\t\t<div class=\"elementor-container elementor-column-gap-default\">\n\t\t\t\t\t<div class=\"elementor-column elementor-col-50 elementor-top-column elementor-element elementor-element-797a635\" data-id=\"797a635\" data-element_type=\"column\">\n\t\t\t<div class=\"elementor-widget-wrap elementor-element-populated\">\n\t\t\t\t\t\t\t\t<div class=\"elementor-element elementor-element-e2d46f9 elementor-widget elementor-widget-image\" data-id=\"e2d46f9\" data-element_type=\"widget\" data-widget_type=\"image.default\">\n\t\t\t\t<div class=\"elementor-widget-container\">\n\t\t\t\t\t\t\t\t\t\t\t\t\t\t\t<img decoding=\"async\" src=\"https:\/\/old.wildix.com\/wp-content\/uploads\/2021\/02\/mobile-apps-2.jpg\" title=\"Mobile Apps\" alt=\"Mobile Apps\" loading=\"lazy\" \/>\t\t\t\t\t\t\t\t\t\t\t\t\t\t\t<\/div>\n\t\t\t\t<\/div>\n\t\t\t\t\t<\/div>\n\t\t<\/div>\n\t\t\t\t<div class=\"elementor-column elementor-col-50 elementor-top-column elementor-element elementor-element-15790f6\" data-id=\"15790f6\" data-element_type=\"column\">\n\t\t\t<div class=\"elementor-widget-wrap elementor-element-populated\">\n\t\t\t\t\t\t\t\t<div class=\"elementor-element elementor-element-c5f8321 elementor-widget elementor-widget-text-editor\" data-id=\"c5f8321\" data-element_type=\"widget\" data-widget_type=\"text-editor.default\">\n\t\t\t\t<div class=\"elementor-widget-container\">\n\t\t\t\t\t\t\tConsiderando tutto questo, abbiamo creato quello che chiamiamo l\u2019Ecosistema Blu: \u00e8 il modo in cui i partner, gli utenti finali, l&#8217;azienda e i suoi dipendenti comunicano tra loro. Nell\u2019Ecosistema Blu lavoriamo tutti insieme per potenziare la comunicazione e migliorare la vita degli altri.\n<\/br><\/br>\nQuesto \u00e8, in definitiva, il fulcro della mission di Wildix.\n\t\t\t\t\t\t<\/div>\n\t\t\t\t<\/div>\n\t\t\t\t\t<\/div>\n\t\t<\/div>\n\t\t\t\t\t\t\t<\/div>\n\t\t<\/section>\n\t\t\t\t<section data-particle_enable=\"false\" data-particle-mobile-disabled=\"false\" class=\"elementor-section elementor-top-section elementor-element elementor-element-38d697d elementor-section-boxed elementor-section-height-default elementor-section-height-default\" data-id=\"38d697d\" data-element_type=\"section\">\n\t\t\t\t\t\t<div class=\"elementor-container elementor-column-gap-default\">\n\t\t\t\t\t<div class=\"elementor-column elementor-col-100 elementor-top-column elementor-element elementor-element-63a3e2d\" data-id=\"63a3e2d\" data-element_type=\"column\">\n\t\t\t<div class=\"elementor-widget-wrap elementor-element-populated\">\n\t\t\t\t\t\t\t\t<div class=\"elementor-element elementor-element-4fa9a3f elementor-widget elementor-widget-text-editor\" data-id=\"4fa9a3f\" data-element_type=\"widget\" data-widget_type=\"text-editor.default\">\n\t\t\t\t<div class=\"elementor-widget-container\">\n\t\t\t\t\t\t\tComunicazione ed Etica\t\t\t\t\t\t<\/div>\n\t\t\t\t<\/div>\n\t\t\t\t<div class=\"elementor-element elementor-element-29a0086 elementor-widget elementor-widget-text-editor\" data-id=\"29a0086\" data-element_type=\"widget\" data-widget_type=\"text-editor.default\">\n\t\t\t\t<div class=\"elementor-widget-container\">\n\t\t\t\t\t\t\tDa un grande potere derivano grandi responsabilit\u00e0: un modo di dire che viene usato da millenni in varie forme, e noi aggiungiamo anche che ci vogliono valori forti per creare qualcosa di valore. \t\t\t\t\t\t<\/div>\n\t\t\t\t<\/div>\n\t\t\t\t<div class=\"elementor-element elementor-element-6b110fd elementor-widget elementor-widget-eael-content-timeline\" data-id=\"6b110fd\" data-element_type=\"widget\" data-widget_type=\"eael-content-timeline.default\">\n\t\t\t\t<div class=\"elementor-widget-container\">\n\t\t\t\t\t<div id=\"eael-content-timeline-6b110fd\" class=\"content-timeline-layout-right date-position-outside horizontal-timeline-wrapper\" data-slide_to_scroll=\"{&quot;desktop&quot;:1,&quot;tablet&quot;:1,&quot;mobile&quot;:1}\">\n\t\t\t<div class=\"eael-content-timeline-container\">\n\t\t\t\t<div class=\"eael-content-timeline-container\">\n\t\t\t\t\t\t\t\t\t\t\t\t\t\t\t\t\t\t\t\t\t\t\t<div class=\"eael-content-timeline-block\">\n    <div class=\"eael-content-timeline-line\">\n        <div class=\"eael-content-timeline-inner\"><\/div>\n    <\/div>\n    <div class=\"eael-content-timeline-img eael-picture \"><i class=\"fas fa-angle-down\"><\/i><\/div><div class=\"eael-content-timeline-content\"><span class=\"eael-timeline-title\"><a href=\"\">Integrit\u00e0:<\/a><\/span><span style=\"font-weight: 400\">Dove saremmo senza integrit\u00e0? In poche parole, i nostri partner e utenti finali si aspettano che le loro comunicazioni funzionino senza problemi e senza compromettere i loro dati. Allo stesso modo, ci aspettiamo che i dipendenti e i partner operino in buona fede e siano onesti.<\/span><span class=\"eael-date\"><\/span><\/div><\/div>\t\t\t\t\t\t\t\t\t\t\t\t\t\t\t\t\t\t<div class=\"eael-content-timeline-block\">\n    <div class=\"eael-content-timeline-line\">\n        <div class=\"eael-content-timeline-inner\"><\/div>\n    <\/div>\n    <div class=\"eael-content-timeline-img eael-picture \"><i class=\"fas fa-angle-down\"><\/i><\/div><div class=\"eael-content-timeline-content\"><span class=\"eael-timeline-title\"><a href=\"\">Trasparenza:<\/a><\/span><span style=\"font-weight: 400\">Puntiamo a essere il pi\u00f9 trasparenti possibile, tenendo in considerazione la necessit\u00e0, da un lato, di proteggere i dati e, dall\u2019altro, di garantire i processi aziendali. Vogliamo essere chiari sui nostri obiettivi e sui feedback ricevuti.<\/span><span class=\"eael-date\"><\/span><\/div><\/div>\t\t\t\t\t\t\t\t\t\t\t\t\t\t\t\t\t\t<div class=\"eael-content-timeline-block\">\n    <div class=\"eael-content-timeline-line\">\n        <div class=\"eael-content-timeline-inner\"><\/div>\n    <\/div>\n    <div class=\"eael-content-timeline-img eael-picture \"><i class=\"fas fa-angle-down\"><\/i><\/div><div class=\"eael-content-timeline-content\"><span class=\"eael-timeline-title\"><a href=\"\">Apprendimento continuo:<\/a><\/span><span style=\"font-weight: 400\">La tecnologia si muove rapidamente e chi non cerca di ampliare le proprie conoscenze rimane indietro. Incoraggiamo tutti ad approfondire continuamente i propri interessi, ad ampliare la comprensione del proprio ruolo e a progredire nel proprio sviluppo.<\/span><span class=\"eael-date\"><\/span><\/div><\/div>\t\t\t\t\t\t\t\t\t\t\t\t\t\t\t\t\t\t<div class=\"eael-content-timeline-block\">\n    <div class=\"eael-content-timeline-line\">\n        <div class=\"eael-content-timeline-inner\"><\/div>\n    <\/div>\n    <div class=\"eael-content-timeline-img eael-picture \"><i class=\"fas fa-angle-down\"><\/i><\/div><div class=\"eael-content-timeline-content\"><span class=\"eael-timeline-title\"><a href=\"\">Apertura mentale:<\/a><\/span><span style=\"font-weight: 400\">Siamo tutti individui. Siamo tutti diversi. Per questo motivo, tutti noi dovremmo cercare di essere giusti, di trattarci con rispetto e di essere leali gli uni con gli altri. Questo significa sforzarsi di capire e apprezzare le differenze che ci rendono tutti pi\u00f9 forti.<\/span><span class=\"eael-date\"><\/span><\/div><\/div>\t\t\t\t\t\t\t\t\t\t\t\t\t\t\t\t\t\t<div class=\"eael-content-timeline-block\">\n    <div class=\"eael-content-timeline-line\">\n        <div class=\"eael-content-timeline-inner\"><\/div>\n    <\/div>\n    <div class=\"eael-content-timeline-img eael-picture \"><i class=\"fas fa-angle-down\"><\/i><\/div><div class=\"eael-content-timeline-content\"><span class=\"eael-timeline-title\"><a href=\"\">Passione:<\/a><\/span><span style=\"font-weight: 400\">In definitiva, siamo tutti qui perch\u00e9 vogliamo fare la differenza, ed \u00e8 qui che entra in gioco la passione. Una buona comunicazione ha il potere di cambiare il modo in cui le persone lavorano e vivono, e questo cambiamento pu\u00f2 essere in positivo. <\/span><span class=\"eael-date\"><\/span><\/div><\/div>\t\t\t\t<\/div>\n\t\t\t<\/div>\n\t\t<\/div>\n\t\t\t<\/div>\n\t\t\t\t<\/div>\n\t\t\t\t\t<\/div>\n\t\t<\/div>\n\t\t\t\t\t\t\t<\/div>\n\t\t<\/section>\n\t\t\t\t\t\t\t<\/div>\n\t\t","protected":false},"excerpt":{"rendered":"<p>I Valori di WildixIn Wildix ci occupiamo di comunicazione. Progettiamo modi per migliorare questo aspetto tra le aziende, ma non dimentichiamo l\u2019importanza di comunicare tra di noi. Cerchiamo modi innovativi di comunicare e, nel fare questo, pensiamo in grande, ma non perdiamo di vista le persone che lavorano per noi. La comunicazione funziona solo se [&hellip;]<\/p>\n","protected":false},"author":46,"featured_media":0,"parent":0,"menu_order":0,"comment_status":"closed","ping_status":"closed","template":"elementor_header_footer","meta":{"wpupg_custom_link":[],"wpupg_custom_link_behaviour":["default"],"wpupg_custom_image":[],"wpupg_custom_image_id":[],"footnotes":""},"acf":[],"yoast_head":"<!-- This site is optimized with the Yoast SEO plugin v21.8 - https:\/\/yoast.com\/wordpress\/plugins\/seo\/ -->\n<title>Valori Wildix | Wildix<\/title>\n<meta name=\"description\" content=\"Sosteniamo i membri del nostro team comportandoci in modo responsabile ed etico. I nostri valori garantiscono a tutti coloro che lavorano con e per noi un ambiente equo e sicuro.\" \/>\n<meta name=\"robots\" content=\"noindex, follow, max-snippet:-1, max-image-preview:large, max-video-preview:-1\" \/>\n<meta property=\"og:locale\" content=\"it_IT\" \/>\n<meta property=\"og:type\" content=\"article\" \/>\n<meta property=\"og:title\" content=\"Valori Wildix | Wildix\" \/>\n<meta property=\"og:description\" content=\"Sosteniamo i membri del nostro team comportandoci in modo responsabile ed etico. I nostri valori garantiscono a tutti coloro che lavorano con e per noi un ambiente equo e sicuro.\" \/>\n<meta property=\"og:url\" content=\"https:\/\/old.wildix.com\/it\/i-valori-di-wildix\/\" \/>\n<meta property=\"og:site_name\" content=\"Wildix\" \/>\n<meta property=\"article:modified_time\" content=\"2022-06-27T07:18:20+00:00\" \/>\n<meta property=\"og:image\" content=\"https:\/\/old.wildix.com\/wp-content\/uploads\/2022\/04\/wildix-team-4.jpeg\" \/>\n<meta name=\"twitter:card\" content=\"summary_large_image\" \/>\n<meta name=\"twitter:label1\" content=\"Tempo di lettura stimato\" \/>\n\t<meta name=\"twitter:data1\" content=\"3 minuti\" \/>\n<script type=\"application\/ld+json\" class=\"yoast-schema-graph\">{\"@context\":\"https:\/\/schema.org\",\"@graph\":[{\"@type\":\"WebPage\",\"@id\":\"https:\/\/old.wildix.com\/it\/i-valori-di-wildix\/\",\"url\":\"https:\/\/old.wildix.com\/it\/i-valori-di-wildix\/\",\"name\":\"Valori Wildix | Wildix\",\"isPartOf\":{\"@id\":\"https:\/\/old.wildix.com\/#website\"},\"datePublished\":\"2022-04-18T11:41:30+00:00\",\"dateModified\":\"2022-06-27T07:18:20+00:00\",\"description\":\"Sosteniamo i membri del nostro team comportandoci in modo responsabile ed etico. I nostri valori garantiscono a tutti coloro che lavorano con e per noi un ambiente equo e sicuro.\",\"breadcrumb\":{\"@id\":\"https:\/\/old.wildix.com\/it\/i-valori-di-wildix\/#breadcrumb\"},\"inLanguage\":\"it-IT\",\"potentialAction\":[{\"@type\":\"ReadAction\",\"target\":[\"https:\/\/old.wildix.com\/it\/i-valori-di-wildix\/\"]}]},{\"@type\":\"BreadcrumbList\",\"@id\":\"https:\/\/old.wildix.com\/it\/i-valori-di-wildix\/#breadcrumb\",\"itemListElement\":[{\"@type\":\"ListItem\",\"position\":1,\"name\":\"Home\",\"item\":\"https:\/\/old.wildix.com\/\"},{\"@type\":\"ListItem\",\"position\":2,\"name\":\"I Valori di Wildix\"}]},{\"@type\":\"WebSite\",\"@id\":\"https:\/\/old.wildix.com\/#website\",\"url\":\"https:\/\/old.wildix.com\/\",\"name\":\"Wildix\",\"description\":\"Wildix PBX | VoIP Solutions | Unified Communications | WebRTC\",\"publisher\":{\"@id\":\"https:\/\/old.wildix.com\/#organization\"},\"potentialAction\":[{\"@type\":\"SearchAction\",\"target\":{\"@type\":\"EntryPoint\",\"urlTemplate\":\"https:\/\/old.wildix.com\/?s={search_term_string}\"},\"query-input\":\"required name=search_term_string\"}],\"inLanguage\":\"it-IT\"},{\"@type\":\"Organization\",\"@id\":\"https:\/\/old.wildix.com\/#organization\",\"name\":\"Wildix\",\"url\":\"https:\/\/old.wildix.com\/\",\"logo\":{\"@type\":\"ImageObject\",\"inLanguage\":\"it-IT\",\"@id\":\"https:\/\/old.wildix.com\/#\/schema\/logo\/image\/\",\"url\":\"https:\/\/old.wildix.com\/wp-content\/uploads\/2018\/04\/wildix-logo-2.png\",\"contentUrl\":\"https:\/\/old.wildix.com\/wp-content\/uploads\/2018\/04\/wildix-logo-2.png\",\"width\":440,\"height\":200,\"caption\":\"Wildix\"},\"image\":{\"@id\":\"https:\/\/old.wildix.com\/#\/schema\/logo\/image\/\"}}]}<\/script>\n<!-- \/ Yoast SEO plugin. -->","yoast_head_json":{"title":"Valori Wildix | Wildix","description":"Sosteniamo i membri del nostro team comportandoci in modo responsabile ed etico. I nostri valori garantiscono a tutti coloro che lavorano con e per noi un ambiente equo e sicuro.","robots":{"index":"noindex","follow":"follow","max-snippet":"max-snippet:-1","max-image-preview":"max-image-preview:large","max-video-preview":"max-video-preview:-1"},"og_locale":"it_IT","og_type":"article","og_title":"Valori Wildix | Wildix","og_description":"Sosteniamo i membri del nostro team comportandoci in modo responsabile ed etico. I nostri valori garantiscono a tutti coloro che lavorano con e per noi un ambiente equo e sicuro.","og_url":"https:\/\/old.wildix.com\/it\/i-valori-di-wildix\/","og_site_name":"Wildix","article_modified_time":"2022-06-27T07:18:20+00:00","og_image":[{"url":"https:\/\/old.wildix.com\/wp-content\/uploads\/2022\/04\/wildix-team-4.jpeg"}],"twitter_card":"summary_large_image","twitter_misc":{"Tempo di lettura stimato":"3 minuti"},"schema":{"@context":"https:\/\/schema.org","@graph":[{"@type":"WebPage","@id":"https:\/\/old.wildix.com\/it\/i-valori-di-wildix\/","url":"https:\/\/old.wildix.com\/it\/i-valori-di-wildix\/","name":"Valori Wildix | Wildix","isPartOf":{"@id":"https:\/\/old.wildix.com\/#website"},"datePublished":"2022-04-18T11:41:30+00:00","dateModified":"2022-06-27T07:18:20+00:00","description":"Sosteniamo i membri del nostro team comportandoci in modo responsabile ed etico. I nostri valori garantiscono a tutti coloro che lavorano con e per noi un ambiente equo e sicuro.","breadcrumb":{"@id":"https:\/\/old.wildix.com\/it\/i-valori-di-wildix\/#breadcrumb"},"inLanguage":"it-IT","potentialAction":[{"@type":"ReadAction","target":["https:\/\/old.wildix.com\/it\/i-valori-di-wildix\/"]}]},{"@type":"BreadcrumbList","@id":"https:\/\/old.wildix.com\/it\/i-valori-di-wildix\/#breadcrumb","itemListElement":[{"@type":"ListItem","position":1,"name":"Home","item":"https:\/\/old.wildix.com\/"},{"@type":"ListItem","position":2,"name":"I Valori di Wildix"}]},{"@type":"WebSite","@id":"https:\/\/old.wildix.com\/#website","url":"https:\/\/old.wildix.com\/","name":"Wildix","description":"Wildix PBX | VoIP Solutions | Unified Communications | WebRTC","publisher":{"@id":"https:\/\/old.wildix.com\/#organization"},"potentialAction":[{"@type":"SearchAction","target":{"@type":"EntryPoint","urlTemplate":"https:\/\/old.wildix.com\/?s={search_term_string}"},"query-input":"required name=search_term_string"}],"inLanguage":"it-IT"},{"@type":"Organization","@id":"https:\/\/old.wildix.com\/#organization","name":"Wildix","url":"https:\/\/old.wildix.com\/","logo":{"@type":"ImageObject","inLanguage":"it-IT","@id":"https:\/\/old.wildix.com\/#\/schema\/logo\/image\/","url":"https:\/\/old.wildix.com\/wp-content\/uploads\/2018\/04\/wildix-logo-2.png","contentUrl":"https:\/\/old.wildix.com\/wp-content\/uploads\/2018\/04\/wildix-logo-2.png","width":440,"height":200,"caption":"Wildix"},"image":{"@id":"https:\/\/old.wildix.com\/#\/schema\/logo\/image\/"}}]}},"_links":{"self":[{"href":"https:\/\/old.wildix.com\/it\/wp-json\/wp\/v2\/pages\/7917396"}],"collection":[{"href":"https:\/\/old.wildix.com\/it\/wp-json\/wp\/v2\/pages"}],"about":[{"href":"https:\/\/old.wildix.com\/it\/wp-json\/wp\/v2\/types\/page"}],"author":[{"embeddable":true,"href":"https:\/\/old.wildix.com\/it\/wp-json\/wp\/v2\/users\/46"}],"replies":[{"embeddable":true,"href":"https:\/\/old.wildix.com\/it\/wp-json\/wp\/v2\/comments?post=7917396"}],"version-history":[{"count":0,"href":"https:\/\/old.wildix.com\/it\/wp-json\/wp\/v2\/pages\/7917396\/revisions"}],"wp:attachment":[{"href":"https:\/\/old.wildix.com\/it\/wp-json\/wp\/v2\/media?parent=7917396"}],"curies":[{"name":"wp","href":"https:\/\/api.w.org\/{rel}","templated":true}]}}