{"id":7917414,"date":"2022-04-18T15:46:15","date_gmt":"2022-04-18T15:46:15","guid":{"rendered":"https:\/\/old2.wildix.com\/why-wildix\/"},"modified":"2022-06-24T11:59:40","modified_gmt":"2022-06-24T11:59:40","slug":"perche-wildix","status":"publish","type":"page","link":"https:\/\/old.wildix.com\/it\/perche-wildix\/","title":{"rendered":"Perch\u00e8 Wildix?"},"content":{"rendered":"\t\t<div data-elementor-type=\"wp-page\" data-elementor-id=\"7917414\" class=\"elementor elementor-7917414 elementor-7905501\">\n\t\t\t\t\t\t\t\t\t<section data-particle_enable=\"false\" data-particle-mobile-disabled=\"false\" class=\"elementor-section elementor-top-section elementor-element elementor-element-05e6749 elementor-section-boxed elementor-section-height-default elementor-section-height-default\" data-id=\"05e6749\" data-element_type=\"section\" data-settings=\"{&quot;background_background&quot;:&quot;classic&quot;,&quot;shape_divider_bottom&quot;:&quot;waves&quot;,&quot;shape_divider_bottom_negative&quot;:&quot;yes&quot;}\">\n\t\t\t\t\t\t\t<div class=\"elementor-background-overlay\"><\/div>\n\t\t\t\t\t\t<div class=\"elementor-shape elementor-shape-bottom\" data-negative=\"true\">\n\t\t\t<svg xmlns=\"http:\/\/www.w3.org\/2000\/svg\" viewBox=\"0 0 1000 100\" preserveAspectRatio=\"none\">\n\t<path class=\"elementor-shape-fill\" d=\"M790.5,93.1c-59.3-5.3-116.8-18-192.6-50c-29.6-12.7-76.9-31-100.5-35.9c-23.6-4.9-52.6-7.8-75.5-5.3\n\tc-10.2,1.1-22.6,1.4-50.1,7.4c-27.2,6.3-58.2,16.6-79.4,24.7c-41.3,15.9-94.9,21.9-134,22.6C72,58.2,0,25.8,0,25.8V100h1000V65.3\n\tc0,0-51.5,19.4-106.2,25.7C839.5,97,814.1,95.2,790.5,93.1z\"\/>\n<\/svg>\t\t<\/div>\n\t\t\t\t\t<div class=\"elementor-container elementor-column-gap-default\">\n\t\t\t\t\t<div class=\"elementor-column elementor-col-100 elementor-top-column elementor-element elementor-element-d90fc73\" data-id=\"d90fc73\" data-element_type=\"column\">\n\t\t\t<div class=\"elementor-widget-wrap elementor-element-populated\">\n\t\t\t\t\t\t\t\t<div class=\"elementor-element elementor-element-b6b9b8d elementor-widget elementor-widget-text-editor\" data-id=\"b6b9b8d\" data-element_type=\"widget\" data-widget_type=\"text-editor.default\">\n\t\t\t\t<div class=\"elementor-widget-container\">\n\t\t\t\t\t\t\tPerch\u00e8 Wildix? \t\t\t\t\t\t<\/div>\n\t\t\t\t<\/div>\n\t\t\t\t\t<\/div>\n\t\t<\/div>\n\t\t\t\t\t\t\t<\/div>\n\t\t<\/section>\n\t\t\t\t<section data-particle_enable=\"false\" data-particle-mobile-disabled=\"false\" class=\"elementor-section elementor-top-section elementor-element elementor-element-635b319 elementor-section-boxed elementor-section-height-default elementor-section-height-default\" data-id=\"635b319\" data-element_type=\"section\">\n\t\t\t\t\t\t<div class=\"elementor-container elementor-column-gap-default\">\n\t\t\t\t\t<div class=\"elementor-column elementor-col-50 elementor-top-column elementor-element elementor-element-4a34642\" data-id=\"4a34642\" data-element_type=\"column\">\n\t\t\t<div class=\"elementor-widget-wrap elementor-element-populated\">\n\t\t\t\t\t\t\t\t<div class=\"elementor-element elementor-element-8ac0254 elementor-widget elementor-widget-text-editor\" data-id=\"8ac0254\" data-element_type=\"widget\" data-widget_type=\"text-editor.default\">\n\t\t\t\t<div class=\"elementor-widget-container\">\n\t\t\t\t\t\t\tLavorare con Wildix significa essere in prima linea quando si parla di rete di comunicazioni globali. Forniamo uno dei migliori sistemi di comunicazione sul mercato con prodotti che persino i nostri rivali riconoscono essere una minaccia per i loro ecosistemi.\t\t\t\t\t\t<\/div>\n\t\t\t\t<\/div>\n\t\t\t\t<div class=\"elementor-element elementor-element-4558370 elementor-widget elementor-widget-text-editor\" data-id=\"4558370\" data-element_type=\"widget\" data-widget_type=\"text-editor.default\">\n\t\t\t\t<div class=\"elementor-widget-container\">\n\t\t\t\t\t\t\t\u00c8 fantastico lavorare con noi.\nRicerchiamo l&#8217;innovazione, puntiamo a prestazioni elevate, ci poniamo delle sfide.\n\t\t\t\t\t\t<\/div>\n\t\t\t\t<\/div>\n\t\t\t\t<div class=\"elementor-element elementor-element-885861d elementor-widget elementor-widget-text-editor\" data-id=\"885861d\" data-element_type=\"widget\" data-widget_type=\"text-editor.default\">\n\t\t\t\t<div class=\"elementor-widget-container\">\n\t\t\t\t\t\t\tRiconosciamo, per\u00f2, che esiste un lato umano per i nostri dipendenti: le persone fanno delle scelte personali, si assumono rischi che non sempre danno buoni frutti e, a volte, falliscono in modo spettacolare.\t\t\t\t\t\t<\/div>\n\t\t\t\t<\/div>\n\t\t\t\t<div class=\"elementor-element elementor-element-3b1749c elementor-widget elementor-widget-text-editor\" data-id=\"3b1749c\" data-element_type=\"widget\" data-widget_type=\"text-editor.default\">\n\t\t\t\t<div class=\"elementor-widget-container\">\n\t\t\t\t\t\t\tE va bene cos\u00ec!\t\t\t\t\t\t<\/div>\n\t\t\t\t<\/div>\n\t\t\t\t<div class=\"elementor-element elementor-element-016dd57 elementor-widget elementor-widget-text-editor\" data-id=\"016dd57\" data-element_type=\"widget\" data-widget_type=\"text-editor.default\">\n\t\t\t\t<div class=\"elementor-widget-container\">\n\t\t\t\t\t\t\tFinch\u00e9 si agisce in buona fede, in linea con i propri valori, si otterr\u00e0 una buona dose di libert\u00e0 nel proprio lavoro. Avrete inoltre accesso a uno dei migliori software di comunicazione e collaborazione con cui lavorare.  \t\t\t\t\t\t<\/div>\n\t\t\t\t<\/div>\n\t\t\t\t\t<\/div>\n\t\t<\/div>\n\t\t\t\t<div class=\"elementor-column elementor-col-50 elementor-top-column elementor-element elementor-element-6a64a54\" data-id=\"6a64a54\" data-element_type=\"column\" data-settings=\"{&quot;background_background&quot;:&quot;classic&quot;}\">\n\t\t\t<div class=\"elementor-widget-wrap elementor-element-populated\">\n\t\t\t\t\t\t\t\t<section data-particle_enable=\"false\" data-particle-mobile-disabled=\"false\" class=\"elementor-section elementor-inner-section elementor-element elementor-element-631ea69 elementor-section-boxed elementor-section-height-default elementor-section-height-default\" data-id=\"631ea69\" data-element_type=\"section\">\n\t\t\t\t\t\t<div class=\"elementor-container elementor-column-gap-default\">\n\t\t\t\t\t<div class=\"elementor-column elementor-col-50 elementor-inner-column elementor-element elementor-element-d7aafdb\" data-id=\"d7aafdb\" data-element_type=\"column\" data-settings=\"{&quot;background_background&quot;:&quot;classic&quot;}\">\n\t\t\t<div class=\"elementor-widget-wrap elementor-element-populated\">\n\t\t\t\t\t\t\t\t<div class=\"elementor-element elementor-element-406fd5e elementor-position-top elementor-widget elementor-widget-image-box\" data-id=\"406fd5e\" data-element_type=\"widget\" data-widget_type=\"image-box.default\">\n\t\t\t\t<div class=\"elementor-widget-container\">\n\t\t\t<div class=\"elementor-image-box-wrapper\"><figure class=\"elementor-image-box-img\"><img decoding=\"async\" width=\"150\" height=\"150\" src=\"https:\/\/old.wildix.com\/wp-content\/uploads\/2022\/05\/learning.png\" class=\"attachment-full size-full wp-image-7914406\" alt=\"\" srcset=\"https:\/\/old.wildix.com\/wp-content\/uploads\/2022\/05\/learning.png 150w, https:\/\/old.wildix.com\/wp-content\/uploads\/2022\/05\/learning-300x300.png 300w\" sizes=\"(max-width: 150px) 100vw, 150px\" \/><\/figure><div class=\"elementor-image-box-content\"><h3 class=\"elementor-image-box-title\">Incoraggiamo<\/br>l'apprendimento<\/h3><\/div><\/div>\t\t<\/div>\n\t\t\t\t<\/div>\n\t\t\t\t\t<\/div>\n\t\t<\/div>\n\t\t\t\t<div class=\"elementor-column elementor-col-50 elementor-inner-column elementor-element elementor-element-f9bf5ed\" data-id=\"f9bf5ed\" data-element_type=\"column\" data-settings=\"{&quot;background_background&quot;:&quot;classic&quot;}\">\n\t\t\t<div class=\"elementor-widget-wrap elementor-element-populated\">\n\t\t\t\t\t\t\t\t<div class=\"elementor-element elementor-element-21baed3 elementor-position-top elementor-widget elementor-widget-image-box\" data-id=\"21baed3\" data-element_type=\"widget\" data-widget_type=\"image-box.default\">\n\t\t\t\t<div class=\"elementor-widget-container\">\n\t\t\t<div class=\"elementor-image-box-wrapper\"><figure class=\"elementor-image-box-img\"><img decoding=\"async\" width=\"150\" height=\"150\" src=\"https:\/\/old.wildix.com\/wp-content\/uploads\/2022\/05\/passion.png\" class=\"attachment-full size-full wp-image-7914408\" alt=\"\" srcset=\"https:\/\/old.wildix.com\/wp-content\/uploads\/2022\/05\/passion.png 150w, https:\/\/old.wildix.com\/wp-content\/uploads\/2022\/05\/passion-300x300.png 300w\" sizes=\"(max-width: 150px) 100vw, 150px\" \/><\/figure><div class=\"elementor-image-box-content\"><h3 class=\"elementor-image-box-title\">Incoraggiamo<br\/>la passione<\/h3><\/div><\/div>\t\t<\/div>\n\t\t\t\t<\/div>\n\t\t\t\t\t<\/div>\n\t\t<\/div>\n\t\t\t\t\t\t\t<\/div>\n\t\t<\/section>\n\t\t\t\t<section data-particle_enable=\"false\" data-particle-mobile-disabled=\"false\" class=\"elementor-section elementor-inner-section elementor-element elementor-element-f89d3c4 elementor-section-boxed elementor-section-height-default elementor-section-height-default\" data-id=\"f89d3c4\" data-element_type=\"section\">\n\t\t\t\t\t\t<div class=\"elementor-container elementor-column-gap-default\">\n\t\t\t\t\t<div class=\"elementor-column elementor-col-100 elementor-inner-column elementor-element elementor-element-cab9742\" data-id=\"cab9742\" data-element_type=\"column\" data-settings=\"{&quot;background_background&quot;:&quot;classic&quot;}\">\n\t\t\t<div class=\"elementor-widget-wrap elementor-element-populated\">\n\t\t\t\t\t\t\t\t<div class=\"elementor-element elementor-element-2c1f043 elementor-position-top elementor-widget elementor-widget-image-box\" data-id=\"2c1f043\" data-element_type=\"widget\" data-widget_type=\"image-box.default\">\n\t\t\t\t<div class=\"elementor-widget-container\">\n\t\t\t<div class=\"elementor-image-box-wrapper\"><figure class=\"elementor-image-box-img\"><img decoding=\"async\" width=\"150\" height=\"150\" src=\"https:\/\/old.wildix.com\/wp-content\/uploads\/2022\/05\/development.png\" class=\"attachment-full size-full wp-image-7914412\" alt=\"\" srcset=\"https:\/\/old.wildix.com\/wp-content\/uploads\/2022\/05\/development.png 150w, https:\/\/old.wildix.com\/wp-content\/uploads\/2022\/05\/development-300x300.png 300w\" sizes=\"(max-width: 150px) 100vw, 150px\" \/><\/figure><div class=\"elementor-image-box-content\"><h3 class=\"elementor-image-box-title\">Incoraggiamo<br\/>lo sviluppo<\/h3><\/div><\/div>\t\t<\/div>\n\t\t\t\t<\/div>\n\t\t\t\t\t<\/div>\n\t\t<\/div>\n\t\t\t\t\t\t\t<\/div>\n\t\t<\/section>\n\t\t\t\t\t<\/div>\n\t\t<\/div>\n\t\t\t\t\t\t\t<\/div>\n\t\t<\/section>\n\t\t\t\t<section data-particle_enable=\"false\" data-particle-mobile-disabled=\"false\" class=\"elementor-section elementor-top-section elementor-element elementor-element-b23c96f elementor-section-boxed elementor-section-height-default elementor-section-height-default\" data-id=\"b23c96f\" data-element_type=\"section\" data-settings=\"{&quot;background_background&quot;:&quot;classic&quot;}\">\n\t\t\t\t\t\t<div class=\"elementor-container elementor-column-gap-default\">\n\t\t\t\t\t<div class=\"elementor-column elementor-col-100 elementor-top-column elementor-element elementor-element-ee43d03\" data-id=\"ee43d03\" data-element_type=\"column\">\n\t\t\t<div class=\"elementor-widget-wrap elementor-element-populated\">\n\t\t\t\t\t\t\t\t<div class=\"elementor-element elementor-element-b539cc6 elementor-widget elementor-widget-text-editor\" data-id=\"b539cc6\" data-element_type=\"widget\" data-widget_type=\"text-editor.default\">\n\t\t\t\t<div class=\"elementor-widget-container\">\n\t\t\t\t\t\t\t<span style=\"font-weight: 600;\">Mentre noi cresciamo, voi crescerete con noi.<\/span>\t\t\t\t\t\t<\/div>\n\t\t\t\t<\/div>\n\t\t\t\t<div class=\"elementor-element elementor-element-7a48ba1 elementor-widget elementor-widget-text-editor\" data-id=\"7a48ba1\" data-element_type=\"widget\" data-widget_type=\"text-editor.default\">\n\t\t\t\t<div class=\"elementor-widget-container\">\n\t\t\t\t\t\t\t<span style=\"font-weight: 400;\">Abbiamo dipendenti che sono passati dal ricoprire posizioni di livello base alla gestione di sezioni proprie, e altri che hanno iniziato come partner e sono stati inseriti in Wildix per fornire conoscenze essenziali nell&#8217;ambito delle loro competenze. <\/span>\t\t\t\t\t\t<\/div>\n\t\t\t\t<\/div>\n\t\t\t\t\t<\/div>\n\t\t<\/div>\n\t\t\t\t\t\t\t<\/div>\n\t\t<\/section>\n\t\t\t\t<section data-particle_enable=\"false\" data-particle-mobile-disabled=\"false\" class=\"elementor-section elementor-top-section elementor-element elementor-element-22cc3d3 elementor-section-boxed elementor-section-height-default elementor-section-height-default\" data-id=\"22cc3d3\" data-element_type=\"section\">\n\t\t\t\t\t\t<div class=\"elementor-container elementor-column-gap-default\">\n\t\t\t\t\t<div class=\"elementor-column elementor-col-50 elementor-top-column elementor-element elementor-element-9cb7a1a\" data-id=\"9cb7a1a\" data-element_type=\"column\">\n\t\t\t<div class=\"elementor-widget-wrap elementor-element-populated\">\n\t\t\t\t\t\t\t\t<div class=\"elementor-element elementor-element-b88b19e elementor-widget elementor-widget-image\" data-id=\"b88b19e\" data-element_type=\"widget\" data-widget_type=\"image.default\">\n\t\t\t\t<div class=\"elementor-widget-container\">\n\t\t\t\t\t\t\t\t\t\t\t\t\t\t\t<img loading=\"lazy\" decoding=\"async\" width=\"1000\" height=\"667\" src=\"https:\/\/old.wildix.com\/wp-content\/uploads\/2022\/04\/video-conference-1-1-min.jpg\" class=\"attachment-full size-full wp-image-7906205\" alt=\"wildix team\" srcset=\"https:\/\/old.wildix.com\/wp-content\/uploads\/2022\/04\/video-conference-1-1-min.jpg 1000w, https:\/\/old.wildix.com\/wp-content\/uploads\/2022\/04\/video-conference-1-1-min-300x200.jpg 300w, https:\/\/old.wildix.com\/wp-content\/uploads\/2022\/04\/video-conference-1-1-min-768x512.jpg 768w\" sizes=\"(max-width: 1000px) 100vw, 1000px\" \/>\t\t\t\t\t\t\t\t\t\t\t\t\t\t\t<\/div>\n\t\t\t\t<\/div>\n\t\t\t\t\t<\/div>\n\t\t<\/div>\n\t\t\t\t<div class=\"elementor-column elementor-col-50 elementor-top-column elementor-element elementor-element-6ddea9f\" data-id=\"6ddea9f\" data-element_type=\"column\">\n\t\t\t<div class=\"elementor-widget-wrap elementor-element-populated\">\n\t\t\t\t\t\t\t\t<div class=\"elementor-element elementor-element-a882eb5 elementor-widget elementor-widget-text-editor\" data-id=\"a882eb5\" data-element_type=\"widget\" data-widget_type=\"text-editor.default\">\n\t\t\t\t<div class=\"elementor-widget-container\">\n\t\t\t\t\t\t\tInoltre, applichiamo i principi di pari opportunit\u00e0 alla nostra strategia di assunzione, vietando la discriminazione basata sulla fede, sulla razza, sull\u2019origine etnica, sul sesso, sull\u2019et\u00e0 o sulle preferenze sessuali, tra le altre&nbsp;cose.\t\t\t\t\t\t<\/div>\n\t\t\t\t<\/div>\n\t\t\t\t<div class=\"elementor-element elementor-element-d985afb elementor-widget elementor-widget-text-editor\" data-id=\"d985afb\" data-element_type=\"widget\" data-widget_type=\"text-editor.default\">\n\t\t\t\t<div class=\"elementor-widget-container\">\n\t\t\t\t\t\t\tLe possibilit\u00e0 sono quasi infinite. <span style=\"font-weight: 400;\">E anche i benefit sono piuttosto buoni, comprendendo pacchetti competitivi a seconda del luogo in cui vi trovate e del ruolo che ricoprite.<\/span>\n\n<\/br><\/br>\n<a href=\"https:\/\/old.wildix.com\/it\/careers\/\" target=\"_blank\" rel=\"noopener\"><span style=\"text-decoration: underline;\"><strong>Quindi, che cosa avete intenzione di fare?<\/strong><\/span><\/a>\t\t\t\t\t\t<\/div>\n\t\t\t\t<\/div>\n\t\t\t\t\t<\/div>\n\t\t<\/div>\n\t\t\t\t\t\t\t<\/div>\n\t\t<\/section>\n\t\t\t\t\t\t\t<\/div>\n\t\t","protected":false},"excerpt":{"rendered":"<p>Perch\u00e8 Wildix? Lavorare con Wildix significa essere in prima linea quando si parla di rete di comunicazioni globali. Forniamo uno dei migliori sistemi di comunicazione sul mercato con prodotti che persino i nostri rivali riconoscono essere una minaccia per i loro ecosistemi.\u00c8 fantastico lavorare con noi. Ricerchiamo l&#8217;innovazione, puntiamo a prestazioni elevate, ci poniamo delle [&hellip;]<\/p>\n","protected":false},"author":46,"featured_media":0,"parent":0,"menu_order":0,"comment_status":"closed","ping_status":"closed","template":"elementor_header_footer","meta":{"wpupg_custom_link":[],"wpupg_custom_link_behaviour":["default"],"wpupg_custom_image":[],"wpupg_custom_image_id":[],"footnotes":""},"acf":[],"yoast_head":"<!-- This site is optimized with the Yoast SEO plugin v21.8 - https:\/\/yoast.com\/wordpress\/plugins\/seo\/ -->\n<title>Perch\u00e8 Wildix | Wildix<\/title>\n<meta name=\"description\" content=\"Wildix offre un\u2019ampia gamma di opportunit\u00e0 e un ambiente di lavoro fantastico. Scopri perch\u00e9 dovresti lavorare con noi oggi stesso.\" \/>\n<meta name=\"robots\" content=\"noindex, follow, max-snippet:-1, max-image-preview:large, max-video-preview:-1\" \/>\n<meta property=\"og:locale\" content=\"it_IT\" \/>\n<meta property=\"og:type\" content=\"article\" \/>\n<meta property=\"og:title\" content=\"Perch\u00e8 Wildix | Wildix\" \/>\n<meta property=\"og:description\" content=\"Wildix offre un\u2019ampia gamma di opportunit\u00e0 e un ambiente di lavoro fantastico. Scopri perch\u00e9 dovresti lavorare con noi oggi stesso.\" \/>\n<meta property=\"og:url\" content=\"https:\/\/old.wildix.com\/it\/perche-wildix\/\" \/>\n<meta property=\"og:site_name\" content=\"Wildix\" \/>\n<meta property=\"article:modified_time\" content=\"2022-06-24T11:59:40+00:00\" \/>\n<meta property=\"og:image\" content=\"https:\/\/old.wildix.com\/wp-content\/uploads\/2022\/05\/learning.png\" \/>\n<meta name=\"twitter:card\" content=\"summary_large_image\" \/>\n<meta name=\"twitter:label1\" content=\"Tempo di lettura stimato\" \/>\n\t<meta name=\"twitter:data1\" content=\"3 minuti\" \/>\n<script type=\"application\/ld+json\" class=\"yoast-schema-graph\">{\"@context\":\"https:\/\/schema.org\",\"@graph\":[{\"@type\":\"WebPage\",\"@id\":\"https:\/\/old.wildix.com\/it\/perche-wildix\/\",\"url\":\"https:\/\/old.wildix.com\/it\/perche-wildix\/\",\"name\":\"Perch\u00e8 Wildix | Wildix\",\"isPartOf\":{\"@id\":\"https:\/\/old.wildix.com\/#website\"},\"datePublished\":\"2022-04-18T15:46:15+00:00\",\"dateModified\":\"2022-06-24T11:59:40+00:00\",\"description\":\"Wildix offre un\u2019ampia gamma di opportunit\u00e0 e un ambiente di lavoro fantastico. Scopri perch\u00e9 dovresti lavorare con noi oggi stesso.\",\"breadcrumb\":{\"@id\":\"https:\/\/old.wildix.com\/it\/perche-wildix\/#breadcrumb\"},\"inLanguage\":\"it-IT\",\"potentialAction\":[{\"@type\":\"ReadAction\",\"target\":[\"https:\/\/old.wildix.com\/it\/perche-wildix\/\"]}]},{\"@type\":\"BreadcrumbList\",\"@id\":\"https:\/\/old.wildix.com\/it\/perche-wildix\/#breadcrumb\",\"itemListElement\":[{\"@type\":\"ListItem\",\"position\":1,\"name\":\"Home\",\"item\":\"https:\/\/old.wildix.com\/\"},{\"@type\":\"ListItem\",\"position\":2,\"name\":\"Perch\u00e8 Wildix?\"}]},{\"@type\":\"WebSite\",\"@id\":\"https:\/\/old.wildix.com\/#website\",\"url\":\"https:\/\/old.wildix.com\/\",\"name\":\"Wildix\",\"description\":\"Wildix PBX | VoIP Solutions | Unified Communications | WebRTC\",\"publisher\":{\"@id\":\"https:\/\/old.wildix.com\/#organization\"},\"potentialAction\":[{\"@type\":\"SearchAction\",\"target\":{\"@type\":\"EntryPoint\",\"urlTemplate\":\"https:\/\/old.wildix.com\/?s={search_term_string}\"},\"query-input\":\"required name=search_term_string\"}],\"inLanguage\":\"it-IT\"},{\"@type\":\"Organization\",\"@id\":\"https:\/\/old.wildix.com\/#organization\",\"name\":\"Wildix\",\"url\":\"https:\/\/old.wildix.com\/\",\"logo\":{\"@type\":\"ImageObject\",\"inLanguage\":\"it-IT\",\"@id\":\"https:\/\/old.wildix.com\/#\/schema\/logo\/image\/\",\"url\":\"https:\/\/old.wildix.com\/wp-content\/uploads\/2018\/04\/wildix-logo-2.png\",\"contentUrl\":\"https:\/\/old.wildix.com\/wp-content\/uploads\/2018\/04\/wildix-logo-2.png\",\"width\":440,\"height\":200,\"caption\":\"Wildix\"},\"image\":{\"@id\":\"https:\/\/old.wildix.com\/#\/schema\/logo\/image\/\"}}]}<\/script>\n<!-- \/ Yoast SEO plugin. -->","yoast_head_json":{"title":"Perch\u00e8 Wildix | Wildix","description":"Wildix offre un\u2019ampia gamma di opportunit\u00e0 e un ambiente di lavoro fantastico. Scopri perch\u00e9 dovresti lavorare con noi oggi stesso.","robots":{"index":"noindex","follow":"follow","max-snippet":"max-snippet:-1","max-image-preview":"max-image-preview:large","max-video-preview":"max-video-preview:-1"},"og_locale":"it_IT","og_type":"article","og_title":"Perch\u00e8 Wildix | Wildix","og_description":"Wildix offre un\u2019ampia gamma di opportunit\u00e0 e un ambiente di lavoro fantastico. Scopri perch\u00e9 dovresti lavorare con noi oggi stesso.","og_url":"https:\/\/old.wildix.com\/it\/perche-wildix\/","og_site_name":"Wildix","article_modified_time":"2022-06-24T11:59:40+00:00","og_image":[{"url":"https:\/\/old.wildix.com\/wp-content\/uploads\/2022\/05\/learning.png"}],"twitter_card":"summary_large_image","twitter_misc":{"Tempo di lettura stimato":"3 minuti"},"schema":{"@context":"https:\/\/schema.org","@graph":[{"@type":"WebPage","@id":"https:\/\/old.wildix.com\/it\/perche-wildix\/","url":"https:\/\/old.wildix.com\/it\/perche-wildix\/","name":"Perch\u00e8 Wildix | Wildix","isPartOf":{"@id":"https:\/\/old.wildix.com\/#website"},"datePublished":"2022-04-18T15:46:15+00:00","dateModified":"2022-06-24T11:59:40+00:00","description":"Wildix offre un\u2019ampia gamma di opportunit\u00e0 e un ambiente di lavoro fantastico. Scopri perch\u00e9 dovresti lavorare con noi oggi stesso.","breadcrumb":{"@id":"https:\/\/old.wildix.com\/it\/perche-wildix\/#breadcrumb"},"inLanguage":"it-IT","potentialAction":[{"@type":"ReadAction","target":["https:\/\/old.wildix.com\/it\/perche-wildix\/"]}]},{"@type":"BreadcrumbList","@id":"https:\/\/old.wildix.com\/it\/perche-wildix\/#breadcrumb","itemListElement":[{"@type":"ListItem","position":1,"name":"Home","item":"https:\/\/old.wildix.com\/"},{"@type":"ListItem","position":2,"name":"Perch\u00e8 Wildix?"}]},{"@type":"WebSite","@id":"https:\/\/old.wildix.com\/#website","url":"https:\/\/old.wildix.com\/","name":"Wildix","description":"Wildix PBX | VoIP Solutions | Unified Communications | WebRTC","publisher":{"@id":"https:\/\/old.wildix.com\/#organization"},"potentialAction":[{"@type":"SearchAction","target":{"@type":"EntryPoint","urlTemplate":"https:\/\/old.wildix.com\/?s={search_term_string}"},"query-input":"required name=search_term_string"}],"inLanguage":"it-IT"},{"@type":"Organization","@id":"https:\/\/old.wildix.com\/#organization","name":"Wildix","url":"https:\/\/old.wildix.com\/","logo":{"@type":"ImageObject","inLanguage":"it-IT","@id":"https:\/\/old.wildix.com\/#\/schema\/logo\/image\/","url":"https:\/\/old.wildix.com\/wp-content\/uploads\/2018\/04\/wildix-logo-2.png","contentUrl":"https:\/\/old.wildix.com\/wp-content\/uploads\/2018\/04\/wildix-logo-2.png","width":440,"height":200,"caption":"Wildix"},"image":{"@id":"https:\/\/old.wildix.com\/#\/schema\/logo\/image\/"}}]}},"_links":{"self":[{"href":"https:\/\/old.wildix.com\/it\/wp-json\/wp\/v2\/pages\/7917414"}],"collection":[{"href":"https:\/\/old.wildix.com\/it\/wp-json\/wp\/v2\/pages"}],"about":[{"href":"https:\/\/old.wildix.com\/it\/wp-json\/wp\/v2\/types\/page"}],"author":[{"embeddable":true,"href":"https:\/\/old.wildix.com\/it\/wp-json\/wp\/v2\/users\/46"}],"replies":[{"embeddable":true,"href":"https:\/\/old.wildix.com\/it\/wp-json\/wp\/v2\/comments?post=7917414"}],"version-history":[{"count":0,"href":"https:\/\/old.wildix.com\/it\/wp-json\/wp\/v2\/pages\/7917414\/revisions"}],"wp:attachment":[{"href":"https:\/\/old.wildix.com\/it\/wp-json\/wp\/v2\/media?parent=7917414"}],"curies":[{"name":"wp","href":"https:\/\/api.w.org\/{rel}","templated":true}]}}