{"id":7839176,"date":"2015-04-30T12:29:41","date_gmt":"2015-04-30T12:29:41","guid":{"rendered":"https:\/\/old2.wildix.com\/?page_id=7839176"},"modified":"2020-08-31T08:46:46","modified_gmt":"2020-08-31T08:46:46","slug":"unified-communications","status":"publish","type":"page","link":"https:\/\/old.wildix.com\/sv\/unified-communications\/","title":{"rendered":"Unified Communications &#8211; Samordnad kommunikation"},"content":{"rendered":"<section class=\"wpb-content-wrapper\">[mk_page_section bg_color=&#8221;#003366&#8243; video_color_mask=&#8221;#003366&#8243; video_opacity=&#8221;0.9&#8243; min_height=&#8221;250&#8243; full_width=&#8221;true&#8221; padding_top=&#8221;0&#8243; padding_bottom=&#8221;0&#8243; sidebar=&#8221;sidebar-1&#8243; first_page=&#8221;false&#8221; last_page=&#8221;false&#8221;][vc_column][mk_padding_divider size=&#8221;120&#8243; visibility=&#8221;hidden-sm&#8221;][mk_padding_divider size=&#8221;70&#8243; visibility=&#8221;visible-sm&#8221;][mk_fancy_title tag_name=&#8221;h1&#8243; color=&#8221;#ffffff&#8221; size=&#8221;70&#8243; force_font_size=&#8221;true&#8221; size_smallscreen=&#8221;60&#8243; size_tablet=&#8221;50&#8243; size_phone=&#8221;40&#8243; font_weight=&#8221;300&#8243; font_style=&#8221;normal&#8221; txt_transform=&#8221;none&#8221; margin_bottom=&#8221;0&#8243; font_family=&#8221;none&#8221; align=&#8221;center&#8221;]Unified Communications[\/mk_fancy_title][mk_fancy_title tag_name=&#8221;span&#8221; color=&#8221;#ffffff&#8221; size=&#8221;24&#8243; force_font_size=&#8221;true&#8221; size_smallscreen=&#8221;22&#8243; size_tablet=&#8221;22&#8243; size_phone=&#8221;20&#8243; font_weight=&#8221;300&#8243; font_style=&#8221;normal&#8221; txt_transform=&#8221;none&#8221; margin_bottom=&#8221;0&#8243; font_family=&#8221;none&#8221; align=&#8221;center&#8221;]Samordnad kommunikation som \u00e4r bra f\u00f6r <em>ditt<\/em> f\u00f6retag[\/mk_fancy_title][mk_padding_divider size=&#8221;30&#8243;][\/vc_column][\/mk_page_section][vc_row][vc_column width=&#8221;1\/6&#8243;][\/vc_column][vc_column width=&#8221;2\/3&#8243;][mk_padding_divider size=&#8221;50&#8243;][vc_column_text css=&#8221;.vc_custom_1598863294726{margin-bottom: 0px !important;}&#8221;]Wildix Unified Communications och Collaboration-l\u00f6sningar garanterar den b\u00e4sta anv\u00e4ndarupplevelsen genom <strong>ett enda webbgr\u00e4nssnitt f\u00f6r att hantera intern och extern kommunikation \u00f6ver flertalet kanaler<\/strong>, inklusive:<\/p>\n<ul>\n<li>Samordnad kommunikation g\u00f6r det m\u00f6jligt att effektivisera dagliga arbetsuppgifter, boosta arbetsplatsens produktivitet, \u00f6ka de anst\u00e4lldas engagemang och f\u00f6rb\u00e4ttra kundtj\u00e4nst.<\/li>\n<\/ul>\n<ul>\n<li>Unified Communication (UC) optimerar aff\u00e4rsprocesser och minskar resekostnader genom att anv\u00e4nda sig av videokonferenser, och \u2013 tack vare att det \u00e4r mobilt \u2013 garanterar att anst\u00e4llda \u00e4r tillg\u00e4ngliga.<\/li>\n<\/ul>\n[\/vc_column_text][mk_padding_divider size=&#8221;30&#8243;][\/vc_column][vc_column width=&#8221;1\/6&#8243;][\/vc_column][\/vc_row][vc_row fullwidth=&#8221;true&#8221; fullwidth_content=&#8221;false&#8221; equal_columns=&#8221;true&#8221; column_padding=&#8221;4&#8243; css=&#8221;.vc_custom_1561559465675{border-top-width: 10px !important;border-right-width: 10px !important;border-bottom-width: 10px !important;border-left-width: 10px !important;padding-top: 25px !important;padding-right: 10px !important;padding-bottom: 10px !important;padding-left: 10px !important;background-color: #f6f6f6 !important;border-left-color: #ffffff !important;border-right-color: #ffffff !important;border-top-color: #ffffff !important;border-bottom-color: #ffffff !important;}&#8221;][vc_column width=&#8221;1\/3&#8243;][vc_column_text css=&#8221;.vc_custom_1598863316918{margin-bottom: 0px !important;}&#8221;]<strong>Realtidskommunikation<\/strong> med interna och externa anv\u00e4ndare: videosamtal, konferenser, sk\u00e4rmdelning, f\u00f6retagschatt.[\/vc_column_text][\/vc_column][vc_column width=&#8221;1\/3&#8243;][vc_column_text css=&#8221;.vc_custom_1564172992068{margin-bottom: 0px !important;}&#8221;]<strong>Onlinetillg\u00e5ng fr\u00e5n vilken enhet som helst till delade telefonb\u00f6cker och n\u00e4rvaroinformation<\/strong>: PC, skrivbordstelefoner, tr\u00e5dl\u00f6sa telefoner, mobiltelefoner.[\/vc_column_text][\/vc_column][vc_column width=&#8221;1\/3&#8243;][vc_column_text css=&#8221;.vc_custom_1598863347649{margin-bottom: 0px !important;}&#8221;]Helt och h\u00e5llet <strong>webbaserat och intuitivt<\/strong> gr\u00e4nssnitt f\u00f6r <strong>samarbete<\/strong> tillg\u00e4ngligt i webbl\u00e4saren. Ingen utbildning kr\u00e4vs f\u00f6r slutanv\u00e4ndaren.[\/vc_column_text][\/vc_column][\/vc_row][vc_row fullwidth=&#8221;true&#8221;][vc_column][mk_padding_divider size=&#8221;70&#8243;][\/vc_column][\/vc_row][vc_row fullwidth=&#8221;true&#8221; equal_columns=&#8221;true&#8221;][vc_column][mk_gallery images=&#8221;7838128,7836665,7836002&#8243; height=&#8221;300&#8243; hover_scenarios=&#8221;slow_zoom&#8221; item_spacing=&#8221;5&#8243; margin_bottom=&#8221;0&#8243; orderby=&#8221;post__in&#8221;][\/vc_column][\/vc_row][vc_row fullwidth=&#8221;true&#8221;][vc_column][mk_padding_divider size=&#8221;70&#8243;][\/vc_column][\/vc_row][vc_row][vc_column][mk_padding_divider size=&#8221;50&#8243;][mk_font_icons icon=&#8221;mk-icon-gears&#8221; color=&#8221;#dd9933&#8243; size=&#8221;large&#8221; margin_vertical=&#8221;15&#8243; align=&#8221;center&#8221;][mk_ornamental_title font_family=&#8221;none&#8221; font_size=&#8221;25&#8243; font_weight=&#8221;400&#8243; txt_transform=&#8221;uppercase&#8221; ornament_style=&#8221;norman-short-single&#8221; nss_align=&#8221;center&#8221; ornament_color=&#8221;#dd9933&#8243; ornament_thickness=&#8221;2&#8243;]Integration med mjukvara och appar[\/mk_ornamental_title][vc_row_inner][vc_column_inner width=&#8221;1\/2&#8243;][vc_column_text css=&#8221;.vc_custom_1598863555552{margin-bottom: 0px !important;}&#8221;]Kommunikationsstyrda aff\u00e4rsprocesser: Wildix UC-l\u00f6sningar tr\u00e4der in i aff\u00e4rsprocessen f\u00f6r att f\u00f6rb\u00e4ttra effektiviteten p\u00e5 arbetsplatsen och ditt teams produktivitet.<br \/>\n<strong>Wildix UC-l\u00f6sning<\/strong>\u00a0integreras med mjukvaran och de appar som anv\u00e4nds av f\u00f6retaget (CRM, ERP) f\u00f6r att s\u00e4kerst\u00e4lla en robust och p\u00e5litlig infrastruktur som \u00e4r enkelt att etablera och underh\u00e5lla.[\/vc_column_text][\/vc_column_inner][vc_column_inner width=&#8221;1\/2&#8243;][mk_custom_list style=&#8221;mk-moon-link&#8221; icon_color=&#8221;#dd9933&#8243; margin_bottom=&#8221;50&#8243; align=&#8221;left&#8221;]\n<ul>\n<li><a href=\"\/sv\/wildix-collaboration\/\"><strong>Collaboration<\/strong>: N\u00e4rvaro, chatt, ljud- och videosamtal, fax, skrivbordsdelning, fil\u00f6verf\u00f6ring<\/a><\/li>\n<li><a href=\"\/sv\/ubiconf-webrtc-videokonferens\/\"><strong>Videokonferenser<\/strong> f\u00f6r interna och externa anv\u00e4ndare, baserat p\u00e5 WebRTC<\/a><\/li>\n<li><a href=\"\/sv\/tapi-integrationer\/\"><strong>Windows TAPI och WebAPI<\/strong>: integration med mjukvara och webbapplikationer<\/a><\/li>\n<\/ul>\n[\/mk_custom_list][\/vc_column_inner][\/vc_row_inner][mk_padding_divider size=&#8221;50&#8243;][\/vc_column][\/vc_row][vc_row][vc_column][mk_font_icons icon=&#8221;mk-moon-mobile-2&#8243; color=&#8221;#dd9933&#8243; size=&#8221;large&#8221; margin_vertical=&#8221;15&#8243; align=&#8221;center&#8221;][mk_ornamental_title font_family=&#8221;none&#8221; font_size=&#8221;25&#8243; font_weight=&#8221;400&#8243; txt_transform=&#8221;uppercase&#8221; ornament_style=&#8221;norman-short-single&#8221; nss_align=&#8221;center&#8221; ornament_color=&#8221;#dd9933&#8243; ornament_thickness=&#8221;2&#8243;]Bring Your Own Device: <strong>BYOD<\/strong>[\/mk_ornamental_title][vc_row_inner][vc_column_inner width=&#8221;1\/2&#8243;][vc_column_text css=&#8221;.vc_custom_1567440570288{margin-bottom: 0px !important;}&#8221;]Bring Your Own Device &#8211; Ta med din egen enhet: Wildix \u00e4r redo f\u00f6r att att BOYD-strategin implementeras. Dina anst\u00e4llda kan ha tillg\u00e5ng till UC-tj\u00e4nsterna fr\u00e5n sina<strong>\u00a0personliga smartphones och plattor<\/strong>.[\/vc_column_text][\/vc_column_inner][vc_column_inner width=&#8221;1\/2&#8243;][mk_custom_list style=&#8221;mk-moon-link&#8221; icon_color=&#8221;#dd9933&#8243; margin_bottom=&#8221;50&#8243; align=&#8221;left&#8221;]\n<ul>\n<li><a href=\"\/sv\/mobilappar\/\"><strong>Smartphone-appar<\/strong><\/a><\/li>\n<li><a href=\"\/sv\/mobilitet\/\"><strong>Mobilitet f\u00f6r F\u00f6retag<\/strong>: <\/a><a href=\"\/sv\/mobilitet\/\">du kan n\u00e5s p\u00e5 din mobil p\u00e5 samma telefonnummer<\/a><\/li>\n<\/ul>\n[\/mk_custom_list][\/vc_column_inner][\/vc_row_inner][mk_padding_divider size=&#8221;50&#8243;][\/vc_column][\/vc_row][vc_row][vc_column][mk_font_icons icon=&#8221;mk-moon-chart&#8221; color=&#8221;#dd9933&#8243; size=&#8221;large&#8221; margin_vertical=&#8221;15&#8243; align=&#8221;center&#8221;][mk_ornamental_title font_family=&#8221;none&#8221; font_size=&#8221;25&#8243; font_weight=&#8221;400&#8243; txt_transform=&#8221;uppercase&#8221; ornament_style=&#8221;norman-short-single&#8221; nss_align=&#8221;center&#8221; ornament_color=&#8221;#dd9933&#8243; ornament_thickness=&#8221;2&#8243;]Samtalstrafikanalys: BEVAKNING OCH RAPPORTERING[\/mk_ornamental_title][vc_row_inner][vc_column_inner width=&#8221;1\/2&#8243;][vc_column_text css=&#8221;.vc_custom_1566952844498{margin-bottom: 0px !important;}&#8221;]Utan kontroll och analys finns det ingen strategi. Wildix erbjuder dig <strong>SLA-statistik och verktyg f\u00f6r att \u00f6vervaka samtalsaktivitet i realtid<\/strong>.[\/vc_column_text][\/vc_column_inner][vc_column_inner width=&#8221;1\/2&#8243;][mk_custom_list style=&#8221;mk-moon-link&#8221; icon_color=&#8221;#dd9933&#8243; margin_bottom=&#8221;50&#8243; align=&#8221;left&#8221;]\n<ul>\n<li><a href=\"\/sv\/overvakning-rapportering\/\"><strong>Bevakning och rapportering<\/strong>: detaljerad trafik- och kostnadsanalys, SLA-statistik.<\/a><\/li>\n<\/ul>\n[\/mk_custom_list][\/vc_column_inner][\/vc_row_inner][mk_padding_divider size=&#8221;50&#8243;][\/vc_column][\/vc_row][vc_row][vc_column][mk_font_icons icon=&#8221;mk-moon-phone-2&#8243; color=&#8221;#dd9933&#8243; size=&#8221;large&#8221; margin_vertical=&#8221;15&#8243; align=&#8221;center&#8221;][mk_ornamental_title font_family=&#8221;none&#8221; font_size=&#8221;25&#8243; font_weight=&#8221;400&#8243; txt_transform=&#8221;uppercase&#8221; ornament_style=&#8221;norman-short-single&#8221; nss_align=&#8221;center&#8221; ornament_color=&#8221;#dd9933&#8243; ornament_thickness=&#8221;2&#8243;]Den mest kompletta VoIP-l\u00f6sningen[\/mk_ornamental_title][vc_row_inner][vc_column_inner width=&#8221;1\/2&#8243;][vc_column_text css=&#8221;.vc_custom_1566952915116{margin-bottom: 0px !important;}&#8221;]Wildix \u00e4r en komplett <strong>SIP\/XMPP- och UC-l\u00f6sning, \u00e4ven f\u00f6r f\u00f6retag som finns p\u00e5 flera platser<\/strong>.[\/vc_column_text][\/vc_column_inner][vc_column_inner width=&#8221;1\/2&#8243;][mk_custom_list style=&#8221;mk-moon-link&#8221; icon_color=&#8221;#dd9933&#8243; margin_bottom=&#8221;50&#8243; align=&#8221;left&#8221;]\n<ul>\n<li><a href=\"\/sv\/cloud-voip-pbx\/\">Cloud VoIP PBX<\/a><\/li>\n<li><a href=\"\/sv\/voip-telefoner-horlurar\/\">VoIP-telefoner<\/a><\/li>\n<li><a href=\"\/sv\/w-air-tradlos-telefon\/\">VoIP-telefonen W-AIR<\/a><\/li>\n<li><a href=\"\/sv\/switchar-extenders-poe\/\">Switchar och Extender PoE<\/a><\/li>\n<li><a href=\"\/sv\/media-gateways-sip-pa\/\">Media gateways<\/a><\/li>\n<\/ul>\n[\/mk_custom_list][\/vc_column_inner][\/vc_row_inner][mk_padding_divider size=&#8221;50&#8243;][\/vc_column][\/vc_row][vc_row fullwidth=&#8221;true&#8221; fullwidth_content=&#8221;false&#8221; css=&#8221;.vc_custom_1563980243307{background-color: #003366 !important;}&#8221;][vc_column][mk_padding_divider][vc_row_inner][vc_column_inner width=&#8221;1\/2&#8243;][mk_button dimension=&#8221;flat&#8221; corner_style=&#8221;rounded&#8221; size=&#8221;large&#8221; icon=&#8221;mk-moon-arrow-left&#8221; icon_anim=&#8221;side&#8221; url=&#8221;\/sv\/ucc-losningar\/&#8221; align=&#8221;right&#8221; button_custom_width=&#8221;200&#8243; bg_color=&#8221;#dd9933&#8243; btn_hover_txt_color=&#8221;#ffffff&#8221;]F\u00f6reg\u00e5ende[\/mk_button][\/vc_column_inner][vc_column_inner width=&#8221;1\/2&#8243;][mk_button dimension=&#8221;flat&#8221; corner_style=&#8221;rounded&#8221; size=&#8221;large&#8221; icon=&#8221;mk-moon-arrow-right-2&#8243; icon_anim=&#8221;side&#8221; url=&#8221;\/sv\/wildix-collaboration\/&#8221; button_custom_width=&#8221;200&#8243; bg_color=&#8221;#dd9933&#8243; btn_hover_txt_color=&#8221;#ffffff&#8221;]N\u00e4sta[\/mk_button][\/vc_column_inner][\/vc_row_inner][mk_padding_divider size=&#8221;20&#8243;][\/vc_column][\/vc_row]\n<\/section>","protected":false},"excerpt":{"rendered":"<p>[mk_page_section bg_color=&#8221;#003366&#8243; video_color_mask=&#8221;#003366&#8243; video_opacity=&#8221;0.9&#8243; min_height=&#8221;250&#8243; full_width=&#8221;true&#8221; padding_top=&#8221;0&#8243; padding_bottom=&#8221;0&#8243; sidebar=&#8221;sidebar-1&#8243; first_page=&#8221;false&#8221; last_page=&#8221;false&#8221;][vc_column][mk_padding_divider size=&#8221;120&#8243; visibility=&#8221;hidden-sm&#8221;][mk_padding_divider size=&#8221;70&#8243; visibility=&#8221;visible-sm&#8221;][mk_fancy_title tag_name=&#8221;h1&#8243; color=&#8221;#ffffff&#8221; size=&#8221;70&#8243; force_font_size=&#8221;true&#8221; size_smallscreen=&#8221;60&#8243; size_tablet=&#8221;50&#8243; size_phone=&#8221;40&#8243; font_weight=&#8221;300&#8243; font_style=&#8221;normal&#8221; txt_transform=&#8221;none&#8221; margin_bottom=&#8221;0&#8243; font_family=&#8221;none&#8221; align=&#8221;center&#8221;]Unified Communications[\/mk_fancy_title][mk_fancy_title tag_name=&#8221;span&#8221; color=&#8221;#ffffff&#8221; size=&#8221;24&#8243; force_font_size=&#8221;true&#8221; size_smallscreen=&#8221;22&#8243; size_tablet=&#8221;22&#8243; size_phone=&#8221;20&#8243; font_weight=&#8221;300&#8243; font_style=&#8221;normal&#8221; txt_transform=&#8221;none&#8221; margin_bottom=&#8221;0&#8243; font_family=&#8221;none&#8221; align=&#8221;center&#8221;]Samordnad kommunikation som \u00e4r bra f\u00f6r ditt f\u00f6retag[\/mk_fancy_title][mk_padding_divider size=&#8221;30&#8243;][\/vc_column][\/mk_page_section][vc_row][vc_column width=&#8221;1\/6&#8243;][\/vc_column][vc_column width=&#8221;2\/3&#8243;][mk_padding_divider size=&#8221;50&#8243;][vc_column_text css=&#8221;.vc_custom_1598863294726{margin-bottom: 0px [&hellip;]<\/p>\n","protected":false},"author":6,"featured_media":0,"parent":0,"menu_order":1,"comment_status":"open","ping_status":"closed","template":"","meta":{"wpupg_custom_link":[],"wpupg_custom_link_behaviour":[],"wpupg_custom_image":[],"wpupg_custom_image_id":[],"footnotes":""},"acf":[],"yoast_head":"<!-- This site is optimized with the Yoast SEO plugin v21.8 - https:\/\/yoast.com\/wordpress\/plugins\/seo\/ -->\n<title>Wildix | UC&amp;C-l\u00f6sningar f\u00f6r stora och sm\u00e5 f\u00f6retag<\/title>\n<meta name=\"description\" content=\"Wildix UC&amp;C-l\u00f6sningar tar ditt f\u00f6retag till nya niv\u00e5er, f\u00f6rb\u00e4ttrar dina verktyg och \u00f6kar tempot p\u00e5 de dagliga f\u00f6rehavanden\" \/>\n<meta name=\"robots\" content=\"noindex, follow, max-snippet:-1, max-image-preview:large, max-video-preview:-1\" \/>\n<meta property=\"og:locale\" content=\"sv_SE\" \/>\n<meta property=\"og:type\" content=\"article\" \/>\n<meta property=\"og:title\" content=\"Wildix | UC&amp;C-l\u00f6sningar f\u00f6r stora och sm\u00e5 f\u00f6retag\" \/>\n<meta property=\"og:description\" content=\"Wildix UC&amp;C-l\u00f6sningar tar ditt f\u00f6retag till nya niv\u00e5er, f\u00f6rb\u00e4ttrar dina verktyg och \u00f6kar tempot p\u00e5 de dagliga f\u00f6rehavanden\" \/>\n<meta property=\"og:url\" content=\"https:\/\/old.wildix.com\/sv\/unified-communications\/\" \/>\n<meta property=\"og:site_name\" content=\"Wildix\" \/>\n<meta property=\"article:modified_time\" content=\"2020-08-31T08:46:46+00:00\" \/>\n<meta name=\"twitter:card\" content=\"summary_large_image\" \/>\n<meta name=\"twitter:label1\" content=\"Ber\u00e4knad l\u00e4stid\" \/>\n\t<meta name=\"twitter:data1\" content=\"6 minuter\" \/>\n<script type=\"application\/ld+json\" class=\"yoast-schema-graph\">{\"@context\":\"https:\/\/schema.org\",\"@graph\":[{\"@type\":\"WebPage\",\"@id\":\"https:\/\/old.wildix.com\/sv\/unified-communications\/\",\"url\":\"https:\/\/old.wildix.com\/sv\/unified-communications\/\",\"name\":\"Wildix | UC&C-l\u00f6sningar f\u00f6r stora och sm\u00e5 f\u00f6retag\",\"isPartOf\":{\"@id\":\"https:\/\/old.wildix.com\/#website\"},\"datePublished\":\"2015-04-30T12:29:41+00:00\",\"dateModified\":\"2020-08-31T08:46:46+00:00\",\"description\":\"Wildix UC&C-l\u00f6sningar tar ditt f\u00f6retag till nya niv\u00e5er, f\u00f6rb\u00e4ttrar dina verktyg och \u00f6kar tempot p\u00e5 de dagliga f\u00f6rehavanden\",\"breadcrumb\":{\"@id\":\"https:\/\/old.wildix.com\/sv\/unified-communications\/#breadcrumb\"},\"inLanguage\":\"sv-SE\",\"potentialAction\":[{\"@type\":\"ReadAction\",\"target\":[\"https:\/\/old.wildix.com\/sv\/unified-communications\/\"]}]},{\"@type\":\"BreadcrumbList\",\"@id\":\"https:\/\/old.wildix.com\/sv\/unified-communications\/#breadcrumb\",\"itemListElement\":[{\"@type\":\"ListItem\",\"position\":1,\"name\":\"Home\",\"item\":\"https:\/\/old.wildix.com\/\"},{\"@type\":\"ListItem\",\"position\":2,\"name\":\"Unified Communications &#8211; Samordnad kommunikation\"}]},{\"@type\":\"WebSite\",\"@id\":\"https:\/\/old.wildix.com\/#website\",\"url\":\"https:\/\/old.wildix.com\/\",\"name\":\"Wildix\",\"description\":\"Wildix PBX | VoIP Solutions | Unified Communications | WebRTC\",\"publisher\":{\"@id\":\"https:\/\/old.wildix.com\/#organization\"},\"potentialAction\":[{\"@type\":\"SearchAction\",\"target\":{\"@type\":\"EntryPoint\",\"urlTemplate\":\"https:\/\/old.wildix.com\/?s={search_term_string}\"},\"query-input\":\"required name=search_term_string\"}],\"inLanguage\":\"sv-SE\"},{\"@type\":\"Organization\",\"@id\":\"https:\/\/old.wildix.com\/#organization\",\"name\":\"Wildix\",\"url\":\"https:\/\/old.wildix.com\/\",\"logo\":{\"@type\":\"ImageObject\",\"inLanguage\":\"sv-SE\",\"@id\":\"https:\/\/old.wildix.com\/#\/schema\/logo\/image\/\",\"url\":\"https:\/\/old.wildix.com\/wp-content\/uploads\/2018\/04\/wildix-logo-2.png\",\"contentUrl\":\"https:\/\/old.wildix.com\/wp-content\/uploads\/2018\/04\/wildix-logo-2.png\",\"width\":440,\"height\":200,\"caption\":\"Wildix\"},\"image\":{\"@id\":\"https:\/\/old.wildix.com\/#\/schema\/logo\/image\/\"}}]}<\/script>\n<!-- \/ Yoast SEO plugin. -->","yoast_head_json":{"title":"Wildix | UC&C-l\u00f6sningar f\u00f6r stora och sm\u00e5 f\u00f6retag","description":"Wildix UC&C-l\u00f6sningar tar ditt f\u00f6retag till nya niv\u00e5er, f\u00f6rb\u00e4ttrar dina verktyg och \u00f6kar tempot p\u00e5 de dagliga f\u00f6rehavanden","robots":{"index":"noindex","follow":"follow","max-snippet":"max-snippet:-1","max-image-preview":"max-image-preview:large","max-video-preview":"max-video-preview:-1"},"og_locale":"sv_SE","og_type":"article","og_title":"Wildix | UC&C-l\u00f6sningar f\u00f6r stora och sm\u00e5 f\u00f6retag","og_description":"Wildix UC&C-l\u00f6sningar tar ditt f\u00f6retag till nya niv\u00e5er, f\u00f6rb\u00e4ttrar dina verktyg och \u00f6kar tempot p\u00e5 de dagliga f\u00f6rehavanden","og_url":"https:\/\/old.wildix.com\/sv\/unified-communications\/","og_site_name":"Wildix","article_modified_time":"2020-08-31T08:46:46+00:00","twitter_card":"summary_large_image","twitter_misc":{"Ber\u00e4knad l\u00e4stid":"6 minuter"},"schema":{"@context":"https:\/\/schema.org","@graph":[{"@type":"WebPage","@id":"https:\/\/old.wildix.com\/sv\/unified-communications\/","url":"https:\/\/old.wildix.com\/sv\/unified-communications\/","name":"Wildix | UC&C-l\u00f6sningar f\u00f6r stora och sm\u00e5 f\u00f6retag","isPartOf":{"@id":"https:\/\/old.wildix.com\/#website"},"datePublished":"2015-04-30T12:29:41+00:00","dateModified":"2020-08-31T08:46:46+00:00","description":"Wildix UC&C-l\u00f6sningar tar ditt f\u00f6retag till nya niv\u00e5er, f\u00f6rb\u00e4ttrar dina verktyg och \u00f6kar tempot p\u00e5 de dagliga f\u00f6rehavanden","breadcrumb":{"@id":"https:\/\/old.wildix.com\/sv\/unified-communications\/#breadcrumb"},"inLanguage":"sv-SE","potentialAction":[{"@type":"ReadAction","target":["https:\/\/old.wildix.com\/sv\/unified-communications\/"]}]},{"@type":"BreadcrumbList","@id":"https:\/\/old.wildix.com\/sv\/unified-communications\/#breadcrumb","itemListElement":[{"@type":"ListItem","position":1,"name":"Home","item":"https:\/\/old.wildix.com\/"},{"@type":"ListItem","position":2,"name":"Unified Communications &#8211; Samordnad kommunikation"}]},{"@type":"WebSite","@id":"https:\/\/old.wildix.com\/#website","url":"https:\/\/old.wildix.com\/","name":"Wildix","description":"Wildix PBX | VoIP Solutions | Unified Communications | WebRTC","publisher":{"@id":"https:\/\/old.wildix.com\/#organization"},"potentialAction":[{"@type":"SearchAction","target":{"@type":"EntryPoint","urlTemplate":"https:\/\/old.wildix.com\/?s={search_term_string}"},"query-input":"required name=search_term_string"}],"inLanguage":"sv-SE"},{"@type":"Organization","@id":"https:\/\/old.wildix.com\/#organization","name":"Wildix","url":"https:\/\/old.wildix.com\/","logo":{"@type":"ImageObject","inLanguage":"sv-SE","@id":"https:\/\/old.wildix.com\/#\/schema\/logo\/image\/","url":"https:\/\/old.wildix.com\/wp-content\/uploads\/2018\/04\/wildix-logo-2.png","contentUrl":"https:\/\/old.wildix.com\/wp-content\/uploads\/2018\/04\/wildix-logo-2.png","width":440,"height":200,"caption":"Wildix"},"image":{"@id":"https:\/\/old.wildix.com\/#\/schema\/logo\/image\/"}}]}},"_links":{"self":[{"href":"https:\/\/old.wildix.com\/sv\/wp-json\/wp\/v2\/pages\/7839176"}],"collection":[{"href":"https:\/\/old.wildix.com\/sv\/wp-json\/wp\/v2\/pages"}],"about":[{"href":"https:\/\/old.wildix.com\/sv\/wp-json\/wp\/v2\/types\/page"}],"author":[{"embeddable":true,"href":"https:\/\/old.wildix.com\/sv\/wp-json\/wp\/v2\/users\/6"}],"replies":[{"embeddable":true,"href":"https:\/\/old.wildix.com\/sv\/wp-json\/wp\/v2\/comments?post=7839176"}],"version-history":[{"count":0,"href":"https:\/\/old.wildix.com\/sv\/wp-json\/wp\/v2\/pages\/7839176\/revisions"}],"wp:attachment":[{"href":"https:\/\/old.wildix.com\/sv\/wp-json\/wp\/v2\/media?parent=7839176"}],"curies":[{"name":"wp","href":"https:\/\/api.w.org\/{rel}","templated":true}]}}